{"id":371342,"date":"2024-07-01T09:03:56","date_gmt":"2024-07-01T09:03:56","guid":{"rendered":"https:\/\/nuevo.gr-100.com\/producto\/porta-bidon-specialized-zee-cage-ii-izquierda\/"},"modified":"2026-01-29T14:35:59","modified_gmt":"2026-01-29T12:35:59","slug":"porta-bidon-specialized-zee-cage-ii-izquierda","status":"publish","type":"product","link":"https:\/\/gr-100.com\/pt-pt\/producto\/porta-bidon-specialized-zee-cage-ii-izquierda\/","title":{"rendered":"Porta Bid\u00f3n Specialized Zee Cage II \u2013 Izquierda"},"content":{"rendered":"<ul>\n<li>Dise\u00f1o tecnolog\u00eda SWAT\u2122 ofrece integraci\u00f3n de almacenamiento y herramienta.<\/li>\n<li>Material en composite reforzado que implica mayor duraci\u00f3n sin a\u00f1adir peso.<\/li>\n<li>Dise\u00f1o con entrada lateral que permite llevar tu bid\u00f3n de manera segura y accesible para cuadros con espacio limitado.<\/li>\n<li>Salida a izquierda en el tubo diagonal, derecha en el tubo de sill\u00edn.<\/li>\n<li>Dise\u00f1o elegante y minimalista con gr\u00e1ficos de gran nitidez.<\/li>\n<li>Compatible con el montaje de SWAT\u2122 Cage Mount MTB Tool<\/li>\n<li>Compatible con MTB SWAT\u2122 Box (en cuadros con esta funcionalidad)<\/li>\n<li>Peso: 43 g<\/li>\n<\/ul>\n","protected":false},"excerpt":{"rendered":"<p>El portabid\u00f3n Zee Cage II de integraci\u00f3n de herramientas y almacenamiento, con lo que se logra un dise\u00f1o de carga lateral que permite acceder f\u00e1cilmente al bid\u00f3n.<\/p>\n","protected":false},"featured_media":272878,"comment_status":"closed","ping_status":"closed","template":"","meta":{"_acf_changed":false,"_et_pb_use_builder":"","_et_pb_old_content":"","_et_gb_content_width":"","inline_featured_image":false},"product_brand":[],"product_cat":[26,66],"product_tag":[],"class_list":{"0":"post-371342","1":"product","2":"type-product","3":"status-publish","4":"has-post-thumbnail","6":"product_cat-accesorios","7":"product_cat-portabidones","9":"first","10":"instock","11":"taxable","12":"shipping-taxable","13":"purchasable","14":"product-type-variable","15":"wvs-archive-product-wrapper"},"acf":[],"yoast_head":"<!-- This site is optimized with the Yoast SEO Premium plugin v26.7 (Yoast SEO v26.7) - https:\/\/yoast.com\/wordpress\/plugins\/seo\/ -->\n<title>Porta Bid\u00f3n Specialized Zee Cage II \u2013 Izquierda - GR-100<\/title>\n<meta name=\"description\" content=\"GR 100 Specialized. Mejores precios sin competencia. Solicita tu oferta personalizada. Porta Bid\u00f3n Specialized Zee Cage II \u2013 Izquierda\" \/>\n<meta name=\"robots\" content=\"index, follow, max-snippet:-1, max-image-preview:large, max-video-preview:-1\" \/>\n<link rel=\"canonical\" href=\"https:\/\/gr-100.com\/producto\/porta-bidon-specialized-zee-cage-ii-izquierda\/\" \/>\n<meta property=\"og:locale\" content=\"pt_PT\" \/>\n<meta property=\"og:type\" content=\"article\" \/>\n<meta property=\"og:title\" content=\"Porta Bid\u00f3n Specialized Zee Cage II \u2013 Izquierda\" \/>\n<meta property=\"og:description\" content=\"GR 100 Specialized. Mejores precios sin competencia. Solicita tu oferta personalizada. Porta Bid\u00f3n Specialized Zee Cage II \u2013 Izquierda\" \/>\n<meta property=\"og:url\" content=\"https:\/\/gr-100.com\/producto\/porta-bidon-specialized-zee-cage-ii-izquierda\/\" \/>\n<meta property=\"og:site_name\" content=\"Gr-100 Tienda de ciclismo Specialized\" \/>\n<meta property=\"article:publisher\" content=\"https:\/\/www.facebook.com\/Gr100Bikes\" \/>\n<meta property=\"article:modified_time\" content=\"2026-01-29T12:35:59+00:00\" \/>\n<meta property=\"og:image\" content=\"https:\/\/gr-100.com\/wp-content\/uploads\/2024\/05\/43020-210_CAGE_ZEE-CAGE-II-1-1.jpg\" \/>\n\t<meta property=\"og:image:width\" content=\"1000\" \/>\n\t<meta property=\"og:image:height\" content=\"1000\" \/>\n\t<meta property=\"og:image:type\" content=\"image\/jpeg\" \/>\n<meta name=\"twitter:card\" content=\"summary_large_image\" \/>\n<meta name=\"twitter:label1\" content=\"Tempo estimado de leitura\" \/>\n\t<meta name=\"twitter:data1\" content=\"1 minuto\" \/>\n<script type=\"application\/ld+json\" class=\"yoast-schema-graph\">{\"@context\":\"https:\/\/schema.org\",\"@graph\":[{\"@type\":\"WebPage\",\"@id\":\"https:\/\/gr-100.com\/producto\/porta-bidon-specialized-zee-cage-ii-izquierda\/\",\"url\":\"https:\/\/gr-100.com\/producto\/porta-bidon-specialized-zee-cage-ii-izquierda\/\",\"name\":\"Porta Bid\u00f3n Specialized Zee Cage II \u2013 Izquierda - GR-100\",\"isPartOf\":{\"@id\":\"https:\/\/gr-100.com\/#website\"},\"primaryImageOfPage\":{\"@id\":\"https:\/\/gr-100.com\/producto\/porta-bidon-specialized-zee-cage-ii-izquierda\/#primaryimage\"},\"image\":{\"@id\":\"https:\/\/gr-100.com\/producto\/porta-bidon-specialized-zee-cage-ii-izquierda\/#primaryimage\"},\"thumbnailUrl\":\"https:\/\/gr-100.com\/wp-content\/uploads\/2024\/05\/43020-210_CAGE_ZEE-CAGE-II-1-1.jpg\",\"datePublished\":\"2024-07-01T09:03:56+00:00\",\"dateModified\":\"2026-01-29T12:35:59+00:00\",\"description\":\"GR 100 Specialized. Mejores precios sin competencia. Solicita tu oferta personalizada. Porta Bid\u00f3n Specialized Zee Cage II \u2013 Izquierda\",\"breadcrumb\":{\"@id\":\"https:\/\/gr-100.com\/producto\/porta-bidon-specialized-zee-cage-ii-izquierda\/#breadcrumb\"},\"inLanguage\":\"pt-PT\",\"potentialAction\":[{\"@type\":\"ReadAction\",\"target\":[\"https:\/\/gr-100.com\/producto\/porta-bidon-specialized-zee-cage-ii-izquierda\/\"]}]},{\"@type\":\"ImageObject\",\"inLanguage\":\"pt-PT\",\"@id\":\"https:\/\/gr-100.com\/producto\/porta-bidon-specialized-zee-cage-ii-izquierda\/#primaryimage\",\"url\":\"https:\/\/gr-100.com\/wp-content\/uploads\/2024\/05\/43020-210_CAGE_ZEE-CAGE-II-1-1.jpg\",\"contentUrl\":\"https:\/\/gr-100.com\/wp-content\/uploads\/2024\/05\/43020-210_CAGE_ZEE-CAGE-II-1-1.jpg\",\"width\":1000,\"height\":1000},{\"@type\":\"BreadcrumbList\",\"@id\":\"https:\/\/gr-100.com\/producto\/porta-bidon-specialized-zee-cage-ii-izquierda\/#breadcrumb\",\"itemListElement\":[{\"@type\":\"ListItem\",\"position\":1,\"name\":\"Portada\",\"item\":\"https:\/\/gr-100.com\/en\/\"},{\"@type\":\"ListItem\",\"position\":2,\"name\":\"Productos\",\"item\":\"https:\/\/gr-100.com\/?post_type=product\"},{\"@type\":\"ListItem\",\"position\":3,\"name\":\"Porta Bid\u00f3n Specialized Zee Cage II \u2013 Izquierda\"}]},{\"@type\":\"WebSite\",\"@id\":\"https:\/\/gr-100.com\/#website\",\"url\":\"https:\/\/gr-100.com\/\",\"name\":\"Gr-100 Tienda de ciclismo Specialized\",\"description\":\"GR-100 tenemos todas las gamas de bicicletas Specialized al mejor precio.\",\"publisher\":{\"@id\":\"https:\/\/gr-100.com\/#organization\"},\"alternateName\":\"Gr-100 Bikes\",\"potentialAction\":[{\"@type\":\"SearchAction\",\"target\":{\"@type\":\"EntryPoint\",\"urlTemplate\":\"https:\/\/gr-100.com\/?s={search_term_string}\"},\"query-input\":{\"@type\":\"PropertyValueSpecification\",\"valueRequired\":true,\"valueName\":\"search_term_string\"}}],\"inLanguage\":\"pt-PT\"},{\"@type\":\"Organization\",\"@id\":\"https:\/\/gr-100.com\/#organization\",\"name\":\"Gr-100\",\"url\":\"https:\/\/gr-100.com\/\",\"logo\":{\"@type\":\"ImageObject\",\"inLanguage\":\"pt-PT\",\"@id\":\"https:\/\/gr-100.com\/#\/schema\/logo\/image\/\",\"url\":\"https:\/\/gr-100.com\/wp-content\/uploads\/2023\/08\/logo-gr-100-bikes.png\",\"contentUrl\":\"https:\/\/gr-100.com\/wp-content\/uploads\/2023\/08\/logo-gr-100-bikes.png\",\"width\":707,\"height\":284,\"caption\":\"Gr-100\"},\"image\":{\"@id\":\"https:\/\/gr-100.com\/#\/schema\/logo\/image\/\"},\"sameAs\":[\"https:\/\/www.facebook.com\/Gr100Bikes\",\"https:\/\/www.instagram.com\/gr100bikes\/\",\"https:\/\/www.tiktok.com\/@gr100bikes\",\"https:\/\/twitter.com\/gr100mtbteam\",\"https:\/\/www.youtube.com\/c\/GR100Specialized\"]}]}<\/script>\n<!-- \/ Yoast SEO Premium plugin. -->","yoast_head_json":{"title":"Porta Bid\u00f3n Specialized Zee Cage II \u2013 Izquierda - GR-100","description":"GR 100 Specialized. Mejores precios sin competencia. Solicita tu oferta personalizada. Porta Bid\u00f3n Specialized Zee Cage II \u2013 Izquierda","robots":{"index":"index","follow":"follow","max-snippet":"max-snippet:-1","max-image-preview":"max-image-preview:large","max-video-preview":"max-video-preview:-1"},"canonical":"https:\/\/gr-100.com\/producto\/porta-bidon-specialized-zee-cage-ii-izquierda\/","og_locale":"pt_PT","og_type":"article","og_title":"Porta Bid\u00f3n Specialized Zee Cage II \u2013 Izquierda","og_description":"GR 100 Specialized. Mejores precios sin competencia. Solicita tu oferta personalizada. Porta Bid\u00f3n Specialized Zee Cage II \u2013 Izquierda","og_url":"https:\/\/gr-100.com\/producto\/porta-bidon-specialized-zee-cage-ii-izquierda\/","og_site_name":"Gr-100 Tienda de ciclismo Specialized","article_publisher":"https:\/\/www.facebook.com\/Gr100Bikes","article_modified_time":"2026-01-29T12:35:59+00:00","og_image":[{"width":1000,"height":1000,"url":"https:\/\/gr-100.com\/wp-content\/uploads\/2024\/05\/43020-210_CAGE_ZEE-CAGE-II-1-1.jpg","type":"image\/jpeg"}],"twitter_card":"summary_large_image","twitter_misc":{"Tempo estimado de leitura":"1 minuto"},"schema":{"@context":"https:\/\/schema.org","@graph":[{"@type":"WebPage","@id":"https:\/\/gr-100.com\/producto\/porta-bidon-specialized-zee-cage-ii-izquierda\/","url":"https:\/\/gr-100.com\/producto\/porta-bidon-specialized-zee-cage-ii-izquierda\/","name":"Porta Bid\u00f3n Specialized Zee Cage II \u2013 Izquierda - GR-100","isPartOf":{"@id":"https:\/\/gr-100.com\/#website"},"primaryImageOfPage":{"@id":"https:\/\/gr-100.com\/producto\/porta-bidon-specialized-zee-cage-ii-izquierda\/#primaryimage"},"image":{"@id":"https:\/\/gr-100.com\/producto\/porta-bidon-specialized-zee-cage-ii-izquierda\/#primaryimage"},"thumbnailUrl":"https:\/\/gr-100.com\/wp-content\/uploads\/2024\/05\/43020-210_CAGE_ZEE-CAGE-II-1-1.jpg","datePublished":"2024-07-01T09:03:56+00:00","dateModified":"2026-01-29T12:35:59+00:00","description":"GR 100 Specialized. Mejores precios sin competencia. Solicita tu oferta personalizada. Porta Bid\u00f3n Specialized Zee Cage II \u2013 Izquierda","breadcrumb":{"@id":"https:\/\/gr-100.com\/producto\/porta-bidon-specialized-zee-cage-ii-izquierda\/#breadcrumb"},"inLanguage":"pt-PT","potentialAction":[{"@type":"ReadAction","target":["https:\/\/gr-100.com\/producto\/porta-bidon-specialized-zee-cage-ii-izquierda\/"]}]},{"@type":"ImageObject","inLanguage":"pt-PT","@id":"https:\/\/gr-100.com\/producto\/porta-bidon-specialized-zee-cage-ii-izquierda\/#primaryimage","url":"https:\/\/gr-100.com\/wp-content\/uploads\/2024\/05\/43020-210_CAGE_ZEE-CAGE-II-1-1.jpg","contentUrl":"https:\/\/gr-100.com\/wp-content\/uploads\/2024\/05\/43020-210_CAGE_ZEE-CAGE-II-1-1.jpg","width":1000,"height":1000},{"@type":"BreadcrumbList","@id":"https:\/\/gr-100.com\/producto\/porta-bidon-specialized-zee-cage-ii-izquierda\/#breadcrumb","itemListElement":[{"@type":"ListItem","position":1,"name":"Portada","item":"https:\/\/gr-100.com\/en\/"},{"@type":"ListItem","position":2,"name":"Productos","item":"https:\/\/gr-100.com\/?post_type=product"},{"@type":"ListItem","position":3,"name":"Porta Bid\u00f3n Specialized Zee Cage II \u2013 Izquierda"}]},{"@type":"WebSite","@id":"https:\/\/gr-100.com\/#website","url":"https:\/\/gr-100.com\/","name":"Gr-100 Tienda de ciclismo Specialized","description":"GR-100 tenemos todas las gamas de bicicletas Specialized al mejor precio.","publisher":{"@id":"https:\/\/gr-100.com\/#organization"},"alternateName":"Gr-100 Bikes","potentialAction":[{"@type":"SearchAction","target":{"@type":"EntryPoint","urlTemplate":"https:\/\/gr-100.com\/?s={search_term_string}"},"query-input":{"@type":"PropertyValueSpecification","valueRequired":true,"valueName":"search_term_string"}}],"inLanguage":"pt-PT"},{"@type":"Organization","@id":"https:\/\/gr-100.com\/#organization","name":"Gr-100","url":"https:\/\/gr-100.com\/","logo":{"@type":"ImageObject","inLanguage":"pt-PT","@id":"https:\/\/gr-100.com\/#\/schema\/logo\/image\/","url":"https:\/\/gr-100.com\/wp-content\/uploads\/2023\/08\/logo-gr-100-bikes.png","contentUrl":"https:\/\/gr-100.com\/wp-content\/uploads\/2023\/08\/logo-gr-100-bikes.png","width":707,"height":284,"caption":"Gr-100"},"image":{"@id":"https:\/\/gr-100.com\/#\/schema\/logo\/image\/"},"sameAs":["https:\/\/www.facebook.com\/Gr100Bikes","https:\/\/www.instagram.com\/gr100bikes\/","https:\/\/www.tiktok.com\/@gr100bikes","https:\/\/twitter.com\/gr100mtbteam","https:\/\/www.youtube.com\/c\/GR100Specialized"]}]}},"_links":{"self":[{"href":"https:\/\/gr-100.com\/pt-pt\/wp-json\/wp\/v2\/product\/371342","targetHints":{"allow":["GET"]}}],"collection":[{"href":"https:\/\/gr-100.com\/pt-pt\/wp-json\/wp\/v2\/product"}],"about":[{"href":"https:\/\/gr-100.com\/pt-pt\/wp-json\/wp\/v2\/types\/product"}],"replies":[{"embeddable":true,"href":"https:\/\/gr-100.com\/pt-pt\/wp-json\/wp\/v2\/comments?post=371342"}],"wp:featuredmedia":[{"embeddable":true,"href":"https:\/\/gr-100.com\/pt-pt\/wp-json\/wp\/v2\/media\/272878"}],"wp:attachment":[{"href":"https:\/\/gr-100.com\/pt-pt\/wp-json\/wp\/v2\/media?parent=371342"}],"wp:term":[{"taxonomy":"product_brand","embeddable":true,"href":"https:\/\/gr-100.com\/pt-pt\/wp-json\/wp\/v2\/product_brand?post=371342"},{"taxonomy":"product_cat","embeddable":true,"href":"https:\/\/gr-100.com\/pt-pt\/wp-json\/wp\/v2\/product_cat?post=371342"},{"taxonomy":"product_tag","embeddable":true,"href":"https:\/\/gr-100.com\/pt-pt\/wp-json\/wp\/v2\/product_tag?post=371342"}],"curies":[{"name":"wp","href":"https:\/\/api.w.org\/{rel}","templated":true}]}}