{"id":371354,"date":"2024-07-01T09:04:14","date_gmt":"2024-07-01T09:04:14","guid":{"rendered":"https:\/\/nuevo.gr-100.com\/producto\/bomba-specialized-mtb-mini-frame-pump-w-spool\/"},"modified":"2025-11-27T11:16:43","modified_gmt":"2025-11-27T09:16:43","slug":"bomba-specialized-mtb-mini-frame-pump-w-spool","status":"publish","type":"product","link":"https:\/\/gr-100.com\/pt-pt\/producto\/bomba-specialized-mtb-mini-frame-pump-w-spool\/","title":{"rendered":"Bomba Specialized Mtb Mini Frame Pump W\/Spool"},"content":{"rendered":"<p>Las bombas de peque\u00f1o tama\u00f1o son perfectas para llevar en tu SWAT\u2122 o en el bolsillo de tu maillot, pero tiene que ser lo suficientemente peque\u00f1a para dejar espacio para una c\u00e1mara y unos desmontables. Por suerte para ti, esta peque\u00f1a bomba de aluminio Air Tool MTB Mini con soporte para c\u00e1mara y desmontable (incluido) para organizar todas tus herramientas necesarias para un pinchazo.<\/p>\n<p>CARACTERISTICAS:<\/p>\n<ul>\n<li>El nuevo dise\u00f1o de c\u00e1mara doble invertida aumenta la capacidad de manejo de aire en un 20% en comparaci\u00f3n con nuestro dise\u00f1o anterior, lo que reduce el tiempo de bombeo hasta en dos minutos.<\/li>\n<li>Incluye un ingenioso carrete de tubo para almacenar de forma compacta el tubo de su elecci\u00f3n sin el riesgo de que se da\u00f1e por rozar el v\u00e1stago de la v\u00e1lvula.<\/li>\n<li>Pesta\u00f1a de bloqueo integrada para la palanca SWAT \u2122 incluida.<\/li>\n<li>El cabezal de bloqueo giratorio reduce el tama\u00f1o y se puede convertir f\u00e1cilmente para adaptarse a las v\u00e1lvulas Presta o Schrader.<\/li>\n<li>Barril exterior mecanizado para mayor agarre mientras se bombea.<\/li>\n<li>C\u00e1mara interior y exterior de aluminio para un rendimiento duradero.<\/li>\n<li>Presi\u00f3n m\u00e1xima: 60 PSI (4,1 bar)<\/li>\n<li>Volumen por carrera: 55 cc<\/li>\n<li>Tubo no incluido.<\/li>\n<\/ul>\n","protected":false},"excerpt":{"rendered":"<p>Por suerte para ti, esta peque\u00f1a bomba de aluminio Air Tool MTB Mini con soporte para c\u00e1mara y desmontable (incluido) para organizar todas tus herramientas necesarias para un pinchazo.<\/p>\n","protected":false},"featured_media":272915,"comment_status":"closed","ping_status":"closed","template":"","meta":{"_acf_changed":false,"_et_pb_use_builder":"","_et_pb_old_content":"","_et_gb_content_width":"","inline_featured_image":false},"product_brand":[],"product_cat":[26,65,2371],"product_tag":[],"class_list":{"0":"post-371354","1":"product","2":"type-product","3":"status-publish","4":"has-post-thumbnail","6":"product_cat-accesorios","7":"product_cat-bombas","8":"product_cat-accesorios-novedad","10":"first","11":"instock","12":"taxable","13":"shipping-taxable","14":"purchasable","15":"product-type-simple"},"acf":[],"yoast_head":"<!-- This site is optimized with the Yoast SEO Premium plugin v26.7 (Yoast SEO v26.7) - https:\/\/yoast.com\/wordpress\/plugins\/seo\/ -->\n<title>Bomba Specialized Mtb Mini Frame Pump W\/Spool - GR-100<\/title>\n<meta name=\"description\" content=\"Las bombas de peque\u00f1o tama\u00f1o son perfectas para llevar en tu SWAT\u2122 o en el bolsillo de tu maillot, pero tiene que ser lo suficientemente\" \/>\n<meta name=\"robots\" content=\"index, follow, max-snippet:-1, max-image-preview:large, max-video-preview:-1\" \/>\n<link rel=\"canonical\" href=\"https:\/\/gr-100.com\/producto\/bomba-specialized-mtb-mini-frame-pump-w-spool\/\" \/>\n<meta property=\"og:locale\" content=\"pt_PT\" \/>\n<meta property=\"og:type\" content=\"article\" \/>\n<meta property=\"og:title\" content=\"Bomba Specialized Mtb Mini Frame Pump W\/Spool\" \/>\n<meta property=\"og:description\" content=\"Las bombas de peque\u00f1o tama\u00f1o son perfectas para llevar en tu SWAT\u2122 o en el bolsillo de tu maillot, pero tiene que ser lo suficientemente\" \/>\n<meta property=\"og:url\" content=\"https:\/\/gr-100.com\/producto\/bomba-specialized-mtb-mini-frame-pump-w-spool\/\" \/>\n<meta property=\"og:site_name\" content=\"Gr-100 Tienda de ciclismo Specialized\" \/>\n<meta property=\"article:publisher\" content=\"https:\/\/www.facebook.com\/Gr100Bikes\" \/>\n<meta property=\"article:modified_time\" content=\"2025-11-27T09:16:43+00:00\" \/>\n<meta property=\"og:image\" content=\"https:\/\/gr-100.com\/wp-content\/uploads\/2024\/05\/11-11-47218-301_PUMP_AIR-TO.jpg\" \/>\n\t<meta property=\"og:image:width\" content=\"1000\" \/>\n\t<meta property=\"og:image:height\" content=\"1000\" \/>\n\t<meta property=\"og:image:type\" content=\"image\/jpeg\" \/>\n<meta name=\"twitter:card\" content=\"summary_large_image\" \/>\n<meta name=\"twitter:label1\" content=\"Tempo estimado de leitura\" \/>\n\t<meta name=\"twitter:data1\" content=\"2 minutos\" \/>\n<script type=\"application\/ld+json\" class=\"yoast-schema-graph\">{\"@context\":\"https:\/\/schema.org\",\"@graph\":[{\"@type\":\"WebPage\",\"@id\":\"https:\/\/gr-100.com\/producto\/bomba-specialized-mtb-mini-frame-pump-w-spool\/\",\"url\":\"https:\/\/gr-100.com\/producto\/bomba-specialized-mtb-mini-frame-pump-w-spool\/\",\"name\":\"Bomba Specialized Mtb Mini Frame Pump W\/Spool - GR-100\",\"isPartOf\":{\"@id\":\"https:\/\/gr-100.com\/#website\"},\"primaryImageOfPage\":{\"@id\":\"https:\/\/gr-100.com\/producto\/bomba-specialized-mtb-mini-frame-pump-w-spool\/#primaryimage\"},\"image\":{\"@id\":\"https:\/\/gr-100.com\/producto\/bomba-specialized-mtb-mini-frame-pump-w-spool\/#primaryimage\"},\"thumbnailUrl\":\"https:\/\/gr-100.com\/wp-content\/uploads\/2024\/05\/11-11-47218-301_PUMP_AIR-TO.jpg\",\"datePublished\":\"2024-07-01T09:04:14+00:00\",\"dateModified\":\"2025-11-27T09:16:43+00:00\",\"description\":\"Las bombas de peque\u00f1o tama\u00f1o son perfectas para llevar en tu SWAT\u2122 o en el bolsillo de tu maillot, pero tiene que ser lo suficientemente\",\"breadcrumb\":{\"@id\":\"https:\/\/gr-100.com\/producto\/bomba-specialized-mtb-mini-frame-pump-w-spool\/#breadcrumb\"},\"inLanguage\":\"pt-PT\",\"potentialAction\":[{\"@type\":\"ReadAction\",\"target\":[\"https:\/\/gr-100.com\/producto\/bomba-specialized-mtb-mini-frame-pump-w-spool\/\"]}]},{\"@type\":\"ImageObject\",\"inLanguage\":\"pt-PT\",\"@id\":\"https:\/\/gr-100.com\/producto\/bomba-specialized-mtb-mini-frame-pump-w-spool\/#primaryimage\",\"url\":\"https:\/\/gr-100.com\/wp-content\/uploads\/2024\/05\/11-11-47218-301_PUMP_AIR-TO.jpg\",\"contentUrl\":\"https:\/\/gr-100.com\/wp-content\/uploads\/2024\/05\/11-11-47218-301_PUMP_AIR-TO.jpg\",\"width\":1000,\"height\":1000},{\"@type\":\"BreadcrumbList\",\"@id\":\"https:\/\/gr-100.com\/producto\/bomba-specialized-mtb-mini-frame-pump-w-spool\/#breadcrumb\",\"itemListElement\":[{\"@type\":\"ListItem\",\"position\":1,\"name\":\"Portada\",\"item\":\"https:\/\/gr-100.com\/en\/\"},{\"@type\":\"ListItem\",\"position\":2,\"name\":\"Productos\",\"item\":\"https:\/\/gr-100.com\/?post_type=product\"},{\"@type\":\"ListItem\",\"position\":3,\"name\":\"Bomba Specialized Mtb Mini Frame Pump W\/Spool\"}]},{\"@type\":\"WebSite\",\"@id\":\"https:\/\/gr-100.com\/#website\",\"url\":\"https:\/\/gr-100.com\/\",\"name\":\"Gr-100 Tienda de ciclismo Specialized\",\"description\":\"GR-100 tenemos todas las gamas de bicicletas Specialized al mejor precio.\",\"publisher\":{\"@id\":\"https:\/\/gr-100.com\/#organization\"},\"alternateName\":\"Gr-100 Bikes\",\"potentialAction\":[{\"@type\":\"SearchAction\",\"target\":{\"@type\":\"EntryPoint\",\"urlTemplate\":\"https:\/\/gr-100.com\/?s={search_term_string}\"},\"query-input\":{\"@type\":\"PropertyValueSpecification\",\"valueRequired\":true,\"valueName\":\"search_term_string\"}}],\"inLanguage\":\"pt-PT\"},{\"@type\":\"Organization\",\"@id\":\"https:\/\/gr-100.com\/#organization\",\"name\":\"Gr-100\",\"url\":\"https:\/\/gr-100.com\/\",\"logo\":{\"@type\":\"ImageObject\",\"inLanguage\":\"pt-PT\",\"@id\":\"https:\/\/gr-100.com\/#\/schema\/logo\/image\/\",\"url\":\"https:\/\/gr-100.com\/wp-content\/uploads\/2023\/08\/logo-gr-100-bikes.png\",\"contentUrl\":\"https:\/\/gr-100.com\/wp-content\/uploads\/2023\/08\/logo-gr-100-bikes.png\",\"width\":707,\"height\":284,\"caption\":\"Gr-100\"},\"image\":{\"@id\":\"https:\/\/gr-100.com\/#\/schema\/logo\/image\/\"},\"sameAs\":[\"https:\/\/www.facebook.com\/Gr100Bikes\",\"https:\/\/www.instagram.com\/gr100bikes\/\",\"https:\/\/www.tiktok.com\/@gr100bikes\",\"https:\/\/twitter.com\/gr100mtbteam\",\"https:\/\/www.youtube.com\/c\/GR100Specialized\"]}]}<\/script>\n<!-- \/ Yoast SEO Premium plugin. -->","yoast_head_json":{"title":"Bomba Specialized Mtb Mini Frame Pump W\/Spool - GR-100","description":"Las bombas de peque\u00f1o tama\u00f1o son perfectas para llevar en tu SWAT\u2122 o en el bolsillo de tu maillot, pero tiene que ser lo suficientemente","robots":{"index":"index","follow":"follow","max-snippet":"max-snippet:-1","max-image-preview":"max-image-preview:large","max-video-preview":"max-video-preview:-1"},"canonical":"https:\/\/gr-100.com\/producto\/bomba-specialized-mtb-mini-frame-pump-w-spool\/","og_locale":"pt_PT","og_type":"article","og_title":"Bomba Specialized Mtb Mini Frame Pump W\/Spool","og_description":"Las bombas de peque\u00f1o tama\u00f1o son perfectas para llevar en tu SWAT\u2122 o en el bolsillo de tu maillot, pero tiene que ser lo suficientemente","og_url":"https:\/\/gr-100.com\/producto\/bomba-specialized-mtb-mini-frame-pump-w-spool\/","og_site_name":"Gr-100 Tienda de ciclismo Specialized","article_publisher":"https:\/\/www.facebook.com\/Gr100Bikes","article_modified_time":"2025-11-27T09:16:43+00:00","og_image":[{"width":1000,"height":1000,"url":"https:\/\/gr-100.com\/wp-content\/uploads\/2024\/05\/11-11-47218-301_PUMP_AIR-TO.jpg","type":"image\/jpeg"}],"twitter_card":"summary_large_image","twitter_misc":{"Tempo estimado de leitura":"2 minutos"},"schema":{"@context":"https:\/\/schema.org","@graph":[{"@type":"WebPage","@id":"https:\/\/gr-100.com\/producto\/bomba-specialized-mtb-mini-frame-pump-w-spool\/","url":"https:\/\/gr-100.com\/producto\/bomba-specialized-mtb-mini-frame-pump-w-spool\/","name":"Bomba Specialized Mtb Mini Frame Pump W\/Spool - GR-100","isPartOf":{"@id":"https:\/\/gr-100.com\/#website"},"primaryImageOfPage":{"@id":"https:\/\/gr-100.com\/producto\/bomba-specialized-mtb-mini-frame-pump-w-spool\/#primaryimage"},"image":{"@id":"https:\/\/gr-100.com\/producto\/bomba-specialized-mtb-mini-frame-pump-w-spool\/#primaryimage"},"thumbnailUrl":"https:\/\/gr-100.com\/wp-content\/uploads\/2024\/05\/11-11-47218-301_PUMP_AIR-TO.jpg","datePublished":"2024-07-01T09:04:14+00:00","dateModified":"2025-11-27T09:16:43+00:00","description":"Las bombas de peque\u00f1o tama\u00f1o son perfectas para llevar en tu SWAT\u2122 o en el bolsillo de tu maillot, pero tiene que ser lo suficientemente","breadcrumb":{"@id":"https:\/\/gr-100.com\/producto\/bomba-specialized-mtb-mini-frame-pump-w-spool\/#breadcrumb"},"inLanguage":"pt-PT","potentialAction":[{"@type":"ReadAction","target":["https:\/\/gr-100.com\/producto\/bomba-specialized-mtb-mini-frame-pump-w-spool\/"]}]},{"@type":"ImageObject","inLanguage":"pt-PT","@id":"https:\/\/gr-100.com\/producto\/bomba-specialized-mtb-mini-frame-pump-w-spool\/#primaryimage","url":"https:\/\/gr-100.com\/wp-content\/uploads\/2024\/05\/11-11-47218-301_PUMP_AIR-TO.jpg","contentUrl":"https:\/\/gr-100.com\/wp-content\/uploads\/2024\/05\/11-11-47218-301_PUMP_AIR-TO.jpg","width":1000,"height":1000},{"@type":"BreadcrumbList","@id":"https:\/\/gr-100.com\/producto\/bomba-specialized-mtb-mini-frame-pump-w-spool\/#breadcrumb","itemListElement":[{"@type":"ListItem","position":1,"name":"Portada","item":"https:\/\/gr-100.com\/en\/"},{"@type":"ListItem","position":2,"name":"Productos","item":"https:\/\/gr-100.com\/?post_type=product"},{"@type":"ListItem","position":3,"name":"Bomba Specialized Mtb Mini Frame Pump W\/Spool"}]},{"@type":"WebSite","@id":"https:\/\/gr-100.com\/#website","url":"https:\/\/gr-100.com\/","name":"Gr-100 Tienda de ciclismo Specialized","description":"GR-100 tenemos todas las gamas de bicicletas Specialized al mejor precio.","publisher":{"@id":"https:\/\/gr-100.com\/#organization"},"alternateName":"Gr-100 Bikes","potentialAction":[{"@type":"SearchAction","target":{"@type":"EntryPoint","urlTemplate":"https:\/\/gr-100.com\/?s={search_term_string}"},"query-input":{"@type":"PropertyValueSpecification","valueRequired":true,"valueName":"search_term_string"}}],"inLanguage":"pt-PT"},{"@type":"Organization","@id":"https:\/\/gr-100.com\/#organization","name":"Gr-100","url":"https:\/\/gr-100.com\/","logo":{"@type":"ImageObject","inLanguage":"pt-PT","@id":"https:\/\/gr-100.com\/#\/schema\/logo\/image\/","url":"https:\/\/gr-100.com\/wp-content\/uploads\/2023\/08\/logo-gr-100-bikes.png","contentUrl":"https:\/\/gr-100.com\/wp-content\/uploads\/2023\/08\/logo-gr-100-bikes.png","width":707,"height":284,"caption":"Gr-100"},"image":{"@id":"https:\/\/gr-100.com\/#\/schema\/logo\/image\/"},"sameAs":["https:\/\/www.facebook.com\/Gr100Bikes","https:\/\/www.instagram.com\/gr100bikes\/","https:\/\/www.tiktok.com\/@gr100bikes","https:\/\/twitter.com\/gr100mtbteam","https:\/\/www.youtube.com\/c\/GR100Specialized"]}]}},"_links":{"self":[{"href":"https:\/\/gr-100.com\/pt-pt\/wp-json\/wp\/v2\/product\/371354","targetHints":{"allow":["GET"]}}],"collection":[{"href":"https:\/\/gr-100.com\/pt-pt\/wp-json\/wp\/v2\/product"}],"about":[{"href":"https:\/\/gr-100.com\/pt-pt\/wp-json\/wp\/v2\/types\/product"}],"replies":[{"embeddable":true,"href":"https:\/\/gr-100.com\/pt-pt\/wp-json\/wp\/v2\/comments?post=371354"}],"wp:featuredmedia":[{"embeddable":true,"href":"https:\/\/gr-100.com\/pt-pt\/wp-json\/wp\/v2\/media\/272915"}],"wp:attachment":[{"href":"https:\/\/gr-100.com\/pt-pt\/wp-json\/wp\/v2\/media?parent=371354"}],"wp:term":[{"taxonomy":"product_brand","embeddable":true,"href":"https:\/\/gr-100.com\/pt-pt\/wp-json\/wp\/v2\/product_brand?post=371354"},{"taxonomy":"product_cat","embeddable":true,"href":"https:\/\/gr-100.com\/pt-pt\/wp-json\/wp\/v2\/product_cat?post=371354"},{"taxonomy":"product_tag","embeddable":true,"href":"https:\/\/gr-100.com\/pt-pt\/wp-json\/wp\/v2\/product_tag?post=371354"}],"curies":[{"name":"wp","href":"https:\/\/api.w.org\/{rel}","templated":true}]}}