{"id":372079,"date":"2024-07-01T09:51:28","date_gmt":"2024-07-01T09:51:28","guid":{"rendered":"https:\/\/nuevo.gr-100.com\/producto\/dt-swiss-arc-1100-dicut-50mm-2023\/"},"modified":"2025-12-18T16:40:10","modified_gmt":"2025-12-18T14:40:10","slug":"dt-swiss-arc-1100-dicut-50mm-2023","status":"publish","type":"product","link":"https:\/\/gr-100.com\/pt-pt\/producto\/dt-swiss-arc-1100-dicut-50mm-2023\/","title":{"rendered":"DT Swiss Arc 1100 Dicut 50mm. 2023"},"content":{"rendered":"<p>\u00a0<\/p>\n<p>CARACTERISTICAS:<\/p>\n<ul>\n<li>La estabilidad consiste en tener siempre la bicicleta bajo control con cualquier situaci\u00f3n de marcha o condici\u00f3n de viento.<\/li>\n<li>M\u00e1s veloces y con una maniobrabilidad a\u00fan mejor.<\/li>\n<li>Hemos redise\u00f1ado las ruedas de carretera ERC espec\u00edficas para resistencia para reflejar un estilo de ciclismo por carretera m\u00e1s equilibrado, pero no por ello menos ambicioso.<\/li>\n<li>La ARC luce una forma de llanta optimizada aerodin\u00e1micamente con un mayor ancho interior de la llanta, ahora de 20 mm, bujes con tecnolog\u00eda Ratchet EXP y la \u00faltima generaci\u00f3n de radios Aero.<\/li>\n<li>Velocidad, agilidad, comodidad y confianza independientemente de ad\u00f3nde te lleve la carretera.<\/li>\n<li>Que ni las superficies cambiantes de la calzada ni las condiciones meteorol\u00f3gicas te detengan: con las ruedas ERC espec\u00edficas para resistencia, rodar\u00e1s con velocidad y estabilidad.<\/li>\n<li>Con los nuevos perfiles de llanta AERO+ optimizados, podr\u00e1s usar neum\u00e1ticos m\u00e1s anchos y c\u00f3modos.<\/li>\n<li>Los rodamientos cer\u00e1micos SINC de ultra baja fricci\u00f3n del buje 180 DICUT Aero y la \u00faltima generaci\u00f3n de radios aerodin\u00e1micos DT Swiss son los aspectos t\u00e9cnicos m\u00e1s destacados de estas ruedas.<\/li>\n<li>El contrastado sistema de casete Ratchet EXP con sus carracas 36T transforma con precisi\u00f3n cada pedalada en impulso de avance y velocidad, de principio a fin de tu ruta<\/li>\n<\/ul>\n<p>ARC 1100 DICUT 50: Sea cual sea tu destino, este conjunto de ruedas aerodin\u00e1micas con llanta de carbono de media altura apoya tu marcha en calzadas con perfiles cambiantes. Al abordar una escalada larga y sencilla o deslizarte por una pendiente suave inmediatamente despu\u00e9s, te parecer\u00e1 que casi no haces ning\u00fan esfuerzo.<\/p>\n","protected":false},"excerpt":{"rendered":"<p>Una experiencia de marcha en carretera sin restricciones con ruedas ERC polivalentes.<\/p>\n","protected":false},"featured_media":274086,"comment_status":"closed","ping_status":"closed","template":"","meta":{"_acf_changed":false,"_et_pb_use_builder":"","_et_pb_old_content":"","_et_gb_content_width":"","inline_featured_image":false},"product_brand":[],"product_cat":[25,55],"product_tag":[],"class_list":{"0":"post-372079","1":"product","2":"type-product","3":"status-publish","4":"has-post-thumbnail","6":"product_cat-componentes","7":"product_cat-ruedas","8":"product_shipping_class-componentes","10":"first","11":"outofstock","12":"sale","13":"taxable","14":"shipping-taxable","15":"purchasable","16":"product-type-simple"},"acf":[],"yoast_head":"<!-- This site is optimized with the Yoast SEO Premium plugin v26.7 (Yoast SEO v26.7) - https:\/\/yoast.com\/wordpress\/plugins\/seo\/ -->\n<title>DT Swiss Arc 1100 Dicut 50mm. 2023 GR-100 DT SWISS ARC 1100 50m<\/title>\n<meta name=\"description\" content=\"Que ni las superficies cambiantes de la calzada ni las condiciones meteorol\u00f3gicas te detengan: con las ruedas ERC espec\u00edficas\" \/>\n<meta name=\"robots\" content=\"index, follow, max-snippet:-1, max-image-preview:large, max-video-preview:-1\" \/>\n<link rel=\"canonical\" href=\"https:\/\/gr-100.com\/producto\/dt-swiss-arc-1100-dicut-50mm-2023\/\" \/>\n<meta property=\"og:locale\" content=\"pt_PT\" \/>\n<meta property=\"og:type\" content=\"article\" \/>\n<meta property=\"og:title\" content=\"DT Swiss Arc 1100 Dicut 50mm. 2023\" \/>\n<meta property=\"og:description\" content=\"Que ni las superficies cambiantes de la calzada ni las condiciones meteorol\u00f3gicas te detengan: con las ruedas ERC espec\u00edficas\" \/>\n<meta property=\"og:url\" content=\"https:\/\/gr-100.com\/producto\/dt-swiss-arc-1100-dicut-50mm-2023\/\" \/>\n<meta property=\"og:site_name\" content=\"Gr-100 Tienda de ciclismo Specialized\" \/>\n<meta property=\"article:publisher\" content=\"https:\/\/www.facebook.com\/Gr100Bikes\" \/>\n<meta property=\"article:modified_time\" content=\"2025-12-18T14:40:10+00:00\" \/>\n<meta property=\"og:image\" content=\"https:\/\/gr-100.com\/wp-content\/uploads\/2024\/05\/436875.jpg\" \/>\n\t<meta property=\"og:image:width\" content=\"1000\" \/>\n\t<meta property=\"og:image:height\" content=\"1000\" \/>\n\t<meta property=\"og:image:type\" content=\"image\/jpeg\" \/>\n<meta name=\"twitter:card\" content=\"summary_large_image\" \/>\n<meta name=\"twitter:label1\" content=\"Tempo estimado de leitura\" \/>\n\t<meta name=\"twitter:data1\" content=\"2 minutos\" \/>\n<script type=\"application\/ld+json\" class=\"yoast-schema-graph\">{\"@context\":\"https:\/\/schema.org\",\"@graph\":[{\"@type\":\"WebPage\",\"@id\":\"https:\/\/gr-100.com\/producto\/dt-swiss-arc-1100-dicut-50mm-2023\/\",\"url\":\"https:\/\/gr-100.com\/producto\/dt-swiss-arc-1100-dicut-50mm-2023\/\",\"name\":\"DT Swiss Arc 1100 Dicut 50mm. 2023 GR-100 DT SWISS ARC 1100 50m\",\"isPartOf\":{\"@id\":\"https:\/\/gr-100.com\/#website\"},\"primaryImageOfPage\":{\"@id\":\"https:\/\/gr-100.com\/producto\/dt-swiss-arc-1100-dicut-50mm-2023\/#primaryimage\"},\"image\":{\"@id\":\"https:\/\/gr-100.com\/producto\/dt-swiss-arc-1100-dicut-50mm-2023\/#primaryimage\"},\"thumbnailUrl\":\"https:\/\/gr-100.com\/wp-content\/uploads\/2024\/05\/436875.jpg\",\"datePublished\":\"2024-07-01T09:51:28+00:00\",\"dateModified\":\"2025-12-18T14:40:10+00:00\",\"description\":\"Que ni las superficies cambiantes de la calzada ni las condiciones meteorol\u00f3gicas te detengan: con las ruedas ERC espec\u00edficas\",\"breadcrumb\":{\"@id\":\"https:\/\/gr-100.com\/producto\/dt-swiss-arc-1100-dicut-50mm-2023\/#breadcrumb\"},\"inLanguage\":\"pt-PT\",\"potentialAction\":[{\"@type\":\"ReadAction\",\"target\":[\"https:\/\/gr-100.com\/producto\/dt-swiss-arc-1100-dicut-50mm-2023\/\"]}]},{\"@type\":\"ImageObject\",\"inLanguage\":\"pt-PT\",\"@id\":\"https:\/\/gr-100.com\/producto\/dt-swiss-arc-1100-dicut-50mm-2023\/#primaryimage\",\"url\":\"https:\/\/gr-100.com\/wp-content\/uploads\/2024\/05\/436875.jpg\",\"contentUrl\":\"https:\/\/gr-100.com\/wp-content\/uploads\/2024\/05\/436875.jpg\",\"width\":1000,\"height\":1000},{\"@type\":\"BreadcrumbList\",\"@id\":\"https:\/\/gr-100.com\/producto\/dt-swiss-arc-1100-dicut-50mm-2023\/#breadcrumb\",\"itemListElement\":[{\"@type\":\"ListItem\",\"position\":1,\"name\":\"Portada\",\"item\":\"https:\/\/gr-100.com\/en\/\"},{\"@type\":\"ListItem\",\"position\":2,\"name\":\"Productos\",\"item\":\"https:\/\/gr-100.com\/?post_type=product\"},{\"@type\":\"ListItem\",\"position\":3,\"name\":\"DT Swiss Arc 1100 Dicut 50mm. 2023\"}]},{\"@type\":\"WebSite\",\"@id\":\"https:\/\/gr-100.com\/#website\",\"url\":\"https:\/\/gr-100.com\/\",\"name\":\"Gr-100 Tienda de ciclismo Specialized\",\"description\":\"GR-100 tenemos todas las gamas de bicicletas Specialized al mejor precio.\",\"publisher\":{\"@id\":\"https:\/\/gr-100.com\/#organization\"},\"alternateName\":\"Gr-100 Bikes\",\"potentialAction\":[{\"@type\":\"SearchAction\",\"target\":{\"@type\":\"EntryPoint\",\"urlTemplate\":\"https:\/\/gr-100.com\/?s={search_term_string}\"},\"query-input\":{\"@type\":\"PropertyValueSpecification\",\"valueRequired\":true,\"valueName\":\"search_term_string\"}}],\"inLanguage\":\"pt-PT\"},{\"@type\":\"Organization\",\"@id\":\"https:\/\/gr-100.com\/#organization\",\"name\":\"Gr-100\",\"url\":\"https:\/\/gr-100.com\/\",\"logo\":{\"@type\":\"ImageObject\",\"inLanguage\":\"pt-PT\",\"@id\":\"https:\/\/gr-100.com\/#\/schema\/logo\/image\/\",\"url\":\"https:\/\/gr-100.com\/wp-content\/uploads\/2023\/08\/logo-gr-100-bikes.png\",\"contentUrl\":\"https:\/\/gr-100.com\/wp-content\/uploads\/2023\/08\/logo-gr-100-bikes.png\",\"width\":707,\"height\":284,\"caption\":\"Gr-100\"},\"image\":{\"@id\":\"https:\/\/gr-100.com\/#\/schema\/logo\/image\/\"},\"sameAs\":[\"https:\/\/www.facebook.com\/Gr100Bikes\",\"https:\/\/www.instagram.com\/gr100bikes\/\",\"https:\/\/www.tiktok.com\/@gr100bikes\",\"https:\/\/twitter.com\/gr100mtbteam\",\"https:\/\/www.youtube.com\/c\/GR100Specialized\"]}]}<\/script>\n<!-- \/ Yoast SEO Premium plugin. -->","yoast_head_json":{"title":"DT Swiss Arc 1100 Dicut 50mm. 2023 GR-100 DT SWISS ARC 1100 50m","description":"Que ni las superficies cambiantes de la calzada ni las condiciones meteorol\u00f3gicas te detengan: con las ruedas ERC espec\u00edficas","robots":{"index":"index","follow":"follow","max-snippet":"max-snippet:-1","max-image-preview":"max-image-preview:large","max-video-preview":"max-video-preview:-1"},"canonical":"https:\/\/gr-100.com\/producto\/dt-swiss-arc-1100-dicut-50mm-2023\/","og_locale":"pt_PT","og_type":"article","og_title":"DT Swiss Arc 1100 Dicut 50mm. 2023","og_description":"Que ni las superficies cambiantes de la calzada ni las condiciones meteorol\u00f3gicas te detengan: con las ruedas ERC espec\u00edficas","og_url":"https:\/\/gr-100.com\/producto\/dt-swiss-arc-1100-dicut-50mm-2023\/","og_site_name":"Gr-100 Tienda de ciclismo Specialized","article_publisher":"https:\/\/www.facebook.com\/Gr100Bikes","article_modified_time":"2025-12-18T14:40:10+00:00","og_image":[{"width":1000,"height":1000,"url":"https:\/\/gr-100.com\/wp-content\/uploads\/2024\/05\/436875.jpg","type":"image\/jpeg"}],"twitter_card":"summary_large_image","twitter_misc":{"Tempo estimado de leitura":"2 minutos"},"schema":{"@context":"https:\/\/schema.org","@graph":[{"@type":"WebPage","@id":"https:\/\/gr-100.com\/producto\/dt-swiss-arc-1100-dicut-50mm-2023\/","url":"https:\/\/gr-100.com\/producto\/dt-swiss-arc-1100-dicut-50mm-2023\/","name":"DT Swiss Arc 1100 Dicut 50mm. 2023 GR-100 DT SWISS ARC 1100 50m","isPartOf":{"@id":"https:\/\/gr-100.com\/#website"},"primaryImageOfPage":{"@id":"https:\/\/gr-100.com\/producto\/dt-swiss-arc-1100-dicut-50mm-2023\/#primaryimage"},"image":{"@id":"https:\/\/gr-100.com\/producto\/dt-swiss-arc-1100-dicut-50mm-2023\/#primaryimage"},"thumbnailUrl":"https:\/\/gr-100.com\/wp-content\/uploads\/2024\/05\/436875.jpg","datePublished":"2024-07-01T09:51:28+00:00","dateModified":"2025-12-18T14:40:10+00:00","description":"Que ni las superficies cambiantes de la calzada ni las condiciones meteorol\u00f3gicas te detengan: con las ruedas ERC espec\u00edficas","breadcrumb":{"@id":"https:\/\/gr-100.com\/producto\/dt-swiss-arc-1100-dicut-50mm-2023\/#breadcrumb"},"inLanguage":"pt-PT","potentialAction":[{"@type":"ReadAction","target":["https:\/\/gr-100.com\/producto\/dt-swiss-arc-1100-dicut-50mm-2023\/"]}]},{"@type":"ImageObject","inLanguage":"pt-PT","@id":"https:\/\/gr-100.com\/producto\/dt-swiss-arc-1100-dicut-50mm-2023\/#primaryimage","url":"https:\/\/gr-100.com\/wp-content\/uploads\/2024\/05\/436875.jpg","contentUrl":"https:\/\/gr-100.com\/wp-content\/uploads\/2024\/05\/436875.jpg","width":1000,"height":1000},{"@type":"BreadcrumbList","@id":"https:\/\/gr-100.com\/producto\/dt-swiss-arc-1100-dicut-50mm-2023\/#breadcrumb","itemListElement":[{"@type":"ListItem","position":1,"name":"Portada","item":"https:\/\/gr-100.com\/en\/"},{"@type":"ListItem","position":2,"name":"Productos","item":"https:\/\/gr-100.com\/?post_type=product"},{"@type":"ListItem","position":3,"name":"DT Swiss Arc 1100 Dicut 50mm. 2023"}]},{"@type":"WebSite","@id":"https:\/\/gr-100.com\/#website","url":"https:\/\/gr-100.com\/","name":"Gr-100 Tienda de ciclismo Specialized","description":"GR-100 tenemos todas las gamas de bicicletas Specialized al mejor precio.","publisher":{"@id":"https:\/\/gr-100.com\/#organization"},"alternateName":"Gr-100 Bikes","potentialAction":[{"@type":"SearchAction","target":{"@type":"EntryPoint","urlTemplate":"https:\/\/gr-100.com\/?s={search_term_string}"},"query-input":{"@type":"PropertyValueSpecification","valueRequired":true,"valueName":"search_term_string"}}],"inLanguage":"pt-PT"},{"@type":"Organization","@id":"https:\/\/gr-100.com\/#organization","name":"Gr-100","url":"https:\/\/gr-100.com\/","logo":{"@type":"ImageObject","inLanguage":"pt-PT","@id":"https:\/\/gr-100.com\/#\/schema\/logo\/image\/","url":"https:\/\/gr-100.com\/wp-content\/uploads\/2023\/08\/logo-gr-100-bikes.png","contentUrl":"https:\/\/gr-100.com\/wp-content\/uploads\/2023\/08\/logo-gr-100-bikes.png","width":707,"height":284,"caption":"Gr-100"},"image":{"@id":"https:\/\/gr-100.com\/#\/schema\/logo\/image\/"},"sameAs":["https:\/\/www.facebook.com\/Gr100Bikes","https:\/\/www.instagram.com\/gr100bikes\/","https:\/\/www.tiktok.com\/@gr100bikes","https:\/\/twitter.com\/gr100mtbteam","https:\/\/www.youtube.com\/c\/GR100Specialized"]}]}},"_links":{"self":[{"href":"https:\/\/gr-100.com\/pt-pt\/wp-json\/wp\/v2\/product\/372079","targetHints":{"allow":["GET"]}}],"collection":[{"href":"https:\/\/gr-100.com\/pt-pt\/wp-json\/wp\/v2\/product"}],"about":[{"href":"https:\/\/gr-100.com\/pt-pt\/wp-json\/wp\/v2\/types\/product"}],"replies":[{"embeddable":true,"href":"https:\/\/gr-100.com\/pt-pt\/wp-json\/wp\/v2\/comments?post=372079"}],"wp:featuredmedia":[{"embeddable":true,"href":"https:\/\/gr-100.com\/pt-pt\/wp-json\/wp\/v2\/media\/274086"}],"wp:attachment":[{"href":"https:\/\/gr-100.com\/pt-pt\/wp-json\/wp\/v2\/media?parent=372079"}],"wp:term":[{"taxonomy":"product_brand","embeddable":true,"href":"https:\/\/gr-100.com\/pt-pt\/wp-json\/wp\/v2\/product_brand?post=372079"},{"taxonomy":"product_cat","embeddable":true,"href":"https:\/\/gr-100.com\/pt-pt\/wp-json\/wp\/v2\/product_cat?post=372079"},{"taxonomy":"product_tag","embeddable":true,"href":"https:\/\/gr-100.com\/pt-pt\/wp-json\/wp\/v2\/product_tag?post=372079"}],"curies":[{"name":"wp","href":"https:\/\/api.w.org\/{rel}","templated":true}]}}