{"id":372154,"date":"2024-07-01T09:54:30","date_gmt":"2024-07-01T09:54:30","guid":{"rendered":"https:\/\/nuevo.gr-100.com\/producto\/specialized-trail-air-guantes\/"},"modified":"2025-11-27T11:12:45","modified_gmt":"2025-11-27T09:12:45","slug":"specialized-trail-air-guantes","status":"publish","type":"product","link":"https:\/\/gr-100.com\/pt-pt\/producto\/specialized-trail-air-guantes\/","title":{"rendered":"Specialized Trail Air guantes"},"content":{"rendered":"<p>CARACTER\u00cdSTICAS:<\/p>\n<p>La nueva gama de guantes Air Trail-Series han sido dise\u00f1ados para una m\u00e1xima ventilaci\u00f3n. Con una palma micro ventilada y perforada, un dorso transpirable y ligero, y una potente malla entre los dedos, estos guantes est\u00e1n preparados para los d\u00edas m\u00e1s calurosos en el sendero.<\/p>\n<ul>\n<li>La palma perforada est\u00e1 micro ventilada para una transpiraci\u00f3n sublime.<\/li>\n<li>El tejido ligero y altamente transpirable del dorso mantiene las manos frescas.<\/li>\n<li>La poderosa malla entre los dedos permite el m\u00e1ximo flujo de aire.<\/li>\n<li>Pu\u00f1o de neopreno con relieve micro perforado que abraza tu mu\u00f1eca, proporcion\u00e1ndote comodidad y seguridad.<\/li>\n<li>Compatible con pantalla t\u00e1ctil.<\/li>\n<li>Contenido de tejido: Dorso: 82% Nylon, 18% PU; Palma: 80% Poli\u00e9ster, 20% Elastano<\/li>\n<\/ul>\n","protected":false},"excerpt":{"rendered":"<p>La nueva gama de guantes Air Trail-Series han sido dise\u00f1ados para una m\u00e1xima ventilaci\u00f3n.<\/p>\n","protected":false},"featured_media":274225,"comment_status":"closed","ping_status":"closed","template":"","meta":{"_acf_changed":false,"_et_pb_use_builder":"","_et_pb_old_content":"","_et_gb_content_width":"","inline_featured_image":false},"product_brand":[],"product_cat":[50,52],"product_tag":[],"class_list":{"0":"post-372154","1":"product","2":"type-product","3":"status-publish","4":"has-post-thumbnail","6":"product_cat-equipaciones","7":"product_cat-guantes","9":"first","10":"instock","11":"taxable","12":"shipping-taxable","13":"purchasable","14":"product-type-variable","15":"wvs-archive-product-wrapper"},"acf":[],"yoast_head":"<!-- This site is optimized with the Yoast SEO Premium plugin v26.7 (Yoast SEO v26.7) - https:\/\/yoast.com\/wordpress\/plugins\/seo\/ -->\n<title>Specialized Trail Air guantes GR-100 Specialized guantes<\/title>\n<meta name=\"description\" content=\"Specialized Trail Air guantes. La nueva gama de guantes Air Trail-Series han sido dise\u00f1ados para una m\u00e1xima ventilaci\u00f3n. Palma micro ventilada y perforada.\" \/>\n<meta name=\"robots\" content=\"index, follow, max-snippet:-1, max-image-preview:large, max-video-preview:-1\" \/>\n<link rel=\"canonical\" href=\"https:\/\/gr-100.com\/producto\/specialized-trail-air-guantes\/\" \/>\n<meta property=\"og:locale\" content=\"pt_PT\" \/>\n<meta property=\"og:type\" content=\"article\" \/>\n<meta property=\"og:title\" content=\"Specialized Trail Air guantes\" \/>\n<meta property=\"og:description\" content=\"Specialized Trail Air guantes. La nueva gama de guantes Air Trail-Series han sido dise\u00f1ados para una m\u00e1xima ventilaci\u00f3n. Palma micro ventilada y perforada.\" \/>\n<meta property=\"og:url\" content=\"https:\/\/gr-100.com\/producto\/specialized-trail-air-guantes\/\" \/>\n<meta property=\"og:site_name\" content=\"Gr-100 Tienda de ciclismo Specialized\" \/>\n<meta property=\"article:publisher\" content=\"https:\/\/www.facebook.com\/Gr100Bikes\" \/>\n<meta property=\"article:modified_time\" content=\"2025-11-27T09:12:45+00:00\" \/>\n<meta property=\"og:image\" content=\"https:\/\/gr-100.com\/wp-content\/uploads\/2024\/05\/N11-67121-300_GLV_TRAIL-AIR-.jpg\" \/>\n\t<meta property=\"og:image:width\" content=\"730\" \/>\n\t<meta property=\"og:image:height\" content=\"789\" \/>\n\t<meta property=\"og:image:type\" content=\"image\/jpeg\" \/>\n<meta name=\"twitter:card\" content=\"summary_large_image\" \/>\n<meta name=\"twitter:label1\" content=\"Tempo estimado de leitura\" \/>\n\t<meta name=\"twitter:data1\" content=\"1 minuto\" \/>\n<script type=\"application\/ld+json\" class=\"yoast-schema-graph\">{\"@context\":\"https:\/\/schema.org\",\"@graph\":[{\"@type\":\"WebPage\",\"@id\":\"https:\/\/gr-100.com\/producto\/specialized-trail-air-guantes\/\",\"url\":\"https:\/\/gr-100.com\/producto\/specialized-trail-air-guantes\/\",\"name\":\"Specialized Trail Air guantes GR-100 Specialized guantes\",\"isPartOf\":{\"@id\":\"https:\/\/gr-100.com\/#website\"},\"primaryImageOfPage\":{\"@id\":\"https:\/\/gr-100.com\/producto\/specialized-trail-air-guantes\/#primaryimage\"},\"image\":{\"@id\":\"https:\/\/gr-100.com\/producto\/specialized-trail-air-guantes\/#primaryimage\"},\"thumbnailUrl\":\"https:\/\/gr-100.com\/wp-content\/uploads\/2024\/05\/N11-67121-300_GLV_TRAIL-AIR-.jpg\",\"datePublished\":\"2024-07-01T09:54:30+00:00\",\"dateModified\":\"2025-11-27T09:12:45+00:00\",\"description\":\"Specialized Trail Air guantes. La nueva gama de guantes Air Trail-Series han sido dise\u00f1ados para una m\u00e1xima ventilaci\u00f3n. Palma micro ventilada y perforada.\",\"breadcrumb\":{\"@id\":\"https:\/\/gr-100.com\/producto\/specialized-trail-air-guantes\/#breadcrumb\"},\"inLanguage\":\"pt-PT\",\"potentialAction\":[{\"@type\":\"ReadAction\",\"target\":[\"https:\/\/gr-100.com\/producto\/specialized-trail-air-guantes\/\"]}]},{\"@type\":\"ImageObject\",\"inLanguage\":\"pt-PT\",\"@id\":\"https:\/\/gr-100.com\/producto\/specialized-trail-air-guantes\/#primaryimage\",\"url\":\"https:\/\/gr-100.com\/wp-content\/uploads\/2024\/05\/N11-67121-300_GLV_TRAIL-AIR-.jpg\",\"contentUrl\":\"https:\/\/gr-100.com\/wp-content\/uploads\/2024\/05\/N11-67121-300_GLV_TRAIL-AIR-.jpg\",\"width\":730,\"height\":789},{\"@type\":\"BreadcrumbList\",\"@id\":\"https:\/\/gr-100.com\/producto\/specialized-trail-air-guantes\/#breadcrumb\",\"itemListElement\":[{\"@type\":\"ListItem\",\"position\":1,\"name\":\"Portada\",\"item\":\"https:\/\/gr-100.com\/en\/\"},{\"@type\":\"ListItem\",\"position\":2,\"name\":\"Productos\",\"item\":\"https:\/\/gr-100.com\/?post_type=product\"},{\"@type\":\"ListItem\",\"position\":3,\"name\":\"Specialized Trail Air guantes\"}]},{\"@type\":\"WebSite\",\"@id\":\"https:\/\/gr-100.com\/#website\",\"url\":\"https:\/\/gr-100.com\/\",\"name\":\"Gr-100 Tienda de ciclismo Specialized\",\"description\":\"GR-100 tenemos todas las gamas de bicicletas Specialized al mejor precio.\",\"publisher\":{\"@id\":\"https:\/\/gr-100.com\/#organization\"},\"alternateName\":\"Gr-100 Bikes\",\"potentialAction\":[{\"@type\":\"SearchAction\",\"target\":{\"@type\":\"EntryPoint\",\"urlTemplate\":\"https:\/\/gr-100.com\/?s={search_term_string}\"},\"query-input\":{\"@type\":\"PropertyValueSpecification\",\"valueRequired\":true,\"valueName\":\"search_term_string\"}}],\"inLanguage\":\"pt-PT\"},{\"@type\":\"Organization\",\"@id\":\"https:\/\/gr-100.com\/#organization\",\"name\":\"Gr-100\",\"url\":\"https:\/\/gr-100.com\/\",\"logo\":{\"@type\":\"ImageObject\",\"inLanguage\":\"pt-PT\",\"@id\":\"https:\/\/gr-100.com\/#\/schema\/logo\/image\/\",\"url\":\"https:\/\/gr-100.com\/wp-content\/uploads\/2023\/08\/logo-gr-100-bikes.png\",\"contentUrl\":\"https:\/\/gr-100.com\/wp-content\/uploads\/2023\/08\/logo-gr-100-bikes.png\",\"width\":707,\"height\":284,\"caption\":\"Gr-100\"},\"image\":{\"@id\":\"https:\/\/gr-100.com\/#\/schema\/logo\/image\/\"},\"sameAs\":[\"https:\/\/www.facebook.com\/Gr100Bikes\",\"https:\/\/www.instagram.com\/gr100bikes\/\",\"https:\/\/www.tiktok.com\/@gr100bikes\",\"https:\/\/twitter.com\/gr100mtbteam\",\"https:\/\/www.youtube.com\/c\/GR100Specialized\"]}]}<\/script>\n<!-- \/ Yoast SEO Premium plugin. -->","yoast_head_json":{"title":"Specialized Trail Air guantes GR-100 Specialized guantes","description":"Specialized Trail Air guantes. La nueva gama de guantes Air Trail-Series han sido dise\u00f1ados para una m\u00e1xima ventilaci\u00f3n. Palma micro ventilada y perforada.","robots":{"index":"index","follow":"follow","max-snippet":"max-snippet:-1","max-image-preview":"max-image-preview:large","max-video-preview":"max-video-preview:-1"},"canonical":"https:\/\/gr-100.com\/producto\/specialized-trail-air-guantes\/","og_locale":"pt_PT","og_type":"article","og_title":"Specialized Trail Air guantes","og_description":"Specialized Trail Air guantes. La nueva gama de guantes Air Trail-Series han sido dise\u00f1ados para una m\u00e1xima ventilaci\u00f3n. Palma micro ventilada y perforada.","og_url":"https:\/\/gr-100.com\/producto\/specialized-trail-air-guantes\/","og_site_name":"Gr-100 Tienda de ciclismo Specialized","article_publisher":"https:\/\/www.facebook.com\/Gr100Bikes","article_modified_time":"2025-11-27T09:12:45+00:00","og_image":[{"width":730,"height":789,"url":"https:\/\/gr-100.com\/wp-content\/uploads\/2024\/05\/N11-67121-300_GLV_TRAIL-AIR-.jpg","type":"image\/jpeg"}],"twitter_card":"summary_large_image","twitter_misc":{"Tempo estimado de leitura":"1 minuto"},"schema":{"@context":"https:\/\/schema.org","@graph":[{"@type":"WebPage","@id":"https:\/\/gr-100.com\/producto\/specialized-trail-air-guantes\/","url":"https:\/\/gr-100.com\/producto\/specialized-trail-air-guantes\/","name":"Specialized Trail Air guantes GR-100 Specialized guantes","isPartOf":{"@id":"https:\/\/gr-100.com\/#website"},"primaryImageOfPage":{"@id":"https:\/\/gr-100.com\/producto\/specialized-trail-air-guantes\/#primaryimage"},"image":{"@id":"https:\/\/gr-100.com\/producto\/specialized-trail-air-guantes\/#primaryimage"},"thumbnailUrl":"https:\/\/gr-100.com\/wp-content\/uploads\/2024\/05\/N11-67121-300_GLV_TRAIL-AIR-.jpg","datePublished":"2024-07-01T09:54:30+00:00","dateModified":"2025-11-27T09:12:45+00:00","description":"Specialized Trail Air guantes. La nueva gama de guantes Air Trail-Series han sido dise\u00f1ados para una m\u00e1xima ventilaci\u00f3n. Palma micro ventilada y perforada.","breadcrumb":{"@id":"https:\/\/gr-100.com\/producto\/specialized-trail-air-guantes\/#breadcrumb"},"inLanguage":"pt-PT","potentialAction":[{"@type":"ReadAction","target":["https:\/\/gr-100.com\/producto\/specialized-trail-air-guantes\/"]}]},{"@type":"ImageObject","inLanguage":"pt-PT","@id":"https:\/\/gr-100.com\/producto\/specialized-trail-air-guantes\/#primaryimage","url":"https:\/\/gr-100.com\/wp-content\/uploads\/2024\/05\/N11-67121-300_GLV_TRAIL-AIR-.jpg","contentUrl":"https:\/\/gr-100.com\/wp-content\/uploads\/2024\/05\/N11-67121-300_GLV_TRAIL-AIR-.jpg","width":730,"height":789},{"@type":"BreadcrumbList","@id":"https:\/\/gr-100.com\/producto\/specialized-trail-air-guantes\/#breadcrumb","itemListElement":[{"@type":"ListItem","position":1,"name":"Portada","item":"https:\/\/gr-100.com\/en\/"},{"@type":"ListItem","position":2,"name":"Productos","item":"https:\/\/gr-100.com\/?post_type=product"},{"@type":"ListItem","position":3,"name":"Specialized Trail Air guantes"}]},{"@type":"WebSite","@id":"https:\/\/gr-100.com\/#website","url":"https:\/\/gr-100.com\/","name":"Gr-100 Tienda de ciclismo Specialized","description":"GR-100 tenemos todas las gamas de bicicletas Specialized al mejor precio.","publisher":{"@id":"https:\/\/gr-100.com\/#organization"},"alternateName":"Gr-100 Bikes","potentialAction":[{"@type":"SearchAction","target":{"@type":"EntryPoint","urlTemplate":"https:\/\/gr-100.com\/?s={search_term_string}"},"query-input":{"@type":"PropertyValueSpecification","valueRequired":true,"valueName":"search_term_string"}}],"inLanguage":"pt-PT"},{"@type":"Organization","@id":"https:\/\/gr-100.com\/#organization","name":"Gr-100","url":"https:\/\/gr-100.com\/","logo":{"@type":"ImageObject","inLanguage":"pt-PT","@id":"https:\/\/gr-100.com\/#\/schema\/logo\/image\/","url":"https:\/\/gr-100.com\/wp-content\/uploads\/2023\/08\/logo-gr-100-bikes.png","contentUrl":"https:\/\/gr-100.com\/wp-content\/uploads\/2023\/08\/logo-gr-100-bikes.png","width":707,"height":284,"caption":"Gr-100"},"image":{"@id":"https:\/\/gr-100.com\/#\/schema\/logo\/image\/"},"sameAs":["https:\/\/www.facebook.com\/Gr100Bikes","https:\/\/www.instagram.com\/gr100bikes\/","https:\/\/www.tiktok.com\/@gr100bikes","https:\/\/twitter.com\/gr100mtbteam","https:\/\/www.youtube.com\/c\/GR100Specialized"]}]}},"_links":{"self":[{"href":"https:\/\/gr-100.com\/pt-pt\/wp-json\/wp\/v2\/product\/372154","targetHints":{"allow":["GET"]}}],"collection":[{"href":"https:\/\/gr-100.com\/pt-pt\/wp-json\/wp\/v2\/product"}],"about":[{"href":"https:\/\/gr-100.com\/pt-pt\/wp-json\/wp\/v2\/types\/product"}],"replies":[{"embeddable":true,"href":"https:\/\/gr-100.com\/pt-pt\/wp-json\/wp\/v2\/comments?post=372154"}],"wp:featuredmedia":[{"embeddable":true,"href":"https:\/\/gr-100.com\/pt-pt\/wp-json\/wp\/v2\/media\/274225"}],"wp:attachment":[{"href":"https:\/\/gr-100.com\/pt-pt\/wp-json\/wp\/v2\/media?parent=372154"}],"wp:term":[{"taxonomy":"product_brand","embeddable":true,"href":"https:\/\/gr-100.com\/pt-pt\/wp-json\/wp\/v2\/product_brand?post=372154"},{"taxonomy":"product_cat","embeddable":true,"href":"https:\/\/gr-100.com\/pt-pt\/wp-json\/wp\/v2\/product_cat?post=372154"},{"taxonomy":"product_tag","embeddable":true,"href":"https:\/\/gr-100.com\/pt-pt\/wp-json\/wp\/v2\/product_tag?post=372154"}],"curies":[{"name":"wp","href":"https:\/\/api.w.org\/{rel}","templated":true}]}}