{"id":372299,"date":"2024-07-01T10:00:32","date_gmt":"2024-07-01T10:00:32","guid":{"rendered":"https:\/\/nuevo.gr-100.com\/producto\/klein-champu-abrillantador\/"},"modified":"2025-11-27T11:16:59","modified_gmt":"2025-11-27T09:16:59","slug":"klein-champu-abrillantador","status":"publish","type":"product","link":"https:\/\/gr-100.com\/pt-pt\/producto\/klein-champu-abrillantador\/","title":{"rendered":"Klein Champ\u00fa Abrillantador"},"content":{"rendered":"<ul>\n<li>El Champ\u00fa Abrillantador para bicicletas Klein biodegradable garantiza limpieza y un abrillantado perfecto. 2 modos de uso.<\/li>\n<li>1\u00ba Poniendo la redecilla de la pistola. Pulverizar la espuma sobre toda la bicicleta y dejar 5 minutos que actu\u00e9 el producto, pasar una celulosa para secar la bici y no es necesario utilizar agua para dejarla perfecta. No ataca ninguna pieza o material. Aplicar los productos lubricantes para la siguiente salida en bici. Cumple todas las normas ECO.<\/li>\n<li>2\u00ba Sin poner el acople de red de la pistola. Pulverizar sobre toda la bicicleta y con una esponja crear espuma y frotar todas las partes de la bici. Aclarar con agua y secar con bayeta, aire, etc. No ataca ninguna pieza o material. Aplicar los productos lubricantes para la siguiente salida en bici. Cumple todas las normas ECO.<\/li>\n<\/ul>\n","protected":false},"excerpt":{"rendered":"<p>Klein champ\u00fa abrillantador, camp\u00fa seco-h\u00famedo ecol\u00f3gico biodegradable, proporciona limpieza y abrillantado perfecto.<\/p>\n","protected":false},"featured_media":274477,"comment_status":"closed","ping_status":"closed","template":"","meta":{"_acf_changed":false,"_et_pb_use_builder":"","_et_pb_old_content":"","_et_gb_content_width":"","inline_featured_image":false},"product_brand":[],"product_cat":[26,2364],"product_tag":[],"class_list":{"0":"post-372299","1":"product","2":"type-product","3":"status-publish","4":"has-post-thumbnail","6":"product_cat-accesorios","7":"product_cat-mantenimiento-bicicletas","9":"first","10":"instock","11":"taxable","12":"shipping-taxable","13":"purchasable","14":"product-type-simple"},"acf":[],"yoast_head":"<!-- This site is optimized with the Yoast SEO Premium plugin v26.7 (Yoast SEO v26.7) - https:\/\/yoast.com\/wordpress\/plugins\/seo\/ -->\n<title>Klein Champ\u00fa Abrillantador GR-100 Klein Champ\u00fa Abrillantador<\/title>\n<meta name=\"description\" content=\"Klein champ\u00fa abrillantador, camp\u00fa seco-h\u00famedo ecol\u00f3gico biodegradable, proporciona limpieza y abrillantado perfecto.\" \/>\n<meta name=\"robots\" content=\"index, follow, max-snippet:-1, max-image-preview:large, max-video-preview:-1\" \/>\n<link rel=\"canonical\" href=\"https:\/\/gr-100.com\/producto\/klein-champu-abrillantador\/\" \/>\n<meta property=\"og:locale\" content=\"pt_PT\" \/>\n<meta property=\"og:type\" content=\"article\" \/>\n<meta property=\"og:title\" content=\"Klein Champ\u00fa Abrillantador\" \/>\n<meta property=\"og:description\" content=\"Klein champ\u00fa abrillantador, camp\u00fa seco-h\u00famedo ecol\u00f3gico biodegradable, proporciona limpieza y abrillantado perfecto.\" \/>\n<meta property=\"og:url\" content=\"https:\/\/gr-100.com\/producto\/klein-champu-abrillantador\/\" \/>\n<meta property=\"og:site_name\" content=\"Gr-100 Tienda de ciclismo Specialized\" \/>\n<meta property=\"article:publisher\" content=\"https:\/\/www.facebook.com\/Gr100Bikes\" \/>\n<meta property=\"article:modified_time\" content=\"2025-11-27T09:16:59+00:00\" \/>\n<meta property=\"og:image\" content=\"https:\/\/gr-100.com\/wp-content\/uploads\/2024\/05\/0e9eebdd-dd34-4a5d-a053-763.jpg\" \/>\n\t<meta property=\"og:image:width\" content=\"1000\" \/>\n\t<meta property=\"og:image:height\" content=\"1000\" \/>\n\t<meta property=\"og:image:type\" content=\"image\/jpeg\" \/>\n<meta name=\"twitter:card\" content=\"summary_large_image\" \/>\n<meta name=\"twitter:label1\" content=\"Tempo estimado de leitura\" \/>\n\t<meta name=\"twitter:data1\" content=\"1 minuto\" \/>\n<script type=\"application\/ld+json\" class=\"yoast-schema-graph\">{\"@context\":\"https:\/\/schema.org\",\"@graph\":[{\"@type\":\"WebPage\",\"@id\":\"https:\/\/gr-100.com\/producto\/klein-champu-abrillantador\/\",\"url\":\"https:\/\/gr-100.com\/producto\/klein-champu-abrillantador\/\",\"name\":\"Klein Champ\u00fa Abrillantador GR-100 Klein Champ\u00fa Abrillantador\",\"isPartOf\":{\"@id\":\"https:\/\/gr-100.com\/#website\"},\"primaryImageOfPage\":{\"@id\":\"https:\/\/gr-100.com\/producto\/klein-champu-abrillantador\/#primaryimage\"},\"image\":{\"@id\":\"https:\/\/gr-100.com\/producto\/klein-champu-abrillantador\/#primaryimage\"},\"thumbnailUrl\":\"https:\/\/gr-100.com\/wp-content\/uploads\/2024\/05\/0e9eebdd-dd34-4a5d-a053-763.jpg\",\"datePublished\":\"2024-07-01T10:00:32+00:00\",\"dateModified\":\"2025-11-27T09:16:59+00:00\",\"description\":\"Klein champ\u00fa abrillantador, camp\u00fa seco-h\u00famedo ecol\u00f3gico biodegradable, proporciona limpieza y abrillantado perfecto.\",\"breadcrumb\":{\"@id\":\"https:\/\/gr-100.com\/producto\/klein-champu-abrillantador\/#breadcrumb\"},\"inLanguage\":\"pt-PT\",\"potentialAction\":[{\"@type\":\"ReadAction\",\"target\":[\"https:\/\/gr-100.com\/producto\/klein-champu-abrillantador\/\"]}]},{\"@type\":\"ImageObject\",\"inLanguage\":\"pt-PT\",\"@id\":\"https:\/\/gr-100.com\/producto\/klein-champu-abrillantador\/#primaryimage\",\"url\":\"https:\/\/gr-100.com\/wp-content\/uploads\/2024\/05\/0e9eebdd-dd34-4a5d-a053-763.jpg\",\"contentUrl\":\"https:\/\/gr-100.com\/wp-content\/uploads\/2024\/05\/0e9eebdd-dd34-4a5d-a053-763.jpg\",\"width\":1000,\"height\":1000},{\"@type\":\"BreadcrumbList\",\"@id\":\"https:\/\/gr-100.com\/producto\/klein-champu-abrillantador\/#breadcrumb\",\"itemListElement\":[{\"@type\":\"ListItem\",\"position\":1,\"name\":\"Portada\",\"item\":\"https:\/\/gr-100.com\/en\/\"},{\"@type\":\"ListItem\",\"position\":2,\"name\":\"Productos\",\"item\":\"https:\/\/gr-100.com\/?post_type=product\"},{\"@type\":\"ListItem\",\"position\":3,\"name\":\"Klein Champ\u00fa Abrillantador\"}]},{\"@type\":\"WebSite\",\"@id\":\"https:\/\/gr-100.com\/#website\",\"url\":\"https:\/\/gr-100.com\/\",\"name\":\"Gr-100 Tienda de ciclismo Specialized\",\"description\":\"GR-100 tenemos todas las gamas de bicicletas Specialized al mejor precio.\",\"publisher\":{\"@id\":\"https:\/\/gr-100.com\/#organization\"},\"alternateName\":\"Gr-100 Bikes\",\"potentialAction\":[{\"@type\":\"SearchAction\",\"target\":{\"@type\":\"EntryPoint\",\"urlTemplate\":\"https:\/\/gr-100.com\/?s={search_term_string}\"},\"query-input\":{\"@type\":\"PropertyValueSpecification\",\"valueRequired\":true,\"valueName\":\"search_term_string\"}}],\"inLanguage\":\"pt-PT\"},{\"@type\":\"Organization\",\"@id\":\"https:\/\/gr-100.com\/#organization\",\"name\":\"Gr-100\",\"url\":\"https:\/\/gr-100.com\/\",\"logo\":{\"@type\":\"ImageObject\",\"inLanguage\":\"pt-PT\",\"@id\":\"https:\/\/gr-100.com\/#\/schema\/logo\/image\/\",\"url\":\"https:\/\/gr-100.com\/wp-content\/uploads\/2023\/08\/logo-gr-100-bikes.png\",\"contentUrl\":\"https:\/\/gr-100.com\/wp-content\/uploads\/2023\/08\/logo-gr-100-bikes.png\",\"width\":707,\"height\":284,\"caption\":\"Gr-100\"},\"image\":{\"@id\":\"https:\/\/gr-100.com\/#\/schema\/logo\/image\/\"},\"sameAs\":[\"https:\/\/www.facebook.com\/Gr100Bikes\",\"https:\/\/www.instagram.com\/gr100bikes\/\",\"https:\/\/www.tiktok.com\/@gr100bikes\",\"https:\/\/twitter.com\/gr100mtbteam\",\"https:\/\/www.youtube.com\/c\/GR100Specialized\"]}]}<\/script>\n<!-- \/ Yoast SEO Premium plugin. -->","yoast_head_json":{"title":"Klein Champ\u00fa Abrillantador GR-100 Klein Champ\u00fa Abrillantador","description":"Klein champ\u00fa abrillantador, camp\u00fa seco-h\u00famedo ecol\u00f3gico biodegradable, proporciona limpieza y abrillantado perfecto.","robots":{"index":"index","follow":"follow","max-snippet":"max-snippet:-1","max-image-preview":"max-image-preview:large","max-video-preview":"max-video-preview:-1"},"canonical":"https:\/\/gr-100.com\/producto\/klein-champu-abrillantador\/","og_locale":"pt_PT","og_type":"article","og_title":"Klein Champ\u00fa Abrillantador","og_description":"Klein champ\u00fa abrillantador, camp\u00fa seco-h\u00famedo ecol\u00f3gico biodegradable, proporciona limpieza y abrillantado perfecto.","og_url":"https:\/\/gr-100.com\/producto\/klein-champu-abrillantador\/","og_site_name":"Gr-100 Tienda de ciclismo Specialized","article_publisher":"https:\/\/www.facebook.com\/Gr100Bikes","article_modified_time":"2025-11-27T09:16:59+00:00","og_image":[{"width":1000,"height":1000,"url":"https:\/\/gr-100.com\/wp-content\/uploads\/2024\/05\/0e9eebdd-dd34-4a5d-a053-763.jpg","type":"image\/jpeg"}],"twitter_card":"summary_large_image","twitter_misc":{"Tempo estimado de leitura":"1 minuto"},"schema":{"@context":"https:\/\/schema.org","@graph":[{"@type":"WebPage","@id":"https:\/\/gr-100.com\/producto\/klein-champu-abrillantador\/","url":"https:\/\/gr-100.com\/producto\/klein-champu-abrillantador\/","name":"Klein Champ\u00fa Abrillantador GR-100 Klein Champ\u00fa Abrillantador","isPartOf":{"@id":"https:\/\/gr-100.com\/#website"},"primaryImageOfPage":{"@id":"https:\/\/gr-100.com\/producto\/klein-champu-abrillantador\/#primaryimage"},"image":{"@id":"https:\/\/gr-100.com\/producto\/klein-champu-abrillantador\/#primaryimage"},"thumbnailUrl":"https:\/\/gr-100.com\/wp-content\/uploads\/2024\/05\/0e9eebdd-dd34-4a5d-a053-763.jpg","datePublished":"2024-07-01T10:00:32+00:00","dateModified":"2025-11-27T09:16:59+00:00","description":"Klein champ\u00fa abrillantador, camp\u00fa seco-h\u00famedo ecol\u00f3gico biodegradable, proporciona limpieza y abrillantado perfecto.","breadcrumb":{"@id":"https:\/\/gr-100.com\/producto\/klein-champu-abrillantador\/#breadcrumb"},"inLanguage":"pt-PT","potentialAction":[{"@type":"ReadAction","target":["https:\/\/gr-100.com\/producto\/klein-champu-abrillantador\/"]}]},{"@type":"ImageObject","inLanguage":"pt-PT","@id":"https:\/\/gr-100.com\/producto\/klein-champu-abrillantador\/#primaryimage","url":"https:\/\/gr-100.com\/wp-content\/uploads\/2024\/05\/0e9eebdd-dd34-4a5d-a053-763.jpg","contentUrl":"https:\/\/gr-100.com\/wp-content\/uploads\/2024\/05\/0e9eebdd-dd34-4a5d-a053-763.jpg","width":1000,"height":1000},{"@type":"BreadcrumbList","@id":"https:\/\/gr-100.com\/producto\/klein-champu-abrillantador\/#breadcrumb","itemListElement":[{"@type":"ListItem","position":1,"name":"Portada","item":"https:\/\/gr-100.com\/en\/"},{"@type":"ListItem","position":2,"name":"Productos","item":"https:\/\/gr-100.com\/?post_type=product"},{"@type":"ListItem","position":3,"name":"Klein Champ\u00fa Abrillantador"}]},{"@type":"WebSite","@id":"https:\/\/gr-100.com\/#website","url":"https:\/\/gr-100.com\/","name":"Gr-100 Tienda de ciclismo Specialized","description":"GR-100 tenemos todas las gamas de bicicletas Specialized al mejor precio.","publisher":{"@id":"https:\/\/gr-100.com\/#organization"},"alternateName":"Gr-100 Bikes","potentialAction":[{"@type":"SearchAction","target":{"@type":"EntryPoint","urlTemplate":"https:\/\/gr-100.com\/?s={search_term_string}"},"query-input":{"@type":"PropertyValueSpecification","valueRequired":true,"valueName":"search_term_string"}}],"inLanguage":"pt-PT"},{"@type":"Organization","@id":"https:\/\/gr-100.com\/#organization","name":"Gr-100","url":"https:\/\/gr-100.com\/","logo":{"@type":"ImageObject","inLanguage":"pt-PT","@id":"https:\/\/gr-100.com\/#\/schema\/logo\/image\/","url":"https:\/\/gr-100.com\/wp-content\/uploads\/2023\/08\/logo-gr-100-bikes.png","contentUrl":"https:\/\/gr-100.com\/wp-content\/uploads\/2023\/08\/logo-gr-100-bikes.png","width":707,"height":284,"caption":"Gr-100"},"image":{"@id":"https:\/\/gr-100.com\/#\/schema\/logo\/image\/"},"sameAs":["https:\/\/www.facebook.com\/Gr100Bikes","https:\/\/www.instagram.com\/gr100bikes\/","https:\/\/www.tiktok.com\/@gr100bikes","https:\/\/twitter.com\/gr100mtbteam","https:\/\/www.youtube.com\/c\/GR100Specialized"]}]}},"_links":{"self":[{"href":"https:\/\/gr-100.com\/pt-pt\/wp-json\/wp\/v2\/product\/372299","targetHints":{"allow":["GET"]}}],"collection":[{"href":"https:\/\/gr-100.com\/pt-pt\/wp-json\/wp\/v2\/product"}],"about":[{"href":"https:\/\/gr-100.com\/pt-pt\/wp-json\/wp\/v2\/types\/product"}],"replies":[{"embeddable":true,"href":"https:\/\/gr-100.com\/pt-pt\/wp-json\/wp\/v2\/comments?post=372299"}],"wp:featuredmedia":[{"embeddable":true,"href":"https:\/\/gr-100.com\/pt-pt\/wp-json\/wp\/v2\/media\/274477"}],"wp:attachment":[{"href":"https:\/\/gr-100.com\/pt-pt\/wp-json\/wp\/v2\/media?parent=372299"}],"wp:term":[{"taxonomy":"product_brand","embeddable":true,"href":"https:\/\/gr-100.com\/pt-pt\/wp-json\/wp\/v2\/product_brand?post=372299"},{"taxonomy":"product_cat","embeddable":true,"href":"https:\/\/gr-100.com\/pt-pt\/wp-json\/wp\/v2\/product_cat?post=372299"},{"taxonomy":"product_tag","embeddable":true,"href":"https:\/\/gr-100.com\/pt-pt\/wp-json\/wp\/v2\/product_tag?post=372299"}],"curies":[{"name":"wp","href":"https:\/\/api.w.org\/{rel}","templated":true}]}}