{"id":372300,"date":"2024-07-01T10:00:32","date_gmt":"2024-07-01T10:00:32","guid":{"rendered":"https:\/\/nuevo.gr-100.com\/producto\/klein-spray-acabado-brillo\/"},"modified":"2025-11-27T11:16:59","modified_gmt":"2025-11-27T09:16:59","slug":"klein-spray-acabado-brillo","status":"publish","type":"product","link":"https:\/\/gr-100.com\/pt-pt\/producto\/klein-spray-acabado-brillo\/","title":{"rendered":"Klein Spray Acabado Brillo"},"content":{"rendered":"<ul>\n<li>El spray abrillantador brillo Klein deja una pel\u00edcula protectora que se seca r\u00e1pidamente.<br \/>\nSu f\u00f3rmula lubrica suavemente todas las piezas de la bici y ayuda a evitar \u00f3xido.<br \/>\nSe puede utilizar de forma segura en cuadros, piezas de metal, pl\u00e1sticos, caucho,<br \/>\npintura y carbono.<\/li>\n<li>Ayuda a evitar que se pegue la suciedad y elimina el exceso<br \/>\nde humedad.<\/li>\n<li>Disponible en Spray presi\u00f3n o pulverizadores espec\u00edficos para alto<br \/>\nbrillo o acabado mate.<\/li>\n<li>Pulveriza sobre la superficie que quieras sacar el m\u00e1ximo brillo y acto seguido pasas un papel de celulosa y frota suavemente. Nuestro spray abrillantador perdura en el tiempo, pues repele el polvo y la suciedad.<\/li>\n<\/ul>\n","protected":false},"excerpt":{"rendered":"<p>KLEIN SPRAY ACABADO BRILLO, CON UNA ALTA PROTECCI\u00d3N PARA GOLPES Y ARA\u00d1AZOS. PULVERIZACI\u00d3N BOQUILLA ESPECIAL<\/p>\n","protected":false},"featured_media":274480,"comment_status":"closed","ping_status":"closed","template":"","meta":{"_acf_changed":false,"_et_pb_use_builder":"","_et_pb_old_content":"","_et_gb_content_width":"","inline_featured_image":false},"product_brand":[],"product_cat":[26,2364],"product_tag":[],"class_list":{"0":"post-372300","1":"product","2":"type-product","3":"status-publish","4":"has-post-thumbnail","6":"product_cat-accesorios","7":"product_cat-mantenimiento-bicicletas","9":"first","10":"outofstock","11":"taxable","12":"shipping-taxable","13":"purchasable","14":"product-type-simple"},"acf":[],"yoast_head":"<!-- This site is optimized with the Yoast SEO Premium plugin v26.7 (Yoast SEO v26.7) - https:\/\/yoast.com\/wordpress\/plugins\/seo\/ -->\n<title>Klein Spray Acabado Brillo GR-100<\/title>\n<meta name=\"description\" content=\"KLEIN SPRAY ACABADO BRILLO, CON UNA ALTA PROTECCI\u00d3N PARA GOLPES Y ARA\u00d1AZOS. PULVERIZACI\u00d3N BOQUILLA ESPECIAL\" \/>\n<meta name=\"robots\" content=\"index, follow, max-snippet:-1, max-image-preview:large, max-video-preview:-1\" \/>\n<link rel=\"canonical\" href=\"https:\/\/gr-100.com\/producto\/klein-spray-acabado-brillo\/\" \/>\n<meta property=\"og:locale\" content=\"pt_PT\" \/>\n<meta property=\"og:type\" content=\"article\" \/>\n<meta property=\"og:title\" content=\"Klein Spray Acabado Brillo\" \/>\n<meta property=\"og:description\" content=\"KLEIN SPRAY ACABADO BRILLO, CON UNA ALTA PROTECCI\u00d3N PARA GOLPES Y ARA\u00d1AZOS. PULVERIZACI\u00d3N BOQUILLA ESPECIAL\" \/>\n<meta property=\"og:url\" content=\"https:\/\/gr-100.com\/producto\/klein-spray-acabado-brillo\/\" \/>\n<meta property=\"og:site_name\" content=\"Gr-100 Tienda de ciclismo Specialized\" \/>\n<meta property=\"article:publisher\" content=\"https:\/\/www.facebook.com\/Gr100Bikes\" \/>\n<meta property=\"article:modified_time\" content=\"2025-11-27T09:16:59+00:00\" \/>\n<meta property=\"og:image\" content=\"https:\/\/gr-100.com\/wp-content\/uploads\/2024\/05\/Df3f38f28-6923-4f3d-9b9f-30.jpg\" \/>\n\t<meta property=\"og:image:width\" content=\"1000\" \/>\n\t<meta property=\"og:image:height\" content=\"1000\" \/>\n\t<meta property=\"og:image:type\" content=\"image\/jpeg\" \/>\n<meta name=\"twitter:card\" content=\"summary_large_image\" \/>\n<meta name=\"twitter:label1\" content=\"Tempo estimado de leitura\" \/>\n\t<meta name=\"twitter:data1\" content=\"1 minuto\" \/>\n<script type=\"application\/ld+json\" class=\"yoast-schema-graph\">{\"@context\":\"https:\/\/schema.org\",\"@graph\":[{\"@type\":\"WebPage\",\"@id\":\"https:\/\/gr-100.com\/producto\/klein-spray-acabado-brillo\/\",\"url\":\"https:\/\/gr-100.com\/producto\/klein-spray-acabado-brillo\/\",\"name\":\"Klein Spray Acabado Brillo GR-100\",\"isPartOf\":{\"@id\":\"https:\/\/gr-100.com\/#website\"},\"primaryImageOfPage\":{\"@id\":\"https:\/\/gr-100.com\/producto\/klein-spray-acabado-brillo\/#primaryimage\"},\"image\":{\"@id\":\"https:\/\/gr-100.com\/producto\/klein-spray-acabado-brillo\/#primaryimage\"},\"thumbnailUrl\":\"https:\/\/gr-100.com\/wp-content\/uploads\/2024\/05\/Df3f38f28-6923-4f3d-9b9f-30.jpg\",\"datePublished\":\"2024-07-01T10:00:32+00:00\",\"dateModified\":\"2025-11-27T09:16:59+00:00\",\"description\":\"KLEIN SPRAY ACABADO BRILLO, CON UNA ALTA PROTECCI\u00d3N PARA GOLPES Y ARA\u00d1AZOS. PULVERIZACI\u00d3N BOQUILLA ESPECIAL\",\"breadcrumb\":{\"@id\":\"https:\/\/gr-100.com\/producto\/klein-spray-acabado-brillo\/#breadcrumb\"},\"inLanguage\":\"pt-PT\",\"potentialAction\":[{\"@type\":\"ReadAction\",\"target\":[\"https:\/\/gr-100.com\/producto\/klein-spray-acabado-brillo\/\"]}]},{\"@type\":\"ImageObject\",\"inLanguage\":\"pt-PT\",\"@id\":\"https:\/\/gr-100.com\/producto\/klein-spray-acabado-brillo\/#primaryimage\",\"url\":\"https:\/\/gr-100.com\/wp-content\/uploads\/2024\/05\/Df3f38f28-6923-4f3d-9b9f-30.jpg\",\"contentUrl\":\"https:\/\/gr-100.com\/wp-content\/uploads\/2024\/05\/Df3f38f28-6923-4f3d-9b9f-30.jpg\",\"width\":1000,\"height\":1000},{\"@type\":\"BreadcrumbList\",\"@id\":\"https:\/\/gr-100.com\/producto\/klein-spray-acabado-brillo\/#breadcrumb\",\"itemListElement\":[{\"@type\":\"ListItem\",\"position\":1,\"name\":\"Portada\",\"item\":\"https:\/\/gr-100.com\/en\/\"},{\"@type\":\"ListItem\",\"position\":2,\"name\":\"Productos\",\"item\":\"https:\/\/gr-100.com\/?post_type=product\"},{\"@type\":\"ListItem\",\"position\":3,\"name\":\"Klein Spray Acabado Brillo\"}]},{\"@type\":\"WebSite\",\"@id\":\"https:\/\/gr-100.com\/#website\",\"url\":\"https:\/\/gr-100.com\/\",\"name\":\"Gr-100 Tienda de ciclismo Specialized\",\"description\":\"GR-100 tenemos todas las gamas de bicicletas Specialized al mejor precio.\",\"publisher\":{\"@id\":\"https:\/\/gr-100.com\/#organization\"},\"alternateName\":\"Gr-100 Bikes\",\"potentialAction\":[{\"@type\":\"SearchAction\",\"target\":{\"@type\":\"EntryPoint\",\"urlTemplate\":\"https:\/\/gr-100.com\/?s={search_term_string}\"},\"query-input\":{\"@type\":\"PropertyValueSpecification\",\"valueRequired\":true,\"valueName\":\"search_term_string\"}}],\"inLanguage\":\"pt-PT\"},{\"@type\":\"Organization\",\"@id\":\"https:\/\/gr-100.com\/#organization\",\"name\":\"Gr-100\",\"url\":\"https:\/\/gr-100.com\/\",\"logo\":{\"@type\":\"ImageObject\",\"inLanguage\":\"pt-PT\",\"@id\":\"https:\/\/gr-100.com\/#\/schema\/logo\/image\/\",\"url\":\"https:\/\/gr-100.com\/wp-content\/uploads\/2023\/08\/logo-gr-100-bikes.png\",\"contentUrl\":\"https:\/\/gr-100.com\/wp-content\/uploads\/2023\/08\/logo-gr-100-bikes.png\",\"width\":707,\"height\":284,\"caption\":\"Gr-100\"},\"image\":{\"@id\":\"https:\/\/gr-100.com\/#\/schema\/logo\/image\/\"},\"sameAs\":[\"https:\/\/www.facebook.com\/Gr100Bikes\",\"https:\/\/www.instagram.com\/gr100bikes\/\",\"https:\/\/www.tiktok.com\/@gr100bikes\",\"https:\/\/twitter.com\/gr100mtbteam\",\"https:\/\/www.youtube.com\/c\/GR100Specialized\"]}]}<\/script>\n<!-- \/ Yoast SEO Premium plugin. -->","yoast_head_json":{"title":"Klein Spray Acabado Brillo GR-100","description":"KLEIN SPRAY ACABADO BRILLO, CON UNA ALTA PROTECCI\u00d3N PARA GOLPES Y ARA\u00d1AZOS. PULVERIZACI\u00d3N BOQUILLA ESPECIAL","robots":{"index":"index","follow":"follow","max-snippet":"max-snippet:-1","max-image-preview":"max-image-preview:large","max-video-preview":"max-video-preview:-1"},"canonical":"https:\/\/gr-100.com\/producto\/klein-spray-acabado-brillo\/","og_locale":"pt_PT","og_type":"article","og_title":"Klein Spray Acabado Brillo","og_description":"KLEIN SPRAY ACABADO BRILLO, CON UNA ALTA PROTECCI\u00d3N PARA GOLPES Y ARA\u00d1AZOS. PULVERIZACI\u00d3N BOQUILLA ESPECIAL","og_url":"https:\/\/gr-100.com\/producto\/klein-spray-acabado-brillo\/","og_site_name":"Gr-100 Tienda de ciclismo Specialized","article_publisher":"https:\/\/www.facebook.com\/Gr100Bikes","article_modified_time":"2025-11-27T09:16:59+00:00","og_image":[{"width":1000,"height":1000,"url":"https:\/\/gr-100.com\/wp-content\/uploads\/2024\/05\/Df3f38f28-6923-4f3d-9b9f-30.jpg","type":"image\/jpeg"}],"twitter_card":"summary_large_image","twitter_misc":{"Tempo estimado de leitura":"1 minuto"},"schema":{"@context":"https:\/\/schema.org","@graph":[{"@type":"WebPage","@id":"https:\/\/gr-100.com\/producto\/klein-spray-acabado-brillo\/","url":"https:\/\/gr-100.com\/producto\/klein-spray-acabado-brillo\/","name":"Klein Spray Acabado Brillo GR-100","isPartOf":{"@id":"https:\/\/gr-100.com\/#website"},"primaryImageOfPage":{"@id":"https:\/\/gr-100.com\/producto\/klein-spray-acabado-brillo\/#primaryimage"},"image":{"@id":"https:\/\/gr-100.com\/producto\/klein-spray-acabado-brillo\/#primaryimage"},"thumbnailUrl":"https:\/\/gr-100.com\/wp-content\/uploads\/2024\/05\/Df3f38f28-6923-4f3d-9b9f-30.jpg","datePublished":"2024-07-01T10:00:32+00:00","dateModified":"2025-11-27T09:16:59+00:00","description":"KLEIN SPRAY ACABADO BRILLO, CON UNA ALTA PROTECCI\u00d3N PARA GOLPES Y ARA\u00d1AZOS. PULVERIZACI\u00d3N BOQUILLA ESPECIAL","breadcrumb":{"@id":"https:\/\/gr-100.com\/producto\/klein-spray-acabado-brillo\/#breadcrumb"},"inLanguage":"pt-PT","potentialAction":[{"@type":"ReadAction","target":["https:\/\/gr-100.com\/producto\/klein-spray-acabado-brillo\/"]}]},{"@type":"ImageObject","inLanguage":"pt-PT","@id":"https:\/\/gr-100.com\/producto\/klein-spray-acabado-brillo\/#primaryimage","url":"https:\/\/gr-100.com\/wp-content\/uploads\/2024\/05\/Df3f38f28-6923-4f3d-9b9f-30.jpg","contentUrl":"https:\/\/gr-100.com\/wp-content\/uploads\/2024\/05\/Df3f38f28-6923-4f3d-9b9f-30.jpg","width":1000,"height":1000},{"@type":"BreadcrumbList","@id":"https:\/\/gr-100.com\/producto\/klein-spray-acabado-brillo\/#breadcrumb","itemListElement":[{"@type":"ListItem","position":1,"name":"Portada","item":"https:\/\/gr-100.com\/en\/"},{"@type":"ListItem","position":2,"name":"Productos","item":"https:\/\/gr-100.com\/?post_type=product"},{"@type":"ListItem","position":3,"name":"Klein Spray Acabado Brillo"}]},{"@type":"WebSite","@id":"https:\/\/gr-100.com\/#website","url":"https:\/\/gr-100.com\/","name":"Gr-100 Tienda de ciclismo Specialized","description":"GR-100 tenemos todas las gamas de bicicletas Specialized al mejor precio.","publisher":{"@id":"https:\/\/gr-100.com\/#organization"},"alternateName":"Gr-100 Bikes","potentialAction":[{"@type":"SearchAction","target":{"@type":"EntryPoint","urlTemplate":"https:\/\/gr-100.com\/?s={search_term_string}"},"query-input":{"@type":"PropertyValueSpecification","valueRequired":true,"valueName":"search_term_string"}}],"inLanguage":"pt-PT"},{"@type":"Organization","@id":"https:\/\/gr-100.com\/#organization","name":"Gr-100","url":"https:\/\/gr-100.com\/","logo":{"@type":"ImageObject","inLanguage":"pt-PT","@id":"https:\/\/gr-100.com\/#\/schema\/logo\/image\/","url":"https:\/\/gr-100.com\/wp-content\/uploads\/2023\/08\/logo-gr-100-bikes.png","contentUrl":"https:\/\/gr-100.com\/wp-content\/uploads\/2023\/08\/logo-gr-100-bikes.png","width":707,"height":284,"caption":"Gr-100"},"image":{"@id":"https:\/\/gr-100.com\/#\/schema\/logo\/image\/"},"sameAs":["https:\/\/www.facebook.com\/Gr100Bikes","https:\/\/www.instagram.com\/gr100bikes\/","https:\/\/www.tiktok.com\/@gr100bikes","https:\/\/twitter.com\/gr100mtbteam","https:\/\/www.youtube.com\/c\/GR100Specialized"]}]}},"_links":{"self":[{"href":"https:\/\/gr-100.com\/pt-pt\/wp-json\/wp\/v2\/product\/372300","targetHints":{"allow":["GET"]}}],"collection":[{"href":"https:\/\/gr-100.com\/pt-pt\/wp-json\/wp\/v2\/product"}],"about":[{"href":"https:\/\/gr-100.com\/pt-pt\/wp-json\/wp\/v2\/types\/product"}],"replies":[{"embeddable":true,"href":"https:\/\/gr-100.com\/pt-pt\/wp-json\/wp\/v2\/comments?post=372300"}],"wp:featuredmedia":[{"embeddable":true,"href":"https:\/\/gr-100.com\/pt-pt\/wp-json\/wp\/v2\/media\/274480"}],"wp:attachment":[{"href":"https:\/\/gr-100.com\/pt-pt\/wp-json\/wp\/v2\/media?parent=372300"}],"wp:term":[{"taxonomy":"product_brand","embeddable":true,"href":"https:\/\/gr-100.com\/pt-pt\/wp-json\/wp\/v2\/product_brand?post=372300"},{"taxonomy":"product_cat","embeddable":true,"href":"https:\/\/gr-100.com\/pt-pt\/wp-json\/wp\/v2\/product_cat?post=372300"},{"taxonomy":"product_tag","embeddable":true,"href":"https:\/\/gr-100.com\/pt-pt\/wp-json\/wp\/v2\/product_tag?post=372300"}],"curies":[{"name":"wp","href":"https:\/\/api.w.org\/{rel}","templated":true}]}}