{"id":372542,"date":"2024-07-01T10:11:17","date_gmt":"2024-07-01T10:11:17","guid":{"rendered":"https:\/\/nuevo.gr-100.com\/producto\/specialized-s-works-phenom-carbon\/"},"modified":"2025-11-26T16:30:00","modified_gmt":"2025-11-26T14:30:00","slug":"specialized-s-works-phenom-carbon","status":"publish","type":"product","link":"https:\/\/gr-100.com\/pt-pt\/producto\/specialized-s-works-phenom-carbon\/","title":{"rendered":"Specialized S-Works Phenom Carbon"},"content":{"rendered":"<ul>\n<li>Dise\u00f1o Body Geometry patentado y testado en el laboratorio para asegurar un correcto flujo de sangre en las arterias sensibles.<\/li>\n<li>Acolchado EVA superligero que da comodidad y apoyo en largas rutas.<\/li>\n<li>Carcasa en fibra de carbono FACT con la flexibilidad precisa para proporcionar apoyo y comodidad al ciclista.<\/li>\n<li>Ra\u00edles de carbono FACT sobredimensionados, ultra r\u00edgidos y resistentes<\/li>\n<li>Nivel acolchado 2: acolchado media densidad; buena sensaci\u00f3n sobre la bici y con el relleno justo.<\/li>\n<li>Compatible con montaje SWAT\u2122, con roscas situadas en la base del sill\u00edn para tener plena integraci\u00f3n en soluciones del almacenamiento.<\/li>\n<li>NOTA: Los ra\u00edles de carbono de 7&#215;9 mm no son compatibles con tijas de sill\u00edn de ra\u00edles redondos de 7 mm<\/li>\n<li>Talla 143 mm \/ Peso 149 g<\/li>\n<li>Talla 155 mm \/ Peso 154 g<\/li>\n<\/ul>\n","protected":false},"excerpt":{"rendered":"<p>Ligero sill\u00edn de alta gama que cuenta con carcasa de fibra de carbono FACT dise\u00f1ada de manera espec\u00edfica para ofrecer la rigidez adecuada en carrera. Con parte trasera redondeada para evitar enganches y la cantidad de acolchado perfecta, resulta ideal para rutas que duran todo el d\u00eda.<\/p>\n","protected":false},"featured_media":269576,"comment_status":"closed","ping_status":"closed","template":"","meta":{"_acf_changed":false,"_et_pb_use_builder":"","_et_pb_old_content":"","_et_gb_content_width":"","inline_featured_image":false},"product_brand":[],"product_cat":[25,56],"product_tag":[],"class_list":{"0":"post-372542","1":"product","2":"type-product","3":"status-publish","4":"has-post-thumbnail","6":"product_cat-componentes","7":"product_cat-sillines","8":"product_shipping_class-componentes","10":"first","11":"outofstock","12":"taxable","13":"shipping-taxable","14":"product-type-variable","15":"wvs-archive-product-wrapper"},"acf":[],"yoast_head":"<!-- This site is optimized with the Yoast SEO Premium plugin v26.7 (Yoast SEO v26.7) - https:\/\/yoast.com\/wordpress\/plugins\/seo\/ -->\n<title>Specialized S-Works Phenom Carbon<\/title>\n<meta name=\"description\" content=\"GR 100 Specialized. Mejores precios sin competencia. Solicita tu oferta personalizada. Specialized S-Works Phenom Carbon.\" \/>\n<meta name=\"robots\" content=\"index, follow, max-snippet:-1, max-image-preview:large, max-video-preview:-1\" \/>\n<link rel=\"canonical\" href=\"https:\/\/gr-100.com\/producto\/specialized-s-works-phenom-carbon\/\" \/>\n<meta property=\"og:locale\" content=\"pt_PT\" \/>\n<meta property=\"og:type\" content=\"article\" \/>\n<meta property=\"og:title\" content=\"Specialized S-Works Phenom Carbon\" \/>\n<meta property=\"og:description\" content=\"GR 100 Specialized. Mejores precios sin competencia. Solicita tu oferta personalizada. Specialized S-Works Phenom Carbon.\" \/>\n<meta property=\"og:url\" content=\"https:\/\/gr-100.com\/producto\/specialized-s-works-phenom-carbon\/\" \/>\n<meta property=\"og:site_name\" content=\"Gr-100 Tienda de ciclismo Specialized\" \/>\n<meta property=\"article:publisher\" content=\"https:\/\/www.facebook.com\/Gr100Bikes\" \/>\n<meta property=\"article:modified_time\" content=\"2025-11-26T14:30:00+00:00\" \/>\n<meta property=\"og:image\" content=\"https:\/\/gr-100.com\/wp-content\/uploads\/2024\/05\/sw-phenom27220-200_SDDL_SW-.jpg\" \/>\n\t<meta property=\"og:image:width\" content=\"1000\" \/>\n\t<meta property=\"og:image:height\" content=\"1000\" \/>\n\t<meta property=\"og:image:type\" content=\"image\/jpeg\" \/>\n<meta name=\"twitter:card\" content=\"summary_large_image\" \/>\n<meta name=\"twitter:label1\" content=\"Tempo estimado de leitura\" \/>\n\t<meta name=\"twitter:data1\" content=\"1 minuto\" \/>\n<script type=\"application\/ld+json\" class=\"yoast-schema-graph\">{\"@context\":\"https:\/\/schema.org\",\"@graph\":[{\"@type\":\"WebPage\",\"@id\":\"https:\/\/gr-100.com\/producto\/specialized-s-works-phenom-carbon\/\",\"url\":\"https:\/\/gr-100.com\/producto\/specialized-s-works-phenom-carbon\/\",\"name\":\"Specialized S-Works Phenom Carbon\",\"isPartOf\":{\"@id\":\"https:\/\/gr-100.com\/#website\"},\"primaryImageOfPage\":{\"@id\":\"https:\/\/gr-100.com\/producto\/specialized-s-works-phenom-carbon\/#primaryimage\"},\"image\":{\"@id\":\"https:\/\/gr-100.com\/producto\/specialized-s-works-phenom-carbon\/#primaryimage\"},\"thumbnailUrl\":\"https:\/\/gr-100.com\/wp-content\/uploads\/2024\/05\/sw-phenom27220-200_SDDL_SW-.jpg\",\"datePublished\":\"2024-07-01T10:11:17+00:00\",\"dateModified\":\"2025-11-26T14:30:00+00:00\",\"description\":\"GR 100 Specialized. Mejores precios sin competencia. Solicita tu oferta personalizada. Specialized S-Works Phenom Carbon.\",\"breadcrumb\":{\"@id\":\"https:\/\/gr-100.com\/producto\/specialized-s-works-phenom-carbon\/#breadcrumb\"},\"inLanguage\":\"pt-PT\",\"potentialAction\":[{\"@type\":\"ReadAction\",\"target\":[\"https:\/\/gr-100.com\/producto\/specialized-s-works-phenom-carbon\/\"]}]},{\"@type\":\"ImageObject\",\"inLanguage\":\"pt-PT\",\"@id\":\"https:\/\/gr-100.com\/producto\/specialized-s-works-phenom-carbon\/#primaryimage\",\"url\":\"https:\/\/gr-100.com\/wp-content\/uploads\/2024\/05\/sw-phenom27220-200_SDDL_SW-.jpg\",\"contentUrl\":\"https:\/\/gr-100.com\/wp-content\/uploads\/2024\/05\/sw-phenom27220-200_SDDL_SW-.jpg\",\"width\":1000,\"height\":1000},{\"@type\":\"BreadcrumbList\",\"@id\":\"https:\/\/gr-100.com\/producto\/specialized-s-works-phenom-carbon\/#breadcrumb\",\"itemListElement\":[{\"@type\":\"ListItem\",\"position\":1,\"name\":\"Portada\",\"item\":\"https:\/\/gr-100.com\/en\/\"},{\"@type\":\"ListItem\",\"position\":2,\"name\":\"Productos\",\"item\":\"https:\/\/gr-100.com\/?post_type=product\"},{\"@type\":\"ListItem\",\"position\":3,\"name\":\"Specialized S-Works Phenom Carbon\"}]},{\"@type\":\"WebSite\",\"@id\":\"https:\/\/gr-100.com\/#website\",\"url\":\"https:\/\/gr-100.com\/\",\"name\":\"Gr-100 Tienda de ciclismo Specialized\",\"description\":\"GR-100 tenemos todas las gamas de bicicletas Specialized al mejor precio.\",\"publisher\":{\"@id\":\"https:\/\/gr-100.com\/#organization\"},\"alternateName\":\"Gr-100 Bikes\",\"potentialAction\":[{\"@type\":\"SearchAction\",\"target\":{\"@type\":\"EntryPoint\",\"urlTemplate\":\"https:\/\/gr-100.com\/?s={search_term_string}\"},\"query-input\":{\"@type\":\"PropertyValueSpecification\",\"valueRequired\":true,\"valueName\":\"search_term_string\"}}],\"inLanguage\":\"pt-PT\"},{\"@type\":\"Organization\",\"@id\":\"https:\/\/gr-100.com\/#organization\",\"name\":\"Gr-100\",\"url\":\"https:\/\/gr-100.com\/\",\"logo\":{\"@type\":\"ImageObject\",\"inLanguage\":\"pt-PT\",\"@id\":\"https:\/\/gr-100.com\/#\/schema\/logo\/image\/\",\"url\":\"https:\/\/gr-100.com\/wp-content\/uploads\/2023\/08\/logo-gr-100-bikes.png\",\"contentUrl\":\"https:\/\/gr-100.com\/wp-content\/uploads\/2023\/08\/logo-gr-100-bikes.png\",\"width\":707,\"height\":284,\"caption\":\"Gr-100\"},\"image\":{\"@id\":\"https:\/\/gr-100.com\/#\/schema\/logo\/image\/\"},\"sameAs\":[\"https:\/\/www.facebook.com\/Gr100Bikes\",\"https:\/\/www.instagram.com\/gr100bikes\/\",\"https:\/\/www.tiktok.com\/@gr100bikes\",\"https:\/\/twitter.com\/gr100mtbteam\",\"https:\/\/www.youtube.com\/c\/GR100Specialized\"]}]}<\/script>\n<!-- \/ Yoast SEO Premium plugin. -->","yoast_head_json":{"title":"Specialized S-Works Phenom Carbon","description":"GR 100 Specialized. Mejores precios sin competencia. Solicita tu oferta personalizada. Specialized S-Works Phenom Carbon.","robots":{"index":"index","follow":"follow","max-snippet":"max-snippet:-1","max-image-preview":"max-image-preview:large","max-video-preview":"max-video-preview:-1"},"canonical":"https:\/\/gr-100.com\/producto\/specialized-s-works-phenom-carbon\/","og_locale":"pt_PT","og_type":"article","og_title":"Specialized S-Works Phenom Carbon","og_description":"GR 100 Specialized. Mejores precios sin competencia. Solicita tu oferta personalizada. Specialized S-Works Phenom Carbon.","og_url":"https:\/\/gr-100.com\/producto\/specialized-s-works-phenom-carbon\/","og_site_name":"Gr-100 Tienda de ciclismo Specialized","article_publisher":"https:\/\/www.facebook.com\/Gr100Bikes","article_modified_time":"2025-11-26T14:30:00+00:00","og_image":[{"width":1000,"height":1000,"url":"https:\/\/gr-100.com\/wp-content\/uploads\/2024\/05\/sw-phenom27220-200_SDDL_SW-.jpg","type":"image\/jpeg"}],"twitter_card":"summary_large_image","twitter_misc":{"Tempo estimado de leitura":"1 minuto"},"schema":{"@context":"https:\/\/schema.org","@graph":[{"@type":"WebPage","@id":"https:\/\/gr-100.com\/producto\/specialized-s-works-phenom-carbon\/","url":"https:\/\/gr-100.com\/producto\/specialized-s-works-phenom-carbon\/","name":"Specialized S-Works Phenom Carbon","isPartOf":{"@id":"https:\/\/gr-100.com\/#website"},"primaryImageOfPage":{"@id":"https:\/\/gr-100.com\/producto\/specialized-s-works-phenom-carbon\/#primaryimage"},"image":{"@id":"https:\/\/gr-100.com\/producto\/specialized-s-works-phenom-carbon\/#primaryimage"},"thumbnailUrl":"https:\/\/gr-100.com\/wp-content\/uploads\/2024\/05\/sw-phenom27220-200_SDDL_SW-.jpg","datePublished":"2024-07-01T10:11:17+00:00","dateModified":"2025-11-26T14:30:00+00:00","description":"GR 100 Specialized. Mejores precios sin competencia. Solicita tu oferta personalizada. Specialized S-Works Phenom Carbon.","breadcrumb":{"@id":"https:\/\/gr-100.com\/producto\/specialized-s-works-phenom-carbon\/#breadcrumb"},"inLanguage":"pt-PT","potentialAction":[{"@type":"ReadAction","target":["https:\/\/gr-100.com\/producto\/specialized-s-works-phenom-carbon\/"]}]},{"@type":"ImageObject","inLanguage":"pt-PT","@id":"https:\/\/gr-100.com\/producto\/specialized-s-works-phenom-carbon\/#primaryimage","url":"https:\/\/gr-100.com\/wp-content\/uploads\/2024\/05\/sw-phenom27220-200_SDDL_SW-.jpg","contentUrl":"https:\/\/gr-100.com\/wp-content\/uploads\/2024\/05\/sw-phenom27220-200_SDDL_SW-.jpg","width":1000,"height":1000},{"@type":"BreadcrumbList","@id":"https:\/\/gr-100.com\/producto\/specialized-s-works-phenom-carbon\/#breadcrumb","itemListElement":[{"@type":"ListItem","position":1,"name":"Portada","item":"https:\/\/gr-100.com\/en\/"},{"@type":"ListItem","position":2,"name":"Productos","item":"https:\/\/gr-100.com\/?post_type=product"},{"@type":"ListItem","position":3,"name":"Specialized S-Works Phenom Carbon"}]},{"@type":"WebSite","@id":"https:\/\/gr-100.com\/#website","url":"https:\/\/gr-100.com\/","name":"Gr-100 Tienda de ciclismo Specialized","description":"GR-100 tenemos todas las gamas de bicicletas Specialized al mejor precio.","publisher":{"@id":"https:\/\/gr-100.com\/#organization"},"alternateName":"Gr-100 Bikes","potentialAction":[{"@type":"SearchAction","target":{"@type":"EntryPoint","urlTemplate":"https:\/\/gr-100.com\/?s={search_term_string}"},"query-input":{"@type":"PropertyValueSpecification","valueRequired":true,"valueName":"search_term_string"}}],"inLanguage":"pt-PT"},{"@type":"Organization","@id":"https:\/\/gr-100.com\/#organization","name":"Gr-100","url":"https:\/\/gr-100.com\/","logo":{"@type":"ImageObject","inLanguage":"pt-PT","@id":"https:\/\/gr-100.com\/#\/schema\/logo\/image\/","url":"https:\/\/gr-100.com\/wp-content\/uploads\/2023\/08\/logo-gr-100-bikes.png","contentUrl":"https:\/\/gr-100.com\/wp-content\/uploads\/2023\/08\/logo-gr-100-bikes.png","width":707,"height":284,"caption":"Gr-100"},"image":{"@id":"https:\/\/gr-100.com\/#\/schema\/logo\/image\/"},"sameAs":["https:\/\/www.facebook.com\/Gr100Bikes","https:\/\/www.instagram.com\/gr100bikes\/","https:\/\/www.tiktok.com\/@gr100bikes","https:\/\/twitter.com\/gr100mtbteam","https:\/\/www.youtube.com\/c\/GR100Specialized"]}]}},"_links":{"self":[{"href":"https:\/\/gr-100.com\/pt-pt\/wp-json\/wp\/v2\/product\/372542","targetHints":{"allow":["GET"]}}],"collection":[{"href":"https:\/\/gr-100.com\/pt-pt\/wp-json\/wp\/v2\/product"}],"about":[{"href":"https:\/\/gr-100.com\/pt-pt\/wp-json\/wp\/v2\/types\/product"}],"replies":[{"embeddable":true,"href":"https:\/\/gr-100.com\/pt-pt\/wp-json\/wp\/v2\/comments?post=372542"}],"wp:featuredmedia":[{"embeddable":true,"href":"https:\/\/gr-100.com\/pt-pt\/wp-json\/wp\/v2\/media\/269576"}],"wp:attachment":[{"href":"https:\/\/gr-100.com\/pt-pt\/wp-json\/wp\/v2\/media?parent=372542"}],"wp:term":[{"taxonomy":"product_brand","embeddable":true,"href":"https:\/\/gr-100.com\/pt-pt\/wp-json\/wp\/v2\/product_brand?post=372542"},{"taxonomy":"product_cat","embeddable":true,"href":"https:\/\/gr-100.com\/pt-pt\/wp-json\/wp\/v2\/product_cat?post=372542"},{"taxonomy":"product_tag","embeddable":true,"href":"https:\/\/gr-100.com\/pt-pt\/wp-json\/wp\/v2\/product_tag?post=372542"}],"curies":[{"name":"wp","href":"https:\/\/api.w.org\/{rel}","templated":true}]}}