{"id":372557,"date":"2024-07-01T10:11:48","date_gmt":"2024-07-01T10:11:48","guid":{"rendered":"https:\/\/nuevo.gr-100.com\/producto\/roval-rapide-clx-ii-rear-2024-tubeless\/"},"modified":"2025-12-18T16:44:33","modified_gmt":"2025-12-18T14:44:33","slug":"roval-rapide-clx-ii-rear-2024-tubeless","status":"publish","type":"product","link":"https:\/\/gr-100.com\/pt-pt\/producto\/roval-rapide-clx-ii-rear-2024-tubeless\/","title":{"rendered":"Roval Rapide CLX II Rear 2024 Tubeless"},"content":{"rendered":"<ul>\n<li>Llanta: Rapide CLX Cabon Clincher, 700c, Frenos de Disco, Tubeless<\/li>\n<li>Detalles de las llantas: Delantera, Perfil de 51 mm, ancho externo de 35 mm, ancho interno de 21 mm Trasera, Perfil de 60 mm, ancho externo de 35 mm, ancho interno de 21 mm<\/li>\n<li>Bujes: Roval Aero Hub (AFD01\/AFD02R) Center Lock, componentes internos DT Swiss 180 Ratchet EXP 36t (10 degs), 100x12mm &amp; 142x12mm, Shim. RD. 11SP HG<\/li>\n<li>Rodamientos: DT Swiss SINC con Rodamientos Cer\u00e1micos<\/li>\n<li>Radios: DT Swiss Aerolite T-head. Delantera: 18 radios Radial\/Un cruce (2:1), DS: 257mm, NDS: 252mm<\/li>\n<li>Cabecillas: DT Swiss Hex Prolock Al 2.0x14mm<\/li>\n<li>Tama\u00f1o de neum\u00e1ticos: 24mm &#8211; 38mm<\/li>\n<li>Peso: Juego completo 1,520g, Delantera 710g, Trasera 810g (incluyendo cinta y v\u00e1lvulas tubeles 15g)<\/li>\n<li>M\u00e9todo de ensamblado: Hechas a mano en todos los procesos, desde el laminado del carbono hasta el apriete de la \u00faltima cabecilla<\/li>\n<li>Extras: Cinta Roval, Kit de radios y cabecillas de repuestot, L\u00edmite del peso: 275lbs\/125kg<\/li>\n<\/ul>\n","protected":false},"excerpt":{"rendered":"<p>Desde 2020, las ruedas Rapide CLX han ganado m\u00e1s carreras en el World Tour que cualquier otra rueda, y acabamos de hacerlas m\u00e1s r\u00e1pidas. Conoce la nueva Rapide CLX II. Combinando la aerodin\u00e1mica de una rueda TT de secci\u00f3n profunda con el peso ligero de una rueda de escalada menos profunda y mezclando la eficiencia superior y el manejo sublime de un sistema sin c\u00e1mara, la Rapide CLX II ofrece la m\u00e1xima velocidad para la conducci\u00f3n en el mundo real.<\/p>\n<p>Hemos desarrollado formas claramente diferentes para las llantas delanteras y traseras de la Rapide CLX II. El resultado es un juego de ruedas que supera en prestaciones aerodin\u00e1micas a la mayor\u00eda de los modelos de 65 mm y aporta una mejora espectacular del 25% en la estabilidad en situaciones de r\u00e1fagas de viento en comparaci\u00f3n con las llantas de 50 mm en las r\u00e1fagas de viento.<\/p>\n<p>Las Rapide CLX II utilizan una llanta con gancho -permite presiones de hasta 110 psi, si eso es lo que necesitas- para una retenci\u00f3n segura del tal\u00f3n del neum\u00e1tico y para que la experiencia del ciclista en la configuraci\u00f3n y el montaje resulte m\u00e1s f\u00e1cil que nunca. Todo ello en una rueda que casi duplica los actuales est\u00e1ndares de impacto de la industria, a la vez que consigue el peso m\u00e1s ligero posible.<\/p>\n<p>Nuestros bujes AeroFlange est\u00e1n optimizados aerodin\u00e1micamente, con refuerzos para aumentar la resistencia y reducir el peso de los radios. Tambi\u00e9n se benefician de la reducci\u00f3n de peso y el aumento de la resistencia de los rodamientos cer\u00e1micos SINC y la legendaria durabilidad de los componentes internos EXP de DT Swiss.<\/p>\n","protected":false},"featured_media":269593,"comment_status":"closed","ping_status":"closed","template":"","meta":{"_acf_changed":false,"_et_pb_use_builder":"","_et_pb_old_content":"","_et_gb_content_width":"","inline_featured_image":false},"product_brand":[],"product_cat":[25,55],"product_tag":[],"class_list":{"0":"post-372557","1":"product","2":"type-product","3":"status-publish","4":"has-post-thumbnail","6":"product_cat-componentes","7":"product_cat-ruedas","8":"product_shipping_class-componentes","10":"first","11":"outofstock","12":"taxable","13":"shipping-taxable","14":"product-type-variable","15":"wvs-archive-product-wrapper"},"acf":[],"yoast_head":"<!-- This site is optimized with the Yoast SEO Premium plugin v26.7 (Yoast SEO v26.7) - https:\/\/yoast.com\/wordpress\/plugins\/seo\/ -->\n<title>Roval Rapide CLX II Rear 2024 Tubeless GR-100<\/title>\n<meta name=\"description\" content=\"GR 100 Specialized. Mejores precios sin competencia. Solicita tu oferta personalizada. Roval Rapide CLX II Rear 2024 Tubeless.\" \/>\n<meta name=\"robots\" content=\"index, follow, max-snippet:-1, max-image-preview:large, max-video-preview:-1\" \/>\n<link rel=\"canonical\" href=\"https:\/\/gr-100.com\/producto\/roval-rapide-clx-ii-rear-2024-tubeless\/\" \/>\n<meta property=\"og:locale\" content=\"pt_PT\" \/>\n<meta property=\"og:type\" content=\"article\" \/>\n<meta property=\"og:title\" content=\"Roval Rapide CLX II Rear 2024 Tubeless\" \/>\n<meta property=\"og:description\" content=\"GR 100 Specialized. Mejores precios sin competencia. Solicita tu oferta personalizada. Roval Rapide CLX II Rear 2024 Tubeless.\" \/>\n<meta property=\"og:url\" content=\"https:\/\/gr-100.com\/producto\/roval-rapide-clx-ii-rear-2024-tubeless\/\" \/>\n<meta property=\"og:site_name\" content=\"Gr-100 Tienda de ciclismo Specialized\" \/>\n<meta property=\"article:publisher\" content=\"https:\/\/www.facebook.com\/Gr100Bikes\" \/>\n<meta property=\"article:modified_time\" content=\"2025-12-18T14:44:33+00:00\" \/>\n<meta property=\"og:image\" content=\"https:\/\/gr-100.com\/wp-content\/uploads\/2024\/05\/6-Screenshot-of-30022-591_W.jpg\" \/>\n\t<meta property=\"og:image:width\" content=\"1000\" \/>\n\t<meta property=\"og:image:height\" content=\"1000\" \/>\n\t<meta property=\"og:image:type\" content=\"image\/jpeg\" \/>\n<meta name=\"twitter:card\" content=\"summary_large_image\" \/>\n<meta name=\"twitter:label1\" content=\"Tempo estimado de leitura\" \/>\n\t<meta name=\"twitter:data1\" content=\"1 minuto\" \/>\n<script type=\"application\/ld+json\" class=\"yoast-schema-graph\">{\"@context\":\"https:\/\/schema.org\",\"@graph\":[{\"@type\":\"WebPage\",\"@id\":\"https:\/\/gr-100.com\/producto\/roval-rapide-clx-ii-rear-2024-tubeless\/\",\"url\":\"https:\/\/gr-100.com\/producto\/roval-rapide-clx-ii-rear-2024-tubeless\/\",\"name\":\"Roval Rapide CLX II Rear 2024 Tubeless GR-100\",\"isPartOf\":{\"@id\":\"https:\/\/gr-100.com\/#website\"},\"primaryImageOfPage\":{\"@id\":\"https:\/\/gr-100.com\/producto\/roval-rapide-clx-ii-rear-2024-tubeless\/#primaryimage\"},\"image\":{\"@id\":\"https:\/\/gr-100.com\/producto\/roval-rapide-clx-ii-rear-2024-tubeless\/#primaryimage\"},\"thumbnailUrl\":\"https:\/\/gr-100.com\/wp-content\/uploads\/2024\/05\/6-Screenshot-of-30022-591_W.jpg\",\"datePublished\":\"2024-07-01T10:11:48+00:00\",\"dateModified\":\"2025-12-18T14:44:33+00:00\",\"description\":\"GR 100 Specialized. Mejores precios sin competencia. Solicita tu oferta personalizada. Roval Rapide CLX II Rear 2024 Tubeless.\",\"breadcrumb\":{\"@id\":\"https:\/\/gr-100.com\/producto\/roval-rapide-clx-ii-rear-2024-tubeless\/#breadcrumb\"},\"inLanguage\":\"pt-PT\",\"potentialAction\":[{\"@type\":\"ReadAction\",\"target\":[\"https:\/\/gr-100.com\/producto\/roval-rapide-clx-ii-rear-2024-tubeless\/\"]}]},{\"@type\":\"ImageObject\",\"inLanguage\":\"pt-PT\",\"@id\":\"https:\/\/gr-100.com\/producto\/roval-rapide-clx-ii-rear-2024-tubeless\/#primaryimage\",\"url\":\"https:\/\/gr-100.com\/wp-content\/uploads\/2024\/05\/6-Screenshot-of-30022-591_W.jpg\",\"contentUrl\":\"https:\/\/gr-100.com\/wp-content\/uploads\/2024\/05\/6-Screenshot-of-30022-591_W.jpg\",\"width\":1000,\"height\":1000},{\"@type\":\"BreadcrumbList\",\"@id\":\"https:\/\/gr-100.com\/producto\/roval-rapide-clx-ii-rear-2024-tubeless\/#breadcrumb\",\"itemListElement\":[{\"@type\":\"ListItem\",\"position\":1,\"name\":\"Portada\",\"item\":\"https:\/\/gr-100.com\/en\/\"},{\"@type\":\"ListItem\",\"position\":2,\"name\":\"Productos\",\"item\":\"https:\/\/gr-100.com\/?post_type=product\"},{\"@type\":\"ListItem\",\"position\":3,\"name\":\"Roval Rapide CLX II Rear 2024 Tubeless\"}]},{\"@type\":\"WebSite\",\"@id\":\"https:\/\/gr-100.com\/#website\",\"url\":\"https:\/\/gr-100.com\/\",\"name\":\"Gr-100 Tienda de ciclismo Specialized\",\"description\":\"GR-100 tenemos todas las gamas de bicicletas Specialized al mejor precio.\",\"publisher\":{\"@id\":\"https:\/\/gr-100.com\/#organization\"},\"alternateName\":\"Gr-100 Bikes\",\"potentialAction\":[{\"@type\":\"SearchAction\",\"target\":{\"@type\":\"EntryPoint\",\"urlTemplate\":\"https:\/\/gr-100.com\/?s={search_term_string}\"},\"query-input\":{\"@type\":\"PropertyValueSpecification\",\"valueRequired\":true,\"valueName\":\"search_term_string\"}}],\"inLanguage\":\"pt-PT\"},{\"@type\":\"Organization\",\"@id\":\"https:\/\/gr-100.com\/#organization\",\"name\":\"Gr-100\",\"url\":\"https:\/\/gr-100.com\/\",\"logo\":{\"@type\":\"ImageObject\",\"inLanguage\":\"pt-PT\",\"@id\":\"https:\/\/gr-100.com\/#\/schema\/logo\/image\/\",\"url\":\"https:\/\/gr-100.com\/wp-content\/uploads\/2023\/08\/logo-gr-100-bikes.png\",\"contentUrl\":\"https:\/\/gr-100.com\/wp-content\/uploads\/2023\/08\/logo-gr-100-bikes.png\",\"width\":707,\"height\":284,\"caption\":\"Gr-100\"},\"image\":{\"@id\":\"https:\/\/gr-100.com\/#\/schema\/logo\/image\/\"},\"sameAs\":[\"https:\/\/www.facebook.com\/Gr100Bikes\",\"https:\/\/www.instagram.com\/gr100bikes\/\",\"https:\/\/www.tiktok.com\/@gr100bikes\",\"https:\/\/twitter.com\/gr100mtbteam\",\"https:\/\/www.youtube.com\/c\/GR100Specialized\"]}]}<\/script>\n<!-- \/ Yoast SEO Premium plugin. -->","yoast_head_json":{"title":"Roval Rapide CLX II Rear 2024 Tubeless GR-100","description":"GR 100 Specialized. Mejores precios sin competencia. Solicita tu oferta personalizada. Roval Rapide CLX II Rear 2024 Tubeless.","robots":{"index":"index","follow":"follow","max-snippet":"max-snippet:-1","max-image-preview":"max-image-preview:large","max-video-preview":"max-video-preview:-1"},"canonical":"https:\/\/gr-100.com\/producto\/roval-rapide-clx-ii-rear-2024-tubeless\/","og_locale":"pt_PT","og_type":"article","og_title":"Roval Rapide CLX II Rear 2024 Tubeless","og_description":"GR 100 Specialized. Mejores precios sin competencia. Solicita tu oferta personalizada. Roval Rapide CLX II Rear 2024 Tubeless.","og_url":"https:\/\/gr-100.com\/producto\/roval-rapide-clx-ii-rear-2024-tubeless\/","og_site_name":"Gr-100 Tienda de ciclismo Specialized","article_publisher":"https:\/\/www.facebook.com\/Gr100Bikes","article_modified_time":"2025-12-18T14:44:33+00:00","og_image":[{"width":1000,"height":1000,"url":"https:\/\/gr-100.com\/wp-content\/uploads\/2024\/05\/6-Screenshot-of-30022-591_W.jpg","type":"image\/jpeg"}],"twitter_card":"summary_large_image","twitter_misc":{"Tempo estimado de leitura":"1 minuto"},"schema":{"@context":"https:\/\/schema.org","@graph":[{"@type":"WebPage","@id":"https:\/\/gr-100.com\/producto\/roval-rapide-clx-ii-rear-2024-tubeless\/","url":"https:\/\/gr-100.com\/producto\/roval-rapide-clx-ii-rear-2024-tubeless\/","name":"Roval Rapide CLX II Rear 2024 Tubeless GR-100","isPartOf":{"@id":"https:\/\/gr-100.com\/#website"},"primaryImageOfPage":{"@id":"https:\/\/gr-100.com\/producto\/roval-rapide-clx-ii-rear-2024-tubeless\/#primaryimage"},"image":{"@id":"https:\/\/gr-100.com\/producto\/roval-rapide-clx-ii-rear-2024-tubeless\/#primaryimage"},"thumbnailUrl":"https:\/\/gr-100.com\/wp-content\/uploads\/2024\/05\/6-Screenshot-of-30022-591_W.jpg","datePublished":"2024-07-01T10:11:48+00:00","dateModified":"2025-12-18T14:44:33+00:00","description":"GR 100 Specialized. Mejores precios sin competencia. Solicita tu oferta personalizada. Roval Rapide CLX II Rear 2024 Tubeless.","breadcrumb":{"@id":"https:\/\/gr-100.com\/producto\/roval-rapide-clx-ii-rear-2024-tubeless\/#breadcrumb"},"inLanguage":"pt-PT","potentialAction":[{"@type":"ReadAction","target":["https:\/\/gr-100.com\/producto\/roval-rapide-clx-ii-rear-2024-tubeless\/"]}]},{"@type":"ImageObject","inLanguage":"pt-PT","@id":"https:\/\/gr-100.com\/producto\/roval-rapide-clx-ii-rear-2024-tubeless\/#primaryimage","url":"https:\/\/gr-100.com\/wp-content\/uploads\/2024\/05\/6-Screenshot-of-30022-591_W.jpg","contentUrl":"https:\/\/gr-100.com\/wp-content\/uploads\/2024\/05\/6-Screenshot-of-30022-591_W.jpg","width":1000,"height":1000},{"@type":"BreadcrumbList","@id":"https:\/\/gr-100.com\/producto\/roval-rapide-clx-ii-rear-2024-tubeless\/#breadcrumb","itemListElement":[{"@type":"ListItem","position":1,"name":"Portada","item":"https:\/\/gr-100.com\/en\/"},{"@type":"ListItem","position":2,"name":"Productos","item":"https:\/\/gr-100.com\/?post_type=product"},{"@type":"ListItem","position":3,"name":"Roval Rapide CLX II Rear 2024 Tubeless"}]},{"@type":"WebSite","@id":"https:\/\/gr-100.com\/#website","url":"https:\/\/gr-100.com\/","name":"Gr-100 Tienda de ciclismo Specialized","description":"GR-100 tenemos todas las gamas de bicicletas Specialized al mejor precio.","publisher":{"@id":"https:\/\/gr-100.com\/#organization"},"alternateName":"Gr-100 Bikes","potentialAction":[{"@type":"SearchAction","target":{"@type":"EntryPoint","urlTemplate":"https:\/\/gr-100.com\/?s={search_term_string}"},"query-input":{"@type":"PropertyValueSpecification","valueRequired":true,"valueName":"search_term_string"}}],"inLanguage":"pt-PT"},{"@type":"Organization","@id":"https:\/\/gr-100.com\/#organization","name":"Gr-100","url":"https:\/\/gr-100.com\/","logo":{"@type":"ImageObject","inLanguage":"pt-PT","@id":"https:\/\/gr-100.com\/#\/schema\/logo\/image\/","url":"https:\/\/gr-100.com\/wp-content\/uploads\/2023\/08\/logo-gr-100-bikes.png","contentUrl":"https:\/\/gr-100.com\/wp-content\/uploads\/2023\/08\/logo-gr-100-bikes.png","width":707,"height":284,"caption":"Gr-100"},"image":{"@id":"https:\/\/gr-100.com\/#\/schema\/logo\/image\/"},"sameAs":["https:\/\/www.facebook.com\/Gr100Bikes","https:\/\/www.instagram.com\/gr100bikes\/","https:\/\/www.tiktok.com\/@gr100bikes","https:\/\/twitter.com\/gr100mtbteam","https:\/\/www.youtube.com\/c\/GR100Specialized"]}]}},"_links":{"self":[{"href":"https:\/\/gr-100.com\/pt-pt\/wp-json\/wp\/v2\/product\/372557","targetHints":{"allow":["GET"]}}],"collection":[{"href":"https:\/\/gr-100.com\/pt-pt\/wp-json\/wp\/v2\/product"}],"about":[{"href":"https:\/\/gr-100.com\/pt-pt\/wp-json\/wp\/v2\/types\/product"}],"replies":[{"embeddable":true,"href":"https:\/\/gr-100.com\/pt-pt\/wp-json\/wp\/v2\/comments?post=372557"}],"wp:featuredmedia":[{"embeddable":true,"href":"https:\/\/gr-100.com\/pt-pt\/wp-json\/wp\/v2\/media\/269593"}],"wp:attachment":[{"href":"https:\/\/gr-100.com\/pt-pt\/wp-json\/wp\/v2\/media?parent=372557"}],"wp:term":[{"taxonomy":"product_brand","embeddable":true,"href":"https:\/\/gr-100.com\/pt-pt\/wp-json\/wp\/v2\/product_brand?post=372557"},{"taxonomy":"product_cat","embeddable":true,"href":"https:\/\/gr-100.com\/pt-pt\/wp-json\/wp\/v2\/product_cat?post=372557"},{"taxonomy":"product_tag","embeddable":true,"href":"https:\/\/gr-100.com\/pt-pt\/wp-json\/wp\/v2\/product_tag?post=372557"}],"curies":[{"name":"wp","href":"https:\/\/api.w.org\/{rel}","templated":true}]}}