{"id":372835,"date":"2024-07-01T10:23:02","date_gmt":"2024-07-01T10:23:02","guid":{"rendered":"https:\/\/nuevo.gr-100.com\/producto\/fox-ranger-lite-short\/"},"modified":"2026-04-09T10:51:00","modified_gmt":"2026-04-09T09:51:00","slug":"fox-ranger-lite-short","status":"publish","type":"product","link":"https:\/\/gr-100.com\/pt-pt\/producto\/fox-ranger-lite-short\/","title":{"rendered":"Fox Ranger Lite Short"},"content":{"rendered":"<ul>\n<li>El tejido el\u00e1stico antidesgarrones maximiza el rendimiento en cada carrera<\/li>\n<li>Corte holgado para mejorar el rendimiento en la bici y el estilo cuando te bajes de ellaForro extra\u00edble con badana de doble densidad para una mayor comodidad sobre el sill\u00edn<\/li>\n<li>Cierre de corchete y cord\u00f3n lateral para un buen ajuste que se puede corregir sobre la marcha<\/li>\n<li>Cinturilla forrada de TruDri\u2122 que aleja el sudor del cuerpo para mantener la comodidad durante todo el d\u00eda<\/li>\n<li>Acabado DWR para no mojarte con las ramas h\u00famedas, los obst\u00e1culos y el barro<\/li>\n<\/ul>\n","protected":false},"excerpt":{"rendered":"<p>El pantal\u00f3n corto Ranger Lite combina el rendimiento que requiere el trail con un corte holgado y un estilo informal tanto en la bici como cuando te bajes de ella. Su tejido el\u00e1stico t\u00e9cnico es ligero y ofrece una excelente movilidad sobre la mountain bike y el material TruDri\u2122 en la cintura elimina la humedad. Este estilo b\u00e1sico lleva un cierre tradicional de corchete y se puede ajustar f\u00e1cilmente mientras pedaleas y se puede ajustar gracias a su cord\u00f3n lateral.<\/p>\n<p>El material lleva un acabado en DWR que elimina la humedad, la suciedad y los escombros mientras pedaleas e incluye un forro extra\u00edble de dos capas para aumentar la comodidad. El forro se puede quitar, pero aseg\u00farate de que te gusta el pantal\u00f3n antes de hacerlo, porque el pantal\u00f3n tiene que estar intacto en caso de devoluci\u00f3n.<\/p>\n","protected":false},"featured_media":278289,"comment_status":"closed","ping_status":"closed","template":"","meta":{"_acf_changed":false,"_et_pb_use_builder":"","_et_pb_old_content":"","_et_gb_content_width":"","inline_featured_image":false},"product_brand":[],"product_cat":[4330,50,2403,51,27],"product_tag":[],"class_list":{"0":"post-372835","1":"product","2":"type-product","3":"status-publish","4":"has-post-thumbnail","6":"product_cat-black-friday-2","7":"product_cat-equipaciones","8":"product_cat-outlet-equipacion","9":"product_cat-ropa","10":"product_cat-outlet","11":"product_shipping_class-equipacion","13":"first","14":"instock","15":"sale","16":"taxable","17":"shipping-taxable","18":"purchasable","19":"product-type-variable","20":"wvs-archive-product-wrapper"},"acf":[],"yoast_head":"<!-- This site is optimized with the Yoast SEO Premium plugin v26.7 (Yoast SEO v26.7) - https:\/\/yoast.com\/wordpress\/plugins\/seo\/ -->\n<title>Fox Ranger Lite Short<\/title>\n<meta name=\"description\" content=\"GR 100 Specialized. Mejores precios sin competencia. Solicita tu oferta personalizada. Modelo del producto: Fox Ranger Lite Short.\" \/>\n<meta name=\"robots\" content=\"index, follow, max-snippet:-1, max-image-preview:large, max-video-preview:-1\" \/>\n<link rel=\"canonical\" href=\"https:\/\/gr-100.com\/producto\/fox-ranger-lite-short\/\" \/>\n<meta property=\"og:locale\" content=\"pt_PT\" \/>\n<meta property=\"og:type\" content=\"article\" \/>\n<meta property=\"og:title\" content=\"Fox Ranger Lite Short\" \/>\n<meta property=\"og:description\" content=\"GR 100 Specialized. Mejores precios sin competencia. Solicita tu oferta personalizada. Modelo del producto: Fox Ranger Lite Short.\" \/>\n<meta property=\"og:url\" content=\"https:\/\/gr-100.com\/producto\/fox-ranger-lite-short\/\" \/>\n<meta property=\"og:site_name\" content=\"Gr-100 Tienda de ciclismo Specialized\" \/>\n<meta property=\"article:publisher\" content=\"https:\/\/www.facebook.com\/Gr100Bikes\" \/>\n<meta property=\"article:modified_time\" content=\"2026-04-09T09:51:00+00:00\" \/>\n<meta property=\"og:image\" content=\"https:\/\/gr-100.com\/wp-content\/uploads\/2024\/05\/28881001_2.webp\" \/>\n\t<meta property=\"og:image:width\" content=\"1000\" \/>\n\t<meta property=\"og:image:height\" content=\"1000\" \/>\n\t<meta property=\"og:image:type\" content=\"image\/webp\" \/>\n<meta name=\"twitter:card\" content=\"summary_large_image\" \/>\n<meta name=\"twitter:label1\" content=\"Tempo estimado de leitura\" \/>\n\t<meta name=\"twitter:data1\" content=\"1 minuto\" \/>\n<script type=\"application\/ld+json\" class=\"yoast-schema-graph\">{\"@context\":\"https:\/\/schema.org\",\"@graph\":[{\"@type\":\"WebPage\",\"@id\":\"https:\/\/gr-100.com\/producto\/fox-ranger-lite-short\/\",\"url\":\"https:\/\/gr-100.com\/producto\/fox-ranger-lite-short\/\",\"name\":\"Fox Ranger Lite Short\",\"isPartOf\":{\"@id\":\"https:\/\/gr-100.com\/#website\"},\"primaryImageOfPage\":{\"@id\":\"https:\/\/gr-100.com\/producto\/fox-ranger-lite-short\/#primaryimage\"},\"image\":{\"@id\":\"https:\/\/gr-100.com\/producto\/fox-ranger-lite-short\/#primaryimage\"},\"thumbnailUrl\":\"https:\/\/gr-100.com\/wp-content\/uploads\/2024\/05\/28881001_2.webp\",\"datePublished\":\"2024-07-01T10:23:02+00:00\",\"dateModified\":\"2026-04-09T09:51:00+00:00\",\"description\":\"GR 100 Specialized. Mejores precios sin competencia. Solicita tu oferta personalizada. Modelo del producto: Fox Ranger Lite Short.\",\"breadcrumb\":{\"@id\":\"https:\/\/gr-100.com\/producto\/fox-ranger-lite-short\/#breadcrumb\"},\"inLanguage\":\"pt-PT\",\"potentialAction\":[{\"@type\":\"ReadAction\",\"target\":[\"https:\/\/gr-100.com\/producto\/fox-ranger-lite-short\/\"]}]},{\"@type\":\"ImageObject\",\"inLanguage\":\"pt-PT\",\"@id\":\"https:\/\/gr-100.com\/producto\/fox-ranger-lite-short\/#primaryimage\",\"url\":\"https:\/\/gr-100.com\/wp-content\/uploads\/2024\/05\/28881001_2.webp\",\"contentUrl\":\"https:\/\/gr-100.com\/wp-content\/uploads\/2024\/05\/28881001_2.webp\",\"width\":1000,\"height\":1000},{\"@type\":\"BreadcrumbList\",\"@id\":\"https:\/\/gr-100.com\/producto\/fox-ranger-lite-short\/#breadcrumb\",\"itemListElement\":[{\"@type\":\"ListItem\",\"position\":1,\"name\":\"Portada\",\"item\":\"https:\/\/gr-100.com\/en\/\"},{\"@type\":\"ListItem\",\"position\":2,\"name\":\"Productos\",\"item\":\"https:\/\/gr-100.com\/?post_type=product\"},{\"@type\":\"ListItem\",\"position\":3,\"name\":\"Fox Ranger Lite Short\"}]},{\"@type\":\"WebSite\",\"@id\":\"https:\/\/gr-100.com\/#website\",\"url\":\"https:\/\/gr-100.com\/\",\"name\":\"Gr-100 Tienda de ciclismo Specialized\",\"description\":\"GR-100 tenemos todas las gamas de bicicletas Specialized al mejor precio.\",\"publisher\":{\"@id\":\"https:\/\/gr-100.com\/#organization\"},\"alternateName\":\"Gr-100 Bikes\",\"potentialAction\":[{\"@type\":\"SearchAction\",\"target\":{\"@type\":\"EntryPoint\",\"urlTemplate\":\"https:\/\/gr-100.com\/?s={search_term_string}\"},\"query-input\":{\"@type\":\"PropertyValueSpecification\",\"valueRequired\":true,\"valueName\":\"search_term_string\"}}],\"inLanguage\":\"pt-PT\"},{\"@type\":\"Organization\",\"@id\":\"https:\/\/gr-100.com\/#organization\",\"name\":\"Gr-100\",\"url\":\"https:\/\/gr-100.com\/\",\"logo\":{\"@type\":\"ImageObject\",\"inLanguage\":\"pt-PT\",\"@id\":\"https:\/\/gr-100.com\/#\/schema\/logo\/image\/\",\"url\":\"https:\/\/gr-100.com\/wp-content\/uploads\/2023\/08\/logo-gr-100-bikes.png\",\"contentUrl\":\"https:\/\/gr-100.com\/wp-content\/uploads\/2023\/08\/logo-gr-100-bikes.png\",\"width\":707,\"height\":284,\"caption\":\"Gr-100\"},\"image\":{\"@id\":\"https:\/\/gr-100.com\/#\/schema\/logo\/image\/\"},\"sameAs\":[\"https:\/\/www.facebook.com\/Gr100Bikes\",\"https:\/\/www.instagram.com\/gr100bikes\/\",\"https:\/\/www.tiktok.com\/@gr100bikes\",\"https:\/\/twitter.com\/gr100mtbteam\",\"https:\/\/www.youtube.com\/c\/GR100Specialized\"]}]}<\/script>\n<!-- \/ Yoast SEO Premium plugin. -->","yoast_head_json":{"title":"Fox Ranger Lite Short","description":"GR 100 Specialized. Mejores precios sin competencia. Solicita tu oferta personalizada. Modelo del producto: Fox Ranger Lite Short.","robots":{"index":"index","follow":"follow","max-snippet":"max-snippet:-1","max-image-preview":"max-image-preview:large","max-video-preview":"max-video-preview:-1"},"canonical":"https:\/\/gr-100.com\/producto\/fox-ranger-lite-short\/","og_locale":"pt_PT","og_type":"article","og_title":"Fox Ranger Lite Short","og_description":"GR 100 Specialized. Mejores precios sin competencia. Solicita tu oferta personalizada. Modelo del producto: Fox Ranger Lite Short.","og_url":"https:\/\/gr-100.com\/producto\/fox-ranger-lite-short\/","og_site_name":"Gr-100 Tienda de ciclismo Specialized","article_publisher":"https:\/\/www.facebook.com\/Gr100Bikes","article_modified_time":"2026-04-09T09:51:00+00:00","og_image":[{"width":1000,"height":1000,"url":"https:\/\/gr-100.com\/wp-content\/uploads\/2024\/05\/28881001_2.webp","type":"image\/webp"}],"twitter_card":"summary_large_image","twitter_misc":{"Tempo estimado de leitura":"1 minuto"},"schema":{"@context":"https:\/\/schema.org","@graph":[{"@type":"WebPage","@id":"https:\/\/gr-100.com\/producto\/fox-ranger-lite-short\/","url":"https:\/\/gr-100.com\/producto\/fox-ranger-lite-short\/","name":"Fox Ranger Lite Short","isPartOf":{"@id":"https:\/\/gr-100.com\/#website"},"primaryImageOfPage":{"@id":"https:\/\/gr-100.com\/producto\/fox-ranger-lite-short\/#primaryimage"},"image":{"@id":"https:\/\/gr-100.com\/producto\/fox-ranger-lite-short\/#primaryimage"},"thumbnailUrl":"https:\/\/gr-100.com\/wp-content\/uploads\/2024\/05\/28881001_2.webp","datePublished":"2024-07-01T10:23:02+00:00","dateModified":"2026-04-09T09:51:00+00:00","description":"GR 100 Specialized. Mejores precios sin competencia. Solicita tu oferta personalizada. Modelo del producto: Fox Ranger Lite Short.","breadcrumb":{"@id":"https:\/\/gr-100.com\/producto\/fox-ranger-lite-short\/#breadcrumb"},"inLanguage":"pt-PT","potentialAction":[{"@type":"ReadAction","target":["https:\/\/gr-100.com\/producto\/fox-ranger-lite-short\/"]}]},{"@type":"ImageObject","inLanguage":"pt-PT","@id":"https:\/\/gr-100.com\/producto\/fox-ranger-lite-short\/#primaryimage","url":"https:\/\/gr-100.com\/wp-content\/uploads\/2024\/05\/28881001_2.webp","contentUrl":"https:\/\/gr-100.com\/wp-content\/uploads\/2024\/05\/28881001_2.webp","width":1000,"height":1000},{"@type":"BreadcrumbList","@id":"https:\/\/gr-100.com\/producto\/fox-ranger-lite-short\/#breadcrumb","itemListElement":[{"@type":"ListItem","position":1,"name":"Portada","item":"https:\/\/gr-100.com\/en\/"},{"@type":"ListItem","position":2,"name":"Productos","item":"https:\/\/gr-100.com\/?post_type=product"},{"@type":"ListItem","position":3,"name":"Fox Ranger Lite Short"}]},{"@type":"WebSite","@id":"https:\/\/gr-100.com\/#website","url":"https:\/\/gr-100.com\/","name":"Gr-100 Tienda de ciclismo Specialized","description":"GR-100 tenemos todas las gamas de bicicletas Specialized al mejor precio.","publisher":{"@id":"https:\/\/gr-100.com\/#organization"},"alternateName":"Gr-100 Bikes","potentialAction":[{"@type":"SearchAction","target":{"@type":"EntryPoint","urlTemplate":"https:\/\/gr-100.com\/?s={search_term_string}"},"query-input":{"@type":"PropertyValueSpecification","valueRequired":true,"valueName":"search_term_string"}}],"inLanguage":"pt-PT"},{"@type":"Organization","@id":"https:\/\/gr-100.com\/#organization","name":"Gr-100","url":"https:\/\/gr-100.com\/","logo":{"@type":"ImageObject","inLanguage":"pt-PT","@id":"https:\/\/gr-100.com\/#\/schema\/logo\/image\/","url":"https:\/\/gr-100.com\/wp-content\/uploads\/2023\/08\/logo-gr-100-bikes.png","contentUrl":"https:\/\/gr-100.com\/wp-content\/uploads\/2023\/08\/logo-gr-100-bikes.png","width":707,"height":284,"caption":"Gr-100"},"image":{"@id":"https:\/\/gr-100.com\/#\/schema\/logo\/image\/"},"sameAs":["https:\/\/www.facebook.com\/Gr100Bikes","https:\/\/www.instagram.com\/gr100bikes\/","https:\/\/www.tiktok.com\/@gr100bikes","https:\/\/twitter.com\/gr100mtbteam","https:\/\/www.youtube.com\/c\/GR100Specialized"]}]}},"_links":{"self":[{"href":"https:\/\/gr-100.com\/pt-pt\/wp-json\/wp\/v2\/product\/372835","targetHints":{"allow":["GET"]}}],"collection":[{"href":"https:\/\/gr-100.com\/pt-pt\/wp-json\/wp\/v2\/product"}],"about":[{"href":"https:\/\/gr-100.com\/pt-pt\/wp-json\/wp\/v2\/types\/product"}],"replies":[{"embeddable":true,"href":"https:\/\/gr-100.com\/pt-pt\/wp-json\/wp\/v2\/comments?post=372835"}],"wp:featuredmedia":[{"embeddable":true,"href":"https:\/\/gr-100.com\/pt-pt\/wp-json\/wp\/v2\/media\/278289"}],"wp:attachment":[{"href":"https:\/\/gr-100.com\/pt-pt\/wp-json\/wp\/v2\/media?parent=372835"}],"wp:term":[{"taxonomy":"product_brand","embeddable":true,"href":"https:\/\/gr-100.com\/pt-pt\/wp-json\/wp\/v2\/product_brand?post=372835"},{"taxonomy":"product_cat","embeddable":true,"href":"https:\/\/gr-100.com\/pt-pt\/wp-json\/wp\/v2\/product_cat?post=372835"},{"taxonomy":"product_tag","embeddable":true,"href":"https:\/\/gr-100.com\/pt-pt\/wp-json\/wp\/v2\/product_tag?post=372835"}],"curies":[{"name":"wp","href":"https:\/\/api.w.org\/{rel}","templated":true}]}}