{"id":373035,"date":"2024-07-01T10:31:35","date_gmt":"2024-07-01T10:31:35","guid":{"rendered":"https:\/\/nuevo.gr-100.com\/producto\/specialized-s-works-turbo-2br-2bliss-ready-t2-t5\/"},"modified":"2026-03-22T17:46:15","modified_gmt":"2026-03-22T16:46:15","slug":"specialized-s-works-turbo-2br-2bliss-ready-t2-t5","status":"publish","type":"product","link":"https:\/\/gr-100.com\/pt-pt\/producto\/specialized-s-works-turbo-2br-2bliss-ready-t2-t5\/","title":{"rendered":"Specialized S-Works Turbo 2BR 2Bliss Ready T2\/T5"},"content":{"rendered":"<ul>\n<li>Carcasa: 120 TPI<\/li>\n<li>Cuenta: plegable 2Bliss Ready<\/li>\n<li>Compuesto doble: GRIPTON\u00ae T2\/T5<\/li>\n<li>Protecci\u00f3n plana: BlackBelt<\/li>\n<li>700 x 26 mm, psi 70-110, peso aproximado 260 g<\/li>\n<li>700 x 28 mm, psi 70-95, peso aproximado 280 g<\/li>\n<li>700 x 30 mm, psi 65-90, peso aproximado 300 g<\/li>\n<\/ul>\n","protected":false},"excerpt":{"rendered":"<p>Cuando el rendimiento sin c\u00e1mara el d\u00eda de la carrera es obligatorio, pero la durabilidad en caminos dif\u00edciles durante toda la temporada es igual de importante, el S-Works 2BR ofrece, desde cl\u00e1sicos adoquinados hasta tu paseo diario para almorzar. Nuestro nuevo compuesto Gripton T2 es el compuesto m\u00e1s r\u00e1pido y eficiente que jam\u00e1s hayamos creado. Hemos combinado esto con el agarre legendario de nuestro compuesto Gripton T5 en los hombros para que el Turbo 2BR tenga m\u00e1s agarre, velocidad y durabilidad que nunca: seis vatios m\u00e1s r\u00e1pido que el 2BR anterior y solo 260 gramos para un neum\u00e1tico de 26 mm.<\/p>\n<p>Como neum\u00e1tico sin c\u00e1mara, el nuevo Turbo 2BR puede autosellarse los pinchazos cuando se usa con el sellador RapidAir, es decir, si un pinchazo puede perforar la protecci\u00f3n Blackbelt debajo de la banda de rodadura, que ofrece un 8 % m\u00e1s de protecci\u00f3n contra pinchazos que el neum\u00e1tico anterior. Este nuevo Blackbelt se cre\u00f3 utilizando una protecci\u00f3n h\u00edbrida de Kevlar debajo de la banda de rodadura. No solo tiene una mejor protecci\u00f3n contra pinchazos, sino tambi\u00e9n un peso m\u00e1s ligero y m\u00e1s flexibilidad para una conducci\u00f3n m\u00e1s \u00e1gil.<\/p>\n<p>El nuevo S-Works Turbo 2BR tambi\u00e9n es compatible con llantas con gancho y sin gancho para la flexibilidad de montar las ruedas y la presi\u00f3n que desea. Nuestras nuevas perlas reforzadas con Zylon tambi\u00e9n superan los est\u00e1ndares de presi\u00f3n de explosi\u00f3n sin gancho en un 200 % para una m\u00e1xima tranquilidad. Cuando se trata de eficiencia y un gran manejo en concierto con una durabilidad incre\u00edble, ver\u00e1 el S-Works Turbo 2BR funcionando en todas partes, desde el World Tour hasta los paseos de entrenamiento locales.<\/p>\n","protected":false},"featured_media":278641,"comment_status":"closed","ping_status":"closed","template":"","meta":{"_acf_changed":false,"_et_pb_use_builder":"","_et_pb_old_content":"","_et_gb_content_width":"","inline_featured_image":false},"product_brand":[],"product_cat":[25,45],"product_tag":[],"class_list":{"0":"post-373035","1":"product","2":"type-product","3":"status-publish","4":"has-post-thumbnail","6":"product_cat-componentes","7":"product_cat-cubiertas-y-camaras","8":"product_shipping_class-componentes","9":"pa_tamanos-700x26","10":"pa_tamanos-700x28","11":"pa_tamanos-700x30","13":"first","14":"instock","15":"taxable","16":"shipping-taxable","17":"purchasable","18":"product-type-variable","19":"wvs-archive-product-wrapper"},"acf":[],"yoast_head":"<!-- This site is optimized with the Yoast SEO Premium plugin v26.7 (Yoast SEO v26.7) - https:\/\/yoast.com\/wordpress\/plugins\/seo\/ -->\n<title>Specialized S-Works Turbo 2BR 2Bliss Ready T2\/T5<\/title>\n<meta name=\"description\" content=\"GR 100 Specialized. Mejores precios sin competencia. Solicita tu oferta personalizada. Specialized S-Works Turbo 2BR 2Bliss Ready T2\/T5\" \/>\n<meta name=\"robots\" content=\"index, follow, max-snippet:-1, max-image-preview:large, max-video-preview:-1\" \/>\n<link rel=\"canonical\" href=\"https:\/\/gr-100.com\/producto\/specialized-s-works-turbo-2br-2bliss-ready-t2-t5\/\" \/>\n<meta property=\"og:locale\" content=\"pt_PT\" \/>\n<meta property=\"og:type\" content=\"article\" \/>\n<meta property=\"og:title\" content=\"Specialized S-Works Turbo 2BR 2Bliss Ready T2\/T5\" \/>\n<meta property=\"og:description\" content=\"GR 100 Specialized. Mejores precios sin competencia. Solicita tu oferta personalizada. Specialized S-Works Turbo 2BR 2Bliss Ready T2\/T5\" \/>\n<meta property=\"og:url\" content=\"https:\/\/gr-100.com\/producto\/specialized-s-works-turbo-2br-2bliss-ready-t2-t5\/\" \/>\n<meta property=\"og:site_name\" content=\"Gr-100 Tienda de ciclismo Specialized\" \/>\n<meta property=\"article:publisher\" content=\"https:\/\/www.facebook.com\/Gr100Bikes\" \/>\n<meta property=\"article:modified_time\" content=\"2026-03-22T16:46:15+00:00\" \/>\n<meta property=\"og:image\" content=\"https:\/\/gr-100.com\/wp-content\/uploads\/2024\/05\/00022-115_TIRE_SW-TURBO-2BR.jpg\" \/>\n\t<meta property=\"og:image:width\" content=\"1000\" \/>\n\t<meta property=\"og:image:height\" content=\"1000\" \/>\n\t<meta property=\"og:image:type\" content=\"image\/jpeg\" \/>\n<meta name=\"twitter:card\" content=\"summary_large_image\" \/>\n<meta name=\"twitter:label1\" content=\"Tempo estimado de leitura\" \/>\n\t<meta name=\"twitter:data1\" content=\"1 minuto\" \/>\n<script type=\"application\/ld+json\" class=\"yoast-schema-graph\">{\"@context\":\"https:\/\/schema.org\",\"@graph\":[{\"@type\":\"WebPage\",\"@id\":\"https:\/\/gr-100.com\/producto\/specialized-s-works-turbo-2br-2bliss-ready-t2-t5\/\",\"url\":\"https:\/\/gr-100.com\/producto\/specialized-s-works-turbo-2br-2bliss-ready-t2-t5\/\",\"name\":\"Specialized S-Works Turbo 2BR 2Bliss Ready T2\/T5\",\"isPartOf\":{\"@id\":\"https:\/\/gr-100.com\/#website\"},\"primaryImageOfPage\":{\"@id\":\"https:\/\/gr-100.com\/producto\/specialized-s-works-turbo-2br-2bliss-ready-t2-t5\/#primaryimage\"},\"image\":{\"@id\":\"https:\/\/gr-100.com\/producto\/specialized-s-works-turbo-2br-2bliss-ready-t2-t5\/#primaryimage\"},\"thumbnailUrl\":\"https:\/\/gr-100.com\/wp-content\/uploads\/2024\/05\/00022-115_TIRE_SW-TURBO-2BR.jpg\",\"datePublished\":\"2024-07-01T10:31:35+00:00\",\"dateModified\":\"2026-03-22T16:46:15+00:00\",\"description\":\"GR 100 Specialized. Mejores precios sin competencia. Solicita tu oferta personalizada. Specialized S-Works Turbo 2BR 2Bliss Ready T2\/T5\",\"breadcrumb\":{\"@id\":\"https:\/\/gr-100.com\/producto\/specialized-s-works-turbo-2br-2bliss-ready-t2-t5\/#breadcrumb\"},\"inLanguage\":\"pt-PT\",\"potentialAction\":[{\"@type\":\"ReadAction\",\"target\":[\"https:\/\/gr-100.com\/producto\/specialized-s-works-turbo-2br-2bliss-ready-t2-t5\/\"]}]},{\"@type\":\"ImageObject\",\"inLanguage\":\"pt-PT\",\"@id\":\"https:\/\/gr-100.com\/producto\/specialized-s-works-turbo-2br-2bliss-ready-t2-t5\/#primaryimage\",\"url\":\"https:\/\/gr-100.com\/wp-content\/uploads\/2024\/05\/00022-115_TIRE_SW-TURBO-2BR.jpg\",\"contentUrl\":\"https:\/\/gr-100.com\/wp-content\/uploads\/2024\/05\/00022-115_TIRE_SW-TURBO-2BR.jpg\",\"width\":1000,\"height\":1000},{\"@type\":\"BreadcrumbList\",\"@id\":\"https:\/\/gr-100.com\/producto\/specialized-s-works-turbo-2br-2bliss-ready-t2-t5\/#breadcrumb\",\"itemListElement\":[{\"@type\":\"ListItem\",\"position\":1,\"name\":\"Portada\",\"item\":\"https:\/\/gr-100.com\/en\/\"},{\"@type\":\"ListItem\",\"position\":2,\"name\":\"Productos\",\"item\":\"https:\/\/gr-100.com\/?post_type=product\"},{\"@type\":\"ListItem\",\"position\":3,\"name\":\"Specialized S-Works Turbo 2BR 2Bliss Ready T2\/T5\"}]},{\"@type\":\"WebSite\",\"@id\":\"https:\/\/gr-100.com\/#website\",\"url\":\"https:\/\/gr-100.com\/\",\"name\":\"Gr-100 Tienda de ciclismo Specialized\",\"description\":\"GR-100 tenemos todas las gamas de bicicletas Specialized al mejor precio.\",\"publisher\":{\"@id\":\"https:\/\/gr-100.com\/#organization\"},\"alternateName\":\"Gr-100 Bikes\",\"potentialAction\":[{\"@type\":\"SearchAction\",\"target\":{\"@type\":\"EntryPoint\",\"urlTemplate\":\"https:\/\/gr-100.com\/?s={search_term_string}\"},\"query-input\":{\"@type\":\"PropertyValueSpecification\",\"valueRequired\":true,\"valueName\":\"search_term_string\"}}],\"inLanguage\":\"pt-PT\"},{\"@type\":\"Organization\",\"@id\":\"https:\/\/gr-100.com\/#organization\",\"name\":\"Gr-100\",\"url\":\"https:\/\/gr-100.com\/\",\"logo\":{\"@type\":\"ImageObject\",\"inLanguage\":\"pt-PT\",\"@id\":\"https:\/\/gr-100.com\/#\/schema\/logo\/image\/\",\"url\":\"https:\/\/gr-100.com\/wp-content\/uploads\/2023\/08\/logo-gr-100-bikes.png\",\"contentUrl\":\"https:\/\/gr-100.com\/wp-content\/uploads\/2023\/08\/logo-gr-100-bikes.png\",\"width\":707,\"height\":284,\"caption\":\"Gr-100\"},\"image\":{\"@id\":\"https:\/\/gr-100.com\/#\/schema\/logo\/image\/\"},\"sameAs\":[\"https:\/\/www.facebook.com\/Gr100Bikes\",\"https:\/\/www.instagram.com\/gr100bikes\/\",\"https:\/\/www.tiktok.com\/@gr100bikes\",\"https:\/\/twitter.com\/gr100mtbteam\",\"https:\/\/www.youtube.com\/c\/GR100Specialized\"]}]}<\/script>\n<!-- \/ Yoast SEO Premium plugin. -->","yoast_head_json":{"title":"Specialized S-Works Turbo 2BR 2Bliss Ready T2\/T5","description":"GR 100 Specialized. Mejores precios sin competencia. Solicita tu oferta personalizada. Specialized S-Works Turbo 2BR 2Bliss Ready T2\/T5","robots":{"index":"index","follow":"follow","max-snippet":"max-snippet:-1","max-image-preview":"max-image-preview:large","max-video-preview":"max-video-preview:-1"},"canonical":"https:\/\/gr-100.com\/producto\/specialized-s-works-turbo-2br-2bliss-ready-t2-t5\/","og_locale":"pt_PT","og_type":"article","og_title":"Specialized S-Works Turbo 2BR 2Bliss Ready T2\/T5","og_description":"GR 100 Specialized. Mejores precios sin competencia. Solicita tu oferta personalizada. Specialized S-Works Turbo 2BR 2Bliss Ready T2\/T5","og_url":"https:\/\/gr-100.com\/producto\/specialized-s-works-turbo-2br-2bliss-ready-t2-t5\/","og_site_name":"Gr-100 Tienda de ciclismo Specialized","article_publisher":"https:\/\/www.facebook.com\/Gr100Bikes","article_modified_time":"2026-03-22T16:46:15+00:00","og_image":[{"width":1000,"height":1000,"url":"https:\/\/gr-100.com\/wp-content\/uploads\/2024\/05\/00022-115_TIRE_SW-TURBO-2BR.jpg","type":"image\/jpeg"}],"twitter_card":"summary_large_image","twitter_misc":{"Tempo estimado de leitura":"1 minuto"},"schema":{"@context":"https:\/\/schema.org","@graph":[{"@type":"WebPage","@id":"https:\/\/gr-100.com\/producto\/specialized-s-works-turbo-2br-2bliss-ready-t2-t5\/","url":"https:\/\/gr-100.com\/producto\/specialized-s-works-turbo-2br-2bliss-ready-t2-t5\/","name":"Specialized S-Works Turbo 2BR 2Bliss Ready T2\/T5","isPartOf":{"@id":"https:\/\/gr-100.com\/#website"},"primaryImageOfPage":{"@id":"https:\/\/gr-100.com\/producto\/specialized-s-works-turbo-2br-2bliss-ready-t2-t5\/#primaryimage"},"image":{"@id":"https:\/\/gr-100.com\/producto\/specialized-s-works-turbo-2br-2bliss-ready-t2-t5\/#primaryimage"},"thumbnailUrl":"https:\/\/gr-100.com\/wp-content\/uploads\/2024\/05\/00022-115_TIRE_SW-TURBO-2BR.jpg","datePublished":"2024-07-01T10:31:35+00:00","dateModified":"2026-03-22T16:46:15+00:00","description":"GR 100 Specialized. Mejores precios sin competencia. Solicita tu oferta personalizada. Specialized S-Works Turbo 2BR 2Bliss Ready T2\/T5","breadcrumb":{"@id":"https:\/\/gr-100.com\/producto\/specialized-s-works-turbo-2br-2bliss-ready-t2-t5\/#breadcrumb"},"inLanguage":"pt-PT","potentialAction":[{"@type":"ReadAction","target":["https:\/\/gr-100.com\/producto\/specialized-s-works-turbo-2br-2bliss-ready-t2-t5\/"]}]},{"@type":"ImageObject","inLanguage":"pt-PT","@id":"https:\/\/gr-100.com\/producto\/specialized-s-works-turbo-2br-2bliss-ready-t2-t5\/#primaryimage","url":"https:\/\/gr-100.com\/wp-content\/uploads\/2024\/05\/00022-115_TIRE_SW-TURBO-2BR.jpg","contentUrl":"https:\/\/gr-100.com\/wp-content\/uploads\/2024\/05\/00022-115_TIRE_SW-TURBO-2BR.jpg","width":1000,"height":1000},{"@type":"BreadcrumbList","@id":"https:\/\/gr-100.com\/producto\/specialized-s-works-turbo-2br-2bliss-ready-t2-t5\/#breadcrumb","itemListElement":[{"@type":"ListItem","position":1,"name":"Portada","item":"https:\/\/gr-100.com\/en\/"},{"@type":"ListItem","position":2,"name":"Productos","item":"https:\/\/gr-100.com\/?post_type=product"},{"@type":"ListItem","position":3,"name":"Specialized S-Works Turbo 2BR 2Bliss Ready T2\/T5"}]},{"@type":"WebSite","@id":"https:\/\/gr-100.com\/#website","url":"https:\/\/gr-100.com\/","name":"Gr-100 Tienda de ciclismo Specialized","description":"GR-100 tenemos todas las gamas de bicicletas Specialized al mejor precio.","publisher":{"@id":"https:\/\/gr-100.com\/#organization"},"alternateName":"Gr-100 Bikes","potentialAction":[{"@type":"SearchAction","target":{"@type":"EntryPoint","urlTemplate":"https:\/\/gr-100.com\/?s={search_term_string}"},"query-input":{"@type":"PropertyValueSpecification","valueRequired":true,"valueName":"search_term_string"}}],"inLanguage":"pt-PT"},{"@type":"Organization","@id":"https:\/\/gr-100.com\/#organization","name":"Gr-100","url":"https:\/\/gr-100.com\/","logo":{"@type":"ImageObject","inLanguage":"pt-PT","@id":"https:\/\/gr-100.com\/#\/schema\/logo\/image\/","url":"https:\/\/gr-100.com\/wp-content\/uploads\/2023\/08\/logo-gr-100-bikes.png","contentUrl":"https:\/\/gr-100.com\/wp-content\/uploads\/2023\/08\/logo-gr-100-bikes.png","width":707,"height":284,"caption":"Gr-100"},"image":{"@id":"https:\/\/gr-100.com\/#\/schema\/logo\/image\/"},"sameAs":["https:\/\/www.facebook.com\/Gr100Bikes","https:\/\/www.instagram.com\/gr100bikes\/","https:\/\/www.tiktok.com\/@gr100bikes","https:\/\/twitter.com\/gr100mtbteam","https:\/\/www.youtube.com\/c\/GR100Specialized"]}]}},"_links":{"self":[{"href":"https:\/\/gr-100.com\/pt-pt\/wp-json\/wp\/v2\/product\/373035","targetHints":{"allow":["GET"]}}],"collection":[{"href":"https:\/\/gr-100.com\/pt-pt\/wp-json\/wp\/v2\/product"}],"about":[{"href":"https:\/\/gr-100.com\/pt-pt\/wp-json\/wp\/v2\/types\/product"}],"replies":[{"embeddable":true,"href":"https:\/\/gr-100.com\/pt-pt\/wp-json\/wp\/v2\/comments?post=373035"}],"wp:featuredmedia":[{"embeddable":true,"href":"https:\/\/gr-100.com\/pt-pt\/wp-json\/wp\/v2\/media\/278641"}],"wp:attachment":[{"href":"https:\/\/gr-100.com\/pt-pt\/wp-json\/wp\/v2\/media?parent=373035"}],"wp:term":[{"taxonomy":"product_brand","embeddable":true,"href":"https:\/\/gr-100.com\/pt-pt\/wp-json\/wp\/v2\/product_brand?post=373035"},{"taxonomy":"product_cat","embeddable":true,"href":"https:\/\/gr-100.com\/pt-pt\/wp-json\/wp\/v2\/product_cat?post=373035"},{"taxonomy":"product_tag","embeddable":true,"href":"https:\/\/gr-100.com\/pt-pt\/wp-json\/wp\/v2\/product_tag?post=373035"}],"curies":[{"name":"wp","href":"https:\/\/api.w.org\/{rel}","templated":true}]}}