{"id":373160,"date":"2024-07-01T11:11:54","date_gmt":"2024-07-01T11:11:54","guid":{"rendered":"https:\/\/nuevo.gr-100.com\/producto\/camara-specialized-airlock-presta-tube-29x1-75-2-4-40mm\/"},"modified":"2026-03-12T12:26:37","modified_gmt":"2026-03-12T11:26:37","slug":"camara-specialized-airlock-presta-tube-29x1-75-2-4-40mm","status":"publish","type":"product","link":"https:\/\/gr-100.com\/pt-pt\/producto\/camara-specialized-airlock-presta-tube-29x1-75-2-4-40mm\/","title":{"rendered":"C\u00e1mara Specialized Airlock Presta Tube 29&#215;1.75-2.4 40mm."},"content":{"rendered":"<ul>\n<li>Sellador de c\u00e1mara de aire para la mejor posibilidad de reducir los pinchazos.<\/li>\n<li>F\u00f3rmula no t\u00f3xica que no se separa.<\/li>\n<li>Trabaja continuamente para prevenir fugas lentas.<\/li>\n<li>El dise\u00f1o homog\u00e9neo evita los charcos sin necesidad de agitar.<\/li>\n<li>No se secar\u00e1 como muchos otros selladores.<\/li>\n<\/ul>\n","protected":false},"excerpt":{"rendered":"<p>No nos da miedo decirlo, nuestras Airlock Presta Valve Tubes son las c\u00e1maras con autosellado con mejor rendimiento que existen. Y todo se debe a que incorporan nuestra potente soluci\u00f3n de sellado Airlock, que recubre la c\u00e1mara para ofrecer una protecci\u00f3n permanente contra pinchazos. Y no s\u00f3lo eso, sino que dicha soluci\u00f3n se ha dise\u00f1ado para funcionar de manera continuada con el fin de evitar peque\u00f1as fugas que conducen a una completa cat\u00e1strofe, para que no tengas que preocuparte de pinchar cuando ruedes sobre residuos. Adem\u00e1s, hemos solucionado el com\u00fan problema de acumulaci\u00f3n de soluci\u00f3n de sellado con un dise\u00f1o totalmente homog\u00e9neo, para que la combinaci\u00f3n cubierta\/c\u00e1mara ruede con suavidad y de manera uniforme en todo momento.<\/p>\n","protected":false},"featured_media":272788,"comment_status":"closed","ping_status":"closed","template":"","meta":{"_acf_changed":false,"_et_pb_use_builder":"","_et_pb_old_content":"","_et_gb_content_width":"","inline_featured_image":false},"product_brand":[],"product_cat":[25,45],"product_tag":[],"class_list":{"0":"post-373160","1":"product","2":"type-product","3":"status-publish","4":"has-post-thumbnail","6":"product_cat-componentes","7":"product_cat-cubiertas-y-camaras","8":"product_shipping_class-componentes","10":"first","11":"instock","12":"taxable","13":"shipping-taxable","14":"purchasable","15":"product-type-variable","16":"wvs-archive-product-wrapper"},"acf":[],"yoast_head":"<!-- This site is optimized with the Yoast SEO Premium plugin v26.7 (Yoast SEO v26.7) - https:\/\/yoast.com\/wordpress\/plugins\/seo\/ -->\n<title>C\u00e1mara Specialized Airlock Presta Tube 29x1.75-2.4 40mm. GR-100 CAMARA<\/title>\n<meta name=\"description\" content=\"AIRLOCK TUBE 26X1.75-2.4 40MM. No nos da miedo decirlo, son las c\u00e1maras con autosellado con mejor rendimiento que existen\" \/>\n<meta name=\"robots\" content=\"index, follow, max-snippet:-1, max-image-preview:large, max-video-preview:-1\" \/>\n<link rel=\"canonical\" href=\"https:\/\/gr-100.com\/producto\/camara-specialized-airlock-presta-tube-29x1-75-2-4-40mm\/\" \/>\n<meta property=\"og:locale\" content=\"pt_PT\" \/>\n<meta property=\"og:type\" content=\"article\" \/>\n<meta property=\"og:title\" content=\"C\u00e1mara Specialized Airlock Presta Tube 29x1.75-2.4 40mm.\" \/>\n<meta property=\"og:description\" content=\"AIRLOCK TUBE 26X1.75-2.4 40MM. No nos da miedo decirlo, son las c\u00e1maras con autosellado con mejor rendimiento que existen\" \/>\n<meta property=\"og:url\" content=\"https:\/\/gr-100.com\/producto\/camara-specialized-airlock-presta-tube-29x1-75-2-4-40mm\/\" \/>\n<meta property=\"og:site_name\" content=\"Gr-100 Tienda de ciclismo Specialized\" \/>\n<meta property=\"article:publisher\" content=\"https:\/\/www.facebook.com\/Gr100Bikes\" \/>\n<meta property=\"article:modified_time\" content=\"2026-03-12T11:26:37+00:00\" \/>\n<meta property=\"og:image\" content=\"https:\/\/gr-100.com\/wp-content\/uploads\/2024\/05\/03418-002_TUBE_SV-AIRLOCK_B.jpg\" \/>\n\t<meta property=\"og:image:width\" content=\"1000\" \/>\n\t<meta property=\"og:image:height\" content=\"1000\" \/>\n\t<meta property=\"og:image:type\" content=\"image\/jpeg\" \/>\n<meta name=\"twitter:card\" content=\"summary_large_image\" \/>\n<meta name=\"twitter:label1\" content=\"Tempo estimado de leitura\" \/>\n\t<meta name=\"twitter:data1\" content=\"1 minuto\" \/>\n<script type=\"application\/ld+json\" class=\"yoast-schema-graph\">{\"@context\":\"https:\/\/schema.org\",\"@graph\":[{\"@type\":\"WebPage\",\"@id\":\"https:\/\/gr-100.com\/producto\/camara-specialized-airlock-presta-tube-29x1-75-2-4-40mm\/\",\"url\":\"https:\/\/gr-100.com\/producto\/camara-specialized-airlock-presta-tube-29x1-75-2-4-40mm\/\",\"name\":\"C\u00e1mara Specialized Airlock Presta Tube 29x1.75-2.4 40mm. GR-100 CAMARA\",\"isPartOf\":{\"@id\":\"https:\/\/gr-100.com\/#website\"},\"primaryImageOfPage\":{\"@id\":\"https:\/\/gr-100.com\/producto\/camara-specialized-airlock-presta-tube-29x1-75-2-4-40mm\/#primaryimage\"},\"image\":{\"@id\":\"https:\/\/gr-100.com\/producto\/camara-specialized-airlock-presta-tube-29x1-75-2-4-40mm\/#primaryimage\"},\"thumbnailUrl\":\"https:\/\/gr-100.com\/wp-content\/uploads\/2024\/05\/03418-002_TUBE_SV-AIRLOCK_B.jpg\",\"datePublished\":\"2024-07-01T11:11:54+00:00\",\"dateModified\":\"2026-03-12T11:26:37+00:00\",\"description\":\"AIRLOCK TUBE 26X1.75-2.4 40MM. No nos da miedo decirlo, son las c\u00e1maras con autosellado con mejor rendimiento que existen\",\"breadcrumb\":{\"@id\":\"https:\/\/gr-100.com\/producto\/camara-specialized-airlock-presta-tube-29x1-75-2-4-40mm\/#breadcrumb\"},\"inLanguage\":\"pt-PT\",\"potentialAction\":[{\"@type\":\"ReadAction\",\"target\":[\"https:\/\/gr-100.com\/producto\/camara-specialized-airlock-presta-tube-29x1-75-2-4-40mm\/\"]}]},{\"@type\":\"ImageObject\",\"inLanguage\":\"pt-PT\",\"@id\":\"https:\/\/gr-100.com\/producto\/camara-specialized-airlock-presta-tube-29x1-75-2-4-40mm\/#primaryimage\",\"url\":\"https:\/\/gr-100.com\/wp-content\/uploads\/2024\/05\/03418-002_TUBE_SV-AIRLOCK_B.jpg\",\"contentUrl\":\"https:\/\/gr-100.com\/wp-content\/uploads\/2024\/05\/03418-002_TUBE_SV-AIRLOCK_B.jpg\",\"width\":1000,\"height\":1000},{\"@type\":\"BreadcrumbList\",\"@id\":\"https:\/\/gr-100.com\/producto\/camara-specialized-airlock-presta-tube-29x1-75-2-4-40mm\/#breadcrumb\",\"itemListElement\":[{\"@type\":\"ListItem\",\"position\":1,\"name\":\"Portada\",\"item\":\"https:\/\/gr-100.com\/en\/\"},{\"@type\":\"ListItem\",\"position\":2,\"name\":\"Productos\",\"item\":\"https:\/\/gr-100.com\/?post_type=product\"},{\"@type\":\"ListItem\",\"position\":3,\"name\":\"C\u00e1mara Specialized Airlock Presta Tube 29&#215;1.75-2.4 40mm.\"}]},{\"@type\":\"WebSite\",\"@id\":\"https:\/\/gr-100.com\/#website\",\"url\":\"https:\/\/gr-100.com\/\",\"name\":\"Gr-100 Tienda de ciclismo Specialized\",\"description\":\"GR-100 tenemos todas las gamas de bicicletas Specialized al mejor precio.\",\"publisher\":{\"@id\":\"https:\/\/gr-100.com\/#organization\"},\"alternateName\":\"Gr-100 Bikes\",\"potentialAction\":[{\"@type\":\"SearchAction\",\"target\":{\"@type\":\"EntryPoint\",\"urlTemplate\":\"https:\/\/gr-100.com\/?s={search_term_string}\"},\"query-input\":{\"@type\":\"PropertyValueSpecification\",\"valueRequired\":true,\"valueName\":\"search_term_string\"}}],\"inLanguage\":\"pt-PT\"},{\"@type\":\"Organization\",\"@id\":\"https:\/\/gr-100.com\/#organization\",\"name\":\"Gr-100\",\"url\":\"https:\/\/gr-100.com\/\",\"logo\":{\"@type\":\"ImageObject\",\"inLanguage\":\"pt-PT\",\"@id\":\"https:\/\/gr-100.com\/#\/schema\/logo\/image\/\",\"url\":\"https:\/\/gr-100.com\/wp-content\/uploads\/2023\/08\/logo-gr-100-bikes.png\",\"contentUrl\":\"https:\/\/gr-100.com\/wp-content\/uploads\/2023\/08\/logo-gr-100-bikes.png\",\"width\":707,\"height\":284,\"caption\":\"Gr-100\"},\"image\":{\"@id\":\"https:\/\/gr-100.com\/#\/schema\/logo\/image\/\"},\"sameAs\":[\"https:\/\/www.facebook.com\/Gr100Bikes\",\"https:\/\/www.instagram.com\/gr100bikes\/\",\"https:\/\/www.tiktok.com\/@gr100bikes\",\"https:\/\/twitter.com\/gr100mtbteam\",\"https:\/\/www.youtube.com\/c\/GR100Specialized\"]}]}<\/script>\n<!-- \/ Yoast SEO Premium plugin. -->","yoast_head_json":{"title":"C\u00e1mara Specialized Airlock Presta Tube 29x1.75-2.4 40mm. GR-100 CAMARA","description":"AIRLOCK TUBE 26X1.75-2.4 40MM. No nos da miedo decirlo, son las c\u00e1maras con autosellado con mejor rendimiento que existen","robots":{"index":"index","follow":"follow","max-snippet":"max-snippet:-1","max-image-preview":"max-image-preview:large","max-video-preview":"max-video-preview:-1"},"canonical":"https:\/\/gr-100.com\/producto\/camara-specialized-airlock-presta-tube-29x1-75-2-4-40mm\/","og_locale":"pt_PT","og_type":"article","og_title":"C\u00e1mara Specialized Airlock Presta Tube 29x1.75-2.4 40mm.","og_description":"AIRLOCK TUBE 26X1.75-2.4 40MM. No nos da miedo decirlo, son las c\u00e1maras con autosellado con mejor rendimiento que existen","og_url":"https:\/\/gr-100.com\/producto\/camara-specialized-airlock-presta-tube-29x1-75-2-4-40mm\/","og_site_name":"Gr-100 Tienda de ciclismo Specialized","article_publisher":"https:\/\/www.facebook.com\/Gr100Bikes","article_modified_time":"2026-03-12T11:26:37+00:00","og_image":[{"width":1000,"height":1000,"url":"https:\/\/gr-100.com\/wp-content\/uploads\/2024\/05\/03418-002_TUBE_SV-AIRLOCK_B.jpg","type":"image\/jpeg"}],"twitter_card":"summary_large_image","twitter_misc":{"Tempo estimado de leitura":"1 minuto"},"schema":{"@context":"https:\/\/schema.org","@graph":[{"@type":"WebPage","@id":"https:\/\/gr-100.com\/producto\/camara-specialized-airlock-presta-tube-29x1-75-2-4-40mm\/","url":"https:\/\/gr-100.com\/producto\/camara-specialized-airlock-presta-tube-29x1-75-2-4-40mm\/","name":"C\u00e1mara Specialized Airlock Presta Tube 29x1.75-2.4 40mm. GR-100 CAMARA","isPartOf":{"@id":"https:\/\/gr-100.com\/#website"},"primaryImageOfPage":{"@id":"https:\/\/gr-100.com\/producto\/camara-specialized-airlock-presta-tube-29x1-75-2-4-40mm\/#primaryimage"},"image":{"@id":"https:\/\/gr-100.com\/producto\/camara-specialized-airlock-presta-tube-29x1-75-2-4-40mm\/#primaryimage"},"thumbnailUrl":"https:\/\/gr-100.com\/wp-content\/uploads\/2024\/05\/03418-002_TUBE_SV-AIRLOCK_B.jpg","datePublished":"2024-07-01T11:11:54+00:00","dateModified":"2026-03-12T11:26:37+00:00","description":"AIRLOCK TUBE 26X1.75-2.4 40MM. No nos da miedo decirlo, son las c\u00e1maras con autosellado con mejor rendimiento que existen","breadcrumb":{"@id":"https:\/\/gr-100.com\/producto\/camara-specialized-airlock-presta-tube-29x1-75-2-4-40mm\/#breadcrumb"},"inLanguage":"pt-PT","potentialAction":[{"@type":"ReadAction","target":["https:\/\/gr-100.com\/producto\/camara-specialized-airlock-presta-tube-29x1-75-2-4-40mm\/"]}]},{"@type":"ImageObject","inLanguage":"pt-PT","@id":"https:\/\/gr-100.com\/producto\/camara-specialized-airlock-presta-tube-29x1-75-2-4-40mm\/#primaryimage","url":"https:\/\/gr-100.com\/wp-content\/uploads\/2024\/05\/03418-002_TUBE_SV-AIRLOCK_B.jpg","contentUrl":"https:\/\/gr-100.com\/wp-content\/uploads\/2024\/05\/03418-002_TUBE_SV-AIRLOCK_B.jpg","width":1000,"height":1000},{"@type":"BreadcrumbList","@id":"https:\/\/gr-100.com\/producto\/camara-specialized-airlock-presta-tube-29x1-75-2-4-40mm\/#breadcrumb","itemListElement":[{"@type":"ListItem","position":1,"name":"Portada","item":"https:\/\/gr-100.com\/en\/"},{"@type":"ListItem","position":2,"name":"Productos","item":"https:\/\/gr-100.com\/?post_type=product"},{"@type":"ListItem","position":3,"name":"C\u00e1mara Specialized Airlock Presta Tube 29&#215;1.75-2.4 40mm."}]},{"@type":"WebSite","@id":"https:\/\/gr-100.com\/#website","url":"https:\/\/gr-100.com\/","name":"Gr-100 Tienda de ciclismo Specialized","description":"GR-100 tenemos todas las gamas de bicicletas Specialized al mejor precio.","publisher":{"@id":"https:\/\/gr-100.com\/#organization"},"alternateName":"Gr-100 Bikes","potentialAction":[{"@type":"SearchAction","target":{"@type":"EntryPoint","urlTemplate":"https:\/\/gr-100.com\/?s={search_term_string}"},"query-input":{"@type":"PropertyValueSpecification","valueRequired":true,"valueName":"search_term_string"}}],"inLanguage":"pt-PT"},{"@type":"Organization","@id":"https:\/\/gr-100.com\/#organization","name":"Gr-100","url":"https:\/\/gr-100.com\/","logo":{"@type":"ImageObject","inLanguage":"pt-PT","@id":"https:\/\/gr-100.com\/#\/schema\/logo\/image\/","url":"https:\/\/gr-100.com\/wp-content\/uploads\/2023\/08\/logo-gr-100-bikes.png","contentUrl":"https:\/\/gr-100.com\/wp-content\/uploads\/2023\/08\/logo-gr-100-bikes.png","width":707,"height":284,"caption":"Gr-100"},"image":{"@id":"https:\/\/gr-100.com\/#\/schema\/logo\/image\/"},"sameAs":["https:\/\/www.facebook.com\/Gr100Bikes","https:\/\/www.instagram.com\/gr100bikes\/","https:\/\/www.tiktok.com\/@gr100bikes","https:\/\/twitter.com\/gr100mtbteam","https:\/\/www.youtube.com\/c\/GR100Specialized"]}]}},"_links":{"self":[{"href":"https:\/\/gr-100.com\/pt-pt\/wp-json\/wp\/v2\/product\/373160","targetHints":{"allow":["GET"]}}],"collection":[{"href":"https:\/\/gr-100.com\/pt-pt\/wp-json\/wp\/v2\/product"}],"about":[{"href":"https:\/\/gr-100.com\/pt-pt\/wp-json\/wp\/v2\/types\/product"}],"replies":[{"embeddable":true,"href":"https:\/\/gr-100.com\/pt-pt\/wp-json\/wp\/v2\/comments?post=373160"}],"wp:featuredmedia":[{"embeddable":true,"href":"https:\/\/gr-100.com\/pt-pt\/wp-json\/wp\/v2\/media\/272788"}],"wp:attachment":[{"href":"https:\/\/gr-100.com\/pt-pt\/wp-json\/wp\/v2\/media?parent=373160"}],"wp:term":[{"taxonomy":"product_brand","embeddable":true,"href":"https:\/\/gr-100.com\/pt-pt\/wp-json\/wp\/v2\/product_brand?post=373160"},{"taxonomy":"product_cat","embeddable":true,"href":"https:\/\/gr-100.com\/pt-pt\/wp-json\/wp\/v2\/product_cat?post=373160"},{"taxonomy":"product_tag","embeddable":true,"href":"https:\/\/gr-100.com\/pt-pt\/wp-json\/wp\/v2\/product_tag?post=373160"}],"curies":[{"name":"wp","href":"https:\/\/api.w.org\/{rel}","templated":true}]}}