{"id":373178,"date":"2024-07-01T11:12:42","date_gmt":"2024-07-01T11:12:42","guid":{"rendered":"https:\/\/nuevo.gr-100.com\/producto\/specialized-flashback-taillight\/"},"modified":"2025-09-22T15:51:27","modified_gmt":"2025-09-22T13:51:27","slug":"specialized-flashback-taillight","status":"publish","type":"product","link":"https:\/\/gr-100.com\/pt-pt\/producto\/specialized-flashback-taillight\/","title":{"rendered":"Specialized Flashback Taillight"},"content":{"rendered":"<ul>\n<li>Compacto, brillante y resistente al agua.<\/li>\n<li>Anclaje para tija de sill\u00edn (anclaje extra incluido).<\/li>\n<li>F\u00e1cil de poner para cualquier opci\u00f3n de luz trasera.<\/li>\n<li>Bater\u00eda recargable de 200 mAh mediante USB en 2 horas.<\/li>\n<li>Impermeabilidad IPX7 significa que podr\u00e1s usarla incluso en la peores lluvias.<\/li>\n<li>Tested and approved for the following Specialized helmet models: Align, Ambush Comp, Chamonix, Propero II, Echelon II<\/li>\n<li>Steady mode: 10 lumens for 2:00 hours<\/li>\n<li>Power Flash mode: 20 lumens for 4:00 hours<\/li>\n<li>Disco Flash mode: 14 lumens for 6:00 hours<\/li>\n<li>Eco Flash mode: 5 lumens for 20:00 hours<\/li>\n<\/ul>\n","protected":false},"excerpt":{"rendered":"<p>Pon este peque\u00f1o punto de luz brillante en cualquier sitio (el cintur\u00f3n, la mochila, la tija de sill\u00edn) y contin\u00faa. El Flashback es tu principal salvador, con una poderosa se\u00f1al de &#8220;\u00a1Estoy aqu\u00ed!&#8221; Para mantenerte visible en las calles. Con su cierre, que literalmente puede engancharse a casi cualquier cosa, y su tama\u00f1o compacto lo convierte en una opci\u00f3n perfecta para ir por la calle seguro.<\/p>\n","protected":false},"featured_media":271833,"comment_status":"closed","ping_status":"closed","template":"","meta":{"_acf_changed":false,"_et_pb_use_builder":"","_et_pb_old_content":"","_et_gb_content_width":"","inline_featured_image":false},"product_brand":[],"product_cat":[26,64,2409],"product_tag":[],"class_list":{"0":"post-373178","1":"product","2":"type-product","3":"status-publish","4":"has-post-thumbnail","6":"product_cat-accesorios","7":"product_cat-luces","8":"product_cat-ofertas-specialized","10":"first","11":"instock","12":"sale","13":"taxable","14":"shipping-taxable","15":"purchasable","16":"product-type-variable","17":"wvs-archive-product-wrapper"},"acf":[],"yoast_head":"<!-- This site is optimized with the Yoast SEO Premium plugin v26.7 (Yoast SEO v26.7) - https:\/\/yoast.com\/wordpress\/plugins\/seo\/ -->\n<title>Specialized Flashback Taillight<\/title>\n<meta name=\"description\" content=\"Descubre la Specialized Flashback Taillight, una luz trasera brillante y compacta para mayor seguridad en tus rutas en bici.\" \/>\n<meta name=\"robots\" content=\"index, follow, max-snippet:-1, max-image-preview:large, max-video-preview:-1\" \/>\n<link rel=\"canonical\" href=\"https:\/\/gr-100.com\/producto\/specialized-flashback-taillight\/\" \/>\n<meta property=\"og:locale\" content=\"pt_PT\" \/>\n<meta property=\"og:type\" content=\"article\" \/>\n<meta property=\"og:title\" content=\"Specialized Flashback Taillight\" \/>\n<meta property=\"og:description\" content=\"Descubre la Specialized Flashback Taillight, una luz trasera brillante y compacta para mayor seguridad en tus rutas en bici.\" \/>\n<meta property=\"og:url\" content=\"https:\/\/gr-100.com\/producto\/specialized-flashback-taillight\/\" \/>\n<meta property=\"og:site_name\" content=\"Gr-100 Tienda de ciclismo Specialized\" \/>\n<meta property=\"article:publisher\" content=\"https:\/\/www.facebook.com\/Gr100Bikes\" \/>\n<meta property=\"article:modified_time\" content=\"2025-09-22T13:51:27+00:00\" \/>\n<meta property=\"og:image\" content=\"https:\/\/gr-100.com\/wp-content\/uploads\/2024\/05\/49120-240_LGHT_FLASHBACK-TA.jpg\" \/>\n\t<meta property=\"og:image:width\" content=\"1000\" \/>\n\t<meta property=\"og:image:height\" content=\"1000\" \/>\n\t<meta property=\"og:image:type\" content=\"image\/jpeg\" \/>\n<meta name=\"twitter:card\" content=\"summary_large_image\" \/>\n<meta name=\"twitter:label1\" content=\"Tempo estimado de leitura\" \/>\n\t<meta name=\"twitter:data1\" content=\"1 minuto\" \/>\n<script type=\"application\/ld+json\" class=\"yoast-schema-graph\">{\"@context\":\"https:\/\/schema.org\",\"@graph\":[{\"@type\":\"WebPage\",\"@id\":\"https:\/\/gr-100.com\/producto\/specialized-flashback-taillight\/\",\"url\":\"https:\/\/gr-100.com\/producto\/specialized-flashback-taillight\/\",\"name\":\"Specialized Flashback Taillight\",\"isPartOf\":{\"@id\":\"https:\/\/gr-100.com\/#website\"},\"primaryImageOfPage\":{\"@id\":\"https:\/\/gr-100.com\/producto\/specialized-flashback-taillight\/#primaryimage\"},\"image\":{\"@id\":\"https:\/\/gr-100.com\/producto\/specialized-flashback-taillight\/#primaryimage\"},\"thumbnailUrl\":\"https:\/\/gr-100.com\/wp-content\/uploads\/2024\/05\/49120-240_LGHT_FLASHBACK-TA.jpg\",\"datePublished\":\"2024-07-01T11:12:42+00:00\",\"dateModified\":\"2025-09-22T13:51:27+00:00\",\"description\":\"Descubre la Specialized Flashback Taillight, una luz trasera brillante y compacta para mayor seguridad en tus rutas en bici.\",\"breadcrumb\":{\"@id\":\"https:\/\/gr-100.com\/producto\/specialized-flashback-taillight\/#breadcrumb\"},\"inLanguage\":\"pt-PT\",\"potentialAction\":[{\"@type\":\"ReadAction\",\"target\":[\"https:\/\/gr-100.com\/producto\/specialized-flashback-taillight\/\"]}]},{\"@type\":\"ImageObject\",\"inLanguage\":\"pt-PT\",\"@id\":\"https:\/\/gr-100.com\/producto\/specialized-flashback-taillight\/#primaryimage\",\"url\":\"https:\/\/gr-100.com\/wp-content\/uploads\/2024\/05\/49120-240_LGHT_FLASHBACK-TA.jpg\",\"contentUrl\":\"https:\/\/gr-100.com\/wp-content\/uploads\/2024\/05\/49120-240_LGHT_FLASHBACK-TA.jpg\",\"width\":1000,\"height\":1000},{\"@type\":\"BreadcrumbList\",\"@id\":\"https:\/\/gr-100.com\/producto\/specialized-flashback-taillight\/#breadcrumb\",\"itemListElement\":[{\"@type\":\"ListItem\",\"position\":1,\"name\":\"Portada\",\"item\":\"https:\/\/gr-100.com\/en\/\"},{\"@type\":\"ListItem\",\"position\":2,\"name\":\"Productos\",\"item\":\"https:\/\/gr-100.com\/?post_type=product\"},{\"@type\":\"ListItem\",\"position\":3,\"name\":\"Specialized Flashback Taillight\"}]},{\"@type\":\"WebSite\",\"@id\":\"https:\/\/gr-100.com\/#website\",\"url\":\"https:\/\/gr-100.com\/\",\"name\":\"Gr-100 Tienda de ciclismo Specialized\",\"description\":\"GR-100 tenemos todas las gamas de bicicletas Specialized al mejor precio.\",\"publisher\":{\"@id\":\"https:\/\/gr-100.com\/#organization\"},\"alternateName\":\"Gr-100 Bikes\",\"potentialAction\":[{\"@type\":\"SearchAction\",\"target\":{\"@type\":\"EntryPoint\",\"urlTemplate\":\"https:\/\/gr-100.com\/?s={search_term_string}\"},\"query-input\":{\"@type\":\"PropertyValueSpecification\",\"valueRequired\":true,\"valueName\":\"search_term_string\"}}],\"inLanguage\":\"pt-PT\"},{\"@type\":\"Organization\",\"@id\":\"https:\/\/gr-100.com\/#organization\",\"name\":\"Gr-100\",\"url\":\"https:\/\/gr-100.com\/\",\"logo\":{\"@type\":\"ImageObject\",\"inLanguage\":\"pt-PT\",\"@id\":\"https:\/\/gr-100.com\/#\/schema\/logo\/image\/\",\"url\":\"https:\/\/gr-100.com\/wp-content\/uploads\/2023\/08\/logo-gr-100-bikes.png\",\"contentUrl\":\"https:\/\/gr-100.com\/wp-content\/uploads\/2023\/08\/logo-gr-100-bikes.png\",\"width\":707,\"height\":284,\"caption\":\"Gr-100\"},\"image\":{\"@id\":\"https:\/\/gr-100.com\/#\/schema\/logo\/image\/\"},\"sameAs\":[\"https:\/\/www.facebook.com\/Gr100Bikes\",\"https:\/\/www.instagram.com\/gr100bikes\/\",\"https:\/\/www.tiktok.com\/@gr100bikes\",\"https:\/\/twitter.com\/gr100mtbteam\",\"https:\/\/www.youtube.com\/c\/GR100Specialized\"]}]}<\/script>\n<!-- \/ Yoast SEO Premium plugin. -->","yoast_head_json":{"title":"Specialized Flashback Taillight","description":"Descubre la Specialized Flashback Taillight, una luz trasera brillante y compacta para mayor seguridad en tus rutas en bici.","robots":{"index":"index","follow":"follow","max-snippet":"max-snippet:-1","max-image-preview":"max-image-preview:large","max-video-preview":"max-video-preview:-1"},"canonical":"https:\/\/gr-100.com\/producto\/specialized-flashback-taillight\/","og_locale":"pt_PT","og_type":"article","og_title":"Specialized Flashback Taillight","og_description":"Descubre la Specialized Flashback Taillight, una luz trasera brillante y compacta para mayor seguridad en tus rutas en bici.","og_url":"https:\/\/gr-100.com\/producto\/specialized-flashback-taillight\/","og_site_name":"Gr-100 Tienda de ciclismo Specialized","article_publisher":"https:\/\/www.facebook.com\/Gr100Bikes","article_modified_time":"2025-09-22T13:51:27+00:00","og_image":[{"width":1000,"height":1000,"url":"https:\/\/gr-100.com\/wp-content\/uploads\/2024\/05\/49120-240_LGHT_FLASHBACK-TA.jpg","type":"image\/jpeg"}],"twitter_card":"summary_large_image","twitter_misc":{"Tempo estimado de leitura":"1 minuto"},"schema":{"@context":"https:\/\/schema.org","@graph":[{"@type":"WebPage","@id":"https:\/\/gr-100.com\/producto\/specialized-flashback-taillight\/","url":"https:\/\/gr-100.com\/producto\/specialized-flashback-taillight\/","name":"Specialized Flashback Taillight","isPartOf":{"@id":"https:\/\/gr-100.com\/#website"},"primaryImageOfPage":{"@id":"https:\/\/gr-100.com\/producto\/specialized-flashback-taillight\/#primaryimage"},"image":{"@id":"https:\/\/gr-100.com\/producto\/specialized-flashback-taillight\/#primaryimage"},"thumbnailUrl":"https:\/\/gr-100.com\/wp-content\/uploads\/2024\/05\/49120-240_LGHT_FLASHBACK-TA.jpg","datePublished":"2024-07-01T11:12:42+00:00","dateModified":"2025-09-22T13:51:27+00:00","description":"Descubre la Specialized Flashback Taillight, una luz trasera brillante y compacta para mayor seguridad en tus rutas en bici.","breadcrumb":{"@id":"https:\/\/gr-100.com\/producto\/specialized-flashback-taillight\/#breadcrumb"},"inLanguage":"pt-PT","potentialAction":[{"@type":"ReadAction","target":["https:\/\/gr-100.com\/producto\/specialized-flashback-taillight\/"]}]},{"@type":"ImageObject","inLanguage":"pt-PT","@id":"https:\/\/gr-100.com\/producto\/specialized-flashback-taillight\/#primaryimage","url":"https:\/\/gr-100.com\/wp-content\/uploads\/2024\/05\/49120-240_LGHT_FLASHBACK-TA.jpg","contentUrl":"https:\/\/gr-100.com\/wp-content\/uploads\/2024\/05\/49120-240_LGHT_FLASHBACK-TA.jpg","width":1000,"height":1000},{"@type":"BreadcrumbList","@id":"https:\/\/gr-100.com\/producto\/specialized-flashback-taillight\/#breadcrumb","itemListElement":[{"@type":"ListItem","position":1,"name":"Portada","item":"https:\/\/gr-100.com\/en\/"},{"@type":"ListItem","position":2,"name":"Productos","item":"https:\/\/gr-100.com\/?post_type=product"},{"@type":"ListItem","position":3,"name":"Specialized Flashback Taillight"}]},{"@type":"WebSite","@id":"https:\/\/gr-100.com\/#website","url":"https:\/\/gr-100.com\/","name":"Gr-100 Tienda de ciclismo Specialized","description":"GR-100 tenemos todas las gamas de bicicletas Specialized al mejor precio.","publisher":{"@id":"https:\/\/gr-100.com\/#organization"},"alternateName":"Gr-100 Bikes","potentialAction":[{"@type":"SearchAction","target":{"@type":"EntryPoint","urlTemplate":"https:\/\/gr-100.com\/?s={search_term_string}"},"query-input":{"@type":"PropertyValueSpecification","valueRequired":true,"valueName":"search_term_string"}}],"inLanguage":"pt-PT"},{"@type":"Organization","@id":"https:\/\/gr-100.com\/#organization","name":"Gr-100","url":"https:\/\/gr-100.com\/","logo":{"@type":"ImageObject","inLanguage":"pt-PT","@id":"https:\/\/gr-100.com\/#\/schema\/logo\/image\/","url":"https:\/\/gr-100.com\/wp-content\/uploads\/2023\/08\/logo-gr-100-bikes.png","contentUrl":"https:\/\/gr-100.com\/wp-content\/uploads\/2023\/08\/logo-gr-100-bikes.png","width":707,"height":284,"caption":"Gr-100"},"image":{"@id":"https:\/\/gr-100.com\/#\/schema\/logo\/image\/"},"sameAs":["https:\/\/www.facebook.com\/Gr100Bikes","https:\/\/www.instagram.com\/gr100bikes\/","https:\/\/www.tiktok.com\/@gr100bikes","https:\/\/twitter.com\/gr100mtbteam","https:\/\/www.youtube.com\/c\/GR100Specialized"]}]}},"_links":{"self":[{"href":"https:\/\/gr-100.com\/pt-pt\/wp-json\/wp\/v2\/product\/373178","targetHints":{"allow":["GET"]}}],"collection":[{"href":"https:\/\/gr-100.com\/pt-pt\/wp-json\/wp\/v2\/product"}],"about":[{"href":"https:\/\/gr-100.com\/pt-pt\/wp-json\/wp\/v2\/types\/product"}],"replies":[{"embeddable":true,"href":"https:\/\/gr-100.com\/pt-pt\/wp-json\/wp\/v2\/comments?post=373178"}],"wp:featuredmedia":[{"embeddable":true,"href":"https:\/\/gr-100.com\/pt-pt\/wp-json\/wp\/v2\/media\/271833"}],"wp:attachment":[{"href":"https:\/\/gr-100.com\/pt-pt\/wp-json\/wp\/v2\/media?parent=373178"}],"wp:term":[{"taxonomy":"product_brand","embeddable":true,"href":"https:\/\/gr-100.com\/pt-pt\/wp-json\/wp\/v2\/product_brand?post=373178"},{"taxonomy":"product_cat","embeddable":true,"href":"https:\/\/gr-100.com\/pt-pt\/wp-json\/wp\/v2\/product_cat?post=373178"},{"taxonomy":"product_tag","embeddable":true,"href":"https:\/\/gr-100.com\/pt-pt\/wp-json\/wp\/v2\/product_tag?post=373178"}],"curies":[{"name":"wp","href":"https:\/\/api.w.org\/{rel}","templated":true}]}}