{"id":373181,"date":"2024-07-01T11:12:49","date_gmt":"2024-07-01T11:12:49","guid":{"rendered":"https:\/\/nuevo.gr-100.com\/producto\/luz-delantera-specialized-stix-switch-combo-headlight-taillight\/"},"modified":"2026-01-30T13:20:30","modified_gmt":"2026-01-30T11:20:30","slug":"luz-delantera-specialized-stix-switch-combo-headlight-taillight","status":"publish","type":"product","link":"https:\/\/gr-100.com\/pt-pt\/producto\/luz-delantera-specialized-stix-switch-combo-headlight-taillight\/","title":{"rendered":"Luz Delantera Specialized Stix Switch Combo Headlight\/Taillight"},"content":{"rendered":"<ul>\n<li>Faro delantero o trasero, t\u00fa decides.<\/li>\n<li>Mantenga presionado durante dos segundos para cambiar entre los modos blanco y rojo.<\/li>\n<li>Tres modos de blanco que incluyen: Estable (65 l\u00famenes), Power Flash (100 l\u00famenes), Eco Flash (35 l\u00famenes).<\/li>\n<li>Cinco modos rojos que incluyen: Steady (18 l\u00famenes), Surge Glow (16 l\u00famenes), Power Flash (30 l\u00famenes), Disco Flash (15 l\u00famenes), Eco Flash (8 l\u00famenes)<\/li>\n<li>Autonom\u00eda de 2 a 20 horas.<\/li>\n<li>Lente Fresnel para m\u00e1xima visibilidad en todas las direcciones.<\/li>\n<li>Se carga en el puerto USB de cualquier port\u00e1til o cargador de tel\u00e9fono en dos horas (no se necesitan cables adicionales).<\/li>\n<li>El sistema de montaje flexible funciona con manillares y tijas de sill\u00edn de 22,2 mm a 35 mm de di\u00e1metro, as\u00ed como con la mayor\u00eda de los tirantes. (Soporte de correa Aero disponible por separado).<\/li>\n<li>Indicador de nivel de carga de bater\u00eda rojo\/verde.<\/li>\n<li>Opciones de montaje adicionales disponibles por separado.<\/li>\n<\/ul>\n","protected":false},"excerpt":{"rendered":"<p>Un verdadero dos en uno, el Stix Switch viene con una mentalidad de ying\/yang, alternando entre los modos rojo o blanco seg\u00fan sus necesidades de viaje. Simplemente mantenga presionado el bot\u00f3n y podr\u00e1 pasar de una luz trasera roja brillante a un faro blanco simple en segundos. Aumente la visibilidad y la flexibilidad con Stix Switch.<\/p>\n","protected":false},"featured_media":272891,"comment_status":"closed","ping_status":"closed","template":"","meta":{"_acf_changed":false,"_et_pb_use_builder":"","_et_pb_old_content":"","_et_gb_content_width":"","inline_featured_image":false},"product_brand":[],"product_cat":[26,64],"product_tag":[],"class_list":{"0":"post-373181","1":"product","2":"type-product","3":"status-publish","4":"has-post-thumbnail","6":"product_cat-accesorios","7":"product_cat-luces","9":"first","10":"instock","11":"taxable","12":"shipping-taxable","13":"purchasable","14":"product-type-simple"},"acf":[],"yoast_head":"<!-- This site is optimized with the Yoast SEO Premium plugin v26.7 (Yoast SEO v26.7) - https:\/\/yoast.com\/wordpress\/plugins\/seo\/ -->\n<title>Luz Delantera Specialized Stix Switch Combo Headlight\/Taillight<\/title>\n<meta name=\"description\" content=\"De d\u00eda o de noche, las luces Stix Elite cuentan con una potente luz. En modo Steady-High durante la noche, ofrece 100 l\u00famenes de luz enfocada\" \/>\n<meta name=\"robots\" content=\"index, follow, max-snippet:-1, max-image-preview:large, max-video-preview:-1\" \/>\n<link rel=\"canonical\" href=\"https:\/\/gr-100.com\/producto\/luz-delantera-specialized-stix-switch-combo-headlight-taillight\/\" \/>\n<meta property=\"og:locale\" content=\"pt_PT\" \/>\n<meta property=\"og:type\" content=\"article\" \/>\n<meta property=\"og:title\" content=\"Luz Delantera Specialized Stix Switch Combo Headlight\/Taillight\" \/>\n<meta property=\"og:description\" content=\"De d\u00eda o de noche, las luces Stix Elite cuentan con una potente luz. En modo Steady-High durante la noche, ofrece 100 l\u00famenes de luz enfocada\" \/>\n<meta property=\"og:url\" content=\"https:\/\/gr-100.com\/producto\/luz-delantera-specialized-stix-switch-combo-headlight-taillight\/\" \/>\n<meta property=\"og:site_name\" content=\"Gr-100 Tienda de ciclismo Specialized\" \/>\n<meta property=\"article:publisher\" content=\"https:\/\/www.facebook.com\/Gr100Bikes\" \/>\n<meta property=\"article:modified_time\" content=\"2026-01-30T11:20:30+00:00\" \/>\n<meta property=\"og:image\" content=\"https:\/\/gr-100.com\/wp-content\/uploads\/2024\/05\/22-Screenshot-of-Stix-Elite.jpg\" \/>\n\t<meta property=\"og:image:width\" content=\"1000\" \/>\n\t<meta property=\"og:image:height\" content=\"1000\" \/>\n\t<meta property=\"og:image:type\" content=\"image\/jpeg\" \/>\n<meta name=\"twitter:card\" content=\"summary_large_image\" \/>\n<meta name=\"twitter:label1\" content=\"Tempo estimado de leitura\" \/>\n\t<meta name=\"twitter:data1\" content=\"1 minuto\" \/>\n<script type=\"application\/ld+json\" class=\"yoast-schema-graph\">{\"@context\":\"https:\/\/schema.org\",\"@graph\":[{\"@type\":\"WebPage\",\"@id\":\"https:\/\/gr-100.com\/producto\/luz-delantera-specialized-stix-switch-combo-headlight-taillight\/\",\"url\":\"https:\/\/gr-100.com\/producto\/luz-delantera-specialized-stix-switch-combo-headlight-taillight\/\",\"name\":\"Luz Delantera Specialized Stix Switch Combo Headlight\/Taillight\",\"isPartOf\":{\"@id\":\"https:\/\/gr-100.com\/#website\"},\"primaryImageOfPage\":{\"@id\":\"https:\/\/gr-100.com\/producto\/luz-delantera-specialized-stix-switch-combo-headlight-taillight\/#primaryimage\"},\"image\":{\"@id\":\"https:\/\/gr-100.com\/producto\/luz-delantera-specialized-stix-switch-combo-headlight-taillight\/#primaryimage\"},\"thumbnailUrl\":\"https:\/\/gr-100.com\/wp-content\/uploads\/2024\/05\/22-Screenshot-of-Stix-Elite.jpg\",\"datePublished\":\"2024-07-01T11:12:49+00:00\",\"dateModified\":\"2026-01-30T11:20:30+00:00\",\"description\":\"De d\u00eda o de noche, las luces Stix Elite cuentan con una potente luz. En modo Steady-High durante la noche, ofrece 100 l\u00famenes de luz enfocada\",\"breadcrumb\":{\"@id\":\"https:\/\/gr-100.com\/producto\/luz-delantera-specialized-stix-switch-combo-headlight-taillight\/#breadcrumb\"},\"inLanguage\":\"pt-PT\",\"potentialAction\":[{\"@type\":\"ReadAction\",\"target\":[\"https:\/\/gr-100.com\/producto\/luz-delantera-specialized-stix-switch-combo-headlight-taillight\/\"]}]},{\"@type\":\"ImageObject\",\"inLanguage\":\"pt-PT\",\"@id\":\"https:\/\/gr-100.com\/producto\/luz-delantera-specialized-stix-switch-combo-headlight-taillight\/#primaryimage\",\"url\":\"https:\/\/gr-100.com\/wp-content\/uploads\/2024\/05\/22-Screenshot-of-Stix-Elite.jpg\",\"contentUrl\":\"https:\/\/gr-100.com\/wp-content\/uploads\/2024\/05\/22-Screenshot-of-Stix-Elite.jpg\",\"width\":1000,\"height\":1000},{\"@type\":\"BreadcrumbList\",\"@id\":\"https:\/\/gr-100.com\/producto\/luz-delantera-specialized-stix-switch-combo-headlight-taillight\/#breadcrumb\",\"itemListElement\":[{\"@type\":\"ListItem\",\"position\":1,\"name\":\"Portada\",\"item\":\"https:\/\/gr-100.com\/en\/\"},{\"@type\":\"ListItem\",\"position\":2,\"name\":\"Productos\",\"item\":\"https:\/\/gr-100.com\/?post_type=product\"},{\"@type\":\"ListItem\",\"position\":3,\"name\":\"Luz Delantera Specialized Stix Switch Combo Headlight\/Taillight\"}]},{\"@type\":\"WebSite\",\"@id\":\"https:\/\/gr-100.com\/#website\",\"url\":\"https:\/\/gr-100.com\/\",\"name\":\"Gr-100 Tienda de ciclismo Specialized\",\"description\":\"GR-100 tenemos todas las gamas de bicicletas Specialized al mejor precio.\",\"publisher\":{\"@id\":\"https:\/\/gr-100.com\/#organization\"},\"alternateName\":\"Gr-100 Bikes\",\"potentialAction\":[{\"@type\":\"SearchAction\",\"target\":{\"@type\":\"EntryPoint\",\"urlTemplate\":\"https:\/\/gr-100.com\/?s={search_term_string}\"},\"query-input\":{\"@type\":\"PropertyValueSpecification\",\"valueRequired\":true,\"valueName\":\"search_term_string\"}}],\"inLanguage\":\"pt-PT\"},{\"@type\":\"Organization\",\"@id\":\"https:\/\/gr-100.com\/#organization\",\"name\":\"Gr-100\",\"url\":\"https:\/\/gr-100.com\/\",\"logo\":{\"@type\":\"ImageObject\",\"inLanguage\":\"pt-PT\",\"@id\":\"https:\/\/gr-100.com\/#\/schema\/logo\/image\/\",\"url\":\"https:\/\/gr-100.com\/wp-content\/uploads\/2023\/08\/logo-gr-100-bikes.png\",\"contentUrl\":\"https:\/\/gr-100.com\/wp-content\/uploads\/2023\/08\/logo-gr-100-bikes.png\",\"width\":707,\"height\":284,\"caption\":\"Gr-100\"},\"image\":{\"@id\":\"https:\/\/gr-100.com\/#\/schema\/logo\/image\/\"},\"sameAs\":[\"https:\/\/www.facebook.com\/Gr100Bikes\",\"https:\/\/www.instagram.com\/gr100bikes\/\",\"https:\/\/www.tiktok.com\/@gr100bikes\",\"https:\/\/twitter.com\/gr100mtbteam\",\"https:\/\/www.youtube.com\/c\/GR100Specialized\"]}]}<\/script>\n<!-- \/ Yoast SEO Premium plugin. -->","yoast_head_json":{"title":"Luz Delantera Specialized Stix Switch Combo Headlight\/Taillight","description":"De d\u00eda o de noche, las luces Stix Elite cuentan con una potente luz. En modo Steady-High durante la noche, ofrece 100 l\u00famenes de luz enfocada","robots":{"index":"index","follow":"follow","max-snippet":"max-snippet:-1","max-image-preview":"max-image-preview:large","max-video-preview":"max-video-preview:-1"},"canonical":"https:\/\/gr-100.com\/producto\/luz-delantera-specialized-stix-switch-combo-headlight-taillight\/","og_locale":"pt_PT","og_type":"article","og_title":"Luz Delantera Specialized Stix Switch Combo Headlight\/Taillight","og_description":"De d\u00eda o de noche, las luces Stix Elite cuentan con una potente luz. En modo Steady-High durante la noche, ofrece 100 l\u00famenes de luz enfocada","og_url":"https:\/\/gr-100.com\/producto\/luz-delantera-specialized-stix-switch-combo-headlight-taillight\/","og_site_name":"Gr-100 Tienda de ciclismo Specialized","article_publisher":"https:\/\/www.facebook.com\/Gr100Bikes","article_modified_time":"2026-01-30T11:20:30+00:00","og_image":[{"width":1000,"height":1000,"url":"https:\/\/gr-100.com\/wp-content\/uploads\/2024\/05\/22-Screenshot-of-Stix-Elite.jpg","type":"image\/jpeg"}],"twitter_card":"summary_large_image","twitter_misc":{"Tempo estimado de leitura":"1 minuto"},"schema":{"@context":"https:\/\/schema.org","@graph":[{"@type":"WebPage","@id":"https:\/\/gr-100.com\/producto\/luz-delantera-specialized-stix-switch-combo-headlight-taillight\/","url":"https:\/\/gr-100.com\/producto\/luz-delantera-specialized-stix-switch-combo-headlight-taillight\/","name":"Luz Delantera Specialized Stix Switch Combo Headlight\/Taillight","isPartOf":{"@id":"https:\/\/gr-100.com\/#website"},"primaryImageOfPage":{"@id":"https:\/\/gr-100.com\/producto\/luz-delantera-specialized-stix-switch-combo-headlight-taillight\/#primaryimage"},"image":{"@id":"https:\/\/gr-100.com\/producto\/luz-delantera-specialized-stix-switch-combo-headlight-taillight\/#primaryimage"},"thumbnailUrl":"https:\/\/gr-100.com\/wp-content\/uploads\/2024\/05\/22-Screenshot-of-Stix-Elite.jpg","datePublished":"2024-07-01T11:12:49+00:00","dateModified":"2026-01-30T11:20:30+00:00","description":"De d\u00eda o de noche, las luces Stix Elite cuentan con una potente luz. En modo Steady-High durante la noche, ofrece 100 l\u00famenes de luz enfocada","breadcrumb":{"@id":"https:\/\/gr-100.com\/producto\/luz-delantera-specialized-stix-switch-combo-headlight-taillight\/#breadcrumb"},"inLanguage":"pt-PT","potentialAction":[{"@type":"ReadAction","target":["https:\/\/gr-100.com\/producto\/luz-delantera-specialized-stix-switch-combo-headlight-taillight\/"]}]},{"@type":"ImageObject","inLanguage":"pt-PT","@id":"https:\/\/gr-100.com\/producto\/luz-delantera-specialized-stix-switch-combo-headlight-taillight\/#primaryimage","url":"https:\/\/gr-100.com\/wp-content\/uploads\/2024\/05\/22-Screenshot-of-Stix-Elite.jpg","contentUrl":"https:\/\/gr-100.com\/wp-content\/uploads\/2024\/05\/22-Screenshot-of-Stix-Elite.jpg","width":1000,"height":1000},{"@type":"BreadcrumbList","@id":"https:\/\/gr-100.com\/producto\/luz-delantera-specialized-stix-switch-combo-headlight-taillight\/#breadcrumb","itemListElement":[{"@type":"ListItem","position":1,"name":"Portada","item":"https:\/\/gr-100.com\/en\/"},{"@type":"ListItem","position":2,"name":"Productos","item":"https:\/\/gr-100.com\/?post_type=product"},{"@type":"ListItem","position":3,"name":"Luz Delantera Specialized Stix Switch Combo Headlight\/Taillight"}]},{"@type":"WebSite","@id":"https:\/\/gr-100.com\/#website","url":"https:\/\/gr-100.com\/","name":"Gr-100 Tienda de ciclismo Specialized","description":"GR-100 tenemos todas las gamas de bicicletas Specialized al mejor precio.","publisher":{"@id":"https:\/\/gr-100.com\/#organization"},"alternateName":"Gr-100 Bikes","potentialAction":[{"@type":"SearchAction","target":{"@type":"EntryPoint","urlTemplate":"https:\/\/gr-100.com\/?s={search_term_string}"},"query-input":{"@type":"PropertyValueSpecification","valueRequired":true,"valueName":"search_term_string"}}],"inLanguage":"pt-PT"},{"@type":"Organization","@id":"https:\/\/gr-100.com\/#organization","name":"Gr-100","url":"https:\/\/gr-100.com\/","logo":{"@type":"ImageObject","inLanguage":"pt-PT","@id":"https:\/\/gr-100.com\/#\/schema\/logo\/image\/","url":"https:\/\/gr-100.com\/wp-content\/uploads\/2023\/08\/logo-gr-100-bikes.png","contentUrl":"https:\/\/gr-100.com\/wp-content\/uploads\/2023\/08\/logo-gr-100-bikes.png","width":707,"height":284,"caption":"Gr-100"},"image":{"@id":"https:\/\/gr-100.com\/#\/schema\/logo\/image\/"},"sameAs":["https:\/\/www.facebook.com\/Gr100Bikes","https:\/\/www.instagram.com\/gr100bikes\/","https:\/\/www.tiktok.com\/@gr100bikes","https:\/\/twitter.com\/gr100mtbteam","https:\/\/www.youtube.com\/c\/GR100Specialized"]}]}},"_links":{"self":[{"href":"https:\/\/gr-100.com\/pt-pt\/wp-json\/wp\/v2\/product\/373181","targetHints":{"allow":["GET"]}}],"collection":[{"href":"https:\/\/gr-100.com\/pt-pt\/wp-json\/wp\/v2\/product"}],"about":[{"href":"https:\/\/gr-100.com\/pt-pt\/wp-json\/wp\/v2\/types\/product"}],"replies":[{"embeddable":true,"href":"https:\/\/gr-100.com\/pt-pt\/wp-json\/wp\/v2\/comments?post=373181"}],"wp:featuredmedia":[{"embeddable":true,"href":"https:\/\/gr-100.com\/pt-pt\/wp-json\/wp\/v2\/media\/272891"}],"wp:attachment":[{"href":"https:\/\/gr-100.com\/pt-pt\/wp-json\/wp\/v2\/media?parent=373181"}],"wp:term":[{"taxonomy":"product_brand","embeddable":true,"href":"https:\/\/gr-100.com\/pt-pt\/wp-json\/wp\/v2\/product_brand?post=373181"},{"taxonomy":"product_cat","embeddable":true,"href":"https:\/\/gr-100.com\/pt-pt\/wp-json\/wp\/v2\/product_cat?post=373181"},{"taxonomy":"product_tag","embeddable":true,"href":"https:\/\/gr-100.com\/pt-pt\/wp-json\/wp\/v2\/product_tag?post=373181"}],"curies":[{"name":"wp","href":"https:\/\/api.w.org\/{rel}","templated":true}]}}