{"id":373487,"date":"2024-07-01T11:29:32","date_gmt":"2024-07-01T11:29:32","guid":{"rendered":"https:\/\/nuevo.gr-100.com\/producto\/super-sticky-kush-tape-star-fade\/"},"modified":"2025-12-24T12:51:32","modified_gmt":"2025-12-24T10:51:32","slug":"super-sticky-kush-tape-star-fade","status":"publish","type":"product","link":"https:\/\/gr-100.com\/pt-pt\/producto\/super-sticky-kush-tape-star-fade\/","title":{"rendered":"Super Sticky Kush Tape Star Fade"},"content":{"rendered":"<ul>\n<li>Capa superior Super Sticky PU: tacto flexible con rendimiento de larga duraci\u00f3n. Poliuretano de gran desarrollo que mantiene sus propiedades de agarre incuso en mojado. Alta resistencia a los rayos UV, altas temperaturas y sudor.<\/li>\n<li>Espuma Kush (capa intermedia): compuesto exclusivo que aumenta la humedad gracias a su espuma nano. Propiedades anti impacto que aumentan de forma notable la conducci\u00f3n en curvas, bajadas y terrenos irregulares.<\/li>\n<li>Realce: La cinta est\u00e1 acabada con el realce tan caracter\u00edstico de Supacaz. Este realce crea un look \u00fanico de Supacaz y se deshace de la humedad para mantener buen agarre.<\/li>\n<li>Tapones Star Plugz: Tapones de aluminio roscado con expansor (3mm). Anodizados o con capa Powder. Logo con l\u00e1ser.<br \/>\nCintade manillar Finish: cinta de goma multiusos con dise\u00f1o Supacaz Frost.<\/li>\n<\/ul>\n","protected":false},"excerpt":{"rendered":"<p>La cinta de manillar Super Sticky Kush es preferida del 3 veces campe\u00f3n del mundo Peter Sagan. Fusionando rendimiento y estilo, Supacaz te da la mejor cinta de manillar con la que uno puede so\u00f1ar. Ponemos en negrita que la cinta Super Sticky Kush es la mejor cinta de la historia. La gama Galaxy a\u00f1ade el color suficiente para combinar con cualquier bici.<\/p>\n","protected":false},"featured_media":279361,"comment_status":"closed","ping_status":"closed","template":"","meta":{"_acf_changed":false,"_et_pb_use_builder":"","_et_pb_old_content":"","_et_gb_content_width":"","inline_featured_image":false},"product_brand":[],"product_cat":[26,2375],"product_tag":[],"class_list":{"0":"post-373487","1":"product","2":"type-product","3":"status-publish","4":"has-post-thumbnail","6":"product_cat-accesorios","7":"product_cat-punos-y-cintas-accesorios","9":"first","10":"instock","11":"taxable","12":"shipping-taxable","13":"purchasable","14":"product-type-variable","15":"wvs-archive-product-wrapper"},"acf":[],"yoast_head":"<!-- This site is optimized with the Yoast SEO Premium plugin v26.7 (Yoast SEO v26.7) - https:\/\/yoast.com\/wordpress\/plugins\/seo\/ -->\n<title>Super Sticky Kush Tape Star Fade - GR-100<\/title>\n<meta name=\"description\" content=\"Mejora tu agarre con la cinta de manillar Super Sticky Kush Tape Star Fade. Dise\u00f1o duradero y estilo \u00fanico para tus salidas en bicicleta. \u00a1En GR-100!\" \/>\n<meta name=\"robots\" content=\"index, follow, max-snippet:-1, max-image-preview:large, max-video-preview:-1\" \/>\n<link rel=\"canonical\" href=\"https:\/\/gr-100.com\/producto\/super-sticky-kush-tape-star-fade\/\" \/>\n<meta property=\"og:locale\" content=\"pt_PT\" \/>\n<meta property=\"og:type\" content=\"article\" \/>\n<meta property=\"og:title\" content=\"Super Sticky Kush Tape Star Fade\" \/>\n<meta property=\"og:description\" content=\"Mejora tu agarre con la cinta de manillar Super Sticky Kush Tape Star Fade. Dise\u00f1o duradero y estilo \u00fanico para tus salidas en bicicleta. \u00a1En GR-100!\" \/>\n<meta property=\"og:url\" content=\"https:\/\/gr-100.com\/producto\/super-sticky-kush-tape-star-fade\/\" \/>\n<meta property=\"og:site_name\" content=\"Gr-100 Tienda de ciclismo Specialized\" \/>\n<meta property=\"article:publisher\" content=\"https:\/\/www.facebook.com\/Gr100Bikes\" \/>\n<meta property=\"article:modified_time\" content=\"2025-12-24T10:51:32+00:00\" \/>\n<meta property=\"og:image\" content=\"https:\/\/gr-100.com\/wp-content\/uploads\/2024\/05\/45super-sticky-kush-star-fa.jpg\" \/>\n\t<meta property=\"og:image:width\" content=\"1000\" \/>\n\t<meta property=\"og:image:height\" content=\"1000\" \/>\n\t<meta property=\"og:image:type\" content=\"image\/jpeg\" \/>\n<meta name=\"twitter:card\" content=\"summary_large_image\" \/>\n<meta name=\"twitter:label1\" content=\"Tempo estimado de leitura\" \/>\n\t<meta name=\"twitter:data1\" content=\"1 minuto\" \/>\n<script type=\"application\/ld+json\" class=\"yoast-schema-graph\">{\"@context\":\"https:\/\/schema.org\",\"@graph\":[{\"@type\":\"WebPage\",\"@id\":\"https:\/\/gr-100.com\/producto\/super-sticky-kush-tape-star-fade\/\",\"url\":\"https:\/\/gr-100.com\/producto\/super-sticky-kush-tape-star-fade\/\",\"name\":\"Super Sticky Kush Tape Star Fade - GR-100\",\"isPartOf\":{\"@id\":\"https:\/\/gr-100.com\/#website\"},\"primaryImageOfPage\":{\"@id\":\"https:\/\/gr-100.com\/producto\/super-sticky-kush-tape-star-fade\/#primaryimage\"},\"image\":{\"@id\":\"https:\/\/gr-100.com\/producto\/super-sticky-kush-tape-star-fade\/#primaryimage\"},\"thumbnailUrl\":\"https:\/\/gr-100.com\/wp-content\/uploads\/2024\/05\/45super-sticky-kush-star-fa.jpg\",\"datePublished\":\"2024-07-01T11:29:32+00:00\",\"dateModified\":\"2025-12-24T10:51:32+00:00\",\"description\":\"Mejora tu agarre con la cinta de manillar Super Sticky Kush Tape Star Fade. Dise\u00f1o duradero y estilo \u00fanico para tus salidas en bicicleta. \u00a1En GR-100!\",\"breadcrumb\":{\"@id\":\"https:\/\/gr-100.com\/producto\/super-sticky-kush-tape-star-fade\/#breadcrumb\"},\"inLanguage\":\"pt-PT\",\"potentialAction\":[{\"@type\":\"ReadAction\",\"target\":[\"https:\/\/gr-100.com\/producto\/super-sticky-kush-tape-star-fade\/\"]}]},{\"@type\":\"ImageObject\",\"inLanguage\":\"pt-PT\",\"@id\":\"https:\/\/gr-100.com\/producto\/super-sticky-kush-tape-star-fade\/#primaryimage\",\"url\":\"https:\/\/gr-100.com\/wp-content\/uploads\/2024\/05\/45super-sticky-kush-star-fa.jpg\",\"contentUrl\":\"https:\/\/gr-100.com\/wp-content\/uploads\/2024\/05\/45super-sticky-kush-star-fa.jpg\",\"width\":1000,\"height\":1000},{\"@type\":\"BreadcrumbList\",\"@id\":\"https:\/\/gr-100.com\/producto\/super-sticky-kush-tape-star-fade\/#breadcrumb\",\"itemListElement\":[{\"@type\":\"ListItem\",\"position\":1,\"name\":\"Portada\",\"item\":\"https:\/\/gr-100.com\/en\/\"},{\"@type\":\"ListItem\",\"position\":2,\"name\":\"Productos\",\"item\":\"https:\/\/gr-100.com\/?post_type=product\"},{\"@type\":\"ListItem\",\"position\":3,\"name\":\"Super Sticky Kush Tape Star Fade\"}]},{\"@type\":\"WebSite\",\"@id\":\"https:\/\/gr-100.com\/#website\",\"url\":\"https:\/\/gr-100.com\/\",\"name\":\"Gr-100 Tienda de ciclismo Specialized\",\"description\":\"GR-100 tenemos todas las gamas de bicicletas Specialized al mejor precio.\",\"publisher\":{\"@id\":\"https:\/\/gr-100.com\/#organization\"},\"alternateName\":\"Gr-100 Bikes\",\"potentialAction\":[{\"@type\":\"SearchAction\",\"target\":{\"@type\":\"EntryPoint\",\"urlTemplate\":\"https:\/\/gr-100.com\/?s={search_term_string}\"},\"query-input\":{\"@type\":\"PropertyValueSpecification\",\"valueRequired\":true,\"valueName\":\"search_term_string\"}}],\"inLanguage\":\"pt-PT\"},{\"@type\":\"Organization\",\"@id\":\"https:\/\/gr-100.com\/#organization\",\"name\":\"Gr-100\",\"url\":\"https:\/\/gr-100.com\/\",\"logo\":{\"@type\":\"ImageObject\",\"inLanguage\":\"pt-PT\",\"@id\":\"https:\/\/gr-100.com\/#\/schema\/logo\/image\/\",\"url\":\"https:\/\/gr-100.com\/wp-content\/uploads\/2023\/08\/logo-gr-100-bikes.png\",\"contentUrl\":\"https:\/\/gr-100.com\/wp-content\/uploads\/2023\/08\/logo-gr-100-bikes.png\",\"width\":707,\"height\":284,\"caption\":\"Gr-100\"},\"image\":{\"@id\":\"https:\/\/gr-100.com\/#\/schema\/logo\/image\/\"},\"sameAs\":[\"https:\/\/www.facebook.com\/Gr100Bikes\",\"https:\/\/www.instagram.com\/gr100bikes\/\",\"https:\/\/www.tiktok.com\/@gr100bikes\",\"https:\/\/twitter.com\/gr100mtbteam\",\"https:\/\/www.youtube.com\/c\/GR100Specialized\"]}]}<\/script>\n<!-- \/ Yoast SEO Premium plugin. -->","yoast_head_json":{"title":"Super Sticky Kush Tape Star Fade - GR-100","description":"Mejora tu agarre con la cinta de manillar Super Sticky Kush Tape Star Fade. Dise\u00f1o duradero y estilo \u00fanico para tus salidas en bicicleta. \u00a1En GR-100!","robots":{"index":"index","follow":"follow","max-snippet":"max-snippet:-1","max-image-preview":"max-image-preview:large","max-video-preview":"max-video-preview:-1"},"canonical":"https:\/\/gr-100.com\/producto\/super-sticky-kush-tape-star-fade\/","og_locale":"pt_PT","og_type":"article","og_title":"Super Sticky Kush Tape Star Fade","og_description":"Mejora tu agarre con la cinta de manillar Super Sticky Kush Tape Star Fade. Dise\u00f1o duradero y estilo \u00fanico para tus salidas en bicicleta. \u00a1En GR-100!","og_url":"https:\/\/gr-100.com\/producto\/super-sticky-kush-tape-star-fade\/","og_site_name":"Gr-100 Tienda de ciclismo Specialized","article_publisher":"https:\/\/www.facebook.com\/Gr100Bikes","article_modified_time":"2025-12-24T10:51:32+00:00","og_image":[{"width":1000,"height":1000,"url":"https:\/\/gr-100.com\/wp-content\/uploads\/2024\/05\/45super-sticky-kush-star-fa.jpg","type":"image\/jpeg"}],"twitter_card":"summary_large_image","twitter_misc":{"Tempo estimado de leitura":"1 minuto"},"schema":{"@context":"https:\/\/schema.org","@graph":[{"@type":"WebPage","@id":"https:\/\/gr-100.com\/producto\/super-sticky-kush-tape-star-fade\/","url":"https:\/\/gr-100.com\/producto\/super-sticky-kush-tape-star-fade\/","name":"Super Sticky Kush Tape Star Fade - GR-100","isPartOf":{"@id":"https:\/\/gr-100.com\/#website"},"primaryImageOfPage":{"@id":"https:\/\/gr-100.com\/producto\/super-sticky-kush-tape-star-fade\/#primaryimage"},"image":{"@id":"https:\/\/gr-100.com\/producto\/super-sticky-kush-tape-star-fade\/#primaryimage"},"thumbnailUrl":"https:\/\/gr-100.com\/wp-content\/uploads\/2024\/05\/45super-sticky-kush-star-fa.jpg","datePublished":"2024-07-01T11:29:32+00:00","dateModified":"2025-12-24T10:51:32+00:00","description":"Mejora tu agarre con la cinta de manillar Super Sticky Kush Tape Star Fade. Dise\u00f1o duradero y estilo \u00fanico para tus salidas en bicicleta. \u00a1En GR-100!","breadcrumb":{"@id":"https:\/\/gr-100.com\/producto\/super-sticky-kush-tape-star-fade\/#breadcrumb"},"inLanguage":"pt-PT","potentialAction":[{"@type":"ReadAction","target":["https:\/\/gr-100.com\/producto\/super-sticky-kush-tape-star-fade\/"]}]},{"@type":"ImageObject","inLanguage":"pt-PT","@id":"https:\/\/gr-100.com\/producto\/super-sticky-kush-tape-star-fade\/#primaryimage","url":"https:\/\/gr-100.com\/wp-content\/uploads\/2024\/05\/45super-sticky-kush-star-fa.jpg","contentUrl":"https:\/\/gr-100.com\/wp-content\/uploads\/2024\/05\/45super-sticky-kush-star-fa.jpg","width":1000,"height":1000},{"@type":"BreadcrumbList","@id":"https:\/\/gr-100.com\/producto\/super-sticky-kush-tape-star-fade\/#breadcrumb","itemListElement":[{"@type":"ListItem","position":1,"name":"Portada","item":"https:\/\/gr-100.com\/en\/"},{"@type":"ListItem","position":2,"name":"Productos","item":"https:\/\/gr-100.com\/?post_type=product"},{"@type":"ListItem","position":3,"name":"Super Sticky Kush Tape Star Fade"}]},{"@type":"WebSite","@id":"https:\/\/gr-100.com\/#website","url":"https:\/\/gr-100.com\/","name":"Gr-100 Tienda de ciclismo Specialized","description":"GR-100 tenemos todas las gamas de bicicletas Specialized al mejor precio.","publisher":{"@id":"https:\/\/gr-100.com\/#organization"},"alternateName":"Gr-100 Bikes","potentialAction":[{"@type":"SearchAction","target":{"@type":"EntryPoint","urlTemplate":"https:\/\/gr-100.com\/?s={search_term_string}"},"query-input":{"@type":"PropertyValueSpecification","valueRequired":true,"valueName":"search_term_string"}}],"inLanguage":"pt-PT"},{"@type":"Organization","@id":"https:\/\/gr-100.com\/#organization","name":"Gr-100","url":"https:\/\/gr-100.com\/","logo":{"@type":"ImageObject","inLanguage":"pt-PT","@id":"https:\/\/gr-100.com\/#\/schema\/logo\/image\/","url":"https:\/\/gr-100.com\/wp-content\/uploads\/2023\/08\/logo-gr-100-bikes.png","contentUrl":"https:\/\/gr-100.com\/wp-content\/uploads\/2023\/08\/logo-gr-100-bikes.png","width":707,"height":284,"caption":"Gr-100"},"image":{"@id":"https:\/\/gr-100.com\/#\/schema\/logo\/image\/"},"sameAs":["https:\/\/www.facebook.com\/Gr100Bikes","https:\/\/www.instagram.com\/gr100bikes\/","https:\/\/www.tiktok.com\/@gr100bikes","https:\/\/twitter.com\/gr100mtbteam","https:\/\/www.youtube.com\/c\/GR100Specialized"]}]}},"_links":{"self":[{"href":"https:\/\/gr-100.com\/pt-pt\/wp-json\/wp\/v2\/product\/373487","targetHints":{"allow":["GET"]}}],"collection":[{"href":"https:\/\/gr-100.com\/pt-pt\/wp-json\/wp\/v2\/product"}],"about":[{"href":"https:\/\/gr-100.com\/pt-pt\/wp-json\/wp\/v2\/types\/product"}],"replies":[{"embeddable":true,"href":"https:\/\/gr-100.com\/pt-pt\/wp-json\/wp\/v2\/comments?post=373487"}],"wp:featuredmedia":[{"embeddable":true,"href":"https:\/\/gr-100.com\/pt-pt\/wp-json\/wp\/v2\/media\/279361"}],"wp:attachment":[{"href":"https:\/\/gr-100.com\/pt-pt\/wp-json\/wp\/v2\/media?parent=373487"}],"wp:term":[{"taxonomy":"product_brand","embeddable":true,"href":"https:\/\/gr-100.com\/pt-pt\/wp-json\/wp\/v2\/product_brand?post=373487"},{"taxonomy":"product_cat","embeddable":true,"href":"https:\/\/gr-100.com\/pt-pt\/wp-json\/wp\/v2\/product_cat?post=373487"},{"taxonomy":"product_tag","embeddable":true,"href":"https:\/\/gr-100.com\/pt-pt\/wp-json\/wp\/v2\/product_tag?post=373487"}],"curies":[{"name":"wp","href":"https:\/\/api.w.org\/{rel}","templated":true}]}}