{"id":373617,"date":"2024-07-01T11:35:48","date_gmt":"2024-07-01T11:35:48","guid":{"rendered":"https:\/\/nuevo.gr-100.com\/producto\/specialized-bolsa-cuadro-fjallraven\/"},"modified":"2025-11-26T16:35:22","modified_gmt":"2025-11-26T14:35:22","slug":"specialized-bolsa-cuadro-fjallraven","status":"publish","type":"product","link":"https:\/\/gr-100.com\/pt-pt\/producto\/specialized-bolsa-cuadro-fjallraven\/","title":{"rendered":"Specialized Bolsa Cuadro Fj\u00e4llr\u00e4ven"},"content":{"rendered":"<ul>\n<li>Dise\u00f1o resistente a la intemperie en Vinylon F con forro de nailon reciclado.<\/li>\n<li>\u00a0Robusto sistema de fijaci\u00f3n mediante tiras de velcro o tornillos.<\/li>\n<li>\u00a0Apertura de cable resistente a la intemperie en el lado que mira hacia adelante.<\/li>\n<li>\u00a0Paneles laterales acolchados con espuma y estabilizador de pl\u00e1stico en la base.<\/li>\n<li>Dimensiones- 25 x 9 x 5 cm<\/li>\n<li>Material- Vinylon F (100% vinil)<\/li>\n<\/ul>\n","protected":false},"excerpt":{"rendered":"<p>Bolsa de tubo superior con cremallera bidireccional y una gran abertura para facilitar el acceso a los elementos esenciales para andar en bicicleta. Dise\u00f1o semiblando con base reforzada que se sujeta con tiras de velcro o tornillos a la parte superior del marco. La mochila est\u00e1 hecha de vinilo duradero con un forro de nailon reciclado y laterales acolchados con espuma. Los bolsillos interiores de malla mantienen un registro de tus art\u00edculos m\u00e1s peque\u00f1os. Las costuras no est\u00e1n selladas, pero la tela del forro es impermeable. Parte de la serie Specialized\/Fj\u00e4llr\u00e4ven para paseos urbanos y aventuras en bicicleta.<\/p>\n","protected":false},"featured_media":279591,"comment_status":"closed","ping_status":"closed","template":"","meta":{"_acf_changed":false,"_et_pb_use_builder":"","_et_pb_old_content":"","_et_gb_content_width":"","inline_featured_image":false},"product_brand":[],"product_cat":[26],"product_tag":[],"class_list":{"0":"post-373617","1":"product","2":"type-product","3":"status-publish","4":"has-post-thumbnail","6":"product_cat-accesorios","7":"product_shipping_class-accesorios","9":"first","10":"outofstock","11":"taxable","12":"shipping-taxable","13":"product-type-variable","14":"wvs-archive-product-wrapper"},"acf":[],"yoast_head":"<!-- This site is optimized with the Yoast SEO Premium plugin v26.7 (Yoast SEO v26.7) - https:\/\/yoast.com\/wordpress\/plugins\/seo\/ -->\n<title>Specialized Bolsa Cuadro Fj\u00e4llr\u00e4ven - GR-100<\/title>\n<meta name=\"description\" content=\"Protege tus pertenencias con estilo en tus rutas en bici con la Bolsa Cuadro Fj\u00e4llr\u00e4ven de Specialized. \u00a1Cons\u00edguela en GR-100!\" \/>\n<meta name=\"robots\" content=\"index, follow, max-snippet:-1, max-image-preview:large, max-video-preview:-1\" \/>\n<link rel=\"canonical\" href=\"https:\/\/gr-100.com\/producto\/specialized-bolsa-cuadro-fjallraven\/\" \/>\n<meta property=\"og:locale\" content=\"pt_PT\" \/>\n<meta property=\"og:type\" content=\"article\" \/>\n<meta property=\"og:title\" content=\"Specialized Bolsa Cuadro Fj\u00e4llr\u00e4ven\" \/>\n<meta property=\"og:description\" content=\"Protege tus pertenencias con estilo en tus rutas en bici con la Bolsa Cuadro Fj\u00e4llr\u00e4ven de Specialized. \u00a1Cons\u00edguela en GR-100!\" \/>\n<meta property=\"og:url\" content=\"https:\/\/gr-100.com\/producto\/specialized-bolsa-cuadro-fjallraven\/\" \/>\n<meta property=\"og:site_name\" content=\"Gr-100 Tienda de ciclismo Specialized\" \/>\n<meta property=\"article:publisher\" content=\"https:\/\/www.facebook.com\/Gr100Bikes\" \/>\n<meta property=\"article:modified_time\" content=\"2025-11-26T14:35:22+00:00\" \/>\n<meta property=\"og:image\" content=\"https:\/\/gr-100.com\/wp-content\/uploads\/2024\/05\/kkkkspecialized-bolsa-cuadr.jpg\" \/>\n\t<meta property=\"og:image:width\" content=\"1000\" \/>\n\t<meta property=\"og:image:height\" content=\"1000\" \/>\n\t<meta property=\"og:image:type\" content=\"image\/jpeg\" \/>\n<meta name=\"twitter:card\" content=\"summary_large_image\" \/>\n<meta name=\"twitter:label1\" content=\"Tempo estimado de leitura\" \/>\n\t<meta name=\"twitter:data1\" content=\"1 minuto\" \/>\n<script type=\"application\/ld+json\" class=\"yoast-schema-graph\">{\"@context\":\"https:\/\/schema.org\",\"@graph\":[{\"@type\":\"WebPage\",\"@id\":\"https:\/\/gr-100.com\/producto\/specialized-bolsa-cuadro-fjallraven\/\",\"url\":\"https:\/\/gr-100.com\/producto\/specialized-bolsa-cuadro-fjallraven\/\",\"name\":\"Specialized Bolsa Cuadro Fj\u00e4llr\u00e4ven - GR-100\",\"isPartOf\":{\"@id\":\"https:\/\/gr-100.com\/#website\"},\"primaryImageOfPage\":{\"@id\":\"https:\/\/gr-100.com\/producto\/specialized-bolsa-cuadro-fjallraven\/#primaryimage\"},\"image\":{\"@id\":\"https:\/\/gr-100.com\/producto\/specialized-bolsa-cuadro-fjallraven\/#primaryimage\"},\"thumbnailUrl\":\"https:\/\/gr-100.com\/wp-content\/uploads\/2024\/05\/kkkkspecialized-bolsa-cuadr.jpg\",\"datePublished\":\"2024-07-01T11:35:48+00:00\",\"dateModified\":\"2025-11-26T14:35:22+00:00\",\"description\":\"Protege tus pertenencias con estilo en tus rutas en bici con la Bolsa Cuadro Fj\u00e4llr\u00e4ven de Specialized. \u00a1Cons\u00edguela en GR-100!\",\"breadcrumb\":{\"@id\":\"https:\/\/gr-100.com\/producto\/specialized-bolsa-cuadro-fjallraven\/#breadcrumb\"},\"inLanguage\":\"pt-PT\",\"potentialAction\":[{\"@type\":\"ReadAction\",\"target\":[\"https:\/\/gr-100.com\/producto\/specialized-bolsa-cuadro-fjallraven\/\"]}]},{\"@type\":\"ImageObject\",\"inLanguage\":\"pt-PT\",\"@id\":\"https:\/\/gr-100.com\/producto\/specialized-bolsa-cuadro-fjallraven\/#primaryimage\",\"url\":\"https:\/\/gr-100.com\/wp-content\/uploads\/2024\/05\/kkkkspecialized-bolsa-cuadr.jpg\",\"contentUrl\":\"https:\/\/gr-100.com\/wp-content\/uploads\/2024\/05\/kkkkspecialized-bolsa-cuadr.jpg\",\"width\":1000,\"height\":1000},{\"@type\":\"BreadcrumbList\",\"@id\":\"https:\/\/gr-100.com\/producto\/specialized-bolsa-cuadro-fjallraven\/#breadcrumb\",\"itemListElement\":[{\"@type\":\"ListItem\",\"position\":1,\"name\":\"Portada\",\"item\":\"https:\/\/gr-100.com\/en\/\"},{\"@type\":\"ListItem\",\"position\":2,\"name\":\"Productos\",\"item\":\"https:\/\/gr-100.com\/?post_type=product\"},{\"@type\":\"ListItem\",\"position\":3,\"name\":\"Specialized Bolsa Cuadro Fj\u00e4llr\u00e4ven\"}]},{\"@type\":\"WebSite\",\"@id\":\"https:\/\/gr-100.com\/#website\",\"url\":\"https:\/\/gr-100.com\/\",\"name\":\"Gr-100 Tienda de ciclismo Specialized\",\"description\":\"GR-100 tenemos todas las gamas de bicicletas Specialized al mejor precio.\",\"publisher\":{\"@id\":\"https:\/\/gr-100.com\/#organization\"},\"alternateName\":\"Gr-100 Bikes\",\"potentialAction\":[{\"@type\":\"SearchAction\",\"target\":{\"@type\":\"EntryPoint\",\"urlTemplate\":\"https:\/\/gr-100.com\/?s={search_term_string}\"},\"query-input\":{\"@type\":\"PropertyValueSpecification\",\"valueRequired\":true,\"valueName\":\"search_term_string\"}}],\"inLanguage\":\"pt-PT\"},{\"@type\":\"Organization\",\"@id\":\"https:\/\/gr-100.com\/#organization\",\"name\":\"Gr-100\",\"url\":\"https:\/\/gr-100.com\/\",\"logo\":{\"@type\":\"ImageObject\",\"inLanguage\":\"pt-PT\",\"@id\":\"https:\/\/gr-100.com\/#\/schema\/logo\/image\/\",\"url\":\"https:\/\/gr-100.com\/wp-content\/uploads\/2023\/08\/logo-gr-100-bikes.png\",\"contentUrl\":\"https:\/\/gr-100.com\/wp-content\/uploads\/2023\/08\/logo-gr-100-bikes.png\",\"width\":707,\"height\":284,\"caption\":\"Gr-100\"},\"image\":{\"@id\":\"https:\/\/gr-100.com\/#\/schema\/logo\/image\/\"},\"sameAs\":[\"https:\/\/www.facebook.com\/Gr100Bikes\",\"https:\/\/www.instagram.com\/gr100bikes\/\",\"https:\/\/www.tiktok.com\/@gr100bikes\",\"https:\/\/twitter.com\/gr100mtbteam\",\"https:\/\/www.youtube.com\/c\/GR100Specialized\"]}]}<\/script>\n<!-- \/ Yoast SEO Premium plugin. -->","yoast_head_json":{"title":"Specialized Bolsa Cuadro Fj\u00e4llr\u00e4ven - GR-100","description":"Protege tus pertenencias con estilo en tus rutas en bici con la Bolsa Cuadro Fj\u00e4llr\u00e4ven de Specialized. \u00a1Cons\u00edguela en GR-100!","robots":{"index":"index","follow":"follow","max-snippet":"max-snippet:-1","max-image-preview":"max-image-preview:large","max-video-preview":"max-video-preview:-1"},"canonical":"https:\/\/gr-100.com\/producto\/specialized-bolsa-cuadro-fjallraven\/","og_locale":"pt_PT","og_type":"article","og_title":"Specialized Bolsa Cuadro Fj\u00e4llr\u00e4ven","og_description":"Protege tus pertenencias con estilo en tus rutas en bici con la Bolsa Cuadro Fj\u00e4llr\u00e4ven de Specialized. \u00a1Cons\u00edguela en GR-100!","og_url":"https:\/\/gr-100.com\/producto\/specialized-bolsa-cuadro-fjallraven\/","og_site_name":"Gr-100 Tienda de ciclismo Specialized","article_publisher":"https:\/\/www.facebook.com\/Gr100Bikes","article_modified_time":"2025-11-26T14:35:22+00:00","og_image":[{"width":1000,"height":1000,"url":"https:\/\/gr-100.com\/wp-content\/uploads\/2024\/05\/kkkkspecialized-bolsa-cuadr.jpg","type":"image\/jpeg"}],"twitter_card":"summary_large_image","twitter_misc":{"Tempo estimado de leitura":"1 minuto"},"schema":{"@context":"https:\/\/schema.org","@graph":[{"@type":"WebPage","@id":"https:\/\/gr-100.com\/producto\/specialized-bolsa-cuadro-fjallraven\/","url":"https:\/\/gr-100.com\/producto\/specialized-bolsa-cuadro-fjallraven\/","name":"Specialized Bolsa Cuadro Fj\u00e4llr\u00e4ven - GR-100","isPartOf":{"@id":"https:\/\/gr-100.com\/#website"},"primaryImageOfPage":{"@id":"https:\/\/gr-100.com\/producto\/specialized-bolsa-cuadro-fjallraven\/#primaryimage"},"image":{"@id":"https:\/\/gr-100.com\/producto\/specialized-bolsa-cuadro-fjallraven\/#primaryimage"},"thumbnailUrl":"https:\/\/gr-100.com\/wp-content\/uploads\/2024\/05\/kkkkspecialized-bolsa-cuadr.jpg","datePublished":"2024-07-01T11:35:48+00:00","dateModified":"2025-11-26T14:35:22+00:00","description":"Protege tus pertenencias con estilo en tus rutas en bici con la Bolsa Cuadro Fj\u00e4llr\u00e4ven de Specialized. \u00a1Cons\u00edguela en GR-100!","breadcrumb":{"@id":"https:\/\/gr-100.com\/producto\/specialized-bolsa-cuadro-fjallraven\/#breadcrumb"},"inLanguage":"pt-PT","potentialAction":[{"@type":"ReadAction","target":["https:\/\/gr-100.com\/producto\/specialized-bolsa-cuadro-fjallraven\/"]}]},{"@type":"ImageObject","inLanguage":"pt-PT","@id":"https:\/\/gr-100.com\/producto\/specialized-bolsa-cuadro-fjallraven\/#primaryimage","url":"https:\/\/gr-100.com\/wp-content\/uploads\/2024\/05\/kkkkspecialized-bolsa-cuadr.jpg","contentUrl":"https:\/\/gr-100.com\/wp-content\/uploads\/2024\/05\/kkkkspecialized-bolsa-cuadr.jpg","width":1000,"height":1000},{"@type":"BreadcrumbList","@id":"https:\/\/gr-100.com\/producto\/specialized-bolsa-cuadro-fjallraven\/#breadcrumb","itemListElement":[{"@type":"ListItem","position":1,"name":"Portada","item":"https:\/\/gr-100.com\/en\/"},{"@type":"ListItem","position":2,"name":"Productos","item":"https:\/\/gr-100.com\/?post_type=product"},{"@type":"ListItem","position":3,"name":"Specialized Bolsa Cuadro Fj\u00e4llr\u00e4ven"}]},{"@type":"WebSite","@id":"https:\/\/gr-100.com\/#website","url":"https:\/\/gr-100.com\/","name":"Gr-100 Tienda de ciclismo Specialized","description":"GR-100 tenemos todas las gamas de bicicletas Specialized al mejor precio.","publisher":{"@id":"https:\/\/gr-100.com\/#organization"},"alternateName":"Gr-100 Bikes","potentialAction":[{"@type":"SearchAction","target":{"@type":"EntryPoint","urlTemplate":"https:\/\/gr-100.com\/?s={search_term_string}"},"query-input":{"@type":"PropertyValueSpecification","valueRequired":true,"valueName":"search_term_string"}}],"inLanguage":"pt-PT"},{"@type":"Organization","@id":"https:\/\/gr-100.com\/#organization","name":"Gr-100","url":"https:\/\/gr-100.com\/","logo":{"@type":"ImageObject","inLanguage":"pt-PT","@id":"https:\/\/gr-100.com\/#\/schema\/logo\/image\/","url":"https:\/\/gr-100.com\/wp-content\/uploads\/2023\/08\/logo-gr-100-bikes.png","contentUrl":"https:\/\/gr-100.com\/wp-content\/uploads\/2023\/08\/logo-gr-100-bikes.png","width":707,"height":284,"caption":"Gr-100"},"image":{"@id":"https:\/\/gr-100.com\/#\/schema\/logo\/image\/"},"sameAs":["https:\/\/www.facebook.com\/Gr100Bikes","https:\/\/www.instagram.com\/gr100bikes\/","https:\/\/www.tiktok.com\/@gr100bikes","https:\/\/twitter.com\/gr100mtbteam","https:\/\/www.youtube.com\/c\/GR100Specialized"]}]}},"_links":{"self":[{"href":"https:\/\/gr-100.com\/pt-pt\/wp-json\/wp\/v2\/product\/373617","targetHints":{"allow":["GET"]}}],"collection":[{"href":"https:\/\/gr-100.com\/pt-pt\/wp-json\/wp\/v2\/product"}],"about":[{"href":"https:\/\/gr-100.com\/pt-pt\/wp-json\/wp\/v2\/types\/product"}],"replies":[{"embeddable":true,"href":"https:\/\/gr-100.com\/pt-pt\/wp-json\/wp\/v2\/comments?post=373617"}],"wp:featuredmedia":[{"embeddable":true,"href":"https:\/\/gr-100.com\/pt-pt\/wp-json\/wp\/v2\/media\/279591"}],"wp:attachment":[{"href":"https:\/\/gr-100.com\/pt-pt\/wp-json\/wp\/v2\/media?parent=373617"}],"wp:term":[{"taxonomy":"product_brand","embeddable":true,"href":"https:\/\/gr-100.com\/pt-pt\/wp-json\/wp\/v2\/product_brand?post=373617"},{"taxonomy":"product_cat","embeddable":true,"href":"https:\/\/gr-100.com\/pt-pt\/wp-json\/wp\/v2\/product_cat?post=373617"},{"taxonomy":"product_tag","embeddable":true,"href":"https:\/\/gr-100.com\/pt-pt\/wp-json\/wp\/v2\/product_tag?post=373617"}],"curies":[{"name":"wp","href":"https:\/\/api.w.org\/{rel}","templated":true}]}}