{"id":373753,"date":"2024-07-01T11:52:48","date_gmt":"2024-07-01T11:52:48","guid":{"rendered":"https:\/\/nuevo.gr-100.com\/producto\/specialized-extension-de-bateria-para-sistema-sl\/"},"modified":"2026-04-13T06:42:35","modified_gmt":"2026-04-13T05:42:35","slug":"specialized-extension-de-bateria-para-sistema-sl","status":"publish","type":"product","link":"https:\/\/gr-100.com\/pt-pt\/producto\/specialized-extension-de-bateria-para-sistema-sl\/","title":{"rendered":"Specialized Extensi\u00f3n de bater\u00eda para Sistema SL"},"content":{"rendered":"<ul class=\"bullet_points\">\n<li class=\"bullet_item\">Capacidad de 160Wh que proporciona hasta una hora adicional de conducci\u00f3n.<\/li>\n<li class=\"bullet_item\">Incluye indicador de nivel de carga de 3 LED.<\/li>\n<li class=\"bullet_item\">El cable &#8220;SL Range Extender Cable 220mm ROAD\u00a098920-5655 SE VENDE POR SEPARADO.&#8221;<\/li>\n<li class=\"bullet_item\">El cable &#8220;SL Range Extender Cable 145 mm MTB 98920-5650 SE VENDE POR SEPARADO.&#8221;<\/li>\n<\/ul>\n","protected":false},"excerpt":{"rendered":"<p>Extensi\u00f3n de bater\u00eda del tama\u00f1o de una botella de agua que te ofrece hasta una hora adicional de autonom\u00eda.<\/p>\n","protected":false},"featured_media":279804,"comment_status":"closed","ping_status":"closed","template":"","meta":{"_acf_changed":false,"_et_pb_use_builder":"","_et_pb_old_content":"","_et_gb_content_width":"","inline_featured_image":false},"product_brand":[],"product_cat":[25,2402],"product_tag":[],"class_list":{"0":"post-373753","1":"product","2":"type-product","3":"status-publish","4":"has-post-thumbnail","6":"product_cat-componentes","7":"product_cat-componentes-e-bikes","8":"product_shipping_class-componentes","10":"first","11":"instock","12":"sale","13":"taxable","14":"shipping-taxable","15":"purchasable","16":"product-type-simple"},"acf":[],"yoast_head":"<!-- This site is optimized with the Yoast SEO Premium plugin v26.7 (Yoast SEO v26.7) - https:\/\/yoast.com\/wordpress\/plugins\/seo\/ -->\n<title>Specialized Extensi\u00f3n de bater\u00eda para Sistema SL GR-100 bateria<\/title>\n<meta name=\"description\" content=\"Specialized Extensi\u00f3n de bater\u00eda para Sistema SL. Del tama\u00f1o de una botella de agua que te ofrece hasta una hora adicional de autonom\u00eda.\" \/>\n<meta name=\"robots\" content=\"index, follow, max-snippet:-1, max-image-preview:large, max-video-preview:-1\" \/>\n<link rel=\"canonical\" href=\"https:\/\/gr-100.com\/producto\/specialized-extension-de-bateria-para-sistema-sl\/\" \/>\n<meta property=\"og:locale\" content=\"pt_PT\" \/>\n<meta property=\"og:type\" content=\"article\" \/>\n<meta property=\"og:title\" content=\"Specialized Extensi\u00f3n de bater\u00eda para Sistema SL\" \/>\n<meta property=\"og:description\" content=\"Specialized Extensi\u00f3n de bater\u00eda para Sistema SL. Del tama\u00f1o de una botella de agua que te ofrece hasta una hora adicional de autonom\u00eda.\" \/>\n<meta property=\"og:url\" content=\"https:\/\/gr-100.com\/producto\/specialized-extension-de-bateria-para-sistema-sl\/\" \/>\n<meta property=\"og:site_name\" content=\"Gr-100 Tienda de ciclismo Specialized\" \/>\n<meta property=\"article:publisher\" content=\"https:\/\/www.facebook.com\/Gr100Bikes\" \/>\n<meta property=\"article:modified_time\" content=\"2026-04-13T05:42:35+00:00\" \/>\n<meta property=\"og:image\" content=\"https:\/\/gr-100.com\/wp-content\/uploads\/2024\/05\/range-extender-battery_1.jpg\" \/>\n\t<meta property=\"og:image:width\" content=\"1000\" \/>\n\t<meta property=\"og:image:height\" content=\"1000\" \/>\n\t<meta property=\"og:image:type\" content=\"image\/jpeg\" \/>\n<meta name=\"twitter:card\" content=\"summary_large_image\" \/>\n<meta name=\"twitter:label1\" content=\"Tempo estimado de leitura\" \/>\n\t<meta name=\"twitter:data1\" content=\"1 minuto\" \/>\n<script type=\"application\/ld+json\" class=\"yoast-schema-graph\">{\"@context\":\"https:\/\/schema.org\",\"@graph\":[{\"@type\":\"WebPage\",\"@id\":\"https:\/\/gr-100.com\/producto\/specialized-extension-de-bateria-para-sistema-sl\/\",\"url\":\"https:\/\/gr-100.com\/producto\/specialized-extension-de-bateria-para-sistema-sl\/\",\"name\":\"Specialized Extensi\u00f3n de bater\u00eda para Sistema SL GR-100 bateria\",\"isPartOf\":{\"@id\":\"https:\/\/gr-100.com\/#website\"},\"primaryImageOfPage\":{\"@id\":\"https:\/\/gr-100.com\/producto\/specialized-extension-de-bateria-para-sistema-sl\/#primaryimage\"},\"image\":{\"@id\":\"https:\/\/gr-100.com\/producto\/specialized-extension-de-bateria-para-sistema-sl\/#primaryimage\"},\"thumbnailUrl\":\"https:\/\/gr-100.com\/wp-content\/uploads\/2024\/05\/range-extender-battery_1.jpg\",\"datePublished\":\"2024-07-01T11:52:48+00:00\",\"dateModified\":\"2026-04-13T05:42:35+00:00\",\"description\":\"Specialized Extensi\u00f3n de bater\u00eda para Sistema SL. Del tama\u00f1o de una botella de agua que te ofrece hasta una hora adicional de autonom\u00eda.\",\"breadcrumb\":{\"@id\":\"https:\/\/gr-100.com\/producto\/specialized-extension-de-bateria-para-sistema-sl\/#breadcrumb\"},\"inLanguage\":\"pt-PT\",\"potentialAction\":[{\"@type\":\"ReadAction\",\"target\":[\"https:\/\/gr-100.com\/producto\/specialized-extension-de-bateria-para-sistema-sl\/\"]}]},{\"@type\":\"ImageObject\",\"inLanguage\":\"pt-PT\",\"@id\":\"https:\/\/gr-100.com\/producto\/specialized-extension-de-bateria-para-sistema-sl\/#primaryimage\",\"url\":\"https:\/\/gr-100.com\/wp-content\/uploads\/2024\/05\/range-extender-battery_1.jpg\",\"contentUrl\":\"https:\/\/gr-100.com\/wp-content\/uploads\/2024\/05\/range-extender-battery_1.jpg\",\"width\":1000,\"height\":1000},{\"@type\":\"BreadcrumbList\",\"@id\":\"https:\/\/gr-100.com\/producto\/specialized-extension-de-bateria-para-sistema-sl\/#breadcrumb\",\"itemListElement\":[{\"@type\":\"ListItem\",\"position\":1,\"name\":\"Portada\",\"item\":\"https:\/\/gr-100.com\/en\/\"},{\"@type\":\"ListItem\",\"position\":2,\"name\":\"Productos\",\"item\":\"https:\/\/gr-100.com\/?post_type=product\"},{\"@type\":\"ListItem\",\"position\":3,\"name\":\"Specialized Extensi\u00f3n de bater\u00eda para Sistema SL\"}]},{\"@type\":\"WebSite\",\"@id\":\"https:\/\/gr-100.com\/#website\",\"url\":\"https:\/\/gr-100.com\/\",\"name\":\"Gr-100 Tienda de ciclismo Specialized\",\"description\":\"GR-100 tenemos todas las gamas de bicicletas Specialized al mejor precio.\",\"publisher\":{\"@id\":\"https:\/\/gr-100.com\/#organization\"},\"alternateName\":\"Gr-100 Bikes\",\"potentialAction\":[{\"@type\":\"SearchAction\",\"target\":{\"@type\":\"EntryPoint\",\"urlTemplate\":\"https:\/\/gr-100.com\/?s={search_term_string}\"},\"query-input\":{\"@type\":\"PropertyValueSpecification\",\"valueRequired\":true,\"valueName\":\"search_term_string\"}}],\"inLanguage\":\"pt-PT\"},{\"@type\":\"Organization\",\"@id\":\"https:\/\/gr-100.com\/#organization\",\"name\":\"Gr-100\",\"url\":\"https:\/\/gr-100.com\/\",\"logo\":{\"@type\":\"ImageObject\",\"inLanguage\":\"pt-PT\",\"@id\":\"https:\/\/gr-100.com\/#\/schema\/logo\/image\/\",\"url\":\"https:\/\/gr-100.com\/wp-content\/uploads\/2023\/08\/logo-gr-100-bikes.png\",\"contentUrl\":\"https:\/\/gr-100.com\/wp-content\/uploads\/2023\/08\/logo-gr-100-bikes.png\",\"width\":707,\"height\":284,\"caption\":\"Gr-100\"},\"image\":{\"@id\":\"https:\/\/gr-100.com\/#\/schema\/logo\/image\/\"},\"sameAs\":[\"https:\/\/www.facebook.com\/Gr100Bikes\",\"https:\/\/www.instagram.com\/gr100bikes\/\",\"https:\/\/www.tiktok.com\/@gr100bikes\",\"https:\/\/twitter.com\/gr100mtbteam\",\"https:\/\/www.youtube.com\/c\/GR100Specialized\"]}]}<\/script>\n<!-- \/ Yoast SEO Premium plugin. -->","yoast_head_json":{"title":"Specialized Extensi\u00f3n de bater\u00eda para Sistema SL GR-100 bateria","description":"Specialized Extensi\u00f3n de bater\u00eda para Sistema SL. Del tama\u00f1o de una botella de agua que te ofrece hasta una hora adicional de autonom\u00eda.","robots":{"index":"index","follow":"follow","max-snippet":"max-snippet:-1","max-image-preview":"max-image-preview:large","max-video-preview":"max-video-preview:-1"},"canonical":"https:\/\/gr-100.com\/producto\/specialized-extension-de-bateria-para-sistema-sl\/","og_locale":"pt_PT","og_type":"article","og_title":"Specialized Extensi\u00f3n de bater\u00eda para Sistema SL","og_description":"Specialized Extensi\u00f3n de bater\u00eda para Sistema SL. Del tama\u00f1o de una botella de agua que te ofrece hasta una hora adicional de autonom\u00eda.","og_url":"https:\/\/gr-100.com\/producto\/specialized-extension-de-bateria-para-sistema-sl\/","og_site_name":"Gr-100 Tienda de ciclismo Specialized","article_publisher":"https:\/\/www.facebook.com\/Gr100Bikes","article_modified_time":"2026-04-13T05:42:35+00:00","og_image":[{"width":1000,"height":1000,"url":"https:\/\/gr-100.com\/wp-content\/uploads\/2024\/05\/range-extender-battery_1.jpg","type":"image\/jpeg"}],"twitter_card":"summary_large_image","twitter_misc":{"Tempo estimado de leitura":"1 minuto"},"schema":{"@context":"https:\/\/schema.org","@graph":[{"@type":"WebPage","@id":"https:\/\/gr-100.com\/producto\/specialized-extension-de-bateria-para-sistema-sl\/","url":"https:\/\/gr-100.com\/producto\/specialized-extension-de-bateria-para-sistema-sl\/","name":"Specialized Extensi\u00f3n de bater\u00eda para Sistema SL GR-100 bateria","isPartOf":{"@id":"https:\/\/gr-100.com\/#website"},"primaryImageOfPage":{"@id":"https:\/\/gr-100.com\/producto\/specialized-extension-de-bateria-para-sistema-sl\/#primaryimage"},"image":{"@id":"https:\/\/gr-100.com\/producto\/specialized-extension-de-bateria-para-sistema-sl\/#primaryimage"},"thumbnailUrl":"https:\/\/gr-100.com\/wp-content\/uploads\/2024\/05\/range-extender-battery_1.jpg","datePublished":"2024-07-01T11:52:48+00:00","dateModified":"2026-04-13T05:42:35+00:00","description":"Specialized Extensi\u00f3n de bater\u00eda para Sistema SL. Del tama\u00f1o de una botella de agua que te ofrece hasta una hora adicional de autonom\u00eda.","breadcrumb":{"@id":"https:\/\/gr-100.com\/producto\/specialized-extension-de-bateria-para-sistema-sl\/#breadcrumb"},"inLanguage":"pt-PT","potentialAction":[{"@type":"ReadAction","target":["https:\/\/gr-100.com\/producto\/specialized-extension-de-bateria-para-sistema-sl\/"]}]},{"@type":"ImageObject","inLanguage":"pt-PT","@id":"https:\/\/gr-100.com\/producto\/specialized-extension-de-bateria-para-sistema-sl\/#primaryimage","url":"https:\/\/gr-100.com\/wp-content\/uploads\/2024\/05\/range-extender-battery_1.jpg","contentUrl":"https:\/\/gr-100.com\/wp-content\/uploads\/2024\/05\/range-extender-battery_1.jpg","width":1000,"height":1000},{"@type":"BreadcrumbList","@id":"https:\/\/gr-100.com\/producto\/specialized-extension-de-bateria-para-sistema-sl\/#breadcrumb","itemListElement":[{"@type":"ListItem","position":1,"name":"Portada","item":"https:\/\/gr-100.com\/en\/"},{"@type":"ListItem","position":2,"name":"Productos","item":"https:\/\/gr-100.com\/?post_type=product"},{"@type":"ListItem","position":3,"name":"Specialized Extensi\u00f3n de bater\u00eda para Sistema SL"}]},{"@type":"WebSite","@id":"https:\/\/gr-100.com\/#website","url":"https:\/\/gr-100.com\/","name":"Gr-100 Tienda de ciclismo Specialized","description":"GR-100 tenemos todas las gamas de bicicletas Specialized al mejor precio.","publisher":{"@id":"https:\/\/gr-100.com\/#organization"},"alternateName":"Gr-100 Bikes","potentialAction":[{"@type":"SearchAction","target":{"@type":"EntryPoint","urlTemplate":"https:\/\/gr-100.com\/?s={search_term_string}"},"query-input":{"@type":"PropertyValueSpecification","valueRequired":true,"valueName":"search_term_string"}}],"inLanguage":"pt-PT"},{"@type":"Organization","@id":"https:\/\/gr-100.com\/#organization","name":"Gr-100","url":"https:\/\/gr-100.com\/","logo":{"@type":"ImageObject","inLanguage":"pt-PT","@id":"https:\/\/gr-100.com\/#\/schema\/logo\/image\/","url":"https:\/\/gr-100.com\/wp-content\/uploads\/2023\/08\/logo-gr-100-bikes.png","contentUrl":"https:\/\/gr-100.com\/wp-content\/uploads\/2023\/08\/logo-gr-100-bikes.png","width":707,"height":284,"caption":"Gr-100"},"image":{"@id":"https:\/\/gr-100.com\/#\/schema\/logo\/image\/"},"sameAs":["https:\/\/www.facebook.com\/Gr100Bikes","https:\/\/www.instagram.com\/gr100bikes\/","https:\/\/www.tiktok.com\/@gr100bikes","https:\/\/twitter.com\/gr100mtbteam","https:\/\/www.youtube.com\/c\/GR100Specialized"]}]}},"_links":{"self":[{"href":"https:\/\/gr-100.com\/pt-pt\/wp-json\/wp\/v2\/product\/373753","targetHints":{"allow":["GET"]}}],"collection":[{"href":"https:\/\/gr-100.com\/pt-pt\/wp-json\/wp\/v2\/product"}],"about":[{"href":"https:\/\/gr-100.com\/pt-pt\/wp-json\/wp\/v2\/types\/product"}],"replies":[{"embeddable":true,"href":"https:\/\/gr-100.com\/pt-pt\/wp-json\/wp\/v2\/comments?post=373753"}],"wp:featuredmedia":[{"embeddable":true,"href":"https:\/\/gr-100.com\/pt-pt\/wp-json\/wp\/v2\/media\/279804"}],"wp:attachment":[{"href":"https:\/\/gr-100.com\/pt-pt\/wp-json\/wp\/v2\/media?parent=373753"}],"wp:term":[{"taxonomy":"product_brand","embeddable":true,"href":"https:\/\/gr-100.com\/pt-pt\/wp-json\/wp\/v2\/product_brand?post=373753"},{"taxonomy":"product_cat","embeddable":true,"href":"https:\/\/gr-100.com\/pt-pt\/wp-json\/wp\/v2\/product_cat?post=373753"},{"taxonomy":"product_tag","embeddable":true,"href":"https:\/\/gr-100.com\/pt-pt\/wp-json\/wp\/v2\/product_tag?post=373753"}],"curies":[{"name":"wp","href":"https:\/\/api.w.org\/{rel}","templated":true}]}}