{"id":374240,"date":"2024-07-01T12:37:09","date_gmt":"2024-07-01T12:37:09","guid":{"rendered":"https:\/\/nuevo.gr-100.com\/producto\/specialized-demo-pro-pantalon\/"},"modified":"2026-02-13T14:02:41","modified_gmt":"2026-02-13T12:02:41","slug":"specialized-demo-pro-pantalon","status":"publish","type":"product","link":"https:\/\/gr-100.com\/pt-pt\/producto\/specialized-demo-pro-pantalon\/","title":{"rendered":"Specialized Demo Pro Pantal\u00f3n"},"content":{"rendered":"<ul>\n<li>De material VapoRize ligero, el\u00e1stico y robusto con un tratamiento de superficie repelente al agua<\/li>\n<li>Ajuste casual, adaptado a la posici\u00f3n de asiento, con perneras c\u00f3nicas<\/li>\n<li>Insertos de ventilaci\u00f3n cortados con l\u00e1ser en la parte posterior de las rodillas y en el \u00e1rea de la ingle<\/li>\n<li>Zona de la rodilla reforzada<\/li>\n<li>Bajo de la pierna derecha reforzado para protecci\u00f3n de la cadena<\/li>\n<li>Inserto ancho de banda el\u00e1stica en la parte inferior de la espalda<\/li>\n<li>1 bolsillo con cremallera en la cintura<\/li>\n<li>2 bolsillos delanteros con entrada y cremallera<\/li>\n<li>Cintura ajustable con velcro<\/li>\n<li>Cintura alta con forro interior suave<\/li>\n<li>Protecci\u00f3n UV FPS 50+<\/li>\n<li>Compatible con culottes interiores acolchados y protectores<\/li>\n<\/ul>\n","protected":false},"excerpt":{"rendered":"<p>Pantal\u00f3n sin badana Demo Pro<\/p>\n","protected":false},"featured_media":280560,"comment_status":"closed","ping_status":"closed","template":"","meta":{"_acf_changed":false,"_et_pb_use_builder":"","_et_pb_old_content":"","_et_gb_content_width":"","inline_featured_image":false},"product_brand":[],"product_cat":[50,51],"product_tag":[],"class_list":{"0":"post-374240","1":"product","2":"type-product","3":"status-publish","4":"has-post-thumbnail","6":"product_cat-equipaciones","7":"product_cat-ropa","8":"product_shipping_class-equipacion","10":"first","11":"instock","12":"sale","13":"taxable","14":"shipping-taxable","15":"purchasable","16":"product-type-variable","17":"wvs-archive-product-wrapper"},"acf":[],"yoast_head":"<!-- This site is optimized with the Yoast SEO Premium plugin v26.7 (Yoast SEO v26.7) - https:\/\/yoast.com\/wordpress\/plugins\/seo\/ -->\n<title>Specialized Demo Pro Pantal\u00f3n GR-100 Specialized Demo Pro<\/title>\n<meta name=\"description\" content=\"De material VapoRize ligero, el\u00e1stico y robusto con un tratamiento de superficie repelente al agua Ajuste casual, adaptado a la posici\u00f3n\" \/>\n<meta name=\"robots\" content=\"index, follow, max-snippet:-1, max-image-preview:large, max-video-preview:-1\" \/>\n<link rel=\"canonical\" href=\"https:\/\/gr-100.com\/producto\/specialized-demo-pro-pantalon\/\" \/>\n<meta property=\"og:locale\" content=\"pt_PT\" \/>\n<meta property=\"og:type\" content=\"article\" \/>\n<meta property=\"og:title\" content=\"Specialized Demo Pro Pantal\u00f3n\" \/>\n<meta property=\"og:description\" content=\"De material VapoRize ligero, el\u00e1stico y robusto con un tratamiento de superficie repelente al agua Ajuste casual, adaptado a la posici\u00f3n\" \/>\n<meta property=\"og:url\" content=\"https:\/\/gr-100.com\/producto\/specialized-demo-pro-pantalon\/\" \/>\n<meta property=\"og:site_name\" content=\"Gr-100 Tienda de ciclismo Specialized\" \/>\n<meta property=\"article:publisher\" content=\"https:\/\/www.facebook.com\/Gr100Bikes\" \/>\n<meta property=\"article:modified_time\" content=\"2026-02-13T12:02:41+00:00\" \/>\n<meta property=\"og:image\" content=\"https:\/\/gr-100.com\/wp-content\/uploads\/2024\/05\/11-Screenshot-of-SPECIALIZE-14.jpg\" \/>\n\t<meta property=\"og:image:width\" content=\"1000\" \/>\n\t<meta property=\"og:image:height\" content=\"1000\" \/>\n\t<meta property=\"og:image:type\" content=\"image\/jpeg\" \/>\n<meta name=\"twitter:card\" content=\"summary_large_image\" \/>\n<meta name=\"twitter:label1\" content=\"Tempo estimado de leitura\" \/>\n\t<meta name=\"twitter:data1\" content=\"1 minuto\" \/>\n<script type=\"application\/ld+json\" class=\"yoast-schema-graph\">{\"@context\":\"https:\/\/schema.org\",\"@graph\":[{\"@type\":\"WebPage\",\"@id\":\"https:\/\/gr-100.com\/producto\/specialized-demo-pro-pantalon\/\",\"url\":\"https:\/\/gr-100.com\/producto\/specialized-demo-pro-pantalon\/\",\"name\":\"Specialized Demo Pro Pantal\u00f3n GR-100 Specialized Demo Pro\",\"isPartOf\":{\"@id\":\"https:\/\/gr-100.com\/#website\"},\"primaryImageOfPage\":{\"@id\":\"https:\/\/gr-100.com\/producto\/specialized-demo-pro-pantalon\/#primaryimage\"},\"image\":{\"@id\":\"https:\/\/gr-100.com\/producto\/specialized-demo-pro-pantalon\/#primaryimage\"},\"thumbnailUrl\":\"https:\/\/gr-100.com\/wp-content\/uploads\/2024\/05\/11-Screenshot-of-SPECIALIZE-14.jpg\",\"datePublished\":\"2024-07-01T12:37:09+00:00\",\"dateModified\":\"2026-02-13T12:02:41+00:00\",\"description\":\"De material VapoRize ligero, el\u00e1stico y robusto con un tratamiento de superficie repelente al agua Ajuste casual, adaptado a la posici\u00f3n\",\"breadcrumb\":{\"@id\":\"https:\/\/gr-100.com\/producto\/specialized-demo-pro-pantalon\/#breadcrumb\"},\"inLanguage\":\"pt-PT\",\"potentialAction\":[{\"@type\":\"ReadAction\",\"target\":[\"https:\/\/gr-100.com\/producto\/specialized-demo-pro-pantalon\/\"]}]},{\"@type\":\"ImageObject\",\"inLanguage\":\"pt-PT\",\"@id\":\"https:\/\/gr-100.com\/producto\/specialized-demo-pro-pantalon\/#primaryimage\",\"url\":\"https:\/\/gr-100.com\/wp-content\/uploads\/2024\/05\/11-Screenshot-of-SPECIALIZE-14.jpg\",\"contentUrl\":\"https:\/\/gr-100.com\/wp-content\/uploads\/2024\/05\/11-Screenshot-of-SPECIALIZE-14.jpg\",\"width\":1000,\"height\":1000},{\"@type\":\"BreadcrumbList\",\"@id\":\"https:\/\/gr-100.com\/producto\/specialized-demo-pro-pantalon\/#breadcrumb\",\"itemListElement\":[{\"@type\":\"ListItem\",\"position\":1,\"name\":\"Portada\",\"item\":\"https:\/\/gr-100.com\/en\/\"},{\"@type\":\"ListItem\",\"position\":2,\"name\":\"Productos\",\"item\":\"https:\/\/gr-100.com\/?post_type=product\"},{\"@type\":\"ListItem\",\"position\":3,\"name\":\"Specialized Demo Pro Pantal\u00f3n\"}]},{\"@type\":\"WebSite\",\"@id\":\"https:\/\/gr-100.com\/#website\",\"url\":\"https:\/\/gr-100.com\/\",\"name\":\"Gr-100 Tienda de ciclismo Specialized\",\"description\":\"GR-100 tenemos todas las gamas de bicicletas Specialized al mejor precio.\",\"publisher\":{\"@id\":\"https:\/\/gr-100.com\/#organization\"},\"alternateName\":\"Gr-100 Bikes\",\"potentialAction\":[{\"@type\":\"SearchAction\",\"target\":{\"@type\":\"EntryPoint\",\"urlTemplate\":\"https:\/\/gr-100.com\/?s={search_term_string}\"},\"query-input\":{\"@type\":\"PropertyValueSpecification\",\"valueRequired\":true,\"valueName\":\"search_term_string\"}}],\"inLanguage\":\"pt-PT\"},{\"@type\":\"Organization\",\"@id\":\"https:\/\/gr-100.com\/#organization\",\"name\":\"Gr-100\",\"url\":\"https:\/\/gr-100.com\/\",\"logo\":{\"@type\":\"ImageObject\",\"inLanguage\":\"pt-PT\",\"@id\":\"https:\/\/gr-100.com\/#\/schema\/logo\/image\/\",\"url\":\"https:\/\/gr-100.com\/wp-content\/uploads\/2023\/08\/logo-gr-100-bikes.png\",\"contentUrl\":\"https:\/\/gr-100.com\/wp-content\/uploads\/2023\/08\/logo-gr-100-bikes.png\",\"width\":707,\"height\":284,\"caption\":\"Gr-100\"},\"image\":{\"@id\":\"https:\/\/gr-100.com\/#\/schema\/logo\/image\/\"},\"sameAs\":[\"https:\/\/www.facebook.com\/Gr100Bikes\",\"https:\/\/www.instagram.com\/gr100bikes\/\",\"https:\/\/www.tiktok.com\/@gr100bikes\",\"https:\/\/twitter.com\/gr100mtbteam\",\"https:\/\/www.youtube.com\/c\/GR100Specialized\"]}]}<\/script>\n<!-- \/ Yoast SEO Premium plugin. -->","yoast_head_json":{"title":"Specialized Demo Pro Pantal\u00f3n GR-100 Specialized Demo Pro","description":"De material VapoRize ligero, el\u00e1stico y robusto con un tratamiento de superficie repelente al agua Ajuste casual, adaptado a la posici\u00f3n","robots":{"index":"index","follow":"follow","max-snippet":"max-snippet:-1","max-image-preview":"max-image-preview:large","max-video-preview":"max-video-preview:-1"},"canonical":"https:\/\/gr-100.com\/producto\/specialized-demo-pro-pantalon\/","og_locale":"pt_PT","og_type":"article","og_title":"Specialized Demo Pro Pantal\u00f3n","og_description":"De material VapoRize ligero, el\u00e1stico y robusto con un tratamiento de superficie repelente al agua Ajuste casual, adaptado a la posici\u00f3n","og_url":"https:\/\/gr-100.com\/producto\/specialized-demo-pro-pantalon\/","og_site_name":"Gr-100 Tienda de ciclismo Specialized","article_publisher":"https:\/\/www.facebook.com\/Gr100Bikes","article_modified_time":"2026-02-13T12:02:41+00:00","og_image":[{"width":1000,"height":1000,"url":"https:\/\/gr-100.com\/wp-content\/uploads\/2024\/05\/11-Screenshot-of-SPECIALIZE-14.jpg","type":"image\/jpeg"}],"twitter_card":"summary_large_image","twitter_misc":{"Tempo estimado de leitura":"1 minuto"},"schema":{"@context":"https:\/\/schema.org","@graph":[{"@type":"WebPage","@id":"https:\/\/gr-100.com\/producto\/specialized-demo-pro-pantalon\/","url":"https:\/\/gr-100.com\/producto\/specialized-demo-pro-pantalon\/","name":"Specialized Demo Pro Pantal\u00f3n GR-100 Specialized Demo Pro","isPartOf":{"@id":"https:\/\/gr-100.com\/#website"},"primaryImageOfPage":{"@id":"https:\/\/gr-100.com\/producto\/specialized-demo-pro-pantalon\/#primaryimage"},"image":{"@id":"https:\/\/gr-100.com\/producto\/specialized-demo-pro-pantalon\/#primaryimage"},"thumbnailUrl":"https:\/\/gr-100.com\/wp-content\/uploads\/2024\/05\/11-Screenshot-of-SPECIALIZE-14.jpg","datePublished":"2024-07-01T12:37:09+00:00","dateModified":"2026-02-13T12:02:41+00:00","description":"De material VapoRize ligero, el\u00e1stico y robusto con un tratamiento de superficie repelente al agua Ajuste casual, adaptado a la posici\u00f3n","breadcrumb":{"@id":"https:\/\/gr-100.com\/producto\/specialized-demo-pro-pantalon\/#breadcrumb"},"inLanguage":"pt-PT","potentialAction":[{"@type":"ReadAction","target":["https:\/\/gr-100.com\/producto\/specialized-demo-pro-pantalon\/"]}]},{"@type":"ImageObject","inLanguage":"pt-PT","@id":"https:\/\/gr-100.com\/producto\/specialized-demo-pro-pantalon\/#primaryimage","url":"https:\/\/gr-100.com\/wp-content\/uploads\/2024\/05\/11-Screenshot-of-SPECIALIZE-14.jpg","contentUrl":"https:\/\/gr-100.com\/wp-content\/uploads\/2024\/05\/11-Screenshot-of-SPECIALIZE-14.jpg","width":1000,"height":1000},{"@type":"BreadcrumbList","@id":"https:\/\/gr-100.com\/producto\/specialized-demo-pro-pantalon\/#breadcrumb","itemListElement":[{"@type":"ListItem","position":1,"name":"Portada","item":"https:\/\/gr-100.com\/en\/"},{"@type":"ListItem","position":2,"name":"Productos","item":"https:\/\/gr-100.com\/?post_type=product"},{"@type":"ListItem","position":3,"name":"Specialized Demo Pro Pantal\u00f3n"}]},{"@type":"WebSite","@id":"https:\/\/gr-100.com\/#website","url":"https:\/\/gr-100.com\/","name":"Gr-100 Tienda de ciclismo Specialized","description":"GR-100 tenemos todas las gamas de bicicletas Specialized al mejor precio.","publisher":{"@id":"https:\/\/gr-100.com\/#organization"},"alternateName":"Gr-100 Bikes","potentialAction":[{"@type":"SearchAction","target":{"@type":"EntryPoint","urlTemplate":"https:\/\/gr-100.com\/?s={search_term_string}"},"query-input":{"@type":"PropertyValueSpecification","valueRequired":true,"valueName":"search_term_string"}}],"inLanguage":"pt-PT"},{"@type":"Organization","@id":"https:\/\/gr-100.com\/#organization","name":"Gr-100","url":"https:\/\/gr-100.com\/","logo":{"@type":"ImageObject","inLanguage":"pt-PT","@id":"https:\/\/gr-100.com\/#\/schema\/logo\/image\/","url":"https:\/\/gr-100.com\/wp-content\/uploads\/2023\/08\/logo-gr-100-bikes.png","contentUrl":"https:\/\/gr-100.com\/wp-content\/uploads\/2023\/08\/logo-gr-100-bikes.png","width":707,"height":284,"caption":"Gr-100"},"image":{"@id":"https:\/\/gr-100.com\/#\/schema\/logo\/image\/"},"sameAs":["https:\/\/www.facebook.com\/Gr100Bikes","https:\/\/www.instagram.com\/gr100bikes\/","https:\/\/www.tiktok.com\/@gr100bikes","https:\/\/twitter.com\/gr100mtbteam","https:\/\/www.youtube.com\/c\/GR100Specialized"]}]}},"_links":{"self":[{"href":"https:\/\/gr-100.com\/pt-pt\/wp-json\/wp\/v2\/product\/374240","targetHints":{"allow":["GET"]}}],"collection":[{"href":"https:\/\/gr-100.com\/pt-pt\/wp-json\/wp\/v2\/product"}],"about":[{"href":"https:\/\/gr-100.com\/pt-pt\/wp-json\/wp\/v2\/types\/product"}],"replies":[{"embeddable":true,"href":"https:\/\/gr-100.com\/pt-pt\/wp-json\/wp\/v2\/comments?post=374240"}],"wp:featuredmedia":[{"embeddable":true,"href":"https:\/\/gr-100.com\/pt-pt\/wp-json\/wp\/v2\/media\/280560"}],"wp:attachment":[{"href":"https:\/\/gr-100.com\/pt-pt\/wp-json\/wp\/v2\/media?parent=374240"}],"wp:term":[{"taxonomy":"product_brand","embeddable":true,"href":"https:\/\/gr-100.com\/pt-pt\/wp-json\/wp\/v2\/product_brand?post=374240"},{"taxonomy":"product_cat","embeddable":true,"href":"https:\/\/gr-100.com\/pt-pt\/wp-json\/wp\/v2\/product_cat?post=374240"},{"taxonomy":"product_tag","embeddable":true,"href":"https:\/\/gr-100.com\/pt-pt\/wp-json\/wp\/v2\/product_tag?post=374240"}],"curies":[{"name":"wp","href":"https:\/\/api.w.org\/{rel}","templated":true}]}}