{"id":374814,"date":"2024-07-01T13:05:14","date_gmt":"2024-07-01T13:05:14","guid":{"rendered":"https:\/\/nuevo.gr-100.com\/producto\/vittoria-rubino-pro-graphene-2-0-tubeless-ready-700x28\/"},"modified":"2025-12-18T16:41:33","modified_gmt":"2025-12-18T14:41:33","slug":"vittoria-rubino-pro-graphene-2-0-tubeless-ready-700x28","status":"publish","type":"product","link":"https:\/\/gr-100.com\/pt-pt\/producto\/vittoria-rubino-pro-graphene-2-0-tubeless-ready-700x28\/","title":{"rendered":"Vittoria Rubino Pro Graphene 2.0 Tubeless Ready 700&#215;28"},"content":{"rendered":"<ul>\n<li>Aro : Flexible<\/li>\n<li>Color : Negro<\/li>\n<li>Medidas : 700&#215;28<\/li>\n<li>Montaje Tubeless : S\u00ed<\/li>\n<li>TPI : 150<\/li>\n<li>Peso (fabricante) : 270<\/li>\n<li>Carcasa de nailon de 150 TPI.<\/li>\n<li>Compuesto de gomas 3C con Grafeno G2.0.<\/li>\n<li>Tubeless Ready.<\/li>\n<li>Tama\u00f1o ETRTO: 28-622.<\/li>\n<\/ul>\n","protected":false},"excerpt":{"rendered":"<p>La\u00a0<strong>cubierta VITTORIA Rubino Pro\u00a0Grafeno\u00a0G2.0 700x28c<\/strong>\u00a0<strong>Tubeless Ready Flexible<\/strong>\u00a0es el modelo para todo de la marca italiana: para entrenamientos intensos, para competir&#8230; Adem\u00e1s, presenta una nueva banda de rodadura.<\/p>\n<p>La cubierta cuenta con una carcasa de nailon de 150 TPI de gran calidad. El triple compuesto de Grafeno G2.0 aporta velocidad, agarre en cualquier situaci\u00f3n y una gran durabilidad ante posibles pinchazos y desgarros.<\/p>\n<p>Seg\u00fan la marca, el grafeno G2.0 reduce en un 40 % la resistencia al rodamiento y aporta un agarre un 30 % m\u00e1s fiable en comparaci\u00f3n con la generaci\u00f3n anterior, incluso sobre terreno mojado.<\/p>\n","protected":false},"featured_media":289800,"comment_status":"closed","ping_status":"closed","template":"","meta":{"_acf_changed":false,"_et_pb_use_builder":"","_et_pb_old_content":"","_et_gb_content_width":"","inline_featured_image":false},"product_brand":[],"product_cat":[25,45,2372],"product_tag":[],"class_list":{"0":"post-374814","1":"product","2":"type-product","3":"status-publish","4":"has-post-thumbnail","6":"product_cat-componentes","7":"product_cat-cubiertas-y-camaras","8":"product_cat-super-ofertas","9":"product_shipping_class-componentes","11":"first","12":"outofstock","13":"sale","14":"taxable","15":"shipping-taxable","16":"purchasable","17":"product-type-simple"},"acf":[],"yoast_head":"<!-- This site is optimized with the Yoast SEO Premium plugin v26.7 (Yoast SEO v26.7) - https:\/\/yoast.com\/wordpress\/plugins\/seo\/ -->\n<title>Vittoria Rubino Pro Graphene 2.0 Tubeless Ready 700x28 Vittoria<\/title>\n<meta name=\"description\" content=\"La cubierta VITTORIA Rubino Pro Grafeno G2.0 700x28c Tubeless Ready Flexible es el modelo para todo : entrenamientos intensos, competir...\" \/>\n<meta name=\"robots\" content=\"index, follow, max-snippet:-1, max-image-preview:large, max-video-preview:-1\" \/>\n<link rel=\"canonical\" href=\"https:\/\/gr-100.com\/producto\/vittoria-rubino-pro-graphene-2-0-tubeless-ready-700x28\/\" \/>\n<meta property=\"og:locale\" content=\"pt_PT\" \/>\n<meta property=\"og:type\" content=\"article\" \/>\n<meta property=\"og:title\" content=\"Vittoria Rubino Pro Graphene 2.0 Tubeless Ready 700x28\" \/>\n<meta property=\"og:description\" content=\"La cubierta VITTORIA Rubino Pro Grafeno G2.0 700x28c Tubeless Ready Flexible es el modelo para todo : entrenamientos intensos, competir...\" \/>\n<meta property=\"og:url\" content=\"https:\/\/gr-100.com\/producto\/vittoria-rubino-pro-graphene-2-0-tubeless-ready-700x28\/\" \/>\n<meta property=\"og:site_name\" content=\"Gr-100 Tienda de ciclismo Specialized\" \/>\n<meta property=\"article:publisher\" content=\"https:\/\/www.facebook.com\/Gr100Bikes\" \/>\n<meta property=\"article:modified_time\" content=\"2025-12-18T14:41:33+00:00\" \/>\n<meta property=\"og:image\" content=\"https:\/\/gr-100.com\/wp-content\/uploads\/2024\/05\/Vittoria-Rubino-Pro.jpg\" \/>\n\t<meta property=\"og:image:width\" content=\"1000\" \/>\n\t<meta property=\"og:image:height\" content=\"1000\" \/>\n\t<meta property=\"og:image:type\" content=\"image\/jpeg\" \/>\n<meta name=\"twitter:card\" content=\"summary_large_image\" \/>\n<meta name=\"twitter:label1\" content=\"Tempo estimado de leitura\" \/>\n\t<meta name=\"twitter:data1\" content=\"1 minuto\" \/>\n<script type=\"application\/ld+json\" class=\"yoast-schema-graph\">{\"@context\":\"https:\/\/schema.org\",\"@graph\":[{\"@type\":\"WebPage\",\"@id\":\"https:\/\/gr-100.com\/producto\/vittoria-rubino-pro-graphene-2-0-tubeless-ready-700x28\/\",\"url\":\"https:\/\/gr-100.com\/producto\/vittoria-rubino-pro-graphene-2-0-tubeless-ready-700x28\/\",\"name\":\"Vittoria Rubino Pro Graphene 2.0 Tubeless Ready 700x28 Vittoria\",\"isPartOf\":{\"@id\":\"https:\/\/gr-100.com\/#website\"},\"primaryImageOfPage\":{\"@id\":\"https:\/\/gr-100.com\/producto\/vittoria-rubino-pro-graphene-2-0-tubeless-ready-700x28\/#primaryimage\"},\"image\":{\"@id\":\"https:\/\/gr-100.com\/producto\/vittoria-rubino-pro-graphene-2-0-tubeless-ready-700x28\/#primaryimage\"},\"thumbnailUrl\":\"https:\/\/gr-100.com\/wp-content\/uploads\/2024\/05\/Vittoria-Rubino-Pro.jpg\",\"datePublished\":\"2024-07-01T13:05:14+00:00\",\"dateModified\":\"2025-12-18T14:41:33+00:00\",\"description\":\"La cubierta VITTORIA Rubino Pro Grafeno G2.0 700x28c Tubeless Ready Flexible es el modelo para todo : entrenamientos intensos, competir...\",\"breadcrumb\":{\"@id\":\"https:\/\/gr-100.com\/producto\/vittoria-rubino-pro-graphene-2-0-tubeless-ready-700x28\/#breadcrumb\"},\"inLanguage\":\"pt-PT\",\"potentialAction\":[{\"@type\":\"ReadAction\",\"target\":[\"https:\/\/gr-100.com\/producto\/vittoria-rubino-pro-graphene-2-0-tubeless-ready-700x28\/\"]}]},{\"@type\":\"ImageObject\",\"inLanguage\":\"pt-PT\",\"@id\":\"https:\/\/gr-100.com\/producto\/vittoria-rubino-pro-graphene-2-0-tubeless-ready-700x28\/#primaryimage\",\"url\":\"https:\/\/gr-100.com\/wp-content\/uploads\/2024\/05\/Vittoria-Rubino-Pro.jpg\",\"contentUrl\":\"https:\/\/gr-100.com\/wp-content\/uploads\/2024\/05\/Vittoria-Rubino-Pro.jpg\",\"width\":1000,\"height\":1000},{\"@type\":\"BreadcrumbList\",\"@id\":\"https:\/\/gr-100.com\/producto\/vittoria-rubino-pro-graphene-2-0-tubeless-ready-700x28\/#breadcrumb\",\"itemListElement\":[{\"@type\":\"ListItem\",\"position\":1,\"name\":\"Portada\",\"item\":\"https:\/\/gr-100.com\/en\/\"},{\"@type\":\"ListItem\",\"position\":2,\"name\":\"Productos\",\"item\":\"https:\/\/gr-100.com\/?post_type=product\"},{\"@type\":\"ListItem\",\"position\":3,\"name\":\"Vittoria Rubino Pro Graphene 2.0 Tubeless Ready 700&#215;28\"}]},{\"@type\":\"WebSite\",\"@id\":\"https:\/\/gr-100.com\/#website\",\"url\":\"https:\/\/gr-100.com\/\",\"name\":\"Gr-100 Tienda de ciclismo Specialized\",\"description\":\"GR-100 tenemos todas las gamas de bicicletas Specialized al mejor precio.\",\"publisher\":{\"@id\":\"https:\/\/gr-100.com\/#organization\"},\"alternateName\":\"Gr-100 Bikes\",\"potentialAction\":[{\"@type\":\"SearchAction\",\"target\":{\"@type\":\"EntryPoint\",\"urlTemplate\":\"https:\/\/gr-100.com\/?s={search_term_string}\"},\"query-input\":{\"@type\":\"PropertyValueSpecification\",\"valueRequired\":true,\"valueName\":\"search_term_string\"}}],\"inLanguage\":\"pt-PT\"},{\"@type\":\"Organization\",\"@id\":\"https:\/\/gr-100.com\/#organization\",\"name\":\"Gr-100\",\"url\":\"https:\/\/gr-100.com\/\",\"logo\":{\"@type\":\"ImageObject\",\"inLanguage\":\"pt-PT\",\"@id\":\"https:\/\/gr-100.com\/#\/schema\/logo\/image\/\",\"url\":\"https:\/\/gr-100.com\/wp-content\/uploads\/2023\/08\/logo-gr-100-bikes.png\",\"contentUrl\":\"https:\/\/gr-100.com\/wp-content\/uploads\/2023\/08\/logo-gr-100-bikes.png\",\"width\":707,\"height\":284,\"caption\":\"Gr-100\"},\"image\":{\"@id\":\"https:\/\/gr-100.com\/#\/schema\/logo\/image\/\"},\"sameAs\":[\"https:\/\/www.facebook.com\/Gr100Bikes\",\"https:\/\/www.instagram.com\/gr100bikes\/\",\"https:\/\/www.tiktok.com\/@gr100bikes\",\"https:\/\/twitter.com\/gr100mtbteam\",\"https:\/\/www.youtube.com\/c\/GR100Specialized\"]}]}<\/script>\n<!-- \/ Yoast SEO Premium plugin. -->","yoast_head_json":{"title":"Vittoria Rubino Pro Graphene 2.0 Tubeless Ready 700x28 Vittoria","description":"La cubierta VITTORIA Rubino Pro Grafeno G2.0 700x28c Tubeless Ready Flexible es el modelo para todo : entrenamientos intensos, competir...","robots":{"index":"index","follow":"follow","max-snippet":"max-snippet:-1","max-image-preview":"max-image-preview:large","max-video-preview":"max-video-preview:-1"},"canonical":"https:\/\/gr-100.com\/producto\/vittoria-rubino-pro-graphene-2-0-tubeless-ready-700x28\/","og_locale":"pt_PT","og_type":"article","og_title":"Vittoria Rubino Pro Graphene 2.0 Tubeless Ready 700x28","og_description":"La cubierta VITTORIA Rubino Pro Grafeno G2.0 700x28c Tubeless Ready Flexible es el modelo para todo : entrenamientos intensos, competir...","og_url":"https:\/\/gr-100.com\/producto\/vittoria-rubino-pro-graphene-2-0-tubeless-ready-700x28\/","og_site_name":"Gr-100 Tienda de ciclismo Specialized","article_publisher":"https:\/\/www.facebook.com\/Gr100Bikes","article_modified_time":"2025-12-18T14:41:33+00:00","og_image":[{"width":1000,"height":1000,"url":"https:\/\/gr-100.com\/wp-content\/uploads\/2024\/05\/Vittoria-Rubino-Pro.jpg","type":"image\/jpeg"}],"twitter_card":"summary_large_image","twitter_misc":{"Tempo estimado de leitura":"1 minuto"},"schema":{"@context":"https:\/\/schema.org","@graph":[{"@type":"WebPage","@id":"https:\/\/gr-100.com\/producto\/vittoria-rubino-pro-graphene-2-0-tubeless-ready-700x28\/","url":"https:\/\/gr-100.com\/producto\/vittoria-rubino-pro-graphene-2-0-tubeless-ready-700x28\/","name":"Vittoria Rubino Pro Graphene 2.0 Tubeless Ready 700x28 Vittoria","isPartOf":{"@id":"https:\/\/gr-100.com\/#website"},"primaryImageOfPage":{"@id":"https:\/\/gr-100.com\/producto\/vittoria-rubino-pro-graphene-2-0-tubeless-ready-700x28\/#primaryimage"},"image":{"@id":"https:\/\/gr-100.com\/producto\/vittoria-rubino-pro-graphene-2-0-tubeless-ready-700x28\/#primaryimage"},"thumbnailUrl":"https:\/\/gr-100.com\/wp-content\/uploads\/2024\/05\/Vittoria-Rubino-Pro.jpg","datePublished":"2024-07-01T13:05:14+00:00","dateModified":"2025-12-18T14:41:33+00:00","description":"La cubierta VITTORIA Rubino Pro Grafeno G2.0 700x28c Tubeless Ready Flexible es el modelo para todo : entrenamientos intensos, competir...","breadcrumb":{"@id":"https:\/\/gr-100.com\/producto\/vittoria-rubino-pro-graphene-2-0-tubeless-ready-700x28\/#breadcrumb"},"inLanguage":"pt-PT","potentialAction":[{"@type":"ReadAction","target":["https:\/\/gr-100.com\/producto\/vittoria-rubino-pro-graphene-2-0-tubeless-ready-700x28\/"]}]},{"@type":"ImageObject","inLanguage":"pt-PT","@id":"https:\/\/gr-100.com\/producto\/vittoria-rubino-pro-graphene-2-0-tubeless-ready-700x28\/#primaryimage","url":"https:\/\/gr-100.com\/wp-content\/uploads\/2024\/05\/Vittoria-Rubino-Pro.jpg","contentUrl":"https:\/\/gr-100.com\/wp-content\/uploads\/2024\/05\/Vittoria-Rubino-Pro.jpg","width":1000,"height":1000},{"@type":"BreadcrumbList","@id":"https:\/\/gr-100.com\/producto\/vittoria-rubino-pro-graphene-2-0-tubeless-ready-700x28\/#breadcrumb","itemListElement":[{"@type":"ListItem","position":1,"name":"Portada","item":"https:\/\/gr-100.com\/en\/"},{"@type":"ListItem","position":2,"name":"Productos","item":"https:\/\/gr-100.com\/?post_type=product"},{"@type":"ListItem","position":3,"name":"Vittoria Rubino Pro Graphene 2.0 Tubeless Ready 700&#215;28"}]},{"@type":"WebSite","@id":"https:\/\/gr-100.com\/#website","url":"https:\/\/gr-100.com\/","name":"Gr-100 Tienda de ciclismo Specialized","description":"GR-100 tenemos todas las gamas de bicicletas Specialized al mejor precio.","publisher":{"@id":"https:\/\/gr-100.com\/#organization"},"alternateName":"Gr-100 Bikes","potentialAction":[{"@type":"SearchAction","target":{"@type":"EntryPoint","urlTemplate":"https:\/\/gr-100.com\/?s={search_term_string}"},"query-input":{"@type":"PropertyValueSpecification","valueRequired":true,"valueName":"search_term_string"}}],"inLanguage":"pt-PT"},{"@type":"Organization","@id":"https:\/\/gr-100.com\/#organization","name":"Gr-100","url":"https:\/\/gr-100.com\/","logo":{"@type":"ImageObject","inLanguage":"pt-PT","@id":"https:\/\/gr-100.com\/#\/schema\/logo\/image\/","url":"https:\/\/gr-100.com\/wp-content\/uploads\/2023\/08\/logo-gr-100-bikes.png","contentUrl":"https:\/\/gr-100.com\/wp-content\/uploads\/2023\/08\/logo-gr-100-bikes.png","width":707,"height":284,"caption":"Gr-100"},"image":{"@id":"https:\/\/gr-100.com\/#\/schema\/logo\/image\/"},"sameAs":["https:\/\/www.facebook.com\/Gr100Bikes","https:\/\/www.instagram.com\/gr100bikes\/","https:\/\/www.tiktok.com\/@gr100bikes","https:\/\/twitter.com\/gr100mtbteam","https:\/\/www.youtube.com\/c\/GR100Specialized"]}]}},"_links":{"self":[{"href":"https:\/\/gr-100.com\/pt-pt\/wp-json\/wp\/v2\/product\/374814","targetHints":{"allow":["GET"]}}],"collection":[{"href":"https:\/\/gr-100.com\/pt-pt\/wp-json\/wp\/v2\/product"}],"about":[{"href":"https:\/\/gr-100.com\/pt-pt\/wp-json\/wp\/v2\/types\/product"}],"replies":[{"embeddable":true,"href":"https:\/\/gr-100.com\/pt-pt\/wp-json\/wp\/v2\/comments?post=374814"}],"wp:featuredmedia":[{"embeddable":true,"href":"https:\/\/gr-100.com\/pt-pt\/wp-json\/wp\/v2\/media\/289800"}],"wp:attachment":[{"href":"https:\/\/gr-100.com\/pt-pt\/wp-json\/wp\/v2\/media?parent=374814"}],"wp:term":[{"taxonomy":"product_brand","embeddable":true,"href":"https:\/\/gr-100.com\/pt-pt\/wp-json\/wp\/v2\/product_brand?post=374814"},{"taxonomy":"product_cat","embeddable":true,"href":"https:\/\/gr-100.com\/pt-pt\/wp-json\/wp\/v2\/product_cat?post=374814"},{"taxonomy":"product_tag","embeddable":true,"href":"https:\/\/gr-100.com\/pt-pt\/wp-json\/wp\/v2\/product_tag?post=374814"}],"curies":[{"name":"wp","href":"https:\/\/api.w.org\/{rel}","templated":true}]}}