{"id":374986,"date":"2024-07-01T13:13:15","date_gmt":"2024-07-01T13:13:15","guid":{"rendered":"https:\/\/nuevo.gr-100.com\/producto\/oakley-aro5-race\/"},"modified":"2025-09-24T11:54:14","modified_gmt":"2025-09-24T09:54:14","slug":"oakley-aro5-race","status":"publish","type":"product","link":"https:\/\/gr-100.com\/pt-pt\/producto\/oakley-aro5-race\/","title":{"rendered":"Oakley Aro5 Race"},"content":{"rendered":"<ul>\n<li>AJUSTE: El sistema de ajuste BOA 360\u00b0 incluye un selector regulable que ofrece un ajuste m\u00e1s seguro y maximiza la seguridad. Las mejoras generales a la forma de la carcasa garantizan que ARO5 Race quede colocado m\u00e1s bajo en la cabeza para as\u00ed ofrecer mayor equilibrio y ajustarse de forma m\u00e1s natural al contorno de la cabeza.<\/li>\n<li>LIGEREZA: ARO5 Race es m\u00e1s ligero que su predecesor, el ARO5, algo que consigue mediante el nuevo dise\u00f1o de la carcasa y otras modificaciones internas.<\/li>\n<li>PROTECCI\u00d3N: El sistema de seguridad Mips\u00ae Air consiste en una capa de baja fricci\u00f3n integrada al casco y dise\u00f1ada para reducir el movimiento rotacional a la cabeza y ayudar a reducir las fuerzas perjudiciales que podr\u00edan tener un impacto en la cabeza del usuario.<\/li>\n<li>VENTILACI\u00d3N: ARO5 Race lleva incluidos puertos de ventilaci\u00f3n para las partes frontal y superior, con un nuevo dise\u00f1o que aumenta considerablemente el flujo del aire y la transpirabilidad. Lleva 19 ranuras de ventilaci\u00f3n en total en las secciones superior, lateral y trasera.<\/li>\n<li>\u00a0FORRO: El forro antimicrobiano Ionic+\u2122 est\u00e1 activado para controlar el sudor y el olor y mantenerte fresco.<\/li>\n<li>\u00a0ALMACENAMIENTO DE GAFAS: Las ranuras de ventilaci\u00f3n en la parte frontal ofrecen a los ciclistas un espacio donde guardar las gafas con facilidad. Los agarres de Unobtainium\u00ae sujetan las varillas de las gafas en su sitio; y los cortes de la espuma en el interior del casco evitan el da\u00f1o que las varillas puedan hacer en la cabeza del usuario en caso de impacto, lo que crea un espacio de almacenamiento sencillo e intuitivo para los ciclistas.<\/li>\n<li>DISE\u00d1O: ARO5 Race lleva un insignia de la marca con una capa de Iridium\u00ae que refleja los colores de las lentes Prizm\u2122 que llevan las gafas Oakley. El color de cada insignia es \u00fanico para el color del casco, y todos celebran el legado \u00f3ptico de Oakley.<\/li>\n<li>\u00a0Con bolsa de viaje para el casco y calcoman\u00eda Oakley incluidas<\/li>\n<li>\u00a0Peque\u00f1o (52-56 cm) \/ Mediano (54-58 cm) \/ Grande (56-60 cm)<\/li>\n<li>\u00a0Certificaciones CPSC 1203, EN1078 y ANZ2063<\/li>\n<\/ul>\n","protected":false},"excerpt":{"rendered":"<p>ARO5 Race est\u00e1 dise\u00f1ado para ofrecer el m\u00e1ximo rendimiento y la m\u00e1xima transpirabilidad en la carretera. ARO5 Race tiene un dise\u00f1o aerodin\u00e1mico y ventilado, pensado para los resultados, que aumenta considerablemente el flujo del aire a trav\u00e9s de los 19 puertos de ventilaci\u00f3n. ARO5 Race es m\u00e1s ligero que su predecesor, el ARO5, y ofrece la ventaja necesaria para adelantar al pelot\u00f3n. Al combinar los avances t\u00e9cnicos adicionales de la integraci\u00f3n \u00f3ptica, la comodidad y la protecci\u00f3n, ARO5 Race est\u00e1 listo para la velocidad.<\/p>\n","protected":false},"featured_media":290058,"comment_status":"closed","ping_status":"closed","template":"","meta":{"_acf_changed":false,"_et_pb_use_builder":"","_et_pb_old_content":"","_et_gb_content_width":"","inline_featured_image":false},"product_brand":[],"product_cat":[26,46,429],"product_tag":[],"class_list":{"0":"post-374986","1":"product","2":"type-product","3":"status-publish","4":"has-post-thumbnail","6":"product_cat-accesorios","7":"product_cat-cascos","8":"product_cat-ofertas","9":"product_shipping_class-accesorios","11":"first","12":"outofstock","13":"taxable","14":"shipping-taxable","15":"product-type-variable","16":"wvs-archive-product-wrapper"},"acf":[],"yoast_head":"<!-- This site is optimized with the Yoast SEO Premium plugin v26.7 (Yoast SEO v26.7) - https:\/\/yoast.com\/wordpress\/plugins\/seo\/ -->\n<title>Oakley Aro5 Race<\/title>\n<meta name=\"robots\" content=\"index, follow, max-snippet:-1, max-image-preview:large, max-video-preview:-1\" \/>\n<link rel=\"canonical\" href=\"https:\/\/gr-100.com\/producto\/oakley-aro5-race\/\" \/>\n<meta property=\"og:locale\" content=\"pt_PT\" \/>\n<meta property=\"og:type\" content=\"article\" \/>\n<meta property=\"og:title\" content=\"Oakley Aro5 Race\" \/>\n<meta property=\"og:description\" content=\"ARO5 Race est\u00e1 dise\u00f1ado para ofrecer el m\u00e1ximo rendimiento y la m\u00e1xima transpirabilidad en la carretera. ARO5 Race tiene un dise\u00f1o aerodin\u00e1mico y ventilado, pensado para los resultados, que aumenta considerablemente el flujo del aire a trav\u00e9s de los 19 puertos de ventilaci\u00f3n. ARO5 Race es m\u00e1s ligero que su predecesor, el ARO5, y ofrece la ventaja necesaria para adelantar al pelot\u00f3n. Al combinar los avances t\u00e9cnicos adicionales de la integraci\u00f3n \u00f3ptica, la comodidad y la protecci\u00f3n, ARO5 Race est\u00e1 listo para la velocidad.\" \/>\n<meta property=\"og:url\" content=\"https:\/\/gr-100.com\/producto\/oakley-aro5-race\/\" \/>\n<meta property=\"og:site_name\" content=\"Gr-100 Tienda de ciclismo Specialized\" \/>\n<meta property=\"article:publisher\" content=\"https:\/\/www.facebook.com\/Gr100Bikes\" \/>\n<meta property=\"article:modified_time\" content=\"2025-09-24T09:54:14+00:00\" \/>\n<meta property=\"og:image\" content=\"https:\/\/gr-100.com\/wp-content\/uploads\/2024\/05\/My-project-1-7-2-1.jpg\" \/>\n\t<meta property=\"og:image:width\" content=\"1000\" \/>\n\t<meta property=\"og:image:height\" content=\"1000\" \/>\n\t<meta property=\"og:image:type\" content=\"image\/jpeg\" \/>\n<meta name=\"twitter:card\" content=\"summary_large_image\" \/>\n<meta name=\"twitter:label1\" content=\"Tempo estimado de leitura\" \/>\n\t<meta name=\"twitter:data1\" content=\"2 minutos\" \/>\n<script type=\"application\/ld+json\" class=\"yoast-schema-graph\">{\"@context\":\"https:\/\/schema.org\",\"@graph\":[{\"@type\":\"WebPage\",\"@id\":\"https:\/\/gr-100.com\/producto\/oakley-aro5-race\/\",\"url\":\"https:\/\/gr-100.com\/producto\/oakley-aro5-race\/\",\"name\":\"Oakley Aro5 Race\",\"isPartOf\":{\"@id\":\"https:\/\/gr-100.com\/#website\"},\"primaryImageOfPage\":{\"@id\":\"https:\/\/gr-100.com\/producto\/oakley-aro5-race\/#primaryimage\"},\"image\":{\"@id\":\"https:\/\/gr-100.com\/producto\/oakley-aro5-race\/#primaryimage\"},\"thumbnailUrl\":\"https:\/\/gr-100.com\/wp-content\/uploads\/2024\/05\/My-project-1-7-2-1.jpg\",\"datePublished\":\"2024-07-01T13:13:15+00:00\",\"dateModified\":\"2025-09-24T09:54:14+00:00\",\"breadcrumb\":{\"@id\":\"https:\/\/gr-100.com\/producto\/oakley-aro5-race\/#breadcrumb\"},\"inLanguage\":\"pt-PT\",\"potentialAction\":[{\"@type\":\"ReadAction\",\"target\":[\"https:\/\/gr-100.com\/producto\/oakley-aro5-race\/\"]}]},{\"@type\":\"ImageObject\",\"inLanguage\":\"pt-PT\",\"@id\":\"https:\/\/gr-100.com\/producto\/oakley-aro5-race\/#primaryimage\",\"url\":\"https:\/\/gr-100.com\/wp-content\/uploads\/2024\/05\/My-project-1-7-2-1.jpg\",\"contentUrl\":\"https:\/\/gr-100.com\/wp-content\/uploads\/2024\/05\/My-project-1-7-2-1.jpg\",\"width\":1000,\"height\":1000},{\"@type\":\"BreadcrumbList\",\"@id\":\"https:\/\/gr-100.com\/producto\/oakley-aro5-race\/#breadcrumb\",\"itemListElement\":[{\"@type\":\"ListItem\",\"position\":1,\"name\":\"Portada\",\"item\":\"https:\/\/gr-100.com\/en\/\"},{\"@type\":\"ListItem\",\"position\":2,\"name\":\"Productos\",\"item\":\"https:\/\/gr-100.com\/?post_type=product\"},{\"@type\":\"ListItem\",\"position\":3,\"name\":\"Oakley Aro5 Race\"}]},{\"@type\":\"WebSite\",\"@id\":\"https:\/\/gr-100.com\/#website\",\"url\":\"https:\/\/gr-100.com\/\",\"name\":\"Gr-100 Tienda de ciclismo Specialized\",\"description\":\"GR-100 tenemos todas las gamas de bicicletas Specialized al mejor precio.\",\"publisher\":{\"@id\":\"https:\/\/gr-100.com\/#organization\"},\"alternateName\":\"Gr-100 Bikes\",\"potentialAction\":[{\"@type\":\"SearchAction\",\"target\":{\"@type\":\"EntryPoint\",\"urlTemplate\":\"https:\/\/gr-100.com\/?s={search_term_string}\"},\"query-input\":{\"@type\":\"PropertyValueSpecification\",\"valueRequired\":true,\"valueName\":\"search_term_string\"}}],\"inLanguage\":\"pt-PT\"},{\"@type\":\"Organization\",\"@id\":\"https:\/\/gr-100.com\/#organization\",\"name\":\"Gr-100\",\"url\":\"https:\/\/gr-100.com\/\",\"logo\":{\"@type\":\"ImageObject\",\"inLanguage\":\"pt-PT\",\"@id\":\"https:\/\/gr-100.com\/#\/schema\/logo\/image\/\",\"url\":\"https:\/\/gr-100.com\/wp-content\/uploads\/2023\/08\/logo-gr-100-bikes.png\",\"contentUrl\":\"https:\/\/gr-100.com\/wp-content\/uploads\/2023\/08\/logo-gr-100-bikes.png\",\"width\":707,\"height\":284,\"caption\":\"Gr-100\"},\"image\":{\"@id\":\"https:\/\/gr-100.com\/#\/schema\/logo\/image\/\"},\"sameAs\":[\"https:\/\/www.facebook.com\/Gr100Bikes\",\"https:\/\/www.instagram.com\/gr100bikes\/\",\"https:\/\/www.tiktok.com\/@gr100bikes\",\"https:\/\/twitter.com\/gr100mtbteam\",\"https:\/\/www.youtube.com\/c\/GR100Specialized\"]}]}<\/script>\n<!-- \/ Yoast SEO Premium plugin. -->","yoast_head_json":{"title":"Oakley Aro5 Race","robots":{"index":"index","follow":"follow","max-snippet":"max-snippet:-1","max-image-preview":"max-image-preview:large","max-video-preview":"max-video-preview:-1"},"canonical":"https:\/\/gr-100.com\/producto\/oakley-aro5-race\/","og_locale":"pt_PT","og_type":"article","og_title":"Oakley Aro5 Race","og_description":"ARO5 Race est\u00e1 dise\u00f1ado para ofrecer el m\u00e1ximo rendimiento y la m\u00e1xima transpirabilidad en la carretera. ARO5 Race tiene un dise\u00f1o aerodin\u00e1mico y ventilado, pensado para los resultados, que aumenta considerablemente el flujo del aire a trav\u00e9s de los 19 puertos de ventilaci\u00f3n. ARO5 Race es m\u00e1s ligero que su predecesor, el ARO5, y ofrece la ventaja necesaria para adelantar al pelot\u00f3n. Al combinar los avances t\u00e9cnicos adicionales de la integraci\u00f3n \u00f3ptica, la comodidad y la protecci\u00f3n, ARO5 Race est\u00e1 listo para la velocidad.","og_url":"https:\/\/gr-100.com\/producto\/oakley-aro5-race\/","og_site_name":"Gr-100 Tienda de ciclismo Specialized","article_publisher":"https:\/\/www.facebook.com\/Gr100Bikes","article_modified_time":"2025-09-24T09:54:14+00:00","og_image":[{"width":1000,"height":1000,"url":"https:\/\/gr-100.com\/wp-content\/uploads\/2024\/05\/My-project-1-7-2-1.jpg","type":"image\/jpeg"}],"twitter_card":"summary_large_image","twitter_misc":{"Tempo estimado de leitura":"2 minutos"},"schema":{"@context":"https:\/\/schema.org","@graph":[{"@type":"WebPage","@id":"https:\/\/gr-100.com\/producto\/oakley-aro5-race\/","url":"https:\/\/gr-100.com\/producto\/oakley-aro5-race\/","name":"Oakley Aro5 Race","isPartOf":{"@id":"https:\/\/gr-100.com\/#website"},"primaryImageOfPage":{"@id":"https:\/\/gr-100.com\/producto\/oakley-aro5-race\/#primaryimage"},"image":{"@id":"https:\/\/gr-100.com\/producto\/oakley-aro5-race\/#primaryimage"},"thumbnailUrl":"https:\/\/gr-100.com\/wp-content\/uploads\/2024\/05\/My-project-1-7-2-1.jpg","datePublished":"2024-07-01T13:13:15+00:00","dateModified":"2025-09-24T09:54:14+00:00","breadcrumb":{"@id":"https:\/\/gr-100.com\/producto\/oakley-aro5-race\/#breadcrumb"},"inLanguage":"pt-PT","potentialAction":[{"@type":"ReadAction","target":["https:\/\/gr-100.com\/producto\/oakley-aro5-race\/"]}]},{"@type":"ImageObject","inLanguage":"pt-PT","@id":"https:\/\/gr-100.com\/producto\/oakley-aro5-race\/#primaryimage","url":"https:\/\/gr-100.com\/wp-content\/uploads\/2024\/05\/My-project-1-7-2-1.jpg","contentUrl":"https:\/\/gr-100.com\/wp-content\/uploads\/2024\/05\/My-project-1-7-2-1.jpg","width":1000,"height":1000},{"@type":"BreadcrumbList","@id":"https:\/\/gr-100.com\/producto\/oakley-aro5-race\/#breadcrumb","itemListElement":[{"@type":"ListItem","position":1,"name":"Portada","item":"https:\/\/gr-100.com\/en\/"},{"@type":"ListItem","position":2,"name":"Productos","item":"https:\/\/gr-100.com\/?post_type=product"},{"@type":"ListItem","position":3,"name":"Oakley Aro5 Race"}]},{"@type":"WebSite","@id":"https:\/\/gr-100.com\/#website","url":"https:\/\/gr-100.com\/","name":"Gr-100 Tienda de ciclismo Specialized","description":"GR-100 tenemos todas las gamas de bicicletas Specialized al mejor precio.","publisher":{"@id":"https:\/\/gr-100.com\/#organization"},"alternateName":"Gr-100 Bikes","potentialAction":[{"@type":"SearchAction","target":{"@type":"EntryPoint","urlTemplate":"https:\/\/gr-100.com\/?s={search_term_string}"},"query-input":{"@type":"PropertyValueSpecification","valueRequired":true,"valueName":"search_term_string"}}],"inLanguage":"pt-PT"},{"@type":"Organization","@id":"https:\/\/gr-100.com\/#organization","name":"Gr-100","url":"https:\/\/gr-100.com\/","logo":{"@type":"ImageObject","inLanguage":"pt-PT","@id":"https:\/\/gr-100.com\/#\/schema\/logo\/image\/","url":"https:\/\/gr-100.com\/wp-content\/uploads\/2023\/08\/logo-gr-100-bikes.png","contentUrl":"https:\/\/gr-100.com\/wp-content\/uploads\/2023\/08\/logo-gr-100-bikes.png","width":707,"height":284,"caption":"Gr-100"},"image":{"@id":"https:\/\/gr-100.com\/#\/schema\/logo\/image\/"},"sameAs":["https:\/\/www.facebook.com\/Gr100Bikes","https:\/\/www.instagram.com\/gr100bikes\/","https:\/\/www.tiktok.com\/@gr100bikes","https:\/\/twitter.com\/gr100mtbteam","https:\/\/www.youtube.com\/c\/GR100Specialized"]}]}},"_links":{"self":[{"href":"https:\/\/gr-100.com\/pt-pt\/wp-json\/wp\/v2\/product\/374986","targetHints":{"allow":["GET"]}}],"collection":[{"href":"https:\/\/gr-100.com\/pt-pt\/wp-json\/wp\/v2\/product"}],"about":[{"href":"https:\/\/gr-100.com\/pt-pt\/wp-json\/wp\/v2\/types\/product"}],"replies":[{"embeddable":true,"href":"https:\/\/gr-100.com\/pt-pt\/wp-json\/wp\/v2\/comments?post=374986"}],"wp:featuredmedia":[{"embeddable":true,"href":"https:\/\/gr-100.com\/pt-pt\/wp-json\/wp\/v2\/media\/290058"}],"wp:attachment":[{"href":"https:\/\/gr-100.com\/pt-pt\/wp-json\/wp\/v2\/media?parent=374986"}],"wp:term":[{"taxonomy":"product_brand","embeddable":true,"href":"https:\/\/gr-100.com\/pt-pt\/wp-json\/wp\/v2\/product_brand?post=374986"},{"taxonomy":"product_cat","embeddable":true,"href":"https:\/\/gr-100.com\/pt-pt\/wp-json\/wp\/v2\/product_cat?post=374986"},{"taxonomy":"product_tag","embeddable":true,"href":"https:\/\/gr-100.com\/pt-pt\/wp-json\/wp\/v2\/product_tag?post=374986"}],"curies":[{"name":"wp","href":"https:\/\/api.w.org\/{rel}","templated":true}]}}