{"id":375142,"date":"2024-07-01T13:19:54","date_gmt":"2024-07-01T13:19:54","guid":{"rendered":"https:\/\/nuevo.gr-100.com\/producto\/bidon-elite-gr-100-gris\/"},"modified":"2026-03-29T17:59:53","modified_gmt":"2026-03-29T16:59:53","slug":"bidon-elite-gr-100-gris","status":"publish","type":"product","link":"https:\/\/gr-100.com\/pt-pt\/producto\/bidon-elite-gr-100-gris\/","title":{"rendered":"Bid\u00f3n Elite GR-100"},"content":{"rendered":"<p>\u00b7Capacidad:<br \/>\n550ml \/ 20oz<br \/>\n\u00b7 Di\u00e1metro:<br \/>\n74 mm \/ 2,91\u201d<br \/>\n\u00b7 Altura: (550 ml) 189 mm \/ 7,44\u201d<br \/>\n(550 ml+tap\u00f3n) 193 mm \/ 7,60\u201d<br \/>\n\u00b7 Peso:<br \/>\n(550 ml) 84 g \/ 0,19 lbs<br \/>\nCon tapa antipolvo:<br \/>\n(550 ml) 99 g \/ 0,22 libras<br \/>\n\u00b7 Temperatura m\u00e1xima del l\u00edquido. 40\u00b0C \/ 104\u00b0F.<\/p>\n","protected":false},"excerpt":{"rendered":"<p>El bid\u00f3n Elite modelo Kebea garantiza la m\u00e1xima versatilidad, combinando todas las caracter\u00edsticas de una botella perfecta en un solo producto: f\u00e1cil de sostener y apretar, alta v\u00e1lvula de caudal, f\u00e1cil de limpiar y hecha para durar.<\/p>\n","protected":false},"featured_media":290340,"comment_status":"closed","ping_status":"closed","template":"","meta":{"_acf_changed":false,"_et_pb_use_builder":"","_et_pb_old_content":"","_et_gb_content_width":"","inline_featured_image":false},"product_brand":[],"product_cat":[26,67],"product_tag":[],"class_list":{"0":"post-375142","1":"product","2":"type-product","3":"status-publish","4":"has-post-thumbnail","6":"product_cat-accesorios","7":"product_cat-varios-accesorios","9":"first","10":"instock","11":"taxable","12":"shipping-taxable","13":"purchasable","14":"product-type-simple"},"acf":[],"yoast_head":"<!-- This site is optimized with the Yoast SEO Premium plugin v26.7 (Yoast SEO v26.7) - https:\/\/yoast.com\/wordpress\/plugins\/seo\/ -->\n<title>Bid\u00f3n Elite GR-100 Oferta<\/title>\n<meta name=\"description\" content=\"Bid\u00f3n Elite GR-100. La botella perfecta para fans y eventos. V\u00e1lvula push-pull de goma blanda. Superficie antideslizante. Sin BPA.\" \/>\n<meta name=\"robots\" content=\"index, follow, max-snippet:-1, max-image-preview:large, max-video-preview:-1\" \/>\n<link rel=\"canonical\" href=\"https:\/\/gr-100.com\/producto\/bidon-elite-gr-100-gris\/\" \/>\n<meta property=\"og:locale\" content=\"pt_PT\" \/>\n<meta property=\"og:type\" content=\"article\" \/>\n<meta property=\"og:title\" content=\"Bid\u00f3n Elite GR-100\" \/>\n<meta property=\"og:description\" content=\"Bid\u00f3n Elite GR-100. La botella perfecta para fans y eventos. V\u00e1lvula push-pull de goma blanda. Superficie antideslizante. Sin BPA.\" \/>\n<meta property=\"og:url\" content=\"https:\/\/gr-100.com\/producto\/bidon-elite-gr-100-gris\/\" \/>\n<meta property=\"og:site_name\" content=\"Gr-100 Tienda de ciclismo Specialized\" \/>\n<meta property=\"article:publisher\" content=\"https:\/\/www.facebook.com\/Gr100Bikes\" \/>\n<meta property=\"article:modified_time\" content=\"2026-03-29T16:59:53+00:00\" \/>\n<meta property=\"og:image\" content=\"https:\/\/gr-100.com\/wp-content\/uploads\/2024\/05\/bidon-elite.jpeg\" \/>\n\t<meta property=\"og:image:width\" content=\"1000\" \/>\n\t<meta property=\"og:image:height\" content=\"1000\" \/>\n\t<meta property=\"og:image:type\" content=\"image\/jpeg\" \/>\n<meta name=\"twitter:card\" content=\"summary_large_image\" \/>\n<meta name=\"twitter:label1\" content=\"Tempo estimado de leitura\" \/>\n\t<meta name=\"twitter:data1\" content=\"1 minuto\" \/>\n<script type=\"application\/ld+json\" class=\"yoast-schema-graph\">{\"@context\":\"https:\/\/schema.org\",\"@graph\":[{\"@type\":\"WebPage\",\"@id\":\"https:\/\/gr-100.com\/producto\/bidon-elite-gr-100-gris\/\",\"url\":\"https:\/\/gr-100.com\/producto\/bidon-elite-gr-100-gris\/\",\"name\":\"Bid\u00f3n Elite GR-100 Oferta\",\"isPartOf\":{\"@id\":\"https:\/\/gr-100.com\/#website\"},\"primaryImageOfPage\":{\"@id\":\"https:\/\/gr-100.com\/producto\/bidon-elite-gr-100-gris\/#primaryimage\"},\"image\":{\"@id\":\"https:\/\/gr-100.com\/producto\/bidon-elite-gr-100-gris\/#primaryimage\"},\"thumbnailUrl\":\"https:\/\/gr-100.com\/wp-content\/uploads\/2024\/05\/bidon-elite.jpeg\",\"datePublished\":\"2024-07-01T13:19:54+00:00\",\"dateModified\":\"2026-03-29T16:59:53+00:00\",\"description\":\"Bid\u00f3n Elite GR-100. La botella perfecta para fans y eventos. V\u00e1lvula push-pull de goma blanda. Superficie antideslizante. Sin BPA.\",\"breadcrumb\":{\"@id\":\"https:\/\/gr-100.com\/producto\/bidon-elite-gr-100-gris\/#breadcrumb\"},\"inLanguage\":\"pt-PT\",\"potentialAction\":[{\"@type\":\"ReadAction\",\"target\":[\"https:\/\/gr-100.com\/producto\/bidon-elite-gr-100-gris\/\"]}]},{\"@type\":\"ImageObject\",\"inLanguage\":\"pt-PT\",\"@id\":\"https:\/\/gr-100.com\/producto\/bidon-elite-gr-100-gris\/#primaryimage\",\"url\":\"https:\/\/gr-100.com\/wp-content\/uploads\/2024\/05\/bidon-elite.jpeg\",\"contentUrl\":\"https:\/\/gr-100.com\/wp-content\/uploads\/2024\/05\/bidon-elite.jpeg\",\"width\":1000,\"height\":1000},{\"@type\":\"BreadcrumbList\",\"@id\":\"https:\/\/gr-100.com\/producto\/bidon-elite-gr-100-gris\/#breadcrumb\",\"itemListElement\":[{\"@type\":\"ListItem\",\"position\":1,\"name\":\"Portada\",\"item\":\"https:\/\/gr-100.com\/en\/\"},{\"@type\":\"ListItem\",\"position\":2,\"name\":\"Productos\",\"item\":\"https:\/\/gr-100.com\/?post_type=product\"},{\"@type\":\"ListItem\",\"position\":3,\"name\":\"Bid\u00f3n Elite GR-100\"}]},{\"@type\":\"WebSite\",\"@id\":\"https:\/\/gr-100.com\/#website\",\"url\":\"https:\/\/gr-100.com\/\",\"name\":\"Gr-100 Tienda de ciclismo Specialized\",\"description\":\"GR-100 tenemos todas las gamas de bicicletas Specialized al mejor precio.\",\"publisher\":{\"@id\":\"https:\/\/gr-100.com\/#organization\"},\"alternateName\":\"Gr-100 Bikes\",\"potentialAction\":[{\"@type\":\"SearchAction\",\"target\":{\"@type\":\"EntryPoint\",\"urlTemplate\":\"https:\/\/gr-100.com\/?s={search_term_string}\"},\"query-input\":{\"@type\":\"PropertyValueSpecification\",\"valueRequired\":true,\"valueName\":\"search_term_string\"}}],\"inLanguage\":\"pt-PT\"},{\"@type\":\"Organization\",\"@id\":\"https:\/\/gr-100.com\/#organization\",\"name\":\"Gr-100\",\"url\":\"https:\/\/gr-100.com\/\",\"logo\":{\"@type\":\"ImageObject\",\"inLanguage\":\"pt-PT\",\"@id\":\"https:\/\/gr-100.com\/#\/schema\/logo\/image\/\",\"url\":\"https:\/\/gr-100.com\/wp-content\/uploads\/2023\/08\/logo-gr-100-bikes.png\",\"contentUrl\":\"https:\/\/gr-100.com\/wp-content\/uploads\/2023\/08\/logo-gr-100-bikes.png\",\"width\":707,\"height\":284,\"caption\":\"Gr-100\"},\"image\":{\"@id\":\"https:\/\/gr-100.com\/#\/schema\/logo\/image\/\"},\"sameAs\":[\"https:\/\/www.facebook.com\/Gr100Bikes\",\"https:\/\/www.instagram.com\/gr100bikes\/\",\"https:\/\/www.tiktok.com\/@gr100bikes\",\"https:\/\/twitter.com\/gr100mtbteam\",\"https:\/\/www.youtube.com\/c\/GR100Specialized\"]}]}<\/script>\n<!-- \/ Yoast SEO Premium plugin. -->","yoast_head_json":{"title":"Bid\u00f3n Elite GR-100 Oferta","description":"Bid\u00f3n Elite GR-100. La botella perfecta para fans y eventos. V\u00e1lvula push-pull de goma blanda. Superficie antideslizante. Sin BPA.","robots":{"index":"index","follow":"follow","max-snippet":"max-snippet:-1","max-image-preview":"max-image-preview:large","max-video-preview":"max-video-preview:-1"},"canonical":"https:\/\/gr-100.com\/producto\/bidon-elite-gr-100-gris\/","og_locale":"pt_PT","og_type":"article","og_title":"Bid\u00f3n Elite GR-100","og_description":"Bid\u00f3n Elite GR-100. La botella perfecta para fans y eventos. V\u00e1lvula push-pull de goma blanda. Superficie antideslizante. Sin BPA.","og_url":"https:\/\/gr-100.com\/producto\/bidon-elite-gr-100-gris\/","og_site_name":"Gr-100 Tienda de ciclismo Specialized","article_publisher":"https:\/\/www.facebook.com\/Gr100Bikes","article_modified_time":"2026-03-29T16:59:53+00:00","og_image":[{"width":1000,"height":1000,"url":"https:\/\/gr-100.com\/wp-content\/uploads\/2024\/05\/bidon-elite.jpeg","type":"image\/jpeg"}],"twitter_card":"summary_large_image","twitter_misc":{"Tempo estimado de leitura":"1 minuto"},"schema":{"@context":"https:\/\/schema.org","@graph":[{"@type":"WebPage","@id":"https:\/\/gr-100.com\/producto\/bidon-elite-gr-100-gris\/","url":"https:\/\/gr-100.com\/producto\/bidon-elite-gr-100-gris\/","name":"Bid\u00f3n Elite GR-100 Oferta","isPartOf":{"@id":"https:\/\/gr-100.com\/#website"},"primaryImageOfPage":{"@id":"https:\/\/gr-100.com\/producto\/bidon-elite-gr-100-gris\/#primaryimage"},"image":{"@id":"https:\/\/gr-100.com\/producto\/bidon-elite-gr-100-gris\/#primaryimage"},"thumbnailUrl":"https:\/\/gr-100.com\/wp-content\/uploads\/2024\/05\/bidon-elite.jpeg","datePublished":"2024-07-01T13:19:54+00:00","dateModified":"2026-03-29T16:59:53+00:00","description":"Bid\u00f3n Elite GR-100. La botella perfecta para fans y eventos. V\u00e1lvula push-pull de goma blanda. Superficie antideslizante. Sin BPA.","breadcrumb":{"@id":"https:\/\/gr-100.com\/producto\/bidon-elite-gr-100-gris\/#breadcrumb"},"inLanguage":"pt-PT","potentialAction":[{"@type":"ReadAction","target":["https:\/\/gr-100.com\/producto\/bidon-elite-gr-100-gris\/"]}]},{"@type":"ImageObject","inLanguage":"pt-PT","@id":"https:\/\/gr-100.com\/producto\/bidon-elite-gr-100-gris\/#primaryimage","url":"https:\/\/gr-100.com\/wp-content\/uploads\/2024\/05\/bidon-elite.jpeg","contentUrl":"https:\/\/gr-100.com\/wp-content\/uploads\/2024\/05\/bidon-elite.jpeg","width":1000,"height":1000},{"@type":"BreadcrumbList","@id":"https:\/\/gr-100.com\/producto\/bidon-elite-gr-100-gris\/#breadcrumb","itemListElement":[{"@type":"ListItem","position":1,"name":"Portada","item":"https:\/\/gr-100.com\/en\/"},{"@type":"ListItem","position":2,"name":"Productos","item":"https:\/\/gr-100.com\/?post_type=product"},{"@type":"ListItem","position":3,"name":"Bid\u00f3n Elite GR-100"}]},{"@type":"WebSite","@id":"https:\/\/gr-100.com\/#website","url":"https:\/\/gr-100.com\/","name":"Gr-100 Tienda de ciclismo Specialized","description":"GR-100 tenemos todas las gamas de bicicletas Specialized al mejor precio.","publisher":{"@id":"https:\/\/gr-100.com\/#organization"},"alternateName":"Gr-100 Bikes","potentialAction":[{"@type":"SearchAction","target":{"@type":"EntryPoint","urlTemplate":"https:\/\/gr-100.com\/?s={search_term_string}"},"query-input":{"@type":"PropertyValueSpecification","valueRequired":true,"valueName":"search_term_string"}}],"inLanguage":"pt-PT"},{"@type":"Organization","@id":"https:\/\/gr-100.com\/#organization","name":"Gr-100","url":"https:\/\/gr-100.com\/","logo":{"@type":"ImageObject","inLanguage":"pt-PT","@id":"https:\/\/gr-100.com\/#\/schema\/logo\/image\/","url":"https:\/\/gr-100.com\/wp-content\/uploads\/2023\/08\/logo-gr-100-bikes.png","contentUrl":"https:\/\/gr-100.com\/wp-content\/uploads\/2023\/08\/logo-gr-100-bikes.png","width":707,"height":284,"caption":"Gr-100"},"image":{"@id":"https:\/\/gr-100.com\/#\/schema\/logo\/image\/"},"sameAs":["https:\/\/www.facebook.com\/Gr100Bikes","https:\/\/www.instagram.com\/gr100bikes\/","https:\/\/www.tiktok.com\/@gr100bikes","https:\/\/twitter.com\/gr100mtbteam","https:\/\/www.youtube.com\/c\/GR100Specialized"]}]}},"_links":{"self":[{"href":"https:\/\/gr-100.com\/pt-pt\/wp-json\/wp\/v2\/product\/375142","targetHints":{"allow":["GET"]}}],"collection":[{"href":"https:\/\/gr-100.com\/pt-pt\/wp-json\/wp\/v2\/product"}],"about":[{"href":"https:\/\/gr-100.com\/pt-pt\/wp-json\/wp\/v2\/types\/product"}],"replies":[{"embeddable":true,"href":"https:\/\/gr-100.com\/pt-pt\/wp-json\/wp\/v2\/comments?post=375142"}],"wp:featuredmedia":[{"embeddable":true,"href":"https:\/\/gr-100.com\/pt-pt\/wp-json\/wp\/v2\/media\/290340"}],"wp:attachment":[{"href":"https:\/\/gr-100.com\/pt-pt\/wp-json\/wp\/v2\/media?parent=375142"}],"wp:term":[{"taxonomy":"product_brand","embeddable":true,"href":"https:\/\/gr-100.com\/pt-pt\/wp-json\/wp\/v2\/product_brand?post=375142"},{"taxonomy":"product_cat","embeddable":true,"href":"https:\/\/gr-100.com\/pt-pt\/wp-json\/wp\/v2\/product_cat?post=375142"},{"taxonomy":"product_tag","embeddable":true,"href":"https:\/\/gr-100.com\/pt-pt\/wp-json\/wp\/v2\/product_tag?post=375142"}],"curies":[{"name":"wp","href":"https:\/\/api.w.org\/{rel}","templated":true}]}}