{"id":375383,"date":"2024-07-01T13:30:09","date_gmt":"2024-07-01T13:30:09","guid":{"rendered":"https:\/\/nuevo.gr-100.com\/producto\/roval-rapide-cockpit-2024\/"},"modified":"2026-04-07T16:13:38","modified_gmt":"2026-04-07T15:13:38","slug":"roval-rapide-cockpit-2024","status":"publish","type":"product","link":"https:\/\/gr-100.com\/pt-pt\/producto\/roval-rapide-cockpit-2024\/","title":{"rendered":"Roval Rapide Cockpit 2026"},"content":{"rendered":"<ul>\n<li>Pero para ofrecer una mejora que proporcione una ventaja ganadora se necesita m\u00e1s que pura aerodin\u00e1mica. El objetivo para el equipo de ingenier\u00eda de Roval era simple: el Cockpit Rapide ten\u00eda que ser el manillar m\u00e1s r\u00e1pido que hayamos hecho, sin compromisos. Es aerodin\u00e1mico, ligero, r\u00edgido y ha sido dise\u00f1ado mano a mano con los mejores ciclistas del mundo y nuestros expertos Ret\u00fcl Fit para que puedas conseguir la victoria.<\/li>\n<li>AERODIN\u00c1MICO: La eliminaci\u00f3n de la torniller\u00eda y la tapa que conecta potencia y manillar ha creado uno de los perfiles m\u00e1s importantes de la bicicleta y se puede dise\u00f1ar como un s\u00f3lo perfil aerodin\u00e1mico. Hemos optimizado este perfil aerodin\u00e1mico para proporcionar la m\u00e1xima ventaja en aire limpio a velocidades que van desde largas escapadas en solitario hasta los sprints a toda velocidad del World Tour. Aunque una mejora de cuatro vatios puede parecer peque\u00f1a, suma 32 cm* de ventaja en un sprint final de 250 metros. Cuando las carreras se ganan por el lanzamiento de la bicicleta sobre la l\u00ednea de meta, esta es una diferencia ganadora.<\/li>\n<li>LIGERO Y R\u00cdGIDO eliminar la tapa de la potencia y los tornillos, el Cockpit Rapide es 50 gramos m\u00e1s ligero (en medida 100mm x 420mm) que una combinaci\u00f3n de manillar y potencia Rapide de dos piezas. Fabricado con fibra de carbono premium de alto m\u00f3dulo, que proporciona una rigidez ideal para los velocistas m\u00e1s voluminosos y r\u00e1pidos del World Tour, el Cockpit Rapide tiene la mayor relaci\u00f3n rigidez-peso que cualquier sistema de manillar y potencia en dos piezas que hayamos fabricado hasta ahora.<\/li>\n<li>AJUSTE: El ajuste ha sido durante mucho tiempo la desventaja de los manillares integrados, pero nos asociamos con nuestros profesionales de Ret\u00fcl Fit y los mejores ciclistas del mundo para garantizar que casi todos los ciclistas puedan encontrar su posici\u00f3n ideal. Ofrecemos 15 combinaciones diferentes de potencia y manillar, todas con un \u00e1ngulo de potencia de -6 grados, por lo que tenemos cubierta la posici\u00f3n que necesitas el d\u00eda de la carrera. La distancia entre la parte superior y la inferior se ha dise\u00f1ado para dejar espacio libre para las mu\u00f1ecas, tanto si est\u00e1s esprintando al final de una carrera o si pedaleas acoplado en la posici\u00f3n m\u00e1s aerodin\u00e1mica, mientras que la curva y la apertura son id\u00e9nticas a las de nuestro manillar Rapide favorito.<br \/>\nDise\u00f1ado aerodin\u00e1micamente para ahorrar 4 vatios respecto a un manillar de carretera aerodin\u00e1mico tradicional<\/li>\n<li>Material: Fibra de Carbono premium de Alto M\u00f3dulo. Tornillos de la potencia de titanio<\/li>\n<li>Tama\u00f1os: 15 combinaciones. Desde 75mmx380mm a 125mmx440mm<\/li>\n<li>75 mm reach, 4\u00ba de apertura en la parte inferior<\/li>\n<li>\u00c1ngulo de potencia: -6\u00ba<\/li>\n<li>Peso: 310 gramos (100&#215;420 mm)<\/li>\n<li>Enrutado de los cables: Compatible con Shimano, SRAM, Campagnolo. Compatible con cableado interno, electr\u00f3nico)<\/li>\n<li>Compatible con el soporte de ciclocomputador Roval, S219900058<\/li>\n<li>L\u00edmite de peso: 125 kg<\/li>\n<\/ul>\n","protected":false},"excerpt":{"rendered":"<p>El nuevo Cockpit Rapide es mucho m\u00e1s que la forma m\u00e1s r\u00e1pida de llegar a la meta. Es el manillar m\u00e1s r\u00e1pido que hemos hecho, poniendo las ganancias aerodin\u00e1micas en los componentes que se enfrentan al aire limpio, donde m\u00e1s importan, y reduciendo cuatro vatios a la ya ultrarr\u00e1pida combinaci\u00f3n de manillar y potencia Rapide de dos piezas en una Tarmac.<\/p>\n","protected":false},"featured_media":290818,"comment_status":"closed","ping_status":"closed","template":"","meta":{"_acf_changed":false,"_et_pb_use_builder":"","_et_pb_old_content":"","_et_gb_content_width":"","inline_featured_image":false},"product_brand":[],"product_cat":[25,2260,2374],"product_tag":[],"class_list":{"0":"post-375383","1":"product","2":"type-product","3":"status-publish","4":"has-post-thumbnail","6":"product_cat-componentes","7":"product_cat-manillar","8":"product_cat-varios-componentes","9":"product_shipping_class-componentes","11":"first","12":"instock","13":"taxable","14":"shipping-taxable","15":"purchasable","16":"product-type-variable","17":"wvs-archive-product-wrapper"},"acf":[],"yoast_head":"<!-- This site is optimized with the Yoast SEO Premium plugin v26.7 (Yoast SEO v26.7) - https:\/\/yoast.com\/wordpress\/plugins\/seo\/ -->\n<title>Roval Rapide Cockpit 2026 GR-100 Oferta<\/title>\n<meta name=\"description\" content=\"Roval Rapide Cockpit 2025. La combinaci\u00f3n optimizada de materiales de fibra de carbono de alto m\u00f3dulo, como resultado el manillar aerodin\u00e1mico\" \/>\n<meta name=\"robots\" content=\"index, follow, max-snippet:-1, max-image-preview:large, max-video-preview:-1\" \/>\n<link rel=\"canonical\" href=\"https:\/\/gr-100.com\/producto\/roval-rapide-cockpit-2024\/\" \/>\n<meta property=\"og:locale\" content=\"pt_PT\" \/>\n<meta property=\"og:type\" content=\"article\" \/>\n<meta property=\"og:title\" content=\"Roval Rapide Cockpit 2026\" \/>\n<meta property=\"og:description\" content=\"Roval Rapide Cockpit 2025. La combinaci\u00f3n optimizada de materiales de fibra de carbono de alto m\u00f3dulo, como resultado el manillar aerodin\u00e1mico\" \/>\n<meta property=\"og:url\" content=\"https:\/\/gr-100.com\/producto\/roval-rapide-cockpit-2024\/\" \/>\n<meta property=\"og:site_name\" content=\"Gr-100 Tienda de ciclismo Specialized\" \/>\n<meta property=\"article:publisher\" content=\"https:\/\/www.facebook.com\/Gr100Bikes\" \/>\n<meta property=\"article:modified_time\" content=\"2026-04-07T15:13:38+00:00\" \/>\n<meta property=\"og:image\" content=\"https:\/\/gr-100.com\/wp-content\/uploads\/2024\/05\/roval_rapide_cockpit2.jpg\" \/>\n\t<meta property=\"og:image:width\" content=\"1000\" \/>\n\t<meta property=\"og:image:height\" content=\"1000\" \/>\n\t<meta property=\"og:image:type\" content=\"image\/jpeg\" \/>\n<meta name=\"twitter:card\" content=\"summary_large_image\" \/>\n<meta name=\"twitter:label1\" content=\"Tempo estimado de leitura\" \/>\n\t<meta name=\"twitter:data1\" content=\"3 minutos\" \/>\n<script type=\"application\/ld+json\" class=\"yoast-schema-graph\">{\"@context\":\"https:\/\/schema.org\",\"@graph\":[{\"@type\":\"WebPage\",\"@id\":\"https:\/\/gr-100.com\/producto\/roval-rapide-cockpit-2024\/\",\"url\":\"https:\/\/gr-100.com\/producto\/roval-rapide-cockpit-2024\/\",\"name\":\"Roval Rapide Cockpit 2026 GR-100 Oferta\",\"isPartOf\":{\"@id\":\"https:\/\/gr-100.com\/#website\"},\"primaryImageOfPage\":{\"@id\":\"https:\/\/gr-100.com\/producto\/roval-rapide-cockpit-2024\/#primaryimage\"},\"image\":{\"@id\":\"https:\/\/gr-100.com\/producto\/roval-rapide-cockpit-2024\/#primaryimage\"},\"thumbnailUrl\":\"https:\/\/gr-100.com\/wp-content\/uploads\/2024\/05\/roval_rapide_cockpit2.jpg\",\"datePublished\":\"2024-07-01T13:30:09+00:00\",\"dateModified\":\"2026-04-07T15:13:38+00:00\",\"description\":\"Roval Rapide Cockpit 2025. La combinaci\u00f3n optimizada de materiales de fibra de carbono de alto m\u00f3dulo, como resultado el manillar aerodin\u00e1mico\",\"breadcrumb\":{\"@id\":\"https:\/\/gr-100.com\/producto\/roval-rapide-cockpit-2024\/#breadcrumb\"},\"inLanguage\":\"pt-PT\",\"potentialAction\":[{\"@type\":\"ReadAction\",\"target\":[\"https:\/\/gr-100.com\/producto\/roval-rapide-cockpit-2024\/\"]}]},{\"@type\":\"ImageObject\",\"inLanguage\":\"pt-PT\",\"@id\":\"https:\/\/gr-100.com\/producto\/roval-rapide-cockpit-2024\/#primaryimage\",\"url\":\"https:\/\/gr-100.com\/wp-content\/uploads\/2024\/05\/roval_rapide_cockpit2.jpg\",\"contentUrl\":\"https:\/\/gr-100.com\/wp-content\/uploads\/2024\/05\/roval_rapide_cockpit2.jpg\",\"width\":1000,\"height\":1000},{\"@type\":\"BreadcrumbList\",\"@id\":\"https:\/\/gr-100.com\/producto\/roval-rapide-cockpit-2024\/#breadcrumb\",\"itemListElement\":[{\"@type\":\"ListItem\",\"position\":1,\"name\":\"Portada\",\"item\":\"https:\/\/gr-100.com\/en\/\"},{\"@type\":\"ListItem\",\"position\":2,\"name\":\"Productos\",\"item\":\"https:\/\/gr-100.com\/?post_type=product\"},{\"@type\":\"ListItem\",\"position\":3,\"name\":\"Roval Rapide Cockpit 2026\"}]},{\"@type\":\"WebSite\",\"@id\":\"https:\/\/gr-100.com\/#website\",\"url\":\"https:\/\/gr-100.com\/\",\"name\":\"Gr-100 Tienda de ciclismo Specialized\",\"description\":\"GR-100 tenemos todas las gamas de bicicletas Specialized al mejor precio.\",\"publisher\":{\"@id\":\"https:\/\/gr-100.com\/#organization\"},\"alternateName\":\"Gr-100 Bikes\",\"potentialAction\":[{\"@type\":\"SearchAction\",\"target\":{\"@type\":\"EntryPoint\",\"urlTemplate\":\"https:\/\/gr-100.com\/?s={search_term_string}\"},\"query-input\":{\"@type\":\"PropertyValueSpecification\",\"valueRequired\":true,\"valueName\":\"search_term_string\"}}],\"inLanguage\":\"pt-PT\"},{\"@type\":\"Organization\",\"@id\":\"https:\/\/gr-100.com\/#organization\",\"name\":\"Gr-100\",\"url\":\"https:\/\/gr-100.com\/\",\"logo\":{\"@type\":\"ImageObject\",\"inLanguage\":\"pt-PT\",\"@id\":\"https:\/\/gr-100.com\/#\/schema\/logo\/image\/\",\"url\":\"https:\/\/gr-100.com\/wp-content\/uploads\/2023\/08\/logo-gr-100-bikes.png\",\"contentUrl\":\"https:\/\/gr-100.com\/wp-content\/uploads\/2023\/08\/logo-gr-100-bikes.png\",\"width\":707,\"height\":284,\"caption\":\"Gr-100\"},\"image\":{\"@id\":\"https:\/\/gr-100.com\/#\/schema\/logo\/image\/\"},\"sameAs\":[\"https:\/\/www.facebook.com\/Gr100Bikes\",\"https:\/\/www.instagram.com\/gr100bikes\/\",\"https:\/\/www.tiktok.com\/@gr100bikes\",\"https:\/\/twitter.com\/gr100mtbteam\",\"https:\/\/www.youtube.com\/c\/GR100Specialized\"]}]}<\/script>\n<!-- \/ Yoast SEO Premium plugin. -->","yoast_head_json":{"title":"Roval Rapide Cockpit 2026 GR-100 Oferta","description":"Roval Rapide Cockpit 2025. La combinaci\u00f3n optimizada de materiales de fibra de carbono de alto m\u00f3dulo, como resultado el manillar aerodin\u00e1mico","robots":{"index":"index","follow":"follow","max-snippet":"max-snippet:-1","max-image-preview":"max-image-preview:large","max-video-preview":"max-video-preview:-1"},"canonical":"https:\/\/gr-100.com\/producto\/roval-rapide-cockpit-2024\/","og_locale":"pt_PT","og_type":"article","og_title":"Roval Rapide Cockpit 2026","og_description":"Roval Rapide Cockpit 2025. La combinaci\u00f3n optimizada de materiales de fibra de carbono de alto m\u00f3dulo, como resultado el manillar aerodin\u00e1mico","og_url":"https:\/\/gr-100.com\/producto\/roval-rapide-cockpit-2024\/","og_site_name":"Gr-100 Tienda de ciclismo Specialized","article_publisher":"https:\/\/www.facebook.com\/Gr100Bikes","article_modified_time":"2026-04-07T15:13:38+00:00","og_image":[{"width":1000,"height":1000,"url":"https:\/\/gr-100.com\/wp-content\/uploads\/2024\/05\/roval_rapide_cockpit2.jpg","type":"image\/jpeg"}],"twitter_card":"summary_large_image","twitter_misc":{"Tempo estimado de leitura":"3 minutos"},"schema":{"@context":"https:\/\/schema.org","@graph":[{"@type":"WebPage","@id":"https:\/\/gr-100.com\/producto\/roval-rapide-cockpit-2024\/","url":"https:\/\/gr-100.com\/producto\/roval-rapide-cockpit-2024\/","name":"Roval Rapide Cockpit 2026 GR-100 Oferta","isPartOf":{"@id":"https:\/\/gr-100.com\/#website"},"primaryImageOfPage":{"@id":"https:\/\/gr-100.com\/producto\/roval-rapide-cockpit-2024\/#primaryimage"},"image":{"@id":"https:\/\/gr-100.com\/producto\/roval-rapide-cockpit-2024\/#primaryimage"},"thumbnailUrl":"https:\/\/gr-100.com\/wp-content\/uploads\/2024\/05\/roval_rapide_cockpit2.jpg","datePublished":"2024-07-01T13:30:09+00:00","dateModified":"2026-04-07T15:13:38+00:00","description":"Roval Rapide Cockpit 2025. La combinaci\u00f3n optimizada de materiales de fibra de carbono de alto m\u00f3dulo, como resultado el manillar aerodin\u00e1mico","breadcrumb":{"@id":"https:\/\/gr-100.com\/producto\/roval-rapide-cockpit-2024\/#breadcrumb"},"inLanguage":"pt-PT","potentialAction":[{"@type":"ReadAction","target":["https:\/\/gr-100.com\/producto\/roval-rapide-cockpit-2024\/"]}]},{"@type":"ImageObject","inLanguage":"pt-PT","@id":"https:\/\/gr-100.com\/producto\/roval-rapide-cockpit-2024\/#primaryimage","url":"https:\/\/gr-100.com\/wp-content\/uploads\/2024\/05\/roval_rapide_cockpit2.jpg","contentUrl":"https:\/\/gr-100.com\/wp-content\/uploads\/2024\/05\/roval_rapide_cockpit2.jpg","width":1000,"height":1000},{"@type":"BreadcrumbList","@id":"https:\/\/gr-100.com\/producto\/roval-rapide-cockpit-2024\/#breadcrumb","itemListElement":[{"@type":"ListItem","position":1,"name":"Portada","item":"https:\/\/gr-100.com\/en\/"},{"@type":"ListItem","position":2,"name":"Productos","item":"https:\/\/gr-100.com\/?post_type=product"},{"@type":"ListItem","position":3,"name":"Roval Rapide Cockpit 2026"}]},{"@type":"WebSite","@id":"https:\/\/gr-100.com\/#website","url":"https:\/\/gr-100.com\/","name":"Gr-100 Tienda de ciclismo Specialized","description":"GR-100 tenemos todas las gamas de bicicletas Specialized al mejor precio.","publisher":{"@id":"https:\/\/gr-100.com\/#organization"},"alternateName":"Gr-100 Bikes","potentialAction":[{"@type":"SearchAction","target":{"@type":"EntryPoint","urlTemplate":"https:\/\/gr-100.com\/?s={search_term_string}"},"query-input":{"@type":"PropertyValueSpecification","valueRequired":true,"valueName":"search_term_string"}}],"inLanguage":"pt-PT"},{"@type":"Organization","@id":"https:\/\/gr-100.com\/#organization","name":"Gr-100","url":"https:\/\/gr-100.com\/","logo":{"@type":"ImageObject","inLanguage":"pt-PT","@id":"https:\/\/gr-100.com\/#\/schema\/logo\/image\/","url":"https:\/\/gr-100.com\/wp-content\/uploads\/2023\/08\/logo-gr-100-bikes.png","contentUrl":"https:\/\/gr-100.com\/wp-content\/uploads\/2023\/08\/logo-gr-100-bikes.png","width":707,"height":284,"caption":"Gr-100"},"image":{"@id":"https:\/\/gr-100.com\/#\/schema\/logo\/image\/"},"sameAs":["https:\/\/www.facebook.com\/Gr100Bikes","https:\/\/www.instagram.com\/gr100bikes\/","https:\/\/www.tiktok.com\/@gr100bikes","https:\/\/twitter.com\/gr100mtbteam","https:\/\/www.youtube.com\/c\/GR100Specialized"]}]}},"_links":{"self":[{"href":"https:\/\/gr-100.com\/pt-pt\/wp-json\/wp\/v2\/product\/375383","targetHints":{"allow":["GET"]}}],"collection":[{"href":"https:\/\/gr-100.com\/pt-pt\/wp-json\/wp\/v2\/product"}],"about":[{"href":"https:\/\/gr-100.com\/pt-pt\/wp-json\/wp\/v2\/types\/product"}],"replies":[{"embeddable":true,"href":"https:\/\/gr-100.com\/pt-pt\/wp-json\/wp\/v2\/comments?post=375383"}],"wp:featuredmedia":[{"embeddable":true,"href":"https:\/\/gr-100.com\/pt-pt\/wp-json\/wp\/v2\/media\/290818"}],"wp:attachment":[{"href":"https:\/\/gr-100.com\/pt-pt\/wp-json\/wp\/v2\/media?parent=375383"}],"wp:term":[{"taxonomy":"product_brand","embeddable":true,"href":"https:\/\/gr-100.com\/pt-pt\/wp-json\/wp\/v2\/product_brand?post=375383"},{"taxonomy":"product_cat","embeddable":true,"href":"https:\/\/gr-100.com\/pt-pt\/wp-json\/wp\/v2\/product_cat?post=375383"},{"taxonomy":"product_tag","embeddable":true,"href":"https:\/\/gr-100.com\/pt-pt\/wp-json\/wp\/v2\/product_tag?post=375383"}],"curies":[{"name":"wp","href":"https:\/\/api.w.org\/{rel}","templated":true}]}}