{"id":375396,"date":"2024-07-01T13:30:39","date_gmt":"2024-07-01T13:30:39","guid":{"rendered":"https:\/\/nuevo.gr-100.com\/producto\/pedales-look-keo-2-max-carbono-negro\/"},"modified":"2026-03-11T13:33:20","modified_gmt":"2026-03-11T12:33:20","slug":"pedales-look-keo-2-max-carbono-negro","status":"publish","type":"product","link":"https:\/\/gr-100.com\/pt-pt\/producto\/pedales-look-keo-2-max-carbono-negro\/","title":{"rendered":"Pedales Look Keo 2 Max Carbono negro"},"content":{"rendered":"<p>Los pedales Look KEO 2 Max Carbono aseguran una gran potencia de pedaleo gracias a una superficie de apoyo 500\u00a0mm\u00b2, con un peso r\u00e9cord de 125\u00a0gramos por pedal.<\/p>\n<ul>\n<li>Tensi\u00f3n: de 8 a 15 Nm<\/li>\n<li>Cuerpo de carbono.<\/li>\n<li>Superficie de apoyo: 500 mm\u00b2.<\/li>\n<li>Libertad angular: 4,5\u00b0. Calas incluidas: Calas KEO Grip de color gris.<\/li>\n<li>Peso: 125 gramos el pedal.<\/li>\n<\/ul>\n","protected":false},"excerpt":{"rendered":"<p>\u00bfPreparado para nuevas aventuras? Persigue tus sue\u00f1os con el pedal KEO 2 MAX CARBON. Su superficie de apoyo de 500 mm\u00b2, ofrece una perfecta transferencia de potencia de las piernas a la bici. El cuerpo de carbono aporta ligereza y eficiencia, mientras que el eje Chromoly+ ofrece rigidez en cualquier condici\u00f3n. Instale el pedal, ajuste la tensi\u00f3n y ya est\u00e1 listo para rodar.<\/p>\n","protected":false},"featured_media":290850,"comment_status":"closed","ping_status":"closed","template":"","meta":{"_acf_changed":false,"_et_pb_use_builder":"","_et_pb_old_content":"","_et_gb_content_width":"","inline_featured_image":false},"product_brand":[],"product_cat":[25,53],"product_tag":[],"class_list":{"0":"post-375396","1":"product","2":"type-product","3":"status-publish","4":"has-post-thumbnail","6":"product_cat-componentes","7":"product_cat-pedales","8":"product_shipping_class-componentes","10":"first","11":"instock","12":"sale","13":"taxable","14":"shipping-taxable","15":"purchasable","16":"product-type-simple"},"acf":[],"yoast_head":"<!-- This site is optimized with the Yoast SEO Premium plugin v26.7 (Yoast SEO v26.7) - https:\/\/yoast.com\/wordpress\/plugins\/seo\/ -->\n<title>Pedales Look Keo 2 Max Carbono negro KEO GR-100<\/title>\n<meta name=\"description\" content=\"Pedales Look Keo 2 Max Carbono negro. La l\u00ednea de eje de los K\u00e8o 2 max con una mayor superficie de contacto y un dise\u00f1o m\u00e1s ergon\u00f3mico.\" \/>\n<meta name=\"robots\" content=\"index, follow, max-snippet:-1, max-image-preview:large, max-video-preview:-1\" \/>\n<link rel=\"canonical\" href=\"https:\/\/gr-100.com\/producto\/pedales-look-keo-2-max-carbono-negro\/\" \/>\n<meta property=\"og:locale\" content=\"pt_PT\" \/>\n<meta property=\"og:type\" content=\"article\" \/>\n<meta property=\"og:title\" content=\"Pedales Look Keo 2 Max Carbono negro\" \/>\n<meta property=\"og:description\" content=\"Pedales Look Keo 2 Max Carbono negro. La l\u00ednea de eje de los K\u00e8o 2 max con una mayor superficie de contacto y un dise\u00f1o m\u00e1s ergon\u00f3mico.\" \/>\n<meta property=\"og:url\" content=\"https:\/\/gr-100.com\/producto\/pedales-look-keo-2-max-carbono-negro\/\" \/>\n<meta property=\"og:site_name\" content=\"Gr-100 Tienda de ciclismo Specialized\" \/>\n<meta property=\"article:publisher\" content=\"https:\/\/www.facebook.com\/Gr100Bikes\" \/>\n<meta property=\"article:modified_time\" content=\"2026-03-11T12:33:20+00:00\" \/>\n<meta property=\"og:image\" content=\"https:\/\/gr-100.com\/wp-content\/uploads\/2024\/05\/keo_2_max_carbon1.jpeg\" \/>\n\t<meta property=\"og:image:width\" content=\"1000\" \/>\n\t<meta property=\"og:image:height\" content=\"1000\" \/>\n\t<meta property=\"og:image:type\" content=\"image\/jpeg\" \/>\n<meta name=\"twitter:card\" content=\"summary_large_image\" \/>\n<meta name=\"twitter:label1\" content=\"Tempo estimado de leitura\" \/>\n\t<meta name=\"twitter:data1\" content=\"1 minuto\" \/>\n<script type=\"application\/ld+json\" class=\"yoast-schema-graph\">{\"@context\":\"https:\/\/schema.org\",\"@graph\":[{\"@type\":\"WebPage\",\"@id\":\"https:\/\/gr-100.com\/producto\/pedales-look-keo-2-max-carbono-negro\/\",\"url\":\"https:\/\/gr-100.com\/producto\/pedales-look-keo-2-max-carbono-negro\/\",\"name\":\"Pedales Look Keo 2 Max Carbono negro KEO GR-100\",\"isPartOf\":{\"@id\":\"https:\/\/gr-100.com\/#website\"},\"primaryImageOfPage\":{\"@id\":\"https:\/\/gr-100.com\/producto\/pedales-look-keo-2-max-carbono-negro\/#primaryimage\"},\"image\":{\"@id\":\"https:\/\/gr-100.com\/producto\/pedales-look-keo-2-max-carbono-negro\/#primaryimage\"},\"thumbnailUrl\":\"https:\/\/gr-100.com\/wp-content\/uploads\/2024\/05\/keo_2_max_carbon1.jpeg\",\"datePublished\":\"2024-07-01T13:30:39+00:00\",\"dateModified\":\"2026-03-11T12:33:20+00:00\",\"description\":\"Pedales Look Keo 2 Max Carbono negro. La l\u00ednea de eje de los K\u00e8o 2 max con una mayor superficie de contacto y un dise\u00f1o m\u00e1s ergon\u00f3mico.\",\"breadcrumb\":{\"@id\":\"https:\/\/gr-100.com\/producto\/pedales-look-keo-2-max-carbono-negro\/#breadcrumb\"},\"inLanguage\":\"pt-PT\",\"potentialAction\":[{\"@type\":\"ReadAction\",\"target\":[\"https:\/\/gr-100.com\/producto\/pedales-look-keo-2-max-carbono-negro\/\"]}]},{\"@type\":\"ImageObject\",\"inLanguage\":\"pt-PT\",\"@id\":\"https:\/\/gr-100.com\/producto\/pedales-look-keo-2-max-carbono-negro\/#primaryimage\",\"url\":\"https:\/\/gr-100.com\/wp-content\/uploads\/2024\/05\/keo_2_max_carbon1.jpeg\",\"contentUrl\":\"https:\/\/gr-100.com\/wp-content\/uploads\/2024\/05\/keo_2_max_carbon1.jpeg\",\"width\":1000,\"height\":1000},{\"@type\":\"BreadcrumbList\",\"@id\":\"https:\/\/gr-100.com\/producto\/pedales-look-keo-2-max-carbono-negro\/#breadcrumb\",\"itemListElement\":[{\"@type\":\"ListItem\",\"position\":1,\"name\":\"Portada\",\"item\":\"https:\/\/gr-100.com\/en\/\"},{\"@type\":\"ListItem\",\"position\":2,\"name\":\"Productos\",\"item\":\"https:\/\/gr-100.com\/?post_type=product\"},{\"@type\":\"ListItem\",\"position\":3,\"name\":\"Pedales Look Keo 2 Max Carbono negro\"}]},{\"@type\":\"WebSite\",\"@id\":\"https:\/\/gr-100.com\/#website\",\"url\":\"https:\/\/gr-100.com\/\",\"name\":\"Gr-100 Tienda de ciclismo Specialized\",\"description\":\"GR-100 tenemos todas las gamas de bicicletas Specialized al mejor precio.\",\"publisher\":{\"@id\":\"https:\/\/gr-100.com\/#organization\"},\"alternateName\":\"Gr-100 Bikes\",\"potentialAction\":[{\"@type\":\"SearchAction\",\"target\":{\"@type\":\"EntryPoint\",\"urlTemplate\":\"https:\/\/gr-100.com\/?s={search_term_string}\"},\"query-input\":{\"@type\":\"PropertyValueSpecification\",\"valueRequired\":true,\"valueName\":\"search_term_string\"}}],\"inLanguage\":\"pt-PT\"},{\"@type\":\"Organization\",\"@id\":\"https:\/\/gr-100.com\/#organization\",\"name\":\"Gr-100\",\"url\":\"https:\/\/gr-100.com\/\",\"logo\":{\"@type\":\"ImageObject\",\"inLanguage\":\"pt-PT\",\"@id\":\"https:\/\/gr-100.com\/#\/schema\/logo\/image\/\",\"url\":\"https:\/\/gr-100.com\/wp-content\/uploads\/2023\/08\/logo-gr-100-bikes.png\",\"contentUrl\":\"https:\/\/gr-100.com\/wp-content\/uploads\/2023\/08\/logo-gr-100-bikes.png\",\"width\":707,\"height\":284,\"caption\":\"Gr-100\"},\"image\":{\"@id\":\"https:\/\/gr-100.com\/#\/schema\/logo\/image\/\"},\"sameAs\":[\"https:\/\/www.facebook.com\/Gr100Bikes\",\"https:\/\/www.instagram.com\/gr100bikes\/\",\"https:\/\/www.tiktok.com\/@gr100bikes\",\"https:\/\/twitter.com\/gr100mtbteam\",\"https:\/\/www.youtube.com\/c\/GR100Specialized\"]}]}<\/script>\n<!-- \/ Yoast SEO Premium plugin. -->","yoast_head_json":{"title":"Pedales Look Keo 2 Max Carbono negro KEO GR-100","description":"Pedales Look Keo 2 Max Carbono negro. La l\u00ednea de eje de los K\u00e8o 2 max con una mayor superficie de contacto y un dise\u00f1o m\u00e1s ergon\u00f3mico.","robots":{"index":"index","follow":"follow","max-snippet":"max-snippet:-1","max-image-preview":"max-image-preview:large","max-video-preview":"max-video-preview:-1"},"canonical":"https:\/\/gr-100.com\/producto\/pedales-look-keo-2-max-carbono-negro\/","og_locale":"pt_PT","og_type":"article","og_title":"Pedales Look Keo 2 Max Carbono negro","og_description":"Pedales Look Keo 2 Max Carbono negro. La l\u00ednea de eje de los K\u00e8o 2 max con una mayor superficie de contacto y un dise\u00f1o m\u00e1s ergon\u00f3mico.","og_url":"https:\/\/gr-100.com\/producto\/pedales-look-keo-2-max-carbono-negro\/","og_site_name":"Gr-100 Tienda de ciclismo Specialized","article_publisher":"https:\/\/www.facebook.com\/Gr100Bikes","article_modified_time":"2026-03-11T12:33:20+00:00","og_image":[{"width":1000,"height":1000,"url":"https:\/\/gr-100.com\/wp-content\/uploads\/2024\/05\/keo_2_max_carbon1.jpeg","type":"image\/jpeg"}],"twitter_card":"summary_large_image","twitter_misc":{"Tempo estimado de leitura":"1 minuto"},"schema":{"@context":"https:\/\/schema.org","@graph":[{"@type":"WebPage","@id":"https:\/\/gr-100.com\/producto\/pedales-look-keo-2-max-carbono-negro\/","url":"https:\/\/gr-100.com\/producto\/pedales-look-keo-2-max-carbono-negro\/","name":"Pedales Look Keo 2 Max Carbono negro KEO GR-100","isPartOf":{"@id":"https:\/\/gr-100.com\/#website"},"primaryImageOfPage":{"@id":"https:\/\/gr-100.com\/producto\/pedales-look-keo-2-max-carbono-negro\/#primaryimage"},"image":{"@id":"https:\/\/gr-100.com\/producto\/pedales-look-keo-2-max-carbono-negro\/#primaryimage"},"thumbnailUrl":"https:\/\/gr-100.com\/wp-content\/uploads\/2024\/05\/keo_2_max_carbon1.jpeg","datePublished":"2024-07-01T13:30:39+00:00","dateModified":"2026-03-11T12:33:20+00:00","description":"Pedales Look Keo 2 Max Carbono negro. La l\u00ednea de eje de los K\u00e8o 2 max con una mayor superficie de contacto y un dise\u00f1o m\u00e1s ergon\u00f3mico.","breadcrumb":{"@id":"https:\/\/gr-100.com\/producto\/pedales-look-keo-2-max-carbono-negro\/#breadcrumb"},"inLanguage":"pt-PT","potentialAction":[{"@type":"ReadAction","target":["https:\/\/gr-100.com\/producto\/pedales-look-keo-2-max-carbono-negro\/"]}]},{"@type":"ImageObject","inLanguage":"pt-PT","@id":"https:\/\/gr-100.com\/producto\/pedales-look-keo-2-max-carbono-negro\/#primaryimage","url":"https:\/\/gr-100.com\/wp-content\/uploads\/2024\/05\/keo_2_max_carbon1.jpeg","contentUrl":"https:\/\/gr-100.com\/wp-content\/uploads\/2024\/05\/keo_2_max_carbon1.jpeg","width":1000,"height":1000},{"@type":"BreadcrumbList","@id":"https:\/\/gr-100.com\/producto\/pedales-look-keo-2-max-carbono-negro\/#breadcrumb","itemListElement":[{"@type":"ListItem","position":1,"name":"Portada","item":"https:\/\/gr-100.com\/en\/"},{"@type":"ListItem","position":2,"name":"Productos","item":"https:\/\/gr-100.com\/?post_type=product"},{"@type":"ListItem","position":3,"name":"Pedales Look Keo 2 Max Carbono negro"}]},{"@type":"WebSite","@id":"https:\/\/gr-100.com\/#website","url":"https:\/\/gr-100.com\/","name":"Gr-100 Tienda de ciclismo Specialized","description":"GR-100 tenemos todas las gamas de bicicletas Specialized al mejor precio.","publisher":{"@id":"https:\/\/gr-100.com\/#organization"},"alternateName":"Gr-100 Bikes","potentialAction":[{"@type":"SearchAction","target":{"@type":"EntryPoint","urlTemplate":"https:\/\/gr-100.com\/?s={search_term_string}"},"query-input":{"@type":"PropertyValueSpecification","valueRequired":true,"valueName":"search_term_string"}}],"inLanguage":"pt-PT"},{"@type":"Organization","@id":"https:\/\/gr-100.com\/#organization","name":"Gr-100","url":"https:\/\/gr-100.com\/","logo":{"@type":"ImageObject","inLanguage":"pt-PT","@id":"https:\/\/gr-100.com\/#\/schema\/logo\/image\/","url":"https:\/\/gr-100.com\/wp-content\/uploads\/2023\/08\/logo-gr-100-bikes.png","contentUrl":"https:\/\/gr-100.com\/wp-content\/uploads\/2023\/08\/logo-gr-100-bikes.png","width":707,"height":284,"caption":"Gr-100"},"image":{"@id":"https:\/\/gr-100.com\/#\/schema\/logo\/image\/"},"sameAs":["https:\/\/www.facebook.com\/Gr100Bikes","https:\/\/www.instagram.com\/gr100bikes\/","https:\/\/www.tiktok.com\/@gr100bikes","https:\/\/twitter.com\/gr100mtbteam","https:\/\/www.youtube.com\/c\/GR100Specialized"]}]}},"_links":{"self":[{"href":"https:\/\/gr-100.com\/pt-pt\/wp-json\/wp\/v2\/product\/375396","targetHints":{"allow":["GET"]}}],"collection":[{"href":"https:\/\/gr-100.com\/pt-pt\/wp-json\/wp\/v2\/product"}],"about":[{"href":"https:\/\/gr-100.com\/pt-pt\/wp-json\/wp\/v2\/types\/product"}],"replies":[{"embeddable":true,"href":"https:\/\/gr-100.com\/pt-pt\/wp-json\/wp\/v2\/comments?post=375396"}],"wp:featuredmedia":[{"embeddable":true,"href":"https:\/\/gr-100.com\/pt-pt\/wp-json\/wp\/v2\/media\/290850"}],"wp:attachment":[{"href":"https:\/\/gr-100.com\/pt-pt\/wp-json\/wp\/v2\/media?parent=375396"}],"wp:term":[{"taxonomy":"product_brand","embeddable":true,"href":"https:\/\/gr-100.com\/pt-pt\/wp-json\/wp\/v2\/product_brand?post=375396"},{"taxonomy":"product_cat","embeddable":true,"href":"https:\/\/gr-100.com\/pt-pt\/wp-json\/wp\/v2\/product_cat?post=375396"},{"taxonomy":"product_tag","embeddable":true,"href":"https:\/\/gr-100.com\/pt-pt\/wp-json\/wp\/v2\/product_tag?post=375396"}],"curies":[{"name":"wp","href":"https:\/\/api.w.org\/{rel}","templated":true}]}}