{"id":375404,"date":"2024-07-01T13:31:02","date_gmt":"2024-07-01T13:31:02","guid":{"rendered":"https:\/\/nuevo.gr-100.com\/producto\/xlc-pedal-plataforma-pd-m23-negro-azul\/"},"modified":"2026-03-23T19:48:44","modified_gmt":"2026-03-23T18:48:44","slug":"xlc-pedal-plataforma-pd-m23-negro-azul","status":"publish","type":"product","link":"https:\/\/gr-100.com\/pt-pt\/producto\/xlc-pedal-plataforma-pd-m23-negro-azul\/","title":{"rendered":"XLC Pedal Plataforma PD-M23 Negro\/Azul"},"content":{"rendered":"<p>Estos pedales vienen tachonados con cuarenta clavijas estrat\u00e9gicamente colocadas, lo que ayuda a proporcionar un agarre superior y a evitar el deslizamiento. Estos pedales, de estilo tradicional de &#8220;plataforma&#8221;, tienen una superficie ancha y plana para maximizar el contacto con las zapatillas y ofrecer m\u00e1s comodidad y potencia. El PD-M24 es compatible con una rosca de 9\/16 pulgadas, lo que lo hace apto para la mayor\u00eda de las bicicletas de tama\u00f1o adulto. El PD-M23 tiene un tama\u00f1o de 180 x 180 x 21 mm. Est\u00e1 disponible en una selecci\u00f3n de colores que incluye negro\/azul, blanco\/negro y negro\/rojo.<\/p>\n<ul>\n<li>Cuerpo: One-piece-construcci\u00f3n, policarbonato<\/li>\n<li>40 pines<\/li>\n<li>Eje: CroMo<\/li>\n<li>Rodamiento: casquillo deslizante, tipo cartucho<\/li>\n<li>Peso: 302g<\/li>\n<li>Medidas: 108 x 108 x 21mm<\/li>\n<\/ul>\n","protected":false},"excerpt":{"rendered":"<p>Este resistente pedal plano es la clave para mejorar su experiencia en el ciclismo de monta\u00f1a. Compuesto por un eje de acero CroMo que es a la vez fuerte y ligero y una jaula de una sola pieza, el PD-M24 est\u00e1 fabricado para la resistencia.<\/p>\n","protected":false},"featured_media":290868,"comment_status":"closed","ping_status":"closed","template":"","meta":{"_acf_changed":false,"_et_pb_use_builder":"","_et_pb_old_content":"","_et_gb_content_width":"","inline_featured_image":false},"product_brand":[],"product_cat":[25,53],"product_tag":[],"class_list":{"0":"post-375404","1":"product","2":"type-product","3":"status-publish","4":"has-post-thumbnail","6":"product_cat-componentes","7":"product_cat-pedales","8":"product_shipping_class-componentes","10":"first","11":"instock","12":"sale","13":"taxable","14":"shipping-taxable","15":"purchasable","16":"product-type-simple"},"acf":[],"yoast_head":"<!-- This site is optimized with the Yoast SEO Premium plugin v26.7 (Yoast SEO v26.7) - https:\/\/yoast.com\/wordpress\/plugins\/seo\/ -->\n<title>XLC Pedal Plataforma PD-M23 Negro\/Azul Oferta GR-100<\/title>\n<meta name=\"description\" content=\"Pedal plano es la clave para mejorar su experiencia en el ciclismo de monta\u00f1a. Eje de acero CroMo que es fuerte y ligero y una jaula de una sola pieza\" \/>\n<meta name=\"robots\" content=\"index, follow, max-snippet:-1, max-image-preview:large, max-video-preview:-1\" \/>\n<link rel=\"canonical\" href=\"https:\/\/gr-100.com\/producto\/xlc-pedal-plataforma-pd-m23-negro-azul\/\" \/>\n<meta property=\"og:locale\" content=\"pt_PT\" \/>\n<meta property=\"og:type\" content=\"article\" \/>\n<meta property=\"og:title\" content=\"XLC Pedal Plataforma PD-M23 Negro\/Azul\" \/>\n<meta property=\"og:description\" content=\"Pedal plano es la clave para mejorar su experiencia en el ciclismo de monta\u00f1a. Eje de acero CroMo que es fuerte y ligero y una jaula de una sola pieza\" \/>\n<meta property=\"og:url\" content=\"https:\/\/gr-100.com\/producto\/xlc-pedal-plataforma-pd-m23-negro-azul\/\" \/>\n<meta property=\"og:site_name\" content=\"Gr-100 Tienda de ciclismo Specialized\" \/>\n<meta property=\"article:publisher\" content=\"https:\/\/www.facebook.com\/Gr100Bikes\" \/>\n<meta property=\"article:modified_time\" content=\"2026-03-23T18:48:44+00:00\" \/>\n<meta property=\"og:image\" content=\"https:\/\/gr-100.com\/wp-content\/uploads\/2024\/05\/xlc-pedal-plataforma-pd-m23-negroazul.jpeg\" \/>\n\t<meta property=\"og:image:width\" content=\"1000\" \/>\n\t<meta property=\"og:image:height\" content=\"1000\" \/>\n\t<meta property=\"og:image:type\" content=\"image\/jpeg\" \/>\n<meta name=\"twitter:card\" content=\"summary_large_image\" \/>\n<meta name=\"twitter:label1\" content=\"Tempo estimado de leitura\" \/>\n\t<meta name=\"twitter:data1\" content=\"1 minuto\" \/>\n<script type=\"application\/ld+json\" class=\"yoast-schema-graph\">{\"@context\":\"https:\/\/schema.org\",\"@graph\":[{\"@type\":\"WebPage\",\"@id\":\"https:\/\/gr-100.com\/producto\/xlc-pedal-plataforma-pd-m23-negro-azul\/\",\"url\":\"https:\/\/gr-100.com\/producto\/xlc-pedal-plataforma-pd-m23-negro-azul\/\",\"name\":\"XLC Pedal Plataforma PD-M23 Negro\/Azul Oferta GR-100\",\"isPartOf\":{\"@id\":\"https:\/\/gr-100.com\/#website\"},\"primaryImageOfPage\":{\"@id\":\"https:\/\/gr-100.com\/producto\/xlc-pedal-plataforma-pd-m23-negro-azul\/#primaryimage\"},\"image\":{\"@id\":\"https:\/\/gr-100.com\/producto\/xlc-pedal-plataforma-pd-m23-negro-azul\/#primaryimage\"},\"thumbnailUrl\":\"https:\/\/gr-100.com\/wp-content\/uploads\/2024\/05\/xlc-pedal-plataforma-pd-m23-negroazul.jpeg\",\"datePublished\":\"2024-07-01T13:31:02+00:00\",\"dateModified\":\"2026-03-23T18:48:44+00:00\",\"description\":\"Pedal plano es la clave para mejorar su experiencia en el ciclismo de monta\u00f1a. Eje de acero CroMo que es fuerte y ligero y una jaula de una sola pieza\",\"breadcrumb\":{\"@id\":\"https:\/\/gr-100.com\/producto\/xlc-pedal-plataforma-pd-m23-negro-azul\/#breadcrumb\"},\"inLanguage\":\"pt-PT\",\"potentialAction\":[{\"@type\":\"ReadAction\",\"target\":[\"https:\/\/gr-100.com\/producto\/xlc-pedal-plataforma-pd-m23-negro-azul\/\"]}]},{\"@type\":\"ImageObject\",\"inLanguage\":\"pt-PT\",\"@id\":\"https:\/\/gr-100.com\/producto\/xlc-pedal-plataforma-pd-m23-negro-azul\/#primaryimage\",\"url\":\"https:\/\/gr-100.com\/wp-content\/uploads\/2024\/05\/xlc-pedal-plataforma-pd-m23-negroazul.jpeg\",\"contentUrl\":\"https:\/\/gr-100.com\/wp-content\/uploads\/2024\/05\/xlc-pedal-plataforma-pd-m23-negroazul.jpeg\",\"width\":1000,\"height\":1000},{\"@type\":\"BreadcrumbList\",\"@id\":\"https:\/\/gr-100.com\/producto\/xlc-pedal-plataforma-pd-m23-negro-azul\/#breadcrumb\",\"itemListElement\":[{\"@type\":\"ListItem\",\"position\":1,\"name\":\"Portada\",\"item\":\"https:\/\/gr-100.com\/en\/\"},{\"@type\":\"ListItem\",\"position\":2,\"name\":\"Productos\",\"item\":\"https:\/\/gr-100.com\/?post_type=product\"},{\"@type\":\"ListItem\",\"position\":3,\"name\":\"XLC Pedal Plataforma PD-M23 Negro\/Azul\"}]},{\"@type\":\"WebSite\",\"@id\":\"https:\/\/gr-100.com\/#website\",\"url\":\"https:\/\/gr-100.com\/\",\"name\":\"Gr-100 Tienda de ciclismo Specialized\",\"description\":\"GR-100 tenemos todas las gamas de bicicletas Specialized al mejor precio.\",\"publisher\":{\"@id\":\"https:\/\/gr-100.com\/#organization\"},\"alternateName\":\"Gr-100 Bikes\",\"potentialAction\":[{\"@type\":\"SearchAction\",\"target\":{\"@type\":\"EntryPoint\",\"urlTemplate\":\"https:\/\/gr-100.com\/?s={search_term_string}\"},\"query-input\":{\"@type\":\"PropertyValueSpecification\",\"valueRequired\":true,\"valueName\":\"search_term_string\"}}],\"inLanguage\":\"pt-PT\"},{\"@type\":\"Organization\",\"@id\":\"https:\/\/gr-100.com\/#organization\",\"name\":\"Gr-100\",\"url\":\"https:\/\/gr-100.com\/\",\"logo\":{\"@type\":\"ImageObject\",\"inLanguage\":\"pt-PT\",\"@id\":\"https:\/\/gr-100.com\/#\/schema\/logo\/image\/\",\"url\":\"https:\/\/gr-100.com\/wp-content\/uploads\/2023\/08\/logo-gr-100-bikes.png\",\"contentUrl\":\"https:\/\/gr-100.com\/wp-content\/uploads\/2023\/08\/logo-gr-100-bikes.png\",\"width\":707,\"height\":284,\"caption\":\"Gr-100\"},\"image\":{\"@id\":\"https:\/\/gr-100.com\/#\/schema\/logo\/image\/\"},\"sameAs\":[\"https:\/\/www.facebook.com\/Gr100Bikes\",\"https:\/\/www.instagram.com\/gr100bikes\/\",\"https:\/\/www.tiktok.com\/@gr100bikes\",\"https:\/\/twitter.com\/gr100mtbteam\",\"https:\/\/www.youtube.com\/c\/GR100Specialized\"]}]}<\/script>\n<!-- \/ Yoast SEO Premium plugin. -->","yoast_head_json":{"title":"XLC Pedal Plataforma PD-M23 Negro\/Azul Oferta GR-100","description":"Pedal plano es la clave para mejorar su experiencia en el ciclismo de monta\u00f1a. Eje de acero CroMo que es fuerte y ligero y una jaula de una sola pieza","robots":{"index":"index","follow":"follow","max-snippet":"max-snippet:-1","max-image-preview":"max-image-preview:large","max-video-preview":"max-video-preview:-1"},"canonical":"https:\/\/gr-100.com\/producto\/xlc-pedal-plataforma-pd-m23-negro-azul\/","og_locale":"pt_PT","og_type":"article","og_title":"XLC Pedal Plataforma PD-M23 Negro\/Azul","og_description":"Pedal plano es la clave para mejorar su experiencia en el ciclismo de monta\u00f1a. Eje de acero CroMo que es fuerte y ligero y una jaula de una sola pieza","og_url":"https:\/\/gr-100.com\/producto\/xlc-pedal-plataforma-pd-m23-negro-azul\/","og_site_name":"Gr-100 Tienda de ciclismo Specialized","article_publisher":"https:\/\/www.facebook.com\/Gr100Bikes","article_modified_time":"2026-03-23T18:48:44+00:00","og_image":[{"width":1000,"height":1000,"url":"https:\/\/gr-100.com\/wp-content\/uploads\/2024\/05\/xlc-pedal-plataforma-pd-m23-negroazul.jpeg","type":"image\/jpeg"}],"twitter_card":"summary_large_image","twitter_misc":{"Tempo estimado de leitura":"1 minuto"},"schema":{"@context":"https:\/\/schema.org","@graph":[{"@type":"WebPage","@id":"https:\/\/gr-100.com\/producto\/xlc-pedal-plataforma-pd-m23-negro-azul\/","url":"https:\/\/gr-100.com\/producto\/xlc-pedal-plataforma-pd-m23-negro-azul\/","name":"XLC Pedal Plataforma PD-M23 Negro\/Azul Oferta GR-100","isPartOf":{"@id":"https:\/\/gr-100.com\/#website"},"primaryImageOfPage":{"@id":"https:\/\/gr-100.com\/producto\/xlc-pedal-plataforma-pd-m23-negro-azul\/#primaryimage"},"image":{"@id":"https:\/\/gr-100.com\/producto\/xlc-pedal-plataforma-pd-m23-negro-azul\/#primaryimage"},"thumbnailUrl":"https:\/\/gr-100.com\/wp-content\/uploads\/2024\/05\/xlc-pedal-plataforma-pd-m23-negroazul.jpeg","datePublished":"2024-07-01T13:31:02+00:00","dateModified":"2026-03-23T18:48:44+00:00","description":"Pedal plano es la clave para mejorar su experiencia en el ciclismo de monta\u00f1a. Eje de acero CroMo que es fuerte y ligero y una jaula de una sola pieza","breadcrumb":{"@id":"https:\/\/gr-100.com\/producto\/xlc-pedal-plataforma-pd-m23-negro-azul\/#breadcrumb"},"inLanguage":"pt-PT","potentialAction":[{"@type":"ReadAction","target":["https:\/\/gr-100.com\/producto\/xlc-pedal-plataforma-pd-m23-negro-azul\/"]}]},{"@type":"ImageObject","inLanguage":"pt-PT","@id":"https:\/\/gr-100.com\/producto\/xlc-pedal-plataforma-pd-m23-negro-azul\/#primaryimage","url":"https:\/\/gr-100.com\/wp-content\/uploads\/2024\/05\/xlc-pedal-plataforma-pd-m23-negroazul.jpeg","contentUrl":"https:\/\/gr-100.com\/wp-content\/uploads\/2024\/05\/xlc-pedal-plataforma-pd-m23-negroazul.jpeg","width":1000,"height":1000},{"@type":"BreadcrumbList","@id":"https:\/\/gr-100.com\/producto\/xlc-pedal-plataforma-pd-m23-negro-azul\/#breadcrumb","itemListElement":[{"@type":"ListItem","position":1,"name":"Portada","item":"https:\/\/gr-100.com\/en\/"},{"@type":"ListItem","position":2,"name":"Productos","item":"https:\/\/gr-100.com\/?post_type=product"},{"@type":"ListItem","position":3,"name":"XLC Pedal Plataforma PD-M23 Negro\/Azul"}]},{"@type":"WebSite","@id":"https:\/\/gr-100.com\/#website","url":"https:\/\/gr-100.com\/","name":"Gr-100 Tienda de ciclismo Specialized","description":"GR-100 tenemos todas las gamas de bicicletas Specialized al mejor precio.","publisher":{"@id":"https:\/\/gr-100.com\/#organization"},"alternateName":"Gr-100 Bikes","potentialAction":[{"@type":"SearchAction","target":{"@type":"EntryPoint","urlTemplate":"https:\/\/gr-100.com\/?s={search_term_string}"},"query-input":{"@type":"PropertyValueSpecification","valueRequired":true,"valueName":"search_term_string"}}],"inLanguage":"pt-PT"},{"@type":"Organization","@id":"https:\/\/gr-100.com\/#organization","name":"Gr-100","url":"https:\/\/gr-100.com\/","logo":{"@type":"ImageObject","inLanguage":"pt-PT","@id":"https:\/\/gr-100.com\/#\/schema\/logo\/image\/","url":"https:\/\/gr-100.com\/wp-content\/uploads\/2023\/08\/logo-gr-100-bikes.png","contentUrl":"https:\/\/gr-100.com\/wp-content\/uploads\/2023\/08\/logo-gr-100-bikes.png","width":707,"height":284,"caption":"Gr-100"},"image":{"@id":"https:\/\/gr-100.com\/#\/schema\/logo\/image\/"},"sameAs":["https:\/\/www.facebook.com\/Gr100Bikes","https:\/\/www.instagram.com\/gr100bikes\/","https:\/\/www.tiktok.com\/@gr100bikes","https:\/\/twitter.com\/gr100mtbteam","https:\/\/www.youtube.com\/c\/GR100Specialized"]}]}},"_links":{"self":[{"href":"https:\/\/gr-100.com\/pt-pt\/wp-json\/wp\/v2\/product\/375404","targetHints":{"allow":["GET"]}}],"collection":[{"href":"https:\/\/gr-100.com\/pt-pt\/wp-json\/wp\/v2\/product"}],"about":[{"href":"https:\/\/gr-100.com\/pt-pt\/wp-json\/wp\/v2\/types\/product"}],"replies":[{"embeddable":true,"href":"https:\/\/gr-100.com\/pt-pt\/wp-json\/wp\/v2\/comments?post=375404"}],"wp:featuredmedia":[{"embeddable":true,"href":"https:\/\/gr-100.com\/pt-pt\/wp-json\/wp\/v2\/media\/290868"}],"wp:attachment":[{"href":"https:\/\/gr-100.com\/pt-pt\/wp-json\/wp\/v2\/media?parent=375404"}],"wp:term":[{"taxonomy":"product_brand","embeddable":true,"href":"https:\/\/gr-100.com\/pt-pt\/wp-json\/wp\/v2\/product_brand?post=375404"},{"taxonomy":"product_cat","embeddable":true,"href":"https:\/\/gr-100.com\/pt-pt\/wp-json\/wp\/v2\/product_cat?post=375404"},{"taxonomy":"product_tag","embeddable":true,"href":"https:\/\/gr-100.com\/pt-pt\/wp-json\/wp\/v2\/product_tag?post=375404"}],"curies":[{"name":"wp","href":"https:\/\/api.w.org\/{rel}","templated":true}]}}