{"id":375650,"date":"2024-07-01T13:41:30","date_gmt":"2024-07-01T13:41:30","guid":{"rendered":"https:\/\/nuevo.gr-100.com\/producto\/specialized-recon-adv-shoe\/"},"modified":"2026-04-06T12:22:40","modified_gmt":"2026-04-06T11:22:40","slug":"specialized-recon-adv-shoe","status":"publish","type":"product","link":"https:\/\/gr-100.com\/pt-pt\/producto\/specialized-recon-adv-shoe\/","title":{"rendered":"Specialized Recon ADV"},"content":{"rendered":"<div>\n<p>Las nuevas Recon ADV son adecuadas para los ciclistas que valoran la aventura y el tiempo que pasan pedaleando, pero que tambi\u00e9n necesitan zapatillas para todo el d\u00eda despu\u00e9s de sus rutas. Las Recon ADV tienen una excelente capacidad para caminar gracias a la tecnolog\u00eda STRIDE-toe-flex, que proporciona una sensaci\u00f3n m\u00e1s natural cuando el ciclista se baja de la bicicleta.<\/p>\n<p>No dejes que la buena apariencia te enga\u00f1e, las Recon ADV tambi\u00e9n est\u00e1n construidas con nuestra tecnolog\u00eda Body Geometry, lo que las convierte en perfectas para los que buscan el m\u00e1ximo rendimiento y comodidad para largas rutas. Con la experiencia de dos d\u00e9cadas de desarrollo, y la validaci\u00f3n de los datos, con la tecnolog\u00eda Body Geomtetry nos aseguramos de que no haya puntos de dolor, s\u00f3lo el mejor rendimiento, donde el cuerpo se conecta con la bicicleta. Gracias a la cu\u00f1a de varo, el soporte del arco longitudinal y el bot\u00f3n metatarsal, tus pies se mantienen en la posici\u00f3n \u00f3ptima al pedalear, as\u00ed como alineados con tu rodilla y cadera.<\/p>\n<\/div>\n<ul>\n<li style=\"list-style-type: none\">\n<ul>\n<li>La tecnolog\u00eda STRIDE toe-flex permite una mayor flexi\u00f3n de los dedos para caminar mejor y garantiza tracci\u00f3n en pendientes pronunciadas<\/li>\n<li>La parte superior est\u00e1 perforada con l\u00e1ser y utiliza microfibra en su interior para una mejor gesti\u00f3n de la humedad y una sensaci\u00f3n de flexibilidad<\/li>\n<li>Pedalea y camina con total confianza gracias a los refuerzos de TPU que ofrecen protecci\u00f3n contra golpes<\/li>\n<li>Los tacos laterales crean una plataforma de pedaleo estable, adem\u00e1s de mejorar la sensaci\u00f3n de caminar<\/li>\n<li>La suela incorpora mayor cobertura de goma SlipNot para mejorar la tracci\u00f3n en terreno de grava<\/li>\n<li>La tecnolog\u00eda Body Geometry a\u00f1ade una cu\u00f1a de \u00e1ngulo varo para mantener una alineaci\u00f3n eficiente y c\u00f3moda de cadera, rodilla y pie mientras se pedalea<\/li>\n<\/ul>\n<\/li>\n<\/ul>\n","protected":false},"excerpt":{"rendered":"<p>Recon ADV, donde la conducci\u00f3n con estilo es tan importante como la propia conducci\u00f3n. Estas zapatillas de gravel cumplen con todos los requisitos en cuanto a est\u00e9tica, que no est\u00e1 re\u00f1ida con la mejor eficiencia cuando se trata de recorrer cientos de kil\u00f3metros<\/p>\n","protected":false},"featured_media":405340,"comment_status":"closed","ping_status":"closed","template":"","meta":{"_acf_changed":false,"_et_pb_use_builder":"","_et_pb_old_content":"","_et_gb_content_width":"","inline_featured_image":false},"product_brand":[],"product_cat":[4330,26,62,5242,5241,5238,2371,429],"product_tag":[],"class_list":{"0":"post-375650","1":"product","2":"type-product","3":"status-publish","4":"has-post-thumbnail","6":"product_cat-black-friday-2","7":"product_cat-accesorios","8":"product_cat-zapatillas","9":"product_cat-zapatillas-gravel","10":"product_cat-zapatillas-montana","11":"product_cat-zapatillas-specialized","12":"product_cat-accesorios-novedad","13":"product_cat-ofertas","14":"product_shipping_class-accesorios","16":"first","17":"instock","18":"sale","19":"taxable","20":"shipping-taxable","21":"purchasable","22":"product-type-variable","23":"wvs-archive-product-wrapper"},"acf":[],"yoast_head":"<!-- This site is optimized with the Yoast SEO Premium plugin v26.7 (Yoast SEO v26.7) - https:\/\/yoast.com\/wordpress\/plugins\/seo\/ -->\n<title>Specialized Recon ADV GR-100 Oferta<\/title>\n<meta name=\"description\" content=\"Aunque ganar una Copa del Mundo de XC no entre dentro de tus planes, no significa que valores el rendimiento y la comodidad.\" \/>\n<meta name=\"robots\" content=\"index, follow, max-snippet:-1, max-image-preview:large, max-video-preview:-1\" \/>\n<link rel=\"canonical\" href=\"https:\/\/gr-100.com\/producto\/specialized-recon-adv-shoe\/\" \/>\n<meta property=\"og:locale\" content=\"pt_PT\" \/>\n<meta property=\"og:type\" content=\"article\" \/>\n<meta property=\"og:title\" content=\"Specialized Recon ADV\" \/>\n<meta property=\"og:description\" content=\"Aunque ganar una Copa del Mundo de XC no entre dentro de tus planes, no significa que valores el rendimiento y la comodidad.\" \/>\n<meta property=\"og:url\" content=\"https:\/\/gr-100.com\/producto\/specialized-recon-adv-shoe\/\" \/>\n<meta property=\"og:site_name\" content=\"Gr-100 Tienda de ciclismo Specialized\" \/>\n<meta property=\"article:publisher\" content=\"https:\/\/www.facebook.com\/Gr100Bikes\" \/>\n<meta property=\"article:modified_time\" content=\"2026-04-06T11:22:40+00:00\" \/>\n<meta property=\"og:image\" content=\"https:\/\/gr-100.com\/wp-content\/uploads\/2024\/07\/Diseno-sin-titulo-2025-04-01T131019.980.jpg\" \/>\n\t<meta property=\"og:image:width\" content=\"1000\" \/>\n\t<meta property=\"og:image:height\" content=\"1000\" \/>\n\t<meta property=\"og:image:type\" content=\"image\/jpeg\" \/>\n<meta name=\"twitter:card\" content=\"summary_large_image\" \/>\n<meta name=\"twitter:label1\" content=\"Tempo estimado de leitura\" \/>\n\t<meta name=\"twitter:data1\" content=\"2 minutos\" \/>\n<script type=\"application\/ld+json\" class=\"yoast-schema-graph\">{\"@context\":\"https:\/\/schema.org\",\"@graph\":[{\"@type\":\"WebPage\",\"@id\":\"https:\/\/gr-100.com\/producto\/specialized-recon-adv-shoe\/\",\"url\":\"https:\/\/gr-100.com\/producto\/specialized-recon-adv-shoe\/\",\"name\":\"Specialized Recon ADV GR-100 Oferta\",\"isPartOf\":{\"@id\":\"https:\/\/gr-100.com\/#website\"},\"primaryImageOfPage\":{\"@id\":\"https:\/\/gr-100.com\/producto\/specialized-recon-adv-shoe\/#primaryimage\"},\"image\":{\"@id\":\"https:\/\/gr-100.com\/producto\/specialized-recon-adv-shoe\/#primaryimage\"},\"thumbnailUrl\":\"https:\/\/gr-100.com\/wp-content\/uploads\/2024\/07\/Diseno-sin-titulo-2025-04-01T131019.980.jpg\",\"datePublished\":\"2024-07-01T13:41:30+00:00\",\"dateModified\":\"2026-04-06T11:22:40+00:00\",\"description\":\"Aunque ganar una Copa del Mundo de XC no entre dentro de tus planes, no significa que valores el rendimiento y la comodidad.\",\"breadcrumb\":{\"@id\":\"https:\/\/gr-100.com\/producto\/specialized-recon-adv-shoe\/#breadcrumb\"},\"inLanguage\":\"pt-PT\",\"potentialAction\":[{\"@type\":\"ReadAction\",\"target\":[\"https:\/\/gr-100.com\/producto\/specialized-recon-adv-shoe\/\"]}]},{\"@type\":\"ImageObject\",\"inLanguage\":\"pt-PT\",\"@id\":\"https:\/\/gr-100.com\/producto\/specialized-recon-adv-shoe\/#primaryimage\",\"url\":\"https:\/\/gr-100.com\/wp-content\/uploads\/2024\/07\/Diseno-sin-titulo-2025-04-01T131019.980.jpg\",\"contentUrl\":\"https:\/\/gr-100.com\/wp-content\/uploads\/2024\/07\/Diseno-sin-titulo-2025-04-01T131019.980.jpg\",\"width\":1000,\"height\":1000},{\"@type\":\"BreadcrumbList\",\"@id\":\"https:\/\/gr-100.com\/producto\/specialized-recon-adv-shoe\/#breadcrumb\",\"itemListElement\":[{\"@type\":\"ListItem\",\"position\":1,\"name\":\"Portada\",\"item\":\"https:\/\/gr-100.com\/en\/\"},{\"@type\":\"ListItem\",\"position\":2,\"name\":\"Productos\",\"item\":\"https:\/\/gr-100.com\/?post_type=product\"},{\"@type\":\"ListItem\",\"position\":3,\"name\":\"Specialized Recon ADV\"}]},{\"@type\":\"WebSite\",\"@id\":\"https:\/\/gr-100.com\/#website\",\"url\":\"https:\/\/gr-100.com\/\",\"name\":\"Gr-100 Tienda de ciclismo Specialized\",\"description\":\"GR-100 tenemos todas las gamas de bicicletas Specialized al mejor precio.\",\"publisher\":{\"@id\":\"https:\/\/gr-100.com\/#organization\"},\"alternateName\":\"Gr-100 Bikes\",\"potentialAction\":[{\"@type\":\"SearchAction\",\"target\":{\"@type\":\"EntryPoint\",\"urlTemplate\":\"https:\/\/gr-100.com\/?s={search_term_string}\"},\"query-input\":{\"@type\":\"PropertyValueSpecification\",\"valueRequired\":true,\"valueName\":\"search_term_string\"}}],\"inLanguage\":\"pt-PT\"},{\"@type\":\"Organization\",\"@id\":\"https:\/\/gr-100.com\/#organization\",\"name\":\"Gr-100\",\"url\":\"https:\/\/gr-100.com\/\",\"logo\":{\"@type\":\"ImageObject\",\"inLanguage\":\"pt-PT\",\"@id\":\"https:\/\/gr-100.com\/#\/schema\/logo\/image\/\",\"url\":\"https:\/\/gr-100.com\/wp-content\/uploads\/2023\/08\/logo-gr-100-bikes.png\",\"contentUrl\":\"https:\/\/gr-100.com\/wp-content\/uploads\/2023\/08\/logo-gr-100-bikes.png\",\"width\":707,\"height\":284,\"caption\":\"Gr-100\"},\"image\":{\"@id\":\"https:\/\/gr-100.com\/#\/schema\/logo\/image\/\"},\"sameAs\":[\"https:\/\/www.facebook.com\/Gr100Bikes\",\"https:\/\/www.instagram.com\/gr100bikes\/\",\"https:\/\/www.tiktok.com\/@gr100bikes\",\"https:\/\/twitter.com\/gr100mtbteam\",\"https:\/\/www.youtube.com\/c\/GR100Specialized\"]}]}<\/script>\n<!-- \/ Yoast SEO Premium plugin. -->","yoast_head_json":{"title":"Specialized Recon ADV GR-100 Oferta","description":"Aunque ganar una Copa del Mundo de XC no entre dentro de tus planes, no significa que valores el rendimiento y la comodidad.","robots":{"index":"index","follow":"follow","max-snippet":"max-snippet:-1","max-image-preview":"max-image-preview:large","max-video-preview":"max-video-preview:-1"},"canonical":"https:\/\/gr-100.com\/producto\/specialized-recon-adv-shoe\/","og_locale":"pt_PT","og_type":"article","og_title":"Specialized Recon ADV","og_description":"Aunque ganar una Copa del Mundo de XC no entre dentro de tus planes, no significa que valores el rendimiento y la comodidad.","og_url":"https:\/\/gr-100.com\/producto\/specialized-recon-adv-shoe\/","og_site_name":"Gr-100 Tienda de ciclismo Specialized","article_publisher":"https:\/\/www.facebook.com\/Gr100Bikes","article_modified_time":"2026-04-06T11:22:40+00:00","og_image":[{"width":1000,"height":1000,"url":"https:\/\/gr-100.com\/wp-content\/uploads\/2024\/07\/Diseno-sin-titulo-2025-04-01T131019.980.jpg","type":"image\/jpeg"}],"twitter_card":"summary_large_image","twitter_misc":{"Tempo estimado de leitura":"2 minutos"},"schema":{"@context":"https:\/\/schema.org","@graph":[{"@type":"WebPage","@id":"https:\/\/gr-100.com\/producto\/specialized-recon-adv-shoe\/","url":"https:\/\/gr-100.com\/producto\/specialized-recon-adv-shoe\/","name":"Specialized Recon ADV GR-100 Oferta","isPartOf":{"@id":"https:\/\/gr-100.com\/#website"},"primaryImageOfPage":{"@id":"https:\/\/gr-100.com\/producto\/specialized-recon-adv-shoe\/#primaryimage"},"image":{"@id":"https:\/\/gr-100.com\/producto\/specialized-recon-adv-shoe\/#primaryimage"},"thumbnailUrl":"https:\/\/gr-100.com\/wp-content\/uploads\/2024\/07\/Diseno-sin-titulo-2025-04-01T131019.980.jpg","datePublished":"2024-07-01T13:41:30+00:00","dateModified":"2026-04-06T11:22:40+00:00","description":"Aunque ganar una Copa del Mundo de XC no entre dentro de tus planes, no significa que valores el rendimiento y la comodidad.","breadcrumb":{"@id":"https:\/\/gr-100.com\/producto\/specialized-recon-adv-shoe\/#breadcrumb"},"inLanguage":"pt-PT","potentialAction":[{"@type":"ReadAction","target":["https:\/\/gr-100.com\/producto\/specialized-recon-adv-shoe\/"]}]},{"@type":"ImageObject","inLanguage":"pt-PT","@id":"https:\/\/gr-100.com\/producto\/specialized-recon-adv-shoe\/#primaryimage","url":"https:\/\/gr-100.com\/wp-content\/uploads\/2024\/07\/Diseno-sin-titulo-2025-04-01T131019.980.jpg","contentUrl":"https:\/\/gr-100.com\/wp-content\/uploads\/2024\/07\/Diseno-sin-titulo-2025-04-01T131019.980.jpg","width":1000,"height":1000},{"@type":"BreadcrumbList","@id":"https:\/\/gr-100.com\/producto\/specialized-recon-adv-shoe\/#breadcrumb","itemListElement":[{"@type":"ListItem","position":1,"name":"Portada","item":"https:\/\/gr-100.com\/en\/"},{"@type":"ListItem","position":2,"name":"Productos","item":"https:\/\/gr-100.com\/?post_type=product"},{"@type":"ListItem","position":3,"name":"Specialized Recon ADV"}]},{"@type":"WebSite","@id":"https:\/\/gr-100.com\/#website","url":"https:\/\/gr-100.com\/","name":"Gr-100 Tienda de ciclismo Specialized","description":"GR-100 tenemos todas las gamas de bicicletas Specialized al mejor precio.","publisher":{"@id":"https:\/\/gr-100.com\/#organization"},"alternateName":"Gr-100 Bikes","potentialAction":[{"@type":"SearchAction","target":{"@type":"EntryPoint","urlTemplate":"https:\/\/gr-100.com\/?s={search_term_string}"},"query-input":{"@type":"PropertyValueSpecification","valueRequired":true,"valueName":"search_term_string"}}],"inLanguage":"pt-PT"},{"@type":"Organization","@id":"https:\/\/gr-100.com\/#organization","name":"Gr-100","url":"https:\/\/gr-100.com\/","logo":{"@type":"ImageObject","inLanguage":"pt-PT","@id":"https:\/\/gr-100.com\/#\/schema\/logo\/image\/","url":"https:\/\/gr-100.com\/wp-content\/uploads\/2023\/08\/logo-gr-100-bikes.png","contentUrl":"https:\/\/gr-100.com\/wp-content\/uploads\/2023\/08\/logo-gr-100-bikes.png","width":707,"height":284,"caption":"Gr-100"},"image":{"@id":"https:\/\/gr-100.com\/#\/schema\/logo\/image\/"},"sameAs":["https:\/\/www.facebook.com\/Gr100Bikes","https:\/\/www.instagram.com\/gr100bikes\/","https:\/\/www.tiktok.com\/@gr100bikes","https:\/\/twitter.com\/gr100mtbteam","https:\/\/www.youtube.com\/c\/GR100Specialized"]}]}},"_links":{"self":[{"href":"https:\/\/gr-100.com\/pt-pt\/wp-json\/wp\/v2\/product\/375650","targetHints":{"allow":["GET"]}}],"collection":[{"href":"https:\/\/gr-100.com\/pt-pt\/wp-json\/wp\/v2\/product"}],"about":[{"href":"https:\/\/gr-100.com\/pt-pt\/wp-json\/wp\/v2\/types\/product"}],"replies":[{"embeddable":true,"href":"https:\/\/gr-100.com\/pt-pt\/wp-json\/wp\/v2\/comments?post=375650"}],"wp:featuredmedia":[{"embeddable":true,"href":"https:\/\/gr-100.com\/pt-pt\/wp-json\/wp\/v2\/media\/405340"}],"wp:attachment":[{"href":"https:\/\/gr-100.com\/pt-pt\/wp-json\/wp\/v2\/media?parent=375650"}],"wp:term":[{"taxonomy":"product_brand","embeddable":true,"href":"https:\/\/gr-100.com\/pt-pt\/wp-json\/wp\/v2\/product_brand?post=375650"},{"taxonomy":"product_cat","embeddable":true,"href":"https:\/\/gr-100.com\/pt-pt\/wp-json\/wp\/v2\/product_cat?post=375650"},{"taxonomy":"product_tag","embeddable":true,"href":"https:\/\/gr-100.com\/pt-pt\/wp-json\/wp\/v2\/product_tag?post=375650"}],"curies":[{"name":"wp","href":"https:\/\/api.w.org\/{rel}","templated":true}]}}