{"id":376355,"date":"2024-07-01T14:12:22","date_gmt":"2024-07-01T14:12:22","guid":{"rendered":"https:\/\/nuevo.gr-100.com\/producto\/roval-terra-clx-ii-rear-2024\/"},"modified":"2025-11-27T11:00:10","modified_gmt":"2025-11-27T09:00:10","slug":"roval-terra-clx-ii-rear-2024","status":"publish","type":"product","link":"https:\/\/gr-100.com\/pt-pt\/producto\/roval-terra-clx-ii-rear-2024\/","title":{"rendered":"Roval Terra CLX II Rear 2024"},"content":{"rendered":"<p>Hemos sido capaces de hacerlas incluso m\u00e1s ligeras que antes (50 gramos menos) utilizando bujes Low Flange Disc (LFD), prestados de las ruedas Alpinist CLX II.<\/p>\n<p>Lo que se mantiene de la generaci\u00f3n anterior es la llanta. Con sus m\u00faltiples victorias en Unbound, mantuvimos lo que ya era l\u00edder en su clase, y ampliamos nuestra ventaja. Como la Terra CLX II es una llanta con gancho, puedes montar casi cualquier neum\u00e1tico y presi\u00f3n. Gracias a la anchura interna de 25mm, funcionan perfectamente con cubiertas de 28-47c (hasta 80 PSI), d\u00e1ndote opciones para personalizar tu montaje para lo que te espera. Utilizando bujes Roval LFD, que siguen girando sobre bujes DT Swiss 180, la Terra CLX II sigue proporcionando una calidad de conducci\u00f3n impecable. Los rodamientos cer\u00e1micos CINC en el interior hacen un gran trabajo cuando se trata de la eficiencia de estas ruedas.<\/p>\n<p>Incluso con una larga lista de exigencias que deben cumplirse para el corredor de gravel serio, o el explorador todo terreno, las Roval Terra CLX II cumplen todas las casillas con autoridad.<\/p>\n<ul>\n<li>Llantas: Terra CLX Carbon Clincher, 700c, Freno de Disco, Tubeless<\/li>\n<li>Detalles de Llanta: 32mm Profundidad, 30mm Ancho Externo, 25mm Ancho Interno &#8211; ERD 577mm<\/li>\n<li>Bujes: Roval Light Hub (LF13\/LF14R) Center Lock, DT Swiss 180 Ratchet EXP 36t internos (10 degs), 100x12mm &amp; 142x12mm, Shim. RD. 11SP HG freehub<\/li>\n<li>Tipo de Roldanas: DT Swiss SINC Ceramic Bearings<\/li>\n<li>Spokes: DT Swiss Aerolite T-head, Front: Radial\/One-cross (2:1) 21 count, DS: 278mm, NDS: 290mm, Rear: One-cross\/Two-cross (2:1), DS: 290mm NDS: 288mm<\/li>\n<li>Cabezas: DT Swiss Hex Prolock Al 2.0x14mm<\/li>\n<li>Tama\u00f1o de Neum\u00e1tico: 28mm &#8211; 47mm &#8211; Max Pressure: 28c-32c: 80psi, 33c \u2013 36c: 65psi, 37c- 47c: 60psi<\/li>\n<li>Peso: Juego 1,250g, Delantera 570g, Trasera 680g (sin cinta y v\u00e1lvula)<\/li>\n<li>M\u00e9todo de Montaje: Todo a mano, desde el laminado de las llantas hasta el montaje de los radios.<br \/>\nExtras: Cinta de Llanta Roval, Kit de repuesto de radios y cabecillas.<\/li>\n<li>M\u00e1ximo Peso Permitido: 125kg<\/li>\n<\/ul>\n","protected":false},"excerpt":{"rendered":"<p>Desde 2020, las ruedas Rapide CLX han ganado m\u00e1s carreras en el World Tour que cualquier otra rueda, y acabamos de hacerlas m\u00e1s r\u00e1pidas. Conoce la nueva Rapide CLX II. Combinando la aerodin\u00e1mica de una rueda TT de secci\u00f3n profunda con el peso ligero de una rueda de escalada menos profunda y mezclando la eficiencia superior y el manejo sublime de un sistema sin c\u00e1mara, la Rapide CLX II ofrece la m\u00e1xima velocidad para la conducci\u00f3n en el mundo real.<\/p>\n<p>Hemos desarrollado formas claramente diferentes para las llantas delanteras y traseras de la Rapide CLX II. El resultado es un juego de ruedas que supera en prestaciones aerodin\u00e1micas a la mayor\u00eda de los modelos de 65 mm y aporta una mejora espectacular del 25% en la estabilidad en situaciones de r\u00e1fagas de viento en comparaci\u00f3n con las llantas de 50 mm en las r\u00e1fagas de viento.<\/p>\n<p>Las Rapide CLX II utilizan una llanta con gancho -permite presiones de hasta 110 psi, si eso es lo que necesitas- para una retenci\u00f3n segura del tal\u00f3n del neum\u00e1tico y para que la experiencia del ciclista en la configuraci\u00f3n y el montaje resulte m\u00e1s f\u00e1cil que nunca. Todo ello en una rueda que casi duplica los actuales est\u00e1ndares de impacto de la industria, a la vez que consigue el peso m\u00e1s ligero posible.<\/p>\n<p>Nuestros bujes AeroFlange est\u00e1n optimizados aerodin\u00e1micamente, con refuerzos para aumentar la resistencia y reducir el peso de los radios. Tambi\u00e9n se benefician de la reducci\u00f3n de peso y el aumento de la resistencia de los rodamientos cer\u00e1micos SINC y la legendaria durabilidad de los componentes internos EXP de DT Swiss.<\/p>\n","protected":false},"featured_media":292477,"comment_status":"closed","ping_status":"closed","template":"","meta":{"_acf_changed":false,"_et_pb_use_builder":"","_et_pb_old_content":"","_et_gb_content_width":"","inline_featured_image":false},"product_brand":[],"product_cat":[25,55],"product_tag":[],"class_list":{"0":"post-376355","1":"product","2":"type-product","3":"status-publish","4":"has-post-thumbnail","6":"product_cat-componentes","7":"product_cat-ruedas","8":"product_shipping_class-componentes","10":"first","11":"outofstock","12":"taxable","13":"shipping-taxable","14":"purchasable","15":"product-type-simple"},"acf":[],"yoast_head":"<!-- This site is optimized with the Yoast SEO Premium plugin v26.7 (Yoast SEO v26.7) - https:\/\/yoast.com\/wordpress\/plugins\/seo\/ -->\n<title>Roval Terra CLX II Rear 2024 GR-100<\/title>\n<meta name=\"description\" content=\"Con un peso de s\u00f3lo 1250 gramos, las Roval Terra CLX II son las ruedas m\u00e1s ligeras de su clase, poniendo en jaque a las ruedas escaladoras m\u00e1s ligeras.\" \/>\n<meta name=\"robots\" content=\"index, follow, max-snippet:-1, max-image-preview:large, max-video-preview:-1\" \/>\n<link rel=\"canonical\" href=\"https:\/\/gr-100.com\/producto\/roval-terra-clx-ii-rear-2024\/\" \/>\n<meta property=\"og:locale\" content=\"pt_PT\" \/>\n<meta property=\"og:type\" content=\"article\" \/>\n<meta property=\"og:title\" content=\"Roval Terra CLX II Rear 2024\" \/>\n<meta property=\"og:description\" content=\"Con un peso de s\u00f3lo 1250 gramos, las Roval Terra CLX II son las ruedas m\u00e1s ligeras de su clase, poniendo en jaque a las ruedas escaladoras m\u00e1s ligeras.\" \/>\n<meta property=\"og:url\" content=\"https:\/\/gr-100.com\/producto\/roval-terra-clx-ii-rear-2024\/\" \/>\n<meta property=\"og:site_name\" content=\"Gr-100 Tienda de ciclismo Specialized\" \/>\n<meta property=\"article:publisher\" content=\"https:\/\/www.facebook.com\/Gr100Bikes\" \/>\n<meta property=\"article:modified_time\" content=\"2025-11-27T09:00:10+00:00\" \/>\n<meta property=\"og:image\" content=\"https:\/\/gr-100.com\/wp-content\/uploads\/2024\/05\/Terra-CLX-II-2.jpg\" \/>\n\t<meta property=\"og:image:width\" content=\"1000\" \/>\n\t<meta property=\"og:image:height\" content=\"1000\" \/>\n\t<meta property=\"og:image:type\" content=\"image\/jpeg\" \/>\n<meta name=\"twitter:card\" content=\"summary_large_image\" \/>\n<meta name=\"twitter:label1\" content=\"Tempo estimado de leitura\" \/>\n\t<meta name=\"twitter:data1\" content=\"2 minutos\" \/>\n<script type=\"application\/ld+json\" class=\"yoast-schema-graph\">{\"@context\":\"https:\/\/schema.org\",\"@graph\":[{\"@type\":\"WebPage\",\"@id\":\"https:\/\/gr-100.com\/producto\/roval-terra-clx-ii-rear-2024\/\",\"url\":\"https:\/\/gr-100.com\/producto\/roval-terra-clx-ii-rear-2024\/\",\"name\":\"Roval Terra CLX II Rear 2024 GR-100\",\"isPartOf\":{\"@id\":\"https:\/\/gr-100.com\/#website\"},\"primaryImageOfPage\":{\"@id\":\"https:\/\/gr-100.com\/producto\/roval-terra-clx-ii-rear-2024\/#primaryimage\"},\"image\":{\"@id\":\"https:\/\/gr-100.com\/producto\/roval-terra-clx-ii-rear-2024\/#primaryimage\"},\"thumbnailUrl\":\"https:\/\/gr-100.com\/wp-content\/uploads\/2024\/05\/Terra-CLX-II-2.jpg\",\"datePublished\":\"2024-07-01T14:12:22+00:00\",\"dateModified\":\"2025-11-27T09:00:10+00:00\",\"description\":\"Con un peso de s\u00f3lo 1250 gramos, las Roval Terra CLX II son las ruedas m\u00e1s ligeras de su clase, poniendo en jaque a las ruedas escaladoras m\u00e1s ligeras.\",\"breadcrumb\":{\"@id\":\"https:\/\/gr-100.com\/producto\/roval-terra-clx-ii-rear-2024\/#breadcrumb\"},\"inLanguage\":\"pt-PT\",\"potentialAction\":[{\"@type\":\"ReadAction\",\"target\":[\"https:\/\/gr-100.com\/producto\/roval-terra-clx-ii-rear-2024\/\"]}]},{\"@type\":\"ImageObject\",\"inLanguage\":\"pt-PT\",\"@id\":\"https:\/\/gr-100.com\/producto\/roval-terra-clx-ii-rear-2024\/#primaryimage\",\"url\":\"https:\/\/gr-100.com\/wp-content\/uploads\/2024\/05\/Terra-CLX-II-2.jpg\",\"contentUrl\":\"https:\/\/gr-100.com\/wp-content\/uploads\/2024\/05\/Terra-CLX-II-2.jpg\",\"width\":1000,\"height\":1000},{\"@type\":\"BreadcrumbList\",\"@id\":\"https:\/\/gr-100.com\/producto\/roval-terra-clx-ii-rear-2024\/#breadcrumb\",\"itemListElement\":[{\"@type\":\"ListItem\",\"position\":1,\"name\":\"Portada\",\"item\":\"https:\/\/gr-100.com\/en\/\"},{\"@type\":\"ListItem\",\"position\":2,\"name\":\"Productos\",\"item\":\"https:\/\/gr-100.com\/?post_type=product\"},{\"@type\":\"ListItem\",\"position\":3,\"name\":\"Roval Terra CLX II Rear 2024\"}]},{\"@type\":\"WebSite\",\"@id\":\"https:\/\/gr-100.com\/#website\",\"url\":\"https:\/\/gr-100.com\/\",\"name\":\"Gr-100 Tienda de ciclismo Specialized\",\"description\":\"GR-100 tenemos todas las gamas de bicicletas Specialized al mejor precio.\",\"publisher\":{\"@id\":\"https:\/\/gr-100.com\/#organization\"},\"alternateName\":\"Gr-100 Bikes\",\"potentialAction\":[{\"@type\":\"SearchAction\",\"target\":{\"@type\":\"EntryPoint\",\"urlTemplate\":\"https:\/\/gr-100.com\/?s={search_term_string}\"},\"query-input\":{\"@type\":\"PropertyValueSpecification\",\"valueRequired\":true,\"valueName\":\"search_term_string\"}}],\"inLanguage\":\"pt-PT\"},{\"@type\":\"Organization\",\"@id\":\"https:\/\/gr-100.com\/#organization\",\"name\":\"Gr-100\",\"url\":\"https:\/\/gr-100.com\/\",\"logo\":{\"@type\":\"ImageObject\",\"inLanguage\":\"pt-PT\",\"@id\":\"https:\/\/gr-100.com\/#\/schema\/logo\/image\/\",\"url\":\"https:\/\/gr-100.com\/wp-content\/uploads\/2023\/08\/logo-gr-100-bikes.png\",\"contentUrl\":\"https:\/\/gr-100.com\/wp-content\/uploads\/2023\/08\/logo-gr-100-bikes.png\",\"width\":707,\"height\":284,\"caption\":\"Gr-100\"},\"image\":{\"@id\":\"https:\/\/gr-100.com\/#\/schema\/logo\/image\/\"},\"sameAs\":[\"https:\/\/www.facebook.com\/Gr100Bikes\",\"https:\/\/www.instagram.com\/gr100bikes\/\",\"https:\/\/www.tiktok.com\/@gr100bikes\",\"https:\/\/twitter.com\/gr100mtbteam\",\"https:\/\/www.youtube.com\/c\/GR100Specialized\"]}]}<\/script>\n<!-- \/ Yoast SEO Premium plugin. -->","yoast_head_json":{"title":"Roval Terra CLX II Rear 2024 GR-100","description":"Con un peso de s\u00f3lo 1250 gramos, las Roval Terra CLX II son las ruedas m\u00e1s ligeras de su clase, poniendo en jaque a las ruedas escaladoras m\u00e1s ligeras.","robots":{"index":"index","follow":"follow","max-snippet":"max-snippet:-1","max-image-preview":"max-image-preview:large","max-video-preview":"max-video-preview:-1"},"canonical":"https:\/\/gr-100.com\/producto\/roval-terra-clx-ii-rear-2024\/","og_locale":"pt_PT","og_type":"article","og_title":"Roval Terra CLX II Rear 2024","og_description":"Con un peso de s\u00f3lo 1250 gramos, las Roval Terra CLX II son las ruedas m\u00e1s ligeras de su clase, poniendo en jaque a las ruedas escaladoras m\u00e1s ligeras.","og_url":"https:\/\/gr-100.com\/producto\/roval-terra-clx-ii-rear-2024\/","og_site_name":"Gr-100 Tienda de ciclismo Specialized","article_publisher":"https:\/\/www.facebook.com\/Gr100Bikes","article_modified_time":"2025-11-27T09:00:10+00:00","og_image":[{"width":1000,"height":1000,"url":"https:\/\/gr-100.com\/wp-content\/uploads\/2024\/05\/Terra-CLX-II-2.jpg","type":"image\/jpeg"}],"twitter_card":"summary_large_image","twitter_misc":{"Tempo estimado de leitura":"2 minutos"},"schema":{"@context":"https:\/\/schema.org","@graph":[{"@type":"WebPage","@id":"https:\/\/gr-100.com\/producto\/roval-terra-clx-ii-rear-2024\/","url":"https:\/\/gr-100.com\/producto\/roval-terra-clx-ii-rear-2024\/","name":"Roval Terra CLX II Rear 2024 GR-100","isPartOf":{"@id":"https:\/\/gr-100.com\/#website"},"primaryImageOfPage":{"@id":"https:\/\/gr-100.com\/producto\/roval-terra-clx-ii-rear-2024\/#primaryimage"},"image":{"@id":"https:\/\/gr-100.com\/producto\/roval-terra-clx-ii-rear-2024\/#primaryimage"},"thumbnailUrl":"https:\/\/gr-100.com\/wp-content\/uploads\/2024\/05\/Terra-CLX-II-2.jpg","datePublished":"2024-07-01T14:12:22+00:00","dateModified":"2025-11-27T09:00:10+00:00","description":"Con un peso de s\u00f3lo 1250 gramos, las Roval Terra CLX II son las ruedas m\u00e1s ligeras de su clase, poniendo en jaque a las ruedas escaladoras m\u00e1s ligeras.","breadcrumb":{"@id":"https:\/\/gr-100.com\/producto\/roval-terra-clx-ii-rear-2024\/#breadcrumb"},"inLanguage":"pt-PT","potentialAction":[{"@type":"ReadAction","target":["https:\/\/gr-100.com\/producto\/roval-terra-clx-ii-rear-2024\/"]}]},{"@type":"ImageObject","inLanguage":"pt-PT","@id":"https:\/\/gr-100.com\/producto\/roval-terra-clx-ii-rear-2024\/#primaryimage","url":"https:\/\/gr-100.com\/wp-content\/uploads\/2024\/05\/Terra-CLX-II-2.jpg","contentUrl":"https:\/\/gr-100.com\/wp-content\/uploads\/2024\/05\/Terra-CLX-II-2.jpg","width":1000,"height":1000},{"@type":"BreadcrumbList","@id":"https:\/\/gr-100.com\/producto\/roval-terra-clx-ii-rear-2024\/#breadcrumb","itemListElement":[{"@type":"ListItem","position":1,"name":"Portada","item":"https:\/\/gr-100.com\/en\/"},{"@type":"ListItem","position":2,"name":"Productos","item":"https:\/\/gr-100.com\/?post_type=product"},{"@type":"ListItem","position":3,"name":"Roval Terra CLX II Rear 2024"}]},{"@type":"WebSite","@id":"https:\/\/gr-100.com\/#website","url":"https:\/\/gr-100.com\/","name":"Gr-100 Tienda de ciclismo Specialized","description":"GR-100 tenemos todas las gamas de bicicletas Specialized al mejor precio.","publisher":{"@id":"https:\/\/gr-100.com\/#organization"},"alternateName":"Gr-100 Bikes","potentialAction":[{"@type":"SearchAction","target":{"@type":"EntryPoint","urlTemplate":"https:\/\/gr-100.com\/?s={search_term_string}"},"query-input":{"@type":"PropertyValueSpecification","valueRequired":true,"valueName":"search_term_string"}}],"inLanguage":"pt-PT"},{"@type":"Organization","@id":"https:\/\/gr-100.com\/#organization","name":"Gr-100","url":"https:\/\/gr-100.com\/","logo":{"@type":"ImageObject","inLanguage":"pt-PT","@id":"https:\/\/gr-100.com\/#\/schema\/logo\/image\/","url":"https:\/\/gr-100.com\/wp-content\/uploads\/2023\/08\/logo-gr-100-bikes.png","contentUrl":"https:\/\/gr-100.com\/wp-content\/uploads\/2023\/08\/logo-gr-100-bikes.png","width":707,"height":284,"caption":"Gr-100"},"image":{"@id":"https:\/\/gr-100.com\/#\/schema\/logo\/image\/"},"sameAs":["https:\/\/www.facebook.com\/Gr100Bikes","https:\/\/www.instagram.com\/gr100bikes\/","https:\/\/www.tiktok.com\/@gr100bikes","https:\/\/twitter.com\/gr100mtbteam","https:\/\/www.youtube.com\/c\/GR100Specialized"]}]}},"_links":{"self":[{"href":"https:\/\/gr-100.com\/pt-pt\/wp-json\/wp\/v2\/product\/376355","targetHints":{"allow":["GET"]}}],"collection":[{"href":"https:\/\/gr-100.com\/pt-pt\/wp-json\/wp\/v2\/product"}],"about":[{"href":"https:\/\/gr-100.com\/pt-pt\/wp-json\/wp\/v2\/types\/product"}],"replies":[{"embeddable":true,"href":"https:\/\/gr-100.com\/pt-pt\/wp-json\/wp\/v2\/comments?post=376355"}],"wp:featuredmedia":[{"embeddable":true,"href":"https:\/\/gr-100.com\/pt-pt\/wp-json\/wp\/v2\/media\/292477"}],"wp:attachment":[{"href":"https:\/\/gr-100.com\/pt-pt\/wp-json\/wp\/v2\/media?parent=376355"}],"wp:term":[{"taxonomy":"product_brand","embeddable":true,"href":"https:\/\/gr-100.com\/pt-pt\/wp-json\/wp\/v2\/product_brand?post=376355"},{"taxonomy":"product_cat","embeddable":true,"href":"https:\/\/gr-100.com\/pt-pt\/wp-json\/wp\/v2\/product_cat?post=376355"},{"taxonomy":"product_tag","embeddable":true,"href":"https:\/\/gr-100.com\/pt-pt\/wp-json\/wp\/v2\/product_tag?post=376355"}],"curies":[{"name":"wp","href":"https:\/\/api.w.org\/{rel}","templated":true}]}}