{"id":376585,"date":"2024-07-01T14:22:54","date_gmt":"2024-07-01T14:22:54","guid":{"rendered":"https:\/\/nuevo.gr-100.com\/producto\/specialized-calcetines-altos-techno-mtb\/"},"modified":"2025-12-31T13:47:58","modified_gmt":"2025-12-31T11:47:58","slug":"specialized-calcetines-altos-techno-mtb","status":"publish","type":"product","link":"https:\/\/gr-100.com\/pt-pt\/producto\/specialized-calcetines-altos-techno-mtb\/","title":{"rendered":"Specialized Calcetines altos Techno MTB"},"content":{"rendered":"<ul>\n<li>Los hilos Techno PE son duraderos y muy efectivos en el control de la humedad.<\/li>\n<li>El almohadillado ligero debajo de los pies a\u00f1ade una amortiguaci\u00f3n adicional para la vibraci\u00f3n en los senderos y al mismo tiempo minimiza la fricci\u00f3n y los puntos calientes.<\/li>\n<li>El arco en la mitad del pie PowerBand, sostiene el pie y asegura la forma y el ajuste justo donde el pie m\u00e1s lo necesita.<\/li>\n<li>Contenido de la tela: 65 % POLI\u00c9STER\u201330 % POLAYMIDA\u20135 % ELASTANO<\/li>\n<\/ul>\n","protected":false},"excerpt":{"rendered":"<p>Cuando est\u00e1s en el sendero, ya tienes suficiente de qu\u00e9 preocuparte sin estresarte por la situaci\u00f3n de tus calcetines. Por eso creamos los calcetines altos Techno Mountain duraderos y sin complicaciones. Cuentan con una mezcla ligera de nuestros hilos VaporRize\u2122, que funcionan en conjunto para controlar la temperatura de forma natural y controlar la acumulaci\u00f3n de sudor. En otras palabras, son c\u00f3modos y, para garantizarlo a\u00fan m\u00e1s, hemos incluido un soporte para el arco en la parte media del pie y un almohadillado ligero debajo del pie para ayudar a absorber las vibraciones del camino.<\/p>\n","protected":false},"featured_media":292833,"comment_status":"closed","ping_status":"closed","template":"","meta":{"_acf_changed":false,"_et_pb_use_builder":"","_et_pb_old_content":"","_et_gb_content_width":"","inline_featured_image":false},"product_brand":[],"product_cat":[50,72,2403],"product_tag":[],"class_list":{"0":"post-376585","1":"product","2":"type-product","3":"status-publish","4":"has-post-thumbnail","6":"product_cat-equipaciones","7":"product_cat-calcetines","8":"product_cat-outlet-equipacion","10":"first","11":"instock","12":"taxable","13":"shipping-taxable","14":"purchasable","15":"product-type-variable","16":"wvs-archive-product-wrapper"},"acf":[],"yoast_head":"<!-- This site is optimized with the Yoast SEO Premium plugin v26.7 (Yoast SEO v26.7) - https:\/\/yoast.com\/wordpress\/plugins\/seo\/ -->\n<title>Specialized Calcetines altos Techno MTB GR-100<\/title>\n<meta name=\"description\" content=\"Calcetines altos Techno Mountain duraderos y sin complicaciones. Cuentan con una mezcla ligera de nuestros hilos VaporRize\u2122,\" \/>\n<meta name=\"robots\" content=\"index, follow, max-snippet:-1, max-image-preview:large, max-video-preview:-1\" \/>\n<link rel=\"canonical\" href=\"https:\/\/gr-100.com\/producto\/specialized-calcetines-altos-techno-mtb\/\" \/>\n<meta property=\"og:locale\" content=\"pt_PT\" \/>\n<meta property=\"og:type\" content=\"article\" \/>\n<meta property=\"og:title\" content=\"Specialized Calcetines altos Techno MTB\" \/>\n<meta property=\"og:description\" content=\"Calcetines altos Techno Mountain duraderos y sin complicaciones. Cuentan con una mezcla ligera de nuestros hilos VaporRize\u2122,\" \/>\n<meta property=\"og:url\" content=\"https:\/\/gr-100.com\/producto\/specialized-calcetines-altos-techno-mtb\/\" \/>\n<meta property=\"og:site_name\" content=\"Gr-100 Tienda de ciclismo Specialized\" \/>\n<meta property=\"article:publisher\" content=\"https:\/\/www.facebook.com\/Gr100Bikes\" \/>\n<meta property=\"article:modified_time\" content=\"2025-12-31T11:47:58+00:00\" \/>\n<meta property=\"og:image\" content=\"https:\/\/gr-100.com\/wp-content\/uploads\/2024\/05\/My-project-2024-01-12T122508.459.jpeg\" \/>\n\t<meta property=\"og:image:width\" content=\"1000\" \/>\n\t<meta property=\"og:image:height\" content=\"1000\" \/>\n\t<meta property=\"og:image:type\" content=\"image\/jpeg\" \/>\n<meta name=\"twitter:card\" content=\"summary_large_image\" \/>\n<meta name=\"twitter:label1\" content=\"Tempo estimado de leitura\" \/>\n\t<meta name=\"twitter:data1\" content=\"1 minuto\" \/>\n<script type=\"application\/ld+json\" class=\"yoast-schema-graph\">{\"@context\":\"https:\/\/schema.org\",\"@graph\":[{\"@type\":\"WebPage\",\"@id\":\"https:\/\/gr-100.com\/producto\/specialized-calcetines-altos-techno-mtb\/\",\"url\":\"https:\/\/gr-100.com\/producto\/specialized-calcetines-altos-techno-mtb\/\",\"name\":\"Specialized Calcetines altos Techno MTB GR-100\",\"isPartOf\":{\"@id\":\"https:\/\/gr-100.com\/#website\"},\"primaryImageOfPage\":{\"@id\":\"https:\/\/gr-100.com\/producto\/specialized-calcetines-altos-techno-mtb\/#primaryimage\"},\"image\":{\"@id\":\"https:\/\/gr-100.com\/producto\/specialized-calcetines-altos-techno-mtb\/#primaryimage\"},\"thumbnailUrl\":\"https:\/\/gr-100.com\/wp-content\/uploads\/2024\/05\/My-project-2024-01-12T122508.459.jpeg\",\"datePublished\":\"2024-07-01T14:22:54+00:00\",\"dateModified\":\"2025-12-31T11:47:58+00:00\",\"description\":\"Calcetines altos Techno Mountain duraderos y sin complicaciones. Cuentan con una mezcla ligera de nuestros hilos VaporRize\u2122,\",\"breadcrumb\":{\"@id\":\"https:\/\/gr-100.com\/producto\/specialized-calcetines-altos-techno-mtb\/#breadcrumb\"},\"inLanguage\":\"pt-PT\",\"potentialAction\":[{\"@type\":\"ReadAction\",\"target\":[\"https:\/\/gr-100.com\/producto\/specialized-calcetines-altos-techno-mtb\/\"]}]},{\"@type\":\"ImageObject\",\"inLanguage\":\"pt-PT\",\"@id\":\"https:\/\/gr-100.com\/producto\/specialized-calcetines-altos-techno-mtb\/#primaryimage\",\"url\":\"https:\/\/gr-100.com\/wp-content\/uploads\/2024\/05\/My-project-2024-01-12T122508.459.jpeg\",\"contentUrl\":\"https:\/\/gr-100.com\/wp-content\/uploads\/2024\/05\/My-project-2024-01-12T122508.459.jpeg\",\"width\":1000,\"height\":1000},{\"@type\":\"BreadcrumbList\",\"@id\":\"https:\/\/gr-100.com\/producto\/specialized-calcetines-altos-techno-mtb\/#breadcrumb\",\"itemListElement\":[{\"@type\":\"ListItem\",\"position\":1,\"name\":\"Portada\",\"item\":\"https:\/\/gr-100.com\/en\/\"},{\"@type\":\"ListItem\",\"position\":2,\"name\":\"Productos\",\"item\":\"https:\/\/gr-100.com\/?post_type=product\"},{\"@type\":\"ListItem\",\"position\":3,\"name\":\"Specialized Calcetines altos Techno MTB\"}]},{\"@type\":\"WebSite\",\"@id\":\"https:\/\/gr-100.com\/#website\",\"url\":\"https:\/\/gr-100.com\/\",\"name\":\"Gr-100 Tienda de ciclismo Specialized\",\"description\":\"GR-100 tenemos todas las gamas de bicicletas Specialized al mejor precio.\",\"publisher\":{\"@id\":\"https:\/\/gr-100.com\/#organization\"},\"alternateName\":\"Gr-100 Bikes\",\"potentialAction\":[{\"@type\":\"SearchAction\",\"target\":{\"@type\":\"EntryPoint\",\"urlTemplate\":\"https:\/\/gr-100.com\/?s={search_term_string}\"},\"query-input\":{\"@type\":\"PropertyValueSpecification\",\"valueRequired\":true,\"valueName\":\"search_term_string\"}}],\"inLanguage\":\"pt-PT\"},{\"@type\":\"Organization\",\"@id\":\"https:\/\/gr-100.com\/#organization\",\"name\":\"Gr-100\",\"url\":\"https:\/\/gr-100.com\/\",\"logo\":{\"@type\":\"ImageObject\",\"inLanguage\":\"pt-PT\",\"@id\":\"https:\/\/gr-100.com\/#\/schema\/logo\/image\/\",\"url\":\"https:\/\/gr-100.com\/wp-content\/uploads\/2023\/08\/logo-gr-100-bikes.png\",\"contentUrl\":\"https:\/\/gr-100.com\/wp-content\/uploads\/2023\/08\/logo-gr-100-bikes.png\",\"width\":707,\"height\":284,\"caption\":\"Gr-100\"},\"image\":{\"@id\":\"https:\/\/gr-100.com\/#\/schema\/logo\/image\/\"},\"sameAs\":[\"https:\/\/www.facebook.com\/Gr100Bikes\",\"https:\/\/www.instagram.com\/gr100bikes\/\",\"https:\/\/www.tiktok.com\/@gr100bikes\",\"https:\/\/twitter.com\/gr100mtbteam\",\"https:\/\/www.youtube.com\/c\/GR100Specialized\"]}]}<\/script>\n<!-- \/ Yoast SEO Premium plugin. -->","yoast_head_json":{"title":"Specialized Calcetines altos Techno MTB GR-100","description":"Calcetines altos Techno Mountain duraderos y sin complicaciones. Cuentan con una mezcla ligera de nuestros hilos VaporRize\u2122,","robots":{"index":"index","follow":"follow","max-snippet":"max-snippet:-1","max-image-preview":"max-image-preview:large","max-video-preview":"max-video-preview:-1"},"canonical":"https:\/\/gr-100.com\/producto\/specialized-calcetines-altos-techno-mtb\/","og_locale":"pt_PT","og_type":"article","og_title":"Specialized Calcetines altos Techno MTB","og_description":"Calcetines altos Techno Mountain duraderos y sin complicaciones. Cuentan con una mezcla ligera de nuestros hilos VaporRize\u2122,","og_url":"https:\/\/gr-100.com\/producto\/specialized-calcetines-altos-techno-mtb\/","og_site_name":"Gr-100 Tienda de ciclismo Specialized","article_publisher":"https:\/\/www.facebook.com\/Gr100Bikes","article_modified_time":"2025-12-31T11:47:58+00:00","og_image":[{"width":1000,"height":1000,"url":"https:\/\/gr-100.com\/wp-content\/uploads\/2024\/05\/My-project-2024-01-12T122508.459.jpeg","type":"image\/jpeg"}],"twitter_card":"summary_large_image","twitter_misc":{"Tempo estimado de leitura":"1 minuto"},"schema":{"@context":"https:\/\/schema.org","@graph":[{"@type":"WebPage","@id":"https:\/\/gr-100.com\/producto\/specialized-calcetines-altos-techno-mtb\/","url":"https:\/\/gr-100.com\/producto\/specialized-calcetines-altos-techno-mtb\/","name":"Specialized Calcetines altos Techno MTB GR-100","isPartOf":{"@id":"https:\/\/gr-100.com\/#website"},"primaryImageOfPage":{"@id":"https:\/\/gr-100.com\/producto\/specialized-calcetines-altos-techno-mtb\/#primaryimage"},"image":{"@id":"https:\/\/gr-100.com\/producto\/specialized-calcetines-altos-techno-mtb\/#primaryimage"},"thumbnailUrl":"https:\/\/gr-100.com\/wp-content\/uploads\/2024\/05\/My-project-2024-01-12T122508.459.jpeg","datePublished":"2024-07-01T14:22:54+00:00","dateModified":"2025-12-31T11:47:58+00:00","description":"Calcetines altos Techno Mountain duraderos y sin complicaciones. Cuentan con una mezcla ligera de nuestros hilos VaporRize\u2122,","breadcrumb":{"@id":"https:\/\/gr-100.com\/producto\/specialized-calcetines-altos-techno-mtb\/#breadcrumb"},"inLanguage":"pt-PT","potentialAction":[{"@type":"ReadAction","target":["https:\/\/gr-100.com\/producto\/specialized-calcetines-altos-techno-mtb\/"]}]},{"@type":"ImageObject","inLanguage":"pt-PT","@id":"https:\/\/gr-100.com\/producto\/specialized-calcetines-altos-techno-mtb\/#primaryimage","url":"https:\/\/gr-100.com\/wp-content\/uploads\/2024\/05\/My-project-2024-01-12T122508.459.jpeg","contentUrl":"https:\/\/gr-100.com\/wp-content\/uploads\/2024\/05\/My-project-2024-01-12T122508.459.jpeg","width":1000,"height":1000},{"@type":"BreadcrumbList","@id":"https:\/\/gr-100.com\/producto\/specialized-calcetines-altos-techno-mtb\/#breadcrumb","itemListElement":[{"@type":"ListItem","position":1,"name":"Portada","item":"https:\/\/gr-100.com\/en\/"},{"@type":"ListItem","position":2,"name":"Productos","item":"https:\/\/gr-100.com\/?post_type=product"},{"@type":"ListItem","position":3,"name":"Specialized Calcetines altos Techno MTB"}]},{"@type":"WebSite","@id":"https:\/\/gr-100.com\/#website","url":"https:\/\/gr-100.com\/","name":"Gr-100 Tienda de ciclismo Specialized","description":"GR-100 tenemos todas las gamas de bicicletas Specialized al mejor precio.","publisher":{"@id":"https:\/\/gr-100.com\/#organization"},"alternateName":"Gr-100 Bikes","potentialAction":[{"@type":"SearchAction","target":{"@type":"EntryPoint","urlTemplate":"https:\/\/gr-100.com\/?s={search_term_string}"},"query-input":{"@type":"PropertyValueSpecification","valueRequired":true,"valueName":"search_term_string"}}],"inLanguage":"pt-PT"},{"@type":"Organization","@id":"https:\/\/gr-100.com\/#organization","name":"Gr-100","url":"https:\/\/gr-100.com\/","logo":{"@type":"ImageObject","inLanguage":"pt-PT","@id":"https:\/\/gr-100.com\/#\/schema\/logo\/image\/","url":"https:\/\/gr-100.com\/wp-content\/uploads\/2023\/08\/logo-gr-100-bikes.png","contentUrl":"https:\/\/gr-100.com\/wp-content\/uploads\/2023\/08\/logo-gr-100-bikes.png","width":707,"height":284,"caption":"Gr-100"},"image":{"@id":"https:\/\/gr-100.com\/#\/schema\/logo\/image\/"},"sameAs":["https:\/\/www.facebook.com\/Gr100Bikes","https:\/\/www.instagram.com\/gr100bikes\/","https:\/\/www.tiktok.com\/@gr100bikes","https:\/\/twitter.com\/gr100mtbteam","https:\/\/www.youtube.com\/c\/GR100Specialized"]}]}},"_links":{"self":[{"href":"https:\/\/gr-100.com\/pt-pt\/wp-json\/wp\/v2\/product\/376585","targetHints":{"allow":["GET"]}}],"collection":[{"href":"https:\/\/gr-100.com\/pt-pt\/wp-json\/wp\/v2\/product"}],"about":[{"href":"https:\/\/gr-100.com\/pt-pt\/wp-json\/wp\/v2\/types\/product"}],"replies":[{"embeddable":true,"href":"https:\/\/gr-100.com\/pt-pt\/wp-json\/wp\/v2\/comments?post=376585"}],"wp:featuredmedia":[{"embeddable":true,"href":"https:\/\/gr-100.com\/pt-pt\/wp-json\/wp\/v2\/media\/292833"}],"wp:attachment":[{"href":"https:\/\/gr-100.com\/pt-pt\/wp-json\/wp\/v2\/media?parent=376585"}],"wp:term":[{"taxonomy":"product_brand","embeddable":true,"href":"https:\/\/gr-100.com\/pt-pt\/wp-json\/wp\/v2\/product_brand?post=376585"},{"taxonomy":"product_cat","embeddable":true,"href":"https:\/\/gr-100.com\/pt-pt\/wp-json\/wp\/v2\/product_cat?post=376585"},{"taxonomy":"product_tag","embeddable":true,"href":"https:\/\/gr-100.com\/pt-pt\/wp-json\/wp\/v2\/product_tag?post=376585"}],"curies":[{"name":"wp","href":"https:\/\/api.w.org\/{rel}","templated":true}]}}