{"id":376739,"date":"2024-07-01T14:30:02","date_gmt":"2024-07-01T14:30:02","guid":{"rendered":"https:\/\/nuevo.gr-100.com\/producto\/specialized-2fo-cliplite-zapatillas-mtb\/"},"modified":"2025-11-26T16:46:33","modified_gmt":"2025-11-26T14:46:33","slug":"specialized-2fo-cliplite-zapatillas-mtb","status":"publish","type":"product","link":"https:\/\/gr-100.com\/pt-pt\/producto\/specialized-2fo-cliplite-zapatillas-mtb\/","title":{"rendered":"Specialized 2FO ClipLite zapatillas MTB"},"content":{"rendered":"<ul>\n<li class=\"bullet_item\">Suela y plantilla Body Geometry: dise\u00f1o ergon\u00f3mico y cient\u00edficamente probado para aumentar la potencia, la eficiencia y reducir el riesgo de lesiones mediante la optimizaci\u00f3n de la alineaci\u00f3n de cadera, rodilla y pie.<\/li>\n<li class=\"bullet_item\">Landing Strip\u2122: rebaje con ranuras para facilitar la entrada de la cala al pedal.<\/li>\n<li class=\"bullet_item\">Dos cierres Boa\u00ae S2-Snap independientes con f\u00e1cil ajuste.<\/li>\n<li class=\"bullet_item\">Landing Strip\u2122: rebaje de nylon y composite con ranuras para facilitar la entrada de la cala al pedal<\/li>\n<li class=\"bullet_item\">Suela de goma SlipNot\u2122 para tener una buena adherencia.<\/li>\n<li class=\"bullet_item\">Protecci\u00f3n de los dedos asim\u00e9trica<\/li>\n<li class=\"bullet_item\">Ranura de cala con opci\u00f3n de extensi\u00f3n de 4 mm<\/li>\n<li class=\"bullet_item\">Termosellado suave en la zona superior, resistente y ligero que evita los enganchones<\/li>\n<li class=\"bullet_item\">Suela acolchada de EVA que sella y protege para dar apoyo y resistencia<\/li>\n<li class=\"bullet_item\">Horma Standard Fit que proporciona un buen equilibrio entre tacto con el pedal y comodidad al andar.<\/li>\n<\/ul>\n","protected":false},"excerpt":{"rendered":"<p>Dise\u00f1adas para superar los l\u00edmites en enduro o trail, las 2FO ClipLite te ofrecen conexi\u00f3n con los pedales, comodidad y protecci\u00f3n mientras recorres senderos. Esta versi\u00f3n ultraligera de las populares 2FO Clip se ha dise\u00f1ado para ofrecer una entrada y salida suaves en el pedal gracias a la ranura de cala Landing Strip, que te permitir\u00e1 centrarte en descender m\u00e1s r\u00e1pido sin influir en el peso a la hora de ascender hacia la cima. Olv\u00eddate de dietas.<\/p>\n","protected":false},"featured_media":293104,"comment_status":"closed","ping_status":"closed","template":"","meta":{"_acf_changed":false,"_et_pb_use_builder":"","_et_pb_old_content":"","_et_gb_content_width":"","inline_featured_image":false},"product_brand":[],"product_cat":[26,62,50,2403],"product_tag":[],"class_list":{"0":"post-376739","1":"product","2":"type-product","3":"status-publish","4":"has-post-thumbnail","6":"product_cat-accesorios","7":"product_cat-zapatillas","8":"product_cat-equipaciones","9":"product_cat-outlet-equipacion","10":"product_shipping_class-accesorios","12":"first","13":"outofstock","14":"taxable","15":"shipping-taxable","16":"product-type-variable","17":"wvs-archive-product-wrapper"},"acf":[],"yoast_head":"<!-- This site is optimized with the Yoast SEO Premium plugin v26.7 (Yoast SEO v26.7) - https:\/\/yoast.com\/wordpress\/plugins\/seo\/ -->\n<title>Specialized 2FO ClipLite zapatillas MTB GR-100 Bikes<\/title>\n<meta name=\"description\" content=\"Dise\u00f1adas para superar los l\u00edmites en enduro o trail, te ofrecen conexi\u00f3n con los pedales, comodidad y protecci\u00f3n mientras recorres senderos.\" \/>\n<meta name=\"robots\" content=\"index, follow, max-snippet:-1, max-image-preview:large, max-video-preview:-1\" \/>\n<link rel=\"canonical\" href=\"https:\/\/gr-100.com\/producto\/specialized-2fo-cliplite-zapatillas-mtb\/\" \/>\n<meta property=\"og:locale\" content=\"pt_PT\" \/>\n<meta property=\"og:type\" content=\"article\" \/>\n<meta property=\"og:title\" content=\"Specialized 2FO ClipLite zapatillas MTB\" \/>\n<meta property=\"og:description\" content=\"Dise\u00f1adas para superar los l\u00edmites en enduro o trail, te ofrecen conexi\u00f3n con los pedales, comodidad y protecci\u00f3n mientras recorres senderos.\" \/>\n<meta property=\"og:url\" content=\"https:\/\/gr-100.com\/producto\/specialized-2fo-cliplite-zapatillas-mtb\/\" \/>\n<meta property=\"og:site_name\" content=\"Gr-100 Tienda de ciclismo Specialized\" \/>\n<meta property=\"article:publisher\" content=\"https:\/\/www.facebook.com\/Gr100Bikes\" \/>\n<meta property=\"article:modified_time\" content=\"2025-11-26T14:46:33+00:00\" \/>\n<meta property=\"og:image\" content=\"https:\/\/gr-100.com\/wp-content\/uploads\/2024\/05\/2FO-ClipLite-zapatillas-MTB-2.jpg\" \/>\n\t<meta property=\"og:image:width\" content=\"1000\" \/>\n\t<meta property=\"og:image:height\" content=\"1000\" \/>\n\t<meta property=\"og:image:type\" content=\"image\/jpeg\" \/>\n<meta name=\"twitter:card\" content=\"summary_large_image\" \/>\n<meta name=\"twitter:label1\" content=\"Tempo estimado de leitura\" \/>\n\t<meta name=\"twitter:data1\" content=\"1 minuto\" \/>\n<script type=\"application\/ld+json\" class=\"yoast-schema-graph\">{\"@context\":\"https:\/\/schema.org\",\"@graph\":[{\"@type\":\"WebPage\",\"@id\":\"https:\/\/gr-100.com\/producto\/specialized-2fo-cliplite-zapatillas-mtb\/\",\"url\":\"https:\/\/gr-100.com\/producto\/specialized-2fo-cliplite-zapatillas-mtb\/\",\"name\":\"Specialized 2FO ClipLite zapatillas MTB GR-100 Bikes\",\"isPartOf\":{\"@id\":\"https:\/\/gr-100.com\/#website\"},\"primaryImageOfPage\":{\"@id\":\"https:\/\/gr-100.com\/producto\/specialized-2fo-cliplite-zapatillas-mtb\/#primaryimage\"},\"image\":{\"@id\":\"https:\/\/gr-100.com\/producto\/specialized-2fo-cliplite-zapatillas-mtb\/#primaryimage\"},\"thumbnailUrl\":\"https:\/\/gr-100.com\/wp-content\/uploads\/2024\/05\/2FO-ClipLite-zapatillas-MTB-2.jpg\",\"datePublished\":\"2024-07-01T14:30:02+00:00\",\"dateModified\":\"2025-11-26T14:46:33+00:00\",\"description\":\"Dise\u00f1adas para superar los l\u00edmites en enduro o trail, te ofrecen conexi\u00f3n con los pedales, comodidad y protecci\u00f3n mientras recorres senderos.\",\"breadcrumb\":{\"@id\":\"https:\/\/gr-100.com\/producto\/specialized-2fo-cliplite-zapatillas-mtb\/#breadcrumb\"},\"inLanguage\":\"pt-PT\",\"potentialAction\":[{\"@type\":\"ReadAction\",\"target\":[\"https:\/\/gr-100.com\/producto\/specialized-2fo-cliplite-zapatillas-mtb\/\"]}]},{\"@type\":\"ImageObject\",\"inLanguage\":\"pt-PT\",\"@id\":\"https:\/\/gr-100.com\/producto\/specialized-2fo-cliplite-zapatillas-mtb\/#primaryimage\",\"url\":\"https:\/\/gr-100.com\/wp-content\/uploads\/2024\/05\/2FO-ClipLite-zapatillas-MTB-2.jpg\",\"contentUrl\":\"https:\/\/gr-100.com\/wp-content\/uploads\/2024\/05\/2FO-ClipLite-zapatillas-MTB-2.jpg\",\"width\":1000,\"height\":1000},{\"@type\":\"BreadcrumbList\",\"@id\":\"https:\/\/gr-100.com\/producto\/specialized-2fo-cliplite-zapatillas-mtb\/#breadcrumb\",\"itemListElement\":[{\"@type\":\"ListItem\",\"position\":1,\"name\":\"Portada\",\"item\":\"https:\/\/gr-100.com\/en\/\"},{\"@type\":\"ListItem\",\"position\":2,\"name\":\"Productos\",\"item\":\"https:\/\/gr-100.com\/?post_type=product\"},{\"@type\":\"ListItem\",\"position\":3,\"name\":\"Specialized 2FO ClipLite zapatillas MTB\"}]},{\"@type\":\"WebSite\",\"@id\":\"https:\/\/gr-100.com\/#website\",\"url\":\"https:\/\/gr-100.com\/\",\"name\":\"Gr-100 Tienda de ciclismo Specialized\",\"description\":\"GR-100 tenemos todas las gamas de bicicletas Specialized al mejor precio.\",\"publisher\":{\"@id\":\"https:\/\/gr-100.com\/#organization\"},\"alternateName\":\"Gr-100 Bikes\",\"potentialAction\":[{\"@type\":\"SearchAction\",\"target\":{\"@type\":\"EntryPoint\",\"urlTemplate\":\"https:\/\/gr-100.com\/?s={search_term_string}\"},\"query-input\":{\"@type\":\"PropertyValueSpecification\",\"valueRequired\":true,\"valueName\":\"search_term_string\"}}],\"inLanguage\":\"pt-PT\"},{\"@type\":\"Organization\",\"@id\":\"https:\/\/gr-100.com\/#organization\",\"name\":\"Gr-100\",\"url\":\"https:\/\/gr-100.com\/\",\"logo\":{\"@type\":\"ImageObject\",\"inLanguage\":\"pt-PT\",\"@id\":\"https:\/\/gr-100.com\/#\/schema\/logo\/image\/\",\"url\":\"https:\/\/gr-100.com\/wp-content\/uploads\/2023\/08\/logo-gr-100-bikes.png\",\"contentUrl\":\"https:\/\/gr-100.com\/wp-content\/uploads\/2023\/08\/logo-gr-100-bikes.png\",\"width\":707,\"height\":284,\"caption\":\"Gr-100\"},\"image\":{\"@id\":\"https:\/\/gr-100.com\/#\/schema\/logo\/image\/\"},\"sameAs\":[\"https:\/\/www.facebook.com\/Gr100Bikes\",\"https:\/\/www.instagram.com\/gr100bikes\/\",\"https:\/\/www.tiktok.com\/@gr100bikes\",\"https:\/\/twitter.com\/gr100mtbteam\",\"https:\/\/www.youtube.com\/c\/GR100Specialized\"]}]}<\/script>\n<!-- \/ Yoast SEO Premium plugin. -->","yoast_head_json":{"title":"Specialized 2FO ClipLite zapatillas MTB GR-100 Bikes","description":"Dise\u00f1adas para superar los l\u00edmites en enduro o trail, te ofrecen conexi\u00f3n con los pedales, comodidad y protecci\u00f3n mientras recorres senderos.","robots":{"index":"index","follow":"follow","max-snippet":"max-snippet:-1","max-image-preview":"max-image-preview:large","max-video-preview":"max-video-preview:-1"},"canonical":"https:\/\/gr-100.com\/producto\/specialized-2fo-cliplite-zapatillas-mtb\/","og_locale":"pt_PT","og_type":"article","og_title":"Specialized 2FO ClipLite zapatillas MTB","og_description":"Dise\u00f1adas para superar los l\u00edmites en enduro o trail, te ofrecen conexi\u00f3n con los pedales, comodidad y protecci\u00f3n mientras recorres senderos.","og_url":"https:\/\/gr-100.com\/producto\/specialized-2fo-cliplite-zapatillas-mtb\/","og_site_name":"Gr-100 Tienda de ciclismo Specialized","article_publisher":"https:\/\/www.facebook.com\/Gr100Bikes","article_modified_time":"2025-11-26T14:46:33+00:00","og_image":[{"width":1000,"height":1000,"url":"https:\/\/gr-100.com\/wp-content\/uploads\/2024\/05\/2FO-ClipLite-zapatillas-MTB-2.jpg","type":"image\/jpeg"}],"twitter_card":"summary_large_image","twitter_misc":{"Tempo estimado de leitura":"1 minuto"},"schema":{"@context":"https:\/\/schema.org","@graph":[{"@type":"WebPage","@id":"https:\/\/gr-100.com\/producto\/specialized-2fo-cliplite-zapatillas-mtb\/","url":"https:\/\/gr-100.com\/producto\/specialized-2fo-cliplite-zapatillas-mtb\/","name":"Specialized 2FO ClipLite zapatillas MTB GR-100 Bikes","isPartOf":{"@id":"https:\/\/gr-100.com\/#website"},"primaryImageOfPage":{"@id":"https:\/\/gr-100.com\/producto\/specialized-2fo-cliplite-zapatillas-mtb\/#primaryimage"},"image":{"@id":"https:\/\/gr-100.com\/producto\/specialized-2fo-cliplite-zapatillas-mtb\/#primaryimage"},"thumbnailUrl":"https:\/\/gr-100.com\/wp-content\/uploads\/2024\/05\/2FO-ClipLite-zapatillas-MTB-2.jpg","datePublished":"2024-07-01T14:30:02+00:00","dateModified":"2025-11-26T14:46:33+00:00","description":"Dise\u00f1adas para superar los l\u00edmites en enduro o trail, te ofrecen conexi\u00f3n con los pedales, comodidad y protecci\u00f3n mientras recorres senderos.","breadcrumb":{"@id":"https:\/\/gr-100.com\/producto\/specialized-2fo-cliplite-zapatillas-mtb\/#breadcrumb"},"inLanguage":"pt-PT","potentialAction":[{"@type":"ReadAction","target":["https:\/\/gr-100.com\/producto\/specialized-2fo-cliplite-zapatillas-mtb\/"]}]},{"@type":"ImageObject","inLanguage":"pt-PT","@id":"https:\/\/gr-100.com\/producto\/specialized-2fo-cliplite-zapatillas-mtb\/#primaryimage","url":"https:\/\/gr-100.com\/wp-content\/uploads\/2024\/05\/2FO-ClipLite-zapatillas-MTB-2.jpg","contentUrl":"https:\/\/gr-100.com\/wp-content\/uploads\/2024\/05\/2FO-ClipLite-zapatillas-MTB-2.jpg","width":1000,"height":1000},{"@type":"BreadcrumbList","@id":"https:\/\/gr-100.com\/producto\/specialized-2fo-cliplite-zapatillas-mtb\/#breadcrumb","itemListElement":[{"@type":"ListItem","position":1,"name":"Portada","item":"https:\/\/gr-100.com\/en\/"},{"@type":"ListItem","position":2,"name":"Productos","item":"https:\/\/gr-100.com\/?post_type=product"},{"@type":"ListItem","position":3,"name":"Specialized 2FO ClipLite zapatillas MTB"}]},{"@type":"WebSite","@id":"https:\/\/gr-100.com\/#website","url":"https:\/\/gr-100.com\/","name":"Gr-100 Tienda de ciclismo Specialized","description":"GR-100 tenemos todas las gamas de bicicletas Specialized al mejor precio.","publisher":{"@id":"https:\/\/gr-100.com\/#organization"},"alternateName":"Gr-100 Bikes","potentialAction":[{"@type":"SearchAction","target":{"@type":"EntryPoint","urlTemplate":"https:\/\/gr-100.com\/?s={search_term_string}"},"query-input":{"@type":"PropertyValueSpecification","valueRequired":true,"valueName":"search_term_string"}}],"inLanguage":"pt-PT"},{"@type":"Organization","@id":"https:\/\/gr-100.com\/#organization","name":"Gr-100","url":"https:\/\/gr-100.com\/","logo":{"@type":"ImageObject","inLanguage":"pt-PT","@id":"https:\/\/gr-100.com\/#\/schema\/logo\/image\/","url":"https:\/\/gr-100.com\/wp-content\/uploads\/2023\/08\/logo-gr-100-bikes.png","contentUrl":"https:\/\/gr-100.com\/wp-content\/uploads\/2023\/08\/logo-gr-100-bikes.png","width":707,"height":284,"caption":"Gr-100"},"image":{"@id":"https:\/\/gr-100.com\/#\/schema\/logo\/image\/"},"sameAs":["https:\/\/www.facebook.com\/Gr100Bikes","https:\/\/www.instagram.com\/gr100bikes\/","https:\/\/www.tiktok.com\/@gr100bikes","https:\/\/twitter.com\/gr100mtbteam","https:\/\/www.youtube.com\/c\/GR100Specialized"]}]}},"_links":{"self":[{"href":"https:\/\/gr-100.com\/pt-pt\/wp-json\/wp\/v2\/product\/376739","targetHints":{"allow":["GET"]}}],"collection":[{"href":"https:\/\/gr-100.com\/pt-pt\/wp-json\/wp\/v2\/product"}],"about":[{"href":"https:\/\/gr-100.com\/pt-pt\/wp-json\/wp\/v2\/types\/product"}],"replies":[{"embeddable":true,"href":"https:\/\/gr-100.com\/pt-pt\/wp-json\/wp\/v2\/comments?post=376739"}],"wp:featuredmedia":[{"embeddable":true,"href":"https:\/\/gr-100.com\/pt-pt\/wp-json\/wp\/v2\/media\/293104"}],"wp:attachment":[{"href":"https:\/\/gr-100.com\/pt-pt\/wp-json\/wp\/v2\/media?parent=376739"}],"wp:term":[{"taxonomy":"product_brand","embeddable":true,"href":"https:\/\/gr-100.com\/pt-pt\/wp-json\/wp\/v2\/product_brand?post=376739"},{"taxonomy":"product_cat","embeddable":true,"href":"https:\/\/gr-100.com\/pt-pt\/wp-json\/wp\/v2\/product_cat?post=376739"},{"taxonomy":"product_tag","embeddable":true,"href":"https:\/\/gr-100.com\/pt-pt\/wp-json\/wp\/v2\/product_tag?post=376739"}],"curies":[{"name":"wp","href":"https:\/\/api.w.org\/{rel}","templated":true}]}}