{"id":376868,"date":"2024-07-01T14:35:40","date_gmt":"2024-07-01T14:35:40","guid":{"rendered":"https:\/\/nuevo.gr-100.com\/producto\/oakley-bxtr-pinkblue\/"},"modified":"2025-09-22T15:05:02","modified_gmt":"2025-09-22T13:05:02","slug":"oakley-bxtr-pinkblue","status":"publish","type":"product","link":"https:\/\/gr-100.com\/pt-pt\/producto\/oakley-bxtr-pinkblue\/","title":{"rendered":"Oakley BXTR Pink&amp;Blue"},"content":{"rendered":"<div class=\"pdpBottom-productInfo-description o21_text-color2 o21_text7 o21_text-medium\">\n<p>Las gafas de sol son el resultado de la estrecha colaboraci\u00f3n entre el equipo de dise\u00f1adores de Oakley\u00ae y los amigos de la marca, en busca de la siguiente propuesta moderna de gafas para el d\u00eda a d\u00eda. Como gui\u00f1o a nuestro legado, las BXTR tienen un dise\u00f1o de pantalla y varillas modernizadas con forma de gatillo inspiradas en las de las gafas de sol Razor Blade originales, mezclado con un estilo moderno que eleva la individualidad. El material de la montura de origen vegetal BiO-Matter\u00ae* proporciona comodidad, ligereza y durabilidad.<\/p>\n<p>*El BiO-Matter est\u00e1 fabricado con biomateriales con un contenido m\u00ednimo de 56% de carbono derivado de materiales org\u00e1nicos (proporci\u00f3n representante de aceite de ricino a fuentes f\u00f3siles)<\/p>\n<\/div>\n<div class=\"pdpBottom-productInfo-feature o21_text-color1 o21_text7 o21_bg5\">\u2022 DISE\u00d1O &#8211; Dise\u00f1o de pantalla moderno inspirado en la primera montura de rendimiento deportivo de Oakley<br \/>\n\u2022 MATERIAL DE MONTURA &#8211; La ligereza y durabilidad de la montura de BiO-Matter\u00ae proporcionan comodidad durante todo el d\u00eda<br \/>\n\u2022 GUI\u00d1O AL PASADO &#8211; El dise\u00f1o modernizado de las varillas con forma de gatillo est\u00e1 inspirado en las ic\u00f3nicas Razor Blade de Oakley<br \/>\n\u2022 AGARRE ANTIDESLIZANTE: Las plaquetas nasales de Unobtainium\u00ae ofrecen un agarre antideslizante cuando est\u00e1n h\u00famedas para ayudar a aumentar la retenci\u00f3n<br \/>\n\u2022 VE M\u00c1S DETALLES &#8211; Disponible con la tecnolog\u00eda de lentes Prizm\u2122, dise\u00f1ada para realzar el color y el contraste y permitirte ver m\u00e1s detalles.<\/div>\n","protected":false},"excerpt":{"rendered":"<p>BXTR rinde homenaje a Baxter Street, un popular destino para el skate en Los \u00c1ngeles donde el estilo y la autenticidad siempre est\u00e1n a la vista, igual que esta montura.<\/p>\n","protected":false},"featured_media":293322,"comment_status":"closed","ping_status":"closed","template":"","meta":{"_acf_changed":false,"_et_pb_use_builder":"","_et_pb_old_content":"","_et_gb_content_width":"","inline_featured_image":false},"product_brand":[],"product_cat":[26,47],"product_tag":[],"class_list":{"0":"post-376868","1":"product","2":"type-product","3":"status-publish","4":"has-post-thumbnail","6":"product_cat-accesorios","7":"product_cat-gafas","8":"product_shipping_class-accesorios","10":"first","11":"instock","12":"sale","13":"taxable","14":"shipping-taxable","15":"purchasable","16":"product-type-variable","17":"wvs-archive-product-wrapper"},"acf":[],"yoast_head":"<!-- This site is optimized with the Yoast SEO Premium plugin v26.7 (Yoast SEO v26.7) - https:\/\/yoast.com\/wordpress\/plugins\/seo\/ -->\n<title>Oakley BXTR Pink&amp;Blue GR-100<\/title>\n<meta name=\"description\" content=\"Dise\u00f1o de pantalla moderno. El material de la montura de origen vegetal BiO-Matter\u00ae* proporciona comodidad, ligereza y durabilidad.\" \/>\n<meta name=\"robots\" content=\"index, follow, max-snippet:-1, max-image-preview:large, max-video-preview:-1\" \/>\n<link rel=\"canonical\" href=\"https:\/\/gr-100.com\/producto\/oakley-bxtr-pinkblue\/\" \/>\n<meta property=\"og:locale\" content=\"pt_PT\" \/>\n<meta property=\"og:type\" content=\"article\" \/>\n<meta property=\"og:title\" content=\"Oakley BXTR Pink&amp;Blue\" \/>\n<meta property=\"og:description\" content=\"Dise\u00f1o de pantalla moderno. El material de la montura de origen vegetal BiO-Matter\u00ae* proporciona comodidad, ligereza y durabilidad.\" \/>\n<meta property=\"og:url\" content=\"https:\/\/gr-100.com\/producto\/oakley-bxtr-pinkblue\/\" \/>\n<meta property=\"og:site_name\" content=\"Gr-100 Tienda de ciclismo Specialized\" \/>\n<meta property=\"article:publisher\" content=\"https:\/\/www.facebook.com\/Gr100Bikes\" \/>\n<meta property=\"article:modified_time\" content=\"2025-09-22T13:05:02+00:00\" \/>\n<meta property=\"og:image\" content=\"https:\/\/gr-100.com\/wp-content\/uploads\/2024\/05\/bxtr_rosa_1.jpg\" \/>\n\t<meta property=\"og:image:width\" content=\"1000\" \/>\n\t<meta property=\"og:image:height\" content=\"1000\" \/>\n\t<meta property=\"og:image:type\" content=\"image\/jpeg\" \/>\n<meta name=\"twitter:card\" content=\"summary_large_image\" \/>\n<meta name=\"twitter:label1\" content=\"Tempo estimado de leitura\" \/>\n\t<meta name=\"twitter:data1\" content=\"2 minutos\" \/>\n<script type=\"application\/ld+json\" class=\"yoast-schema-graph\">{\"@context\":\"https:\/\/schema.org\",\"@graph\":[{\"@type\":\"WebPage\",\"@id\":\"https:\/\/gr-100.com\/producto\/oakley-bxtr-pinkblue\/\",\"url\":\"https:\/\/gr-100.com\/producto\/oakley-bxtr-pinkblue\/\",\"name\":\"Oakley BXTR Pink&amp;Blue GR-100\",\"isPartOf\":{\"@id\":\"https:\/\/gr-100.com\/#website\"},\"primaryImageOfPage\":{\"@id\":\"https:\/\/gr-100.com\/producto\/oakley-bxtr-pinkblue\/#primaryimage\"},\"image\":{\"@id\":\"https:\/\/gr-100.com\/producto\/oakley-bxtr-pinkblue\/#primaryimage\"},\"thumbnailUrl\":\"https:\/\/gr-100.com\/wp-content\/uploads\/2024\/05\/bxtr_rosa_1.jpg\",\"datePublished\":\"2024-07-01T14:35:40+00:00\",\"dateModified\":\"2025-09-22T13:05:02+00:00\",\"description\":\"Dise\u00f1o de pantalla moderno. El material de la montura de origen vegetal BiO-Matter\u00ae* proporciona comodidad, ligereza y durabilidad.\",\"breadcrumb\":{\"@id\":\"https:\/\/gr-100.com\/producto\/oakley-bxtr-pinkblue\/#breadcrumb\"},\"inLanguage\":\"pt-PT\",\"potentialAction\":[{\"@type\":\"ReadAction\",\"target\":[\"https:\/\/gr-100.com\/producto\/oakley-bxtr-pinkblue\/\"]}]},{\"@type\":\"ImageObject\",\"inLanguage\":\"pt-PT\",\"@id\":\"https:\/\/gr-100.com\/producto\/oakley-bxtr-pinkblue\/#primaryimage\",\"url\":\"https:\/\/gr-100.com\/wp-content\/uploads\/2024\/05\/bxtr_rosa_1.jpg\",\"contentUrl\":\"https:\/\/gr-100.com\/wp-content\/uploads\/2024\/05\/bxtr_rosa_1.jpg\",\"width\":1000,\"height\":1000},{\"@type\":\"BreadcrumbList\",\"@id\":\"https:\/\/gr-100.com\/producto\/oakley-bxtr-pinkblue\/#breadcrumb\",\"itemListElement\":[{\"@type\":\"ListItem\",\"position\":1,\"name\":\"Portada\",\"item\":\"https:\/\/gr-100.com\/en\/\"},{\"@type\":\"ListItem\",\"position\":2,\"name\":\"Productos\",\"item\":\"https:\/\/gr-100.com\/?post_type=product\"},{\"@type\":\"ListItem\",\"position\":3,\"name\":\"Oakley BXTR Pink&amp;Blue\"}]},{\"@type\":\"WebSite\",\"@id\":\"https:\/\/gr-100.com\/#website\",\"url\":\"https:\/\/gr-100.com\/\",\"name\":\"Gr-100 Tienda de ciclismo Specialized\",\"description\":\"GR-100 tenemos todas las gamas de bicicletas Specialized al mejor precio.\",\"publisher\":{\"@id\":\"https:\/\/gr-100.com\/#organization\"},\"alternateName\":\"Gr-100 Bikes\",\"potentialAction\":[{\"@type\":\"SearchAction\",\"target\":{\"@type\":\"EntryPoint\",\"urlTemplate\":\"https:\/\/gr-100.com\/?s={search_term_string}\"},\"query-input\":{\"@type\":\"PropertyValueSpecification\",\"valueRequired\":true,\"valueName\":\"search_term_string\"}}],\"inLanguage\":\"pt-PT\"},{\"@type\":\"Organization\",\"@id\":\"https:\/\/gr-100.com\/#organization\",\"name\":\"Gr-100\",\"url\":\"https:\/\/gr-100.com\/\",\"logo\":{\"@type\":\"ImageObject\",\"inLanguage\":\"pt-PT\",\"@id\":\"https:\/\/gr-100.com\/#\/schema\/logo\/image\/\",\"url\":\"https:\/\/gr-100.com\/wp-content\/uploads\/2023\/08\/logo-gr-100-bikes.png\",\"contentUrl\":\"https:\/\/gr-100.com\/wp-content\/uploads\/2023\/08\/logo-gr-100-bikes.png\",\"width\":707,\"height\":284,\"caption\":\"Gr-100\"},\"image\":{\"@id\":\"https:\/\/gr-100.com\/#\/schema\/logo\/image\/\"},\"sameAs\":[\"https:\/\/www.facebook.com\/Gr100Bikes\",\"https:\/\/www.instagram.com\/gr100bikes\/\",\"https:\/\/www.tiktok.com\/@gr100bikes\",\"https:\/\/twitter.com\/gr100mtbteam\",\"https:\/\/www.youtube.com\/c\/GR100Specialized\"]}]}<\/script>\n<!-- \/ Yoast SEO Premium plugin. -->","yoast_head_json":{"title":"Oakley BXTR Pink&amp;Blue GR-100","description":"Dise\u00f1o de pantalla moderno. El material de la montura de origen vegetal BiO-Matter\u00ae* proporciona comodidad, ligereza y durabilidad.","robots":{"index":"index","follow":"follow","max-snippet":"max-snippet:-1","max-image-preview":"max-image-preview:large","max-video-preview":"max-video-preview:-1"},"canonical":"https:\/\/gr-100.com\/producto\/oakley-bxtr-pinkblue\/","og_locale":"pt_PT","og_type":"article","og_title":"Oakley BXTR Pink&amp;Blue","og_description":"Dise\u00f1o de pantalla moderno. El material de la montura de origen vegetal BiO-Matter\u00ae* proporciona comodidad, ligereza y durabilidad.","og_url":"https:\/\/gr-100.com\/producto\/oakley-bxtr-pinkblue\/","og_site_name":"Gr-100 Tienda de ciclismo Specialized","article_publisher":"https:\/\/www.facebook.com\/Gr100Bikes","article_modified_time":"2025-09-22T13:05:02+00:00","og_image":[{"width":1000,"height":1000,"url":"https:\/\/gr-100.com\/wp-content\/uploads\/2024\/05\/bxtr_rosa_1.jpg","type":"image\/jpeg"}],"twitter_card":"summary_large_image","twitter_misc":{"Tempo estimado de leitura":"2 minutos"},"schema":{"@context":"https:\/\/schema.org","@graph":[{"@type":"WebPage","@id":"https:\/\/gr-100.com\/producto\/oakley-bxtr-pinkblue\/","url":"https:\/\/gr-100.com\/producto\/oakley-bxtr-pinkblue\/","name":"Oakley BXTR Pink&amp;Blue GR-100","isPartOf":{"@id":"https:\/\/gr-100.com\/#website"},"primaryImageOfPage":{"@id":"https:\/\/gr-100.com\/producto\/oakley-bxtr-pinkblue\/#primaryimage"},"image":{"@id":"https:\/\/gr-100.com\/producto\/oakley-bxtr-pinkblue\/#primaryimage"},"thumbnailUrl":"https:\/\/gr-100.com\/wp-content\/uploads\/2024\/05\/bxtr_rosa_1.jpg","datePublished":"2024-07-01T14:35:40+00:00","dateModified":"2025-09-22T13:05:02+00:00","description":"Dise\u00f1o de pantalla moderno. El material de la montura de origen vegetal BiO-Matter\u00ae* proporciona comodidad, ligereza y durabilidad.","breadcrumb":{"@id":"https:\/\/gr-100.com\/producto\/oakley-bxtr-pinkblue\/#breadcrumb"},"inLanguage":"pt-PT","potentialAction":[{"@type":"ReadAction","target":["https:\/\/gr-100.com\/producto\/oakley-bxtr-pinkblue\/"]}]},{"@type":"ImageObject","inLanguage":"pt-PT","@id":"https:\/\/gr-100.com\/producto\/oakley-bxtr-pinkblue\/#primaryimage","url":"https:\/\/gr-100.com\/wp-content\/uploads\/2024\/05\/bxtr_rosa_1.jpg","contentUrl":"https:\/\/gr-100.com\/wp-content\/uploads\/2024\/05\/bxtr_rosa_1.jpg","width":1000,"height":1000},{"@type":"BreadcrumbList","@id":"https:\/\/gr-100.com\/producto\/oakley-bxtr-pinkblue\/#breadcrumb","itemListElement":[{"@type":"ListItem","position":1,"name":"Portada","item":"https:\/\/gr-100.com\/en\/"},{"@type":"ListItem","position":2,"name":"Productos","item":"https:\/\/gr-100.com\/?post_type=product"},{"@type":"ListItem","position":3,"name":"Oakley BXTR Pink&amp;Blue"}]},{"@type":"WebSite","@id":"https:\/\/gr-100.com\/#website","url":"https:\/\/gr-100.com\/","name":"Gr-100 Tienda de ciclismo Specialized","description":"GR-100 tenemos todas las gamas de bicicletas Specialized al mejor precio.","publisher":{"@id":"https:\/\/gr-100.com\/#organization"},"alternateName":"Gr-100 Bikes","potentialAction":[{"@type":"SearchAction","target":{"@type":"EntryPoint","urlTemplate":"https:\/\/gr-100.com\/?s={search_term_string}"},"query-input":{"@type":"PropertyValueSpecification","valueRequired":true,"valueName":"search_term_string"}}],"inLanguage":"pt-PT"},{"@type":"Organization","@id":"https:\/\/gr-100.com\/#organization","name":"Gr-100","url":"https:\/\/gr-100.com\/","logo":{"@type":"ImageObject","inLanguage":"pt-PT","@id":"https:\/\/gr-100.com\/#\/schema\/logo\/image\/","url":"https:\/\/gr-100.com\/wp-content\/uploads\/2023\/08\/logo-gr-100-bikes.png","contentUrl":"https:\/\/gr-100.com\/wp-content\/uploads\/2023\/08\/logo-gr-100-bikes.png","width":707,"height":284,"caption":"Gr-100"},"image":{"@id":"https:\/\/gr-100.com\/#\/schema\/logo\/image\/"},"sameAs":["https:\/\/www.facebook.com\/Gr100Bikes","https:\/\/www.instagram.com\/gr100bikes\/","https:\/\/www.tiktok.com\/@gr100bikes","https:\/\/twitter.com\/gr100mtbteam","https:\/\/www.youtube.com\/c\/GR100Specialized"]}]}},"_links":{"self":[{"href":"https:\/\/gr-100.com\/pt-pt\/wp-json\/wp\/v2\/product\/376868","targetHints":{"allow":["GET"]}}],"collection":[{"href":"https:\/\/gr-100.com\/pt-pt\/wp-json\/wp\/v2\/product"}],"about":[{"href":"https:\/\/gr-100.com\/pt-pt\/wp-json\/wp\/v2\/types\/product"}],"replies":[{"embeddable":true,"href":"https:\/\/gr-100.com\/pt-pt\/wp-json\/wp\/v2\/comments?post=376868"}],"wp:featuredmedia":[{"embeddable":true,"href":"https:\/\/gr-100.com\/pt-pt\/wp-json\/wp\/v2\/media\/293322"}],"wp:attachment":[{"href":"https:\/\/gr-100.com\/pt-pt\/wp-json\/wp\/v2\/media?parent=376868"}],"wp:term":[{"taxonomy":"product_brand","embeddable":true,"href":"https:\/\/gr-100.com\/pt-pt\/wp-json\/wp\/v2\/product_brand?post=376868"},{"taxonomy":"product_cat","embeddable":true,"href":"https:\/\/gr-100.com\/pt-pt\/wp-json\/wp\/v2\/product_cat?post=376868"},{"taxonomy":"product_tag","embeddable":true,"href":"https:\/\/gr-100.com\/pt-pt\/wp-json\/wp\/v2\/product_tag?post=376868"}],"curies":[{"name":"wp","href":"https:\/\/api.w.org\/{rel}","templated":true}]}}