{"id":376900,"date":"2024-07-01T14:36:58","date_gmt":"2024-07-01T14:36:58","guid":{"rendered":"https:\/\/nuevo.gr-100.com\/producto\/specialized-propero-4\/"},"modified":"2026-04-10T18:29:57","modified_gmt":"2026-04-10T17:29:57","slug":"specialized-propero-4","status":"publish","type":"product","link":"https:\/\/gr-100.com\/pt-pt\/producto\/specialized-propero-4\/","title":{"rendered":"Specialized Propero 4"},"content":{"rendered":"<div>\n<ul>\n<li>AERODIN\u00c1MICA: Con pruebas exhaustivas en CFD y en nuestro Win Tunnel, la aerodin\u00e1mica estuvo a la vanguardia del desarrollo del Propero 4. Tomamos la vanguardia aerodin\u00e1mica del casco para crear un casco m\u00e1s r\u00e1pido. Tomamosla parte frontal aerodin\u00e1mica del S-Works Evade 3 y lo amoldamos directamente en el Propero 4, lo que contribuy\u00f3 a que fuera cuatro vatios, o 15 segundos en 40 km, m\u00e1s r\u00e1pido que nuestro S-Works Prevail 3.<\/li>\n<li>VENTILACI\u00d3N: Inspir\u00e1ndonos en nuestro mundialmente conocido S-Works Prevail 3, nuestro objetivo no era simplemente reproducirlo, sino dar un salto m\u00e1s. La ventilaci\u00f3n se convirti\u00f3 en un punto central en nuestra b\u00fasqueda de un casco bien equilibrado, aerodin\u00e1mico y ventilado. Incorporamos la parte trasera del Prevail 3 e introdujimos peque\u00f1os microcanales desplazados de 2 mm que crean turbulencias en el flujo de aire por todo el casco para ayudar a crear un flujo de aire continuo y refrescante.<\/li>\n<li>La ventilaci\u00f3n se convirti\u00f3 en el punto central de nuestra b\u00fasqueda de un casco bien equilibrado, aerodin\u00e1mico y ventilado.<\/li>\n<\/ul>\n<\/div>\n<ul>\n<li>Mips C-Solution<\/li>\n<li>El Propero 4 obtuvo la m\u00e1xima calificaci\u00f3n 5-Star Virginia Tech\u00ae Helmet Rating\u2122 del internacionalmente reconocido Instituto Polit\u00e9cnico y Universidad Estatal de Virginia.<\/li>\n<li>El sistema de ajuste FS3 y el ajuste de la base occipital optimizan la comodidad personalizando el ajuste a la forma individual de la cabeza, y el \u00e1ngulo del casco puede ajustarse para que sea compatible con las gafas.<\/li>\n<li>Sistema de cinchas Tri-Fix ajustables para mayor comodidad<\/li>\n<li>Ajuste para gafas<\/li>\n<li>Cinchas finas de 10 mm para mayor comodidad<\/li>\n<li>Microcanales y grandes aberturas traseras para una mayor ventilaci\u00f3n<\/li>\n<li>Precision, full-wrap polycarbonate shell for increased durability and premium finish.<\/li>\n<li>Carcasa de policarbonato completa para una mayor durabilidad y un acabado de primera calidad<\/li>\n<\/ul>\n","protected":false},"excerpt":{"rendered":"<p>Trae las ventajas aerodin\u00e1micas del S-Works Evade 3 junto con la ventilaci\u00f3n del S-Works Prevail 3, todo con la comodidad y confianza por las que los cascos Specialized son famosos, obteniendo la m\u00e1s alta calificaci\u00f3n de 5 estrellas de Virginia Tech\u00ae. Cada detalle del Propero 4 fue creado con nuestra ecuaci\u00f3n de velocidad en mente. Aerodin\u00e1mica + Ventilaci\u00f3n + Ligereza = Velocidad.<\/p>\n","protected":false},"featured_media":293415,"comment_status":"closed","ping_status":"closed","template":"","meta":{"_acf_changed":false,"_et_pb_use_builder":"","_et_pb_old_content":"","_et_gb_content_width":"","inline_featured_image":false},"product_brand":[],"product_cat":[3885,26,46,5248,5250,5246,429],"product_tag":[],"class_list":{"0":"post-376900","1":"product","2":"type-product","3":"status-publish","4":"has-post-thumbnail","6":"product_cat-descuentos","7":"product_cat-accesorios","8":"product_cat-cascos","9":"product_cat-casco-bici-carretera","10":"product_cat-cascos-gravel","11":"product_cat-cascos-specialized","12":"product_cat-ofertas","13":"product_shipping_class-accesorios","15":"first","16":"instock","17":"taxable","18":"shipping-taxable","19":"purchasable","20":"product-type-variable","21":"wvs-archive-product-wrapper"},"acf":[],"yoast_head":"<!-- This site is optimized with the Yoast SEO Premium plugin v26.7 (Yoast SEO v26.7) - https:\/\/yoast.com\/wordpress\/plugins\/seo\/ -->\n<title>Specialized Propero 4 - GR-100<\/title>\n<meta name=\"description\" content=\"Specialized Propero 4 trae las ventajas aerodin\u00e1micas del S-Works Evade 3 junto con la ventilaci\u00f3n del S-Works Prevail 3, todo con la comodidad y confianza.\" \/>\n<meta name=\"robots\" content=\"index, follow, max-snippet:-1, max-image-preview:large, max-video-preview:-1\" \/>\n<link rel=\"canonical\" href=\"https:\/\/gr-100.com\/producto\/specialized-propero-4\/\" \/>\n<meta property=\"og:locale\" content=\"pt_PT\" \/>\n<meta property=\"og:type\" content=\"article\" \/>\n<meta property=\"og:title\" content=\"Specialized Propero 4\" \/>\n<meta property=\"og:description\" content=\"Specialized Propero 4 trae las ventajas aerodin\u00e1micas del S-Works Evade 3 junto con la ventilaci\u00f3n del S-Works Prevail 3, todo con la comodidad y confianza.\" \/>\n<meta property=\"og:url\" content=\"https:\/\/gr-100.com\/producto\/specialized-propero-4\/\" \/>\n<meta property=\"og:site_name\" content=\"Gr-100 Tienda de ciclismo Specialized\" \/>\n<meta property=\"article:publisher\" content=\"https:\/\/www.facebook.com\/Gr100Bikes\" \/>\n<meta property=\"article:modified_time\" content=\"2026-04-10T17:29:57+00:00\" \/>\n<meta property=\"og:image\" content=\"https:\/\/gr-100.com\/wp-content\/uploads\/2024\/05\/propero-4-blanco-.jpg\" \/>\n\t<meta property=\"og:image:width\" content=\"1000\" \/>\n\t<meta property=\"og:image:height\" content=\"1000\" \/>\n\t<meta property=\"og:image:type\" content=\"image\/jpeg\" \/>\n<meta name=\"twitter:card\" content=\"summary_large_image\" \/>\n<meta name=\"twitter:label1\" content=\"Tempo estimado de leitura\" \/>\n\t<meta name=\"twitter:data1\" content=\"2 minutos\" \/>\n<script type=\"application\/ld+json\" class=\"yoast-schema-graph\">{\"@context\":\"https:\/\/schema.org\",\"@graph\":[{\"@type\":\"WebPage\",\"@id\":\"https:\/\/gr-100.com\/producto\/specialized-propero-4\/\",\"url\":\"https:\/\/gr-100.com\/producto\/specialized-propero-4\/\",\"name\":\"Specialized Propero 4 - GR-100\",\"isPartOf\":{\"@id\":\"https:\/\/gr-100.com\/#website\"},\"primaryImageOfPage\":{\"@id\":\"https:\/\/gr-100.com\/producto\/specialized-propero-4\/#primaryimage\"},\"image\":{\"@id\":\"https:\/\/gr-100.com\/producto\/specialized-propero-4\/#primaryimage\"},\"thumbnailUrl\":\"https:\/\/gr-100.com\/wp-content\/uploads\/2024\/05\/propero-4-blanco-.jpg\",\"datePublished\":\"2024-07-01T14:36:58+00:00\",\"dateModified\":\"2026-04-10T17:29:57+00:00\",\"description\":\"Specialized Propero 4 trae las ventajas aerodin\u00e1micas del S-Works Evade 3 junto con la ventilaci\u00f3n del S-Works Prevail 3, todo con la comodidad y confianza.\",\"breadcrumb\":{\"@id\":\"https:\/\/gr-100.com\/producto\/specialized-propero-4\/#breadcrumb\"},\"inLanguage\":\"pt-PT\",\"potentialAction\":[{\"@type\":\"ReadAction\",\"target\":[\"https:\/\/gr-100.com\/producto\/specialized-propero-4\/\"]}]},{\"@type\":\"ImageObject\",\"inLanguage\":\"pt-PT\",\"@id\":\"https:\/\/gr-100.com\/producto\/specialized-propero-4\/#primaryimage\",\"url\":\"https:\/\/gr-100.com\/wp-content\/uploads\/2024\/05\/propero-4-blanco-.jpg\",\"contentUrl\":\"https:\/\/gr-100.com\/wp-content\/uploads\/2024\/05\/propero-4-blanco-.jpg\",\"width\":1000,\"height\":1000},{\"@type\":\"BreadcrumbList\",\"@id\":\"https:\/\/gr-100.com\/producto\/specialized-propero-4\/#breadcrumb\",\"itemListElement\":[{\"@type\":\"ListItem\",\"position\":1,\"name\":\"Portada\",\"item\":\"https:\/\/gr-100.com\/en\/\"},{\"@type\":\"ListItem\",\"position\":2,\"name\":\"Productos\",\"item\":\"https:\/\/gr-100.com\/?post_type=product\"},{\"@type\":\"ListItem\",\"position\":3,\"name\":\"Specialized Propero 4\"}]},{\"@type\":\"WebSite\",\"@id\":\"https:\/\/gr-100.com\/#website\",\"url\":\"https:\/\/gr-100.com\/\",\"name\":\"Gr-100 Tienda de ciclismo Specialized\",\"description\":\"GR-100 tenemos todas las gamas de bicicletas Specialized al mejor precio.\",\"publisher\":{\"@id\":\"https:\/\/gr-100.com\/#organization\"},\"alternateName\":\"Gr-100 Bikes\",\"potentialAction\":[{\"@type\":\"SearchAction\",\"target\":{\"@type\":\"EntryPoint\",\"urlTemplate\":\"https:\/\/gr-100.com\/?s={search_term_string}\"},\"query-input\":{\"@type\":\"PropertyValueSpecification\",\"valueRequired\":true,\"valueName\":\"search_term_string\"}}],\"inLanguage\":\"pt-PT\"},{\"@type\":\"Organization\",\"@id\":\"https:\/\/gr-100.com\/#organization\",\"name\":\"Gr-100\",\"url\":\"https:\/\/gr-100.com\/\",\"logo\":{\"@type\":\"ImageObject\",\"inLanguage\":\"pt-PT\",\"@id\":\"https:\/\/gr-100.com\/#\/schema\/logo\/image\/\",\"url\":\"https:\/\/gr-100.com\/wp-content\/uploads\/2023\/08\/logo-gr-100-bikes.png\",\"contentUrl\":\"https:\/\/gr-100.com\/wp-content\/uploads\/2023\/08\/logo-gr-100-bikes.png\",\"width\":707,\"height\":284,\"caption\":\"Gr-100\"},\"image\":{\"@id\":\"https:\/\/gr-100.com\/#\/schema\/logo\/image\/\"},\"sameAs\":[\"https:\/\/www.facebook.com\/Gr100Bikes\",\"https:\/\/www.instagram.com\/gr100bikes\/\",\"https:\/\/www.tiktok.com\/@gr100bikes\",\"https:\/\/twitter.com\/gr100mtbteam\",\"https:\/\/www.youtube.com\/c\/GR100Specialized\"]}]}<\/script>\n<!-- \/ Yoast SEO Premium plugin. -->","yoast_head_json":{"title":"Specialized Propero 4 - GR-100","description":"Specialized Propero 4 trae las ventajas aerodin\u00e1micas del S-Works Evade 3 junto con la ventilaci\u00f3n del S-Works Prevail 3, todo con la comodidad y confianza.","robots":{"index":"index","follow":"follow","max-snippet":"max-snippet:-1","max-image-preview":"max-image-preview:large","max-video-preview":"max-video-preview:-1"},"canonical":"https:\/\/gr-100.com\/producto\/specialized-propero-4\/","og_locale":"pt_PT","og_type":"article","og_title":"Specialized Propero 4","og_description":"Specialized Propero 4 trae las ventajas aerodin\u00e1micas del S-Works Evade 3 junto con la ventilaci\u00f3n del S-Works Prevail 3, todo con la comodidad y confianza.","og_url":"https:\/\/gr-100.com\/producto\/specialized-propero-4\/","og_site_name":"Gr-100 Tienda de ciclismo Specialized","article_publisher":"https:\/\/www.facebook.com\/Gr100Bikes","article_modified_time":"2026-04-10T17:29:57+00:00","og_image":[{"width":1000,"height":1000,"url":"https:\/\/gr-100.com\/wp-content\/uploads\/2024\/05\/propero-4-blanco-.jpg","type":"image\/jpeg"}],"twitter_card":"summary_large_image","twitter_misc":{"Tempo estimado de leitura":"2 minutos"},"schema":{"@context":"https:\/\/schema.org","@graph":[{"@type":"WebPage","@id":"https:\/\/gr-100.com\/producto\/specialized-propero-4\/","url":"https:\/\/gr-100.com\/producto\/specialized-propero-4\/","name":"Specialized Propero 4 - GR-100","isPartOf":{"@id":"https:\/\/gr-100.com\/#website"},"primaryImageOfPage":{"@id":"https:\/\/gr-100.com\/producto\/specialized-propero-4\/#primaryimage"},"image":{"@id":"https:\/\/gr-100.com\/producto\/specialized-propero-4\/#primaryimage"},"thumbnailUrl":"https:\/\/gr-100.com\/wp-content\/uploads\/2024\/05\/propero-4-blanco-.jpg","datePublished":"2024-07-01T14:36:58+00:00","dateModified":"2026-04-10T17:29:57+00:00","description":"Specialized Propero 4 trae las ventajas aerodin\u00e1micas del S-Works Evade 3 junto con la ventilaci\u00f3n del S-Works Prevail 3, todo con la comodidad y confianza.","breadcrumb":{"@id":"https:\/\/gr-100.com\/producto\/specialized-propero-4\/#breadcrumb"},"inLanguage":"pt-PT","potentialAction":[{"@type":"ReadAction","target":["https:\/\/gr-100.com\/producto\/specialized-propero-4\/"]}]},{"@type":"ImageObject","inLanguage":"pt-PT","@id":"https:\/\/gr-100.com\/producto\/specialized-propero-4\/#primaryimage","url":"https:\/\/gr-100.com\/wp-content\/uploads\/2024\/05\/propero-4-blanco-.jpg","contentUrl":"https:\/\/gr-100.com\/wp-content\/uploads\/2024\/05\/propero-4-blanco-.jpg","width":1000,"height":1000},{"@type":"BreadcrumbList","@id":"https:\/\/gr-100.com\/producto\/specialized-propero-4\/#breadcrumb","itemListElement":[{"@type":"ListItem","position":1,"name":"Portada","item":"https:\/\/gr-100.com\/en\/"},{"@type":"ListItem","position":2,"name":"Productos","item":"https:\/\/gr-100.com\/?post_type=product"},{"@type":"ListItem","position":3,"name":"Specialized Propero 4"}]},{"@type":"WebSite","@id":"https:\/\/gr-100.com\/#website","url":"https:\/\/gr-100.com\/","name":"Gr-100 Tienda de ciclismo Specialized","description":"GR-100 tenemos todas las gamas de bicicletas Specialized al mejor precio.","publisher":{"@id":"https:\/\/gr-100.com\/#organization"},"alternateName":"Gr-100 Bikes","potentialAction":[{"@type":"SearchAction","target":{"@type":"EntryPoint","urlTemplate":"https:\/\/gr-100.com\/?s={search_term_string}"},"query-input":{"@type":"PropertyValueSpecification","valueRequired":true,"valueName":"search_term_string"}}],"inLanguage":"pt-PT"},{"@type":"Organization","@id":"https:\/\/gr-100.com\/#organization","name":"Gr-100","url":"https:\/\/gr-100.com\/","logo":{"@type":"ImageObject","inLanguage":"pt-PT","@id":"https:\/\/gr-100.com\/#\/schema\/logo\/image\/","url":"https:\/\/gr-100.com\/wp-content\/uploads\/2023\/08\/logo-gr-100-bikes.png","contentUrl":"https:\/\/gr-100.com\/wp-content\/uploads\/2023\/08\/logo-gr-100-bikes.png","width":707,"height":284,"caption":"Gr-100"},"image":{"@id":"https:\/\/gr-100.com\/#\/schema\/logo\/image\/"},"sameAs":["https:\/\/www.facebook.com\/Gr100Bikes","https:\/\/www.instagram.com\/gr100bikes\/","https:\/\/www.tiktok.com\/@gr100bikes","https:\/\/twitter.com\/gr100mtbteam","https:\/\/www.youtube.com\/c\/GR100Specialized"]}]}},"_links":{"self":[{"href":"https:\/\/gr-100.com\/pt-pt\/wp-json\/wp\/v2\/product\/376900","targetHints":{"allow":["GET"]}}],"collection":[{"href":"https:\/\/gr-100.com\/pt-pt\/wp-json\/wp\/v2\/product"}],"about":[{"href":"https:\/\/gr-100.com\/pt-pt\/wp-json\/wp\/v2\/types\/product"}],"replies":[{"embeddable":true,"href":"https:\/\/gr-100.com\/pt-pt\/wp-json\/wp\/v2\/comments?post=376900"}],"wp:featuredmedia":[{"embeddable":true,"href":"https:\/\/gr-100.com\/pt-pt\/wp-json\/wp\/v2\/media\/293415"}],"wp:attachment":[{"href":"https:\/\/gr-100.com\/pt-pt\/wp-json\/wp\/v2\/media?parent=376900"}],"wp:term":[{"taxonomy":"product_brand","embeddable":true,"href":"https:\/\/gr-100.com\/pt-pt\/wp-json\/wp\/v2\/product_brand?post=376900"},{"taxonomy":"product_cat","embeddable":true,"href":"https:\/\/gr-100.com\/pt-pt\/wp-json\/wp\/v2\/product_cat?post=376900"},{"taxonomy":"product_tag","embeddable":true,"href":"https:\/\/gr-100.com\/pt-pt\/wp-json\/wp\/v2\/product_tag?post=376900"}],"curies":[{"name":"wp","href":"https:\/\/api.w.org\/{rel}","templated":true}]}}