{"id":377364,"date":"2024-07-01T14:59:30","date_gmt":"2024-07-01T14:59:30","guid":{"rendered":"https:\/\/nuevo.gr-100.com\/producto\/specialized-search\/"},"modified":"2026-04-11T16:46:25","modified_gmt":"2026-04-11T15:46:25","slug":"specialized-search","status":"publish","type":"product","link":"https:\/\/gr-100.com\/pt-pt\/producto\/specialized-search\/","title":{"rendered":"Specialized Search 2025"},"content":{"rendered":"<div>\n<ul>\n<li>Llevando las caracter\u00edsticas de alto rendimiento y refrigeraci\u00f3n m\u00e1s all\u00e1 de las carreras, Search combina lo mejor de ambos mundos: innovaci\u00f3n y rendimiento derivados de S-Works con un dise\u00f1o moderno y limpio. Tanto si te preparas para una ruta gravel, te apuntas a un evento local o en tu trayecto matutino al trabajo, el casco Search te mantiene fresco sin importar el destino.<\/li>\n<li>Todas las aventuras tienden a llevarnos un poco fuera de nuestra zona de confort, as\u00ed que cuando los descensos por caminos de tierra se ponen un poco peligrosos, el casco Search te protege con la soluci\u00f3n MIPS Evolve Core y una calificaci\u00f3n de casco 5-Star Virginia Tech\u00ae del internacionalmente reconocido Instituto Polit\u00e9cnico y Universidad Estatal de Virginia. Combinando caracter\u00edsticas que inspiran confianza, funcionalidad y ventilaci\u00f3n derivada de S-Works, el Search es la personificaci\u00f3n de los cascos de aventura todoterreno.<\/li>\n<li>Espacio para gafas de sol: El casco Search incorpora un innovador compartimento para las gafas de sol con solapas de goma ocultas que mantienen un ajuste seguro y sin traqueteos al guardar las gafas de los ciclistas de forma segura en subidas largas, descensos con poca luz y momentos de descanso. Los ciclistas pueden ponerse y quitarse las gafas f\u00e1cilmente, incluso cuando est\u00e1n pedaleando en el sill\u00edn. Nuestra soluci\u00f3n para guardar las gafas de sol tambi\u00e9n mantiene despejado el espacio entre el casco y la cabeza, eliminando molestias.<\/li>\n<li>Ventilaci\u00f3n: Inspir\u00e1ndose en el S-Works Prevail 3, el Search cuenta con un sistema de ventilaci\u00f3n similar con enormes puertos de salida traseros, que ayudan a expulsar el aire caliente que entra por la parte delantera, manteniendo un flujo constante de aire fresco dentro del casco.<\/li>\n<li>Sistema de ajuste: El casco Search comparte el mismo sistema de FS3 Fit Premium y el ajuste de la base occipital con nuestros S-Works Evade 3 y S-Works Prevail 3, lo que permite a los ciclistas modificar el ajuste para una mayor comodidad mediante la personalizaci\u00f3n del \u00e1ngulo del casco, garantizando que el casco y las gafas se mantienen perfectamente sincronizados<\/li>\n<\/ul>\n<p>.<\/p>\n<\/div>\n<ul>\n<li style=\"list-style-type: none;\">\n<ul>\n<li>Search obtuvo la m\u00e1xima calificaci\u00f3n 5-Star Virginia Tech\u00ae Helmet Rating\u2122 del Instituto Polit\u00e9cnico y Universidad Estatal de Virginia, reconocido internacionalmente.<\/li>\n<li>El innovador compartimento para las gafas de sol con solapas de goma ocultas mantiene un ajuste seguro y sin traqueteos, guardando tus gafas de forma segura cuando necesites apartarlas durante largas subidas o momentos de descanso.<\/li>\n<li>El sistema de FS3 Fit Premium y el ajuste de la base occipital permite a los ciclistas modificar el ajuste para una mayor comodidad y personalizar el \u00e1ngulo del casco, asegurando que el casco y las gafas se mantienen perfectamente sincronizados.<\/li>\n<li>El MIPS Evolve Core Solution es una capa de baja fricci\u00f3n que permite un movimiento de 10 a 15 mm en todas las direcciones. Los estudios indican que esto reduce algunas fuerzas de rotaci\u00f3n transmitidas al cerebro durante impactos en \u00e1ngulo.<\/li>\n<li>El casco Search incorpora nuestra tecnolog\u00eda 4D Brow Cooling y grandes salidas traseras para una mayor ventilaci\u00f3n.<\/li>\n<li>Separador de correas Tri-Fix ajustable con cintas finas de 10 mm para mayor comodidad.<\/li>\n<li>300g (Medium)<\/li>\n<\/ul>\n<\/li>\n<\/ul>\n","protected":false},"excerpt":{"rendered":"<p>Presentamos el nuevo casco Search, dise\u00f1ado para ciclistas que buscan aventuras sobre dos ruedas. Con las aberturas m\u00e1s grandes de su clase para una ventilaci\u00f3n m\u00e1xima, Search es como tener un aire acondicionado en la cabeza.<\/p>\n","protected":false},"featured_media":294222,"comment_status":"closed","ping_status":"closed","template":"","meta":{"_acf_changed":false,"_et_pb_use_builder":"","_et_pb_old_content":"","_et_gb_content_width":"","inline_featured_image":false},"product_brand":[],"product_cat":[26,46,5248,5249,5250,5246],"product_tag":[],"class_list":{"0":"post-377364","1":"product","2":"type-product","3":"status-publish","4":"has-post-thumbnail","6":"product_cat-accesorios","7":"product_cat-cascos","8":"product_cat-casco-bici-carretera","9":"product_cat-cascos-bicicleta-montana","10":"product_cat-cascos-gravel","11":"product_cat-cascos-specialized","12":"product_shipping_class-accesorios","14":"first","15":"instock","16":"taxable","17":"shipping-taxable","18":"purchasable","19":"product-type-variable","20":"wvs-archive-product-wrapper"},"acf":[],"yoast_head":"<!-- This site is optimized with the Yoast SEO Premium plugin v26.7 (Yoast SEO v26.7) - https:\/\/yoast.com\/wordpress\/plugins\/seo\/ -->\n<title>Specialized Search 2025 - GR-100<\/title>\n<meta name=\"description\" content=\"Specialized Search con las aberturas m\u00e1s grandes de su clase para una ventilaci\u00f3n m\u00e1xima, Search es como tener un aire acondicionado en la cabeza.\" \/>\n<meta name=\"robots\" content=\"index, follow, max-snippet:-1, max-image-preview:large, max-video-preview:-1\" \/>\n<link rel=\"canonical\" href=\"https:\/\/gr-100.com\/producto\/specialized-search\/\" \/>\n<meta property=\"og:locale\" content=\"pt_PT\" \/>\n<meta property=\"og:type\" content=\"article\" \/>\n<meta property=\"og:title\" content=\"Specialized Search 2025\" \/>\n<meta property=\"og:description\" content=\"Specialized Search con las aberturas m\u00e1s grandes de su clase para una ventilaci\u00f3n m\u00e1xima, Search es como tener un aire acondicionado en la cabeza.\" \/>\n<meta property=\"og:url\" content=\"https:\/\/gr-100.com\/producto\/specialized-search\/\" \/>\n<meta property=\"og:site_name\" content=\"Gr-100 Tienda de ciclismo Specialized\" \/>\n<meta property=\"article:publisher\" content=\"https:\/\/www.facebook.com\/Gr100Bikes\" \/>\n<meta property=\"article:modified_time\" content=\"2026-04-11T15:46:25+00:00\" \/>\n<meta property=\"og:image\" content=\"https:\/\/gr-100.com\/wp-content\/uploads\/2024\/05\/Search5White.jpg\" \/>\n\t<meta property=\"og:image:width\" content=\"1000\" \/>\n\t<meta property=\"og:image:height\" content=\"1000\" \/>\n\t<meta property=\"og:image:type\" content=\"image\/jpeg\" \/>\n<meta name=\"twitter:card\" content=\"summary_large_image\" \/>\n<meta name=\"twitter:label1\" content=\"Tempo estimado de leitura\" \/>\n\t<meta name=\"twitter:data1\" content=\"3 minutos\" \/>\n<script type=\"application\/ld+json\" class=\"yoast-schema-graph\">{\"@context\":\"https:\/\/schema.org\",\"@graph\":[{\"@type\":\"WebPage\",\"@id\":\"https:\/\/gr-100.com\/producto\/specialized-search\/\",\"url\":\"https:\/\/gr-100.com\/producto\/specialized-search\/\",\"name\":\"Specialized Search 2025 - GR-100\",\"isPartOf\":{\"@id\":\"https:\/\/gr-100.com\/#website\"},\"primaryImageOfPage\":{\"@id\":\"https:\/\/gr-100.com\/producto\/specialized-search\/#primaryimage\"},\"image\":{\"@id\":\"https:\/\/gr-100.com\/producto\/specialized-search\/#primaryimage\"},\"thumbnailUrl\":\"https:\/\/gr-100.com\/wp-content\/uploads\/2024\/05\/Search5White.jpg\",\"datePublished\":\"2024-07-01T14:59:30+00:00\",\"dateModified\":\"2026-04-11T15:46:25+00:00\",\"description\":\"Specialized Search con las aberturas m\u00e1s grandes de su clase para una ventilaci\u00f3n m\u00e1xima, Search es como tener un aire acondicionado en la cabeza.\",\"breadcrumb\":{\"@id\":\"https:\/\/gr-100.com\/producto\/specialized-search\/#breadcrumb\"},\"inLanguage\":\"pt-PT\",\"potentialAction\":[{\"@type\":\"ReadAction\",\"target\":[\"https:\/\/gr-100.com\/producto\/specialized-search\/\"]}]},{\"@type\":\"ImageObject\",\"inLanguage\":\"pt-PT\",\"@id\":\"https:\/\/gr-100.com\/producto\/specialized-search\/#primaryimage\",\"url\":\"https:\/\/gr-100.com\/wp-content\/uploads\/2024\/05\/Search5White.jpg\",\"contentUrl\":\"https:\/\/gr-100.com\/wp-content\/uploads\/2024\/05\/Search5White.jpg\",\"width\":1000,\"height\":1000},{\"@type\":\"BreadcrumbList\",\"@id\":\"https:\/\/gr-100.com\/producto\/specialized-search\/#breadcrumb\",\"itemListElement\":[{\"@type\":\"ListItem\",\"position\":1,\"name\":\"Portada\",\"item\":\"https:\/\/gr-100.com\/en\/\"},{\"@type\":\"ListItem\",\"position\":2,\"name\":\"Productos\",\"item\":\"https:\/\/gr-100.com\/?post_type=product\"},{\"@type\":\"ListItem\",\"position\":3,\"name\":\"Specialized Search 2025\"}]},{\"@type\":\"WebSite\",\"@id\":\"https:\/\/gr-100.com\/#website\",\"url\":\"https:\/\/gr-100.com\/\",\"name\":\"Gr-100 Tienda de ciclismo Specialized\",\"description\":\"GR-100 tenemos todas las gamas de bicicletas Specialized al mejor precio.\",\"publisher\":{\"@id\":\"https:\/\/gr-100.com\/#organization\"},\"alternateName\":\"Gr-100 Bikes\",\"potentialAction\":[{\"@type\":\"SearchAction\",\"target\":{\"@type\":\"EntryPoint\",\"urlTemplate\":\"https:\/\/gr-100.com\/?s={search_term_string}\"},\"query-input\":{\"@type\":\"PropertyValueSpecification\",\"valueRequired\":true,\"valueName\":\"search_term_string\"}}],\"inLanguage\":\"pt-PT\"},{\"@type\":\"Organization\",\"@id\":\"https:\/\/gr-100.com\/#organization\",\"name\":\"Gr-100\",\"url\":\"https:\/\/gr-100.com\/\",\"logo\":{\"@type\":\"ImageObject\",\"inLanguage\":\"pt-PT\",\"@id\":\"https:\/\/gr-100.com\/#\/schema\/logo\/image\/\",\"url\":\"https:\/\/gr-100.com\/wp-content\/uploads\/2023\/08\/logo-gr-100-bikes.png\",\"contentUrl\":\"https:\/\/gr-100.com\/wp-content\/uploads\/2023\/08\/logo-gr-100-bikes.png\",\"width\":707,\"height\":284,\"caption\":\"Gr-100\"},\"image\":{\"@id\":\"https:\/\/gr-100.com\/#\/schema\/logo\/image\/\"},\"sameAs\":[\"https:\/\/www.facebook.com\/Gr100Bikes\",\"https:\/\/www.instagram.com\/gr100bikes\/\",\"https:\/\/www.tiktok.com\/@gr100bikes\",\"https:\/\/twitter.com\/gr100mtbteam\",\"https:\/\/www.youtube.com\/c\/GR100Specialized\"]}]}<\/script>\n<!-- \/ Yoast SEO Premium plugin. -->","yoast_head_json":{"title":"Specialized Search 2025 - GR-100","description":"Specialized Search con las aberturas m\u00e1s grandes de su clase para una ventilaci\u00f3n m\u00e1xima, Search es como tener un aire acondicionado en la cabeza.","robots":{"index":"index","follow":"follow","max-snippet":"max-snippet:-1","max-image-preview":"max-image-preview:large","max-video-preview":"max-video-preview:-1"},"canonical":"https:\/\/gr-100.com\/producto\/specialized-search\/","og_locale":"pt_PT","og_type":"article","og_title":"Specialized Search 2025","og_description":"Specialized Search con las aberturas m\u00e1s grandes de su clase para una ventilaci\u00f3n m\u00e1xima, Search es como tener un aire acondicionado en la cabeza.","og_url":"https:\/\/gr-100.com\/producto\/specialized-search\/","og_site_name":"Gr-100 Tienda de ciclismo Specialized","article_publisher":"https:\/\/www.facebook.com\/Gr100Bikes","article_modified_time":"2026-04-11T15:46:25+00:00","og_image":[{"width":1000,"height":1000,"url":"https:\/\/gr-100.com\/wp-content\/uploads\/2024\/05\/Search5White.jpg","type":"image\/jpeg"}],"twitter_card":"summary_large_image","twitter_misc":{"Tempo estimado de leitura":"3 minutos"},"schema":{"@context":"https:\/\/schema.org","@graph":[{"@type":"WebPage","@id":"https:\/\/gr-100.com\/producto\/specialized-search\/","url":"https:\/\/gr-100.com\/producto\/specialized-search\/","name":"Specialized Search 2025 - GR-100","isPartOf":{"@id":"https:\/\/gr-100.com\/#website"},"primaryImageOfPage":{"@id":"https:\/\/gr-100.com\/producto\/specialized-search\/#primaryimage"},"image":{"@id":"https:\/\/gr-100.com\/producto\/specialized-search\/#primaryimage"},"thumbnailUrl":"https:\/\/gr-100.com\/wp-content\/uploads\/2024\/05\/Search5White.jpg","datePublished":"2024-07-01T14:59:30+00:00","dateModified":"2026-04-11T15:46:25+00:00","description":"Specialized Search con las aberturas m\u00e1s grandes de su clase para una ventilaci\u00f3n m\u00e1xima, Search es como tener un aire acondicionado en la cabeza.","breadcrumb":{"@id":"https:\/\/gr-100.com\/producto\/specialized-search\/#breadcrumb"},"inLanguage":"pt-PT","potentialAction":[{"@type":"ReadAction","target":["https:\/\/gr-100.com\/producto\/specialized-search\/"]}]},{"@type":"ImageObject","inLanguage":"pt-PT","@id":"https:\/\/gr-100.com\/producto\/specialized-search\/#primaryimage","url":"https:\/\/gr-100.com\/wp-content\/uploads\/2024\/05\/Search5White.jpg","contentUrl":"https:\/\/gr-100.com\/wp-content\/uploads\/2024\/05\/Search5White.jpg","width":1000,"height":1000},{"@type":"BreadcrumbList","@id":"https:\/\/gr-100.com\/producto\/specialized-search\/#breadcrumb","itemListElement":[{"@type":"ListItem","position":1,"name":"Portada","item":"https:\/\/gr-100.com\/en\/"},{"@type":"ListItem","position":2,"name":"Productos","item":"https:\/\/gr-100.com\/?post_type=product"},{"@type":"ListItem","position":3,"name":"Specialized Search 2025"}]},{"@type":"WebSite","@id":"https:\/\/gr-100.com\/#website","url":"https:\/\/gr-100.com\/","name":"Gr-100 Tienda de ciclismo Specialized","description":"GR-100 tenemos todas las gamas de bicicletas Specialized al mejor precio.","publisher":{"@id":"https:\/\/gr-100.com\/#organization"},"alternateName":"Gr-100 Bikes","potentialAction":[{"@type":"SearchAction","target":{"@type":"EntryPoint","urlTemplate":"https:\/\/gr-100.com\/?s={search_term_string}"},"query-input":{"@type":"PropertyValueSpecification","valueRequired":true,"valueName":"search_term_string"}}],"inLanguage":"pt-PT"},{"@type":"Organization","@id":"https:\/\/gr-100.com\/#organization","name":"Gr-100","url":"https:\/\/gr-100.com\/","logo":{"@type":"ImageObject","inLanguage":"pt-PT","@id":"https:\/\/gr-100.com\/#\/schema\/logo\/image\/","url":"https:\/\/gr-100.com\/wp-content\/uploads\/2023\/08\/logo-gr-100-bikes.png","contentUrl":"https:\/\/gr-100.com\/wp-content\/uploads\/2023\/08\/logo-gr-100-bikes.png","width":707,"height":284,"caption":"Gr-100"},"image":{"@id":"https:\/\/gr-100.com\/#\/schema\/logo\/image\/"},"sameAs":["https:\/\/www.facebook.com\/Gr100Bikes","https:\/\/www.instagram.com\/gr100bikes\/","https:\/\/www.tiktok.com\/@gr100bikes","https:\/\/twitter.com\/gr100mtbteam","https:\/\/www.youtube.com\/c\/GR100Specialized"]}]}},"_links":{"self":[{"href":"https:\/\/gr-100.com\/pt-pt\/wp-json\/wp\/v2\/product\/377364","targetHints":{"allow":["GET"]}}],"collection":[{"href":"https:\/\/gr-100.com\/pt-pt\/wp-json\/wp\/v2\/product"}],"about":[{"href":"https:\/\/gr-100.com\/pt-pt\/wp-json\/wp\/v2\/types\/product"}],"replies":[{"embeddable":true,"href":"https:\/\/gr-100.com\/pt-pt\/wp-json\/wp\/v2\/comments?post=377364"}],"wp:featuredmedia":[{"embeddable":true,"href":"https:\/\/gr-100.com\/pt-pt\/wp-json\/wp\/v2\/media\/294222"}],"wp:attachment":[{"href":"https:\/\/gr-100.com\/pt-pt\/wp-json\/wp\/v2\/media?parent=377364"}],"wp:term":[{"taxonomy":"product_brand","embeddable":true,"href":"https:\/\/gr-100.com\/pt-pt\/wp-json\/wp\/v2\/product_brand?post=377364"},{"taxonomy":"product_cat","embeddable":true,"href":"https:\/\/gr-100.com\/pt-pt\/wp-json\/wp\/v2\/product_cat?post=377364"},{"taxonomy":"product_tag","embeddable":true,"href":"https:\/\/gr-100.com\/pt-pt\/wp-json\/wp\/v2\/product_tag?post=377364"}],"curies":[{"name":"wp","href":"https:\/\/api.w.org\/{rel}","templated":true}]}}