{"id":377467,"date":"2024-07-01T15:04:13","date_gmt":"2024-07-01T15:04:13","guid":{"rendered":"https:\/\/nuevo.gr-100.com\/producto\/air-tool-big-bore\/"},"modified":"2025-12-24T14:05:59","modified_gmt":"2025-12-24T12:05:59","slug":"air-tool-big-bore","status":"publish","type":"product","link":"https:\/\/gr-100.com\/pt-pt\/producto\/air-tool-big-bore\/","title":{"rendered":"Air Tool Big Bore"},"content":{"rendered":"<ul>\n<li>Cabezal de gran tama\u00f1o que encaja a presi\u00f3n en v\u00e1lvulas Schrader y Presta y no eliminar\u00e1 accidentalmente n\u00facleos de v\u00e1lvula.<\/li>\n<li>Se puede utilizar f\u00e1cilmente con guantes gruesos.<\/li>\n<li>Manguito flexible que permite el bombeo agresivo sin temor a da\u00f1ar el v\u00e1stagos de la v\u00e1lvula.<\/li>\n<li>Dise\u00f1o de tubo invertido, permite una mayor presi\u00f3n de inflado con mayor volumen de aire.<\/li>\n<li>Cuerpo de aluminio mecanizado para mayor agarre.<\/li>\n<li>Incluye soporte de montaje en el portabid\u00f3n con bandas de goma para sujeci\u00f3n incluidas.<\/li>\n<li>M\u00e1xima presi\u00f3n: 30 PSI (2.1 bar)<\/li>\n<li>Volumen de aire por descarga: 90cc<\/li>\n<\/ul>\n","protected":false},"excerpt":{"rendered":"<p>Dise\u00f1ada para bicicletas con neum\u00e1tico Fat y Semi Fat, la Air Tool Big Bore Pump permite un gran volumen por descarga y cuenta con un cabezal que puede utilizarse incluso con guantes de invierno, siendo as\u00ed perfecta para fr\u00edas rutas rurales.<\/p>\n","protected":false},"featured_media":294413,"comment_status":"closed","ping_status":"closed","template":"","meta":{"_acf_changed":false,"_et_pb_use_builder":"","_et_pb_old_content":"","_et_gb_content_width":"","inline_featured_image":false},"product_brand":[],"product_cat":[26,65],"product_tag":[],"class_list":{"0":"post-377467","1":"product","2":"type-product","3":"status-publish","4":"has-post-thumbnail","6":"product_cat-accesorios","7":"product_cat-bombas","9":"first","10":"instock","11":"taxable","12":"shipping-taxable","13":"purchasable","14":"product-type-simple"},"acf":[],"yoast_head":"<!-- This site is optimized with the Yoast SEO Premium plugin v26.7 (Yoast SEO v26.7) - https:\/\/yoast.com\/wordpress\/plugins\/seo\/ -->\n<title>Air Tool Big Bore GR100<\/title>\n<meta name=\"description\" content=\"Dise\u00f1ada para bicicletas con neum\u00e1tico Fat y Semi Fat\" \/>\n<meta name=\"robots\" content=\"index, follow, max-snippet:-1, max-image-preview:large, max-video-preview:-1\" \/>\n<link rel=\"canonical\" href=\"https:\/\/gr-100.com\/producto\/air-tool-big-bore\/\" \/>\n<meta property=\"og:locale\" content=\"pt_PT\" \/>\n<meta property=\"og:type\" content=\"article\" \/>\n<meta property=\"og:title\" content=\"Air Tool Big Bore\" \/>\n<meta property=\"og:description\" content=\"Dise\u00f1ada para bicicletas con neum\u00e1tico Fat y Semi Fat\" \/>\n<meta property=\"og:url\" content=\"https:\/\/gr-100.com\/producto\/air-tool-big-bore\/\" \/>\n<meta property=\"og:site_name\" content=\"Gr-100 Tienda de ciclismo Specialized\" \/>\n<meta property=\"article:publisher\" content=\"https:\/\/www.facebook.com\/Gr100Bikes\" \/>\n<meta property=\"article:modified_time\" content=\"2025-12-24T12:05:59+00:00\" \/>\n<meta property=\"og:image\" content=\"https:\/\/gr-100.com\/wp-content\/uploads\/2024\/05\/My-project-2024-04-18T124205.071.jpeg\" \/>\n\t<meta property=\"og:image:width\" content=\"1000\" \/>\n\t<meta property=\"og:image:height\" content=\"1000\" \/>\n\t<meta property=\"og:image:type\" content=\"image\/jpeg\" \/>\n<meta name=\"twitter:card\" content=\"summary_large_image\" \/>\n<meta name=\"twitter:label1\" content=\"Tempo estimado de leitura\" \/>\n\t<meta name=\"twitter:data1\" content=\"1 minuto\" \/>\n<script type=\"application\/ld+json\" class=\"yoast-schema-graph\">{\"@context\":\"https:\/\/schema.org\",\"@graph\":[{\"@type\":\"WebPage\",\"@id\":\"https:\/\/gr-100.com\/producto\/air-tool-big-bore\/\",\"url\":\"https:\/\/gr-100.com\/producto\/air-tool-big-bore\/\",\"name\":\"Air Tool Big Bore GR100\",\"isPartOf\":{\"@id\":\"https:\/\/gr-100.com\/#website\"},\"primaryImageOfPage\":{\"@id\":\"https:\/\/gr-100.com\/producto\/air-tool-big-bore\/#primaryimage\"},\"image\":{\"@id\":\"https:\/\/gr-100.com\/producto\/air-tool-big-bore\/#primaryimage\"},\"thumbnailUrl\":\"https:\/\/gr-100.com\/wp-content\/uploads\/2024\/05\/My-project-2024-04-18T124205.071.jpeg\",\"datePublished\":\"2024-07-01T15:04:13+00:00\",\"dateModified\":\"2025-12-24T12:05:59+00:00\",\"description\":\"Dise\u00f1ada para bicicletas con neum\u00e1tico Fat y Semi Fat\",\"breadcrumb\":{\"@id\":\"https:\/\/gr-100.com\/producto\/air-tool-big-bore\/#breadcrumb\"},\"inLanguage\":\"pt-PT\",\"potentialAction\":[{\"@type\":\"ReadAction\",\"target\":[\"https:\/\/gr-100.com\/producto\/air-tool-big-bore\/\"]}]},{\"@type\":\"ImageObject\",\"inLanguage\":\"pt-PT\",\"@id\":\"https:\/\/gr-100.com\/producto\/air-tool-big-bore\/#primaryimage\",\"url\":\"https:\/\/gr-100.com\/wp-content\/uploads\/2024\/05\/My-project-2024-04-18T124205.071.jpeg\",\"contentUrl\":\"https:\/\/gr-100.com\/wp-content\/uploads\/2024\/05\/My-project-2024-04-18T124205.071.jpeg\",\"width\":1000,\"height\":1000},{\"@type\":\"BreadcrumbList\",\"@id\":\"https:\/\/gr-100.com\/producto\/air-tool-big-bore\/#breadcrumb\",\"itemListElement\":[{\"@type\":\"ListItem\",\"position\":1,\"name\":\"Portada\",\"item\":\"https:\/\/gr-100.com\/en\/\"},{\"@type\":\"ListItem\",\"position\":2,\"name\":\"Productos\",\"item\":\"https:\/\/gr-100.com\/?post_type=product\"},{\"@type\":\"ListItem\",\"position\":3,\"name\":\"Air Tool Big Bore\"}]},{\"@type\":\"WebSite\",\"@id\":\"https:\/\/gr-100.com\/#website\",\"url\":\"https:\/\/gr-100.com\/\",\"name\":\"Gr-100 Tienda de ciclismo Specialized\",\"description\":\"GR-100 tenemos todas las gamas de bicicletas Specialized al mejor precio.\",\"publisher\":{\"@id\":\"https:\/\/gr-100.com\/#organization\"},\"alternateName\":\"Gr-100 Bikes\",\"potentialAction\":[{\"@type\":\"SearchAction\",\"target\":{\"@type\":\"EntryPoint\",\"urlTemplate\":\"https:\/\/gr-100.com\/?s={search_term_string}\"},\"query-input\":{\"@type\":\"PropertyValueSpecification\",\"valueRequired\":true,\"valueName\":\"search_term_string\"}}],\"inLanguage\":\"pt-PT\"},{\"@type\":\"Organization\",\"@id\":\"https:\/\/gr-100.com\/#organization\",\"name\":\"Gr-100\",\"url\":\"https:\/\/gr-100.com\/\",\"logo\":{\"@type\":\"ImageObject\",\"inLanguage\":\"pt-PT\",\"@id\":\"https:\/\/gr-100.com\/#\/schema\/logo\/image\/\",\"url\":\"https:\/\/gr-100.com\/wp-content\/uploads\/2023\/08\/logo-gr-100-bikes.png\",\"contentUrl\":\"https:\/\/gr-100.com\/wp-content\/uploads\/2023\/08\/logo-gr-100-bikes.png\",\"width\":707,\"height\":284,\"caption\":\"Gr-100\"},\"image\":{\"@id\":\"https:\/\/gr-100.com\/#\/schema\/logo\/image\/\"},\"sameAs\":[\"https:\/\/www.facebook.com\/Gr100Bikes\",\"https:\/\/www.instagram.com\/gr100bikes\/\",\"https:\/\/www.tiktok.com\/@gr100bikes\",\"https:\/\/twitter.com\/gr100mtbteam\",\"https:\/\/www.youtube.com\/c\/GR100Specialized\"]}]}<\/script>\n<!-- \/ Yoast SEO Premium plugin. -->","yoast_head_json":{"title":"Air Tool Big Bore GR100","description":"Dise\u00f1ada para bicicletas con neum\u00e1tico Fat y Semi Fat","robots":{"index":"index","follow":"follow","max-snippet":"max-snippet:-1","max-image-preview":"max-image-preview:large","max-video-preview":"max-video-preview:-1"},"canonical":"https:\/\/gr-100.com\/producto\/air-tool-big-bore\/","og_locale":"pt_PT","og_type":"article","og_title":"Air Tool Big Bore","og_description":"Dise\u00f1ada para bicicletas con neum\u00e1tico Fat y Semi Fat","og_url":"https:\/\/gr-100.com\/producto\/air-tool-big-bore\/","og_site_name":"Gr-100 Tienda de ciclismo Specialized","article_publisher":"https:\/\/www.facebook.com\/Gr100Bikes","article_modified_time":"2025-12-24T12:05:59+00:00","og_image":[{"width":1000,"height":1000,"url":"https:\/\/gr-100.com\/wp-content\/uploads\/2024\/05\/My-project-2024-04-18T124205.071.jpeg","type":"image\/jpeg"}],"twitter_card":"summary_large_image","twitter_misc":{"Tempo estimado de leitura":"1 minuto"},"schema":{"@context":"https:\/\/schema.org","@graph":[{"@type":"WebPage","@id":"https:\/\/gr-100.com\/producto\/air-tool-big-bore\/","url":"https:\/\/gr-100.com\/producto\/air-tool-big-bore\/","name":"Air Tool Big Bore GR100","isPartOf":{"@id":"https:\/\/gr-100.com\/#website"},"primaryImageOfPage":{"@id":"https:\/\/gr-100.com\/producto\/air-tool-big-bore\/#primaryimage"},"image":{"@id":"https:\/\/gr-100.com\/producto\/air-tool-big-bore\/#primaryimage"},"thumbnailUrl":"https:\/\/gr-100.com\/wp-content\/uploads\/2024\/05\/My-project-2024-04-18T124205.071.jpeg","datePublished":"2024-07-01T15:04:13+00:00","dateModified":"2025-12-24T12:05:59+00:00","description":"Dise\u00f1ada para bicicletas con neum\u00e1tico Fat y Semi Fat","breadcrumb":{"@id":"https:\/\/gr-100.com\/producto\/air-tool-big-bore\/#breadcrumb"},"inLanguage":"pt-PT","potentialAction":[{"@type":"ReadAction","target":["https:\/\/gr-100.com\/producto\/air-tool-big-bore\/"]}]},{"@type":"ImageObject","inLanguage":"pt-PT","@id":"https:\/\/gr-100.com\/producto\/air-tool-big-bore\/#primaryimage","url":"https:\/\/gr-100.com\/wp-content\/uploads\/2024\/05\/My-project-2024-04-18T124205.071.jpeg","contentUrl":"https:\/\/gr-100.com\/wp-content\/uploads\/2024\/05\/My-project-2024-04-18T124205.071.jpeg","width":1000,"height":1000},{"@type":"BreadcrumbList","@id":"https:\/\/gr-100.com\/producto\/air-tool-big-bore\/#breadcrumb","itemListElement":[{"@type":"ListItem","position":1,"name":"Portada","item":"https:\/\/gr-100.com\/en\/"},{"@type":"ListItem","position":2,"name":"Productos","item":"https:\/\/gr-100.com\/?post_type=product"},{"@type":"ListItem","position":3,"name":"Air Tool Big Bore"}]},{"@type":"WebSite","@id":"https:\/\/gr-100.com\/#website","url":"https:\/\/gr-100.com\/","name":"Gr-100 Tienda de ciclismo Specialized","description":"GR-100 tenemos todas las gamas de bicicletas Specialized al mejor precio.","publisher":{"@id":"https:\/\/gr-100.com\/#organization"},"alternateName":"Gr-100 Bikes","potentialAction":[{"@type":"SearchAction","target":{"@type":"EntryPoint","urlTemplate":"https:\/\/gr-100.com\/?s={search_term_string}"},"query-input":{"@type":"PropertyValueSpecification","valueRequired":true,"valueName":"search_term_string"}}],"inLanguage":"pt-PT"},{"@type":"Organization","@id":"https:\/\/gr-100.com\/#organization","name":"Gr-100","url":"https:\/\/gr-100.com\/","logo":{"@type":"ImageObject","inLanguage":"pt-PT","@id":"https:\/\/gr-100.com\/#\/schema\/logo\/image\/","url":"https:\/\/gr-100.com\/wp-content\/uploads\/2023\/08\/logo-gr-100-bikes.png","contentUrl":"https:\/\/gr-100.com\/wp-content\/uploads\/2023\/08\/logo-gr-100-bikes.png","width":707,"height":284,"caption":"Gr-100"},"image":{"@id":"https:\/\/gr-100.com\/#\/schema\/logo\/image\/"},"sameAs":["https:\/\/www.facebook.com\/Gr100Bikes","https:\/\/www.instagram.com\/gr100bikes\/","https:\/\/www.tiktok.com\/@gr100bikes","https:\/\/twitter.com\/gr100mtbteam","https:\/\/www.youtube.com\/c\/GR100Specialized"]}]}},"_links":{"self":[{"href":"https:\/\/gr-100.com\/pt-pt\/wp-json\/wp\/v2\/product\/377467","targetHints":{"allow":["GET"]}}],"collection":[{"href":"https:\/\/gr-100.com\/pt-pt\/wp-json\/wp\/v2\/product"}],"about":[{"href":"https:\/\/gr-100.com\/pt-pt\/wp-json\/wp\/v2\/types\/product"}],"replies":[{"embeddable":true,"href":"https:\/\/gr-100.com\/pt-pt\/wp-json\/wp\/v2\/comments?post=377467"}],"wp:featuredmedia":[{"embeddable":true,"href":"https:\/\/gr-100.com\/pt-pt\/wp-json\/wp\/v2\/media\/294413"}],"wp:attachment":[{"href":"https:\/\/gr-100.com\/pt-pt\/wp-json\/wp\/v2\/media?parent=377467"}],"wp:term":[{"taxonomy":"product_brand","embeddable":true,"href":"https:\/\/gr-100.com\/pt-pt\/wp-json\/wp\/v2\/product_brand?post=377467"},{"taxonomy":"product_cat","embeddable":true,"href":"https:\/\/gr-100.com\/pt-pt\/wp-json\/wp\/v2\/product_cat?post=377467"},{"taxonomy":"product_tag","embeddable":true,"href":"https:\/\/gr-100.com\/pt-pt\/wp-json\/wp\/v2\/product_tag?post=377467"}],"curies":[{"name":"wp","href":"https:\/\/api.w.org\/{rel}","templated":true}]}}