{"id":377680,"date":"2024-07-01T15:13:12","date_gmt":"2024-07-01T15:13:12","guid":{"rendered":"https:\/\/nuevo.gr-100.com\/producto\/roval-control-sl-team\/"},"modified":"2025-11-27T11:00:21","modified_gmt":"2025-11-27T09:00:21","slug":"roval-control-sl-team","status":"publish","type":"product","link":"https:\/\/gr-100.com\/pt-pt\/producto\/roval-control-sl-team\/","title":{"rendered":"Roval Control SL Team"},"content":{"rendered":"<ul>\n<li>\n<div>\n<p>LAS M\u00c1S LIGERAS DEL MUNDO: Con 1190 gramos, son las ruedas de XC de producci\u00f3n en masa m\u00e1s ligeras. El mayor ahorro de peso proviene de nuestros revolucionarios radios de carbono. Despu\u00e9s de un proceso de tres a\u00f1os que incluy\u00f3 una exhaustiva investigaci\u00f3n de materiales y extensas pruebas en el campo y en el laboratorio, llegamos a 20 radios de fibra de carbono optimizados que no s\u00f3lo son un 29% m\u00e1s ligeros que sus hom\u00f3logos de acero, sino que tambi\u00e9n son m\u00e1s resistentes y m\u00e1s duraderos.<\/p>\n<p>VELOCIDAD DE CONTROL: las Control SL Team se ganan su nombre al alcanzar los objetivos \u00f3ptimos de rigidez que proporcionan una precisi\u00f3n de direcci\u00f3n y una tracci\u00f3n ganadoras de la Copa del Mundo. Las llantas y los radios de carbono est\u00e1n optimizados para la rigidez lateral creando una direcci\u00f3n predecible para que el ciclista alcance la l\u00ednea que pretende. Esto, combinado con la rigidez torsional adecuada, permite al ciclista seguir el terreno fielmente y maximizar la tracci\u00f3n.<\/p>\n<p>FALLAR NO ES UNA OPCI\u00d3N: Con un 33% m\u00e1s de fuerza para fallar que nuestros competidores m\u00e1s cercanos, ofrecen la durabilidad que necesitas para la velocidad en circuitos modernos y agresivos. La forma plana del tal\u00f3n elimina casi por completo la amenaza de pinchazos, requiriendo un 40% m\u00e1s de fuerza para pinchar que nuestros competidores m\u00e1s duros, permitiendo a los riders utilizar su presi\u00f3n de aire preferida con un 100% de confianza.<\/p>\n<p>EDICI\u00d3N LIMITADA: Para los ciclistas que buscan el juego de ruedas m\u00e1s r\u00e1pido del mundo a trav\u00e9s del m\u00e1s alto nivel de control, durabilidad y rendimiento ultraligero en una rueda de carreras XC, Control SL Team es la elecci\u00f3n. Este juego de ruedas fabricado a mano s\u00f3lo est\u00e1 disponible una vez y en cantidades extremadamente limitadas.<\/p>\n<p>QU\u00c9 HAY EN LA CAJA: las Control SL Team son m\u00e1s que un juego de ruedas. Tambi\u00e9n obtendr\u00e1s tornillos de Ti, tapones con herramientas, un kit Dynaplug, una bolsa para ruedas de primera calidad, 2 cubiertas Specialized de primera calidad, radios de carbono extra y algunas sorpresas m\u00e1s.<\/p>\n<\/div>\n<ul>\n<li>Llanta: Control SL 29, 4mm tal\u00f3n plano, delantera: 29\u2019\u2019 &#8211; trasera: 29\u2019\u2019, frenos de disco, Tubeless, compatible con mousse.<\/li>\n<li>Detalles del Aro: profundidad 25mm , 37mm ancho externo, 29mm ancho interno, 4mm ancho del tal\u00f3n.<\/li>\n<li>Hub: Roval Low Flange Hub (LFM21\/LFM22), 20H, Straightpull, 6-bolt disc, DT Swiss 180 Ratchet EXP 36t internals (10 degs), 15mm x 110mm thru-axle (Boost) &amp; 12mm x 148mm (Boost), SRAM XD Freehub (convertible freehub), Silver TEAM Edition. Max Rotor Size &lt;200mm.<\/li>\n<li>Buje: Roval Low Flange Hub (LFM21\/LFM22), 20H, Straightpull, 6-bolt disc, DT Swiss 180 Ratchet EXP 36t internals (10 degs), 15mm x 110mm thru-axle (Boost) &amp; 12mm x 148mm (Boost), SRAM XD Freehub (convertible freehub), Silver TEAM Edition. Max Rotor Size &lt;200mm.<\/li>\n<li>Rodamientos: DT Swiss Ceramic SINC.<\/li>\n<li>Radios: Roval Carbon Round Straightpull: Delanteros: Two-cross (1:1) 20 count, 306mm (DS\/NDS): Trasero: Two-cross (1:1) 20 count, 306mm (DS\/NDS).<\/li>\n<li>Cabecillas: Roval, Alloy, 8.1mm.<\/li>\n<li>Tire Size: 1.9\u2019\u2019 &#8211; 2.6\u2019\u2019. Max PSI: 1.9\u201d \u2013 2.3\u201d = 40psi: 2.35\u201d-2.5\u201d = 35psi: 2.5\u201d-2.6\u201d = 30psi.<\/li>\n<li>Medida de neum\u00e1tico: 1.9\u2019\u2019 &#8211; 2.6\u2019\u2019. Max PSI: 1.9\u201d \u2013 2.3\u201d = 40psi: 2.35\u201d-2.5\u201d = 35psi: 2.5\u201d-2.6\u201d = 30psi.<\/li>\n<li>Peso: Juego 1,190g, Delantero 548g, Trasero 642g (incluye 15g por rueda con la cinta y v\u00e1lvula tubeless).<\/li>\n<li>Extras: Fast Trak S-Works 29 x 2.35, Renegade S-Works 29 x 2.35, Titanium Rotor Bolts (x12), LTD Roval Double Wheel Bag, LTD Roval Water Bottle (x2), Custom Roval Dynaplug\u00ae Racer Pro w\/ Spare Plugs, DT Swiss Microspline FHB, 19 &amp; 31mm OD End Caps w\/ Tool, DT Swiss Ceramic SINC Bearings, Spare Spoke &amp; Nipple Kit w\/ Hand Built Tension Card, LTD Personalized S-Racing Packet, Lifetime Warranty, System Weight Limit: 275lbs\/125kg.<\/li>\n<li>Extras: Fast Trak S-Works 29 x 2.35, Renegade S-Works 29 x 2.35, Titanium Rotor Bolts (x12), LTD Roval Double Wheel Bag, LTD Roval Water Bottle (x2), Custom Roval Dynaplug\u00ae Racer Pro w\/ Spare Plugs, DT Swiss Microspline FHB, 19 &amp; 31mm OD End Caps w\/ Tool, DT Swiss Ceramic SINC Bearings, Spare Spoke &amp; Nipple Kit w\/ Hand Built Tension Card, LTD Personalized S-Racing Packet, Lifetime Warranty, System Weight Limit: 275lbs\/125kg.<\/li>\n<li>M\u00e9todo de montaje: a mano.<\/li>\n<\/ul>\n<\/li>\n<\/ul>\n","protected":false},"excerpt":{"rendered":"<p>Las Control SL Team son las ruedas de XC m\u00e1s ligeras y r\u00e1pidas del mundo. A trav\u00e9s de un delicado equilibrio de desarrollo de peso ligero, calidad de conducci\u00f3n de primera clase, y objetivos de durabilidad superados, el equipo Roval fue capaz de dise\u00f1ar para nuestros profesionales de XC un juego de ruedas como nunca antes.<\/p>\n","protected":false},"featured_media":294795,"comment_status":"closed","ping_status":"closed","template":"","meta":{"_acf_changed":false,"_et_pb_use_builder":"","_et_pb_old_content":"","_et_gb_content_width":"","inline_featured_image":false},"product_brand":[],"product_cat":[25,55],"product_tag":[],"class_list":{"0":"post-377680","1":"product","2":"type-product","3":"status-publish","4":"has-post-thumbnail","6":"product_cat-componentes","7":"product_cat-ruedas","8":"product_shipping_class-componentes","10":"first","11":"outofstock","12":"taxable","13":"shipping-taxable","14":"purchasable","15":"product-type-simple"},"acf":[],"yoast_head":"<!-- This site is optimized with the Yoast SEO Premium plugin v26.7 (Yoast SEO v26.7) - https:\/\/yoast.com\/wordpress\/plugins\/seo\/ -->\n<title>Roval Control SL Team<\/title>\n<meta name=\"description\" content=\"Experimenta un rendimiento excepcional en tus rutas con la Roval Alpinist CL HG, disponible en nuestra tienda en l\u00ednea gr-100\" \/>\n<meta name=\"robots\" content=\"index, follow, max-snippet:-1, max-image-preview:large, max-video-preview:-1\" \/>\n<link rel=\"canonical\" href=\"https:\/\/gr-100.com\/producto\/roval-control-sl-team\/\" \/>\n<meta property=\"og:locale\" content=\"pt_PT\" \/>\n<meta property=\"og:type\" content=\"article\" \/>\n<meta property=\"og:title\" content=\"Roval Control SL Team\" \/>\n<meta property=\"og:description\" content=\"Experimenta un rendimiento excepcional en tus rutas con la Roval Alpinist CL HG, disponible en nuestra tienda en l\u00ednea gr-100\" \/>\n<meta property=\"og:url\" content=\"https:\/\/gr-100.com\/producto\/roval-control-sl-team\/\" \/>\n<meta property=\"og:site_name\" content=\"Gr-100 Tienda de ciclismo Specialized\" \/>\n<meta property=\"article:publisher\" content=\"https:\/\/www.facebook.com\/Gr100Bikes\" \/>\n<meta property=\"article:modified_time\" content=\"2025-11-27T09:00:21+00:00\" \/>\n<meta property=\"og:image\" content=\"https:\/\/gr-100.com\/wp-content\/uploads\/2024\/05\/Roval-Control-SL-Team1.jpg\" \/>\n\t<meta property=\"og:image:width\" content=\"1000\" \/>\n\t<meta property=\"og:image:height\" content=\"1000\" \/>\n\t<meta property=\"og:image:type\" content=\"image\/jpeg\" \/>\n<meta name=\"twitter:card\" content=\"summary_large_image\" \/>\n<meta name=\"twitter:label1\" content=\"Tempo estimado de leitura\" \/>\n\t<meta name=\"twitter:data1\" content=\"4 minutos\" \/>\n<script type=\"application\/ld+json\" class=\"yoast-schema-graph\">{\"@context\":\"https:\/\/schema.org\",\"@graph\":[{\"@type\":\"WebPage\",\"@id\":\"https:\/\/gr-100.com\/producto\/roval-control-sl-team\/\",\"url\":\"https:\/\/gr-100.com\/producto\/roval-control-sl-team\/\",\"name\":\"Roval Control SL Team\",\"isPartOf\":{\"@id\":\"https:\/\/gr-100.com\/#website\"},\"primaryImageOfPage\":{\"@id\":\"https:\/\/gr-100.com\/producto\/roval-control-sl-team\/#primaryimage\"},\"image\":{\"@id\":\"https:\/\/gr-100.com\/producto\/roval-control-sl-team\/#primaryimage\"},\"thumbnailUrl\":\"https:\/\/gr-100.com\/wp-content\/uploads\/2024\/05\/Roval-Control-SL-Team1.jpg\",\"datePublished\":\"2024-07-01T15:13:12+00:00\",\"dateModified\":\"2025-11-27T09:00:21+00:00\",\"description\":\"Experimenta un rendimiento excepcional en tus rutas con la Roval Alpinist CL HG, disponible en nuestra tienda en l\u00ednea gr-100\",\"breadcrumb\":{\"@id\":\"https:\/\/gr-100.com\/producto\/roval-control-sl-team\/#breadcrumb\"},\"inLanguage\":\"pt-PT\",\"potentialAction\":[{\"@type\":\"ReadAction\",\"target\":[\"https:\/\/gr-100.com\/producto\/roval-control-sl-team\/\"]}]},{\"@type\":\"ImageObject\",\"inLanguage\":\"pt-PT\",\"@id\":\"https:\/\/gr-100.com\/producto\/roval-control-sl-team\/#primaryimage\",\"url\":\"https:\/\/gr-100.com\/wp-content\/uploads\/2024\/05\/Roval-Control-SL-Team1.jpg\",\"contentUrl\":\"https:\/\/gr-100.com\/wp-content\/uploads\/2024\/05\/Roval-Control-SL-Team1.jpg\",\"width\":1000,\"height\":1000},{\"@type\":\"BreadcrumbList\",\"@id\":\"https:\/\/gr-100.com\/producto\/roval-control-sl-team\/#breadcrumb\",\"itemListElement\":[{\"@type\":\"ListItem\",\"position\":1,\"name\":\"Portada\",\"item\":\"https:\/\/gr-100.com\/en\/\"},{\"@type\":\"ListItem\",\"position\":2,\"name\":\"Productos\",\"item\":\"https:\/\/gr-100.com\/?post_type=product\"},{\"@type\":\"ListItem\",\"position\":3,\"name\":\"Roval Control SL Team\"}]},{\"@type\":\"WebSite\",\"@id\":\"https:\/\/gr-100.com\/#website\",\"url\":\"https:\/\/gr-100.com\/\",\"name\":\"Gr-100 Tienda de ciclismo Specialized\",\"description\":\"GR-100 tenemos todas las gamas de bicicletas Specialized al mejor precio.\",\"publisher\":{\"@id\":\"https:\/\/gr-100.com\/#organization\"},\"alternateName\":\"Gr-100 Bikes\",\"potentialAction\":[{\"@type\":\"SearchAction\",\"target\":{\"@type\":\"EntryPoint\",\"urlTemplate\":\"https:\/\/gr-100.com\/?s={search_term_string}\"},\"query-input\":{\"@type\":\"PropertyValueSpecification\",\"valueRequired\":true,\"valueName\":\"search_term_string\"}}],\"inLanguage\":\"pt-PT\"},{\"@type\":\"Organization\",\"@id\":\"https:\/\/gr-100.com\/#organization\",\"name\":\"Gr-100\",\"url\":\"https:\/\/gr-100.com\/\",\"logo\":{\"@type\":\"ImageObject\",\"inLanguage\":\"pt-PT\",\"@id\":\"https:\/\/gr-100.com\/#\/schema\/logo\/image\/\",\"url\":\"https:\/\/gr-100.com\/wp-content\/uploads\/2023\/08\/logo-gr-100-bikes.png\",\"contentUrl\":\"https:\/\/gr-100.com\/wp-content\/uploads\/2023\/08\/logo-gr-100-bikes.png\",\"width\":707,\"height\":284,\"caption\":\"Gr-100\"},\"image\":{\"@id\":\"https:\/\/gr-100.com\/#\/schema\/logo\/image\/\"},\"sameAs\":[\"https:\/\/www.facebook.com\/Gr100Bikes\",\"https:\/\/www.instagram.com\/gr100bikes\/\",\"https:\/\/www.tiktok.com\/@gr100bikes\",\"https:\/\/twitter.com\/gr100mtbteam\",\"https:\/\/www.youtube.com\/c\/GR100Specialized\"]}]}<\/script>\n<!-- \/ Yoast SEO Premium plugin. -->","yoast_head_json":{"title":"Roval Control SL Team","description":"Experimenta un rendimiento excepcional en tus rutas con la Roval Alpinist CL HG, disponible en nuestra tienda en l\u00ednea gr-100","robots":{"index":"index","follow":"follow","max-snippet":"max-snippet:-1","max-image-preview":"max-image-preview:large","max-video-preview":"max-video-preview:-1"},"canonical":"https:\/\/gr-100.com\/producto\/roval-control-sl-team\/","og_locale":"pt_PT","og_type":"article","og_title":"Roval Control SL Team","og_description":"Experimenta un rendimiento excepcional en tus rutas con la Roval Alpinist CL HG, disponible en nuestra tienda en l\u00ednea gr-100","og_url":"https:\/\/gr-100.com\/producto\/roval-control-sl-team\/","og_site_name":"Gr-100 Tienda de ciclismo Specialized","article_publisher":"https:\/\/www.facebook.com\/Gr100Bikes","article_modified_time":"2025-11-27T09:00:21+00:00","og_image":[{"width":1000,"height":1000,"url":"https:\/\/gr-100.com\/wp-content\/uploads\/2024\/05\/Roval-Control-SL-Team1.jpg","type":"image\/jpeg"}],"twitter_card":"summary_large_image","twitter_misc":{"Tempo estimado de leitura":"4 minutos"},"schema":{"@context":"https:\/\/schema.org","@graph":[{"@type":"WebPage","@id":"https:\/\/gr-100.com\/producto\/roval-control-sl-team\/","url":"https:\/\/gr-100.com\/producto\/roval-control-sl-team\/","name":"Roval Control SL Team","isPartOf":{"@id":"https:\/\/gr-100.com\/#website"},"primaryImageOfPage":{"@id":"https:\/\/gr-100.com\/producto\/roval-control-sl-team\/#primaryimage"},"image":{"@id":"https:\/\/gr-100.com\/producto\/roval-control-sl-team\/#primaryimage"},"thumbnailUrl":"https:\/\/gr-100.com\/wp-content\/uploads\/2024\/05\/Roval-Control-SL-Team1.jpg","datePublished":"2024-07-01T15:13:12+00:00","dateModified":"2025-11-27T09:00:21+00:00","description":"Experimenta un rendimiento excepcional en tus rutas con la Roval Alpinist CL HG, disponible en nuestra tienda en l\u00ednea gr-100","breadcrumb":{"@id":"https:\/\/gr-100.com\/producto\/roval-control-sl-team\/#breadcrumb"},"inLanguage":"pt-PT","potentialAction":[{"@type":"ReadAction","target":["https:\/\/gr-100.com\/producto\/roval-control-sl-team\/"]}]},{"@type":"ImageObject","inLanguage":"pt-PT","@id":"https:\/\/gr-100.com\/producto\/roval-control-sl-team\/#primaryimage","url":"https:\/\/gr-100.com\/wp-content\/uploads\/2024\/05\/Roval-Control-SL-Team1.jpg","contentUrl":"https:\/\/gr-100.com\/wp-content\/uploads\/2024\/05\/Roval-Control-SL-Team1.jpg","width":1000,"height":1000},{"@type":"BreadcrumbList","@id":"https:\/\/gr-100.com\/producto\/roval-control-sl-team\/#breadcrumb","itemListElement":[{"@type":"ListItem","position":1,"name":"Portada","item":"https:\/\/gr-100.com\/en\/"},{"@type":"ListItem","position":2,"name":"Productos","item":"https:\/\/gr-100.com\/?post_type=product"},{"@type":"ListItem","position":3,"name":"Roval Control SL Team"}]},{"@type":"WebSite","@id":"https:\/\/gr-100.com\/#website","url":"https:\/\/gr-100.com\/","name":"Gr-100 Tienda de ciclismo Specialized","description":"GR-100 tenemos todas las gamas de bicicletas Specialized al mejor precio.","publisher":{"@id":"https:\/\/gr-100.com\/#organization"},"alternateName":"Gr-100 Bikes","potentialAction":[{"@type":"SearchAction","target":{"@type":"EntryPoint","urlTemplate":"https:\/\/gr-100.com\/?s={search_term_string}"},"query-input":{"@type":"PropertyValueSpecification","valueRequired":true,"valueName":"search_term_string"}}],"inLanguage":"pt-PT"},{"@type":"Organization","@id":"https:\/\/gr-100.com\/#organization","name":"Gr-100","url":"https:\/\/gr-100.com\/","logo":{"@type":"ImageObject","inLanguage":"pt-PT","@id":"https:\/\/gr-100.com\/#\/schema\/logo\/image\/","url":"https:\/\/gr-100.com\/wp-content\/uploads\/2023\/08\/logo-gr-100-bikes.png","contentUrl":"https:\/\/gr-100.com\/wp-content\/uploads\/2023\/08\/logo-gr-100-bikes.png","width":707,"height":284,"caption":"Gr-100"},"image":{"@id":"https:\/\/gr-100.com\/#\/schema\/logo\/image\/"},"sameAs":["https:\/\/www.facebook.com\/Gr100Bikes","https:\/\/www.instagram.com\/gr100bikes\/","https:\/\/www.tiktok.com\/@gr100bikes","https:\/\/twitter.com\/gr100mtbteam","https:\/\/www.youtube.com\/c\/GR100Specialized"]}]}},"_links":{"self":[{"href":"https:\/\/gr-100.com\/pt-pt\/wp-json\/wp\/v2\/product\/377680","targetHints":{"allow":["GET"]}}],"collection":[{"href":"https:\/\/gr-100.com\/pt-pt\/wp-json\/wp\/v2\/product"}],"about":[{"href":"https:\/\/gr-100.com\/pt-pt\/wp-json\/wp\/v2\/types\/product"}],"replies":[{"embeddable":true,"href":"https:\/\/gr-100.com\/pt-pt\/wp-json\/wp\/v2\/comments?post=377680"}],"wp:featuredmedia":[{"embeddable":true,"href":"https:\/\/gr-100.com\/pt-pt\/wp-json\/wp\/v2\/media\/294795"}],"wp:attachment":[{"href":"https:\/\/gr-100.com\/pt-pt\/wp-json\/wp\/v2\/media?parent=377680"}],"wp:term":[{"taxonomy":"product_brand","embeddable":true,"href":"https:\/\/gr-100.com\/pt-pt\/wp-json\/wp\/v2\/product_brand?post=377680"},{"taxonomy":"product_cat","embeddable":true,"href":"https:\/\/gr-100.com\/pt-pt\/wp-json\/wp\/v2\/product_cat?post=377680"},{"taxonomy":"product_tag","embeddable":true,"href":"https:\/\/gr-100.com\/pt-pt\/wp-json\/wp\/v2\/product_tag?post=377680"}],"curies":[{"name":"wp","href":"https:\/\/api.w.org\/{rel}","templated":true}]}}