{"id":379728,"date":"2024-08-02T11:59:29","date_gmt":"2024-08-02T09:59:29","guid":{"rendered":"https:\/\/gr-100.com\/producto\/bobina-especializada-stumpjumper-15-ohlins-2025\/"},"modified":"2025-09-22T16:16:19","modified_gmt":"2025-09-22T14:16:19","slug":"bobina-especializada-stumpjumper-15-ohlins-2025","status":"publish","type":"product","link":"https:\/\/gr-100.com\/pt-pt\/producto\/bobina-especializada-stumpjumper-15-ohlins-2025\/","title":{"rendered":"Specialized Bobina Stumpjumper 15 \u00d6hlins 2025"},"content":{"rendered":"<p><strong>CINEM\u00c1TICA APERFEI\u00c7OADA:<\/strong> Sendo a moto trail por excel\u00eancia, a Stumpjumper 15 equilibra a efici\u00eancia e a gest\u00e3o ideal da for\u00e7a de colis\u00e3o. Para o anti-agachamento do Stumpjumper 15, encontramos um equil\u00edbrio entre o Stumpjumper anterior e o Stumpjumper EVO, pois ambos tinham excelentes caracter\u00edsticas de pedalada. <strong>GEOMETRIA AJUSTADA:<\/strong> A geometria desta bicicleta oferece a capacidade de uma bicicleta grande quando voc\u00ea precisa, uma sensa\u00e7\u00e3o \u00e1gil em se\u00e7\u00f5es l\u00fadicas e uma pedalada firme e eficiente. O generoso cockpit foca-o na moto, otimizando a tra\u00e7\u00e3o e o controlo em curva. O suporte inferior baixo, o tubo de cabe\u00e7a angular e o deslocamento otimizado da forquilha mant\u00eam a estabilidade em terrenos acidentados. <strong>CONDUZA \u00c0 SUA MANEIRA:<\/strong> A Stumpjumper 15 integra perfeitamente o ajuste de refer\u00eancia geom\u00e9trica, tornando-a a bicicleta de trail mais personaliz\u00e1vel de sempre. Seis configura\u00e7\u00f5es geom\u00e9tricas diferentes permitem ajustar o desempenho para qualquer estilo, qualquer terreno. O \u00e2ngulo de viragem e o suporte inferior podem ser ajustados em termos de estabilidade ou folga. <strong>FORMA SEGUE DIVERS\u00c3O:<\/strong> Podemos fazer uma pintura t\u00e3o r\u00edgida quanto quisermos, mas talvez n\u00e3o seja a mais adequada. Para ser um com a moto, o quadro precisa atender aos requisitos de engenharia. Concebemos o quadro em carbono FACT 11M \u2013 a dianteira, o choque e a liga\u00e7\u00e3o entre eles \u2013 como uma unidade \u00fanica que atinge o objetivo de rigidez que estabelecemos para a condu\u00e7\u00e3o em trail. <strong>TAMANHO DA RODA:<\/strong> Todos os modelos com suspens\u00e3o de mola v\u00eam com rodas mistas. <strong>RODAS PARA TODOS:<\/strong> Com os nossos suportes de amortecimento p\u00f3s-venda, pode escolher entre grandes rodas dianteiras e traseiras ou misturar coisas com uma traseira de 27,5&#8243; para uma condu\u00e7\u00e3o mais \u00e1gil e divertida. N\u00e3o importa o que voc\u00ea pilota, a geometria n\u00e3o \u00e9 afetada. <strong>LEVE TUDO:<\/strong> SWAT 4.0 no Stumpjumper 15 aumenta o armazenamento no tubo inferior, uma inova\u00e7\u00e3o que fomos pioneiros. \u00c9 o sistema de armazenamento mais resistente \u00e0s intemp\u00e9ries. <strong>MAIS FI\u00c1VEL DO QUE VOC\u00ca:<\/strong> Nossas bicicletas com suspens\u00e3o total s\u00e3o constru\u00eddas para serem implac\u00e1veis, projetadas para suportar anos de pedaladas dif\u00edceis e apoiadas pelo melhor suporte e pol\u00edticas para mant\u00ea-lo nas trilhas. A nossa imbat\u00edvel garantia vital\u00edcia sem perguntas sobre rolamentos de choque ao propriet\u00e1rio original \u00e9 apenas uma das formas de o protegermos. <\/p>\n<ul>\n<li>Quadro de carbono ultraleve FACT 11M<\/li>\n<li>Roval Traverse com cubos DT Swiss 370<\/li>\n<li>Suspens\u00e3o premium \u00d6hlins TTX 22 M da Ride Dynamics<\/li>\n<li>Garfo \u00d6hlins RXF38 M.2 29 160mm<\/li>\n<li>SRAM GX Eagle AXS T-Type<\/li>\n<li>Potentes trav\u00f5es TRP DH-R EVO de 4 pist\u00f5es<\/li>\n<li>Conta-gotas ajust\u00e1vel p\u00f3s PNW LOAM<\/li>\n<li>Garantia vital\u00edcia para o primeiro comprador dos rolamentos do sistema de suspens\u00e3o<\/li>\n<li>Compat\u00edvel apenas com transmiss\u00f5es electr\u00f3nicas<\/li>\n<\/ul>\n<p><strong>Especifica\u00e7\u00f5es<\/strong><\/p>\n<ul>\n<li>SWAT<br \/>\nSWAT 4.0 armazenamento interno downtube<\/li>\n<li>FACTO Chassis e traseira em carbono de 11m<br \/>\n, Geometria do Trilho, Integra\u00e7\u00e3o com a porta SWAT\u2122, ajuste do \u00e2ngulo do tubo de cabe\u00e7a, BB roscado, roteamento do cabo de freio interno e conta-gotas, sa\u00eddas de 12x148mm, piv\u00f4s de rolamento de cartucho selado, compat\u00edvel SRAM UDH, 145mm de curso<\/li>\n<li>ABRA\u00c7O. Liga de sela<br \/>\n, 38.6mm <\/li>\n<li>GARFO<br \/>\n\u00d6hlins RXF38 M.2 29, Amortecimento de tubo duplo TTX, ajuste externo de rebote de baixa velocidade, ajuste externo de compress\u00e3o de alta e baixa velocidade, 15x110mm, 44mm offset, 160mm de curso<\/li>\n<li>AMORTECEDOR<br \/>\n\u00d6hlins TTX 22 M Coil, Ride Dynamics trail tune, ajuste de rebote externo, ajuste externo de compress\u00e3o de alta e baixa velocidade, 210&#215;55, S2: 434lbs, S3: 480lbs, S4: 525lbs, S5: 571lbs, S6: 605lbs<\/li>\n<li>Bridge Comp SADDLE,<br \/>\n Trilhos ocos Cr-mo, S1-S2: 155mm, S3-S6: 143mm<\/li>\n<li>Divindade STEM<br \/>\n, bra\u00e7adeira de 35mm, comprimento de 35mm<\/li>\n<li>Punhos Diety<br \/>\n, Supracush, Preto<\/li>\n<li>GUID\u00c3O DEITY<br \/>\n, Racepoint, upsweep de 5 graus, backsweep de 9 graus, largura de 810, S2: eleva\u00e7\u00e3o de 25mm; S3-S6: 38mm de eleva\u00e7\u00e3o<\/li>\n<li>PNW SEATPOST<br \/>\nLoam Dropper, ajuste de curso sem ferramentas, alavanca de alcance, 34.9, S2: 150mm, S3: 170mm, S4-S6: 200mm<\/li>\n<li>TRAV\u00c3O DIANTEIRO<br \/>\nTRP DH-R EVO, pin\u00e7a de 4 pist\u00f5es, disco hidr\u00e1ulico, 220mm<\/li>\n<li>TRAV\u00c3O<br \/>\nTRASEIRO TRP DH-R EVO, pin\u00e7a de 4 pist\u00f5es, disco hidr\u00e1ulico, 203mm<\/li>\n<li>SRAM GX Eagle<br \/>\n Transmiss\u00e3o Flattop ChainSRAM<\/li>\n<li>SRAM GX Eagle de transmiss\u00e3o<br \/>\n, 12spd, 10-52tSRAM<\/li>\n<li>SRAM DUB, BSA<br \/>\n 73mm de largura, roscado<\/li>\n<li>SRAM<br \/>\n AXS POD<\/li>\n<li>SRAM GX Eagle Virabrequim suporte<br \/>\n inferior, anel 32T, 55mm Chainline, S2-S3:165mm, S4-S6: 170mmSRAM<\/li>\n<li>SRAM GX Eagle<br \/>\n DescarriladorSRAM de Transmiss\u00e3o<\/li>\n<li>RIMS<br \/>\nRoval Traverse, liga sem gancho, 30mm de largura interna, pronto sem tubo, frente: 29, traseira: 27,5<\/li>\n<li>DT SWISS 370 CUBO DIANTEIRO<br \/>\n, 15x110mm, 28h<\/li>\n<li>PNEU.<br \/>\nTalho, carca\u00e7a GRID TRAIL, composto GRIPTON\u00ae T9, 2Bliss Ready, 29&#215;2.3&#8243;<\/li>\n<li>DT SWISS 370 CUBO TRASEIRO<br \/>\n, 12x148mm, 32h<\/li>\n<li>Eliminador de pneus traseiros<br \/>\n, carca\u00e7a GRID GRAVITY, composto GRIPTON\u00ae T9\/T7, 2Bliss Ready, 27.5&#215;2.3&#8243;<\/li>\n<li>Sapim Force RAIOS\n<\/li>\n<li>C\u00c2MERAS<br \/>\nStandard, v\u00e1lvula Presta<\/li>\n<li>RODA<br \/>\nDIANTEIRA TRANSVERSAL HD ALLOY 370 29 27.5 28H 32H; FS<\/li>\n<li>RODA<br \/>\nTRASEIRA TRANSVERSAL HD ALLOY 370 29 27.5 28H 32H; FS<\/li>\n<li>PEDAIS PEDAIS,<br \/>\n PEDAIS TEST RIDE FORNECIDOS POR SPECIALIZED<\/li>\n<li>PESO<br \/>\n15.30kg (33 lb, 11.7 oz)<\/li>\n<\/ul>\n","protected":false},"excerpt":{"rendered":"<p>O Stumpjumper 15 est\u00e1 aqui para acabar com todas as desvantagens do trail riding.<br \/>\nDevora buracos como uma grande bicicleta?<br \/>\nConfira.<br \/>\nControle de viagens curtas, divers\u00e3o e efici\u00eancia?<br \/>\nDuplamente verificado.<br \/>\nE que tal uma boa dose de personaliza\u00e7\u00e3o para torn\u00e1-lo perfeito para o \u00fanico piloto que realmente importa: voc\u00ea?<br \/>\nVerificado, verificado, verificado.      <\/p>\n","protected":false},"featured_media":379369,"comment_status":"closed","ping_status":"closed","template":"","meta":{"_acf_changed":false,"_et_pb_use_builder":"","_et_pb_old_content":"","_et_gb_content_width":"","inline_featured_image":false},"product_brand":[],"product_cat":[2459,402,2483,2461],"product_tag":[],"class_list":{"0":"post-379728","1":"product","2":"type-product","3":"status-publish","4":"has-post-thumbnail","6":"product_cat-bicicletas-pt-pt-2","7":"product_cat-montanha","8":"product_cat-bicicletas-especializadas","9":"product_cat-oferta-montanha","10":"product_shipping_class-bicicletas-pt-pt","12":"first","13":"outofstock","14":"taxable","15":"shipping-taxable","16":"product-type-variable","17":"wvs-archive-product-wrapper"},"acf":[],"yoast_head":"<!-- This site is optimized with the Yoast SEO Premium plugin v26.7 (Yoast SEO v26.7) - https:\/\/yoast.com\/wordpress\/plugins\/seo\/ -->\n<title>Specialized Bobina Stumpjumper 15 \u00d6hlins 2025 GR-100 bIKES<\/title>\n<meta name=\"description\" content=\"Garfo \u00d6hlins RXF38 M.2 29. Amortecedor \u00d6hlins TTX 22 M Bobina. FACTO 11M quadro em carbono. SRAM GX Eagle AXS T-Tipo. Trav\u00f5es TRP DH-R EVO de 4 pist\u00f5es.\" \/>\n<meta name=\"robots\" content=\"index, follow, max-snippet:-1, max-image-preview:large, max-video-preview:-1\" \/>\n<link rel=\"canonical\" href=\"https:\/\/gr-100.com\/pt-pt\/producto\/bobina-especializada-stumpjumper-15-ohlins-2025\/\" \/>\n<meta property=\"og:locale\" content=\"pt_PT\" \/>\n<meta property=\"og:type\" content=\"article\" \/>\n<meta property=\"og:title\" content=\"Specialized Bobina Stumpjumper 15 \u00d6hlins 2025\" \/>\n<meta property=\"og:description\" content=\"Garfo \u00d6hlins RXF38 M.2 29. Amortecedor \u00d6hlins TTX 22 M Bobina. FACTO 11M quadro em carbono. SRAM GX Eagle AXS T-Tipo. Trav\u00f5es TRP DH-R EVO de 4 pist\u00f5es.\" \/>\n<meta property=\"og:url\" content=\"https:\/\/gr-100.com\/pt-pt\/producto\/bobina-especializada-stumpjumper-15-ohlins-2025\/\" \/>\n<meta property=\"og:site_name\" content=\"Gr-100 Tienda de ciclismo Specialized\" \/>\n<meta property=\"article:publisher\" content=\"https:\/\/www.facebook.com\/Gr100Bikes\" \/>\n<meta property=\"article:modified_time\" content=\"2025-09-22T14:16:19+00:00\" \/>\n<meta property=\"og:image\" content=\"https:\/\/gr-100.com\/wp-content\/uploads\/2024\/08\/Stumpjumper-15-Ohlins-Coil-2025-1.jpg\" \/>\n\t<meta property=\"og:image:width\" content=\"1000\" \/>\n\t<meta property=\"og:image:height\" content=\"1000\" \/>\n\t<meta property=\"og:image:type\" content=\"image\/jpeg\" \/>\n<meta name=\"twitter:card\" content=\"summary_large_image\" \/>\n<meta name=\"twitter:label1\" content=\"Tempo estimado de leitura\" \/>\n\t<meta name=\"twitter:data1\" content=\"4 minutos\" \/>\n<script type=\"application\/ld+json\" class=\"yoast-schema-graph\">{\"@context\":\"https:\/\/schema.org\",\"@graph\":[{\"@type\":\"WebPage\",\"@id\":\"https:\/\/gr-100.com\/pt-pt\/producto\/bobina-especializada-stumpjumper-15-ohlins-2025\/\",\"url\":\"https:\/\/gr-100.com\/pt-pt\/producto\/bobina-especializada-stumpjumper-15-ohlins-2025\/\",\"name\":\"Specialized Bobina Stumpjumper 15 \u00d6hlins 2025 GR-100 bIKES\",\"isPartOf\":{\"@id\":\"https:\/\/gr-100.com\/#website\"},\"primaryImageOfPage\":{\"@id\":\"https:\/\/gr-100.com\/pt-pt\/producto\/bobina-especializada-stumpjumper-15-ohlins-2025\/#primaryimage\"},\"image\":{\"@id\":\"https:\/\/gr-100.com\/pt-pt\/producto\/bobina-especializada-stumpjumper-15-ohlins-2025\/#primaryimage\"},\"thumbnailUrl\":\"https:\/\/gr-100.com\/wp-content\/uploads\/2024\/08\/Stumpjumper-15-Ohlins-Coil-2025-1.jpg\",\"datePublished\":\"2024-08-02T09:59:29+00:00\",\"dateModified\":\"2025-09-22T14:16:19+00:00\",\"description\":\"Garfo \u00d6hlins RXF38 M.2 29. Amortecedor \u00d6hlins TTX 22 M Bobina. FACTO 11M quadro em carbono. SRAM GX Eagle AXS T-Tipo. Trav\u00f5es TRP DH-R EVO de 4 pist\u00f5es.\",\"breadcrumb\":{\"@id\":\"https:\/\/gr-100.com\/pt-pt\/producto\/bobina-especializada-stumpjumper-15-ohlins-2025\/#breadcrumb\"},\"inLanguage\":\"pt-PT\",\"potentialAction\":[{\"@type\":\"ReadAction\",\"target\":[\"https:\/\/gr-100.com\/pt-pt\/producto\/bobina-especializada-stumpjumper-15-ohlins-2025\/\"]}]},{\"@type\":\"ImageObject\",\"inLanguage\":\"pt-PT\",\"@id\":\"https:\/\/gr-100.com\/pt-pt\/producto\/bobina-especializada-stumpjumper-15-ohlins-2025\/#primaryimage\",\"url\":\"https:\/\/gr-100.com\/wp-content\/uploads\/2024\/08\/Stumpjumper-15-Ohlins-Coil-2025-1.jpg\",\"contentUrl\":\"https:\/\/gr-100.com\/wp-content\/uploads\/2024\/08\/Stumpjumper-15-Ohlins-Coil-2025-1.jpg\",\"width\":1000,\"height\":1000},{\"@type\":\"BreadcrumbList\",\"@id\":\"https:\/\/gr-100.com\/pt-pt\/producto\/bobina-especializada-stumpjumper-15-ohlins-2025\/#breadcrumb\",\"itemListElement\":[{\"@type\":\"ListItem\",\"position\":1,\"name\":\"Portada\",\"item\":\"https:\/\/gr-100.com\/en\/\"},{\"@type\":\"ListItem\",\"position\":2,\"name\":\"Productos\",\"item\":\"https:\/\/gr-100.com\/?post_type=product\"},{\"@type\":\"ListItem\",\"position\":3,\"name\":\"Specialized Bobina Stumpjumper 15 \u00d6hlins 2025\"}]},{\"@type\":\"WebSite\",\"@id\":\"https:\/\/gr-100.com\/#website\",\"url\":\"https:\/\/gr-100.com\/\",\"name\":\"Gr-100 Tienda de ciclismo Specialized\",\"description\":\"GR-100 tenemos todas las gamas de bicicletas Specialized al mejor precio.\",\"publisher\":{\"@id\":\"https:\/\/gr-100.com\/#organization\"},\"alternateName\":\"Gr-100 Bikes\",\"potentialAction\":[{\"@type\":\"SearchAction\",\"target\":{\"@type\":\"EntryPoint\",\"urlTemplate\":\"https:\/\/gr-100.com\/?s={search_term_string}\"},\"query-input\":{\"@type\":\"PropertyValueSpecification\",\"valueRequired\":true,\"valueName\":\"search_term_string\"}}],\"inLanguage\":\"pt-PT\"},{\"@type\":\"Organization\",\"@id\":\"https:\/\/gr-100.com\/#organization\",\"name\":\"Gr-100\",\"url\":\"https:\/\/gr-100.com\/\",\"logo\":{\"@type\":\"ImageObject\",\"inLanguage\":\"pt-PT\",\"@id\":\"https:\/\/gr-100.com\/#\/schema\/logo\/image\/\",\"url\":\"https:\/\/gr-100.com\/wp-content\/uploads\/2023\/08\/logo-gr-100-bikes.png\",\"contentUrl\":\"https:\/\/gr-100.com\/wp-content\/uploads\/2023\/08\/logo-gr-100-bikes.png\",\"width\":707,\"height\":284,\"caption\":\"Gr-100\"},\"image\":{\"@id\":\"https:\/\/gr-100.com\/#\/schema\/logo\/image\/\"},\"sameAs\":[\"https:\/\/www.facebook.com\/Gr100Bikes\",\"https:\/\/www.instagram.com\/gr100bikes\/\",\"https:\/\/www.tiktok.com\/@gr100bikes\",\"https:\/\/twitter.com\/gr100mtbteam\",\"https:\/\/www.youtube.com\/c\/GR100Specialized\"]}]}<\/script>\n<!-- \/ Yoast SEO Premium plugin. -->","yoast_head_json":{"title":"Specialized Bobina Stumpjumper 15 \u00d6hlins 2025 GR-100 bIKES","description":"Garfo \u00d6hlins RXF38 M.2 29. Amortecedor \u00d6hlins TTX 22 M Bobina. FACTO 11M quadro em carbono. SRAM GX Eagle AXS T-Tipo. Trav\u00f5es TRP DH-R EVO de 4 pist\u00f5es.","robots":{"index":"index","follow":"follow","max-snippet":"max-snippet:-1","max-image-preview":"max-image-preview:large","max-video-preview":"max-video-preview:-1"},"canonical":"https:\/\/gr-100.com\/pt-pt\/producto\/bobina-especializada-stumpjumper-15-ohlins-2025\/","og_locale":"pt_PT","og_type":"article","og_title":"Specialized Bobina Stumpjumper 15 \u00d6hlins 2025","og_description":"Garfo \u00d6hlins RXF38 M.2 29. Amortecedor \u00d6hlins TTX 22 M Bobina. FACTO 11M quadro em carbono. SRAM GX Eagle AXS T-Tipo. Trav\u00f5es TRP DH-R EVO de 4 pist\u00f5es.","og_url":"https:\/\/gr-100.com\/pt-pt\/producto\/bobina-especializada-stumpjumper-15-ohlins-2025\/","og_site_name":"Gr-100 Tienda de ciclismo Specialized","article_publisher":"https:\/\/www.facebook.com\/Gr100Bikes","article_modified_time":"2025-09-22T14:16:19+00:00","og_image":[{"width":1000,"height":1000,"url":"https:\/\/gr-100.com\/wp-content\/uploads\/2024\/08\/Stumpjumper-15-Ohlins-Coil-2025-1.jpg","type":"image\/jpeg"}],"twitter_card":"summary_large_image","twitter_misc":{"Tempo estimado de leitura":"4 minutos"},"schema":{"@context":"https:\/\/schema.org","@graph":[{"@type":"WebPage","@id":"https:\/\/gr-100.com\/pt-pt\/producto\/bobina-especializada-stumpjumper-15-ohlins-2025\/","url":"https:\/\/gr-100.com\/pt-pt\/producto\/bobina-especializada-stumpjumper-15-ohlins-2025\/","name":"Specialized Bobina Stumpjumper 15 \u00d6hlins 2025 GR-100 bIKES","isPartOf":{"@id":"https:\/\/gr-100.com\/#website"},"primaryImageOfPage":{"@id":"https:\/\/gr-100.com\/pt-pt\/producto\/bobina-especializada-stumpjumper-15-ohlins-2025\/#primaryimage"},"image":{"@id":"https:\/\/gr-100.com\/pt-pt\/producto\/bobina-especializada-stumpjumper-15-ohlins-2025\/#primaryimage"},"thumbnailUrl":"https:\/\/gr-100.com\/wp-content\/uploads\/2024\/08\/Stumpjumper-15-Ohlins-Coil-2025-1.jpg","datePublished":"2024-08-02T09:59:29+00:00","dateModified":"2025-09-22T14:16:19+00:00","description":"Garfo \u00d6hlins RXF38 M.2 29. Amortecedor \u00d6hlins TTX 22 M Bobina. FACTO 11M quadro em carbono. SRAM GX Eagle AXS T-Tipo. Trav\u00f5es TRP DH-R EVO de 4 pist\u00f5es.","breadcrumb":{"@id":"https:\/\/gr-100.com\/pt-pt\/producto\/bobina-especializada-stumpjumper-15-ohlins-2025\/#breadcrumb"},"inLanguage":"pt-PT","potentialAction":[{"@type":"ReadAction","target":["https:\/\/gr-100.com\/pt-pt\/producto\/bobina-especializada-stumpjumper-15-ohlins-2025\/"]}]},{"@type":"ImageObject","inLanguage":"pt-PT","@id":"https:\/\/gr-100.com\/pt-pt\/producto\/bobina-especializada-stumpjumper-15-ohlins-2025\/#primaryimage","url":"https:\/\/gr-100.com\/wp-content\/uploads\/2024\/08\/Stumpjumper-15-Ohlins-Coil-2025-1.jpg","contentUrl":"https:\/\/gr-100.com\/wp-content\/uploads\/2024\/08\/Stumpjumper-15-Ohlins-Coil-2025-1.jpg","width":1000,"height":1000},{"@type":"BreadcrumbList","@id":"https:\/\/gr-100.com\/pt-pt\/producto\/bobina-especializada-stumpjumper-15-ohlins-2025\/#breadcrumb","itemListElement":[{"@type":"ListItem","position":1,"name":"Portada","item":"https:\/\/gr-100.com\/en\/"},{"@type":"ListItem","position":2,"name":"Productos","item":"https:\/\/gr-100.com\/?post_type=product"},{"@type":"ListItem","position":3,"name":"Specialized Bobina Stumpjumper 15 \u00d6hlins 2025"}]},{"@type":"WebSite","@id":"https:\/\/gr-100.com\/#website","url":"https:\/\/gr-100.com\/","name":"Gr-100 Tienda de ciclismo Specialized","description":"GR-100 tenemos todas las gamas de bicicletas Specialized al mejor precio.","publisher":{"@id":"https:\/\/gr-100.com\/#organization"},"alternateName":"Gr-100 Bikes","potentialAction":[{"@type":"SearchAction","target":{"@type":"EntryPoint","urlTemplate":"https:\/\/gr-100.com\/?s={search_term_string}"},"query-input":{"@type":"PropertyValueSpecification","valueRequired":true,"valueName":"search_term_string"}}],"inLanguage":"pt-PT"},{"@type":"Organization","@id":"https:\/\/gr-100.com\/#organization","name":"Gr-100","url":"https:\/\/gr-100.com\/","logo":{"@type":"ImageObject","inLanguage":"pt-PT","@id":"https:\/\/gr-100.com\/#\/schema\/logo\/image\/","url":"https:\/\/gr-100.com\/wp-content\/uploads\/2023\/08\/logo-gr-100-bikes.png","contentUrl":"https:\/\/gr-100.com\/wp-content\/uploads\/2023\/08\/logo-gr-100-bikes.png","width":707,"height":284,"caption":"Gr-100"},"image":{"@id":"https:\/\/gr-100.com\/#\/schema\/logo\/image\/"},"sameAs":["https:\/\/www.facebook.com\/Gr100Bikes","https:\/\/www.instagram.com\/gr100bikes\/","https:\/\/www.tiktok.com\/@gr100bikes","https:\/\/twitter.com\/gr100mtbteam","https:\/\/www.youtube.com\/c\/GR100Specialized"]}]}},"_links":{"self":[{"href":"https:\/\/gr-100.com\/pt-pt\/wp-json\/wp\/v2\/product\/379728","targetHints":{"allow":["GET"]}}],"collection":[{"href":"https:\/\/gr-100.com\/pt-pt\/wp-json\/wp\/v2\/product"}],"about":[{"href":"https:\/\/gr-100.com\/pt-pt\/wp-json\/wp\/v2\/types\/product"}],"replies":[{"embeddable":true,"href":"https:\/\/gr-100.com\/pt-pt\/wp-json\/wp\/v2\/comments?post=379728"}],"wp:featuredmedia":[{"embeddable":true,"href":"https:\/\/gr-100.com\/pt-pt\/wp-json\/wp\/v2\/media\/379369"}],"wp:attachment":[{"href":"https:\/\/gr-100.com\/pt-pt\/wp-json\/wp\/v2\/media?parent=379728"}],"wp:term":[{"taxonomy":"product_brand","embeddable":true,"href":"https:\/\/gr-100.com\/pt-pt\/wp-json\/wp\/v2\/product_brand?post=379728"},{"taxonomy":"product_cat","embeddable":true,"href":"https:\/\/gr-100.com\/pt-pt\/wp-json\/wp\/v2\/product_cat?post=379728"},{"taxonomy":"product_tag","embeddable":true,"href":"https:\/\/gr-100.com\/pt-pt\/wp-json\/wp\/v2\/product_tag?post=379728"}],"curies":[{"name":"wp","href":"https:\/\/api.w.org\/{rel}","templated":true}]}}