{"id":379767,"date":"2024-08-02T10:41:29","date_gmt":"2024-08-02T09:41:29","guid":{"rendered":"https:\/\/gr-100.com\/producto\/cinzel-especializado-2025\/"},"modified":"2025-12-18T16:44:29","modified_gmt":"2025-12-18T14:44:29","slug":"cinzel-especializado-2025","status":"publish","type":"product","link":"https:\/\/gr-100.com\/pt-pt\/producto\/cinzel-especializado-2025\/","title":{"rendered":"Specialized Cinzel 2025"},"content":{"rendered":"<p><strong>METALLICLY FAST:<\/strong> Gra\u00e7as ao D&#8217;Aluisio Smartweld, o Chisel \u00e9 o quadro de alum\u00ednio XC mais leve da sua classe. Cada tubo de arma\u00e7\u00e3o altamente manipulado apresenta uma varia\u00e7\u00e3o cont\u00ednua na espessura da parede e uma forma que proporciona rigidez onde voc\u00ea precisa, para maior efici\u00eancia e suavidade onde voc\u00ea quiser, para maior conforto e controle ideal. <strong>CAPACIDADE ILIMITADA:<\/strong> Com 110 mm de suspens\u00e3o com a nossa tecnologia Ride Dynamics, o pedigree de alto desempenho do Chisel pode ser rastreado diretamente at\u00e9 \u00e0 Epic 8, a nossa m\u00e1quina de corrida para a Ta\u00e7a do Mundo. O DNA avan\u00e7ado da cinem\u00e1tica da suspens\u00e3o do Epic 8, a suspens\u00e3o Ride Dynamics e a geometria progressiva aperfei\u00e7oada em circuitos t\u00e9cnicos da Copa do Mundo s\u00e3o encontrados no Chisel, tornando-o mais do que capaz de lidar com terrenos variados com confian\u00e7a e velocidade. <strong>INCRIVELMENTE EFICIENTE:<\/strong> A Chisel \u00e9 a bicicleta pulmonar mais eficiente da sua classe, tirando partido da geometria e cinem\u00e1tica utilizadas na nossa plataforma Epic 8, vencedora de v\u00e1rios Campeonatos do Mundo. O tubo inclinado do banco coloca o motociclista na posi\u00e7\u00e3o ideal de pedalar. O anti-agachamento afiado reduz a &#8220;falsa pedalada&#8221;. Tudo isso faz com que o Chisel traduza cada watt aplicado aos pedais em movimento m\u00e1ximo para frente. <strong>MAIS SUAVE \u00c9 MAIS R\u00c1PIDO:<\/strong> Concebemos uma extremidade traseira flex\u00edvel para um desempenho de suspens\u00e3o l\u00edder na sua classe, ao mesmo tempo que eliminamos o peso adicional e a manuten\u00e7\u00e3o associados aos piv\u00f4s exigidos num design tradicional. Mais comum em bicicletas de carbono, extensos testes de campo e laborat\u00f3rio provam que Chisel alcan\u00e7ou o imposs\u00edvel: a efici\u00eancia, o controle e a leveza de um design flex\u00edvel de assento em alum\u00ednio avan\u00e7ado. <strong>ALUM\u00cdNIO HIDROFORMADO:<\/strong> O Chisel economiza material e peso com um tubo de assento hidroformado de pe\u00e7a \u00fanica que integra o piv\u00f4 do tubo do assento, o piv\u00f4 principal e a caixa do suporte inferior. Em uma bicicleta mais tradicional, o tubo do assento geralmente \u00e9 apenas um &#8220;tubo&#8221; com os piv\u00f4s e o suporte inferior soldados. <\/p>\n<ul>\n<li>Quadro &#8211; Tubos hidroformados D&#8217;Alusio Smartweld e juntas de tubo projetadas, ajuste de geometria Flip-Chip, curso de 110 mm.<\/li>\n<li>RockShox Recon 120mm, com amortecedor Motion Control<\/li>\n<li>Amortecedor traseiro X-Fusion com Ride Dynamics<\/li>\n<li>Tranzx poste conta-gotas<\/li>\n<li>SRAM NX Eagle de 12 polegadas<\/li>\n<\/ul>\n<p><strong>Especifica\u00e7\u00f5es<\/strong><\/p>\n<ul>\n<li>FRAME<br \/>\nSpecialized D&#8217;Aluisio Smartweld M5 Alloy, Tubos hidroformados, Geometria XC progressiva, curso de 110mm, roteamento de cabos internos, BSA BB, espa\u00e7amento de 12x148mm, compat\u00edvel com poste conta-gotas de 30,9mm<\/li>\n<li>ABRA\u00c7O. Specialized SADDLE,<br \/>\n 34.9mm <\/li>\n<li>X-Fusion PRO-02 SHOCK<br \/>\n, 190x40mm, Ride Dynamics Tuned, ajuste de ricochete, ajuste de compress\u00e3o<\/li>\n<li>Garfo Rockshox Recon Silver RL,<br \/>\n curso de 120 mm, amortecedor de controle de movimento, deslocamento de 42 mm, Maxle Stealth, eixo de tra\u00e7\u00e3o 15&#215;110<\/li>\n<li>Body Geometry Power Sport SADDLE,<br \/>\n calhas de a\u00e7o, 143\/155mm<\/li>\n<li>Specialized<br \/>\n de liga especial, eleva\u00e7\u00e3o de 20mm, 31,8mm, 760mm de largura<\/li>\n<li>\nSpecialized<\/li>\n<li>STEM<br \/>\nSpecialized, liga forjada em 3D, 4 parafusos, eleva\u00e7\u00e3o de 7 graus<\/li>\n<li>Poste de assento conta-gotas<br \/>\nTranzX, 30.9mm, XS-SM: 100mm, M: 125mm, L-XL: 150mm<\/li>\n<li>Freio dianteiro<br \/>\n a disco hidr\u00e1ulico SRAM N\u00edvel T, pin\u00e7a de 2 pist\u00f5es, rotorSRAM de 180 mm<\/li>\n<li>Freio traseiro<br \/>\n a disco hidr\u00e1ulico SRAM N\u00edvel T, pin\u00e7a de 2 pist\u00f5es, rotorSRAM de 160 mm<\/li>\n<li>Suporte inferior<br \/>\n SRAM Eagle, Powerspline, anel de corrente 32t, 165\/170\/175mm<\/li>\n<li>SRAM NX Eagle, derailleur<br \/>\nSRAM traseiro de 12 velocidades<\/li>\n<li>SRAM PG-1210 \u00c1guia 11-50T CASSETTE<br \/>\nSRAM<\/li>\n<li>SRAM Powerspline BSA SUPORTE<br \/>\nSRAM INFERIOR<\/li>\n<li>SRAM Eagle Corrente<br \/>\n de 12 velocidades<\/li>\n<li>SRAM Eagle, gatilho, alavancas de c\u00e2mbio de<br \/>\n 12 velocidades<\/li>\n<li>PLATOS<br \/>\n32t<\/li>\n<li>CUBO TRASEIRO<br \/>\nSpecialized , disco, rolamentos de cartucho selados, 6 parafusos, eixo thru de 12x148mm, 28h<\/li>\n<li>PNEU TRASEIRO<br \/>\nSpecialized Trak, Caixa de controle, Composto T5, 29&#215;2.35<\/li>\n<li>PNEU.<br \/>\nSpecialized Controlo \u00e0 terra, Inv\u00f3lucro de controlo, Composto T5, 29&#215;2.35<\/li>\n<li>Specialized, pronta para tubeless, largura interna de<br \/>\n 27mm, disco, 28h<\/li>\n<li>C\u00c2MARAS<br \/>\nPadr\u00e3o 40mm PV 29&#215;1.75-2.4<\/li>\n<li>CUBO FRONTAL<br \/>\nSpecialized dianteiro de liga especial, disco, rolamentos de cardridge selados, 6 parafusos, eixo thru 15x110mm, 28h<\/li>\n<li>raios inoxid\u00e1veis,<br \/>\n 14g<\/li>\n<li>PESO<br \/>\n13.87kg (30 lb, 9.2 oz)<\/li>\n<\/ul>\n<p>&nbsp;<\/p>\n","protected":false},"excerpt":{"rendered":"<p>A moto de alum\u00ednio com suspens\u00e3o total mais leve e r\u00e1pida do mundo.<br \/>\n18,4% mais leve do que o seu concorrente mais pr\u00f3ximo e partilhando a geometria e cinem\u00e1tica da nossa bicicleta de montanha Epic 8 preparada para o Campeonato do Mundo, a nova Chisel proporciona um desempenho que pode sentir, quer esteja a correr &#8220;entre as passadeiras&#8221; ou a andar sozinho nos seus trilhos locais. <\/p>\n","protected":false},"featured_media":379312,"comment_status":"closed","ping_status":"closed","template":"","meta":{"_acf_changed":false,"_et_pb_use_builder":"","_et_pb_old_content":"","_et_gb_content_width":"","inline_featured_image":false},"product_brand":[],"product_cat":[5377,5379,5378,5375,5374,4353,2459,402,2696,403],"product_tag":[],"class_list":{"0":"post-379767","1":"product","2":"type-product","3":"status-publish","4":"has-post-thumbnail","6":"product_cat-bicicletas-de-montanha-com-suspensao-dupla","7":"product_cat-bicicletas-de-montanha-cross-country-xc","8":"product_cat-bicicletas-de-montanha-de-29","9":"product_cat-bicicletas-de-montanha-specialized","10":"product_cat-descontos","11":"product_cat-liquidacion-specialized","12":"product_cat-bicicletas-pt-pt-2","13":"product_cat-montanha","14":"product_cat-ofertas-especializadas","15":"product_cat-outlet-pt-pt","16":"product_shipping_class-bicicletas-pt-pt","18":"first","19":"instock","20":"sale","21":"taxable","22":"shipping-taxable","23":"purchasable","24":"product-type-variable","25":"wvs-archive-product-wrapper"},"acf":[],"yoast_head":"<!-- This site is optimized with the Yoast SEO Premium plugin v26.7 (Yoast SEO v26.7) - https:\/\/yoast.com\/wordpress\/plugins\/seo\/ -->\n<title>Specialized Cinzel 2025 GR-100 Bicicletas<\/title>\n<meta name=\"description\" content=\"Tubos hidroformados D&#039;Alusio Smartweld. RockShox Recon 120mm. X-Fusion amortecedor traseiro. SRAM NX \u00c1guia 12. TranzX poste conta-gotas\" \/>\n<meta name=\"robots\" content=\"index, follow, max-snippet:-1, max-image-preview:large, max-video-preview:-1\" \/>\n<link rel=\"canonical\" href=\"https:\/\/gr-100.com\/pt-pt\/producto\/cinzel-especializado-2025\/\" \/>\n<meta property=\"og:locale\" content=\"pt_PT\" \/>\n<meta property=\"og:type\" content=\"article\" \/>\n<meta property=\"og:title\" content=\"Specialized Cinzel 2025\" \/>\n<meta property=\"og:description\" content=\"Tubos hidroformados D&#039;Alusio Smartweld. RockShox Recon 120mm. X-Fusion amortecedor traseiro. SRAM NX \u00c1guia 12. TranzX poste conta-gotas\" \/>\n<meta property=\"og:url\" content=\"https:\/\/gr-100.com\/pt-pt\/producto\/cinzel-especializado-2025\/\" \/>\n<meta property=\"og:site_name\" content=\"Gr-100 Tienda de ciclismo Specialized\" \/>\n<meta property=\"article:publisher\" content=\"https:\/\/www.facebook.com\/Gr100Bikes\" \/>\n<meta property=\"article:modified_time\" content=\"2025-12-18T14:44:29+00:00\" \/>\n<meta property=\"og:image\" content=\"https:\/\/gr-100.com\/wp-content\/uploads\/2024\/08\/Chisel-2025-1.jpg\" \/>\n\t<meta property=\"og:image:width\" content=\"1000\" \/>\n\t<meta property=\"og:image:height\" content=\"1000\" \/>\n\t<meta property=\"og:image:type\" content=\"image\/jpeg\" \/>\n<meta name=\"twitter:card\" content=\"summary_large_image\" \/>\n<meta name=\"twitter:label1\" content=\"Tempo estimado de leitura\" \/>\n\t<meta name=\"twitter:data1\" content=\"3 minutos\" \/>\n<script type=\"application\/ld+json\" class=\"yoast-schema-graph\">{\"@context\":\"https:\/\/schema.org\",\"@graph\":[{\"@type\":\"WebPage\",\"@id\":\"https:\/\/gr-100.com\/pt-pt\/producto\/cinzel-especializado-2025\/\",\"url\":\"https:\/\/gr-100.com\/pt-pt\/producto\/cinzel-especializado-2025\/\",\"name\":\"Specialized Cinzel 2025 GR-100 Bicicletas\",\"isPartOf\":{\"@id\":\"https:\/\/gr-100.com\/#website\"},\"primaryImageOfPage\":{\"@id\":\"https:\/\/gr-100.com\/pt-pt\/producto\/cinzel-especializado-2025\/#primaryimage\"},\"image\":{\"@id\":\"https:\/\/gr-100.com\/pt-pt\/producto\/cinzel-especializado-2025\/#primaryimage\"},\"thumbnailUrl\":\"https:\/\/gr-100.com\/wp-content\/uploads\/2024\/08\/Chisel-2025-1.jpg\",\"datePublished\":\"2024-08-02T09:41:29+00:00\",\"dateModified\":\"2025-12-18T14:44:29+00:00\",\"description\":\"Tubos hidroformados D'Alusio Smartweld. RockShox Recon 120mm. X-Fusion amortecedor traseiro. SRAM NX \u00c1guia 12. TranzX poste conta-gotas\",\"breadcrumb\":{\"@id\":\"https:\/\/gr-100.com\/pt-pt\/producto\/cinzel-especializado-2025\/#breadcrumb\"},\"inLanguage\":\"pt-PT\",\"potentialAction\":[{\"@type\":\"ReadAction\",\"target\":[\"https:\/\/gr-100.com\/pt-pt\/producto\/cinzel-especializado-2025\/\"]}]},{\"@type\":\"ImageObject\",\"inLanguage\":\"pt-PT\",\"@id\":\"https:\/\/gr-100.com\/pt-pt\/producto\/cinzel-especializado-2025\/#primaryimage\",\"url\":\"https:\/\/gr-100.com\/wp-content\/uploads\/2024\/08\/Chisel-2025-1.jpg\",\"contentUrl\":\"https:\/\/gr-100.com\/wp-content\/uploads\/2024\/08\/Chisel-2025-1.jpg\",\"width\":1000,\"height\":1000},{\"@type\":\"BreadcrumbList\",\"@id\":\"https:\/\/gr-100.com\/pt-pt\/producto\/cinzel-especializado-2025\/#breadcrumb\",\"itemListElement\":[{\"@type\":\"ListItem\",\"position\":1,\"name\":\"Portada\",\"item\":\"https:\/\/gr-100.com\/en\/\"},{\"@type\":\"ListItem\",\"position\":2,\"name\":\"Productos\",\"item\":\"https:\/\/gr-100.com\/?post_type=product\"},{\"@type\":\"ListItem\",\"position\":3,\"name\":\"Specialized Cinzel 2025\"}]},{\"@type\":\"WebSite\",\"@id\":\"https:\/\/gr-100.com\/#website\",\"url\":\"https:\/\/gr-100.com\/\",\"name\":\"Gr-100 Tienda de ciclismo Specialized\",\"description\":\"GR-100 tenemos todas las gamas de bicicletas Specialized al mejor precio.\",\"publisher\":{\"@id\":\"https:\/\/gr-100.com\/#organization\"},\"alternateName\":\"Gr-100 Bikes\",\"potentialAction\":[{\"@type\":\"SearchAction\",\"target\":{\"@type\":\"EntryPoint\",\"urlTemplate\":\"https:\/\/gr-100.com\/?s={search_term_string}\"},\"query-input\":{\"@type\":\"PropertyValueSpecification\",\"valueRequired\":true,\"valueName\":\"search_term_string\"}}],\"inLanguage\":\"pt-PT\"},{\"@type\":\"Organization\",\"@id\":\"https:\/\/gr-100.com\/#organization\",\"name\":\"Gr-100\",\"url\":\"https:\/\/gr-100.com\/\",\"logo\":{\"@type\":\"ImageObject\",\"inLanguage\":\"pt-PT\",\"@id\":\"https:\/\/gr-100.com\/#\/schema\/logo\/image\/\",\"url\":\"https:\/\/gr-100.com\/wp-content\/uploads\/2023\/08\/logo-gr-100-bikes.png\",\"contentUrl\":\"https:\/\/gr-100.com\/wp-content\/uploads\/2023\/08\/logo-gr-100-bikes.png\",\"width\":707,\"height\":284,\"caption\":\"Gr-100\"},\"image\":{\"@id\":\"https:\/\/gr-100.com\/#\/schema\/logo\/image\/\"},\"sameAs\":[\"https:\/\/www.facebook.com\/Gr100Bikes\",\"https:\/\/www.instagram.com\/gr100bikes\/\",\"https:\/\/www.tiktok.com\/@gr100bikes\",\"https:\/\/twitter.com\/gr100mtbteam\",\"https:\/\/www.youtube.com\/c\/GR100Specialized\"]}]}<\/script>\n<!-- \/ Yoast SEO Premium plugin. -->","yoast_head_json":{"title":"Specialized Cinzel 2025 GR-100 Bicicletas","description":"Tubos hidroformados D'Alusio Smartweld. RockShox Recon 120mm. X-Fusion amortecedor traseiro. SRAM NX \u00c1guia 12. TranzX poste conta-gotas","robots":{"index":"index","follow":"follow","max-snippet":"max-snippet:-1","max-image-preview":"max-image-preview:large","max-video-preview":"max-video-preview:-1"},"canonical":"https:\/\/gr-100.com\/pt-pt\/producto\/cinzel-especializado-2025\/","og_locale":"pt_PT","og_type":"article","og_title":"Specialized Cinzel 2025","og_description":"Tubos hidroformados D'Alusio Smartweld. RockShox Recon 120mm. X-Fusion amortecedor traseiro. SRAM NX \u00c1guia 12. TranzX poste conta-gotas","og_url":"https:\/\/gr-100.com\/pt-pt\/producto\/cinzel-especializado-2025\/","og_site_name":"Gr-100 Tienda de ciclismo Specialized","article_publisher":"https:\/\/www.facebook.com\/Gr100Bikes","article_modified_time":"2025-12-18T14:44:29+00:00","og_image":[{"width":1000,"height":1000,"url":"https:\/\/gr-100.com\/wp-content\/uploads\/2024\/08\/Chisel-2025-1.jpg","type":"image\/jpeg"}],"twitter_card":"summary_large_image","twitter_misc":{"Tempo estimado de leitura":"3 minutos"},"schema":{"@context":"https:\/\/schema.org","@graph":[{"@type":"WebPage","@id":"https:\/\/gr-100.com\/pt-pt\/producto\/cinzel-especializado-2025\/","url":"https:\/\/gr-100.com\/pt-pt\/producto\/cinzel-especializado-2025\/","name":"Specialized Cinzel 2025 GR-100 Bicicletas","isPartOf":{"@id":"https:\/\/gr-100.com\/#website"},"primaryImageOfPage":{"@id":"https:\/\/gr-100.com\/pt-pt\/producto\/cinzel-especializado-2025\/#primaryimage"},"image":{"@id":"https:\/\/gr-100.com\/pt-pt\/producto\/cinzel-especializado-2025\/#primaryimage"},"thumbnailUrl":"https:\/\/gr-100.com\/wp-content\/uploads\/2024\/08\/Chisel-2025-1.jpg","datePublished":"2024-08-02T09:41:29+00:00","dateModified":"2025-12-18T14:44:29+00:00","description":"Tubos hidroformados D'Alusio Smartweld. RockShox Recon 120mm. X-Fusion amortecedor traseiro. SRAM NX \u00c1guia 12. TranzX poste conta-gotas","breadcrumb":{"@id":"https:\/\/gr-100.com\/pt-pt\/producto\/cinzel-especializado-2025\/#breadcrumb"},"inLanguage":"pt-PT","potentialAction":[{"@type":"ReadAction","target":["https:\/\/gr-100.com\/pt-pt\/producto\/cinzel-especializado-2025\/"]}]},{"@type":"ImageObject","inLanguage":"pt-PT","@id":"https:\/\/gr-100.com\/pt-pt\/producto\/cinzel-especializado-2025\/#primaryimage","url":"https:\/\/gr-100.com\/wp-content\/uploads\/2024\/08\/Chisel-2025-1.jpg","contentUrl":"https:\/\/gr-100.com\/wp-content\/uploads\/2024\/08\/Chisel-2025-1.jpg","width":1000,"height":1000},{"@type":"BreadcrumbList","@id":"https:\/\/gr-100.com\/pt-pt\/producto\/cinzel-especializado-2025\/#breadcrumb","itemListElement":[{"@type":"ListItem","position":1,"name":"Portada","item":"https:\/\/gr-100.com\/en\/"},{"@type":"ListItem","position":2,"name":"Productos","item":"https:\/\/gr-100.com\/?post_type=product"},{"@type":"ListItem","position":3,"name":"Specialized Cinzel 2025"}]},{"@type":"WebSite","@id":"https:\/\/gr-100.com\/#website","url":"https:\/\/gr-100.com\/","name":"Gr-100 Tienda de ciclismo Specialized","description":"GR-100 tenemos todas las gamas de bicicletas Specialized al mejor precio.","publisher":{"@id":"https:\/\/gr-100.com\/#organization"},"alternateName":"Gr-100 Bikes","potentialAction":[{"@type":"SearchAction","target":{"@type":"EntryPoint","urlTemplate":"https:\/\/gr-100.com\/?s={search_term_string}"},"query-input":{"@type":"PropertyValueSpecification","valueRequired":true,"valueName":"search_term_string"}}],"inLanguage":"pt-PT"},{"@type":"Organization","@id":"https:\/\/gr-100.com\/#organization","name":"Gr-100","url":"https:\/\/gr-100.com\/","logo":{"@type":"ImageObject","inLanguage":"pt-PT","@id":"https:\/\/gr-100.com\/#\/schema\/logo\/image\/","url":"https:\/\/gr-100.com\/wp-content\/uploads\/2023\/08\/logo-gr-100-bikes.png","contentUrl":"https:\/\/gr-100.com\/wp-content\/uploads\/2023\/08\/logo-gr-100-bikes.png","width":707,"height":284,"caption":"Gr-100"},"image":{"@id":"https:\/\/gr-100.com\/#\/schema\/logo\/image\/"},"sameAs":["https:\/\/www.facebook.com\/Gr100Bikes","https:\/\/www.instagram.com\/gr100bikes\/","https:\/\/www.tiktok.com\/@gr100bikes","https:\/\/twitter.com\/gr100mtbteam","https:\/\/www.youtube.com\/c\/GR100Specialized"]}]}},"_links":{"self":[{"href":"https:\/\/gr-100.com\/pt-pt\/wp-json\/wp\/v2\/product\/379767","targetHints":{"allow":["GET"]}}],"collection":[{"href":"https:\/\/gr-100.com\/pt-pt\/wp-json\/wp\/v2\/product"}],"about":[{"href":"https:\/\/gr-100.com\/pt-pt\/wp-json\/wp\/v2\/types\/product"}],"replies":[{"embeddable":true,"href":"https:\/\/gr-100.com\/pt-pt\/wp-json\/wp\/v2\/comments?post=379767"}],"wp:featuredmedia":[{"embeddable":true,"href":"https:\/\/gr-100.com\/pt-pt\/wp-json\/wp\/v2\/media\/379312"}],"wp:attachment":[{"href":"https:\/\/gr-100.com\/pt-pt\/wp-json\/wp\/v2\/media?parent=379767"}],"wp:term":[{"taxonomy":"product_brand","embeddable":true,"href":"https:\/\/gr-100.com\/pt-pt\/wp-json\/wp\/v2\/product_brand?post=379767"},{"taxonomy":"product_cat","embeddable":true,"href":"https:\/\/gr-100.com\/pt-pt\/wp-json\/wp\/v2\/product_cat?post=379767"},{"taxonomy":"product_tag","embeddable":true,"href":"https:\/\/gr-100.com\/pt-pt\/wp-json\/wp\/v2\/product_tag?post=379767"}],"curies":[{"name":"wp","href":"https:\/\/api.w.org\/{rel}","templated":true}]}}