{"id":379788,"date":"2024-07-03T13:01:09","date_gmt":"2024-07-03T11:01:09","guid":{"rendered":"https:\/\/gr-100.com\/producto\/conjunto-de-quadros-specialized-epic-8-s-works-2024\/"},"modified":"2025-11-27T11:03:30","modified_gmt":"2025-11-27T09:03:30","slug":"conjunto-de-quadros-specialized-epic-8-s-works-2024","status":"publish","type":"product","link":"https:\/\/gr-100.com\/pt-pt\/producto\/conjunto-de-quadros-specialized-epic-8-s-works-2024\/","title":{"rendered":"Conjunto de quadros Specialized Epic 8 S-Works 2024"},"content":{"rendered":"<div class=\"SpecContainer__Container-fGfnkP ggxgrs\">\n<div class=\"SpecContainer__ComponentContainer-gAIAQM cQaPhm\">  O novo Epic 8 evolui a f\u00f3rmula mais r\u00e1pida atrav\u00e9s da capacidade, efici\u00eancia e integra\u00e7\u00e3o leve. As modernas pistas XC exigem mais capacidade todos os dias. Entre no Epic 8. A sua cinem\u00e1tica melhorada torna-a na bicicleta a pedal mais eficiente que alguma vez test\u00e1mos, enquanto os amortecedores com v\u00e1lvulas personalizadas (e ajustadas) absorvem cada solavanco. Ele \u00e9 um lobo em roupas de lobo. Se voc\u00ea \u00e9 um piloto de XC ou prioriza a velocidade em seus passeios, a Epic 8 \u00e9 a moto para voc\u00ea. <strong>CAPACIDADE INCOMPAR\u00c1VEL:<\/strong> A moto de 120mm mais capaz do planeta. Voc\u00ea ficar\u00e1 surpreso com a forma como a geometria progressiva do Epic 8 oferece capacidade t\u00e9cnica de terreno, juntamente com desempenho r\u00e1pido e eficiente em subidas e acelera\u00e7\u00f5es. A absurda rigidez lateral e torcional do chassis tamb\u00e9m se traduz num comportamento muito preciso: em compara\u00e7\u00e3o com a gera\u00e7\u00e3o anterior, o novo Epic 8 absorve 12% mais for\u00e7a de solavancos e vibra\u00e7\u00f5es, deixando-o menos cansado e mais forte ao longo do tempo para que possa continuar a empurrar enquanto eles sofrem. <strong>DIN\u00c2MICA DE CONDU\u00c7\u00c3O AJUSTADA:<\/strong> A equipa da Specialized Ride Dynamics desenvolveu uma v\u00e1lvula personalizada para o novo choque no Epic 8. As nossas caracter\u00edsticas \u00fanicas de amortecimento prescritas pela Ride Dynamics elevam de forma abrangente a experi\u00eancia de condu\u00e7\u00e3o. Ao ajustar os amortecedores juntamente com as taxas de alavancagem do chassis e a nova cinem\u00e1tica, somos capazes de entregar uma moto que anda al\u00e9m da soma das suas partes. O novo Epic 8 da Specialized foi concebido para oferecer uma experi\u00eancia de condu\u00e7\u00e3o \u00fanica. <strong>EFICI\u00caNCIA BIOMEC\u00c2NICA:<\/strong> Ao otimizar a cinem\u00e1tica da suspens\u00e3o, a equipa Ride Dynamics da Specialized reduziu em 20% o rolamento induzido pela pedalada ineficiente, mantendo a suspens\u00e3o ativa para uma gest\u00e3o eficaz da for\u00e7a de choque, para garantir que se mant\u00e9m na posi\u00e7\u00e3o de pedalada mais eficiente. \u00c9 a moto de suspens\u00e3o a pedal mais eficiente que j\u00e1 test\u00e1mos. <strong>MAIS COM MENOS:<\/strong> Com o Epic 8, n\u00e3o gastamos um grama extra para obter uma capacidade m\u00e1xima fora do quadro. Todos os modelos agora contam com SWAT 4.0 para transportar todos os seus itens essenciais e um headstop integrado para evitar a cicatriz onipresente no tubo superior na primeira vez que voc\u00ea cai e o guid\u00e3o gira. Na verdade, o novo quadro do S-Works Epic 8 at\u00e9 perdeu peso (76 gramas para ser exato) enquanto ganhava essas novas adi\u00e7\u00f5es.  <\/p>\n<ul>\n<li>RockShox SIDLuxe ULTIMATE choque e garfo SID ULTIMATE desenvolvido pela Ride Dynamics<\/li>\n<li>Choque personalizado com 3 configura\u00e7\u00f5es exclusivas de amortecimento<\/li>\n<li>Roval Control SL espig\u00e3o de assento em carbono leve e r\u00edgido<\/li>\n<li>SWAT 4.0 no tubo descendente para transportar itens essenciais da trilha<\/li>\n<\/ul>\n<\/div>\n<ul>\n<li><strong>Especifica\u00e7\u00f5es t\u00e9cnicas<\/strong><\/li>\n<li><strong>IMAGEM<\/strong> S-Works FACT 12m Carbon, Geometria de Corrida XC Progressiva, Rider-First Engineered\u2122, armazenamento downtube SWAT, BB roscado, sa\u00edda traseira compat\u00edvel com UDH 12x148mm, roteamento de cabos internos, 120mm de curso, otimizado para transmiss\u00e3o sem fio e espig\u00e3o de assento<\/li>\n<li><strong>SWAT<\/strong> Armazenamento interno SWAT downtube<\/li>\n<li><strong>ABRA\u00c7O. SELIM<\/strong>  Liga Especializada 34.9, Parafuso de tit\u00e2nio<\/li>\n<li><strong>AMORTECEDOR<\/strong> RockShox SIDLuxe ULTIMATE, Ride Dynamics desenvolveu 3 posi\u00e7\u00f5es, ajuste remoto TwistLoc, Solo Air, 190x45mm<\/li>\n<li><strong>GARFO<\/strong> RockShox SID ULTIMATE, Ride Dynamics desenvolveu 3 posi\u00e7\u00f5es, ajuste remoto TwistLoc, Debon Air, 15x110mm, 44mm offset, 120mm Travel<\/li>\n<li><strong>ESPIG\u00c3O ASSENTO<\/strong> Espig\u00e3o de assento em carbono Roval Control SL, bra\u00e7adeira de dois parafusos, deslocamento de 0mm, 415\/370mm x 30,9<\/li>\n<li><strong>PUNHOS<\/strong> SRAM Slip on com Twist-Loc<\/li>\n<li><strong>Peso<\/strong> DINAMO 3.6kg (7 lb, 15 oz) DINAMO MD * Pesos baseados na produ\u00e7\u00e3o pintado quadros como retratado. Os pesos reais variam consoante a cor, o tamanho do quadro e a varia\u00e7\u00e3o dos componentes. As especifica\u00e7\u00f5es est\u00e3o sujeitas a altera\u00e7\u00f5es sem aviso pr\u00e9vio.<\/li>\n<\/ul>\n<\/div>\n","protected":false},"excerpt":{"rendered":"<p>Epic 8 S-Works FACT Quadro de carbono de 12m. Geometria XC progressiva. SWAT 4.0 no tubo descendente para transportar itens essenciais da trilha. RockShox SIDLuxe ULTIMATE<\/p>\n","protected":false},"featured_media":377971,"comment_status":"closed","ping_status":"closed","template":"","meta":{"_acf_changed":false,"_et_pb_use_builder":"","_et_pb_old_content":"","_et_gb_content_width":"","inline_featured_image":false},"product_brand":[],"product_cat":[2459,402,2483],"product_tag":[],"class_list":{"0":"post-379788","1":"product","2":"type-product","3":"status-publish","4":"has-post-thumbnail","6":"product_cat-bicicletas-pt-pt-2","7":"product_cat-montanha","8":"product_cat-bicicletas-especializadas","9":"product_shipping_class-bicicletas-pt-pt","11":"first","12":"outofstock","13":"taxable","14":"shipping-taxable","15":"product-type-variable","16":"wvs-archive-product-wrapper"},"acf":[],"yoast_head":"<!-- This site is optimized with the Yoast SEO Premium plugin v26.7 (Yoast SEO v26.7) - https:\/\/yoast.com\/wordpress\/plugins\/seo\/ -->\n<title>Conjunto de quadros Specialized Epic 8 S-Works 2024 GR-100<\/title>\n<meta name=\"description\" content=\"Tire o m\u00e1ximo partido da sua moto com o Specialized Epic 8 S-Works Frameset 2024. Adquira-o na nossa loja online!\" \/>\n<meta name=\"robots\" content=\"index, follow, max-snippet:-1, max-image-preview:large, max-video-preview:-1\" \/>\n<link rel=\"canonical\" href=\"https:\/\/gr-100.com\/pt-pt\/producto\/conjunto-de-quadros-specialized-epic-8-s-works-2024\/\" \/>\n<meta property=\"og:locale\" content=\"pt_PT\" \/>\n<meta property=\"og:type\" content=\"article\" \/>\n<meta property=\"og:title\" content=\"Conjunto de quadros Specialized Epic 8 S-Works 2024\" \/>\n<meta property=\"og:description\" content=\"Tire o m\u00e1ximo partido da sua moto com o Specialized Epic 8 S-Works Frameset 2024. Adquira-o na nossa loja online!\" \/>\n<meta property=\"og:url\" content=\"https:\/\/gr-100.com\/pt-pt\/producto\/conjunto-de-quadros-specialized-epic-8-s-works-2024\/\" \/>\n<meta property=\"og:site_name\" content=\"Gr-100 Tienda de ciclismo Specialized\" \/>\n<meta property=\"article:publisher\" content=\"https:\/\/www.facebook.com\/Gr100Bikes\" \/>\n<meta property=\"article:modified_time\" content=\"2025-11-27T09:03:30+00:00\" \/>\n<meta property=\"og:image\" content=\"https:\/\/gr-100.com\/wp-content\/uploads\/2024\/07\/Cuadro-S-Works-Epic-8-Satin-Carbon.jpg\" \/>\n\t<meta property=\"og:image:width\" content=\"1000\" \/>\n\t<meta property=\"og:image:height\" content=\"1000\" \/>\n\t<meta property=\"og:image:type\" content=\"image\/jpeg\" \/>\n<meta name=\"twitter:card\" content=\"summary_large_image\" \/>\n<meta name=\"twitter:label1\" content=\"Tempo estimado de leitura\" \/>\n\t<meta name=\"twitter:data1\" content=\"3 minutos\" \/>\n<script type=\"application\/ld+json\" class=\"yoast-schema-graph\">{\"@context\":\"https:\/\/schema.org\",\"@graph\":[{\"@type\":\"WebPage\",\"@id\":\"https:\/\/gr-100.com\/pt-pt\/producto\/conjunto-de-quadros-specialized-epic-8-s-works-2024\/\",\"url\":\"https:\/\/gr-100.com\/pt-pt\/producto\/conjunto-de-quadros-specialized-epic-8-s-works-2024\/\",\"name\":\"Conjunto de quadros Specialized Epic 8 S-Works 2024 GR-100\",\"isPartOf\":{\"@id\":\"https:\/\/gr-100.com\/#website\"},\"primaryImageOfPage\":{\"@id\":\"https:\/\/gr-100.com\/pt-pt\/producto\/conjunto-de-quadros-specialized-epic-8-s-works-2024\/#primaryimage\"},\"image\":{\"@id\":\"https:\/\/gr-100.com\/pt-pt\/producto\/conjunto-de-quadros-specialized-epic-8-s-works-2024\/#primaryimage\"},\"thumbnailUrl\":\"https:\/\/gr-100.com\/wp-content\/uploads\/2024\/07\/Cuadro-S-Works-Epic-8-Satin-Carbon.jpg\",\"datePublished\":\"2024-07-03T11:01:09+00:00\",\"dateModified\":\"2025-11-27T09:03:30+00:00\",\"description\":\"Tire o m\u00e1ximo partido da sua moto com o Specialized Epic 8 S-Works Frameset 2024. Adquira-o na nossa loja online!\",\"breadcrumb\":{\"@id\":\"https:\/\/gr-100.com\/pt-pt\/producto\/conjunto-de-quadros-specialized-epic-8-s-works-2024\/#breadcrumb\"},\"inLanguage\":\"pt-PT\",\"potentialAction\":[{\"@type\":\"ReadAction\",\"target\":[\"https:\/\/gr-100.com\/pt-pt\/producto\/conjunto-de-quadros-specialized-epic-8-s-works-2024\/\"]}]},{\"@type\":\"ImageObject\",\"inLanguage\":\"pt-PT\",\"@id\":\"https:\/\/gr-100.com\/pt-pt\/producto\/conjunto-de-quadros-specialized-epic-8-s-works-2024\/#primaryimage\",\"url\":\"https:\/\/gr-100.com\/wp-content\/uploads\/2024\/07\/Cuadro-S-Works-Epic-8-Satin-Carbon.jpg\",\"contentUrl\":\"https:\/\/gr-100.com\/wp-content\/uploads\/2024\/07\/Cuadro-S-Works-Epic-8-Satin-Carbon.jpg\",\"width\":1000,\"height\":1000},{\"@type\":\"BreadcrumbList\",\"@id\":\"https:\/\/gr-100.com\/pt-pt\/producto\/conjunto-de-quadros-specialized-epic-8-s-works-2024\/#breadcrumb\",\"itemListElement\":[{\"@type\":\"ListItem\",\"position\":1,\"name\":\"Portada\",\"item\":\"https:\/\/gr-100.com\/en\/\"},{\"@type\":\"ListItem\",\"position\":2,\"name\":\"Productos\",\"item\":\"https:\/\/gr-100.com\/?post_type=product\"},{\"@type\":\"ListItem\",\"position\":3,\"name\":\"Conjunto de quadros Specialized Epic 8 S-Works 2024\"}]},{\"@type\":\"WebSite\",\"@id\":\"https:\/\/gr-100.com\/#website\",\"url\":\"https:\/\/gr-100.com\/\",\"name\":\"Gr-100 Tienda de ciclismo Specialized\",\"description\":\"GR-100 tenemos todas las gamas de bicicletas Specialized al mejor precio.\",\"publisher\":{\"@id\":\"https:\/\/gr-100.com\/#organization\"},\"alternateName\":\"Gr-100 Bikes\",\"potentialAction\":[{\"@type\":\"SearchAction\",\"target\":{\"@type\":\"EntryPoint\",\"urlTemplate\":\"https:\/\/gr-100.com\/?s={search_term_string}\"},\"query-input\":{\"@type\":\"PropertyValueSpecification\",\"valueRequired\":true,\"valueName\":\"search_term_string\"}}],\"inLanguage\":\"pt-PT\"},{\"@type\":\"Organization\",\"@id\":\"https:\/\/gr-100.com\/#organization\",\"name\":\"Gr-100\",\"url\":\"https:\/\/gr-100.com\/\",\"logo\":{\"@type\":\"ImageObject\",\"inLanguage\":\"pt-PT\",\"@id\":\"https:\/\/gr-100.com\/#\/schema\/logo\/image\/\",\"url\":\"https:\/\/gr-100.com\/wp-content\/uploads\/2023\/08\/logo-gr-100-bikes.png\",\"contentUrl\":\"https:\/\/gr-100.com\/wp-content\/uploads\/2023\/08\/logo-gr-100-bikes.png\",\"width\":707,\"height\":284,\"caption\":\"Gr-100\"},\"image\":{\"@id\":\"https:\/\/gr-100.com\/#\/schema\/logo\/image\/\"},\"sameAs\":[\"https:\/\/www.facebook.com\/Gr100Bikes\",\"https:\/\/www.instagram.com\/gr100bikes\/\",\"https:\/\/www.tiktok.com\/@gr100bikes\",\"https:\/\/twitter.com\/gr100mtbteam\",\"https:\/\/www.youtube.com\/c\/GR100Specialized\"]}]}<\/script>\n<!-- \/ Yoast SEO Premium plugin. -->","yoast_head_json":{"title":"Conjunto de quadros Specialized Epic 8 S-Works 2024 GR-100","description":"Tire o m\u00e1ximo partido da sua moto com o Specialized Epic 8 S-Works Frameset 2024. Adquira-o na nossa loja online!","robots":{"index":"index","follow":"follow","max-snippet":"max-snippet:-1","max-image-preview":"max-image-preview:large","max-video-preview":"max-video-preview:-1"},"canonical":"https:\/\/gr-100.com\/pt-pt\/producto\/conjunto-de-quadros-specialized-epic-8-s-works-2024\/","og_locale":"pt_PT","og_type":"article","og_title":"Conjunto de quadros Specialized Epic 8 S-Works 2024","og_description":"Tire o m\u00e1ximo partido da sua moto com o Specialized Epic 8 S-Works Frameset 2024. Adquira-o na nossa loja online!","og_url":"https:\/\/gr-100.com\/pt-pt\/producto\/conjunto-de-quadros-specialized-epic-8-s-works-2024\/","og_site_name":"Gr-100 Tienda de ciclismo Specialized","article_publisher":"https:\/\/www.facebook.com\/Gr100Bikes","article_modified_time":"2025-11-27T09:03:30+00:00","og_image":[{"width":1000,"height":1000,"url":"https:\/\/gr-100.com\/wp-content\/uploads\/2024\/07\/Cuadro-S-Works-Epic-8-Satin-Carbon.jpg","type":"image\/jpeg"}],"twitter_card":"summary_large_image","twitter_misc":{"Tempo estimado de leitura":"3 minutos"},"schema":{"@context":"https:\/\/schema.org","@graph":[{"@type":"WebPage","@id":"https:\/\/gr-100.com\/pt-pt\/producto\/conjunto-de-quadros-specialized-epic-8-s-works-2024\/","url":"https:\/\/gr-100.com\/pt-pt\/producto\/conjunto-de-quadros-specialized-epic-8-s-works-2024\/","name":"Conjunto de quadros Specialized Epic 8 S-Works 2024 GR-100","isPartOf":{"@id":"https:\/\/gr-100.com\/#website"},"primaryImageOfPage":{"@id":"https:\/\/gr-100.com\/pt-pt\/producto\/conjunto-de-quadros-specialized-epic-8-s-works-2024\/#primaryimage"},"image":{"@id":"https:\/\/gr-100.com\/pt-pt\/producto\/conjunto-de-quadros-specialized-epic-8-s-works-2024\/#primaryimage"},"thumbnailUrl":"https:\/\/gr-100.com\/wp-content\/uploads\/2024\/07\/Cuadro-S-Works-Epic-8-Satin-Carbon.jpg","datePublished":"2024-07-03T11:01:09+00:00","dateModified":"2025-11-27T09:03:30+00:00","description":"Tire o m\u00e1ximo partido da sua moto com o Specialized Epic 8 S-Works Frameset 2024. Adquira-o na nossa loja online!","breadcrumb":{"@id":"https:\/\/gr-100.com\/pt-pt\/producto\/conjunto-de-quadros-specialized-epic-8-s-works-2024\/#breadcrumb"},"inLanguage":"pt-PT","potentialAction":[{"@type":"ReadAction","target":["https:\/\/gr-100.com\/pt-pt\/producto\/conjunto-de-quadros-specialized-epic-8-s-works-2024\/"]}]},{"@type":"ImageObject","inLanguage":"pt-PT","@id":"https:\/\/gr-100.com\/pt-pt\/producto\/conjunto-de-quadros-specialized-epic-8-s-works-2024\/#primaryimage","url":"https:\/\/gr-100.com\/wp-content\/uploads\/2024\/07\/Cuadro-S-Works-Epic-8-Satin-Carbon.jpg","contentUrl":"https:\/\/gr-100.com\/wp-content\/uploads\/2024\/07\/Cuadro-S-Works-Epic-8-Satin-Carbon.jpg","width":1000,"height":1000},{"@type":"BreadcrumbList","@id":"https:\/\/gr-100.com\/pt-pt\/producto\/conjunto-de-quadros-specialized-epic-8-s-works-2024\/#breadcrumb","itemListElement":[{"@type":"ListItem","position":1,"name":"Portada","item":"https:\/\/gr-100.com\/en\/"},{"@type":"ListItem","position":2,"name":"Productos","item":"https:\/\/gr-100.com\/?post_type=product"},{"@type":"ListItem","position":3,"name":"Conjunto de quadros Specialized Epic 8 S-Works 2024"}]},{"@type":"WebSite","@id":"https:\/\/gr-100.com\/#website","url":"https:\/\/gr-100.com\/","name":"Gr-100 Tienda de ciclismo Specialized","description":"GR-100 tenemos todas las gamas de bicicletas Specialized al mejor precio.","publisher":{"@id":"https:\/\/gr-100.com\/#organization"},"alternateName":"Gr-100 Bikes","potentialAction":[{"@type":"SearchAction","target":{"@type":"EntryPoint","urlTemplate":"https:\/\/gr-100.com\/?s={search_term_string}"},"query-input":{"@type":"PropertyValueSpecification","valueRequired":true,"valueName":"search_term_string"}}],"inLanguage":"pt-PT"},{"@type":"Organization","@id":"https:\/\/gr-100.com\/#organization","name":"Gr-100","url":"https:\/\/gr-100.com\/","logo":{"@type":"ImageObject","inLanguage":"pt-PT","@id":"https:\/\/gr-100.com\/#\/schema\/logo\/image\/","url":"https:\/\/gr-100.com\/wp-content\/uploads\/2023\/08\/logo-gr-100-bikes.png","contentUrl":"https:\/\/gr-100.com\/wp-content\/uploads\/2023\/08\/logo-gr-100-bikes.png","width":707,"height":284,"caption":"Gr-100"},"image":{"@id":"https:\/\/gr-100.com\/#\/schema\/logo\/image\/"},"sameAs":["https:\/\/www.facebook.com\/Gr100Bikes","https:\/\/www.instagram.com\/gr100bikes\/","https:\/\/www.tiktok.com\/@gr100bikes","https:\/\/twitter.com\/gr100mtbteam","https:\/\/www.youtube.com\/c\/GR100Specialized"]}]}},"_links":{"self":[{"href":"https:\/\/gr-100.com\/pt-pt\/wp-json\/wp\/v2\/product\/379788","targetHints":{"allow":["GET"]}}],"collection":[{"href":"https:\/\/gr-100.com\/pt-pt\/wp-json\/wp\/v2\/product"}],"about":[{"href":"https:\/\/gr-100.com\/pt-pt\/wp-json\/wp\/v2\/types\/product"}],"replies":[{"embeddable":true,"href":"https:\/\/gr-100.com\/pt-pt\/wp-json\/wp\/v2\/comments?post=379788"}],"wp:featuredmedia":[{"embeddable":true,"href":"https:\/\/gr-100.com\/pt-pt\/wp-json\/wp\/v2\/media\/377971"}],"wp:attachment":[{"href":"https:\/\/gr-100.com\/pt-pt\/wp-json\/wp\/v2\/media?parent=379788"}],"wp:term":[{"taxonomy":"product_brand","embeddable":true,"href":"https:\/\/gr-100.com\/pt-pt\/wp-json\/wp\/v2\/product_brand?post=379788"},{"taxonomy":"product_cat","embeddable":true,"href":"https:\/\/gr-100.com\/pt-pt\/wp-json\/wp\/v2\/product_cat?post=379788"},{"taxonomy":"product_tag","embeddable":true,"href":"https:\/\/gr-100.com\/pt-pt\/wp-json\/wp\/v2\/product_tag?post=379788"}],"curies":[{"name":"wp","href":"https:\/\/api.w.org\/{rel}","templated":true}]}}