{"id":380103,"date":"2024-07-01T14:53:38","date_gmt":"2024-07-01T13:53:38","guid":{"rendered":"https:\/\/gr-100.com\/producto\/especializada-epic-8-comp-2024\/"},"modified":"2025-09-22T16:23:31","modified_gmt":"2025-09-22T14:23:31","slug":"especializada-epic-8-comp-2024","status":"publish","type":"product","link":"https:\/\/gr-100.com\/pt-pt\/producto\/especializada-epic-8-comp-2024\/","title":{"rendered":"Specialized \u00c9pico 8 Comp 2024"},"content":{"rendered":"<p><strong>Se voc\u00ea \u00e9 um piloto de XC ou prioriza a velocidade absoluta em sua condu\u00e7\u00e3o, a Epic 8 \u00e9 a moto para voc\u00ea.<\/strong><\/p>\n<ul>\n<li><strong>CAPACIDADE INCOMPAR\u00c1VEL:<\/strong> A moto de 120mm mais capaz do planeta, agora ainda mais capaz.<br \/>\nVoc\u00ea ficar\u00e1 surpreso com a forma como a geometria progressiva do Epic 8 EVO oferece capacidade t\u00e9cnica de terreno, juntamente com desempenho r\u00e1pido e eficiente de subida e acelera\u00e7\u00e3o.<br \/>\nA absurda rigidez lateral e torcional do chassis tamb\u00e9m se traduz num manuseamento muito preciso.<br \/>\nCom 130 mm de curso \u00e0 frente e uma s\u00e9rie de caracter\u00edsticas que facilitam a condu\u00e7\u00e3o em trail, o Epic 8 EVO sente-se em casa em terrenos acidentados.   <\/li>\n<li><strong>QUE SOLAVANCOS?:<\/strong> Em compara\u00e7\u00e3o com a gera\u00e7\u00e3o anterior, o novo Epic 8 absorve 12% mais for\u00e7as de choque e vibra\u00e7\u00e3o do que a gera\u00e7\u00e3o anterior, deixando-o menos cansado e mais potente ao longo do tempo para que possa continuar a avan\u00e7ar enquanto outros sofrem.<\/li>\n<li><strong>DIN\u00c2MICA DO PASSEIO:<\/strong> A equipa da Specialized Driving Dynamics desenvolveu uma afina\u00e7\u00e3o personalizada para o novo amortecedor do Epic 8.<br \/>\nAs nossas caracter\u00edsticas \u00fanicas de amortecimento, prescritas pela Ride Dynamics, elevam holisticamente a experi\u00eancia de condu\u00e7\u00e3o.<br \/>\nAo ajustar os choques juntamente com as taxas de alavanca do chassis e a nova cinem\u00e1tica, podemos entregar uma moto que vai al\u00e9m da soma das suas partes.  <\/li>\n<li><strong>EFICI\u00caNCIA BIOMEC\u00c2NICA:<\/strong> Ao otimizar a cinem\u00e1tica da suspens\u00e3o, a equipe Ride Dynamics Specialized reduziu o rolo ineficiente acionado por pedal em 20%, mantendo a suspens\u00e3o ativa para um gerenciamento eficaz da for\u00e7a de colis\u00e3o, garantindo que voc\u00ea permane\u00e7a na posi\u00e7\u00e3o de pedalada mais eficiente.<br \/>\n\u00c9 a bicicleta de suspens\u00e3o de pedal mais eficiente que test\u00e1mos. <\/li>\n<li><strong>MAIS COM MENOS:<\/strong> Com o Epic 8, n\u00e3o gastamos um \u00fanico grama extra para obter a capacidade m\u00e1xima de quadros.<br \/>\nTodos os modelos agora possuem SWAT 4.0 para transportar todos os seus itens essenciais de trilha e um headstop integrado para evitar a cicatriz onipresente do tubo superior na primeira vez que voc\u00ea bater e seu guid\u00e3o girar.<br \/>\nNa verdade, o novo quadro do Epic 8 S-Works perdeu peso (76 gramas para ser exato) ao receber essas novas adi\u00e7\u00f5es.  <\/li>\n<li>A moto de 120mm mais capaz do planeta.<br \/>\n12% mais absor\u00e7\u00e3o de solavancos e 20% menos rolagem do pedal. <\/li>\n<li>Os trav\u00f5es de 4 pist\u00f5es SRAM Level Bronze Stealth proporcionam uma pot\u00eancia de travagem f\u00e1cil de conduzir num sistema pronto para corridas.<\/li>\n<li>Conjunto de grupo de 12 velocidades GX Eagle confi\u00e1vel e dur\u00e1vel<\/li>\n<li>Jantes de alum\u00ednio Specialized leves e dur\u00e1veis<\/li>\n<li>RockShox SIDLuxe Select+ choque e garfo SID Select desenvolvido pela Ride Dynamics<\/li>\n<li>Choque personalizado com 3 configura\u00e7\u00f5es exclusivas de amortecimento<\/li>\n<li>SWAT 4.0 no tubo descendente para transportar itens essenciais da trilha<\/li>\n<\/ul>\n<ul>\n<li><strong>Especifica\u00e7\u00f5es<\/strong><\/li>\n<li><strong>IMAGEM<\/strong><br \/>\nFACTO 11m Carbon, Geometria de Corrida XC Progressiva, Rider-First Engineered\u2122, armazenamento SWAT downtube, BB roscado, sa\u00edda traseira compat\u00edvel com UDH 12x148mm, roteamento de cabos internos, 120mm de curso<\/li>\n<li><strong>ABRA\u00c7O.<br \/>\nSELIM <\/strong><br \/>\nSpecialized Liga, 34.9, Parafuso de a\u00e7o<\/li>\n<li><strong>SWAT<\/strong><br \/>\nArmazenamento interno SWAT downtube<\/li>\n<li><strong>GARFO<\/strong><br \/>\nRockShox SID Select, Ride Dynamics desenvolvido 3 posi\u00e7\u00e3o, ajuste remoto TwistLoc, Debon Air, 15x110mm, 44mm offset, 120mm Travel<\/li>\n<li><strong>AMORTECEDOR<\/strong><br \/>\nRockShox SIDLuxe Select+, Ride Dynamics desenvolvido 3 posi\u00e7\u00e3o, ajuste remoto TwistLoc, Solo Air, 190x45mm<\/li>\n<li><strong>SELIM<\/strong><br \/>\nGeometria da carro\u00e7aria Power Sport, calhas de a\u00e7o<\/li>\n<li>X-Fusion Manic Seatpig<br \/>\n, 30.9, 100\/125\/150\/175 Curso, 0mm deslocamento<\/li>\n<li><strong>PUNHOS<\/strong><br \/>\nSRAM Deslize com Twist-Loc<\/li>\n<li><strong>GUID\u00c3O<\/strong><br \/>\nSpecialized Minirise de liga, eleva\u00e7\u00e3o de 10mm, 750mm, bra\u00e7adeira de 31,8mm<\/li>\n<li><strong>POT\u00caNCIA<\/strong><br \/>\nSpecialized forjada em 3D, 4 parafusos, eleva\u00e7\u00e3o de 7 graus<\/li>\n<li><strong>TRAV\u00c3O DIANTEIRO<\/strong><br \/>\nSRAM N\u00edvel Bronze Stealth, pin\u00e7a de 4 pist\u00f5es, disco hidr\u00e1ulico, rotor de 180mm<\/li>\n<li><strong>TRAV\u00c3O TRASEIRO<\/strong><br \/>\nSRAM N\u00edvel Bronze Stealth, pin\u00e7a de 4 pist\u00f5es, disco hidr\u00e1ulico, rotor de 160mm<\/li>\n<li><strong>SUPORTE<\/strong><br \/>\n INFERIORSRAM DUB, BSA 73mm, roscado<\/li>\n<li><strong>SUPORTE<\/strong><br \/>\n INFERIORSRAM X1000 \u00c1guia, DUB, 170\/175mm 32T<\/li>\n<li><strong>MUDAN\u00c7A<\/strong><br \/>\nSRAM GX Eagle, 12 velocidades<\/li>\n<li><strong>CONTROLOS DE MUDAN\u00c7A DE VELOCIDADE<\/strong><br \/>\nSRAM GX, gatilho, 12 velocidades<\/li>\n<li><strong>CADEIA<\/strong><br \/>\nSRAM NX Eagle, 12 velocidades<\/li>\n<li><strong><br \/>\nSRAM XG-1275, 12 velocidades, 10-52t<\/strong><\/li>\n<li><strong>PRATOS<\/strong><br \/>\nA\u00e7o, 32T<\/li>\n<li><strong>CUBO TRASEIRO<\/strong><br \/>\nLiga, rolamentos de cartucho selado, eixo thru 148mmx12mm, 28h<\/li>\n<li><strong>R\u00c1DIOS<\/strong><br \/>\nDT Ind\u00fastria Su\u00ed\u00e7a<\/li>\n<li><strong>PNEU.<\/strong><br \/>\nSpecialized Trak r\u00e1pido, caixa de controle, composto T7, 29&#215;2.35<\/li>\n<li><strong>Pneus<\/strong><br \/>\nSpecialized Liga 29, largura interna de 28mm, sem tubo<\/li>\n<li><strong>PNEU TRASEIRO<\/strong><br \/>\nSpecialized Renegado, Caixa de controle, Composto T5, 29&#215;2.35<\/li>\n<li><strong>CUBO FRONTAL<\/strong><br \/>\nLiga, rolamentos de cartucho selado, eixo thru 15x110mm, 28h<\/li>\n<li><strong>C\u00c2MARAS<\/strong><br \/>\nPadr\u00e3o, Presta Valve<\/li>\n<li><strong>PESO<\/strong><br \/>\nOrdem de execu\u00e7\u00e3o<br \/>\n: 11,7 kg (25 lb, 12,7 oz)<br \/>\nTamanho<br \/>\nM<br \/>\n* Pesos com base na produ\u00e7\u00e3o pintado quadros como retratado. Os pesos reais variam consoante a cor, o tamanho do quadro e a varia\u00e7\u00e3o dos componentes. As especifica\u00e7\u00f5es est\u00e3o sujeitas a altera\u00e7\u00f5es sem aviso pr\u00e9vio.<\/li>\n<\/ul>\n","protected":false},"excerpt":{"rendered":"<p>O novo Epic 8 evolui a f\u00f3rmula da velocidade atrav\u00e9s da capacidade, efici\u00eancia e integra\u00e7\u00e3o leve.<br \/>\nAs modernas pistas XC exigem cada vez mais capacidade dia ap\u00f3s dia.<br \/>\nEntre no Epic 8.<br \/>\nA sua cinem\u00e1tica melhorada torna-a na bicicleta de pedalada mais eficiente que test\u00e1mos, enquanto os amortecedores personalizados (e afinados) absorvem cada solavanco.<br \/>\nEle \u00e9 um lobo em roupas de lobo.    <\/p>\n","protected":false},"featured_media":307443,"comment_status":"closed","ping_status":"closed","template":"","meta":{"_acf_changed":false,"_et_pb_use_builder":"","_et_pb_old_content":"","_et_gb_content_width":"","inline_featured_image":false},"product_brand":[],"product_cat":[5377,5379,5378,5376,5375,5374,4353,2459,402,2696,403],"product_tag":[],"class_list":{"0":"post-380103","1":"product","2":"type-product","3":"status-publish","4":"has-post-thumbnail","6":"product_cat-bicicletas-de-montanha-com-suspensao-dupla","7":"product_cat-bicicletas-de-montanha-cross-country-xc","8":"product_cat-bicicletas-de-montanha-de-29","9":"product_cat-bicicletas-de-montanha-em-carbono","10":"product_cat-bicicletas-de-montanha-specialized","11":"product_cat-descontos","12":"product_cat-liquidacion-specialized","13":"product_cat-bicicletas-pt-pt-2","14":"product_cat-montanha","15":"product_cat-ofertas-especializadas","16":"product_cat-outlet-pt-pt","17":"product_shipping_class-bicicletas-pt-pt","19":"first","20":"instock","21":"sale","22":"taxable","23":"shipping-taxable","24":"purchasable","25":"product-type-variable","26":"wvs-archive-product-wrapper"},"acf":[],"yoast_head":"<!-- This site is optimized with the Yoast SEO Premium plugin v26.7 (Yoast SEO v26.7) - https:\/\/yoast.com\/wordpress\/plugins\/seo\/ -->\n<title>Specialized \u00c9pico 8 Comp 2024 GR100 S-Works Specialized<\/title>\n<meta name=\"description\" content=\"Specialized O Epic 8 Comp 2024 evolui a f\u00f3rmula mais rapidamente atrav\u00e9s da capacidade, efici\u00eancia e integra\u00e7\u00e3o leve. Ele \u00e9 um lobo em roupas de lobo.\" \/>\n<meta name=\"robots\" content=\"index, follow, max-snippet:-1, max-image-preview:large, max-video-preview:-1\" \/>\n<link rel=\"canonical\" href=\"https:\/\/gr-100.com\/pt-pt\/producto\/especializada-epic-8-comp-2024\/\" \/>\n<meta property=\"og:locale\" content=\"pt_PT\" \/>\n<meta property=\"og:type\" content=\"article\" \/>\n<meta property=\"og:title\" content=\"Specialized \u00c9pico 8 Comp 2024\" \/>\n<meta property=\"og:description\" content=\"Specialized O Epic 8 Comp 2024 evolui a f\u00f3rmula mais rapidamente atrav\u00e9s da capacidade, efici\u00eancia e integra\u00e7\u00e3o leve. Ele \u00e9 um lobo em roupas de lobo.\" \/>\n<meta property=\"og:url\" content=\"https:\/\/gr-100.com\/pt-pt\/producto\/especializada-epic-8-comp-2024\/\" \/>\n<meta property=\"og:site_name\" content=\"Gr-100 Tienda de ciclismo Specialized\" \/>\n<meta property=\"article:publisher\" content=\"https:\/\/www.facebook.com\/Gr100Bikes\" \/>\n<meta property=\"article:modified_time\" content=\"2025-09-22T14:23:31+00:00\" \/>\n<meta property=\"og:image\" content=\"https:\/\/gr-100.com\/wp-content\/uploads\/2024\/05\/Epic-8-Comp1.jpg\" \/>\n\t<meta property=\"og:image:width\" content=\"1000\" \/>\n\t<meta property=\"og:image:height\" content=\"1000\" \/>\n\t<meta property=\"og:image:type\" content=\"image\/jpeg\" \/>\n<meta name=\"twitter:card\" content=\"summary_large_image\" \/>\n<meta name=\"twitter:label1\" content=\"Tempo estimado de leitura\" \/>\n\t<meta name=\"twitter:data1\" content=\"4 minutos\" \/>\n<script type=\"application\/ld+json\" class=\"yoast-schema-graph\">{\"@context\":\"https:\/\/schema.org\",\"@graph\":[{\"@type\":\"WebPage\",\"@id\":\"https:\/\/gr-100.com\/pt-pt\/producto\/especializada-epic-8-comp-2024\/\",\"url\":\"https:\/\/gr-100.com\/pt-pt\/producto\/especializada-epic-8-comp-2024\/\",\"name\":\"Specialized \u00c9pico 8 Comp 2024 GR100 S-Works Specialized\",\"isPartOf\":{\"@id\":\"https:\/\/gr-100.com\/#website\"},\"primaryImageOfPage\":{\"@id\":\"https:\/\/gr-100.com\/pt-pt\/producto\/especializada-epic-8-comp-2024\/#primaryimage\"},\"image\":{\"@id\":\"https:\/\/gr-100.com\/pt-pt\/producto\/especializada-epic-8-comp-2024\/#primaryimage\"},\"thumbnailUrl\":\"https:\/\/gr-100.com\/wp-content\/uploads\/2024\/05\/Epic-8-Comp1.jpg\",\"datePublished\":\"2024-07-01T13:53:38+00:00\",\"dateModified\":\"2025-09-22T14:23:31+00:00\",\"description\":\"Specialized O Epic 8 Comp 2024 evolui a f\u00f3rmula mais rapidamente atrav\u00e9s da capacidade, efici\u00eancia e integra\u00e7\u00e3o leve. Ele \u00e9 um lobo em roupas de lobo.\",\"breadcrumb\":{\"@id\":\"https:\/\/gr-100.com\/pt-pt\/producto\/especializada-epic-8-comp-2024\/#breadcrumb\"},\"inLanguage\":\"pt-PT\",\"potentialAction\":[{\"@type\":\"ReadAction\",\"target\":[\"https:\/\/gr-100.com\/pt-pt\/producto\/especializada-epic-8-comp-2024\/\"]}]},{\"@type\":\"ImageObject\",\"inLanguage\":\"pt-PT\",\"@id\":\"https:\/\/gr-100.com\/pt-pt\/producto\/especializada-epic-8-comp-2024\/#primaryimage\",\"url\":\"https:\/\/gr-100.com\/wp-content\/uploads\/2024\/05\/Epic-8-Comp1.jpg\",\"contentUrl\":\"https:\/\/gr-100.com\/wp-content\/uploads\/2024\/05\/Epic-8-Comp1.jpg\",\"width\":1000,\"height\":1000},{\"@type\":\"BreadcrumbList\",\"@id\":\"https:\/\/gr-100.com\/pt-pt\/producto\/especializada-epic-8-comp-2024\/#breadcrumb\",\"itemListElement\":[{\"@type\":\"ListItem\",\"position\":1,\"name\":\"Portada\",\"item\":\"https:\/\/gr-100.com\/en\/\"},{\"@type\":\"ListItem\",\"position\":2,\"name\":\"Productos\",\"item\":\"https:\/\/gr-100.com\/?post_type=product\"},{\"@type\":\"ListItem\",\"position\":3,\"name\":\"Specialized \u00c9pico 8 Comp 2024\"}]},{\"@type\":\"WebSite\",\"@id\":\"https:\/\/gr-100.com\/#website\",\"url\":\"https:\/\/gr-100.com\/\",\"name\":\"Gr-100 Tienda de ciclismo Specialized\",\"description\":\"GR-100 tenemos todas las gamas de bicicletas Specialized al mejor precio.\",\"publisher\":{\"@id\":\"https:\/\/gr-100.com\/#organization\"},\"alternateName\":\"Gr-100 Bikes\",\"potentialAction\":[{\"@type\":\"SearchAction\",\"target\":{\"@type\":\"EntryPoint\",\"urlTemplate\":\"https:\/\/gr-100.com\/?s={search_term_string}\"},\"query-input\":{\"@type\":\"PropertyValueSpecification\",\"valueRequired\":true,\"valueName\":\"search_term_string\"}}],\"inLanguage\":\"pt-PT\"},{\"@type\":\"Organization\",\"@id\":\"https:\/\/gr-100.com\/#organization\",\"name\":\"Gr-100\",\"url\":\"https:\/\/gr-100.com\/\",\"logo\":{\"@type\":\"ImageObject\",\"inLanguage\":\"pt-PT\",\"@id\":\"https:\/\/gr-100.com\/#\/schema\/logo\/image\/\",\"url\":\"https:\/\/gr-100.com\/wp-content\/uploads\/2023\/08\/logo-gr-100-bikes.png\",\"contentUrl\":\"https:\/\/gr-100.com\/wp-content\/uploads\/2023\/08\/logo-gr-100-bikes.png\",\"width\":707,\"height\":284,\"caption\":\"Gr-100\"},\"image\":{\"@id\":\"https:\/\/gr-100.com\/#\/schema\/logo\/image\/\"},\"sameAs\":[\"https:\/\/www.facebook.com\/Gr100Bikes\",\"https:\/\/www.instagram.com\/gr100bikes\/\",\"https:\/\/www.tiktok.com\/@gr100bikes\",\"https:\/\/twitter.com\/gr100mtbteam\",\"https:\/\/www.youtube.com\/c\/GR100Specialized\"]}]}<\/script>\n<!-- \/ Yoast SEO Premium plugin. -->","yoast_head_json":{"title":"Specialized \u00c9pico 8 Comp 2024 GR100 S-Works Specialized","description":"Specialized O Epic 8 Comp 2024 evolui a f\u00f3rmula mais rapidamente atrav\u00e9s da capacidade, efici\u00eancia e integra\u00e7\u00e3o leve. Ele \u00e9 um lobo em roupas de lobo.","robots":{"index":"index","follow":"follow","max-snippet":"max-snippet:-1","max-image-preview":"max-image-preview:large","max-video-preview":"max-video-preview:-1"},"canonical":"https:\/\/gr-100.com\/pt-pt\/producto\/especializada-epic-8-comp-2024\/","og_locale":"pt_PT","og_type":"article","og_title":"Specialized \u00c9pico 8 Comp 2024","og_description":"Specialized O Epic 8 Comp 2024 evolui a f\u00f3rmula mais rapidamente atrav\u00e9s da capacidade, efici\u00eancia e integra\u00e7\u00e3o leve. Ele \u00e9 um lobo em roupas de lobo.","og_url":"https:\/\/gr-100.com\/pt-pt\/producto\/especializada-epic-8-comp-2024\/","og_site_name":"Gr-100 Tienda de ciclismo Specialized","article_publisher":"https:\/\/www.facebook.com\/Gr100Bikes","article_modified_time":"2025-09-22T14:23:31+00:00","og_image":[{"width":1000,"height":1000,"url":"https:\/\/gr-100.com\/wp-content\/uploads\/2024\/05\/Epic-8-Comp1.jpg","type":"image\/jpeg"}],"twitter_card":"summary_large_image","twitter_misc":{"Tempo estimado de leitura":"4 minutos"},"schema":{"@context":"https:\/\/schema.org","@graph":[{"@type":"WebPage","@id":"https:\/\/gr-100.com\/pt-pt\/producto\/especializada-epic-8-comp-2024\/","url":"https:\/\/gr-100.com\/pt-pt\/producto\/especializada-epic-8-comp-2024\/","name":"Specialized \u00c9pico 8 Comp 2024 GR100 S-Works Specialized","isPartOf":{"@id":"https:\/\/gr-100.com\/#website"},"primaryImageOfPage":{"@id":"https:\/\/gr-100.com\/pt-pt\/producto\/especializada-epic-8-comp-2024\/#primaryimage"},"image":{"@id":"https:\/\/gr-100.com\/pt-pt\/producto\/especializada-epic-8-comp-2024\/#primaryimage"},"thumbnailUrl":"https:\/\/gr-100.com\/wp-content\/uploads\/2024\/05\/Epic-8-Comp1.jpg","datePublished":"2024-07-01T13:53:38+00:00","dateModified":"2025-09-22T14:23:31+00:00","description":"Specialized O Epic 8 Comp 2024 evolui a f\u00f3rmula mais rapidamente atrav\u00e9s da capacidade, efici\u00eancia e integra\u00e7\u00e3o leve. Ele \u00e9 um lobo em roupas de lobo.","breadcrumb":{"@id":"https:\/\/gr-100.com\/pt-pt\/producto\/especializada-epic-8-comp-2024\/#breadcrumb"},"inLanguage":"pt-PT","potentialAction":[{"@type":"ReadAction","target":["https:\/\/gr-100.com\/pt-pt\/producto\/especializada-epic-8-comp-2024\/"]}]},{"@type":"ImageObject","inLanguage":"pt-PT","@id":"https:\/\/gr-100.com\/pt-pt\/producto\/especializada-epic-8-comp-2024\/#primaryimage","url":"https:\/\/gr-100.com\/wp-content\/uploads\/2024\/05\/Epic-8-Comp1.jpg","contentUrl":"https:\/\/gr-100.com\/wp-content\/uploads\/2024\/05\/Epic-8-Comp1.jpg","width":1000,"height":1000},{"@type":"BreadcrumbList","@id":"https:\/\/gr-100.com\/pt-pt\/producto\/especializada-epic-8-comp-2024\/#breadcrumb","itemListElement":[{"@type":"ListItem","position":1,"name":"Portada","item":"https:\/\/gr-100.com\/en\/"},{"@type":"ListItem","position":2,"name":"Productos","item":"https:\/\/gr-100.com\/?post_type=product"},{"@type":"ListItem","position":3,"name":"Specialized \u00c9pico 8 Comp 2024"}]},{"@type":"WebSite","@id":"https:\/\/gr-100.com\/#website","url":"https:\/\/gr-100.com\/","name":"Gr-100 Tienda de ciclismo Specialized","description":"GR-100 tenemos todas las gamas de bicicletas Specialized al mejor precio.","publisher":{"@id":"https:\/\/gr-100.com\/#organization"},"alternateName":"Gr-100 Bikes","potentialAction":[{"@type":"SearchAction","target":{"@type":"EntryPoint","urlTemplate":"https:\/\/gr-100.com\/?s={search_term_string}"},"query-input":{"@type":"PropertyValueSpecification","valueRequired":true,"valueName":"search_term_string"}}],"inLanguage":"pt-PT"},{"@type":"Organization","@id":"https:\/\/gr-100.com\/#organization","name":"Gr-100","url":"https:\/\/gr-100.com\/","logo":{"@type":"ImageObject","inLanguage":"pt-PT","@id":"https:\/\/gr-100.com\/#\/schema\/logo\/image\/","url":"https:\/\/gr-100.com\/wp-content\/uploads\/2023\/08\/logo-gr-100-bikes.png","contentUrl":"https:\/\/gr-100.com\/wp-content\/uploads\/2023\/08\/logo-gr-100-bikes.png","width":707,"height":284,"caption":"Gr-100"},"image":{"@id":"https:\/\/gr-100.com\/#\/schema\/logo\/image\/"},"sameAs":["https:\/\/www.facebook.com\/Gr100Bikes","https:\/\/www.instagram.com\/gr100bikes\/","https:\/\/www.tiktok.com\/@gr100bikes","https:\/\/twitter.com\/gr100mtbteam","https:\/\/www.youtube.com\/c\/GR100Specialized"]}]}},"_links":{"self":[{"href":"https:\/\/gr-100.com\/pt-pt\/wp-json\/wp\/v2\/product\/380103","targetHints":{"allow":["GET"]}}],"collection":[{"href":"https:\/\/gr-100.com\/pt-pt\/wp-json\/wp\/v2\/product"}],"about":[{"href":"https:\/\/gr-100.com\/pt-pt\/wp-json\/wp\/v2\/types\/product"}],"replies":[{"embeddable":true,"href":"https:\/\/gr-100.com\/pt-pt\/wp-json\/wp\/v2\/comments?post=380103"}],"wp:featuredmedia":[{"embeddable":true,"href":"https:\/\/gr-100.com\/pt-pt\/wp-json\/wp\/v2\/media\/307443"}],"wp:attachment":[{"href":"https:\/\/gr-100.com\/pt-pt\/wp-json\/wp\/v2\/media?parent=380103"}],"wp:term":[{"taxonomy":"product_brand","embeddable":true,"href":"https:\/\/gr-100.com\/pt-pt\/wp-json\/wp\/v2\/product_brand?post=380103"},{"taxonomy":"product_cat","embeddable":true,"href":"https:\/\/gr-100.com\/pt-pt\/wp-json\/wp\/v2\/product_cat?post=380103"},{"taxonomy":"product_tag","embeddable":true,"href":"https:\/\/gr-100.com\/pt-pt\/wp-json\/wp\/v2\/product_tag?post=380103"}],"curies":[{"name":"wp","href":"https:\/\/api.w.org\/{rel}","templated":true}]}}