{"id":380153,"date":"2024-07-01T14:51:48","date_gmt":"2024-07-01T13:51:48","guid":{"rendered":"https:\/\/gr-100.com\/producto\/especializada-s-works-epic-8-2024\/"},"modified":"2025-12-18T16:46:27","modified_gmt":"2025-12-18T14:46:27","slug":"especializada-s-works-epic-8-2024","status":"publish","type":"product","link":"https:\/\/gr-100.com\/pt-pt\/producto\/especializada-s-works-epic-8-2024\/","title":{"rendered":"Specialized S-Works Epic 8 2024"},"content":{"rendered":"<p>https:\/\/youtu.be\/hDuigUomzJg Se voc\u00ea \u00e9 um piloto de XC ou prioriza a velocidade m\u00e1xima em seu passeio, a Epic 8 \u00e9 a moto para voc\u00ea.<\/p>\n<ul>\n<li><strong>CAPACIDADE INCOMPAR\u00c1VEL:<\/strong> A moto de 120mm mais capaz do planeta.<br \/>\nVoc\u00ea ficar\u00e1 surpreso com a forma como a geometria progressiva do Epic 8 oferece capacidade t\u00e9cnica no solo, juntamente com acelera\u00e7\u00e3o r\u00e1pida e eficiente e desempenho de subida.<br \/>\nA absurda rigidez lateral e torcional do chassis tamb\u00e9m se traduz num manuseamento muito preciso.  <\/li>\n<li><strong>O QUE ACERTA?:<\/strong> Em compara\u00e7\u00e3o com a gera\u00e7\u00e3o anterior, o novo Epic 8 absorve 12% mais choque e vibra\u00e7\u00e3o do que a gera\u00e7\u00e3o anterior, deixando-o menos cansado e mais potente ao longo do tempo para que possa continuar a empurrar enquanto eles sofrem.<\/li>\n<li><strong>DIN\u00c2MICA DE CONDU\u00c7\u00c3O AJUSTADA:<\/strong> A equipe da Specialized Ride Dynamics desenvolveu v\u00e1lvulas personalizadas para o novo amortecedor do Epic 8.<br \/>\nAs nossas caracter\u00edsticas \u00fanicas de amortecimento prescritas pela Ride Dynamics elevam de forma abrangente a experi\u00eancia de condu\u00e7\u00e3o.<br \/>\nAo ajustar os amortecedores, juntamente com as taxas de alavancagem do chassis e a nova cinem\u00e1tica, podemos entregar uma moto que vai al\u00e9m da soma das suas partes.  <\/li>\n<li><strong>EFICI\u00caNCIA BIOMEC\u00c2NICA:<\/strong> Ao otimizar a cinem\u00e1tica da suspens\u00e3o, a equipa Ride Dynamics Specialized reduziu o rolamento ineficiente induzido pelo pedal em 20%, mantendo a suspens\u00e3o ativa para uma gest\u00e3o eficaz da for\u00e7a de choque, para garantir que se mant\u00e9m na posi\u00e7\u00e3o de condu\u00e7\u00e3o mais eficiente.<br \/>\n\u00c9 a moto de suspens\u00e3o a pedal mais eficiente que j\u00e1 test\u00e1mos. <\/li>\n<li><strong>MAIS COM MENOS:<\/strong> Com o Epic 8, n\u00e3o gastamos um grama extra para obter mega capacidade do quadro.<br \/>\nTodos os modelos agora contam com SWAT 4.0 para transportar todos os elementos essenciais da trilha e um headstop integrado para evitar a cicatriz onipresente do tubo superior na primeira vez que voc\u00ea bate e o guid\u00e3o gira.<br \/>\nNa verdade, o novo quadro S-Works Epic 8 at\u00e9 perdeu peso (76 gramas para ser exato) enquanto ganhava essas novas adi\u00e7\u00f5es.  <\/li>\n<li><strong>ROCKSHOX COMISS\u00c1RIA DE BORDO:<\/strong> Liberte a sua mente para se concentrar rapidamente no calor do momento.<br \/>\nSpecialized O Ride Dynamics-Tuned RockShox Flight Attendant (em modelos S-Works) aproveita a tecnologia SRAM AXS Wireless para recolher dados em tempo real sobre si e o terreno para determinar as defini\u00e7\u00f5es de compress\u00e3o ideais e proporcionar uma experi\u00eancia de condu\u00e7\u00e3o incompar\u00e1vel. <\/li>\n<li>A moto de 120mm mais capaz do planeta.<br \/>\n12% mais absor\u00e7\u00e3o de impactos e 20% menos rolagem do pedal. <\/li>\n<li>A Ride Dynamics desenvolveu o RockShox SIDLuxe ULTIMATE e ajustou o garfo SID ULTIMATE com o Flight Attendant<\/li>\n<li>O choque personalizado apresenta 3 configura\u00e7\u00f5es de choque exclusivas<\/li>\n<li>RockShox O Flight Attendant, adaptado \u00e0 Specialized Ride Dynamics, recolhe dados em tempo real sobre si e sobre o terreno para determinar as defini\u00e7\u00f5es de compress\u00e3o ideais.<\/li>\n<li>Jantes Roval Control SL obscenamente leves, de condu\u00e7\u00e3o suave e extradur\u00e1veis<\/li>\n<li>Os trav\u00f5es de 4 pist\u00f5es Ultimate Stealth de n\u00edvel superior proporcionam um desempenho de travagem superior entre pot\u00eancia e peso.<\/li>\n<li>A cadeia cinem\u00e1tica SRAM XX SL T-Type AXS proporciona o auge do desempenho de mudan\u00e7as fora de estrada.<\/li>\n<li>SWAT 4.0 no tubo descendente para transportar o essencial da trilha\n<ul>\n<li><strong>Especifica\u00e7\u00f5es<\/strong><br \/>\n<strong>CONJUNTO DE<\/strong><br \/>\n QUADROSQuadro<br \/>\nS-Works FACT 12m Carbono, Geometria de Corrida XC Progressiva, Rider-First Engineered\u2122, armazenamento downtube SWAT, BB roscado, 12x148mm UDH sa\u00edda traseira compat\u00edvel, roteamento de cabo interno, 120mm de curso, otimizado para transmiss\u00e3o sem fio e assento <strong>SWAT<\/strong><br \/>\nSWAT armazenamento interno downtube<br \/>\nSeat Binder<br \/>\nSpecialized Alloy 34.9, Titanium Bolt <strong>SUSPENS\u00c3O<\/strong><br \/>\nGarfo<br \/>\nRockShox SID ULTIMATE Comiss\u00e1ria de Bordo, Ride Dynamics desenvolvido 3 posi\u00e7\u00e3o, Debon Air, 15x110mm, 44mm offset, 120mm Travel<br \/>\nRear Shock<br \/>\nRockShox SIDLuxe ULTIMATE Flight Attendant, Ride Dynamics desenvolvido 3 posi\u00e7\u00e3o, Solo Air, 190x45mm<\/p>\n<p><strong>CABINE DE PILOTAGEM<\/strong><br \/>\nGeometria do corpo do selim<br \/>\n S-Works Power, trilhos de fibra de carbono, base<br \/>\n de fibra de carbonoRoval<br \/>\n Roval Control SL Cockpit integrado, 60mm X- 12 graus haste integrada, 8 graus backsweep, 1 grau upsweep, 760mm de<br \/>\n largura<br \/>\nPunhosSpecialized SeatPost<\/p>\n<p>RockShox Reverb AXS, 30.9mm, S \/ M: 125, L:150, XL: 170mm <strong>FREIOS Freio<\/strong><br \/>\ntraseiro<br \/>\nSRAM N\u00edvel Ultimate Stealth, pin\u00e7a de 4 pist\u00f5es,  disco hidr\u00e1ulico, rotor<br \/>\nde 160 mm Freio<br \/>\n dianteiroSRAM N\u00edvel Ultimate Stealth, pin\u00e7a de 4 pist\u00f5es, disco hidr\u00e1ulico, rotor de 180 mm<\/p>\n<p><strong>TRANSMISS\u00c3O<\/strong><br \/>\nAlavancas de mudan\u00e7aSRAM<br \/>\n AXS POD Ultimate Controller<\/p>\n<p>SRAM XX Eagle SL 10-52t<br \/>\nSuporte inferior<br \/>\nSRAM DUB, BSA 73mm, Virabrequim<br \/>\n roscado<br \/>\nSRAM XX SL Eagle Power Meter Manivelador, 170mm\/175mm<br \/>\nCorrente<br \/>\nSRAM XX SL Eagle Descarrilador<br \/>\n traseiro<br \/>\nSRAM XX SL Eagle AXS<br \/>\nChainrings<br \/>\nAlloy 34T<br \/>\n<strong>RODAS &amp; PNEUS<\/strong><br \/>\nJantes<br \/>\nRoval Control SL, Design de compensa\u00e7\u00e3o de carbono, largura interna de 29mm, largura do gancho de 4mm, pronto para tubeless, 24h Front Hub Roval Control SL, DT Swiss Internals, Rolamentos cer\u00e2micos, 6 parafusos, eixo thru de 15mm, espa\u00e7amento de 110mm, tampas de torque, 24h de tra\u00e7\u00e3o reta Cubo traseiro Roval Control SL, DT Swiss 180 Internals, DT Swiss Ratchet EXP, Rolamentos cer\u00e2micos, eixo de 12mm thru, espa\u00e7amento de 148mm, pneu dianteiro de tra\u00e7\u00e3o reta 24h Specialized Fast Trak,  Inv\u00f3lucro de controle, composto T7, 29&#215;2.35 pneu Specialized , caixa de controle, composto T5, 29&#215;2.35<\/p>\n<p>Raios<br \/>\nDT Swiss Aerolite T-head Tubos Specialized<\/p>\n<p>PESO<br \/>\nPeso<br \/>\n10,24 kg (22 lb, 9,2 oz)<br \/>\nTamanho do peso<br \/>\nMD<\/li>\n<\/ul>\n<\/li>\n<\/ul>\n","protected":false},"excerpt":{"rendered":"<p>O novo Epic 8 evolui a f\u00f3rmula mais rapidamente atrav\u00e9s da capacidade, efici\u00eancia e integra\u00e7\u00e3o leve.<br \/>\nAs modernas pistas XC exigem mais capacidade todos os dias.<br \/>\nA sua cinem\u00e1tica melhorada torna-a na bicicleta a pedal mais eficiente que alguma vez test\u00e1mos, enquanto os amortecedores com v\u00e1lvulas personalizados (e afinados) absorvem cada pancada.<br \/>\nEle \u00e9 um lobo em roupas de lobo.   <\/p>\n","protected":false},"featured_media":307328,"comment_status":"closed","ping_status":"closed","template":"","meta":{"_acf_changed":false,"_et_pb_use_builder":"","_et_pb_old_content":"","_et_gb_content_width":"","inline_featured_image":false},"product_brand":[],"product_cat":[5377,5379,5378,5376,5375,5374,4353,2459,402],"product_tag":[],"class_list":{"0":"post-380153","1":"product","2":"type-product","3":"status-publish","4":"has-post-thumbnail","6":"product_cat-bicicletas-de-montanha-com-suspensao-dupla","7":"product_cat-bicicletas-de-montanha-cross-country-xc","8":"product_cat-bicicletas-de-montanha-de-29","9":"product_cat-bicicletas-de-montanha-em-carbono","10":"product_cat-bicicletas-de-montanha-specialized","11":"product_cat-descontos","12":"product_cat-liquidacion-specialized","13":"product_cat-bicicletas-pt-pt-2","14":"product_cat-montanha","15":"product_shipping_class-bicicletas-pt-pt","17":"first","18":"instock","19":"sale","20":"taxable","21":"shipping-taxable","22":"purchasable","23":"product-type-variable","24":"wvs-archive-product-wrapper"},"acf":[],"yoast_head":"<!-- This site is optimized with the Yoast SEO Premium plugin v26.7 (Yoast SEO v26.7) - https:\/\/yoast.com\/wordpress\/plugins\/seo\/ -->\n<title>Specialized S-Works Epic 8 2024 GR100 S-Works Specialized<\/title>\n<meta name=\"description\" content=\"O novo Specialized Epic 8 evolui a f\u00f3rmula mais rapidamente atrav\u00e9s da capacidade, efici\u00eancia e integra\u00e7\u00e3o leve. Ele \u00e9 um lobo em roupas de lobo.\" \/>\n<meta name=\"robots\" content=\"index, follow, max-snippet:-1, max-image-preview:large, max-video-preview:-1\" \/>\n<link rel=\"canonical\" href=\"https:\/\/gr-100.com\/pt-pt\/producto\/especializada-s-works-epic-8-2024\/\" \/>\n<meta property=\"og:locale\" content=\"pt_PT\" \/>\n<meta property=\"og:type\" content=\"article\" \/>\n<meta property=\"og:title\" content=\"Specialized S-Works Epic 8 2024\" \/>\n<meta property=\"og:description\" content=\"O novo Specialized Epic 8 evolui a f\u00f3rmula mais rapidamente atrav\u00e9s da capacidade, efici\u00eancia e integra\u00e7\u00e3o leve. Ele \u00e9 um lobo em roupas de lobo.\" \/>\n<meta property=\"og:url\" content=\"https:\/\/gr-100.com\/pt-pt\/producto\/especializada-s-works-epic-8-2024\/\" \/>\n<meta property=\"og:site_name\" content=\"Gr-100 Tienda de ciclismo Specialized\" \/>\n<meta property=\"article:publisher\" content=\"https:\/\/www.facebook.com\/Gr100Bikes\" \/>\n<meta property=\"article:modified_time\" content=\"2025-12-18T14:46:27+00:00\" \/>\n<meta property=\"og:image\" content=\"https:\/\/gr-100.com\/wp-content\/uploads\/2024\/05\/2epic8.jpg\" \/>\n\t<meta property=\"og:image:width\" content=\"1000\" \/>\n\t<meta property=\"og:image:height\" content=\"1000\" \/>\n\t<meta property=\"og:image:type\" content=\"image\/jpeg\" \/>\n<meta name=\"twitter:card\" content=\"summary_large_image\" \/>\n<meta name=\"twitter:label1\" content=\"Tempo estimado de leitura\" \/>\n\t<meta name=\"twitter:data1\" content=\"4 minutos\" \/>\n<script type=\"application\/ld+json\" class=\"yoast-schema-graph\">{\"@context\":\"https:\/\/schema.org\",\"@graph\":[{\"@type\":\"WebPage\",\"@id\":\"https:\/\/gr-100.com\/pt-pt\/producto\/especializada-s-works-epic-8-2024\/\",\"url\":\"https:\/\/gr-100.com\/pt-pt\/producto\/especializada-s-works-epic-8-2024\/\",\"name\":\"Specialized S-Works Epic 8 2024 GR100 S-Works Specialized\",\"isPartOf\":{\"@id\":\"https:\/\/gr-100.com\/#website\"},\"primaryImageOfPage\":{\"@id\":\"https:\/\/gr-100.com\/pt-pt\/producto\/especializada-s-works-epic-8-2024\/#primaryimage\"},\"image\":{\"@id\":\"https:\/\/gr-100.com\/pt-pt\/producto\/especializada-s-works-epic-8-2024\/#primaryimage\"},\"thumbnailUrl\":\"https:\/\/gr-100.com\/wp-content\/uploads\/2024\/05\/2epic8.jpg\",\"datePublished\":\"2024-07-01T13:51:48+00:00\",\"dateModified\":\"2025-12-18T14:46:27+00:00\",\"description\":\"O novo Specialized Epic 8 evolui a f\u00f3rmula mais rapidamente atrav\u00e9s da capacidade, efici\u00eancia e integra\u00e7\u00e3o leve. Ele \u00e9 um lobo em roupas de lobo.\",\"breadcrumb\":{\"@id\":\"https:\/\/gr-100.com\/pt-pt\/producto\/especializada-s-works-epic-8-2024\/#breadcrumb\"},\"inLanguage\":\"pt-PT\",\"potentialAction\":[{\"@type\":\"ReadAction\",\"target\":[\"https:\/\/gr-100.com\/pt-pt\/producto\/especializada-s-works-epic-8-2024\/\"]}]},{\"@type\":\"ImageObject\",\"inLanguage\":\"pt-PT\",\"@id\":\"https:\/\/gr-100.com\/pt-pt\/producto\/especializada-s-works-epic-8-2024\/#primaryimage\",\"url\":\"https:\/\/gr-100.com\/wp-content\/uploads\/2024\/05\/2epic8.jpg\",\"contentUrl\":\"https:\/\/gr-100.com\/wp-content\/uploads\/2024\/05\/2epic8.jpg\",\"width\":1000,\"height\":1000},{\"@type\":\"BreadcrumbList\",\"@id\":\"https:\/\/gr-100.com\/pt-pt\/producto\/especializada-s-works-epic-8-2024\/#breadcrumb\",\"itemListElement\":[{\"@type\":\"ListItem\",\"position\":1,\"name\":\"Portada\",\"item\":\"https:\/\/gr-100.com\/en\/\"},{\"@type\":\"ListItem\",\"position\":2,\"name\":\"Productos\",\"item\":\"https:\/\/gr-100.com\/?post_type=product\"},{\"@type\":\"ListItem\",\"position\":3,\"name\":\"Specialized S-Works Epic 8 2024\"}]},{\"@type\":\"WebSite\",\"@id\":\"https:\/\/gr-100.com\/#website\",\"url\":\"https:\/\/gr-100.com\/\",\"name\":\"Gr-100 Tienda de ciclismo Specialized\",\"description\":\"GR-100 tenemos todas las gamas de bicicletas Specialized al mejor precio.\",\"publisher\":{\"@id\":\"https:\/\/gr-100.com\/#organization\"},\"alternateName\":\"Gr-100 Bikes\",\"potentialAction\":[{\"@type\":\"SearchAction\",\"target\":{\"@type\":\"EntryPoint\",\"urlTemplate\":\"https:\/\/gr-100.com\/?s={search_term_string}\"},\"query-input\":{\"@type\":\"PropertyValueSpecification\",\"valueRequired\":true,\"valueName\":\"search_term_string\"}}],\"inLanguage\":\"pt-PT\"},{\"@type\":\"Organization\",\"@id\":\"https:\/\/gr-100.com\/#organization\",\"name\":\"Gr-100\",\"url\":\"https:\/\/gr-100.com\/\",\"logo\":{\"@type\":\"ImageObject\",\"inLanguage\":\"pt-PT\",\"@id\":\"https:\/\/gr-100.com\/#\/schema\/logo\/image\/\",\"url\":\"https:\/\/gr-100.com\/wp-content\/uploads\/2023\/08\/logo-gr-100-bikes.png\",\"contentUrl\":\"https:\/\/gr-100.com\/wp-content\/uploads\/2023\/08\/logo-gr-100-bikes.png\",\"width\":707,\"height\":284,\"caption\":\"Gr-100\"},\"image\":{\"@id\":\"https:\/\/gr-100.com\/#\/schema\/logo\/image\/\"},\"sameAs\":[\"https:\/\/www.facebook.com\/Gr100Bikes\",\"https:\/\/www.instagram.com\/gr100bikes\/\",\"https:\/\/www.tiktok.com\/@gr100bikes\",\"https:\/\/twitter.com\/gr100mtbteam\",\"https:\/\/www.youtube.com\/c\/GR100Specialized\"]}]}<\/script>\n<!-- \/ Yoast SEO Premium plugin. -->","yoast_head_json":{"title":"Specialized S-Works Epic 8 2024 GR100 S-Works Specialized","description":"O novo Specialized Epic 8 evolui a f\u00f3rmula mais rapidamente atrav\u00e9s da capacidade, efici\u00eancia e integra\u00e7\u00e3o leve. Ele \u00e9 um lobo em roupas de lobo.","robots":{"index":"index","follow":"follow","max-snippet":"max-snippet:-1","max-image-preview":"max-image-preview:large","max-video-preview":"max-video-preview:-1"},"canonical":"https:\/\/gr-100.com\/pt-pt\/producto\/especializada-s-works-epic-8-2024\/","og_locale":"pt_PT","og_type":"article","og_title":"Specialized S-Works Epic 8 2024","og_description":"O novo Specialized Epic 8 evolui a f\u00f3rmula mais rapidamente atrav\u00e9s da capacidade, efici\u00eancia e integra\u00e7\u00e3o leve. Ele \u00e9 um lobo em roupas de lobo.","og_url":"https:\/\/gr-100.com\/pt-pt\/producto\/especializada-s-works-epic-8-2024\/","og_site_name":"Gr-100 Tienda de ciclismo Specialized","article_publisher":"https:\/\/www.facebook.com\/Gr100Bikes","article_modified_time":"2025-12-18T14:46:27+00:00","og_image":[{"width":1000,"height":1000,"url":"https:\/\/gr-100.com\/wp-content\/uploads\/2024\/05\/2epic8.jpg","type":"image\/jpeg"}],"twitter_card":"summary_large_image","twitter_misc":{"Tempo estimado de leitura":"4 minutos"},"schema":{"@context":"https:\/\/schema.org","@graph":[{"@type":"WebPage","@id":"https:\/\/gr-100.com\/pt-pt\/producto\/especializada-s-works-epic-8-2024\/","url":"https:\/\/gr-100.com\/pt-pt\/producto\/especializada-s-works-epic-8-2024\/","name":"Specialized S-Works Epic 8 2024 GR100 S-Works Specialized","isPartOf":{"@id":"https:\/\/gr-100.com\/#website"},"primaryImageOfPage":{"@id":"https:\/\/gr-100.com\/pt-pt\/producto\/especializada-s-works-epic-8-2024\/#primaryimage"},"image":{"@id":"https:\/\/gr-100.com\/pt-pt\/producto\/especializada-s-works-epic-8-2024\/#primaryimage"},"thumbnailUrl":"https:\/\/gr-100.com\/wp-content\/uploads\/2024\/05\/2epic8.jpg","datePublished":"2024-07-01T13:51:48+00:00","dateModified":"2025-12-18T14:46:27+00:00","description":"O novo Specialized Epic 8 evolui a f\u00f3rmula mais rapidamente atrav\u00e9s da capacidade, efici\u00eancia e integra\u00e7\u00e3o leve. Ele \u00e9 um lobo em roupas de lobo.","breadcrumb":{"@id":"https:\/\/gr-100.com\/pt-pt\/producto\/especializada-s-works-epic-8-2024\/#breadcrumb"},"inLanguage":"pt-PT","potentialAction":[{"@type":"ReadAction","target":["https:\/\/gr-100.com\/pt-pt\/producto\/especializada-s-works-epic-8-2024\/"]}]},{"@type":"ImageObject","inLanguage":"pt-PT","@id":"https:\/\/gr-100.com\/pt-pt\/producto\/especializada-s-works-epic-8-2024\/#primaryimage","url":"https:\/\/gr-100.com\/wp-content\/uploads\/2024\/05\/2epic8.jpg","contentUrl":"https:\/\/gr-100.com\/wp-content\/uploads\/2024\/05\/2epic8.jpg","width":1000,"height":1000},{"@type":"BreadcrumbList","@id":"https:\/\/gr-100.com\/pt-pt\/producto\/especializada-s-works-epic-8-2024\/#breadcrumb","itemListElement":[{"@type":"ListItem","position":1,"name":"Portada","item":"https:\/\/gr-100.com\/en\/"},{"@type":"ListItem","position":2,"name":"Productos","item":"https:\/\/gr-100.com\/?post_type=product"},{"@type":"ListItem","position":3,"name":"Specialized S-Works Epic 8 2024"}]},{"@type":"WebSite","@id":"https:\/\/gr-100.com\/#website","url":"https:\/\/gr-100.com\/","name":"Gr-100 Tienda de ciclismo Specialized","description":"GR-100 tenemos todas las gamas de bicicletas Specialized al mejor precio.","publisher":{"@id":"https:\/\/gr-100.com\/#organization"},"alternateName":"Gr-100 Bikes","potentialAction":[{"@type":"SearchAction","target":{"@type":"EntryPoint","urlTemplate":"https:\/\/gr-100.com\/?s={search_term_string}"},"query-input":{"@type":"PropertyValueSpecification","valueRequired":true,"valueName":"search_term_string"}}],"inLanguage":"pt-PT"},{"@type":"Organization","@id":"https:\/\/gr-100.com\/#organization","name":"Gr-100","url":"https:\/\/gr-100.com\/","logo":{"@type":"ImageObject","inLanguage":"pt-PT","@id":"https:\/\/gr-100.com\/#\/schema\/logo\/image\/","url":"https:\/\/gr-100.com\/wp-content\/uploads\/2023\/08\/logo-gr-100-bikes.png","contentUrl":"https:\/\/gr-100.com\/wp-content\/uploads\/2023\/08\/logo-gr-100-bikes.png","width":707,"height":284,"caption":"Gr-100"},"image":{"@id":"https:\/\/gr-100.com\/#\/schema\/logo\/image\/"},"sameAs":["https:\/\/www.facebook.com\/Gr100Bikes","https:\/\/www.instagram.com\/gr100bikes\/","https:\/\/www.tiktok.com\/@gr100bikes","https:\/\/twitter.com\/gr100mtbteam","https:\/\/www.youtube.com\/c\/GR100Specialized"]}]}},"_links":{"self":[{"href":"https:\/\/gr-100.com\/pt-pt\/wp-json\/wp\/v2\/product\/380153","targetHints":{"allow":["GET"]}}],"collection":[{"href":"https:\/\/gr-100.com\/pt-pt\/wp-json\/wp\/v2\/product"}],"about":[{"href":"https:\/\/gr-100.com\/pt-pt\/wp-json\/wp\/v2\/types\/product"}],"replies":[{"embeddable":true,"href":"https:\/\/gr-100.com\/pt-pt\/wp-json\/wp\/v2\/comments?post=380153"}],"wp:featuredmedia":[{"embeddable":true,"href":"https:\/\/gr-100.com\/pt-pt\/wp-json\/wp\/v2\/media\/307328"}],"wp:attachment":[{"href":"https:\/\/gr-100.com\/pt-pt\/wp-json\/wp\/v2\/media?parent=380153"}],"wp:term":[{"taxonomy":"product_brand","embeddable":true,"href":"https:\/\/gr-100.com\/pt-pt\/wp-json\/wp\/v2\/product_brand?post=380153"},{"taxonomy":"product_cat","embeddable":true,"href":"https:\/\/gr-100.com\/pt-pt\/wp-json\/wp\/v2\/product_cat?post=380153"},{"taxonomy":"product_tag","embeddable":true,"href":"https:\/\/gr-100.com\/pt-pt\/wp-json\/wp\/v2\/product_tag?post=380153"}],"curies":[{"name":"wp","href":"https:\/\/api.w.org\/{rel}","templated":true}]}}