{"id":380164,"date":"2024-07-01T14:51:18","date_gmt":"2024-07-01T13:51:18","guid":{"rendered":"https:\/\/gr-100.com\/producto\/rockhopper-sport-especializado-29-%cc%88-2023\/"},"modified":"2025-09-22T16:47:27","modified_gmt":"2025-09-22T14:47:27","slug":"rockhopper-sport-especializado-29-%cc%88-2023","status":"publish","type":"product","link":"https:\/\/gr-100.com\/pt-pt\/producto\/rockhopper-sport-especializado-29-%cc%88-2023\/","title":{"rendered":"Specialized Rockhopper Esporte 29 \u0308 2023"},"content":{"rendered":"<p>. Cuadro de aluminio Premium A1 conificado ligero y duradero. Tubos superior y diagonal hidroformados para mantener un peso bajo pero una alta resistencia, guiado interno del cableado y compatibilidad con tijas telesc\u00f3picas.<br \/>\n. Con el objetivo de asegurarnos de que la Rockhopper ofrece el mejor ajuste y rendimiento para cada persona, independientemente de su talla, cada talla de cuadro se empareja con el di\u00e1metro de rueda \u00f3ptimo. El resultado es una bicicleta que se adapta a cada ciclista, y la seguridad de que cada cuadro est\u00e1 equipado con la rueda m\u00e1s manejable para su talla.<br \/>\n. Llevando nuestro Rx Tune a la Rockhopper por primera vez, la horquilla con bloqueo SR Suntour XCM customizada presenta un recorrido y un tarado espec\u00edfico para cada talla, ofreciendo una geometr\u00eda, manejo, y rendimiento de la suspensi\u00f3n consistentes independientemente del la talla del cuadro o del di\u00e1metro de las ruedas.<br \/>\n. Frenos de disco hidr\u00e1ulicos Tektro potentes y modulables.<br \/>\n. Transmisi\u00f3n Shimano Atlus 2x duradera y de amplio rango.<br \/>\n. Ruedas resistentes, ligeras y duraderas que combinan los fiables bujes Formula con nuestras llantas Stout hookless de 25 mil\u00edmetros de di\u00e1metro interno.CARACTER\u00cdSTICAS:        <\/p>\n<ul>\n<li>FRAME<br \/>\nSpecialized liga butted premium A1, tubo de cabe\u00e7a de pilha zero, roteamento de cabo interno, sa\u00eddas forjadas de 135x9mm, freio a disco montado em corrente, gancho derailleur de liga substitu\u00edvel, suportes de rack furtivos, compat\u00edvel com poste conta-gotas<\/li>\n<li>SR Suntour XCM 29 FORK<br \/>\n, bala\u00fastres de 30mm, Rx Tune, mola helicoidal, QR, curso de 90\/100mm (tamanho espec\u00edfico), deslocamento de 42mm<\/li>\n<li>FREIO DIANTEIRO<br \/>\nTektro HD-M275, disco hidr\u00e1ulico, 180\/160mm<\/li>\n<li>Tektro HD-M275 REAR BRAKKE<br \/>\n, disco hidr\u00e1ulico, 160mm<\/li>\n<li>Shimano Altus REAR DERAILLEUR<br \/>\n, RD-M2000, 9 velocidades<\/li>\n<li>KMC X9EPT CHAIN<br \/>\n, 9 velocidades, revestimento anti-corros\u00e3o c\/ Missing Link\u2122 reutiliz\u00e1vel<\/li>\n<li>Shimano Altus FD-M2020 DERAILLEUR<br \/>\n de 2 velocidades<\/li>\n<li>SunRace Sprocket<br \/>\n, 9 velocidades, 11-36t<\/li>\n<li>Liga forjada STEM<br \/>\nStout 3D, 31,8 mm, aumento de 6 graus<\/li>\n<li>Bridge Sport SADDLE,<br \/>\n Trilhos em a\u00e7o, 155\/143mm<\/li>\n<li>Liga SEATPOST<br \/>\n, bra\u00e7adeira de 2 parafusos, 30,9 mm<\/li>\n<li>Pneus Fast Trak Sport<br \/>\n, 29&#215;2.35&#8243;<\/li>\n<li>Specialized<br \/>\n especializado, liga, varredura traseira de 9 graus, eleva\u00e7\u00e3o de 15 mm, 31,8 mm<\/li>\n<li>\nSpecialized, lock-on<\/li>\n<li>\nStout 2x guinchos, liga forjada<\/li>\n<li>Formula 6-Bolt FRONT HUB,<br \/>\n disco, espa\u00e7amento 100x9mm, libera\u00e7\u00e3o r\u00e1pida, 32H<\/li>\n<li>CUBO TRASEIRO<br \/>\nF\u00f3rmula SP-2125, freehub de 6 parafusos, disco, espa\u00e7amento de 135x9mm, libera\u00e7\u00e3o r\u00e1pida<\/li>\n<li>Specialized Liga especializada, apenas disco, parede dupla, largura interior de<br \/>\n 25mm, 32h<\/li>\n<li>Suporte INFERIOR c\u00f3nico quadrado,<br \/>\n 73mm, rolamentos internos, eixo de 122,5mm<\/li>\n<li>Shimano Altus CONTROLS<br \/>\n, RapidFire Plus, 9 velocidades<\/li>\n<li>FRENO<br \/>\nDisco<\/li>\n<li>DI\u00c1METRO<br \/>\n29&#8243;<\/li>\n<li>N\u00ba PINH\u00d5ES<br \/>\n9V<\/li>\n<li>N\u00ba PRATOS<br \/>\n2<\/li>\n<li>LARGURA DA<br \/>\nBARRA 30<\/li>\n<li>90\/100 VIAGEM DE<br \/>\n SUSPENS\u00c3O<\/li>\n<li>TIPO DE N\u00daCLEO<br \/>\nHG<\/li>\n<li>TIPO DE DISCO<br \/>\n6T<\/li>\n<li>DI\u00c2METRO DO GUIADOR<br \/>\n31<\/li>\n<li>LARGURA DO CUBO DA RODA<br \/>\n: 135mm<\/li>\n<li>DI\u00c2METRO DO<br \/>\nDISCO 160mm<\/li>\n<li>ACCESORIOS<br \/>\nPedales<\/li>\n<li>PESO<br \/>\n14.15kg (31 lb, 3.1 oz)<br \/>\nTamanho Peso<br \/>\nM<\/li>\n<\/ul>\n<p><strong>As especifica\u00e7\u00f5es est\u00e3o sujeitas a altera\u00e7\u00f5es sem aviso pr\u00e9vio.<\/strong><\/p>\n","protected":false},"excerpt":{"rendered":"<p>Pronto para jogar com freios a disco hidr\u00e1ulicos Tektro M275, c\u00e2mbio Shimano Atlus e um garfo SR SunTour XCM feito para corridas, o Rockhopper Sport pode reivindicar a vit\u00f3ria em qualquer domingo e no resto da semana.<\/p>\n","protected":false},"featured_media":307306,"comment_status":"closed","ping_status":"closed","template":"","meta":{"_acf_changed":false,"_et_pb_use_builder":"","_et_pb_old_content":"","_et_gb_content_width":"","inline_featured_image":false},"product_brand":[],"product_cat":[5379,5378,5375,5374,4353,2459,402,2483,2460,2461,403],"product_tag":[],"class_list":{"0":"post-380164","1":"product","2":"type-product","3":"status-publish","4":"has-post-thumbnail","6":"product_cat-bicicletas-de-montanha-cross-country-xc","7":"product_cat-bicicletas-de-montanha-de-29","8":"product_cat-bicicletas-de-montanha-specialized","9":"product_cat-descontos","10":"product_cat-liquidacion-specialized","11":"product_cat-bicicletas-pt-pt-2","12":"product_cat-montanha","13":"product_cat-bicicletas-especializadas","14":"product_cat-ofertas-pt-pt","15":"product_cat-oferta-montanha","16":"product_cat-outlet-pt-pt","17":"product_shipping_class-bicicletas-pt-pt","19":"first","20":"instock","21":"sale","22":"taxable","23":"shipping-taxable","24":"purchasable","25":"product-type-variable","26":"wvs-archive-product-wrapper"},"acf":[],"yoast_head":"<!-- This site is optimized with the Yoast SEO Premium plugin v26.7 (Yoast SEO v26.7) - https:\/\/yoast.com\/wordpress\/plugins\/seo\/ -->\n<title>Specialized Rockhopper Esporte 29 \u0308 2023 GR-100<\/title>\n<meta name=\"description\" content=\"SPECIALIZED ROCKHOPPER SPORT 29 \u0308 2023 Rockhopper Sport \u00e9 o jogador perfeito, ataca em desempenho e defende gra\u00e7as \u00e0 sua qualidade-pre\u00e7o.\" \/>\n<meta name=\"robots\" content=\"index, follow, max-snippet:-1, max-image-preview:large, max-video-preview:-1\" \/>\n<link rel=\"canonical\" href=\"https:\/\/gr-100.com\/pt-pt\/producto\/rockhopper-sport-especializado-29-\u0308-2023\/\" \/>\n<meta property=\"og:locale\" content=\"pt_PT\" \/>\n<meta property=\"og:type\" content=\"article\" \/>\n<meta property=\"og:title\" content=\"Specialized Rockhopper Esporte 29 \u0308 2023\" \/>\n<meta property=\"og:description\" content=\"SPECIALIZED ROCKHOPPER SPORT 29 \u0308 2023 Rockhopper Sport \u00e9 o jogador perfeito, ataca em desempenho e defende gra\u00e7as \u00e0 sua qualidade-pre\u00e7o.\" \/>\n<meta property=\"og:url\" content=\"https:\/\/gr-100.com\/pt-pt\/producto\/rockhopper-sport-especializado-29-\u0308-2023\/\" \/>\n<meta property=\"og:site_name\" content=\"Gr-100 Tienda de ciclismo Specialized\" \/>\n<meta property=\"article:publisher\" content=\"https:\/\/www.facebook.com\/Gr100Bikes\" \/>\n<meta property=\"article:modified_time\" content=\"2025-09-22T14:47:27+00:00\" \/>\n<meta property=\"og:image\" content=\"https:\/\/gr-100.com\/wp-content\/uploads\/2024\/05\/Rockhopper-Sport-29_23_1.jpg\" \/>\n\t<meta property=\"og:image:width\" content=\"1000\" \/>\n\t<meta property=\"og:image:height\" content=\"1000\" \/>\n\t<meta property=\"og:image:type\" content=\"image\/jpeg\" \/>\n<meta name=\"twitter:card\" content=\"summary_large_image\" \/>\n<meta name=\"twitter:label1\" content=\"Tempo estimado de leitura\" \/>\n\t<meta name=\"twitter:data1\" content=\"2 minutos\" \/>\n<script type=\"application\/ld+json\" class=\"yoast-schema-graph\">{\"@context\":\"https:\/\/schema.org\",\"@graph\":[{\"@type\":\"WebPage\",\"@id\":\"https:\/\/gr-100.com\/pt-pt\/producto\/rockhopper-sport-especializado-29-%cc%88-2023\/\",\"url\":\"https:\/\/gr-100.com\/pt-pt\/producto\/rockhopper-sport-especializado-29-%cc%88-2023\/\",\"name\":\"Specialized Rockhopper Esporte 29 \u0308 2023 GR-100\",\"isPartOf\":{\"@id\":\"https:\/\/gr-100.com\/#website\"},\"primaryImageOfPage\":{\"@id\":\"https:\/\/gr-100.com\/pt-pt\/producto\/rockhopper-sport-especializado-29-%cc%88-2023\/#primaryimage\"},\"image\":{\"@id\":\"https:\/\/gr-100.com\/pt-pt\/producto\/rockhopper-sport-especializado-29-%cc%88-2023\/#primaryimage\"},\"thumbnailUrl\":\"https:\/\/gr-100.com\/wp-content\/uploads\/2024\/05\/Rockhopper-Sport-29_23_1.jpg\",\"datePublished\":\"2024-07-01T13:51:18+00:00\",\"dateModified\":\"2025-09-22T14:47:27+00:00\",\"description\":\"SPECIALIZED ROCKHOPPER SPORT 29 \u0308 2023 Rockhopper Sport \u00e9 o jogador perfeito, ataca em desempenho e defende gra\u00e7as \u00e0 sua qualidade-pre\u00e7o.\",\"breadcrumb\":{\"@id\":\"https:\/\/gr-100.com\/pt-pt\/producto\/rockhopper-sport-especializado-29-%cc%88-2023\/#breadcrumb\"},\"inLanguage\":\"pt-PT\",\"potentialAction\":[{\"@type\":\"ReadAction\",\"target\":[\"https:\/\/gr-100.com\/pt-pt\/producto\/rockhopper-sport-especializado-29-%cc%88-2023\/\"]}]},{\"@type\":\"ImageObject\",\"inLanguage\":\"pt-PT\",\"@id\":\"https:\/\/gr-100.com\/pt-pt\/producto\/rockhopper-sport-especializado-29-%cc%88-2023\/#primaryimage\",\"url\":\"https:\/\/gr-100.com\/wp-content\/uploads\/2024\/05\/Rockhopper-Sport-29_23_1.jpg\",\"contentUrl\":\"https:\/\/gr-100.com\/wp-content\/uploads\/2024\/05\/Rockhopper-Sport-29_23_1.jpg\",\"width\":1000,\"height\":1000},{\"@type\":\"BreadcrumbList\",\"@id\":\"https:\/\/gr-100.com\/pt-pt\/producto\/rockhopper-sport-especializado-29-%cc%88-2023\/#breadcrumb\",\"itemListElement\":[{\"@type\":\"ListItem\",\"position\":1,\"name\":\"Portada\",\"item\":\"https:\/\/gr-100.com\/en\/\"},{\"@type\":\"ListItem\",\"position\":2,\"name\":\"Productos\",\"item\":\"https:\/\/gr-100.com\/?post_type=product\"},{\"@type\":\"ListItem\",\"position\":3,\"name\":\"Specialized Rockhopper Esporte 29 \u0308 2023\"}]},{\"@type\":\"WebSite\",\"@id\":\"https:\/\/gr-100.com\/#website\",\"url\":\"https:\/\/gr-100.com\/\",\"name\":\"Gr-100 Tienda de ciclismo Specialized\",\"description\":\"GR-100 tenemos todas las gamas de bicicletas Specialized al mejor precio.\",\"publisher\":{\"@id\":\"https:\/\/gr-100.com\/#organization\"},\"alternateName\":\"Gr-100 Bikes\",\"potentialAction\":[{\"@type\":\"SearchAction\",\"target\":{\"@type\":\"EntryPoint\",\"urlTemplate\":\"https:\/\/gr-100.com\/?s={search_term_string}\"},\"query-input\":{\"@type\":\"PropertyValueSpecification\",\"valueRequired\":true,\"valueName\":\"search_term_string\"}}],\"inLanguage\":\"pt-PT\"},{\"@type\":\"Organization\",\"@id\":\"https:\/\/gr-100.com\/#organization\",\"name\":\"Gr-100\",\"url\":\"https:\/\/gr-100.com\/\",\"logo\":{\"@type\":\"ImageObject\",\"inLanguage\":\"pt-PT\",\"@id\":\"https:\/\/gr-100.com\/#\/schema\/logo\/image\/\",\"url\":\"https:\/\/gr-100.com\/wp-content\/uploads\/2023\/08\/logo-gr-100-bikes.png\",\"contentUrl\":\"https:\/\/gr-100.com\/wp-content\/uploads\/2023\/08\/logo-gr-100-bikes.png\",\"width\":707,\"height\":284,\"caption\":\"Gr-100\"},\"image\":{\"@id\":\"https:\/\/gr-100.com\/#\/schema\/logo\/image\/\"},\"sameAs\":[\"https:\/\/www.facebook.com\/Gr100Bikes\",\"https:\/\/www.instagram.com\/gr100bikes\/\",\"https:\/\/www.tiktok.com\/@gr100bikes\",\"https:\/\/twitter.com\/gr100mtbteam\",\"https:\/\/www.youtube.com\/c\/GR100Specialized\"]}]}<\/script>\n<!-- \/ Yoast SEO Premium plugin. -->","yoast_head_json":{"title":"Specialized Rockhopper Esporte 29 \u0308 2023 GR-100","description":"SPECIALIZED ROCKHOPPER SPORT 29 \u0308 2023 Rockhopper Sport \u00e9 o jogador perfeito, ataca em desempenho e defende gra\u00e7as \u00e0 sua qualidade-pre\u00e7o.","robots":{"index":"index","follow":"follow","max-snippet":"max-snippet:-1","max-image-preview":"max-image-preview:large","max-video-preview":"max-video-preview:-1"},"canonical":"https:\/\/gr-100.com\/pt-pt\/producto\/rockhopper-sport-especializado-29-\u0308-2023\/","og_locale":"pt_PT","og_type":"article","og_title":"Specialized Rockhopper Esporte 29 \u0308 2023","og_description":"SPECIALIZED ROCKHOPPER SPORT 29 \u0308 2023 Rockhopper Sport \u00e9 o jogador perfeito, ataca em desempenho e defende gra\u00e7as \u00e0 sua qualidade-pre\u00e7o.","og_url":"https:\/\/gr-100.com\/pt-pt\/producto\/rockhopper-sport-especializado-29-\u0308-2023\/","og_site_name":"Gr-100 Tienda de ciclismo Specialized","article_publisher":"https:\/\/www.facebook.com\/Gr100Bikes","article_modified_time":"2025-09-22T14:47:27+00:00","og_image":[{"width":1000,"height":1000,"url":"https:\/\/gr-100.com\/wp-content\/uploads\/2024\/05\/Rockhopper-Sport-29_23_1.jpg","type":"image\/jpeg"}],"twitter_card":"summary_large_image","twitter_misc":{"Tempo estimado de leitura":"2 minutos"},"schema":{"@context":"https:\/\/schema.org","@graph":[{"@type":"WebPage","@id":"https:\/\/gr-100.com\/pt-pt\/producto\/rockhopper-sport-especializado-29-%cc%88-2023\/","url":"https:\/\/gr-100.com\/pt-pt\/producto\/rockhopper-sport-especializado-29-%cc%88-2023\/","name":"Specialized Rockhopper Esporte 29 \u0308 2023 GR-100","isPartOf":{"@id":"https:\/\/gr-100.com\/#website"},"primaryImageOfPage":{"@id":"https:\/\/gr-100.com\/pt-pt\/producto\/rockhopper-sport-especializado-29-%cc%88-2023\/#primaryimage"},"image":{"@id":"https:\/\/gr-100.com\/pt-pt\/producto\/rockhopper-sport-especializado-29-%cc%88-2023\/#primaryimage"},"thumbnailUrl":"https:\/\/gr-100.com\/wp-content\/uploads\/2024\/05\/Rockhopper-Sport-29_23_1.jpg","datePublished":"2024-07-01T13:51:18+00:00","dateModified":"2025-09-22T14:47:27+00:00","description":"SPECIALIZED ROCKHOPPER SPORT 29 \u0308 2023 Rockhopper Sport \u00e9 o jogador perfeito, ataca em desempenho e defende gra\u00e7as \u00e0 sua qualidade-pre\u00e7o.","breadcrumb":{"@id":"https:\/\/gr-100.com\/pt-pt\/producto\/rockhopper-sport-especializado-29-%cc%88-2023\/#breadcrumb"},"inLanguage":"pt-PT","potentialAction":[{"@type":"ReadAction","target":["https:\/\/gr-100.com\/pt-pt\/producto\/rockhopper-sport-especializado-29-%cc%88-2023\/"]}]},{"@type":"ImageObject","inLanguage":"pt-PT","@id":"https:\/\/gr-100.com\/pt-pt\/producto\/rockhopper-sport-especializado-29-%cc%88-2023\/#primaryimage","url":"https:\/\/gr-100.com\/wp-content\/uploads\/2024\/05\/Rockhopper-Sport-29_23_1.jpg","contentUrl":"https:\/\/gr-100.com\/wp-content\/uploads\/2024\/05\/Rockhopper-Sport-29_23_1.jpg","width":1000,"height":1000},{"@type":"BreadcrumbList","@id":"https:\/\/gr-100.com\/pt-pt\/producto\/rockhopper-sport-especializado-29-%cc%88-2023\/#breadcrumb","itemListElement":[{"@type":"ListItem","position":1,"name":"Portada","item":"https:\/\/gr-100.com\/en\/"},{"@type":"ListItem","position":2,"name":"Productos","item":"https:\/\/gr-100.com\/?post_type=product"},{"@type":"ListItem","position":3,"name":"Specialized Rockhopper Esporte 29 \u0308 2023"}]},{"@type":"WebSite","@id":"https:\/\/gr-100.com\/#website","url":"https:\/\/gr-100.com\/","name":"Gr-100 Tienda de ciclismo Specialized","description":"GR-100 tenemos todas las gamas de bicicletas Specialized al mejor precio.","publisher":{"@id":"https:\/\/gr-100.com\/#organization"},"alternateName":"Gr-100 Bikes","potentialAction":[{"@type":"SearchAction","target":{"@type":"EntryPoint","urlTemplate":"https:\/\/gr-100.com\/?s={search_term_string}"},"query-input":{"@type":"PropertyValueSpecification","valueRequired":true,"valueName":"search_term_string"}}],"inLanguage":"pt-PT"},{"@type":"Organization","@id":"https:\/\/gr-100.com\/#organization","name":"Gr-100","url":"https:\/\/gr-100.com\/","logo":{"@type":"ImageObject","inLanguage":"pt-PT","@id":"https:\/\/gr-100.com\/#\/schema\/logo\/image\/","url":"https:\/\/gr-100.com\/wp-content\/uploads\/2023\/08\/logo-gr-100-bikes.png","contentUrl":"https:\/\/gr-100.com\/wp-content\/uploads\/2023\/08\/logo-gr-100-bikes.png","width":707,"height":284,"caption":"Gr-100"},"image":{"@id":"https:\/\/gr-100.com\/#\/schema\/logo\/image\/"},"sameAs":["https:\/\/www.facebook.com\/Gr100Bikes","https:\/\/www.instagram.com\/gr100bikes\/","https:\/\/www.tiktok.com\/@gr100bikes","https:\/\/twitter.com\/gr100mtbteam","https:\/\/www.youtube.com\/c\/GR100Specialized"]}]}},"_links":{"self":[{"href":"https:\/\/gr-100.com\/pt-pt\/wp-json\/wp\/v2\/product\/380164","targetHints":{"allow":["GET"]}}],"collection":[{"href":"https:\/\/gr-100.com\/pt-pt\/wp-json\/wp\/v2\/product"}],"about":[{"href":"https:\/\/gr-100.com\/pt-pt\/wp-json\/wp\/v2\/types\/product"}],"replies":[{"embeddable":true,"href":"https:\/\/gr-100.com\/pt-pt\/wp-json\/wp\/v2\/comments?post=380164"}],"wp:featuredmedia":[{"embeddable":true,"href":"https:\/\/gr-100.com\/pt-pt\/wp-json\/wp\/v2\/media\/307306"}],"wp:attachment":[{"href":"https:\/\/gr-100.com\/pt-pt\/wp-json\/wp\/v2\/media?parent=380164"}],"wp:term":[{"taxonomy":"product_brand","embeddable":true,"href":"https:\/\/gr-100.com\/pt-pt\/wp-json\/wp\/v2\/product_brand?post=380164"},{"taxonomy":"product_cat","embeddable":true,"href":"https:\/\/gr-100.com\/pt-pt\/wp-json\/wp\/v2\/product_cat?post=380164"},{"taxonomy":"product_tag","embeddable":true,"href":"https:\/\/gr-100.com\/pt-pt\/wp-json\/wp\/v2\/product_tag?post=380164"}],"curies":[{"name":"wp","href":"https:\/\/api.w.org\/{rel}","templated":true}]}}