{"id":380241,"date":"2024-07-01T14:33:05","date_gmt":"2024-07-01T12:33:05","guid":{"rendered":"https:\/\/gr-100.com\/producto\/especializada-s-works-stumpjumper-evo-23\/"},"modified":"2025-09-22T15:08:07","modified_gmt":"2025-09-22T13:08:07","slug":"especializada-s-works-stumpjumper-evo-23","status":"publish","type":"product","link":"https:\/\/gr-100.com\/pt-pt\/producto\/especializada-s-works-stumpjumper-evo-23\/","title":{"rendered":"Specialized S-Works Stumpjumper EVO 23"},"content":{"rendered":"<ul>\n<li>O que obt\u00e9m quando combina uma roda dianteira de 29 polegadas com uma roda traseira de 27,5 polegadas?<br \/>\nBem, o Stumpjumper EVO S-Works.<br \/>\nCom todas as vantagens de tra\u00e7\u00e3o e manobrabilidade de um 29er, mas com uma roda traseira menor e mais manobr\u00e1vel, esta configura\u00e7\u00e3o adequa-se a um estilo mais din\u00e2mico e l\u00fadico.<br \/>\nEle se sente em casa no parque de bicicletas, e \u00e9 uma explos\u00e3o total para se soltar ao longo do caminho.   <\/li>\n<li>Toda a viagem do mundo \u00e9 in\u00fatil sem o devido amortecedor e ajuste cinem\u00e1tico.<br \/>\nPara o novo design do Stumpjumper EVO, priorizamos o desempenho cinem\u00e1tico.<br \/>\nAo aplicar as li\u00e7\u00f5es aprendidas durante o desenvolvimento do Enduro, seguido por mais de 1.000 horas de desenvolvimento no campo e no laborat\u00f3rio de suspens\u00e3o, n\u00e3o s\u00f3 melhor\u00e1mos o desempenho de pedalada do Stumpjumper, como o torn\u00e1mos mais capaz, \u00e1gil e animado.<br \/>\nAument\u00e1mos o anti-agachamento, para que a suspens\u00e3o possa suportar melhor o rolamento do pedal, e melhor\u00e1mos ainda mais o desempenho em colis\u00f5es com arestas quadradas.<br \/>\nEm suma?<br \/>\nEssa coisa destr\u00f3i trilhas, n\u00e3o pernas.     <\/li>\n<li>A geometria S-Sizing do novo Stumpjumper EVO \u00e9 a mais progressiva at\u00e9 \u00e0 data.<br \/>\nForquilha longa, baixa, solta, de curso curto, \u00e2ngulo do tubo do assento mais \u00edngreme \u2013 estes s\u00e3o os requisitos da condu\u00e7\u00e3o progressiva moderna.<br \/>\nMas nem todos se inclinam da mesma forma, pelo que a geometria do novo Stumpjumper EVO \u00e9 totalmente ajust\u00e1vel com seis posi\u00e7\u00f5es diferentes.<br \/>\nVoc\u00ea pode ajustar a altura do suporte inferior em 10mm, voc\u00ea pode ajustar o \u00e2ngulo da cabe\u00e7a em dois graus, e voc\u00ea pode fazer esses ajustes independentemente um do outro.<br \/>\nFinalmente, se voc\u00ea quiser ir a todo vapor, o EVO permite montar uma roda traseira de 27,5 polegadas combinada com uma roda dianteira de 29 polegadas.    <\/li>\n<li>Os quadros Rider-First Engineered\u2122 utilizam uma abordagem espec\u00edfica de tamanho para as caracter\u00edsticas de condu\u00e7\u00e3o que garante uma condu\u00e7\u00e3o de refer\u00eancia e um desempenho impec\u00e1vel, independentemente do quadro ou do tamanho do condutor.<br \/>\nQuer seja um principiante com vontade de saltar e conduzir um S1, quer seja um gigante DH e necessite do longo S6, ir\u00e1 experimentar as mesmas caracter\u00edsticas de condu\u00e7\u00e3o, curvas precisas e rigidez dianteira e traseira equilibrada, com o peso mais leve poss\u00edvel. <\/li>\n<li>Introduzimos o port\u00e3o SWAT\u2122 no Stumpjumper em 2016, adicionando espa\u00e7o no quadro para as necessidades &#8220;oh sh**t&#8221;, como bombas e tubos de reposi\u00e7\u00e3o, e imediatamente tornando os bolsos da camisa redundantes.<br \/>\nCom o novo Stumpjumper, aument\u00e1mos o volume e adicion\u00e1mos uma Bexiga SWAT\u2122, que lhe d\u00e1 mais 22 on\u00e7as de armazenamento de \u00e1gua \u2014 o mesmo tamanho de uma pequena garrafa de \u00e1gua \u2014 escondida no tubo inferior. <\/li>\n<\/ul>\n<ul>\n<li><strong>Especifica\u00e7\u00f5es<\/strong><\/li>\n<li>Liga de ligante<br \/>\nde assento, 38,6 mm<\/li>\n<li>FACTO Chassis de carbono de 11m e estrutura<br \/>\n traseira, design assim\u00e9trico, geometria de trilha 29\/27.5, integra\u00e7\u00e3o com porta SWAT\u2122, ajuste de \u00e2ngulo do tubo de cabe\u00e7a, ajuste BB de piv\u00f4 horst, BB roscado, roteamento de cabo interno totalmente fechado, sa\u00eddas de 12x148mm, piv\u00f4s de rolamento de cartucho selado, gancho derailleur substitu\u00edvel, 150mm de curso<\/li>\n<li>SUSPENS\u00c3O<\/li>\n<li>FOX FLOAT 36, amortecedor<br \/>\n GRIP2, 15x110mm, deslocamento de 44mm, S1: 150mm de curso, S2-S6: 160mm de curso<\/li>\n<li>FOX FLOAT X Choque de f\u00e1brica<br \/>\n, Rx Trail Tune, manga de ar EVOL, alavanca de 2 posi\u00e7\u00f5es com ajuste LSC, S1:210x50mm, S2-S6:210x55mm<\/li>\n<li>CABINE DE PILOTAGEM<\/li>\n<li>Selim<br \/>\n de ponte, 155\/143mm, Ti-rails ocos<\/li>\n<li>Punhos de mand\u00edbula<br \/>\n da divindade<\/li>\n<li>Guiador<br \/>\n OneUp Carbon, barra riser, upsweep de 5 graus, backsweep de 8 graus, eleva\u00e7\u00e3o de 35mm, 800mm, 35.0mm<\/li>\n<li>Pot\u00eancia<br \/>\n OneUp, 35.0<\/li>\n<li>RockShox Reverb AXS Seatpost,<br \/>\n 30.9, 1X remoto, (S1:100mm, S2: 125mm, S3: 150mm, S4-S6: 170mm)<\/li>\n<li>TRAV\u00d5ES<\/li>\n<li>SRAM RSC Freio<br \/>\n traseiro, pin\u00e7a de 4 pist\u00f5es, disco hidr\u00e1ulico, 200mm HS2<\/li>\n<li>SRAM RSC Freio<br \/>\n dianteiro, pin\u00e7a de 4 pist\u00f5es, disco hidr\u00e1ulico, HS2 200mm<\/li>\n<li>TRANSMISS\u00c3O<\/li>\n<li>SRAM Eagle AXS Rocker Paddle Shifters\n<\/li>\n<li>SRAM X01 Eagle Suporte inferior<br \/>\n, DUB, S1:165mm, S2-S5: 170mm, S6: 175mm<\/li>\n<li>SRAM XX1 Cadeia<br \/>\n Eagle<\/li>\n<li>SRAM XX1 Eagle AXS derailleur<br \/>\n traseiro<\/li>\n<li>Sram<br \/>\n Sram XG-1299, 12 velocidades, 10-52T<\/li>\n<li>Platos<br \/>\n32T<\/li>\n<li>Rodas<\/li>\n<li>Pneu dianteiro de a\u00e7ougueiro<br \/>\n, carca\u00e7a GRID TRAIL, composto GRIPTON\u00ae T9, 2Bliss Ready, 29&#215;2.3&#8243;<\/li>\n<li>R\u00e1dios<br \/>\n DT Competition Race<\/li>\n<li>Pneu traseiro<br \/>\neliminador, carca\u00e7a GRID TRAIL, composto GRIPTON\u00ae T7, 2Bliss Ready, 27,5 x 2,3&#8243;<\/li>\n<li>Roval<br \/>\n Roval Traverse SL 29F\/27.5R, carbono sem gancho, largura interior de 30mm, 2Bliss Ready, constru\u00eddo \u00e0 m\u00e3o, 28h<\/li>\n<li>Roval Traverse SL Rear Hub<br \/>\n, DT Swiss Star Ratchet, engate de 54t, corpo do condutor SRAM XD, eixo de 12 mm, espa\u00e7amento de 148 mm<\/li>\n<li>Roval Traverse SL Front Hub<br \/>\n, rolamentos de cartucho selados, eixo thru de 15 mm, espa\u00e7amento de 110 mm<\/li>\n<li>\nC\u00e2meras padr\u00e3o, Presta Valve<\/li>\n<li>Peso<br \/>\n13.82kg (30 lb, 7.5 oz)<br \/>\nTamanho<br \/>\nS4<\/li>\n<\/ul>\n<p>* Os pesos baseiam-se em fotografias de produ\u00e7\u00e3o pintadas, tal como indicado na imagem. Os pesos reais variam consoante a cor, o tamanho do quadro e a varia\u00e7\u00e3o dos componentes. As especifica\u00e7\u00f5es est\u00e3o sujeitas a altera\u00e7\u00f5es sem aviso pr\u00e9vio.<\/p>\n","protected":false},"excerpt":{"rendered":"<p>No verdadeiro estilo S-Works, o S-Works Stumpjumper EVO \u00e9 constru\u00eddo com a amplitude da mente.<br \/>\nUm garfo Fox Factory e um amortecedor traseiro cuidam da suspens\u00e3o, enquanto os freios SRAM Code RSC de SRAM da velocidade e um conjunto SRAM AXS completa esta magn\u00edfica constru\u00e7\u00e3o. <\/p>\n","protected":false},"featured_media":306362,"comment_status":"closed","ping_status":"closed","template":"","meta":{"_acf_changed":false,"_et_pb_use_builder":"","_et_pb_old_content":"","_et_gb_content_width":"","inline_featured_image":false},"product_brand":[],"product_cat":[2459,402,2483,2696],"product_tag":[],"class_list":{"0":"post-380241","1":"product","2":"type-product","3":"status-publish","4":"has-post-thumbnail","6":"product_cat-bicicletas-pt-pt-2","7":"product_cat-montanha","8":"product_cat-bicicletas-especializadas","9":"product_cat-ofertas-especializadas","10":"product_shipping_class-bicicletas-pt-pt","12":"first","13":"outofstock","14":"taxable","15":"shipping-taxable","16":"product-type-variable","17":"wvs-archive-product-wrapper"},"acf":[],"yoast_head":"<!-- This site is optimized with the Yoast SEO Premium plugin v26.7 (Yoast SEO v26.7) - https:\/\/yoast.com\/wordpress\/plugins\/seo\/ -->\n<title>Specialized S-Works Stumpjumper EVO 23 GR-100<\/title>\n<meta name=\"description\" content=\"Fox forquilha Fox Factory, os trav\u00f5es de quatro pist\u00f5es SRAM Code RSC e um conjunto sem fios SRAM AXS completam esta magn\u00edfica constru\u00e7\u00e3o.\" \/>\n<meta name=\"robots\" content=\"index, follow, max-snippet:-1, max-image-preview:large, max-video-preview:-1\" \/>\n<link rel=\"canonical\" href=\"https:\/\/gr-100.com\/pt-pt\/producto\/especializada-s-works-stumpjumper-evo-23\/\" \/>\n<meta property=\"og:locale\" content=\"pt_PT\" \/>\n<meta property=\"og:type\" content=\"article\" \/>\n<meta property=\"og:title\" content=\"Specialized S-Works Stumpjumper EVO 23\" \/>\n<meta property=\"og:description\" content=\"Fox forquilha Fox Factory, os trav\u00f5es de quatro pist\u00f5es SRAM Code RSC e um conjunto sem fios SRAM AXS completam esta magn\u00edfica constru\u00e7\u00e3o.\" \/>\n<meta property=\"og:url\" content=\"https:\/\/gr-100.com\/pt-pt\/producto\/especializada-s-works-stumpjumper-evo-23\/\" \/>\n<meta property=\"og:site_name\" content=\"Gr-100 Tienda de ciclismo Specialized\" \/>\n<meta property=\"article:publisher\" content=\"https:\/\/www.facebook.com\/Gr100Bikes\" \/>\n<meta property=\"article:modified_time\" content=\"2025-09-22T13:08:07+00:00\" \/>\n<meta property=\"og:image\" content=\"https:\/\/gr-100.com\/wp-content\/uploads\/2024\/05\/S-Works-Stumpjumper-EVO1.jpg\" \/>\n\t<meta property=\"og:image:width\" content=\"1080\" \/>\n\t<meta property=\"og:image:height\" content=\"1080\" \/>\n\t<meta property=\"og:image:type\" content=\"image\/jpeg\" \/>\n<meta name=\"twitter:card\" content=\"summary_large_image\" \/>\n<meta name=\"twitter:label1\" content=\"Tempo estimado de leitura\" \/>\n\t<meta name=\"twitter:data1\" content=\"4 minutos\" \/>\n<script type=\"application\/ld+json\" class=\"yoast-schema-graph\">{\"@context\":\"https:\/\/schema.org\",\"@graph\":[{\"@type\":\"WebPage\",\"@id\":\"https:\/\/gr-100.com\/pt-pt\/producto\/especializada-s-works-stumpjumper-evo-23\/\",\"url\":\"https:\/\/gr-100.com\/pt-pt\/producto\/especializada-s-works-stumpjumper-evo-23\/\",\"name\":\"Specialized S-Works Stumpjumper EVO 23 GR-100\",\"isPartOf\":{\"@id\":\"https:\/\/gr-100.com\/#website\"},\"primaryImageOfPage\":{\"@id\":\"https:\/\/gr-100.com\/pt-pt\/producto\/especializada-s-works-stumpjumper-evo-23\/#primaryimage\"},\"image\":{\"@id\":\"https:\/\/gr-100.com\/pt-pt\/producto\/especializada-s-works-stumpjumper-evo-23\/#primaryimage\"},\"thumbnailUrl\":\"https:\/\/gr-100.com\/wp-content\/uploads\/2024\/05\/S-Works-Stumpjumper-EVO1.jpg\",\"datePublished\":\"2024-07-01T12:33:05+00:00\",\"dateModified\":\"2025-09-22T13:08:07+00:00\",\"description\":\"Fox forquilha Fox Factory, os trav\u00f5es de quatro pist\u00f5es SRAM Code RSC e um conjunto sem fios SRAM AXS completam esta magn\u00edfica constru\u00e7\u00e3o.\",\"breadcrumb\":{\"@id\":\"https:\/\/gr-100.com\/pt-pt\/producto\/especializada-s-works-stumpjumper-evo-23\/#breadcrumb\"},\"inLanguage\":\"pt-PT\",\"potentialAction\":[{\"@type\":\"ReadAction\",\"target\":[\"https:\/\/gr-100.com\/pt-pt\/producto\/especializada-s-works-stumpjumper-evo-23\/\"]}]},{\"@type\":\"ImageObject\",\"inLanguage\":\"pt-PT\",\"@id\":\"https:\/\/gr-100.com\/pt-pt\/producto\/especializada-s-works-stumpjumper-evo-23\/#primaryimage\",\"url\":\"https:\/\/gr-100.com\/wp-content\/uploads\/2024\/05\/S-Works-Stumpjumper-EVO1.jpg\",\"contentUrl\":\"https:\/\/gr-100.com\/wp-content\/uploads\/2024\/05\/S-Works-Stumpjumper-EVO1.jpg\",\"width\":1080,\"height\":1080},{\"@type\":\"BreadcrumbList\",\"@id\":\"https:\/\/gr-100.com\/pt-pt\/producto\/especializada-s-works-stumpjumper-evo-23\/#breadcrumb\",\"itemListElement\":[{\"@type\":\"ListItem\",\"position\":1,\"name\":\"Portada\",\"item\":\"https:\/\/gr-100.com\/en\/\"},{\"@type\":\"ListItem\",\"position\":2,\"name\":\"Productos\",\"item\":\"https:\/\/gr-100.com\/?post_type=product\"},{\"@type\":\"ListItem\",\"position\":3,\"name\":\"Specialized S-Works Stumpjumper EVO 23\"}]},{\"@type\":\"WebSite\",\"@id\":\"https:\/\/gr-100.com\/#website\",\"url\":\"https:\/\/gr-100.com\/\",\"name\":\"Gr-100 Tienda de ciclismo Specialized\",\"description\":\"GR-100 tenemos todas las gamas de bicicletas Specialized al mejor precio.\",\"publisher\":{\"@id\":\"https:\/\/gr-100.com\/#organization\"},\"alternateName\":\"Gr-100 Bikes\",\"potentialAction\":[{\"@type\":\"SearchAction\",\"target\":{\"@type\":\"EntryPoint\",\"urlTemplate\":\"https:\/\/gr-100.com\/?s={search_term_string}\"},\"query-input\":{\"@type\":\"PropertyValueSpecification\",\"valueRequired\":true,\"valueName\":\"search_term_string\"}}],\"inLanguage\":\"pt-PT\"},{\"@type\":\"Organization\",\"@id\":\"https:\/\/gr-100.com\/#organization\",\"name\":\"Gr-100\",\"url\":\"https:\/\/gr-100.com\/\",\"logo\":{\"@type\":\"ImageObject\",\"inLanguage\":\"pt-PT\",\"@id\":\"https:\/\/gr-100.com\/#\/schema\/logo\/image\/\",\"url\":\"https:\/\/gr-100.com\/wp-content\/uploads\/2023\/08\/logo-gr-100-bikes.png\",\"contentUrl\":\"https:\/\/gr-100.com\/wp-content\/uploads\/2023\/08\/logo-gr-100-bikes.png\",\"width\":707,\"height\":284,\"caption\":\"Gr-100\"},\"image\":{\"@id\":\"https:\/\/gr-100.com\/#\/schema\/logo\/image\/\"},\"sameAs\":[\"https:\/\/www.facebook.com\/Gr100Bikes\",\"https:\/\/www.instagram.com\/gr100bikes\/\",\"https:\/\/www.tiktok.com\/@gr100bikes\",\"https:\/\/twitter.com\/gr100mtbteam\",\"https:\/\/www.youtube.com\/c\/GR100Specialized\"]}]}<\/script>\n<!-- \/ Yoast SEO Premium plugin. -->","yoast_head_json":{"title":"Specialized S-Works Stumpjumper EVO 23 GR-100","description":"Fox forquilha Fox Factory, os trav\u00f5es de quatro pist\u00f5es SRAM Code RSC e um conjunto sem fios SRAM AXS completam esta magn\u00edfica constru\u00e7\u00e3o.","robots":{"index":"index","follow":"follow","max-snippet":"max-snippet:-1","max-image-preview":"max-image-preview:large","max-video-preview":"max-video-preview:-1"},"canonical":"https:\/\/gr-100.com\/pt-pt\/producto\/especializada-s-works-stumpjumper-evo-23\/","og_locale":"pt_PT","og_type":"article","og_title":"Specialized S-Works Stumpjumper EVO 23","og_description":"Fox forquilha Fox Factory, os trav\u00f5es de quatro pist\u00f5es SRAM Code RSC e um conjunto sem fios SRAM AXS completam esta magn\u00edfica constru\u00e7\u00e3o.","og_url":"https:\/\/gr-100.com\/pt-pt\/producto\/especializada-s-works-stumpjumper-evo-23\/","og_site_name":"Gr-100 Tienda de ciclismo Specialized","article_publisher":"https:\/\/www.facebook.com\/Gr100Bikes","article_modified_time":"2025-09-22T13:08:07+00:00","og_image":[{"width":1080,"height":1080,"url":"https:\/\/gr-100.com\/wp-content\/uploads\/2024\/05\/S-Works-Stumpjumper-EVO1.jpg","type":"image\/jpeg"}],"twitter_card":"summary_large_image","twitter_misc":{"Tempo estimado de leitura":"4 minutos"},"schema":{"@context":"https:\/\/schema.org","@graph":[{"@type":"WebPage","@id":"https:\/\/gr-100.com\/pt-pt\/producto\/especializada-s-works-stumpjumper-evo-23\/","url":"https:\/\/gr-100.com\/pt-pt\/producto\/especializada-s-works-stumpjumper-evo-23\/","name":"Specialized S-Works Stumpjumper EVO 23 GR-100","isPartOf":{"@id":"https:\/\/gr-100.com\/#website"},"primaryImageOfPage":{"@id":"https:\/\/gr-100.com\/pt-pt\/producto\/especializada-s-works-stumpjumper-evo-23\/#primaryimage"},"image":{"@id":"https:\/\/gr-100.com\/pt-pt\/producto\/especializada-s-works-stumpjumper-evo-23\/#primaryimage"},"thumbnailUrl":"https:\/\/gr-100.com\/wp-content\/uploads\/2024\/05\/S-Works-Stumpjumper-EVO1.jpg","datePublished":"2024-07-01T12:33:05+00:00","dateModified":"2025-09-22T13:08:07+00:00","description":"Fox forquilha Fox Factory, os trav\u00f5es de quatro pist\u00f5es SRAM Code RSC e um conjunto sem fios SRAM AXS completam esta magn\u00edfica constru\u00e7\u00e3o.","breadcrumb":{"@id":"https:\/\/gr-100.com\/pt-pt\/producto\/especializada-s-works-stumpjumper-evo-23\/#breadcrumb"},"inLanguage":"pt-PT","potentialAction":[{"@type":"ReadAction","target":["https:\/\/gr-100.com\/pt-pt\/producto\/especializada-s-works-stumpjumper-evo-23\/"]}]},{"@type":"ImageObject","inLanguage":"pt-PT","@id":"https:\/\/gr-100.com\/pt-pt\/producto\/especializada-s-works-stumpjumper-evo-23\/#primaryimage","url":"https:\/\/gr-100.com\/wp-content\/uploads\/2024\/05\/S-Works-Stumpjumper-EVO1.jpg","contentUrl":"https:\/\/gr-100.com\/wp-content\/uploads\/2024\/05\/S-Works-Stumpjumper-EVO1.jpg","width":1080,"height":1080},{"@type":"BreadcrumbList","@id":"https:\/\/gr-100.com\/pt-pt\/producto\/especializada-s-works-stumpjumper-evo-23\/#breadcrumb","itemListElement":[{"@type":"ListItem","position":1,"name":"Portada","item":"https:\/\/gr-100.com\/en\/"},{"@type":"ListItem","position":2,"name":"Productos","item":"https:\/\/gr-100.com\/?post_type=product"},{"@type":"ListItem","position":3,"name":"Specialized S-Works Stumpjumper EVO 23"}]},{"@type":"WebSite","@id":"https:\/\/gr-100.com\/#website","url":"https:\/\/gr-100.com\/","name":"Gr-100 Tienda de ciclismo Specialized","description":"GR-100 tenemos todas las gamas de bicicletas Specialized al mejor precio.","publisher":{"@id":"https:\/\/gr-100.com\/#organization"},"alternateName":"Gr-100 Bikes","potentialAction":[{"@type":"SearchAction","target":{"@type":"EntryPoint","urlTemplate":"https:\/\/gr-100.com\/?s={search_term_string}"},"query-input":{"@type":"PropertyValueSpecification","valueRequired":true,"valueName":"search_term_string"}}],"inLanguage":"pt-PT"},{"@type":"Organization","@id":"https:\/\/gr-100.com\/#organization","name":"Gr-100","url":"https:\/\/gr-100.com\/","logo":{"@type":"ImageObject","inLanguage":"pt-PT","@id":"https:\/\/gr-100.com\/#\/schema\/logo\/image\/","url":"https:\/\/gr-100.com\/wp-content\/uploads\/2023\/08\/logo-gr-100-bikes.png","contentUrl":"https:\/\/gr-100.com\/wp-content\/uploads\/2023\/08\/logo-gr-100-bikes.png","width":707,"height":284,"caption":"Gr-100"},"image":{"@id":"https:\/\/gr-100.com\/#\/schema\/logo\/image\/"},"sameAs":["https:\/\/www.facebook.com\/Gr100Bikes","https:\/\/www.instagram.com\/gr100bikes\/","https:\/\/www.tiktok.com\/@gr100bikes","https:\/\/twitter.com\/gr100mtbteam","https:\/\/www.youtube.com\/c\/GR100Specialized"]}]}},"_links":{"self":[{"href":"https:\/\/gr-100.com\/pt-pt\/wp-json\/wp\/v2\/product\/380241","targetHints":{"allow":["GET"]}}],"collection":[{"href":"https:\/\/gr-100.com\/pt-pt\/wp-json\/wp\/v2\/product"}],"about":[{"href":"https:\/\/gr-100.com\/pt-pt\/wp-json\/wp\/v2\/types\/product"}],"replies":[{"embeddable":true,"href":"https:\/\/gr-100.com\/pt-pt\/wp-json\/wp\/v2\/comments?post=380241"}],"wp:featuredmedia":[{"embeddable":true,"href":"https:\/\/gr-100.com\/pt-pt\/wp-json\/wp\/v2\/media\/306362"}],"wp:attachment":[{"href":"https:\/\/gr-100.com\/pt-pt\/wp-json\/wp\/v2\/media?parent=380241"}],"wp:term":[{"taxonomy":"product_brand","embeddable":true,"href":"https:\/\/gr-100.com\/pt-pt\/wp-json\/wp\/v2\/product_brand?post=380241"},{"taxonomy":"product_cat","embeddable":true,"href":"https:\/\/gr-100.com\/pt-pt\/wp-json\/wp\/v2\/product_cat?post=380241"},{"taxonomy":"product_tag","embeddable":true,"href":"https:\/\/gr-100.com\/pt-pt\/wp-json\/wp\/v2\/product_tag?post=380241"}],"curies":[{"name":"wp","href":"https:\/\/api.w.org\/{rel}","templated":true}]}}