{"id":380254,"date":"2024-07-01T14:29:44","date_gmt":"2024-07-01T12:29:44","guid":{"rendered":"https:\/\/gr-100.com\/producto\/conjunto-de-quadros-especializado-stumpjumper-evo-alloy-2023\/"},"modified":"2025-09-22T15:46:47","modified_gmt":"2025-09-22T13:46:47","slug":"conjunto-de-quadros-especializado-stumpjumper-evo-alloy-2023","status":"publish","type":"product","link":"https:\/\/gr-100.com\/pt-pt\/producto\/conjunto-de-quadros-especializado-stumpjumper-evo-alloy-2023\/","title":{"rendered":"Specialized Conjunto de quadros Stumpjumper EVO Alloy 2023"},"content":{"rendered":"<p>Os quadros Rider-First Engineered\u2122 utilizam uma abordagem de tamanho conforme o uso \u00e0s caracter\u00edsticas de condu\u00e7\u00e3o que garante uma condu\u00e7\u00e3o de refer\u00eancia e um desempenho impec\u00e1vel, independentemente do tamanho do quadro ou do condutor.<br \/>\nQuer seja um mi\u00fado amante de saltos a conduzir um S1 ou um gigante DH que necessite de um S6 mais longo, ir\u00e1 experimentar as mesmas caracter\u00edsticas de condu\u00e7\u00e3o \u2013 curvas altamente precisas e rigidez dianteira e traseira equilibrada \u2013 com o peso mais leve poss\u00edvel. <\/p>\n<div class=\"product-specification\">\n<div class=\"sc-6097cead-1 dRyhXJ\">\n<p class=\"sc-728866e0-7 sc-717ffd70-15 euimfb gpfgmv\"><strong>Especifica\u00e7\u00f5es t\u00e9cnicas<\/strong><\/p>\n<ul>\n<li>Frameset<br \/>\nABRAZ. Liga de sela<br \/>\n, 38.6mm<\/li>\n<li>Chassis CUADRO<br \/>\nM5 Alloy e traseira, design assim\u00e9trico, geometria de trilha de 29&#8243; com dimensionamento S, integra\u00e7\u00e3o com porta SWAT\u2122, ajuste do \u00e2ngulo do tubo de cabe\u00e7a, ajuste BB de piv\u00f4 horst, BB roscado, roteamento de cabo interno totalmente fechado, sa\u00eddas de 12x148mm, piv\u00f4s de rolamento de cartucho selado, gancho derailleur substitu\u00edvel, 150mm de curso<\/li>\n<li>FOX FLOAT X Performance Shock<br \/>\n, Rx Trail Tune, EVOL Air sleeve, alavanca de 2 posi\u00e7\u00f5es com ajuste LSR, S1:210x50mm, S2-S6:210x55mm<\/li>\n<li>Peso<br \/>\n2.11kg (4 lb, 10.4 oz)<br \/>\nTamanho Peso<br \/>\nS4<\/li>\n<\/ul>\n<p>* Os pesos baseiam-se em fotografias de produ\u00e7\u00e3o pintadas, tal como indicado na imagem. Os pesos reais variam consoante a cor, o tamanho do quadro e a varia\u00e7\u00e3o dos componentes. As especifica\u00e7\u00f5es est\u00e3o sujeitas a altera\u00e7\u00f5es sem aviso pr\u00e9vio.<\/p>\n<\/div>\n<\/div>\n","protected":false},"excerpt":{"rendered":"<p>O quadro Stumpjumper EVO 2023 \u00e9 o ponto de partida perfeito para construir a sua pr\u00f3pria vers\u00e3o da derradeira moto trail.<\/p>\n","protected":false},"featured_media":306210,"comment_status":"closed","ping_status":"closed","template":"","meta":{"_acf_changed":false,"_et_pb_use_builder":"","_et_pb_old_content":"","_et_gb_content_width":"","inline_featured_image":false},"product_brand":[],"product_cat":[2459,402,2460,2696],"product_tag":[],"class_list":{"0":"post-380254","1":"product","2":"type-product","3":"status-publish","4":"has-post-thumbnail","6":"product_cat-bicicletas-pt-pt-2","7":"product_cat-montanha","8":"product_cat-ofertas-pt-pt","9":"product_cat-ofertas-especializadas","10":"product_shipping_class-bicicletas-pt-pt","12":"first","13":"outofstock","14":"taxable","15":"shipping-taxable","16":"product-type-variable","17":"wvs-archive-product-wrapper"},"acf":[],"yoast_head":"<!-- This site is optimized with the Yoast SEO Premium plugin v26.7 (Yoast SEO v26.7) - https:\/\/yoast.com\/wordpress\/plugins\/seo\/ -->\n<title>Specialized Conjunto de quadros Stumpjumper EVO Alloy 2023<\/title>\n<meta name=\"description\" content=\"Specialized Stumpjumper EVO Alloy Frameset 2023 \u00e9 a tela perfeita. Construa a sua bicicleta de sonho totalmente personalizada.\" \/>\n<meta name=\"robots\" content=\"index, follow, max-snippet:-1, max-image-preview:large, max-video-preview:-1\" \/>\n<link rel=\"canonical\" href=\"https:\/\/gr-100.com\/pt-pt\/producto\/conjunto-de-quadros-especializado-stumpjumper-evo-alloy-2023\/\" \/>\n<meta property=\"og:locale\" content=\"pt_PT\" \/>\n<meta property=\"og:type\" content=\"article\" \/>\n<meta property=\"og:title\" content=\"Specialized Conjunto de quadros Stumpjumper EVO Alloy 2023\" \/>\n<meta property=\"og:description\" content=\"Specialized Stumpjumper EVO Alloy Frameset 2023 \u00e9 a tela perfeita. Construa a sua bicicleta de sonho totalmente personalizada.\" \/>\n<meta property=\"og:url\" content=\"https:\/\/gr-100.com\/pt-pt\/producto\/conjunto-de-quadros-especializado-stumpjumper-evo-alloy-2023\/\" \/>\n<meta property=\"og:site_name\" content=\"Gr-100 Tienda de ciclismo Specialized\" \/>\n<meta property=\"article:publisher\" content=\"https:\/\/www.facebook.com\/Gr100Bikes\" \/>\n<meta property=\"article:modified_time\" content=\"2025-09-22T13:46:47+00:00\" \/>\n<meta property=\"og:image\" content=\"https:\/\/gr-100.com\/wp-content\/uploads\/2024\/05\/Stumpjumper_EVO_Alloy_Frameset_2023.jpg\" \/>\n\t<meta property=\"og:image:width\" content=\"1080\" \/>\n\t<meta property=\"og:image:height\" content=\"1080\" \/>\n\t<meta property=\"og:image:type\" content=\"image\/jpeg\" \/>\n<meta name=\"twitter:card\" content=\"summary_large_image\" \/>\n<meta name=\"twitter:label1\" content=\"Tempo estimado de leitura\" \/>\n\t<meta name=\"twitter:data1\" content=\"1 minuto\" \/>\n<script type=\"application\/ld+json\" class=\"yoast-schema-graph\">{\"@context\":\"https:\/\/schema.org\",\"@graph\":[{\"@type\":\"WebPage\",\"@id\":\"https:\/\/gr-100.com\/pt-pt\/producto\/conjunto-de-quadros-especializado-stumpjumper-evo-alloy-2023\/\",\"url\":\"https:\/\/gr-100.com\/pt-pt\/producto\/conjunto-de-quadros-especializado-stumpjumper-evo-alloy-2023\/\",\"name\":\"Specialized Conjunto de quadros Stumpjumper EVO Alloy 2023\",\"isPartOf\":{\"@id\":\"https:\/\/gr-100.com\/#website\"},\"primaryImageOfPage\":{\"@id\":\"https:\/\/gr-100.com\/pt-pt\/producto\/conjunto-de-quadros-especializado-stumpjumper-evo-alloy-2023\/#primaryimage\"},\"image\":{\"@id\":\"https:\/\/gr-100.com\/pt-pt\/producto\/conjunto-de-quadros-especializado-stumpjumper-evo-alloy-2023\/#primaryimage\"},\"thumbnailUrl\":\"https:\/\/gr-100.com\/wp-content\/uploads\/2024\/05\/Stumpjumper_EVO_Alloy_Frameset_2023.jpg\",\"datePublished\":\"2024-07-01T12:29:44+00:00\",\"dateModified\":\"2025-09-22T13:46:47+00:00\",\"description\":\"Specialized Stumpjumper EVO Alloy Frameset 2023 \u00e9 a tela perfeita. Construa a sua bicicleta de sonho totalmente personalizada.\",\"breadcrumb\":{\"@id\":\"https:\/\/gr-100.com\/pt-pt\/producto\/conjunto-de-quadros-especializado-stumpjumper-evo-alloy-2023\/#breadcrumb\"},\"inLanguage\":\"pt-PT\",\"potentialAction\":[{\"@type\":\"ReadAction\",\"target\":[\"https:\/\/gr-100.com\/pt-pt\/producto\/conjunto-de-quadros-especializado-stumpjumper-evo-alloy-2023\/\"]}]},{\"@type\":\"ImageObject\",\"inLanguage\":\"pt-PT\",\"@id\":\"https:\/\/gr-100.com\/pt-pt\/producto\/conjunto-de-quadros-especializado-stumpjumper-evo-alloy-2023\/#primaryimage\",\"url\":\"https:\/\/gr-100.com\/wp-content\/uploads\/2024\/05\/Stumpjumper_EVO_Alloy_Frameset_2023.jpg\",\"contentUrl\":\"https:\/\/gr-100.com\/wp-content\/uploads\/2024\/05\/Stumpjumper_EVO_Alloy_Frameset_2023.jpg\",\"width\":1080,\"height\":1080},{\"@type\":\"BreadcrumbList\",\"@id\":\"https:\/\/gr-100.com\/pt-pt\/producto\/conjunto-de-quadros-especializado-stumpjumper-evo-alloy-2023\/#breadcrumb\",\"itemListElement\":[{\"@type\":\"ListItem\",\"position\":1,\"name\":\"Portada\",\"item\":\"https:\/\/gr-100.com\/en\/\"},{\"@type\":\"ListItem\",\"position\":2,\"name\":\"Productos\",\"item\":\"https:\/\/gr-100.com\/?post_type=product\"},{\"@type\":\"ListItem\",\"position\":3,\"name\":\"Specialized Conjunto de quadros Stumpjumper EVO Alloy 2023\"}]},{\"@type\":\"WebSite\",\"@id\":\"https:\/\/gr-100.com\/#website\",\"url\":\"https:\/\/gr-100.com\/\",\"name\":\"Gr-100 Tienda de ciclismo Specialized\",\"description\":\"GR-100 tenemos todas las gamas de bicicletas Specialized al mejor precio.\",\"publisher\":{\"@id\":\"https:\/\/gr-100.com\/#organization\"},\"alternateName\":\"Gr-100 Bikes\",\"potentialAction\":[{\"@type\":\"SearchAction\",\"target\":{\"@type\":\"EntryPoint\",\"urlTemplate\":\"https:\/\/gr-100.com\/?s={search_term_string}\"},\"query-input\":{\"@type\":\"PropertyValueSpecification\",\"valueRequired\":true,\"valueName\":\"search_term_string\"}}],\"inLanguage\":\"pt-PT\"},{\"@type\":\"Organization\",\"@id\":\"https:\/\/gr-100.com\/#organization\",\"name\":\"Gr-100\",\"url\":\"https:\/\/gr-100.com\/\",\"logo\":{\"@type\":\"ImageObject\",\"inLanguage\":\"pt-PT\",\"@id\":\"https:\/\/gr-100.com\/#\/schema\/logo\/image\/\",\"url\":\"https:\/\/gr-100.com\/wp-content\/uploads\/2023\/08\/logo-gr-100-bikes.png\",\"contentUrl\":\"https:\/\/gr-100.com\/wp-content\/uploads\/2023\/08\/logo-gr-100-bikes.png\",\"width\":707,\"height\":284,\"caption\":\"Gr-100\"},\"image\":{\"@id\":\"https:\/\/gr-100.com\/#\/schema\/logo\/image\/\"},\"sameAs\":[\"https:\/\/www.facebook.com\/Gr100Bikes\",\"https:\/\/www.instagram.com\/gr100bikes\/\",\"https:\/\/www.tiktok.com\/@gr100bikes\",\"https:\/\/twitter.com\/gr100mtbteam\",\"https:\/\/www.youtube.com\/c\/GR100Specialized\"]}]}<\/script>\n<!-- \/ Yoast SEO Premium plugin. -->","yoast_head_json":{"title":"Specialized Conjunto de quadros Stumpjumper EVO Alloy 2023","description":"Specialized Stumpjumper EVO Alloy Frameset 2023 \u00e9 a tela perfeita. Construa a sua bicicleta de sonho totalmente personalizada.","robots":{"index":"index","follow":"follow","max-snippet":"max-snippet:-1","max-image-preview":"max-image-preview:large","max-video-preview":"max-video-preview:-1"},"canonical":"https:\/\/gr-100.com\/pt-pt\/producto\/conjunto-de-quadros-especializado-stumpjumper-evo-alloy-2023\/","og_locale":"pt_PT","og_type":"article","og_title":"Specialized Conjunto de quadros Stumpjumper EVO Alloy 2023","og_description":"Specialized Stumpjumper EVO Alloy Frameset 2023 \u00e9 a tela perfeita. Construa a sua bicicleta de sonho totalmente personalizada.","og_url":"https:\/\/gr-100.com\/pt-pt\/producto\/conjunto-de-quadros-especializado-stumpjumper-evo-alloy-2023\/","og_site_name":"Gr-100 Tienda de ciclismo Specialized","article_publisher":"https:\/\/www.facebook.com\/Gr100Bikes","article_modified_time":"2025-09-22T13:46:47+00:00","og_image":[{"width":1080,"height":1080,"url":"https:\/\/gr-100.com\/wp-content\/uploads\/2024\/05\/Stumpjumper_EVO_Alloy_Frameset_2023.jpg","type":"image\/jpeg"}],"twitter_card":"summary_large_image","twitter_misc":{"Tempo estimado de leitura":"1 minuto"},"schema":{"@context":"https:\/\/schema.org","@graph":[{"@type":"WebPage","@id":"https:\/\/gr-100.com\/pt-pt\/producto\/conjunto-de-quadros-especializado-stumpjumper-evo-alloy-2023\/","url":"https:\/\/gr-100.com\/pt-pt\/producto\/conjunto-de-quadros-especializado-stumpjumper-evo-alloy-2023\/","name":"Specialized Conjunto de quadros Stumpjumper EVO Alloy 2023","isPartOf":{"@id":"https:\/\/gr-100.com\/#website"},"primaryImageOfPage":{"@id":"https:\/\/gr-100.com\/pt-pt\/producto\/conjunto-de-quadros-especializado-stumpjumper-evo-alloy-2023\/#primaryimage"},"image":{"@id":"https:\/\/gr-100.com\/pt-pt\/producto\/conjunto-de-quadros-especializado-stumpjumper-evo-alloy-2023\/#primaryimage"},"thumbnailUrl":"https:\/\/gr-100.com\/wp-content\/uploads\/2024\/05\/Stumpjumper_EVO_Alloy_Frameset_2023.jpg","datePublished":"2024-07-01T12:29:44+00:00","dateModified":"2025-09-22T13:46:47+00:00","description":"Specialized Stumpjumper EVO Alloy Frameset 2023 \u00e9 a tela perfeita. Construa a sua bicicleta de sonho totalmente personalizada.","breadcrumb":{"@id":"https:\/\/gr-100.com\/pt-pt\/producto\/conjunto-de-quadros-especializado-stumpjumper-evo-alloy-2023\/#breadcrumb"},"inLanguage":"pt-PT","potentialAction":[{"@type":"ReadAction","target":["https:\/\/gr-100.com\/pt-pt\/producto\/conjunto-de-quadros-especializado-stumpjumper-evo-alloy-2023\/"]}]},{"@type":"ImageObject","inLanguage":"pt-PT","@id":"https:\/\/gr-100.com\/pt-pt\/producto\/conjunto-de-quadros-especializado-stumpjumper-evo-alloy-2023\/#primaryimage","url":"https:\/\/gr-100.com\/wp-content\/uploads\/2024\/05\/Stumpjumper_EVO_Alloy_Frameset_2023.jpg","contentUrl":"https:\/\/gr-100.com\/wp-content\/uploads\/2024\/05\/Stumpjumper_EVO_Alloy_Frameset_2023.jpg","width":1080,"height":1080},{"@type":"BreadcrumbList","@id":"https:\/\/gr-100.com\/pt-pt\/producto\/conjunto-de-quadros-especializado-stumpjumper-evo-alloy-2023\/#breadcrumb","itemListElement":[{"@type":"ListItem","position":1,"name":"Portada","item":"https:\/\/gr-100.com\/en\/"},{"@type":"ListItem","position":2,"name":"Productos","item":"https:\/\/gr-100.com\/?post_type=product"},{"@type":"ListItem","position":3,"name":"Specialized Conjunto de quadros Stumpjumper EVO Alloy 2023"}]},{"@type":"WebSite","@id":"https:\/\/gr-100.com\/#website","url":"https:\/\/gr-100.com\/","name":"Gr-100 Tienda de ciclismo Specialized","description":"GR-100 tenemos todas las gamas de bicicletas Specialized al mejor precio.","publisher":{"@id":"https:\/\/gr-100.com\/#organization"},"alternateName":"Gr-100 Bikes","potentialAction":[{"@type":"SearchAction","target":{"@type":"EntryPoint","urlTemplate":"https:\/\/gr-100.com\/?s={search_term_string}"},"query-input":{"@type":"PropertyValueSpecification","valueRequired":true,"valueName":"search_term_string"}}],"inLanguage":"pt-PT"},{"@type":"Organization","@id":"https:\/\/gr-100.com\/#organization","name":"Gr-100","url":"https:\/\/gr-100.com\/","logo":{"@type":"ImageObject","inLanguage":"pt-PT","@id":"https:\/\/gr-100.com\/#\/schema\/logo\/image\/","url":"https:\/\/gr-100.com\/wp-content\/uploads\/2023\/08\/logo-gr-100-bikes.png","contentUrl":"https:\/\/gr-100.com\/wp-content\/uploads\/2023\/08\/logo-gr-100-bikes.png","width":707,"height":284,"caption":"Gr-100"},"image":{"@id":"https:\/\/gr-100.com\/#\/schema\/logo\/image\/"},"sameAs":["https:\/\/www.facebook.com\/Gr100Bikes","https:\/\/www.instagram.com\/gr100bikes\/","https:\/\/www.tiktok.com\/@gr100bikes","https:\/\/twitter.com\/gr100mtbteam","https:\/\/www.youtube.com\/c\/GR100Specialized"]}]}},"_links":{"self":[{"href":"https:\/\/gr-100.com\/pt-pt\/wp-json\/wp\/v2\/product\/380254","targetHints":{"allow":["GET"]}}],"collection":[{"href":"https:\/\/gr-100.com\/pt-pt\/wp-json\/wp\/v2\/product"}],"about":[{"href":"https:\/\/gr-100.com\/pt-pt\/wp-json\/wp\/v2\/types\/product"}],"replies":[{"embeddable":true,"href":"https:\/\/gr-100.com\/pt-pt\/wp-json\/wp\/v2\/comments?post=380254"}],"wp:featuredmedia":[{"embeddable":true,"href":"https:\/\/gr-100.com\/pt-pt\/wp-json\/wp\/v2\/media\/306210"}],"wp:attachment":[{"href":"https:\/\/gr-100.com\/pt-pt\/wp-json\/wp\/v2\/media?parent=380254"}],"wp:term":[{"taxonomy":"product_brand","embeddable":true,"href":"https:\/\/gr-100.com\/pt-pt\/wp-json\/wp\/v2\/product_brand?post=380254"},{"taxonomy":"product_cat","embeddable":true,"href":"https:\/\/gr-100.com\/pt-pt\/wp-json\/wp\/v2\/product_cat?post=380254"},{"taxonomy":"product_tag","embeddable":true,"href":"https:\/\/gr-100.com\/pt-pt\/wp-json\/wp\/v2\/product_tag?post=380254"}],"curies":[{"name":"wp","href":"https:\/\/api.w.org\/{rel}","templated":true}]}}