{"id":380260,"date":"2024-07-01T14:29:04","date_gmt":"2024-07-01T12:29:04","guid":{"rendered":"https:\/\/gr-100.com\/producto\/stumpjumper-especializado-evo-pro-2023\/"},"modified":"2025-09-22T15:04:22","modified_gmt":"2025-09-22T13:04:22","slug":"stumpjumper-especializado-evo-pro-2023","status":"publish","type":"product","link":"https:\/\/gr-100.com\/pt-pt\/producto\/stumpjumper-especializado-evo-pro-2023\/","title":{"rendered":"Specialized Stumpjumper EVO Pro 2023"},"content":{"rendered":"<ul>\n<li>O que obt\u00e9m quando combina uma roda dianteira de 29 polegadas com uma traseira de 27,5 polegadas?<br \/>\nBem, o Stumpjumper EVO Pro. Com todas as vantagens de tra\u00e7\u00e3o e manobrabilidade de um 29er, mas com uma roda traseira menor e mais manobr\u00e1vel, esta configura\u00e7\u00e3o adequa-se a um estilo mais l\u00fadico e brincalh\u00e3o.<br \/>\nEle se sente em casa no parque de bicicletas, e \u00e9 uma explos\u00e3o total para se soltar ao longo do caminho.  <\/li>\n<li>A geometria S-Sizing do novo Stumpjumper EVO \u00e9 ainda mais vanguardista.<br \/>\nLongo, baixo, lan\u00e7ado, garfo com pouco progresso, um tubo de assento mais vertical&#8230; Est\u00e1 na boca de todos porque oferece um comportamento melhor.<br \/>\nMas a geometria perfeita \u00e9 diferente para pessoas diferentes, por isso a geometria do Stumpjumper EVO \u00e9 totalmente ajust\u00e1vel com seis op\u00e7\u00f5es diferentes.<br \/>\nN\u00e3o s\u00f3 pode modificar a altura do suporte inferior em 10 mm, como tamb\u00e9m pode alterar o \u00e2ngulo da cabe\u00e7a em dois graus.<br \/>\nFinalmente, se quiser o m\u00e1ximo de divers\u00e3o, o EVO permite-lhe combinar uma roda traseira de 27,5 polegadas com uma roda dianteira de 29 polegadas.    <\/li>\n<li>Os quadros Rider-First Engineered\u00ae s\u00e3o projetados em torno do tamanho para um manuseio perfeito.<br \/>\nAssim, quer necessite de um S1 de tamanho min\u00fasculo, ou de um S6 enorme, ir\u00e1 experimentar o mesmo comportamento, curvas, equil\u00edbrio entre os eixos dianteiro e traseiro, com o menor peso poss\u00edvel. <\/li>\n<li>SWAT\u00ae Quando introduzimos o port\u00e3o SWAT no Stumpjumper 2016, aumentamos o tamanho do recet\u00e1culo e aumentamos o espa\u00e7o para essas recargas.<br \/>\nNo novo Stumpjumper mantivemos essas caracter\u00edsticas, mas aumentamos o volume e adicionamos uma bexiga SWAT\u00ae, que lhe d\u00e1 mais 650 ml de \u00e1gua escondida no tubo inferior.<br \/>\nSim, a mesma quantidade que um pequeno jerry pode.  <\/li>\n<li>Introduzimos o port\u00e3o SWAT\u2122 no Stumpjumper em 2016, adicionando espa\u00e7o DENTRO do quadro para as coisas t\u00e3o necess\u00e1rias, como bombas e tubos de reposi\u00e7\u00e3o, e tornando os bolsos da camisa redundantes.<br \/>\nCom o novo Stumpjumper, aument\u00e1mos o volume e adicion\u00e1mos uma Bexiga SWAT\u2122, que lhe d\u00e1 mais 22 on\u00e7as de armazenamento de \u00e1gua \u2014 o mesmo tamanho de uma pequena garrafa de \u00e1gua \u2014 escondida no tubo inferior. <\/li>\n<\/ul>\n<p><strong>Especifica\u00e7\u00f5es<\/strong><\/p>\n<ul>\n<li>PLATOS<br \/>\n32T<\/li>\n<li>SRAM DUB, BSA<br \/>\n 73mm, Roscado<\/li>\n<li>SRAM Eagle<br \/>\n AXS Rocker Paddle ShiftersSRAM<\/li>\n<li>SRAM X01 Eagle AXS DERAILLEUR<br \/>\n TRASEIRO<\/li>\n<li>SRAM X1 Carbono SUPORTE INFERIOR,<br \/>\n DUB, S1:165mm, S2-S5: 170mm, S6: 175mmSRAM<\/li>\n<li>SRAM XG-1295 \u00c1guia CASSETTE,<br \/>\n 10-52tSRAM<\/li>\n<li>SRAM X01 Eagle CHAIN<br \/>\n, 12 velocidades<\/li>\n<li>Cuadro<br \/>\nABRAZ. SILL\u00cdN<br \/>\nAlloy, 38.6mm<br \/>\nFACT 11m carbon chassis and rear-end, asymmetrical design, 29\/27.5&#8243; Trail Geometry, SWAT\u2122 Door integration, head tube angle adjustment, horst pivot BB adjustment, threaded BB, fully enclosed internal cable routing, 12x148mm dropouts, sealed cartridge bearing pivots, replaceable derailleur hanger, 150mm of travel <\/li>\n<li>Ponte SADDLE,<br \/>\n 155\/143mm, Ti-rails ocos<\/li>\n<li>Divindade<br \/>\nLockjaw GRIPS<\/li>\n<li>Divindade STEM,<br \/>\n 35.0mm<\/li>\n<li>Roval<br \/>\n de carbono Roval Traverse SL, barra elevat\u00f3ria, upsweep de 6 graus, backsweep de 8 graus, eleva\u00e7\u00e3o de 30mm, 800mm, 35,0mm<\/li>\n<li>SEATPOST<br \/>\nBicicleta Yoke, Revive Max, 34.9 (S1:120mm, S2-S3:150mm, S4-S5: 185mm, S6: 213mm)<\/li>\n<li>PNEU.<br \/>\nTalho, carca\u00e7a GRID TRAIL, composto GRIPTON\u00ae T9, 2Bliss Ready, 29&#215;2.3&#8243;<\/li>\n<li>DT Competition Race RAIOS\n<\/li>\n<li>DT SWISS 350 CUBO TRASEIRO<br \/>\n, Star Ratchet, engate 36t, corpo do motorista SRAM XD, eixo thru de 12mm, espa\u00e7amento de 148mm, 28h<\/li>\n<li>CUBO DIANTEIRO DT SWISS 350, ROLAMENTOS<br \/>\nDE CARTUCHO SELADOS, ESPA\u00c7AMENTO 15x110mm, 28h<\/li>\n<li>Eliminador de pneus traseiros<br \/>\n, carca\u00e7a GRID TRAIL, composto GRIPTON\u00ae T7, 2Bliss Ready, 27,5 x 2,3&#8243;<\/li>\n<li>Roval Traverse Carbon 29F\/27.5R RIMS<br \/>\n, carbono sem gancho, largura interna de 30mm, constru\u00eddo \u00e0 m\u00e3o, preparado para 2Bliss<\/li>\n<li>C\u00c2MARAS<br \/>\nStandard, Presta Valve<br \/>\nSuspens\u00e3o<\/li>\n<li>FOX FLOAT 36 Garfo de<br \/>\n f\u00e1brica, amortecedor GRIP2, 15x110mm, deslocamento de 44mm, S1: 150mm de curso, S2-S6: 160mm de cursoFOX<\/li>\n<li>FOX FLOAT X Choque<br \/>\n de f\u00e1brica, Rx Trail Tune, manga de ar EVOL, alavanca de 2 posi\u00e7\u00f5es com ajuste LSC, S1:210x50mm, S2-S6:210x55mm<\/li>\n<li>FREIO TRASEIRO<br \/>\n SRAM C\u00f3digo RSC, pin\u00e7a de 4 pist\u00f5es, disco hidr\u00e1ulico, 200mm HS2<\/li>\n<li>FREIO DIANTEIRO<br \/>\nSRAM C\u00f3digo RSC, pin\u00e7a de 4 pist\u00f5es, disco hidr\u00e1ulico, 200mm HS2<\/li>\n<li>Peso<br \/>\nEm movimento<br \/>\n13,86 kg (30 lb, 8,9 oz) Tamanho S4* Pesos com base na produ\u00e7\u00e3o pintado quadros como retratado. Os pesos reais variam consoante a cor, o tamanho do quadro e a varia\u00e7\u00e3o dos componentes. As especifica\u00e7\u00f5es est\u00e3o sujeitas a altera\u00e7\u00f5es sem aviso pr\u00e9vio.<\/li>\n<\/ul>\n","protected":false},"excerpt":{"rendered":"<p>O Stumpjumper EVO Pro \u00e9 a personifica\u00e7\u00e3o do desempenho nas trilhas a toda velocidade.<br \/>\nCom um design completamente novo, desde a geometria S-Sizing com um \u00e2ngulo de tubo de cabe\u00e7a ajust\u00e1vel, at\u00e9 aos seus 150 mm de curso triturado pronto a triturar.<br \/>\nE para completar, sua constru\u00e7\u00e3o foi selecionada a dedo para manter o peso geral baixo e o \u00edmpeto alto.  <\/p>\n","protected":false},"featured_media":306184,"comment_status":"closed","ping_status":"closed","template":"","meta":{"_acf_changed":false,"_et_pb_use_builder":"","_et_pb_old_content":"","_et_gb_content_width":"","inline_featured_image":false},"product_brand":[],"product_cat":[2459,402,2483,2460,2461,2696],"product_tag":[],"class_list":{"0":"post-380260","1":"product","2":"type-product","3":"status-publish","4":"has-post-thumbnail","6":"product_cat-bicicletas-pt-pt-2","7":"product_cat-montanha","8":"product_cat-bicicletas-especializadas","9":"product_cat-ofertas-pt-pt","10":"product_cat-oferta-montanha","11":"product_cat-ofertas-especializadas","12":"product_shipping_class-bicicletas-pt-pt","14":"first","15":"outofstock","16":"taxable","17":"shipping-taxable","18":"product-type-variable","19":"wvs-archive-product-wrapper"},"acf":[],"yoast_head":"<!-- This site is optimized with the Yoast SEO Premium plugin v26.7 (Yoast SEO v26.7) - https:\/\/yoast.com\/wordpress\/plugins\/seo\/ -->\n<title>Specialized Stumpjumper EVO Pro 2023 GR-100<\/title>\n<meta name=\"description\" content=\"A Stumpjumper EVO Expert T-Type 2024 \u00e9 muito mais do que apenas uma moto trail; \u00c9 uma bicicleta projetada para percorrer as trilhas mais bestiais.\" \/>\n<meta name=\"robots\" content=\"index, follow, max-snippet:-1, max-image-preview:large, max-video-preview:-1\" \/>\n<link rel=\"canonical\" href=\"https:\/\/gr-100.com\/pt-pt\/producto\/stumpjumper-especializado-evo-pro-2023\/\" \/>\n<meta property=\"og:locale\" content=\"pt_PT\" \/>\n<meta property=\"og:type\" content=\"article\" \/>\n<meta property=\"og:title\" content=\"Specialized Stumpjumper EVO Pro 2023\" \/>\n<meta property=\"og:description\" content=\"A Stumpjumper EVO Expert T-Type 2024 \u00e9 muito mais do que apenas uma moto trail; \u00c9 uma bicicleta projetada para percorrer as trilhas mais bestiais.\" \/>\n<meta property=\"og:url\" content=\"https:\/\/gr-100.com\/pt-pt\/producto\/stumpjumper-especializado-evo-pro-2023\/\" \/>\n<meta property=\"og:site_name\" content=\"Gr-100 Tienda de ciclismo Specialized\" \/>\n<meta property=\"article:publisher\" content=\"https:\/\/www.facebook.com\/Gr100Bikes\" \/>\n<meta property=\"article:modified_time\" content=\"2025-09-22T13:04:22+00:00\" \/>\n<meta property=\"og:image\" content=\"https:\/\/gr-100.com\/wp-content\/uploads\/2024\/05\/Stumpjumper-EVO-Pro1.jpg\" \/>\n\t<meta property=\"og:image:width\" content=\"1080\" \/>\n\t<meta property=\"og:image:height\" content=\"1080\" \/>\n\t<meta property=\"og:image:type\" content=\"image\/jpeg\" \/>\n<meta name=\"twitter:card\" content=\"summary_large_image\" \/>\n<meta name=\"twitter:label1\" content=\"Tempo estimado de leitura\" \/>\n\t<meta name=\"twitter:data1\" content=\"4 minutos\" \/>\n<script type=\"application\/ld+json\" class=\"yoast-schema-graph\">{\"@context\":\"https:\/\/schema.org\",\"@graph\":[{\"@type\":\"WebPage\",\"@id\":\"https:\/\/gr-100.com\/pt-pt\/producto\/stumpjumper-especializado-evo-pro-2023\/\",\"url\":\"https:\/\/gr-100.com\/pt-pt\/producto\/stumpjumper-especializado-evo-pro-2023\/\",\"name\":\"Specialized Stumpjumper EVO Pro 2023 GR-100\",\"isPartOf\":{\"@id\":\"https:\/\/gr-100.com\/#website\"},\"primaryImageOfPage\":{\"@id\":\"https:\/\/gr-100.com\/pt-pt\/producto\/stumpjumper-especializado-evo-pro-2023\/#primaryimage\"},\"image\":{\"@id\":\"https:\/\/gr-100.com\/pt-pt\/producto\/stumpjumper-especializado-evo-pro-2023\/#primaryimage\"},\"thumbnailUrl\":\"https:\/\/gr-100.com\/wp-content\/uploads\/2024\/05\/Stumpjumper-EVO-Pro1.jpg\",\"datePublished\":\"2024-07-01T12:29:04+00:00\",\"dateModified\":\"2025-09-22T13:04:22+00:00\",\"description\":\"A Stumpjumper EVO Expert T-Type 2024 \u00e9 muito mais do que apenas uma moto trail; \u00c9 uma bicicleta projetada para percorrer as trilhas mais bestiais.\",\"breadcrumb\":{\"@id\":\"https:\/\/gr-100.com\/pt-pt\/producto\/stumpjumper-especializado-evo-pro-2023\/#breadcrumb\"},\"inLanguage\":\"pt-PT\",\"potentialAction\":[{\"@type\":\"ReadAction\",\"target\":[\"https:\/\/gr-100.com\/pt-pt\/producto\/stumpjumper-especializado-evo-pro-2023\/\"]}]},{\"@type\":\"ImageObject\",\"inLanguage\":\"pt-PT\",\"@id\":\"https:\/\/gr-100.com\/pt-pt\/producto\/stumpjumper-especializado-evo-pro-2023\/#primaryimage\",\"url\":\"https:\/\/gr-100.com\/wp-content\/uploads\/2024\/05\/Stumpjumper-EVO-Pro1.jpg\",\"contentUrl\":\"https:\/\/gr-100.com\/wp-content\/uploads\/2024\/05\/Stumpjumper-EVO-Pro1.jpg\",\"width\":1080,\"height\":1080},{\"@type\":\"BreadcrumbList\",\"@id\":\"https:\/\/gr-100.com\/pt-pt\/producto\/stumpjumper-especializado-evo-pro-2023\/#breadcrumb\",\"itemListElement\":[{\"@type\":\"ListItem\",\"position\":1,\"name\":\"Portada\",\"item\":\"https:\/\/gr-100.com\/en\/\"},{\"@type\":\"ListItem\",\"position\":2,\"name\":\"Productos\",\"item\":\"https:\/\/gr-100.com\/?post_type=product\"},{\"@type\":\"ListItem\",\"position\":3,\"name\":\"Specialized Stumpjumper EVO Pro 2023\"}]},{\"@type\":\"WebSite\",\"@id\":\"https:\/\/gr-100.com\/#website\",\"url\":\"https:\/\/gr-100.com\/\",\"name\":\"Gr-100 Tienda de ciclismo Specialized\",\"description\":\"GR-100 tenemos todas las gamas de bicicletas Specialized al mejor precio.\",\"publisher\":{\"@id\":\"https:\/\/gr-100.com\/#organization\"},\"alternateName\":\"Gr-100 Bikes\",\"potentialAction\":[{\"@type\":\"SearchAction\",\"target\":{\"@type\":\"EntryPoint\",\"urlTemplate\":\"https:\/\/gr-100.com\/?s={search_term_string}\"},\"query-input\":{\"@type\":\"PropertyValueSpecification\",\"valueRequired\":true,\"valueName\":\"search_term_string\"}}],\"inLanguage\":\"pt-PT\"},{\"@type\":\"Organization\",\"@id\":\"https:\/\/gr-100.com\/#organization\",\"name\":\"Gr-100\",\"url\":\"https:\/\/gr-100.com\/\",\"logo\":{\"@type\":\"ImageObject\",\"inLanguage\":\"pt-PT\",\"@id\":\"https:\/\/gr-100.com\/#\/schema\/logo\/image\/\",\"url\":\"https:\/\/gr-100.com\/wp-content\/uploads\/2023\/08\/logo-gr-100-bikes.png\",\"contentUrl\":\"https:\/\/gr-100.com\/wp-content\/uploads\/2023\/08\/logo-gr-100-bikes.png\",\"width\":707,\"height\":284,\"caption\":\"Gr-100\"},\"image\":{\"@id\":\"https:\/\/gr-100.com\/#\/schema\/logo\/image\/\"},\"sameAs\":[\"https:\/\/www.facebook.com\/Gr100Bikes\",\"https:\/\/www.instagram.com\/gr100bikes\/\",\"https:\/\/www.tiktok.com\/@gr100bikes\",\"https:\/\/twitter.com\/gr100mtbteam\",\"https:\/\/www.youtube.com\/c\/GR100Specialized\"]}]}<\/script>\n<!-- \/ Yoast SEO Premium plugin. -->","yoast_head_json":{"title":"Specialized Stumpjumper EVO Pro 2023 GR-100","description":"A Stumpjumper EVO Expert T-Type 2024 \u00e9 muito mais do que apenas uma moto trail; \u00c9 uma bicicleta projetada para percorrer as trilhas mais bestiais.","robots":{"index":"index","follow":"follow","max-snippet":"max-snippet:-1","max-image-preview":"max-image-preview:large","max-video-preview":"max-video-preview:-1"},"canonical":"https:\/\/gr-100.com\/pt-pt\/producto\/stumpjumper-especializado-evo-pro-2023\/","og_locale":"pt_PT","og_type":"article","og_title":"Specialized Stumpjumper EVO Pro 2023","og_description":"A Stumpjumper EVO Expert T-Type 2024 \u00e9 muito mais do que apenas uma moto trail; \u00c9 uma bicicleta projetada para percorrer as trilhas mais bestiais.","og_url":"https:\/\/gr-100.com\/pt-pt\/producto\/stumpjumper-especializado-evo-pro-2023\/","og_site_name":"Gr-100 Tienda de ciclismo Specialized","article_publisher":"https:\/\/www.facebook.com\/Gr100Bikes","article_modified_time":"2025-09-22T13:04:22+00:00","og_image":[{"width":1080,"height":1080,"url":"https:\/\/gr-100.com\/wp-content\/uploads\/2024\/05\/Stumpjumper-EVO-Pro1.jpg","type":"image\/jpeg"}],"twitter_card":"summary_large_image","twitter_misc":{"Tempo estimado de leitura":"4 minutos"},"schema":{"@context":"https:\/\/schema.org","@graph":[{"@type":"WebPage","@id":"https:\/\/gr-100.com\/pt-pt\/producto\/stumpjumper-especializado-evo-pro-2023\/","url":"https:\/\/gr-100.com\/pt-pt\/producto\/stumpjumper-especializado-evo-pro-2023\/","name":"Specialized Stumpjumper EVO Pro 2023 GR-100","isPartOf":{"@id":"https:\/\/gr-100.com\/#website"},"primaryImageOfPage":{"@id":"https:\/\/gr-100.com\/pt-pt\/producto\/stumpjumper-especializado-evo-pro-2023\/#primaryimage"},"image":{"@id":"https:\/\/gr-100.com\/pt-pt\/producto\/stumpjumper-especializado-evo-pro-2023\/#primaryimage"},"thumbnailUrl":"https:\/\/gr-100.com\/wp-content\/uploads\/2024\/05\/Stumpjumper-EVO-Pro1.jpg","datePublished":"2024-07-01T12:29:04+00:00","dateModified":"2025-09-22T13:04:22+00:00","description":"A Stumpjumper EVO Expert T-Type 2024 \u00e9 muito mais do que apenas uma moto trail; \u00c9 uma bicicleta projetada para percorrer as trilhas mais bestiais.","breadcrumb":{"@id":"https:\/\/gr-100.com\/pt-pt\/producto\/stumpjumper-especializado-evo-pro-2023\/#breadcrumb"},"inLanguage":"pt-PT","potentialAction":[{"@type":"ReadAction","target":["https:\/\/gr-100.com\/pt-pt\/producto\/stumpjumper-especializado-evo-pro-2023\/"]}]},{"@type":"ImageObject","inLanguage":"pt-PT","@id":"https:\/\/gr-100.com\/pt-pt\/producto\/stumpjumper-especializado-evo-pro-2023\/#primaryimage","url":"https:\/\/gr-100.com\/wp-content\/uploads\/2024\/05\/Stumpjumper-EVO-Pro1.jpg","contentUrl":"https:\/\/gr-100.com\/wp-content\/uploads\/2024\/05\/Stumpjumper-EVO-Pro1.jpg","width":1080,"height":1080},{"@type":"BreadcrumbList","@id":"https:\/\/gr-100.com\/pt-pt\/producto\/stumpjumper-especializado-evo-pro-2023\/#breadcrumb","itemListElement":[{"@type":"ListItem","position":1,"name":"Portada","item":"https:\/\/gr-100.com\/en\/"},{"@type":"ListItem","position":2,"name":"Productos","item":"https:\/\/gr-100.com\/?post_type=product"},{"@type":"ListItem","position":3,"name":"Specialized Stumpjumper EVO Pro 2023"}]},{"@type":"WebSite","@id":"https:\/\/gr-100.com\/#website","url":"https:\/\/gr-100.com\/","name":"Gr-100 Tienda de ciclismo Specialized","description":"GR-100 tenemos todas las gamas de bicicletas Specialized al mejor precio.","publisher":{"@id":"https:\/\/gr-100.com\/#organization"},"alternateName":"Gr-100 Bikes","potentialAction":[{"@type":"SearchAction","target":{"@type":"EntryPoint","urlTemplate":"https:\/\/gr-100.com\/?s={search_term_string}"},"query-input":{"@type":"PropertyValueSpecification","valueRequired":true,"valueName":"search_term_string"}}],"inLanguage":"pt-PT"},{"@type":"Organization","@id":"https:\/\/gr-100.com\/#organization","name":"Gr-100","url":"https:\/\/gr-100.com\/","logo":{"@type":"ImageObject","inLanguage":"pt-PT","@id":"https:\/\/gr-100.com\/#\/schema\/logo\/image\/","url":"https:\/\/gr-100.com\/wp-content\/uploads\/2023\/08\/logo-gr-100-bikes.png","contentUrl":"https:\/\/gr-100.com\/wp-content\/uploads\/2023\/08\/logo-gr-100-bikes.png","width":707,"height":284,"caption":"Gr-100"},"image":{"@id":"https:\/\/gr-100.com\/#\/schema\/logo\/image\/"},"sameAs":["https:\/\/www.facebook.com\/Gr100Bikes","https:\/\/www.instagram.com\/gr100bikes\/","https:\/\/www.tiktok.com\/@gr100bikes","https:\/\/twitter.com\/gr100mtbteam","https:\/\/www.youtube.com\/c\/GR100Specialized"]}]}},"_links":{"self":[{"href":"https:\/\/gr-100.com\/pt-pt\/wp-json\/wp\/v2\/product\/380260","targetHints":{"allow":["GET"]}}],"collection":[{"href":"https:\/\/gr-100.com\/pt-pt\/wp-json\/wp\/v2\/product"}],"about":[{"href":"https:\/\/gr-100.com\/pt-pt\/wp-json\/wp\/v2\/types\/product"}],"replies":[{"embeddable":true,"href":"https:\/\/gr-100.com\/pt-pt\/wp-json\/wp\/v2\/comments?post=380260"}],"wp:featuredmedia":[{"embeddable":true,"href":"https:\/\/gr-100.com\/pt-pt\/wp-json\/wp\/v2\/media\/306184"}],"wp:attachment":[{"href":"https:\/\/gr-100.com\/pt-pt\/wp-json\/wp\/v2\/media?parent=380260"}],"wp:term":[{"taxonomy":"product_brand","embeddable":true,"href":"https:\/\/gr-100.com\/pt-pt\/wp-json\/wp\/v2\/product_brand?post=380260"},{"taxonomy":"product_cat","embeddable":true,"href":"https:\/\/gr-100.com\/pt-pt\/wp-json\/wp\/v2\/product_cat?post=380260"},{"taxonomy":"product_tag","embeddable":true,"href":"https:\/\/gr-100.com\/pt-pt\/wp-json\/wp\/v2\/product_tag?post=380260"}],"curies":[{"name":"wp","href":"https:\/\/api.w.org\/{rel}","templated":true}]}}