{"id":380290,"date":"2024-07-01T14:27:11","date_gmt":"2024-07-01T12:27:11","guid":{"rendered":"https:\/\/gr-100.com\/producto\/especialista-stumpjumper-evo-expert-t-type-2024\/"},"modified":"2025-12-18T16:39:39","modified_gmt":"2025-12-18T14:39:39","slug":"especialista-stumpjumper-evo-expert-t-type-2024","status":"publish","type":"product","link":"https:\/\/gr-100.com\/pt-pt\/producto\/especialista-stumpjumper-evo-expert-t-type-2024\/","title":{"rendered":"Specialized Stumpjumper EVO Expert T-Type 2024"},"content":{"rendered":"<ul>\n<li>O sistema S-Sizing do novo Stumpjumper EVO \u00e9 o mais progressivo at\u00e9 \u00e0 data.<br \/>\nLongo, baixo, descontra\u00eddo, deslocamento de garfo curto, \u00e2ngulo do tubo do assento mais \u00edngreme \u2013 estes s\u00e3o os requisitos da condu\u00e7\u00e3o progressiva moderna.<br \/>\nMas nem todos rolam da mesma maneira, por isso a geometria do novo Stumpjumper EVO \u00e9 totalmente ajust\u00e1vel com seis posi\u00e7\u00f5es diferentes.<br \/>\nVoc\u00ea pode ajustar a altura do guid\u00e3o em 10mm, voc\u00ea pode ajustar o \u00e2ngulo da cabe\u00e7a em dois graus, e voc\u00ea pode fazer esses ajustes independentemente um do outro.   <\/li>\n<li>Os quadros Rider-First Engineered\u2122 utilizam uma abordagem espec\u00edfica \u00e0s caracter\u00edsticas de condu\u00e7\u00e3o que garante uma condu\u00e7\u00e3o de refer\u00eancia e um desempenho impec\u00e1vel, independentemente do tamanho do quadro ou do condutor.<br \/>\nQuer seja uma crian\u00e7a a querer saltar com um S1, quer seja um gigante DH que precisa de um S6 mais longo, ir\u00e1 experimentar as mesmas caracter\u00edsticas de condu\u00e7\u00e3o \u2013 curvas muito precisas e rigidez dianteira e traseira equilibrada \u2013 com o peso mais leve poss\u00edvel. <\/li>\n<li>Introduzimos o port\u00e3o SWAT\u2122 no Stumpjumper em 2016, adicionando espa\u00e7o DENTRO do seu quadro para itens como bombas e tubos de reposi\u00e7\u00e3o, e imediatamente tornando os bolsos da camisa redundantes.<\/li>\n<\/ul>\n<p><strong>Especifica\u00e7\u00f5es<\/strong><\/p>\n<ul>\n<li>FACTO Chassis de carbono de 11m e estrutura<br \/>\n traseira, design assim\u00e9trico, geometria de trilha de 29\/27,5&#8243;, integra\u00e7\u00e3o com porta SWAT\u2122, ajuste de \u00e2ngulo do tubo de cabe\u00e7a, ajuste BB de piv\u00f4 horst, BB roscado, roteamento de cabo interno totalmente fechado, sa\u00eddas de 12x148mm, piv\u00f4s de rolamento de cartucho selado, gancho derailleur substitu\u00edvel, 150mm de curso<\/li>\n<li>ABRA\u00c7O. Liga de sela<br \/>\n, 38.6mm <\/li>\n<li>FOX FLOAT X2 Performance Elite Shock<br \/>\n, Rx Trail Tune, alavanca aberta\/firme de 2 posi\u00e7\u00f5es, ajuste HSC, LSC, HSR e LSR, S1:210x50mm, S2-S6:210x55mm<\/li>\n<li>Forquilha<br \/>\n FOX FLOAT 36 Performance Elite, amortecedor GRIP2, 15x110mm, deslocamento de 44mm, S1: 150mm de curso, S2-S6: 160mm de cursoFOX<\/li>\n<li>Specialized<br \/>\n, liga 7050, backsweep de 8 graus, upsweep de 6 graus, eleva\u00e7\u00e3o de 30mm, grampo de 800mm, 35mm<\/li>\n<li>SEATPOST<br \/>\nOneUp, Conta-gotas Post-V2, alavanca MMX, 34.9 (S1:120mm, S2\/S3:150mm, S4: 180mm, S5\/S6: 210mm)<\/li>\n<li>Divindade<br \/>\nLockjaw GRIPS<\/li>\n<li>STEM<br \/>\nAlloy Trail Stem, furo em barra de 35 mm<\/li>\n<li>Bridge Comp SADDLE,<br \/>\n Trilhos ocos Cr-mo, 155\/143mm<\/li>\n<li>C\u00f3digo SRAM Prata Stealth FREIO DIANTEIRO<br \/>\n, pin\u00e7a de 4 pist\u00f5es, disco hidr\u00e1ulico, rotorSRAM de 200mm<\/li>\n<li>C\u00f3digo SRAM Prata Stealth REAR<br \/>\n BRAKKE, pin\u00e7a de 4 pist\u00f5es, disco hidr\u00e1ulico, rotorSRAM de 200mm<\/li>\n<li>SRAM<br \/>\n GX Eagle de transmiss\u00e3o, 12spd, 10-52T<\/li>\n<li>SRAM GX \u00c1guia DERAILLEUR<br \/>\nSRAM<\/li>\n<li>SRAM GX Eagle<br \/>\n Transmiss\u00e3o Flattop Chain, 12spdSRAM<\/li>\n<li>Suporte inferior<br \/>\n SRAM GX Eagle, com prote\u00e7\u00f5es de alum\u00ednio, DUB, 32T, S1:165mm, S2-S5: 170mm, S6: 175mmSRAM<\/li>\n<li>SRAM<br \/>\n AXS POD<\/li>\n<li>SUPORTE DE FUNDO<br \/>\n LARGO SRAM DUB, BSA 73MM, ROSCADO<\/li>\n<li>PLATOS<br \/>\n32T<\/li>\n<li>DT SWISS 370 CUBO DIANTEIRO<br \/>\n, 28h, 15&#215;110<\/li>\n<li>DT SWISS 370 CUBO TRASEIRO<br \/>\n, 32h, 12&#215;148<\/li>\n<li>RIMS<br \/>\nRoval Traverse 29 Alloy, 30mm largura interna, 28h: Roval Traverse 27.5 Alloy, 30mm largura interna, 32h<\/li>\n<li>Eliminador de pneus traseiros<br \/>\n, carca\u00e7a GRID TRAIL, composto GRIPTON\u00ae T7, 2Bliss Ready, 27,5 x 2,3&#8243;<\/li>\n<li>Sapim Force RAIOS\n<\/li>\n<li>PNEU.<br \/>\nTalho, carca\u00e7a GRID TRAIL, composto GRIPTON\u00ae T9, 2Bliss Ready, raios 29&#215;2.3&#8243;\n<\/li>\n<li>C\u00c2MERAS<br \/>\nStandard, v\u00e1lvula Presta<\/li>\n<li>\n<dl>\n<dt>Peso<\/dt>\n<dd>14.81kg (32 lb, 10.4 oz) <span style=\"font-weight: bold;\">Tamanho <\/span>S4<\/dd>\n<\/dl>\n<\/li>\n<\/ul>\n<p>As especifica\u00e7\u00f5es est\u00e3o sujeitas a altera\u00e7\u00f5es sem aviso pr\u00e9vio.<\/p>\n","protected":false},"excerpt":{"rendered":"<p>Controlo total, suspens\u00e3o inigual\u00e1vel que absorve solavancos e geometria ajust\u00e1vel s\u00e3o as caracter\u00edsticas distintivas do novo Stumpjumper EVO Expert.<br \/>\n SRAM GX Eagle, freios SRAM Code Silver, suspens\u00e3o FOX FLOAT 36 Performance Elite, FOX FLOAT X2 Performance Elite. <\/p>\n","protected":false},"featured_media":306115,"comment_status":"closed","ping_status":"closed","template":"","meta":{"_acf_changed":false,"_et_pb_use_builder":"","_et_pb_old_content":"","_et_gb_content_width":"","inline_featured_image":false},"product_brand":[],"product_cat":[2459,402,2483,2460,2461,2696],"product_tag":[],"class_list":{"0":"post-380290","1":"product","2":"type-product","3":"status-publish","4":"has-post-thumbnail","6":"product_cat-bicicletas-pt-pt-2","7":"product_cat-montanha","8":"product_cat-bicicletas-especializadas","9":"product_cat-ofertas-pt-pt","10":"product_cat-oferta-montanha","11":"product_cat-ofertas-especializadas","12":"product_shipping_class-bicicletas-pt-pt","14":"first","15":"outofstock","16":"taxable","17":"shipping-taxable","18":"product-type-variable","19":"wvs-archive-product-wrapper"},"acf":[],"yoast_head":"<!-- This site is optimized with the Yoast SEO Premium plugin v26.7 (Yoast SEO v26.7) - https:\/\/yoast.com\/wordpress\/plugins\/seo\/ -->\n<title>Specialized Stumpjumper EVO Expert T-Type 2024 GR-100<\/title>\n<meta name=\"description\" content=\"A Stumpjumper EVO Expert T-Type 2024 \u00e9 muito mais do que apenas uma moto trail; \u00c9 uma bicicleta projetada para percorrer as trilhas mais bestiais.\" \/>\n<meta name=\"robots\" content=\"index, follow, max-snippet:-1, max-image-preview:large, max-video-preview:-1\" \/>\n<link rel=\"canonical\" href=\"https:\/\/gr-100.com\/pt-pt\/producto\/especialista-stumpjumper-evo-expert-t-type-2024\/\" \/>\n<meta property=\"og:locale\" content=\"pt_PT\" \/>\n<meta property=\"og:type\" content=\"article\" \/>\n<meta property=\"og:title\" content=\"Specialized Stumpjumper EVO Expert T-Type 2024\" \/>\n<meta property=\"og:description\" content=\"A Stumpjumper EVO Expert T-Type 2024 \u00e9 muito mais do que apenas uma moto trail; \u00c9 uma bicicleta projetada para percorrer as trilhas mais bestiais.\" \/>\n<meta property=\"og:url\" content=\"https:\/\/gr-100.com\/pt-pt\/producto\/especialista-stumpjumper-evo-expert-t-type-2024\/\" \/>\n<meta property=\"og:site_name\" content=\"Gr-100 Tienda de ciclismo Specialized\" \/>\n<meta property=\"article:publisher\" content=\"https:\/\/www.facebook.com\/Gr100Bikes\" \/>\n<meta property=\"article:modified_time\" content=\"2025-12-18T14:39:39+00:00\" \/>\n<meta property=\"og:image\" content=\"https:\/\/gr-100.com\/wp-content\/uploads\/2024\/05\/stumpjumper_evo_expert_t_type_242.jpg\" \/>\n\t<meta property=\"og:image:width\" content=\"1080\" \/>\n\t<meta property=\"og:image:height\" content=\"1080\" \/>\n\t<meta property=\"og:image:type\" content=\"image\/jpeg\" \/>\n<meta name=\"twitter:card\" content=\"summary_large_image\" \/>\n<meta name=\"twitter:label1\" content=\"Tempo estimado de leitura\" \/>\n\t<meta name=\"twitter:data1\" content=\"3 minutos\" \/>\n<script type=\"application\/ld+json\" class=\"yoast-schema-graph\">{\"@context\":\"https:\/\/schema.org\",\"@graph\":[{\"@type\":\"WebPage\",\"@id\":\"https:\/\/gr-100.com\/pt-pt\/producto\/especialista-stumpjumper-evo-expert-t-type-2024\/\",\"url\":\"https:\/\/gr-100.com\/pt-pt\/producto\/especialista-stumpjumper-evo-expert-t-type-2024\/\",\"name\":\"Specialized Stumpjumper EVO Expert T-Type 2024 GR-100\",\"isPartOf\":{\"@id\":\"https:\/\/gr-100.com\/#website\"},\"primaryImageOfPage\":{\"@id\":\"https:\/\/gr-100.com\/pt-pt\/producto\/especialista-stumpjumper-evo-expert-t-type-2024\/#primaryimage\"},\"image\":{\"@id\":\"https:\/\/gr-100.com\/pt-pt\/producto\/especialista-stumpjumper-evo-expert-t-type-2024\/#primaryimage\"},\"thumbnailUrl\":\"https:\/\/gr-100.com\/wp-content\/uploads\/2024\/05\/stumpjumper_evo_expert_t_type_242.jpg\",\"datePublished\":\"2024-07-01T12:27:11+00:00\",\"dateModified\":\"2025-12-18T14:39:39+00:00\",\"description\":\"A Stumpjumper EVO Expert T-Type 2024 \u00e9 muito mais do que apenas uma moto trail; \u00c9 uma bicicleta projetada para percorrer as trilhas mais bestiais.\",\"breadcrumb\":{\"@id\":\"https:\/\/gr-100.com\/pt-pt\/producto\/especialista-stumpjumper-evo-expert-t-type-2024\/#breadcrumb\"},\"inLanguage\":\"pt-PT\",\"potentialAction\":[{\"@type\":\"ReadAction\",\"target\":[\"https:\/\/gr-100.com\/pt-pt\/producto\/especialista-stumpjumper-evo-expert-t-type-2024\/\"]}]},{\"@type\":\"ImageObject\",\"inLanguage\":\"pt-PT\",\"@id\":\"https:\/\/gr-100.com\/pt-pt\/producto\/especialista-stumpjumper-evo-expert-t-type-2024\/#primaryimage\",\"url\":\"https:\/\/gr-100.com\/wp-content\/uploads\/2024\/05\/stumpjumper_evo_expert_t_type_242.jpg\",\"contentUrl\":\"https:\/\/gr-100.com\/wp-content\/uploads\/2024\/05\/stumpjumper_evo_expert_t_type_242.jpg\",\"width\":1080,\"height\":1080},{\"@type\":\"BreadcrumbList\",\"@id\":\"https:\/\/gr-100.com\/pt-pt\/producto\/especialista-stumpjumper-evo-expert-t-type-2024\/#breadcrumb\",\"itemListElement\":[{\"@type\":\"ListItem\",\"position\":1,\"name\":\"Portada\",\"item\":\"https:\/\/gr-100.com\/en\/\"},{\"@type\":\"ListItem\",\"position\":2,\"name\":\"Productos\",\"item\":\"https:\/\/gr-100.com\/?post_type=product\"},{\"@type\":\"ListItem\",\"position\":3,\"name\":\"Specialized Stumpjumper EVO Expert T-Type 2024\"}]},{\"@type\":\"WebSite\",\"@id\":\"https:\/\/gr-100.com\/#website\",\"url\":\"https:\/\/gr-100.com\/\",\"name\":\"Gr-100 Tienda de ciclismo Specialized\",\"description\":\"GR-100 tenemos todas las gamas de bicicletas Specialized al mejor precio.\",\"publisher\":{\"@id\":\"https:\/\/gr-100.com\/#organization\"},\"alternateName\":\"Gr-100 Bikes\",\"potentialAction\":[{\"@type\":\"SearchAction\",\"target\":{\"@type\":\"EntryPoint\",\"urlTemplate\":\"https:\/\/gr-100.com\/?s={search_term_string}\"},\"query-input\":{\"@type\":\"PropertyValueSpecification\",\"valueRequired\":true,\"valueName\":\"search_term_string\"}}],\"inLanguage\":\"pt-PT\"},{\"@type\":\"Organization\",\"@id\":\"https:\/\/gr-100.com\/#organization\",\"name\":\"Gr-100\",\"url\":\"https:\/\/gr-100.com\/\",\"logo\":{\"@type\":\"ImageObject\",\"inLanguage\":\"pt-PT\",\"@id\":\"https:\/\/gr-100.com\/#\/schema\/logo\/image\/\",\"url\":\"https:\/\/gr-100.com\/wp-content\/uploads\/2023\/08\/logo-gr-100-bikes.png\",\"contentUrl\":\"https:\/\/gr-100.com\/wp-content\/uploads\/2023\/08\/logo-gr-100-bikes.png\",\"width\":707,\"height\":284,\"caption\":\"Gr-100\"},\"image\":{\"@id\":\"https:\/\/gr-100.com\/#\/schema\/logo\/image\/\"},\"sameAs\":[\"https:\/\/www.facebook.com\/Gr100Bikes\",\"https:\/\/www.instagram.com\/gr100bikes\/\",\"https:\/\/www.tiktok.com\/@gr100bikes\",\"https:\/\/twitter.com\/gr100mtbteam\",\"https:\/\/www.youtube.com\/c\/GR100Specialized\"]}]}<\/script>\n<!-- \/ Yoast SEO Premium plugin. -->","yoast_head_json":{"title":"Specialized Stumpjumper EVO Expert T-Type 2024 GR-100","description":"A Stumpjumper EVO Expert T-Type 2024 \u00e9 muito mais do que apenas uma moto trail; \u00c9 uma bicicleta projetada para percorrer as trilhas mais bestiais.","robots":{"index":"index","follow":"follow","max-snippet":"max-snippet:-1","max-image-preview":"max-image-preview:large","max-video-preview":"max-video-preview:-1"},"canonical":"https:\/\/gr-100.com\/pt-pt\/producto\/especialista-stumpjumper-evo-expert-t-type-2024\/","og_locale":"pt_PT","og_type":"article","og_title":"Specialized Stumpjumper EVO Expert T-Type 2024","og_description":"A Stumpjumper EVO Expert T-Type 2024 \u00e9 muito mais do que apenas uma moto trail; \u00c9 uma bicicleta projetada para percorrer as trilhas mais bestiais.","og_url":"https:\/\/gr-100.com\/pt-pt\/producto\/especialista-stumpjumper-evo-expert-t-type-2024\/","og_site_name":"Gr-100 Tienda de ciclismo Specialized","article_publisher":"https:\/\/www.facebook.com\/Gr100Bikes","article_modified_time":"2025-12-18T14:39:39+00:00","og_image":[{"width":1080,"height":1080,"url":"https:\/\/gr-100.com\/wp-content\/uploads\/2024\/05\/stumpjumper_evo_expert_t_type_242.jpg","type":"image\/jpeg"}],"twitter_card":"summary_large_image","twitter_misc":{"Tempo estimado de leitura":"3 minutos"},"schema":{"@context":"https:\/\/schema.org","@graph":[{"@type":"WebPage","@id":"https:\/\/gr-100.com\/pt-pt\/producto\/especialista-stumpjumper-evo-expert-t-type-2024\/","url":"https:\/\/gr-100.com\/pt-pt\/producto\/especialista-stumpjumper-evo-expert-t-type-2024\/","name":"Specialized Stumpjumper EVO Expert T-Type 2024 GR-100","isPartOf":{"@id":"https:\/\/gr-100.com\/#website"},"primaryImageOfPage":{"@id":"https:\/\/gr-100.com\/pt-pt\/producto\/especialista-stumpjumper-evo-expert-t-type-2024\/#primaryimage"},"image":{"@id":"https:\/\/gr-100.com\/pt-pt\/producto\/especialista-stumpjumper-evo-expert-t-type-2024\/#primaryimage"},"thumbnailUrl":"https:\/\/gr-100.com\/wp-content\/uploads\/2024\/05\/stumpjumper_evo_expert_t_type_242.jpg","datePublished":"2024-07-01T12:27:11+00:00","dateModified":"2025-12-18T14:39:39+00:00","description":"A Stumpjumper EVO Expert T-Type 2024 \u00e9 muito mais do que apenas uma moto trail; \u00c9 uma bicicleta projetada para percorrer as trilhas mais bestiais.","breadcrumb":{"@id":"https:\/\/gr-100.com\/pt-pt\/producto\/especialista-stumpjumper-evo-expert-t-type-2024\/#breadcrumb"},"inLanguage":"pt-PT","potentialAction":[{"@type":"ReadAction","target":["https:\/\/gr-100.com\/pt-pt\/producto\/especialista-stumpjumper-evo-expert-t-type-2024\/"]}]},{"@type":"ImageObject","inLanguage":"pt-PT","@id":"https:\/\/gr-100.com\/pt-pt\/producto\/especialista-stumpjumper-evo-expert-t-type-2024\/#primaryimage","url":"https:\/\/gr-100.com\/wp-content\/uploads\/2024\/05\/stumpjumper_evo_expert_t_type_242.jpg","contentUrl":"https:\/\/gr-100.com\/wp-content\/uploads\/2024\/05\/stumpjumper_evo_expert_t_type_242.jpg","width":1080,"height":1080},{"@type":"BreadcrumbList","@id":"https:\/\/gr-100.com\/pt-pt\/producto\/especialista-stumpjumper-evo-expert-t-type-2024\/#breadcrumb","itemListElement":[{"@type":"ListItem","position":1,"name":"Portada","item":"https:\/\/gr-100.com\/en\/"},{"@type":"ListItem","position":2,"name":"Productos","item":"https:\/\/gr-100.com\/?post_type=product"},{"@type":"ListItem","position":3,"name":"Specialized Stumpjumper EVO Expert T-Type 2024"}]},{"@type":"WebSite","@id":"https:\/\/gr-100.com\/#website","url":"https:\/\/gr-100.com\/","name":"Gr-100 Tienda de ciclismo Specialized","description":"GR-100 tenemos todas las gamas de bicicletas Specialized al mejor precio.","publisher":{"@id":"https:\/\/gr-100.com\/#organization"},"alternateName":"Gr-100 Bikes","potentialAction":[{"@type":"SearchAction","target":{"@type":"EntryPoint","urlTemplate":"https:\/\/gr-100.com\/?s={search_term_string}"},"query-input":{"@type":"PropertyValueSpecification","valueRequired":true,"valueName":"search_term_string"}}],"inLanguage":"pt-PT"},{"@type":"Organization","@id":"https:\/\/gr-100.com\/#organization","name":"Gr-100","url":"https:\/\/gr-100.com\/","logo":{"@type":"ImageObject","inLanguage":"pt-PT","@id":"https:\/\/gr-100.com\/#\/schema\/logo\/image\/","url":"https:\/\/gr-100.com\/wp-content\/uploads\/2023\/08\/logo-gr-100-bikes.png","contentUrl":"https:\/\/gr-100.com\/wp-content\/uploads\/2023\/08\/logo-gr-100-bikes.png","width":707,"height":284,"caption":"Gr-100"},"image":{"@id":"https:\/\/gr-100.com\/#\/schema\/logo\/image\/"},"sameAs":["https:\/\/www.facebook.com\/Gr100Bikes","https:\/\/www.instagram.com\/gr100bikes\/","https:\/\/www.tiktok.com\/@gr100bikes","https:\/\/twitter.com\/gr100mtbteam","https:\/\/www.youtube.com\/c\/GR100Specialized"]}]}},"_links":{"self":[{"href":"https:\/\/gr-100.com\/pt-pt\/wp-json\/wp\/v2\/product\/380290","targetHints":{"allow":["GET"]}}],"collection":[{"href":"https:\/\/gr-100.com\/pt-pt\/wp-json\/wp\/v2\/product"}],"about":[{"href":"https:\/\/gr-100.com\/pt-pt\/wp-json\/wp\/v2\/types\/product"}],"replies":[{"embeddable":true,"href":"https:\/\/gr-100.com\/pt-pt\/wp-json\/wp\/v2\/comments?post=380290"}],"wp:featuredmedia":[{"embeddable":true,"href":"https:\/\/gr-100.com\/pt-pt\/wp-json\/wp\/v2\/media\/306115"}],"wp:attachment":[{"href":"https:\/\/gr-100.com\/pt-pt\/wp-json\/wp\/v2\/media?parent=380290"}],"wp:term":[{"taxonomy":"product_brand","embeddable":true,"href":"https:\/\/gr-100.com\/pt-pt\/wp-json\/wp\/v2\/product_brand?post=380290"},{"taxonomy":"product_cat","embeddable":true,"href":"https:\/\/gr-100.com\/pt-pt\/wp-json\/wp\/v2\/product_cat?post=380290"},{"taxonomy":"product_tag","embeddable":true,"href":"https:\/\/gr-100.com\/pt-pt\/wp-json\/wp\/v2\/product_tag?post=380290"}],"curies":[{"name":"wp","href":"https:\/\/api.w.org\/{rel}","templated":true}]}}