{"id":380367,"date":"2024-07-01T14:08:09","date_gmt":"2024-07-01T12:08:09","guid":{"rendered":"https:\/\/gr-100.com\/producto\/especialista-stumpjumper-evo-s-works-frameset-2024\/"},"modified":"2025-09-22T16:45:07","modified_gmt":"2025-09-22T14:45:07","slug":"especialista-stumpjumper-evo-s-works-frameset-2024","status":"publish","type":"product","link":"https:\/\/gr-100.com\/pt-pt\/producto\/especialista-stumpjumper-evo-s-works-frameset-2024\/","title":{"rendered":"Especialista Stumpjumper EVO S-Works Frameset 2024"},"content":{"rendered":"<p>O S-Works Stumpjumper EVO \u00e9 a tela perfeita.<br \/>\nConstrua a sua bicicleta de sonho totalmente personalizada, torne-a realidade e divirta-se.  Estrutura: FACT Chassis de carbono de 11m e traseira, design assim\u00e9trico, geometria de trilha 29\/27.5, integra\u00e7\u00e3o com porta SWAT\u2122, ajuste de \u00e2ngulo do tubo de cabe\u00e7a, ajuste BB de piv\u00f4 horst, BB roscado, roteamento de cabo interno totalmente fechado, sa\u00eddas de 12x148mm, piv\u00f4s de rolamento de cartucho selado, gancho derailleur substitu\u00edvel, 150mm de curso Fecho do espig\u00e3o: Liga, 38,6 mm Choque: FOX FLOAT X2 Factory, Rx Trail Tune, alavanca aberta\/firme de 2 posi\u00e7\u00f5es,  Ajuste HSC, LSC, HSR e LSR, S1:210x50mm, S2-S6:210x55mm Peso aproximado no tamanho 54: 3.32kg (7 lb, 5.1 oz)<\/p>\n","protected":false},"excerpt":{"rendered":"<p>A S-Works Stumpjumper EVO \u00e9 muito mais do que apenas uma bicicleta de trilha; \u00c9 constru\u00eddo para percorrer as trilhas mais sinuosas.<br \/>\nCom um design totalmente novo, com um \u00e2ngulo de tubo de cabe\u00e7a ajust\u00e1vel, 150 mm de curso otimizado em termos de desempenho e a adaptabilidade do tamanho S, isto \u00e9 absolutamente espetacular. <\/p>\n","protected":false},"featured_media":305375,"comment_status":"closed","ping_status":"closed","template":"","meta":{"_acf_changed":false,"_et_pb_use_builder":"","_et_pb_old_content":"","_et_gb_content_width":"","inline_featured_image":false},"product_brand":[],"product_cat":[2459,402,2460,2696,403],"product_tag":[],"class_list":{"0":"post-380367","1":"product","2":"type-product","3":"status-publish","4":"has-post-thumbnail","6":"product_cat-bicicletas-pt-pt-2","7":"product_cat-montanha","8":"product_cat-ofertas-pt-pt","9":"product_cat-ofertas-especializadas","10":"product_cat-outlet-pt-pt","11":"product_shipping_class-bicicletas-pt-pt","13":"first","14":"outofstock","15":"taxable","16":"shipping-taxable","17":"product-type-variable","18":"wvs-archive-product-wrapper"},"acf":[],"yoast_head":"<!-- This site is optimized with the Yoast SEO Premium plugin v26.7 (Yoast SEO v26.7) - https:\/\/yoast.com\/wordpress\/plugins\/seo\/ -->\n<title>Especialista Stumpjumper EVO S-Works Frameset 2024<\/title>\n<meta name=\"description\" content=\"O S-Works Stumpjumper EVO \u00e9 a tela perfeita. Construa a sua bicicleta de sonho totalmente personalizada, torne-a realidade e divirta-se.\" \/>\n<meta name=\"robots\" content=\"index, follow, max-snippet:-1, max-image-preview:large, max-video-preview:-1\" \/>\n<link rel=\"canonical\" href=\"https:\/\/gr-100.com\/pt-pt\/producto\/especialista-stumpjumper-evo-s-works-frameset-2024\/\" \/>\n<meta property=\"og:locale\" content=\"pt_PT\" \/>\n<meta property=\"og:type\" content=\"article\" \/>\n<meta property=\"og:title\" content=\"Especialista Stumpjumper EVO S-Works Frameset 2024\" \/>\n<meta property=\"og:description\" content=\"O S-Works Stumpjumper EVO \u00e9 a tela perfeita. Construa a sua bicicleta de sonho totalmente personalizada, torne-a realidade e divirta-se.\" \/>\n<meta property=\"og:url\" content=\"https:\/\/gr-100.com\/pt-pt\/producto\/especialista-stumpjumper-evo-s-works-frameset-2024\/\" \/>\n<meta property=\"og:site_name\" content=\"Gr-100 Tienda de ciclismo Specialized\" \/>\n<meta property=\"article:publisher\" content=\"https:\/\/www.facebook.com\/Gr100Bikes\" \/>\n<meta property=\"article:modified_time\" content=\"2025-09-22T14:45:07+00:00\" \/>\n<meta property=\"og:image\" content=\"https:\/\/gr-100.com\/wp-content\/uploads\/2024\/05\/S-Works-Stumpjumper-EVO-SATIN-SULPHUR-BRASSY-YELLOE-OLIVE-GREEN-OBSIDIAN-METALLIC-OBSIDIAN-1.jpg\" \/>\n\t<meta property=\"og:image:width\" content=\"1000\" \/>\n\t<meta property=\"og:image:height\" content=\"1000\" \/>\n\t<meta property=\"og:image:type\" content=\"image\/jpeg\" \/>\n<meta name=\"twitter:card\" content=\"summary_large_image\" \/>\n<meta name=\"twitter:label1\" content=\"Tempo estimado de leitura\" \/>\n\t<meta name=\"twitter:data1\" content=\"1 minuto\" \/>\n<script type=\"application\/ld+json\" class=\"yoast-schema-graph\">{\"@context\":\"https:\/\/schema.org\",\"@graph\":[{\"@type\":\"WebPage\",\"@id\":\"https:\/\/gr-100.com\/pt-pt\/producto\/especialista-stumpjumper-evo-s-works-frameset-2024\/\",\"url\":\"https:\/\/gr-100.com\/pt-pt\/producto\/especialista-stumpjumper-evo-s-works-frameset-2024\/\",\"name\":\"Especialista Stumpjumper EVO S-Works Frameset 2024\",\"isPartOf\":{\"@id\":\"https:\/\/gr-100.com\/#website\"},\"primaryImageOfPage\":{\"@id\":\"https:\/\/gr-100.com\/pt-pt\/producto\/especialista-stumpjumper-evo-s-works-frameset-2024\/#primaryimage\"},\"image\":{\"@id\":\"https:\/\/gr-100.com\/pt-pt\/producto\/especialista-stumpjumper-evo-s-works-frameset-2024\/#primaryimage\"},\"thumbnailUrl\":\"https:\/\/gr-100.com\/wp-content\/uploads\/2024\/05\/S-Works-Stumpjumper-EVO-SATIN-SULPHUR-BRASSY-YELLOE-OLIVE-GREEN-OBSIDIAN-METALLIC-OBSIDIAN-1.jpg\",\"datePublished\":\"2024-07-01T12:08:09+00:00\",\"dateModified\":\"2025-09-22T14:45:07+00:00\",\"description\":\"O S-Works Stumpjumper EVO \u00e9 a tela perfeita. Construa a sua bicicleta de sonho totalmente personalizada, torne-a realidade e divirta-se.\",\"breadcrumb\":{\"@id\":\"https:\/\/gr-100.com\/pt-pt\/producto\/especialista-stumpjumper-evo-s-works-frameset-2024\/#breadcrumb\"},\"inLanguage\":\"pt-PT\",\"potentialAction\":[{\"@type\":\"ReadAction\",\"target\":[\"https:\/\/gr-100.com\/pt-pt\/producto\/especialista-stumpjumper-evo-s-works-frameset-2024\/\"]}]},{\"@type\":\"ImageObject\",\"inLanguage\":\"pt-PT\",\"@id\":\"https:\/\/gr-100.com\/pt-pt\/producto\/especialista-stumpjumper-evo-s-works-frameset-2024\/#primaryimage\",\"url\":\"https:\/\/gr-100.com\/wp-content\/uploads\/2024\/05\/S-Works-Stumpjumper-EVO-SATIN-SULPHUR-BRASSY-YELLOE-OLIVE-GREEN-OBSIDIAN-METALLIC-OBSIDIAN-1.jpg\",\"contentUrl\":\"https:\/\/gr-100.com\/wp-content\/uploads\/2024\/05\/S-Works-Stumpjumper-EVO-SATIN-SULPHUR-BRASSY-YELLOE-OLIVE-GREEN-OBSIDIAN-METALLIC-OBSIDIAN-1.jpg\",\"width\":1000,\"height\":1000},{\"@type\":\"BreadcrumbList\",\"@id\":\"https:\/\/gr-100.com\/pt-pt\/producto\/especialista-stumpjumper-evo-s-works-frameset-2024\/#breadcrumb\",\"itemListElement\":[{\"@type\":\"ListItem\",\"position\":1,\"name\":\"Portada\",\"item\":\"https:\/\/gr-100.com\/en\/\"},{\"@type\":\"ListItem\",\"position\":2,\"name\":\"Productos\",\"item\":\"https:\/\/gr-100.com\/?post_type=product\"},{\"@type\":\"ListItem\",\"position\":3,\"name\":\"Especialista Stumpjumper EVO S-Works Frameset 2024\"}]},{\"@type\":\"WebSite\",\"@id\":\"https:\/\/gr-100.com\/#website\",\"url\":\"https:\/\/gr-100.com\/\",\"name\":\"Gr-100 Tienda de ciclismo Specialized\",\"description\":\"GR-100 tenemos todas las gamas de bicicletas Specialized al mejor precio.\",\"publisher\":{\"@id\":\"https:\/\/gr-100.com\/#organization\"},\"alternateName\":\"Gr-100 Bikes\",\"potentialAction\":[{\"@type\":\"SearchAction\",\"target\":{\"@type\":\"EntryPoint\",\"urlTemplate\":\"https:\/\/gr-100.com\/?s={search_term_string}\"},\"query-input\":{\"@type\":\"PropertyValueSpecification\",\"valueRequired\":true,\"valueName\":\"search_term_string\"}}],\"inLanguage\":\"pt-PT\"},{\"@type\":\"Organization\",\"@id\":\"https:\/\/gr-100.com\/#organization\",\"name\":\"Gr-100\",\"url\":\"https:\/\/gr-100.com\/\",\"logo\":{\"@type\":\"ImageObject\",\"inLanguage\":\"pt-PT\",\"@id\":\"https:\/\/gr-100.com\/#\/schema\/logo\/image\/\",\"url\":\"https:\/\/gr-100.com\/wp-content\/uploads\/2023\/08\/logo-gr-100-bikes.png\",\"contentUrl\":\"https:\/\/gr-100.com\/wp-content\/uploads\/2023\/08\/logo-gr-100-bikes.png\",\"width\":707,\"height\":284,\"caption\":\"Gr-100\"},\"image\":{\"@id\":\"https:\/\/gr-100.com\/#\/schema\/logo\/image\/\"},\"sameAs\":[\"https:\/\/www.facebook.com\/Gr100Bikes\",\"https:\/\/www.instagram.com\/gr100bikes\/\",\"https:\/\/www.tiktok.com\/@gr100bikes\",\"https:\/\/twitter.com\/gr100mtbteam\",\"https:\/\/www.youtube.com\/c\/GR100Specialized\"]}]}<\/script>\n<!-- \/ Yoast SEO Premium plugin. -->","yoast_head_json":{"title":"Especialista Stumpjumper EVO S-Works Frameset 2024","description":"O S-Works Stumpjumper EVO \u00e9 a tela perfeita. Construa a sua bicicleta de sonho totalmente personalizada, torne-a realidade e divirta-se.","robots":{"index":"index","follow":"follow","max-snippet":"max-snippet:-1","max-image-preview":"max-image-preview:large","max-video-preview":"max-video-preview:-1"},"canonical":"https:\/\/gr-100.com\/pt-pt\/producto\/especialista-stumpjumper-evo-s-works-frameset-2024\/","og_locale":"pt_PT","og_type":"article","og_title":"Especialista Stumpjumper EVO S-Works Frameset 2024","og_description":"O S-Works Stumpjumper EVO \u00e9 a tela perfeita. Construa a sua bicicleta de sonho totalmente personalizada, torne-a realidade e divirta-se.","og_url":"https:\/\/gr-100.com\/pt-pt\/producto\/especialista-stumpjumper-evo-s-works-frameset-2024\/","og_site_name":"Gr-100 Tienda de ciclismo Specialized","article_publisher":"https:\/\/www.facebook.com\/Gr100Bikes","article_modified_time":"2025-09-22T14:45:07+00:00","og_image":[{"width":1000,"height":1000,"url":"https:\/\/gr-100.com\/wp-content\/uploads\/2024\/05\/S-Works-Stumpjumper-EVO-SATIN-SULPHUR-BRASSY-YELLOE-OLIVE-GREEN-OBSIDIAN-METALLIC-OBSIDIAN-1.jpg","type":"image\/jpeg"}],"twitter_card":"summary_large_image","twitter_misc":{"Tempo estimado de leitura":"1 minuto"},"schema":{"@context":"https:\/\/schema.org","@graph":[{"@type":"WebPage","@id":"https:\/\/gr-100.com\/pt-pt\/producto\/especialista-stumpjumper-evo-s-works-frameset-2024\/","url":"https:\/\/gr-100.com\/pt-pt\/producto\/especialista-stumpjumper-evo-s-works-frameset-2024\/","name":"Especialista Stumpjumper EVO S-Works Frameset 2024","isPartOf":{"@id":"https:\/\/gr-100.com\/#website"},"primaryImageOfPage":{"@id":"https:\/\/gr-100.com\/pt-pt\/producto\/especialista-stumpjumper-evo-s-works-frameset-2024\/#primaryimage"},"image":{"@id":"https:\/\/gr-100.com\/pt-pt\/producto\/especialista-stumpjumper-evo-s-works-frameset-2024\/#primaryimage"},"thumbnailUrl":"https:\/\/gr-100.com\/wp-content\/uploads\/2024\/05\/S-Works-Stumpjumper-EVO-SATIN-SULPHUR-BRASSY-YELLOE-OLIVE-GREEN-OBSIDIAN-METALLIC-OBSIDIAN-1.jpg","datePublished":"2024-07-01T12:08:09+00:00","dateModified":"2025-09-22T14:45:07+00:00","description":"O S-Works Stumpjumper EVO \u00e9 a tela perfeita. Construa a sua bicicleta de sonho totalmente personalizada, torne-a realidade e divirta-se.","breadcrumb":{"@id":"https:\/\/gr-100.com\/pt-pt\/producto\/especialista-stumpjumper-evo-s-works-frameset-2024\/#breadcrumb"},"inLanguage":"pt-PT","potentialAction":[{"@type":"ReadAction","target":["https:\/\/gr-100.com\/pt-pt\/producto\/especialista-stumpjumper-evo-s-works-frameset-2024\/"]}]},{"@type":"ImageObject","inLanguage":"pt-PT","@id":"https:\/\/gr-100.com\/pt-pt\/producto\/especialista-stumpjumper-evo-s-works-frameset-2024\/#primaryimage","url":"https:\/\/gr-100.com\/wp-content\/uploads\/2024\/05\/S-Works-Stumpjumper-EVO-SATIN-SULPHUR-BRASSY-YELLOE-OLIVE-GREEN-OBSIDIAN-METALLIC-OBSIDIAN-1.jpg","contentUrl":"https:\/\/gr-100.com\/wp-content\/uploads\/2024\/05\/S-Works-Stumpjumper-EVO-SATIN-SULPHUR-BRASSY-YELLOE-OLIVE-GREEN-OBSIDIAN-METALLIC-OBSIDIAN-1.jpg","width":1000,"height":1000},{"@type":"BreadcrumbList","@id":"https:\/\/gr-100.com\/pt-pt\/producto\/especialista-stumpjumper-evo-s-works-frameset-2024\/#breadcrumb","itemListElement":[{"@type":"ListItem","position":1,"name":"Portada","item":"https:\/\/gr-100.com\/en\/"},{"@type":"ListItem","position":2,"name":"Productos","item":"https:\/\/gr-100.com\/?post_type=product"},{"@type":"ListItem","position":3,"name":"Especialista Stumpjumper EVO S-Works Frameset 2024"}]},{"@type":"WebSite","@id":"https:\/\/gr-100.com\/#website","url":"https:\/\/gr-100.com\/","name":"Gr-100 Tienda de ciclismo Specialized","description":"GR-100 tenemos todas las gamas de bicicletas Specialized al mejor precio.","publisher":{"@id":"https:\/\/gr-100.com\/#organization"},"alternateName":"Gr-100 Bikes","potentialAction":[{"@type":"SearchAction","target":{"@type":"EntryPoint","urlTemplate":"https:\/\/gr-100.com\/?s={search_term_string}"},"query-input":{"@type":"PropertyValueSpecification","valueRequired":true,"valueName":"search_term_string"}}],"inLanguage":"pt-PT"},{"@type":"Organization","@id":"https:\/\/gr-100.com\/#organization","name":"Gr-100","url":"https:\/\/gr-100.com\/","logo":{"@type":"ImageObject","inLanguage":"pt-PT","@id":"https:\/\/gr-100.com\/#\/schema\/logo\/image\/","url":"https:\/\/gr-100.com\/wp-content\/uploads\/2023\/08\/logo-gr-100-bikes.png","contentUrl":"https:\/\/gr-100.com\/wp-content\/uploads\/2023\/08\/logo-gr-100-bikes.png","width":707,"height":284,"caption":"Gr-100"},"image":{"@id":"https:\/\/gr-100.com\/#\/schema\/logo\/image\/"},"sameAs":["https:\/\/www.facebook.com\/Gr100Bikes","https:\/\/www.instagram.com\/gr100bikes\/","https:\/\/www.tiktok.com\/@gr100bikes","https:\/\/twitter.com\/gr100mtbteam","https:\/\/www.youtube.com\/c\/GR100Specialized"]}]}},"_links":{"self":[{"href":"https:\/\/gr-100.com\/pt-pt\/wp-json\/wp\/v2\/product\/380367","targetHints":{"allow":["GET"]}}],"collection":[{"href":"https:\/\/gr-100.com\/pt-pt\/wp-json\/wp\/v2\/product"}],"about":[{"href":"https:\/\/gr-100.com\/pt-pt\/wp-json\/wp\/v2\/types\/product"}],"replies":[{"embeddable":true,"href":"https:\/\/gr-100.com\/pt-pt\/wp-json\/wp\/v2\/comments?post=380367"}],"wp:featuredmedia":[{"embeddable":true,"href":"https:\/\/gr-100.com\/pt-pt\/wp-json\/wp\/v2\/media\/305375"}],"wp:attachment":[{"href":"https:\/\/gr-100.com\/pt-pt\/wp-json\/wp\/v2\/media?parent=380367"}],"wp:term":[{"taxonomy":"product_brand","embeddable":true,"href":"https:\/\/gr-100.com\/pt-pt\/wp-json\/wp\/v2\/product_brand?post=380367"},{"taxonomy":"product_cat","embeddable":true,"href":"https:\/\/gr-100.com\/pt-pt\/wp-json\/wp\/v2\/product_cat?post=380367"},{"taxonomy":"product_tag","embeddable":true,"href":"https:\/\/gr-100.com\/pt-pt\/wp-json\/wp\/v2\/product_tag?post=380367"}],"curies":[{"name":"wp","href":"https:\/\/api.w.org\/{rel}","templated":true}]}}