{"id":380392,"date":"2024-07-01T13:59:07","date_gmt":"2024-07-01T11:59:07","guid":{"rendered":"https:\/\/gr-100.com\/producto\/especializada-s-works-epic-evo-ltd-2023\/"},"modified":"2025-12-18T16:39:23","modified_gmt":"2025-12-18T14:39:23","slug":"especializada-s-works-epic-evo-ltd-2023","status":"publish","type":"product","link":"https:\/\/gr-100.com\/pt-pt\/producto\/especializada-s-works-epic-evo-ltd-2023\/","title":{"rendered":"Specialized S-Works Epic EVO LTD 2023"},"content":{"rendered":"<ul>\n<li>Embora o Epic EVO tenha um aumento aparentemente modesto de 20 mil\u00edmetros no curso da suspens\u00e3o dianteira em rela\u00e7\u00e3o ao seu companheiro Epic e apenas 10 mil\u00edmetros na traseira, trabalhamos horas extras para garantir que ele tenha sido implementado de uma forma que fa\u00e7a voc\u00ea dizer &#8220;Uau!<\/li>\n<li>A nova cinem\u00e1tica da suspens\u00e3o do EVO, concebida para manter o Epic o mais eficiente poss\u00edvel, trabalha em conjunto com a suspens\u00e3o dianteira e traseira personalizada do Rx XC Tune para garantir que pode tirar o m\u00e1ximo partido de cada cent\u00edmetro de viagem, ao mesmo tempo que oferece funcionalidades anti-agachamento para melhorar a efici\u00eancia das pedaladas.<\/li>\n<li>O Epic EVO \u00e9 agora a vers\u00e3o mais capaz do nosso Progressive XC Geometry alguma vez propriedade de um Epic.<br \/>\n\u00c9 tamb\u00e9m mais vers\u00e1til do que nunca gra\u00e7as a um novo eixo traseiro equipado com um chip flip que permite aos pilotos ajustar o \u00e2ngulo do tubo de cabe\u00e7a e a altura do suporte inferior para personalizar facilmente as caracter\u00edsticas de condu\u00e7\u00e3o do Epic EVO. <\/li>\n<li>Para o S-Works Epic EVO LTD, tamb\u00e9m garantimos que cada \u00faltimo componente que tenha a honra de montar em seu quadro de carbono FACT 12m seja igualmente dedicado a encontrar o equil\u00edbrio final entre leveza, efici\u00eancia e capacidade.<br \/>\nComo prova disso, basta dar uma olhada na obra-prima &#8220;mais r\u00edgida, mais leve, mais forte&#8221; que \u00e9 o novo conjunto de rodas Roval Control SL, e o conjunto eletr\u00f4nico XX Eagle AXS da SRAM, leve para XC mas forte para trail, e o poste conta-gotas sem fio Reverb AXS operado eletronicamente. <\/li>\n<li>Inverta-o para esmagar: Sintonize o quadro em carbono FACT de 11 m do Epic EVO para se adequar \u00e0s suas caracter\u00edsticas de condu\u00e7\u00e3o preferidas com a simplicidade do flip-chip, que permite aos condutores reduzir o \u00e2ngulo do tubo da cabe\u00e7a do EVO em meio grau, reduzindo a altura do suporte inferior em 10 mil\u00edmetros.<\/li>\n<li>Combinando a estrutura r\u00edgida leve SID Ultimate com o choque Charger Race Day mais leve da RockShox at\u00e9 \u00e0 data, cria um pacote impressionante, reduzindo o peso sem sacrificar n\u00edveis verdadeiramente incr\u00edveis de desempenho, precis\u00e3o e controlo.<\/li>\n<li>O topo do desempenho da cadeia cinem\u00e1tica, o SRAM XX Eagle AXS combina tecnologia sem fios de \u00faltima gera\u00e7\u00e3o, desempenho de mudan\u00e7as incrivelmente preciso e versatilidade revolucion\u00e1ria para redefinir drasticamente a experi\u00eancia de condu\u00e7\u00e3o.<\/li>\n<li>Criadas especificamente para se adequarem \u00e0 maior efici\u00eancia do Epic, as jantes Roval Control SL introduzem um novo perfil de jante que apresenta uma largura interna de 29 mil\u00edmetros e n\u00e3o s\u00f3 aumenta a for\u00e7a e reduz o peso, como tamb\u00e9m melhora a resist\u00eancia a furos de uma jante em 22%.<\/li>\n<li>\n<ul>\n<li>SELIM<\/li>\n<li>Body Geometry S-Works Power, trilhos de fibra de carbono, base de fibra de carbono<\/li>\n<li>ESPIG\u00c3O ASSENTO<\/li>\n<li>RockShox Reverbera\u00e7\u00e3o AXS, 30.9mm, S: 125, M: 150, L\/XL: 170mm<\/li>\n<li>GUID\u00c3O<\/li>\n<li>Roval Guiador de carbono Control Rise, 760mm de largura, 20mm de eleva\u00e7\u00e3o, 35mm<\/li>\n<li>FITA FITA<\/li>\n<li>Specialized Punhos de trilha<\/li>\n<li>POT\u00caNCIA<\/li>\n<li>TruVativ Descendente 35, bra\u00e7adeira de 35mm, 60mm<\/li>\n<li>Rodas e Pneus<\/li>\n<li>R\u00c1DIOS<\/li>\n<li>DT Aerolite Su\u00ed\u00e7a<\/li>\n<li>Pneus<\/li>\n<li>Roval SL Control, Design de compensa\u00e7\u00e3o de carbono, largura interna de 29mm, largura do gancho de 4mm, pronto para tubeless, 24h<\/li>\n<li>CUBO TRASEIRO<\/li>\n<li>Roval Control SL, DT Swiss 180 Internals, DT Swiss Ratchet EXP, Rolamentos cer\u00e2micos, eixo thru de 12mm, espa\u00e7amento de 148mm, tra\u00e7\u00e3o reta de 24h<\/li>\n<li>CUBO FRONTAL<\/li>\n<li>Roval Control SL, DT Swiss Internals, Rolamentos cer\u00e2micos, 6 parafusos, eixo thru de 15 mm, espa\u00e7amento de 110 mm, tra\u00e7\u00e3o reta de 24 horas<\/li>\n<li>PNEU TRASEIRO<\/li>\n<li>Specialized Controlo \u00e0 terra, Caixa GRID, Composto T7, 29&#215;2.35<\/li>\n<li>PNEU.<\/li>\n<li>Specialized Controlo \u00e0 terra, Caixa GRID, Composto T7, 29&#215;2.35<\/li>\n<li>C\u00c2MARAS<\/li>\n<li>Specialized Tubo turbo<\/li>\n<li>Suspens\u00e3o<\/li>\n<li>AMORTECEDOR<\/li>\n<li>RockShox SID LUXE ULTIMATE, Rx XC Tune, Duas Posi\u00e7\u00f5es, Rebound Adjust, 190x40mm<\/li>\n<li>GARFO<\/li>\n<li>Rockshox SID ULTIMATE, Carregador Race Day Damper, Debon Air, 15x110mm, 44mm offset, 120mm Viagem<\/li>\n<\/ul>\n<ul>\n<li>IMAGEM<\/li>\n<li>S-Works FACTO 12m Carbono, Geometria XC Progressiva, Rider-First Engineered\u2122, BB roscado, espa\u00e7amento traseiro compat\u00edvel com UDH 12x148mm, roteamento de cabos internos, 110mm de curso<\/li>\n<li>SELIM<\/li>\n<li>Specialized Liga 34.9, Parafuso de tit\u00e2nio<\/li>\n<li>Conjunto propulsor<\/li>\n<li>CONTROLOS DE MUDAN\u00c7A DE VELOCIDADE<\/li>\n<li>SRAM Controlador AXS POD<\/li>\n<li><\/li>\n<li>SRAM XX \u00c1guia SL 10-52t<\/li>\n<li>SUPORTE INFERIOR<\/li>\n<li>SRAM DUB, BSA 73mm, roscado<\/li>\n<li>CADEIA<\/li>\n<li>SRAM XX SL Eagle Topo Plano<\/li>\n<li>MUDAN\u00c7A<\/li>\n<li>SRAM XX SL Eagle Topo Plano<\/li>\n<li>SUPORTE INFERIOR<\/li>\n<li>SRAM XX SL Virabrequim \u00c1guia, 170mm\/175mm<\/li>\n<li>PRATOS<\/li>\n<li>32 t<\/li>\n<li>Trav\u00f5es<\/li>\n<li>TRAV\u00c3O TRASEIRO<\/li>\n<li>SRAM N\u00edvel Ultimate Stealth, pin\u00e7a de 4 pist\u00f5es, disco hidr\u00e1ulico, rotor de 180 mm<\/li>\n<li>TRAV\u00c3O DIANTEIRO<\/li>\n<li>SRAM N\u00edvel Ultimate Stealth, pin\u00e7a de 4 pist\u00f5es, disco hidr\u00e1ulico, rotor de 180 mm<\/li>\n<li>Peso<\/li>\n<li>5kg (23 lb, 2,4 on\u00e7as)<\/li>\n<li>Tamanho do peso<\/li>\n<li>MD<\/li>\n<\/ul>\n<\/li>\n<\/ul>\n","protected":false},"excerpt":{"rendered":"<p>Sabe o que dizem: quando os gramas desaparecem, a velocidade entra em jogo.<br \/>\nCom o quadro EVO mais leve que alguma vez cri\u00e1mos e a vers\u00e3o mais agressiva do nosso Progressive XC Geometry at\u00e9 \u00e0 data, a S-Works Epic EVO LTD montou uma constru\u00e7\u00e3o de sonho para proporcionar uma rela\u00e7\u00e3o &#8220;capacidade\/peso&#8221; que salta de deslumbrante para alucinante <\/p>\n","protected":false},"featured_media":304848,"comment_status":"closed","ping_status":"closed","template":"","meta":{"_acf_changed":false,"_et_pb_use_builder":"","_et_pb_old_content":"","_et_gb_content_width":"","inline_featured_image":false},"product_brand":[],"product_cat":[2459,402,2460,2461,2696],"product_tag":[],"class_list":{"0":"post-380392","1":"product","2":"type-product","3":"status-publish","4":"has-post-thumbnail","6":"product_cat-bicicletas-pt-pt-2","7":"product_cat-montanha","8":"product_cat-ofertas-pt-pt","9":"product_cat-oferta-montanha","10":"product_cat-ofertas-especializadas","11":"product_shipping_class-bicicletas-pt-pt","13":"first","14":"outofstock","15":"taxable","16":"shipping-taxable","17":"product-type-variable","18":"wvs-archive-product-wrapper"},"acf":[],"yoast_head":"<!-- This site is optimized with the Yoast SEO Premium plugin v26.7 (Yoast SEO v26.7) - https:\/\/yoast.com\/wordpress\/plugins\/seo\/ -->\n<title>Specialized S-Works Epic EVO LTD 2023 GR100<\/title>\n<meta name=\"description\" content=\"Embora o Epic EVO tenha um aumento aparentemente modesto de 20 mil\u00edmetros no curso da suspens\u00e3o dianteira em rela\u00e7\u00e3o ao seu companheiro\" \/>\n<meta name=\"robots\" content=\"index, follow, max-snippet:-1, max-image-preview:large, max-video-preview:-1\" \/>\n<link rel=\"canonical\" href=\"https:\/\/gr-100.com\/pt-pt\/producto\/especializada-s-works-epic-evo-ltd-2023\/\" \/>\n<meta property=\"og:locale\" content=\"pt_PT\" \/>\n<meta property=\"og:type\" content=\"article\" \/>\n<meta property=\"og:title\" content=\"Specialized S-Works Epic EVO LTD 2023\" \/>\n<meta property=\"og:description\" content=\"Embora o Epic EVO tenha um aumento aparentemente modesto de 20 mil\u00edmetros no curso da suspens\u00e3o dianteira em rela\u00e7\u00e3o ao seu companheiro\" \/>\n<meta property=\"og:url\" content=\"https:\/\/gr-100.com\/pt-pt\/producto\/especializada-s-works-epic-evo-ltd-2023\/\" \/>\n<meta property=\"og:site_name\" content=\"Gr-100 Tienda de ciclismo Specialized\" \/>\n<meta property=\"article:publisher\" content=\"https:\/\/www.facebook.com\/Gr100Bikes\" \/>\n<meta property=\"article:modified_time\" content=\"2025-12-18T14:39:23+00:00\" \/>\n<meta property=\"og:image\" content=\"https:\/\/gr-100.com\/wp-content\/uploads\/2024\/05\/1-1-Screenshot-of-S-Works-E.jpg\" \/>\n\t<meta property=\"og:image:width\" content=\"1000\" \/>\n\t<meta property=\"og:image:height\" content=\"1000\" \/>\n\t<meta property=\"og:image:type\" content=\"image\/jpeg\" \/>\n<meta name=\"twitter:card\" content=\"summary_large_image\" \/>\n<meta name=\"twitter:label1\" content=\"Tempo estimado de leitura\" \/>\n\t<meta name=\"twitter:data1\" content=\"4 minutos\" \/>\n<script type=\"application\/ld+json\" class=\"yoast-schema-graph\">{\"@context\":\"https:\/\/schema.org\",\"@graph\":[{\"@type\":\"WebPage\",\"@id\":\"https:\/\/gr-100.com\/pt-pt\/producto\/especializada-s-works-epic-evo-ltd-2023\/\",\"url\":\"https:\/\/gr-100.com\/pt-pt\/producto\/especializada-s-works-epic-evo-ltd-2023\/\",\"name\":\"Specialized S-Works Epic EVO LTD 2023 GR100\",\"isPartOf\":{\"@id\":\"https:\/\/gr-100.com\/#website\"},\"primaryImageOfPage\":{\"@id\":\"https:\/\/gr-100.com\/pt-pt\/producto\/especializada-s-works-epic-evo-ltd-2023\/#primaryimage\"},\"image\":{\"@id\":\"https:\/\/gr-100.com\/pt-pt\/producto\/especializada-s-works-epic-evo-ltd-2023\/#primaryimage\"},\"thumbnailUrl\":\"https:\/\/gr-100.com\/wp-content\/uploads\/2024\/05\/1-1-Screenshot-of-S-Works-E.jpg\",\"datePublished\":\"2024-07-01T11:59:07+00:00\",\"dateModified\":\"2025-12-18T14:39:23+00:00\",\"description\":\"Embora o Epic EVO tenha um aumento aparentemente modesto de 20 mil\u00edmetros no curso da suspens\u00e3o dianteira em rela\u00e7\u00e3o ao seu companheiro\",\"breadcrumb\":{\"@id\":\"https:\/\/gr-100.com\/pt-pt\/producto\/especializada-s-works-epic-evo-ltd-2023\/#breadcrumb\"},\"inLanguage\":\"pt-PT\",\"potentialAction\":[{\"@type\":\"ReadAction\",\"target\":[\"https:\/\/gr-100.com\/pt-pt\/producto\/especializada-s-works-epic-evo-ltd-2023\/\"]}]},{\"@type\":\"ImageObject\",\"inLanguage\":\"pt-PT\",\"@id\":\"https:\/\/gr-100.com\/pt-pt\/producto\/especializada-s-works-epic-evo-ltd-2023\/#primaryimage\",\"url\":\"https:\/\/gr-100.com\/wp-content\/uploads\/2024\/05\/1-1-Screenshot-of-S-Works-E.jpg\",\"contentUrl\":\"https:\/\/gr-100.com\/wp-content\/uploads\/2024\/05\/1-1-Screenshot-of-S-Works-E.jpg\",\"width\":1000,\"height\":1000},{\"@type\":\"BreadcrumbList\",\"@id\":\"https:\/\/gr-100.com\/pt-pt\/producto\/especializada-s-works-epic-evo-ltd-2023\/#breadcrumb\",\"itemListElement\":[{\"@type\":\"ListItem\",\"position\":1,\"name\":\"Portada\",\"item\":\"https:\/\/gr-100.com\/en\/\"},{\"@type\":\"ListItem\",\"position\":2,\"name\":\"Productos\",\"item\":\"https:\/\/gr-100.com\/?post_type=product\"},{\"@type\":\"ListItem\",\"position\":3,\"name\":\"Specialized S-Works Epic EVO LTD 2023\"}]},{\"@type\":\"WebSite\",\"@id\":\"https:\/\/gr-100.com\/#website\",\"url\":\"https:\/\/gr-100.com\/\",\"name\":\"Gr-100 Tienda de ciclismo Specialized\",\"description\":\"GR-100 tenemos todas las gamas de bicicletas Specialized al mejor precio.\",\"publisher\":{\"@id\":\"https:\/\/gr-100.com\/#organization\"},\"alternateName\":\"Gr-100 Bikes\",\"potentialAction\":[{\"@type\":\"SearchAction\",\"target\":{\"@type\":\"EntryPoint\",\"urlTemplate\":\"https:\/\/gr-100.com\/?s={search_term_string}\"},\"query-input\":{\"@type\":\"PropertyValueSpecification\",\"valueRequired\":true,\"valueName\":\"search_term_string\"}}],\"inLanguage\":\"pt-PT\"},{\"@type\":\"Organization\",\"@id\":\"https:\/\/gr-100.com\/#organization\",\"name\":\"Gr-100\",\"url\":\"https:\/\/gr-100.com\/\",\"logo\":{\"@type\":\"ImageObject\",\"inLanguage\":\"pt-PT\",\"@id\":\"https:\/\/gr-100.com\/#\/schema\/logo\/image\/\",\"url\":\"https:\/\/gr-100.com\/wp-content\/uploads\/2023\/08\/logo-gr-100-bikes.png\",\"contentUrl\":\"https:\/\/gr-100.com\/wp-content\/uploads\/2023\/08\/logo-gr-100-bikes.png\",\"width\":707,\"height\":284,\"caption\":\"Gr-100\"},\"image\":{\"@id\":\"https:\/\/gr-100.com\/#\/schema\/logo\/image\/\"},\"sameAs\":[\"https:\/\/www.facebook.com\/Gr100Bikes\",\"https:\/\/www.instagram.com\/gr100bikes\/\",\"https:\/\/www.tiktok.com\/@gr100bikes\",\"https:\/\/twitter.com\/gr100mtbteam\",\"https:\/\/www.youtube.com\/c\/GR100Specialized\"]}]}<\/script>\n<!-- \/ Yoast SEO Premium plugin. -->","yoast_head_json":{"title":"Specialized S-Works Epic EVO LTD 2023 GR100","description":"Embora o Epic EVO tenha um aumento aparentemente modesto de 20 mil\u00edmetros no curso da suspens\u00e3o dianteira em rela\u00e7\u00e3o ao seu companheiro","robots":{"index":"index","follow":"follow","max-snippet":"max-snippet:-1","max-image-preview":"max-image-preview:large","max-video-preview":"max-video-preview:-1"},"canonical":"https:\/\/gr-100.com\/pt-pt\/producto\/especializada-s-works-epic-evo-ltd-2023\/","og_locale":"pt_PT","og_type":"article","og_title":"Specialized S-Works Epic EVO LTD 2023","og_description":"Embora o Epic EVO tenha um aumento aparentemente modesto de 20 mil\u00edmetros no curso da suspens\u00e3o dianteira em rela\u00e7\u00e3o ao seu companheiro","og_url":"https:\/\/gr-100.com\/pt-pt\/producto\/especializada-s-works-epic-evo-ltd-2023\/","og_site_name":"Gr-100 Tienda de ciclismo Specialized","article_publisher":"https:\/\/www.facebook.com\/Gr100Bikes","article_modified_time":"2025-12-18T14:39:23+00:00","og_image":[{"width":1000,"height":1000,"url":"https:\/\/gr-100.com\/wp-content\/uploads\/2024\/05\/1-1-Screenshot-of-S-Works-E.jpg","type":"image\/jpeg"}],"twitter_card":"summary_large_image","twitter_misc":{"Tempo estimado de leitura":"4 minutos"},"schema":{"@context":"https:\/\/schema.org","@graph":[{"@type":"WebPage","@id":"https:\/\/gr-100.com\/pt-pt\/producto\/especializada-s-works-epic-evo-ltd-2023\/","url":"https:\/\/gr-100.com\/pt-pt\/producto\/especializada-s-works-epic-evo-ltd-2023\/","name":"Specialized S-Works Epic EVO LTD 2023 GR100","isPartOf":{"@id":"https:\/\/gr-100.com\/#website"},"primaryImageOfPage":{"@id":"https:\/\/gr-100.com\/pt-pt\/producto\/especializada-s-works-epic-evo-ltd-2023\/#primaryimage"},"image":{"@id":"https:\/\/gr-100.com\/pt-pt\/producto\/especializada-s-works-epic-evo-ltd-2023\/#primaryimage"},"thumbnailUrl":"https:\/\/gr-100.com\/wp-content\/uploads\/2024\/05\/1-1-Screenshot-of-S-Works-E.jpg","datePublished":"2024-07-01T11:59:07+00:00","dateModified":"2025-12-18T14:39:23+00:00","description":"Embora o Epic EVO tenha um aumento aparentemente modesto de 20 mil\u00edmetros no curso da suspens\u00e3o dianteira em rela\u00e7\u00e3o ao seu companheiro","breadcrumb":{"@id":"https:\/\/gr-100.com\/pt-pt\/producto\/especializada-s-works-epic-evo-ltd-2023\/#breadcrumb"},"inLanguage":"pt-PT","potentialAction":[{"@type":"ReadAction","target":["https:\/\/gr-100.com\/pt-pt\/producto\/especializada-s-works-epic-evo-ltd-2023\/"]}]},{"@type":"ImageObject","inLanguage":"pt-PT","@id":"https:\/\/gr-100.com\/pt-pt\/producto\/especializada-s-works-epic-evo-ltd-2023\/#primaryimage","url":"https:\/\/gr-100.com\/wp-content\/uploads\/2024\/05\/1-1-Screenshot-of-S-Works-E.jpg","contentUrl":"https:\/\/gr-100.com\/wp-content\/uploads\/2024\/05\/1-1-Screenshot-of-S-Works-E.jpg","width":1000,"height":1000},{"@type":"BreadcrumbList","@id":"https:\/\/gr-100.com\/pt-pt\/producto\/especializada-s-works-epic-evo-ltd-2023\/#breadcrumb","itemListElement":[{"@type":"ListItem","position":1,"name":"Portada","item":"https:\/\/gr-100.com\/en\/"},{"@type":"ListItem","position":2,"name":"Productos","item":"https:\/\/gr-100.com\/?post_type=product"},{"@type":"ListItem","position":3,"name":"Specialized S-Works Epic EVO LTD 2023"}]},{"@type":"WebSite","@id":"https:\/\/gr-100.com\/#website","url":"https:\/\/gr-100.com\/","name":"Gr-100 Tienda de ciclismo Specialized","description":"GR-100 tenemos todas las gamas de bicicletas Specialized al mejor precio.","publisher":{"@id":"https:\/\/gr-100.com\/#organization"},"alternateName":"Gr-100 Bikes","potentialAction":[{"@type":"SearchAction","target":{"@type":"EntryPoint","urlTemplate":"https:\/\/gr-100.com\/?s={search_term_string}"},"query-input":{"@type":"PropertyValueSpecification","valueRequired":true,"valueName":"search_term_string"}}],"inLanguage":"pt-PT"},{"@type":"Organization","@id":"https:\/\/gr-100.com\/#organization","name":"Gr-100","url":"https:\/\/gr-100.com\/","logo":{"@type":"ImageObject","inLanguage":"pt-PT","@id":"https:\/\/gr-100.com\/#\/schema\/logo\/image\/","url":"https:\/\/gr-100.com\/wp-content\/uploads\/2023\/08\/logo-gr-100-bikes.png","contentUrl":"https:\/\/gr-100.com\/wp-content\/uploads\/2023\/08\/logo-gr-100-bikes.png","width":707,"height":284,"caption":"Gr-100"},"image":{"@id":"https:\/\/gr-100.com\/#\/schema\/logo\/image\/"},"sameAs":["https:\/\/www.facebook.com\/Gr100Bikes","https:\/\/www.instagram.com\/gr100bikes\/","https:\/\/www.tiktok.com\/@gr100bikes","https:\/\/twitter.com\/gr100mtbteam","https:\/\/www.youtube.com\/c\/GR100Specialized"]}]}},"_links":{"self":[{"href":"https:\/\/gr-100.com\/pt-pt\/wp-json\/wp\/v2\/product\/380392","targetHints":{"allow":["GET"]}}],"collection":[{"href":"https:\/\/gr-100.com\/pt-pt\/wp-json\/wp\/v2\/product"}],"about":[{"href":"https:\/\/gr-100.com\/pt-pt\/wp-json\/wp\/v2\/types\/product"}],"replies":[{"embeddable":true,"href":"https:\/\/gr-100.com\/pt-pt\/wp-json\/wp\/v2\/comments?post=380392"}],"wp:featuredmedia":[{"embeddable":true,"href":"https:\/\/gr-100.com\/pt-pt\/wp-json\/wp\/v2\/media\/304848"}],"wp:attachment":[{"href":"https:\/\/gr-100.com\/pt-pt\/wp-json\/wp\/v2\/media?parent=380392"}],"wp:term":[{"taxonomy":"product_brand","embeddable":true,"href":"https:\/\/gr-100.com\/pt-pt\/wp-json\/wp\/v2\/product_brand?post=380392"},{"taxonomy":"product_cat","embeddable":true,"href":"https:\/\/gr-100.com\/pt-pt\/wp-json\/wp\/v2\/product_cat?post=380392"},{"taxonomy":"product_tag","embeddable":true,"href":"https:\/\/gr-100.com\/pt-pt\/wp-json\/wp\/v2\/product_tag?post=380392"}],"curies":[{"name":"wp","href":"https:\/\/api.w.org\/{rel}","templated":true}]}}