{"id":380507,"date":"2024-07-01T13:46:39","date_gmt":"2024-07-01T11:46:39","guid":{"rendered":"https:\/\/gr-100.com\/producto\/especializada-stumpjumper-comp-alloy-2023\/"},"modified":"2025-09-22T14:55:28","modified_gmt":"2025-09-22T12:55:28","slug":"especializada-stumpjumper-comp-alloy-2023","status":"publish","type":"product","link":"https:\/\/gr-100.com\/pt-pt\/producto\/especializada-stumpjumper-comp-alloy-2023\/","title":{"rendered":"Specialized Stumpjumper Comp Liga 2023"},"content":{"rendered":"<p>A REFER\u00caNCIA NA TRILHA &#8211; Quando nos propusemos a projetar o novo Stumpjumper, perseguimos alguns objetivos importantes. Eu tinha que me destacar em qualquer tipo de estrada, para todos os estilos de piloto. Para isso, procur\u00e1mos uma enorme redu\u00e7\u00e3o de peso sem sacrificar a durabilidade, um chassis r\u00edgido e responsivo que se mantivesse leve e animado, uma geometria que melhorasse a condu\u00e7\u00e3o de todos e a melhor cinem\u00e1tica da suspens\u00e3o que sabemos projetar. Acontece que voc\u00ea pode ter seu bolo e com\u00ea-lo tamb\u00e9m com o novo Stumpjumper.<br \/>\nOS 130 MM DE VIAGEM MAIS DOCES QUE ALGUMA VEZ PERCORRER\u00c1 &#8211; Massage\u00e1mos a cinem\u00e1tica da suspens\u00e3o do Stumpjumper para obter o melhor desempenho global poss\u00edvel num pacote de 130 mm. Incont\u00e1veis horas de desenvolvimento da suspens\u00e3o em laborat\u00f3rio e testes de campo criaram um refinado ripper de viagem m\u00e9dia que devora grandes terrenos como uma besta alimentada pela gravidade, lida como um sonho em qualquer lugar e sobe como um motor.<br \/>\nGEOMETRIA PROGRESSIVA &#8211; A geometria S-Sizing do novo Stumpjumper acerta em cheio na cabe\u00e7a da progressividade. \u00c9 longo, baixo e solto, com um garfo curto e um \u00e2ngulo de tubo de assento mais \u00edngreme. Estes n\u00fameros combinam-se para tornar o seu passeio mais est\u00e1vel, mais carvealicious, mais confort\u00e1vel para subir, melhor em todos os lugares. Com a capacidade de ajustar o FlipChip, poder\u00e1 ajustar ainda mais o seu ajuste, garantindo que o seu novo Stumpjumper se comportar\u00e1 perfeitamente em qualquer terreno que escolher.<br \/>\nRIDER-FIRST ENGINEERED\u2122 &#8211; Os quadros Rider-First Engineered\u2122 utilizam uma abordagem de tamanho espec\u00edfico \u00e0s caracter\u00edsticas de condu\u00e7\u00e3o que garante uma condu\u00e7\u00e3o de refer\u00eancia e um desempenho impec\u00e1vel, independentemente do tamanho do quadro ou do condutor. Quer seja um principiante com fome de saltos a conduzir um S1, ou um gigante DH que necessite do S6 longo, ir\u00e1 experimentar as mesmas caracter\u00edsticas de condu\u00e7\u00e3o &#8211; curvas muito precisas e rigidez dianteira e traseira equilibrada &#8211; com o peso mais leve poss\u00edvel, e por luz queremos dizer realmente leve:  2.250 gramas (S-Works, tamanho S-3, com amortecedor traseiro).        <\/p>\n<ul>\n<li>Chassis de liga e estrutura<br \/>\n traseira, design assim\u00e9trico, geometria de 29 trilhas, ajuste BB de piv\u00f4 horst, BB roscado, sa\u00eddas de 12x148mm, piv\u00f4s de rolamento de cartucho selado, gancho derailleur substitu\u00edvel, 130mm de curso<\/li>\n<li>FOX FLOAT 34 Forquilha r\u00edtmica, amortecedor<br \/>\n GRIP, ajuste de varredura de duas posi\u00e7\u00f5es, eixo 15x110mm, deslocamento de 44mm, curso de 140mm<\/li>\n<li>FOX FLOAT DPS Performance Shock<br \/>\n, Rx Trail Tune, rebote e ajuste de compress\u00e3o de 3 posi\u00e7\u00f5es, S1:190&#215;42.5mm, S2-S6: 190x45mm<\/li>\n<li>Material<br \/>\nAluminio<\/li>\n<li>Specialized<br \/>\n especializado, liga 6061, upsweep de 6 graus, backsweep de 8 graus, eleva\u00e7\u00e3o de 30mm, largura de 780mm<\/li>\n<li>Haste do caule Alloy<br \/>\nTrail, furo da barra de 35mm<\/li>\n<li>\nSpecialized<\/li>\n<li>SRAM dianteiros\n<p> SRAM G2 R, pin\u00e7a de 4 pist\u00f5es, disco hidr\u00e1ulico, 200mm<\/li>\n<li>SRAM<br \/>\n traseiro SRAM G2 R, pin\u00e7a de 4 pist\u00f5es, disco hidr\u00e1ulico, 180mm<\/li>\n<li>Componentes de sela<\/li>\n<li>Ponte Comp Sela<br \/>\n, trilhos ocos Cr-mo, 155\/143mm<\/li>\n<li>X-Fusion Manic Seatpost<br \/>\n, infinitamente ajust\u00e1vel, cabe\u00e7a de dois parafusos, roteamento de cabo de montagem inferior, alavanca LE SLR remota, 34.9, S1: 100mm, S2: 125mm, S3: 150mm, S4\/S5: 175mm, S6: 190mm<br \/>\nBra\u00e7adeira de selim<br \/>\nde liga, 38.6mm<\/li>\n<li>Transmiss\u00e3o<\/li>\n<li>SRAM NX Eagle shifters<br \/>\n, gatilho, 12 velocidades<\/li>\n<li>SRAM NX Eagle derailleur<br \/>\n traseiro de 12 velocidades<\/li>\n<li>SRAM NX Eagle Suporte<br \/>\n inferior, DUB, S1:165mm, S2-S5: 170mm, S6: 175mm<\/li>\n<li>Platos<br \/>\n32T<\/li>\n<li>SRAM NX Eagle Cassette<br \/>\n, 12 velocidades, 11-50t<\/li>\n<li>SRAM NX Eagle corrente<br \/>\n de 12 velocidades<\/li>\n<li>Velocidades<br \/>\n1&#215;12<\/li>\n<li>Rodas<\/li>\n<li>Specialized 29 jantes<br \/>\n, liga sem gancho, largura interior de 30mm, pronto para tubeless<\/li>\n<li>DT R\u00e1dios<br \/>\n da Ind\u00fastria Su\u00ed\u00e7a<\/li>\n<li>Pneu dianteiro de a\u00e7ougueiro<br \/>\n, carca\u00e7a GRID, composto GRIPTON\u00ae T7, 29&#215;2.3&#8243;<\/li>\n<li>Pneu traseiro<br \/>\npurgat\u00f3rio, carca\u00e7a GRID, composto GRIPTON\u00ae T7, 29&#215;2.3&#8243;<\/li>\n<li>\nC\u00e2meras padr\u00e3o, v\u00e1lvula Presta<\/li>\n<li>Liga de cubo<br \/>\ndianteiro, rolamentos de cartucho selados, eixo thru 15x110mm, 28h<\/li>\n<li>Cubo<br \/>\n traseiro de liga, rolamentos de cartucho selados, eixo thru 12x148mm, 28h<\/li>\n<\/ul>\n","protected":false},"excerpt":{"rendered":"<p>Os f\u00e3s de metal se regozijam! O Stumpjumper Comp Alloy \u00e9 um dos quadros de liga mais avan\u00e7ados alguma vez desenvolvidos.<br \/>\nDo design assim\u00e9trico do quadro, \u00e0 cinem\u00e1tica refinada da suspens\u00e3o e geometria totalmente nova, a um kit de montagem que alcan\u00e7a a combina\u00e7\u00e3o ideal de desempenho e valor, \u00e9 metal, mas n\u00e3o \u00e9 metal pesado. E est\u00e1 pronto para varrer o pa\u00eds.  <\/p>\n","protected":false},"featured_media":304242,"comment_status":"closed","ping_status":"closed","template":"","meta":{"_acf_changed":false,"_et_pb_use_builder":"","_et_pb_old_content":"","_et_gb_content_width":"","inline_featured_image":false},"product_brand":[],"product_cat":[2459,402,2483,2460,2461,2696],"product_tag":[],"class_list":{"0":"post-380507","1":"product","2":"type-product","3":"status-publish","4":"has-post-thumbnail","6":"product_cat-bicicletas-pt-pt-2","7":"product_cat-montanha","8":"product_cat-bicicletas-especializadas","9":"product_cat-ofertas-pt-pt","10":"product_cat-oferta-montanha","11":"product_cat-ofertas-especializadas","12":"product_shipping_class-bicicletas-pt-pt","14":"first","15":"outofstock","16":"taxable","17":"shipping-taxable","18":"product-type-variable","19":"wvs-archive-product-wrapper"},"acf":[],"yoast_head":"<!-- This site is optimized with the Yoast SEO Premium plugin v26.7 (Yoast SEO v26.7) - https:\/\/yoast.com\/wordpress\/plugins\/seo\/ -->\n<title>Specialized Stumpjumper Comp Liga 2023 - GR-100<\/title>\n<meta name=\"description\" content=\"Encontre a bicicleta ideal para as suas aventuras de montanha com a Specialized Stumpjumper Comp Alloy 2023. Descubra a sua resist\u00eancia e desempenho no GR-100.\" \/>\n<meta name=\"robots\" content=\"index, follow, max-snippet:-1, max-image-preview:large, max-video-preview:-1\" \/>\n<link rel=\"canonical\" href=\"https:\/\/gr-100.com\/pt-pt\/producto\/especializada-stumpjumper-comp-alloy-2023\/\" \/>\n<meta property=\"og:locale\" content=\"pt_PT\" \/>\n<meta property=\"og:type\" content=\"article\" \/>\n<meta property=\"og:title\" content=\"Specialized Stumpjumper Comp Liga 2023\" \/>\n<meta property=\"og:description\" content=\"Encontre a bicicleta ideal para as suas aventuras de montanha com a Specialized Stumpjumper Comp Alloy 2023. Descubra a sua resist\u00eancia e desempenho no GR-100.\" \/>\n<meta property=\"og:url\" content=\"https:\/\/gr-100.com\/pt-pt\/producto\/especializada-stumpjumper-comp-alloy-2023\/\" \/>\n<meta property=\"og:site_name\" content=\"Gr-100 Tienda de ciclismo Specialized\" \/>\n<meta property=\"article:publisher\" content=\"https:\/\/www.facebook.com\/Gr100Bikes\" \/>\n<meta property=\"article:modified_time\" content=\"2025-09-22T12:55:28+00:00\" \/>\n<meta property=\"og:image\" content=\"https:\/\/gr-100.com\/wp-content\/uploads\/2024\/05\/sj_com_alloy_23.jpeg\" \/>\n\t<meta property=\"og:image:width\" content=\"1000\" \/>\n\t<meta property=\"og:image:height\" content=\"1000\" \/>\n\t<meta property=\"og:image:type\" content=\"image\/jpeg\" \/>\n<meta name=\"twitter:card\" content=\"summary_large_image\" \/>\n<meta name=\"twitter:label1\" content=\"Tempo estimado de leitura\" \/>\n\t<meta name=\"twitter:data1\" content=\"3 minutos\" \/>\n<script type=\"application\/ld+json\" class=\"yoast-schema-graph\">{\"@context\":\"https:\/\/schema.org\",\"@graph\":[{\"@type\":\"WebPage\",\"@id\":\"https:\/\/gr-100.com\/pt-pt\/producto\/especializada-stumpjumper-comp-alloy-2023\/\",\"url\":\"https:\/\/gr-100.com\/pt-pt\/producto\/especializada-stumpjumper-comp-alloy-2023\/\",\"name\":\"Specialized Stumpjumper Comp Liga 2023 - GR-100\",\"isPartOf\":{\"@id\":\"https:\/\/gr-100.com\/#website\"},\"primaryImageOfPage\":{\"@id\":\"https:\/\/gr-100.com\/pt-pt\/producto\/especializada-stumpjumper-comp-alloy-2023\/#primaryimage\"},\"image\":{\"@id\":\"https:\/\/gr-100.com\/pt-pt\/producto\/especializada-stumpjumper-comp-alloy-2023\/#primaryimage\"},\"thumbnailUrl\":\"https:\/\/gr-100.com\/wp-content\/uploads\/2024\/05\/sj_com_alloy_23.jpeg\",\"datePublished\":\"2024-07-01T11:46:39+00:00\",\"dateModified\":\"2025-09-22T12:55:28+00:00\",\"description\":\"Encontre a bicicleta ideal para as suas aventuras de montanha com a Specialized Stumpjumper Comp Alloy 2023. Descubra a sua resist\u00eancia e desempenho no GR-100.\",\"breadcrumb\":{\"@id\":\"https:\/\/gr-100.com\/pt-pt\/producto\/especializada-stumpjumper-comp-alloy-2023\/#breadcrumb\"},\"inLanguage\":\"pt-PT\",\"potentialAction\":[{\"@type\":\"ReadAction\",\"target\":[\"https:\/\/gr-100.com\/pt-pt\/producto\/especializada-stumpjumper-comp-alloy-2023\/\"]}]},{\"@type\":\"ImageObject\",\"inLanguage\":\"pt-PT\",\"@id\":\"https:\/\/gr-100.com\/pt-pt\/producto\/especializada-stumpjumper-comp-alloy-2023\/#primaryimage\",\"url\":\"https:\/\/gr-100.com\/wp-content\/uploads\/2024\/05\/sj_com_alloy_23.jpeg\",\"contentUrl\":\"https:\/\/gr-100.com\/wp-content\/uploads\/2024\/05\/sj_com_alloy_23.jpeg\",\"width\":1000,\"height\":1000},{\"@type\":\"BreadcrumbList\",\"@id\":\"https:\/\/gr-100.com\/pt-pt\/producto\/especializada-stumpjumper-comp-alloy-2023\/#breadcrumb\",\"itemListElement\":[{\"@type\":\"ListItem\",\"position\":1,\"name\":\"Portada\",\"item\":\"https:\/\/gr-100.com\/en\/\"},{\"@type\":\"ListItem\",\"position\":2,\"name\":\"Productos\",\"item\":\"https:\/\/gr-100.com\/?post_type=product\"},{\"@type\":\"ListItem\",\"position\":3,\"name\":\"Specialized Stumpjumper Comp Liga 2023\"}]},{\"@type\":\"WebSite\",\"@id\":\"https:\/\/gr-100.com\/#website\",\"url\":\"https:\/\/gr-100.com\/\",\"name\":\"Gr-100 Tienda de ciclismo Specialized\",\"description\":\"GR-100 tenemos todas las gamas de bicicletas Specialized al mejor precio.\",\"publisher\":{\"@id\":\"https:\/\/gr-100.com\/#organization\"},\"alternateName\":\"Gr-100 Bikes\",\"potentialAction\":[{\"@type\":\"SearchAction\",\"target\":{\"@type\":\"EntryPoint\",\"urlTemplate\":\"https:\/\/gr-100.com\/?s={search_term_string}\"},\"query-input\":{\"@type\":\"PropertyValueSpecification\",\"valueRequired\":true,\"valueName\":\"search_term_string\"}}],\"inLanguage\":\"pt-PT\"},{\"@type\":\"Organization\",\"@id\":\"https:\/\/gr-100.com\/#organization\",\"name\":\"Gr-100\",\"url\":\"https:\/\/gr-100.com\/\",\"logo\":{\"@type\":\"ImageObject\",\"inLanguage\":\"pt-PT\",\"@id\":\"https:\/\/gr-100.com\/#\/schema\/logo\/image\/\",\"url\":\"https:\/\/gr-100.com\/wp-content\/uploads\/2023\/08\/logo-gr-100-bikes.png\",\"contentUrl\":\"https:\/\/gr-100.com\/wp-content\/uploads\/2023\/08\/logo-gr-100-bikes.png\",\"width\":707,\"height\":284,\"caption\":\"Gr-100\"},\"image\":{\"@id\":\"https:\/\/gr-100.com\/#\/schema\/logo\/image\/\"},\"sameAs\":[\"https:\/\/www.facebook.com\/Gr100Bikes\",\"https:\/\/www.instagram.com\/gr100bikes\/\",\"https:\/\/www.tiktok.com\/@gr100bikes\",\"https:\/\/twitter.com\/gr100mtbteam\",\"https:\/\/www.youtube.com\/c\/GR100Specialized\"]}]}<\/script>\n<!-- \/ Yoast SEO Premium plugin. -->","yoast_head_json":{"title":"Specialized Stumpjumper Comp Liga 2023 - GR-100","description":"Encontre a bicicleta ideal para as suas aventuras de montanha com a Specialized Stumpjumper Comp Alloy 2023. Descubra a sua resist\u00eancia e desempenho no GR-100.","robots":{"index":"index","follow":"follow","max-snippet":"max-snippet:-1","max-image-preview":"max-image-preview:large","max-video-preview":"max-video-preview:-1"},"canonical":"https:\/\/gr-100.com\/pt-pt\/producto\/especializada-stumpjumper-comp-alloy-2023\/","og_locale":"pt_PT","og_type":"article","og_title":"Specialized Stumpjumper Comp Liga 2023","og_description":"Encontre a bicicleta ideal para as suas aventuras de montanha com a Specialized Stumpjumper Comp Alloy 2023. Descubra a sua resist\u00eancia e desempenho no GR-100.","og_url":"https:\/\/gr-100.com\/pt-pt\/producto\/especializada-stumpjumper-comp-alloy-2023\/","og_site_name":"Gr-100 Tienda de ciclismo Specialized","article_publisher":"https:\/\/www.facebook.com\/Gr100Bikes","article_modified_time":"2025-09-22T12:55:28+00:00","og_image":[{"width":1000,"height":1000,"url":"https:\/\/gr-100.com\/wp-content\/uploads\/2024\/05\/sj_com_alloy_23.jpeg","type":"image\/jpeg"}],"twitter_card":"summary_large_image","twitter_misc":{"Tempo estimado de leitura":"3 minutos"},"schema":{"@context":"https:\/\/schema.org","@graph":[{"@type":"WebPage","@id":"https:\/\/gr-100.com\/pt-pt\/producto\/especializada-stumpjumper-comp-alloy-2023\/","url":"https:\/\/gr-100.com\/pt-pt\/producto\/especializada-stumpjumper-comp-alloy-2023\/","name":"Specialized Stumpjumper Comp Liga 2023 - GR-100","isPartOf":{"@id":"https:\/\/gr-100.com\/#website"},"primaryImageOfPage":{"@id":"https:\/\/gr-100.com\/pt-pt\/producto\/especializada-stumpjumper-comp-alloy-2023\/#primaryimage"},"image":{"@id":"https:\/\/gr-100.com\/pt-pt\/producto\/especializada-stumpjumper-comp-alloy-2023\/#primaryimage"},"thumbnailUrl":"https:\/\/gr-100.com\/wp-content\/uploads\/2024\/05\/sj_com_alloy_23.jpeg","datePublished":"2024-07-01T11:46:39+00:00","dateModified":"2025-09-22T12:55:28+00:00","description":"Encontre a bicicleta ideal para as suas aventuras de montanha com a Specialized Stumpjumper Comp Alloy 2023. Descubra a sua resist\u00eancia e desempenho no GR-100.","breadcrumb":{"@id":"https:\/\/gr-100.com\/pt-pt\/producto\/especializada-stumpjumper-comp-alloy-2023\/#breadcrumb"},"inLanguage":"pt-PT","potentialAction":[{"@type":"ReadAction","target":["https:\/\/gr-100.com\/pt-pt\/producto\/especializada-stumpjumper-comp-alloy-2023\/"]}]},{"@type":"ImageObject","inLanguage":"pt-PT","@id":"https:\/\/gr-100.com\/pt-pt\/producto\/especializada-stumpjumper-comp-alloy-2023\/#primaryimage","url":"https:\/\/gr-100.com\/wp-content\/uploads\/2024\/05\/sj_com_alloy_23.jpeg","contentUrl":"https:\/\/gr-100.com\/wp-content\/uploads\/2024\/05\/sj_com_alloy_23.jpeg","width":1000,"height":1000},{"@type":"BreadcrumbList","@id":"https:\/\/gr-100.com\/pt-pt\/producto\/especializada-stumpjumper-comp-alloy-2023\/#breadcrumb","itemListElement":[{"@type":"ListItem","position":1,"name":"Portada","item":"https:\/\/gr-100.com\/en\/"},{"@type":"ListItem","position":2,"name":"Productos","item":"https:\/\/gr-100.com\/?post_type=product"},{"@type":"ListItem","position":3,"name":"Specialized Stumpjumper Comp Liga 2023"}]},{"@type":"WebSite","@id":"https:\/\/gr-100.com\/#website","url":"https:\/\/gr-100.com\/","name":"Gr-100 Tienda de ciclismo Specialized","description":"GR-100 tenemos todas las gamas de bicicletas Specialized al mejor precio.","publisher":{"@id":"https:\/\/gr-100.com\/#organization"},"alternateName":"Gr-100 Bikes","potentialAction":[{"@type":"SearchAction","target":{"@type":"EntryPoint","urlTemplate":"https:\/\/gr-100.com\/?s={search_term_string}"},"query-input":{"@type":"PropertyValueSpecification","valueRequired":true,"valueName":"search_term_string"}}],"inLanguage":"pt-PT"},{"@type":"Organization","@id":"https:\/\/gr-100.com\/#organization","name":"Gr-100","url":"https:\/\/gr-100.com\/","logo":{"@type":"ImageObject","inLanguage":"pt-PT","@id":"https:\/\/gr-100.com\/#\/schema\/logo\/image\/","url":"https:\/\/gr-100.com\/wp-content\/uploads\/2023\/08\/logo-gr-100-bikes.png","contentUrl":"https:\/\/gr-100.com\/wp-content\/uploads\/2023\/08\/logo-gr-100-bikes.png","width":707,"height":284,"caption":"Gr-100"},"image":{"@id":"https:\/\/gr-100.com\/#\/schema\/logo\/image\/"},"sameAs":["https:\/\/www.facebook.com\/Gr100Bikes","https:\/\/www.instagram.com\/gr100bikes\/","https:\/\/www.tiktok.com\/@gr100bikes","https:\/\/twitter.com\/gr100mtbteam","https:\/\/www.youtube.com\/c\/GR100Specialized"]}]}},"_links":{"self":[{"href":"https:\/\/gr-100.com\/pt-pt\/wp-json\/wp\/v2\/product\/380507","targetHints":{"allow":["GET"]}}],"collection":[{"href":"https:\/\/gr-100.com\/pt-pt\/wp-json\/wp\/v2\/product"}],"about":[{"href":"https:\/\/gr-100.com\/pt-pt\/wp-json\/wp\/v2\/types\/product"}],"replies":[{"embeddable":true,"href":"https:\/\/gr-100.com\/pt-pt\/wp-json\/wp\/v2\/comments?post=380507"}],"wp:featuredmedia":[{"embeddable":true,"href":"https:\/\/gr-100.com\/pt-pt\/wp-json\/wp\/v2\/media\/304242"}],"wp:attachment":[{"href":"https:\/\/gr-100.com\/pt-pt\/wp-json\/wp\/v2\/media?parent=380507"}],"wp:term":[{"taxonomy":"product_brand","embeddable":true,"href":"https:\/\/gr-100.com\/pt-pt\/wp-json\/wp\/v2\/product_brand?post=380507"},{"taxonomy":"product_cat","embeddable":true,"href":"https:\/\/gr-100.com\/pt-pt\/wp-json\/wp\/v2\/product_cat?post=380507"},{"taxonomy":"product_tag","embeddable":true,"href":"https:\/\/gr-100.com\/pt-pt\/wp-json\/wp\/v2\/product_tag?post=380507"}],"curies":[{"name":"wp","href":"https:\/\/api.w.org\/{rel}","templated":true}]}}