{"id":380524,"date":"2024-07-01T13:36:20","date_gmt":"2024-07-01T11:36:20","guid":{"rendered":"https:\/\/gr-100.com\/producto\/especialidade-epic-comp-2023\/"},"modified":"2025-12-18T16:40:05","modified_gmt":"2025-12-18T14:40:05","slug":"especialidade-epic-comp-2023","status":"publish","type":"product","link":"https:\/\/gr-100.com\/pt-pt\/producto\/especialidade-epic-comp-2023\/","title":{"rendered":"Specialized Epic Comp 2023"},"content":{"rendered":"<p>Bem, isso e mais de 100 vit\u00f3rias e p\u00f3dios em Copas do Mundo. Fiel \u00e0 forma, a mais recente Epic continua a tradi\u00e7\u00e3o, aproveitando a suspens\u00e3o BRAIN mais eficiente que j\u00e1 criamos para garantir que seja sempre puxada em velocidade. Redesenhado de m\u00e3os dadas com o novo Epic, o mais recente design BRAIN redefine as expectativas de efici\u00eancia, empregando uma nova plataforma de pedaladas ajustada para corridas para garantir que todos os watts poss\u00edveis se traduzam em movimento para a frente, enquanto absorve facilmente vibra\u00e7\u00f5es que matam o momento e grandes acertos, tudo mais suavemente do que nunca. <\/p>\n<h3>Uma mudan\u00e7a de imagem<\/h3>\n<p>O novo quadro em carbono FACT 11m da Epic, redesenhado com foco na transfer\u00eancia de pot\u00eancia eficiente e no desempenho de condu\u00e7\u00e3o mais seguro, apresenta um tri\u00e2ngulo traseiro 15% mais r\u00edgido para tirar o m\u00e1ximo partido da nova plataforma de pedaladas de corrida BRAIN, enquanto a nova composi\u00e7\u00e3o em carbono do tri\u00e2ngulo dianteiro reduz o peso,  aumentando ainda mais a rela\u00e7\u00e3o rigidez\/peso do Epic.<\/p>\n<ul>\n<li>O quadro em carbono FACT 11m do Epic, que oferece 100 mil\u00edmetros de viagens brilhantemente eficientes controladas pelo BRAIN, aumenta a rigidez do tri\u00e2ngulo traseiro para uma transfer\u00eancia de pot\u00eancia inigual\u00e1vel e introduz o comportamento mais capaz num Epic at\u00e9 \u00e0 data, ao mesmo tempo que reduz o peso em rela\u00e7\u00e3o \u00e0 gera\u00e7\u00e3o anterior do Epic.<\/li>\n<li>O SID SL RockShox se beneficia do desenvolvimento do SID no circuito da Copa do Mundo, fornecendo um choque Rush RL comprovado em corrida com configura\u00e7\u00f5es externas de compress\u00e3o de baixa velocidade, bloqueio e rebote.<br \/>\nOs trav\u00f5es Level TL SRAM oferecem uma modula\u00e7\u00e3o suave para um controlo de velocidade preciso.<\/li>\n<li>As jantes Specialized c\u00e2mara de ar apresentam uma largura interna moderna de 27 mil\u00edmetros, permitindo que os pneus atinjam o seu perfil e pegada ideais para uma tra\u00e7\u00e3o ideal.<\/li>\n<\/ul>\n<ul>\n<li><strong>Especifica\u00e7\u00f5es<\/strong><\/li>\n<li>Quadro<br \/>\nFACT 11m Full Carbon, Geometria de Corrida XC Progressiva, Rider-First Engineered\u2122, BB roscado, espa\u00e7amento traseiro de 12x148mm, roteamento de cabos internos, ligaSpecialized de ligante de assento<br \/>\n de curso<br \/>\nde 100mm, 34,9mm<\/li>\n<li>SWAT<br \/>\nSWAT EMT Ferramenta de montagem em gaiola<\/li>\n<li>Choque Traseiro<br \/>\nRockShox BRAINSpecialized, Rx XC Tune, Ajuste da Plataforma de 5 Posi\u00e7\u00f5es, Ajuste de Rebote, Extens\u00e3o Integrada, 265&#215;52.5mm<\/li>\n<li>Garfo<br \/>\nRockshox SID SL, Rush RL Damper, Debon Air, 15x110mm, 44mm offset, 100mm Curso<\/li>\n<li>Geometria do corpo do selim<br \/>\nPower Sport, trilhos de a\u00e7o<\/li>\n<li>SeatPost<br \/>\nX-Fusion Manic, 30.9, 100\/125\/150 Curso, 0mm de deslocamento<\/li>\n<li>Specialized Minirise de liga especializada,<br \/>\n eleva\u00e7\u00e3o de 10mm, grampo de 750mm, 31,8mm<\/li>\n<li>PunhosSpecialized em fita\n<\/li>\n<li>Stem<br \/>\nSpecialized, liga forjada em 3D, 4 parafusos, eleva\u00e7\u00e3o de 7 graus<\/li>\n<li>Freio<br \/>\n dianteiroSRAM N\u00edvel TL, pin\u00e7a de 2 pist\u00f5es, disco hidr\u00e1ulico<\/li>\n<li>Freio traseiro<br \/>\nSRAM N\u00edvel TL, pin\u00e7a de 2 pist\u00f5es, disco hidr\u00e1ulico<\/li>\n<li>Suporte<br \/>\n inferiorSRAM DUB, BSA 73mm, roscado<\/li>\n<li>Virabrequim<br \/>\n de \u00e1guia SRAM X1000, DUB, 170\/175mm 34T<\/li>\n<li>Derailleur<br \/>\n traseiroSRAM GX Eagle, 12 velocidades<\/li>\n<li>Alavancas de mudan\u00e7aSRAM<br \/>\n GX, gatilho, 12 velocidades<\/li>\n<li>Corrente<br \/>\nSRAM NX Eagle, 12 velocidades<\/li>\n<li>Sram XG-1275 Cassette<br \/>\n, 12 velocidades, 10-52t<\/li>\n<li>Chainrings<br \/>\n34T<\/li>\n<li>LigaSpecialized do cubo<br \/>\n traseiro, rolamentos de cartucho selados, 6 parafusos, eixo thru de 148mmx12mm, 28h<\/li>\n<li>Porta-vozes<br \/>\nDT Swiss Industry<\/li>\n<li>Pneu Traseiro<br \/>\nSpecialized , Caixa de Controle, Composto T5, 29&#215;2.35<\/li>\n<li>LigaSpecialized do cubo<br \/>\n dianteiro, rolamentos cardridge selados, 6 parafusos, eixo thru 15x110mm, 28h<\/li>\n<li>Tubo<br \/>\ninterno padr\u00e3o, v\u00e1lvula Presta<\/li>\n<li>PneuSpecialized<br \/>\n especializado Fast Trak, caixa de controle, composto T7, 29&#215;2.35<\/li>\n<li>Specialized<br \/>\n Specialized 29, 27mm de largura interior, 28h, sem tubo pronto<\/li>\n<li>Peso<br \/>\n11.53kg (25 lb, 6.7 oz)<br \/>\nTamanho do peso<br \/>\nMD<\/li>\n<\/ul>\n","protected":false},"excerpt":{"rendered":"<p>Combinando efici\u00eancia hardtail e capacidade de suspens\u00e3o total para resultados impressionantemente r\u00e1pidos, o Epic sempre foi definido pelo seu compromisso inabal\u00e1vel com a velocidade.<\/p>\n","protected":false},"featured_media":303821,"comment_status":"closed","ping_status":"closed","template":"","meta":{"_acf_changed":false,"_et_pb_use_builder":"","_et_pb_old_content":"","_et_gb_content_width":"","inline_featured_image":false},"product_brand":[],"product_cat":[2459,402,2483,2696],"product_tag":[],"class_list":{"0":"post-380524","1":"product","2":"type-product","3":"status-publish","4":"has-post-thumbnail","6":"product_cat-bicicletas-pt-pt-2","7":"product_cat-montanha","8":"product_cat-bicicletas-especializadas","9":"product_cat-ofertas-especializadas","10":"product_shipping_class-bicicletas-pt-pt","12":"first","13":"outofstock","14":"taxable","15":"shipping-taxable","16":"product-type-variable","17":"wvs-archive-product-wrapper"},"acf":[],"yoast_head":"<!-- This site is optimized with the Yoast SEO Premium plugin v26.7 (Yoast SEO v26.7) - https:\/\/yoast.com\/wordpress\/plugins\/seo\/ -->\n<title>Specialized Epic Comp 2023 GR-100 Ofertas<\/title>\n<meta name=\"description\" content=\"GR-100 Specialized. Melhores pre\u00e7os sem concorr\u00eancia. Solicite a sua oferta personalizada. Produto: Specialized Epic Comp 2023\" \/>\n<meta name=\"robots\" content=\"index, follow, max-snippet:-1, max-image-preview:large, max-video-preview:-1\" \/>\n<link rel=\"canonical\" href=\"https:\/\/gr-100.com\/pt-pt\/producto\/especialidade-epic-comp-2023\/\" \/>\n<meta property=\"og:locale\" content=\"pt_PT\" \/>\n<meta property=\"og:type\" content=\"article\" \/>\n<meta property=\"og:title\" content=\"Specialized Epic Comp 2023\" \/>\n<meta property=\"og:description\" content=\"GR-100 Specialized. Melhores pre\u00e7os sem concorr\u00eancia. Solicite a sua oferta personalizada. Produto: Specialized Epic Comp 2023\" \/>\n<meta property=\"og:url\" content=\"https:\/\/gr-100.com\/pt-pt\/producto\/especialidade-epic-comp-2023\/\" \/>\n<meta property=\"og:site_name\" content=\"Gr-100 Tienda de ciclismo Specialized\" \/>\n<meta property=\"article:publisher\" content=\"https:\/\/www.facebook.com\/Gr100Bikes\" \/>\n<meta property=\"article:modified_time\" content=\"2025-12-18T14:40:05+00:00\" \/>\n<meta property=\"og:image\" content=\"https:\/\/gr-100.com\/wp-content\/uploads\/2024\/05\/epic_comp_23.jpeg\" \/>\n\t<meta property=\"og:image:width\" content=\"1000\" \/>\n\t<meta property=\"og:image:height\" content=\"1000\" \/>\n\t<meta property=\"og:image:type\" content=\"image\/jpeg\" \/>\n<meta name=\"twitter:card\" content=\"summary_large_image\" \/>\n<meta name=\"twitter:label1\" content=\"Tempo estimado de leitura\" \/>\n\t<meta name=\"twitter:data1\" content=\"3 minutos\" \/>\n<script type=\"application\/ld+json\" class=\"yoast-schema-graph\">{\"@context\":\"https:\/\/schema.org\",\"@graph\":[{\"@type\":\"WebPage\",\"@id\":\"https:\/\/gr-100.com\/pt-pt\/producto\/especialidade-epic-comp-2023\/\",\"url\":\"https:\/\/gr-100.com\/pt-pt\/producto\/especialidade-epic-comp-2023\/\",\"name\":\"Specialized Epic Comp 2023 GR-100 Ofertas\",\"isPartOf\":{\"@id\":\"https:\/\/gr-100.com\/#website\"},\"primaryImageOfPage\":{\"@id\":\"https:\/\/gr-100.com\/pt-pt\/producto\/especialidade-epic-comp-2023\/#primaryimage\"},\"image\":{\"@id\":\"https:\/\/gr-100.com\/pt-pt\/producto\/especialidade-epic-comp-2023\/#primaryimage\"},\"thumbnailUrl\":\"https:\/\/gr-100.com\/wp-content\/uploads\/2024\/05\/epic_comp_23.jpeg\",\"datePublished\":\"2024-07-01T11:36:20+00:00\",\"dateModified\":\"2025-12-18T14:40:05+00:00\",\"description\":\"GR-100 Specialized. Melhores pre\u00e7os sem concorr\u00eancia. Solicite a sua oferta personalizada. Produto: Specialized Epic Comp 2023\",\"breadcrumb\":{\"@id\":\"https:\/\/gr-100.com\/pt-pt\/producto\/especialidade-epic-comp-2023\/#breadcrumb\"},\"inLanguage\":\"pt-PT\",\"potentialAction\":[{\"@type\":\"ReadAction\",\"target\":[\"https:\/\/gr-100.com\/pt-pt\/producto\/especialidade-epic-comp-2023\/\"]}]},{\"@type\":\"ImageObject\",\"inLanguage\":\"pt-PT\",\"@id\":\"https:\/\/gr-100.com\/pt-pt\/producto\/especialidade-epic-comp-2023\/#primaryimage\",\"url\":\"https:\/\/gr-100.com\/wp-content\/uploads\/2024\/05\/epic_comp_23.jpeg\",\"contentUrl\":\"https:\/\/gr-100.com\/wp-content\/uploads\/2024\/05\/epic_comp_23.jpeg\",\"width\":1000,\"height\":1000},{\"@type\":\"BreadcrumbList\",\"@id\":\"https:\/\/gr-100.com\/pt-pt\/producto\/especialidade-epic-comp-2023\/#breadcrumb\",\"itemListElement\":[{\"@type\":\"ListItem\",\"position\":1,\"name\":\"Portada\",\"item\":\"https:\/\/gr-100.com\/en\/\"},{\"@type\":\"ListItem\",\"position\":2,\"name\":\"Productos\",\"item\":\"https:\/\/gr-100.com\/?post_type=product\"},{\"@type\":\"ListItem\",\"position\":3,\"name\":\"Specialized Epic Comp 2023\"}]},{\"@type\":\"WebSite\",\"@id\":\"https:\/\/gr-100.com\/#website\",\"url\":\"https:\/\/gr-100.com\/\",\"name\":\"Gr-100 Tienda de ciclismo Specialized\",\"description\":\"GR-100 tenemos todas las gamas de bicicletas Specialized al mejor precio.\",\"publisher\":{\"@id\":\"https:\/\/gr-100.com\/#organization\"},\"alternateName\":\"Gr-100 Bikes\",\"potentialAction\":[{\"@type\":\"SearchAction\",\"target\":{\"@type\":\"EntryPoint\",\"urlTemplate\":\"https:\/\/gr-100.com\/?s={search_term_string}\"},\"query-input\":{\"@type\":\"PropertyValueSpecification\",\"valueRequired\":true,\"valueName\":\"search_term_string\"}}],\"inLanguage\":\"pt-PT\"},{\"@type\":\"Organization\",\"@id\":\"https:\/\/gr-100.com\/#organization\",\"name\":\"Gr-100\",\"url\":\"https:\/\/gr-100.com\/\",\"logo\":{\"@type\":\"ImageObject\",\"inLanguage\":\"pt-PT\",\"@id\":\"https:\/\/gr-100.com\/#\/schema\/logo\/image\/\",\"url\":\"https:\/\/gr-100.com\/wp-content\/uploads\/2023\/08\/logo-gr-100-bikes.png\",\"contentUrl\":\"https:\/\/gr-100.com\/wp-content\/uploads\/2023\/08\/logo-gr-100-bikes.png\",\"width\":707,\"height\":284,\"caption\":\"Gr-100\"},\"image\":{\"@id\":\"https:\/\/gr-100.com\/#\/schema\/logo\/image\/\"},\"sameAs\":[\"https:\/\/www.facebook.com\/Gr100Bikes\",\"https:\/\/www.instagram.com\/gr100bikes\/\",\"https:\/\/www.tiktok.com\/@gr100bikes\",\"https:\/\/twitter.com\/gr100mtbteam\",\"https:\/\/www.youtube.com\/c\/GR100Specialized\"]}]}<\/script>\n<!-- \/ Yoast SEO Premium plugin. -->","yoast_head_json":{"title":"Specialized Epic Comp 2023 GR-100 Ofertas","description":"GR-100 Specialized. Melhores pre\u00e7os sem concorr\u00eancia. Solicite a sua oferta personalizada. Produto: Specialized Epic Comp 2023","robots":{"index":"index","follow":"follow","max-snippet":"max-snippet:-1","max-image-preview":"max-image-preview:large","max-video-preview":"max-video-preview:-1"},"canonical":"https:\/\/gr-100.com\/pt-pt\/producto\/especialidade-epic-comp-2023\/","og_locale":"pt_PT","og_type":"article","og_title":"Specialized Epic Comp 2023","og_description":"GR-100 Specialized. Melhores pre\u00e7os sem concorr\u00eancia. Solicite a sua oferta personalizada. Produto: Specialized Epic Comp 2023","og_url":"https:\/\/gr-100.com\/pt-pt\/producto\/especialidade-epic-comp-2023\/","og_site_name":"Gr-100 Tienda de ciclismo Specialized","article_publisher":"https:\/\/www.facebook.com\/Gr100Bikes","article_modified_time":"2025-12-18T14:40:05+00:00","og_image":[{"width":1000,"height":1000,"url":"https:\/\/gr-100.com\/wp-content\/uploads\/2024\/05\/epic_comp_23.jpeg","type":"image\/jpeg"}],"twitter_card":"summary_large_image","twitter_misc":{"Tempo estimado de leitura":"3 minutos"},"schema":{"@context":"https:\/\/schema.org","@graph":[{"@type":"WebPage","@id":"https:\/\/gr-100.com\/pt-pt\/producto\/especialidade-epic-comp-2023\/","url":"https:\/\/gr-100.com\/pt-pt\/producto\/especialidade-epic-comp-2023\/","name":"Specialized Epic Comp 2023 GR-100 Ofertas","isPartOf":{"@id":"https:\/\/gr-100.com\/#website"},"primaryImageOfPage":{"@id":"https:\/\/gr-100.com\/pt-pt\/producto\/especialidade-epic-comp-2023\/#primaryimage"},"image":{"@id":"https:\/\/gr-100.com\/pt-pt\/producto\/especialidade-epic-comp-2023\/#primaryimage"},"thumbnailUrl":"https:\/\/gr-100.com\/wp-content\/uploads\/2024\/05\/epic_comp_23.jpeg","datePublished":"2024-07-01T11:36:20+00:00","dateModified":"2025-12-18T14:40:05+00:00","description":"GR-100 Specialized. Melhores pre\u00e7os sem concorr\u00eancia. Solicite a sua oferta personalizada. Produto: Specialized Epic Comp 2023","breadcrumb":{"@id":"https:\/\/gr-100.com\/pt-pt\/producto\/especialidade-epic-comp-2023\/#breadcrumb"},"inLanguage":"pt-PT","potentialAction":[{"@type":"ReadAction","target":["https:\/\/gr-100.com\/pt-pt\/producto\/especialidade-epic-comp-2023\/"]}]},{"@type":"ImageObject","inLanguage":"pt-PT","@id":"https:\/\/gr-100.com\/pt-pt\/producto\/especialidade-epic-comp-2023\/#primaryimage","url":"https:\/\/gr-100.com\/wp-content\/uploads\/2024\/05\/epic_comp_23.jpeg","contentUrl":"https:\/\/gr-100.com\/wp-content\/uploads\/2024\/05\/epic_comp_23.jpeg","width":1000,"height":1000},{"@type":"BreadcrumbList","@id":"https:\/\/gr-100.com\/pt-pt\/producto\/especialidade-epic-comp-2023\/#breadcrumb","itemListElement":[{"@type":"ListItem","position":1,"name":"Portada","item":"https:\/\/gr-100.com\/en\/"},{"@type":"ListItem","position":2,"name":"Productos","item":"https:\/\/gr-100.com\/?post_type=product"},{"@type":"ListItem","position":3,"name":"Specialized Epic Comp 2023"}]},{"@type":"WebSite","@id":"https:\/\/gr-100.com\/#website","url":"https:\/\/gr-100.com\/","name":"Gr-100 Tienda de ciclismo Specialized","description":"GR-100 tenemos todas las gamas de bicicletas Specialized al mejor precio.","publisher":{"@id":"https:\/\/gr-100.com\/#organization"},"alternateName":"Gr-100 Bikes","potentialAction":[{"@type":"SearchAction","target":{"@type":"EntryPoint","urlTemplate":"https:\/\/gr-100.com\/?s={search_term_string}"},"query-input":{"@type":"PropertyValueSpecification","valueRequired":true,"valueName":"search_term_string"}}],"inLanguage":"pt-PT"},{"@type":"Organization","@id":"https:\/\/gr-100.com\/#organization","name":"Gr-100","url":"https:\/\/gr-100.com\/","logo":{"@type":"ImageObject","inLanguage":"pt-PT","@id":"https:\/\/gr-100.com\/#\/schema\/logo\/image\/","url":"https:\/\/gr-100.com\/wp-content\/uploads\/2023\/08\/logo-gr-100-bikes.png","contentUrl":"https:\/\/gr-100.com\/wp-content\/uploads\/2023\/08\/logo-gr-100-bikes.png","width":707,"height":284,"caption":"Gr-100"},"image":{"@id":"https:\/\/gr-100.com\/#\/schema\/logo\/image\/"},"sameAs":["https:\/\/www.facebook.com\/Gr100Bikes","https:\/\/www.instagram.com\/gr100bikes\/","https:\/\/www.tiktok.com\/@gr100bikes","https:\/\/twitter.com\/gr100mtbteam","https:\/\/www.youtube.com\/c\/GR100Specialized"]}]}},"_links":{"self":[{"href":"https:\/\/gr-100.com\/pt-pt\/wp-json\/wp\/v2\/product\/380524","targetHints":{"allow":["GET"]}}],"collection":[{"href":"https:\/\/gr-100.com\/pt-pt\/wp-json\/wp\/v2\/product"}],"about":[{"href":"https:\/\/gr-100.com\/pt-pt\/wp-json\/wp\/v2\/types\/product"}],"replies":[{"embeddable":true,"href":"https:\/\/gr-100.com\/pt-pt\/wp-json\/wp\/v2\/comments?post=380524"}],"wp:featuredmedia":[{"embeddable":true,"href":"https:\/\/gr-100.com\/pt-pt\/wp-json\/wp\/v2\/media\/303821"}],"wp:attachment":[{"href":"https:\/\/gr-100.com\/pt-pt\/wp-json\/wp\/v2\/media?parent=380524"}],"wp:term":[{"taxonomy":"product_brand","embeddable":true,"href":"https:\/\/gr-100.com\/pt-pt\/wp-json\/wp\/v2\/product_brand?post=380524"},{"taxonomy":"product_cat","embeddable":true,"href":"https:\/\/gr-100.com\/pt-pt\/wp-json\/wp\/v2\/product_cat?post=380524"},{"taxonomy":"product_tag","embeddable":true,"href":"https:\/\/gr-100.com\/pt-pt\/wp-json\/wp\/v2\/product_tag?post=380524"}],"curies":[{"name":"wp","href":"https:\/\/api.w.org\/{rel}","templated":true}]}}