{"id":380570,"date":"2024-07-01T13:33:13","date_gmt":"2024-07-01T11:33:13","guid":{"rendered":"https:\/\/gr-100.com\/producto\/especialista-em-copa-do-mundo-epica-especializada-2024\/"},"modified":"2025-09-22T17:05:17","modified_gmt":"2025-09-22T15:05:17","slug":"especialista-em-copa-do-mundo-epica-especializada-2024","status":"publish","type":"product","link":"https:\/\/gr-100.com\/pt-pt\/producto\/especialista-em-copa-do-mundo-epica-especializada-2024\/","title":{"rendered":"Specialized Expert \u00e9pico da Copa do Mundo 2024"},"content":{"rendered":"<p>https:\/\/youtu.be\/TGrKBFV2I34 <strong>CUADRO DE REFERENCIA:<\/strong> Para ofrecer la m\u00e1xima velocidad a trav\u00e9s de una transferencia de potencia de una eficiencia sin precedentes y una conducci\u00f3n muy precisa, nuestro equipo de ingenier\u00eda estableci\u00f3 y alcanz\u00f3 nuevos est\u00e1ndares en rigidez torsional y rigidez del eje de pedalier. Esta meta requiri\u00f3 un enfoque de desarrollo integrado que fusion\u00f3 un dise\u00f1o de doble diamante estructuralmente superior con su amortiguador acunado en el interior del tubo superior, y rematado con el laminado de carbono m\u00e1s sofisticado de la historia de Specialized.<br \/>\nNACE UNA NUEVA FORMA DE SUSPENSI\u00d3N: El equipo de Specialized Ride Dynamics concibi\u00f3 e invent\u00f3 una revolucionaria tecnolog\u00eda de amortiguadores para la Epic World Cup que proporciona al ciclista la eficiencia y repuesta r\u00e1pida de una bicicleta r\u00edgida M\u00c1S el control, la capacidad y el impulso de una doble suspensi\u00f3n, todo ello con una sencilla configuraci\u00f3n. Co-desarrollado con RockShox, el amortiguador SID Deluxe WCID utiliza unas c\u00e1maras de aire positivas y negativas ajustables de forma independiente para ofrecer el tan buscado &#8220;efecto&#8221; de una bicicleta r\u00edgida, combinado con una amortiguaci\u00f3n que devora el terreno, y la capacidad de personalizar f\u00e1cilmente la configuraci\u00f3n para un recorrido espec\u00edfico o ajustarla a las preferencias y sensaciones del ciclista. Usa la configuraci\u00f3n firme y rodar\u00e1 como una r\u00edgida, o utiliza la configuraci\u00f3n m\u00e1s activa y absorber\u00e1 cada bache sin perder eficiencia ni aceleraci\u00f3n. Pero no solo estas limitado a &#8220;abierto y cerrado&#8221;, la naturaleza simple de su configuraci\u00f3n permite al ciclista ajustarla en todo el espectro entre firme y suave. <strong>SUPERANDO SU PROPIA CATEGORIA:<\/strong> Los 75mm de recorrido trasero de la Epic World Cup proporcionan el control y capacidad de una bicicleta de mayor recorrido. Debido a que est\u00e1 dise\u00f1ado para funcionar con un sag muy reducido, ofrece el mismo recorrido efectivo que una bicicleta de 100mm con un 25% de sag. Para optimizar a\u00fan m\u00e1s el rendimiento de la suspensi\u00f3n, el equipo de Specialized Ride Dynamics ha ajustado el tarado de la c\u00e1mara de aire para que sea relativamente lineal en la mitad de la suspensi\u00f3n y as\u00ed absorber impactos grandes como una bici de mayor recorrido. Debido a su gran tama\u00f1o, el Mega Jounce Bumper es una &#8220;primicia en la industria&#8221; y juega un papel crucial en la absorci\u00f3n cuando haces tope con impactos fuertes.<\/p>\n<p><strong>PERDEMOS &#8220;A CABE\u00c7A&#8221;?<\/strong>  Algo assim: enquanto o novo e revolucion\u00e1rio amortecedor SID Deluxe WCID proporciona a combina\u00e7\u00e3o \u00fanica de suspens\u00e3o e rigidez na traseira, o BRAIN ainda est\u00e1 vivo e a chutar na forquilha. Sua tecnologia sens\u00edvel \u00e0 posi\u00e7\u00e3o torna os primeiros 15 mm de curso muito suaves para n\u00e3o perder tra\u00e7\u00e3o em pequenos solavancos, enquanto o resto da suspens\u00e3o tem um comportamento mais firme para n\u00e3o contaminar as pedaladas. Tudo isso sem a necessidade de um bloqueio remoto ou alavanca. <strong>O PESO EST\u00c1 ACIMA:<\/strong> Com um peso de quadro de apenas 1.915 gramas (pintado, chocado e todo o hardware), o Epic World Cup supera o mais leve de seus concorrentes. Ele acelera mais r\u00e1pido, escala de forma eficiente e \u00e9 melhor controlado em qualquer circunst\u00e2ncia. Tudo isso se traduz em velocidade. Atingimos o peso pena e a rigidez monstruosa do Epic WC aplicando-o.O<br \/>\n novo quadro da Epic World Cup apresenta tecnologia de suspens\u00e3o Ride Dynamics Developed e 75 mm de curso otimizado na traseira. Gra\u00e7as ao seu sistema de amortecimento, o Epic World Cup oferece uma efici\u00eancia de pedalagem inigual\u00e1vel e est\u00e1 pronto para as descidas mais exigentes, sem a necessidade de qualquer controlo remoto para abrir e bloquear o choque.  <\/p>\n<p>A cadeia cinem\u00e1tica SRAM GX baseia-se no que os melhores pilotos precisam em termos de desempenho e mudan\u00e7as robustas, por isso \u00e9 perfeitamente adequado \u00e0s exig\u00eancias brutais das corridas de todo-o-terreno modernas.<br \/>\nA nov\u00edssima forquilha SID SL BRAIN proporciona 110 mm de desempenho de absor\u00e7\u00e3o de solavancos, ao mesmo tempo que distingue os solavancos do solo ou do condutor para a m\u00e1xima efici\u00eancia.<br \/>\nDescendentes de uma longa linhagem da Copa do Mundo, as rodas Roval Control feitas \u00e0 m\u00e3o apresentam um moderno aro sem gancho de 29 mm de largura interna que maximiza a for\u00e7a, a qualidade de condu\u00e7\u00e3o e a durabilidade, mantendo o peso ao m\u00ednimo.<\/p>\n<div class=\"product-specification\">\n<p><strong>Especifica\u00e7\u00f5es t\u00e9cnicas<\/strong><\/p>\n<ul>\n<li>Body Geometry Power Sport SADDLE,<br \/>\n calhas de a\u00e7o<\/li>\n<li>Specialized<br \/>\n Minirise de liga especial, eleva\u00e7\u00e3o de 10mm, grampo de 750mm, 31,8mm<\/li>\n<li>Specialized<br \/>\n de assento de liga especial, parafuso \u00fanico, 30,9 mm<\/li>\n<li>Specialized\n<\/li>\n<li>STEM<br \/>\nSpecialized XC, liga forjada em 3D, 4 parafusos, eleva\u00e7\u00e3o de 6 graus<\/li>\n<li>DT SWISS 350 CUBO TRASEIRO<br \/>\n, 6 parafusos, DT Swiss Ratchet, 12x148mm atrav\u00e9s do eixo, corpo XD freehub, 28h de tra\u00e7\u00e3o reta<\/li>\n<li>SPOKES<br \/>\nDT Swiss Competition Race Puxar em linha reta<\/li>\n<li>PNEU.<br \/>\nSpecialized Trak r\u00e1pido, caixa de controle, composto T7, 29&#215;2.35<\/li>\n<li>Roval Control Carbon RIMS<br \/>\n, design offset, largura interna de 29mm, largura do gancho de 4mm, pronto para tubeless, 28h<\/li>\n<li>CUBO DIANTEIRO<br \/>\nDT SWISS 350, 6 parafusos, eixo Thru de 15 mm, espa\u00e7amento de 110 mm, tra\u00e7\u00e3o reta de 28 horas<\/li>\n<li>PNEU TRASEIRO<br \/>\nSpecialized , Caixa de Controle, Composto T5, 29&#215;2.35<\/li>\n<li>C\u00c2MARAS<br \/>\nSpecialized<\/li>\n<li>FRAME<br \/>\nFact 11m Carbon, design de suspens\u00e3o WCID, Geometria de Corrida XC Progressiva, Rider-First Engineered\u2122, BB roscado, espa\u00e7amento traseiro de 12x148mm, roteamento de cabos interno, 75mm de curso<\/li>\n<li>ABRA\u00c7O. Specialized 34.9 SADDLE,<br \/>\n Parafuso de a\u00e7o <\/li>\n<li>SRAM<br \/>\n POD AXS<\/li>\n<li>SRAM GX Eagle CADEIA<br \/>\nSRAM<\/li>\n<li>SRAM XS 1275 CASSETTE,<br \/>\n 12 velocidades, 10-52tSRAM<\/li>\n<li>SRAM DUB Suporte inferior<br \/>\nSRAM largo roscado<\/li>\n<li>SRAM GX Eagle Suporte inferior<br \/>\n, DUB, 170\/175mm, 34tSRAM<\/li>\n<li>SRAM GX Eagle<br \/>\n Transmiss\u00e3oSRAM<\/li>\n<li>AN\u00c9IS DE CORRENTE DE LIGA,<br \/>\n 34t<\/li>\n<li>FREIO DIANTEIRO<br \/>\nSRAM N\u00edvel Bronze, pin\u00e7a de 2 pist\u00f5es, disco hidr\u00e1ulico, furtividade, rotor 180\/160mm<\/li>\n<li>Freio<br \/>\n traseiro SRAM Level Bronze, pin\u00e7a de 2 pist\u00f5es, disco hidr\u00e1ulico, stealth, rotorSRAM de 160mm<\/li>\n<li>RockShox SID SL BRAIN FORK<br \/>\n, Amortecedor cerebral de ajuste superior, Debon Air, 15x110mm, 44mm offset, 110mm Travel<\/li>\n<li>RockShox SIDLuxe WCID Ultimate SHOCKSpecialized<br \/>\n, Ride Dynamics Desenvolvido, Mola negativa independente, Rebound Adjust, 215x40mm<\/li>\n<li>SWAT<br \/>\nSWAT EMT Ferramenta de montagem em gaiola<\/li>\n<li>Peso<br \/>\n10.5kg (23 lbs, 2.4 oz)<br \/>\nTamanho Peso<br \/>\nMD<\/li>\n<\/ul>\n<p>* Os pesos baseiam-se em fotografias de produ\u00e7\u00e3o pintadas, tal como indicado na imagem. Os pesos reais variam consoante a cor, o tamanho do quadro e a varia\u00e7\u00e3o dos componentes. As especifica\u00e7\u00f5es est\u00e3o sujeitas a altera\u00e7\u00f5es sem aviso pr\u00e9vio.<\/p>\n<\/div>\n","protected":false},"excerpt":{"rendered":"<ul>\n<li>PENSE MAIS R\u00c1PIDO: A <strong>Epic World Cup \u00e9 a moto de corrida XC mais r\u00e1pida do mundo em passeios suaves<\/strong> a moderadamente t\u00e9cnicos, gra\u00e7as \u00e0 sua combina\u00e7\u00e3o incompar\u00e1vel de efici\u00eancia, controle e leveza.<br \/>\nO campe\u00e3o mundial Christopher Blevins disse melhor: &#8220;Isso me d\u00e1 tudo o que eu poderia querer de um hardtail, al\u00e9m do controle e capacidade de suspens\u00e3o total.&#8221;<br \/>\nTudo o que foi necess\u00e1rio para criar esta m\u00e1quina de velocidade foi uma abordagem de desenvolvimento totalmente integrada, a inven\u00e7\u00e3o de um novo amortecedor radical e quatro d\u00e9cadas de experi\u00eancia vencedora fora de estrada.  <\/li>\n<\/ul>\n","protected":false},"featured_media":303656,"comment_status":"closed","ping_status":"closed","template":"","meta":{"_acf_changed":false,"_et_pb_use_builder":"","_et_pb_old_content":"","_et_gb_content_width":"","inline_featured_image":false},"product_brand":[],"product_cat":[2459,402,2483,2696],"product_tag":[],"class_list":{"0":"post-380570","1":"product","2":"type-product","3":"status-publish","4":"has-post-thumbnail","6":"product_cat-bicicletas-pt-pt-2","7":"product_cat-montanha","8":"product_cat-bicicletas-especializadas","9":"product_cat-ofertas-especializadas","10":"product_shipping_class-bicicletas-pt-pt","12":"first","13":"outofstock","14":"taxable","15":"shipping-taxable","16":"product-type-variable","17":"wvs-archive-product-wrapper"},"acf":[],"yoast_head":"<!-- This site is optimized with the Yoast SEO Premium plugin v26.7 (Yoast SEO v26.7) - https:\/\/yoast.com\/wordpress\/plugins\/seo\/ -->\n<title>Specialized Expert \u00e9pico da Copa do Mundo 2024 GR-100 Ofertas<\/title>\n<meta name=\"description\" content=\"GR-100 Specialized. Melhores pre\u00e7os sem concorr\u00eancia. Solicite a sua oferta personalizada. Specialized Expert \u00e9pico da Copa do Mundo 2024.\" \/>\n<meta name=\"robots\" content=\"index, follow, max-snippet:-1, max-image-preview:large, max-video-preview:-1\" \/>\n<link rel=\"canonical\" href=\"https:\/\/gr-100.com\/pt-pt\/producto\/especialista-em-copa-do-mundo-epica-especializada-2024\/\" \/>\n<meta property=\"og:locale\" content=\"pt_PT\" \/>\n<meta property=\"og:type\" content=\"article\" \/>\n<meta property=\"og:title\" content=\"Specialized Expert \u00e9pico da Copa do Mundo 2024\" \/>\n<meta property=\"og:description\" content=\"GR-100 Specialized. Melhores pre\u00e7os sem concorr\u00eancia. Solicite a sua oferta personalizada. Specialized Expert \u00e9pico da Copa do Mundo 2024.\" \/>\n<meta property=\"og:url\" content=\"https:\/\/gr-100.com\/pt-pt\/producto\/especialista-em-copa-do-mundo-epica-especializada-2024\/\" \/>\n<meta property=\"og:site_name\" content=\"Gr-100 Tienda de ciclismo Specialized\" \/>\n<meta property=\"article:publisher\" content=\"https:\/\/www.facebook.com\/Gr100Bikes\" \/>\n<meta property=\"article:modified_time\" content=\"2025-09-22T15:05:17+00:00\" \/>\n<meta property=\"og:image\" content=\"https:\/\/gr-100.com\/wp-content\/uploads\/2024\/05\/epic-world-cup-expert-1.jpeg\" \/>\n\t<meta property=\"og:image:width\" content=\"1000\" \/>\n\t<meta property=\"og:image:height\" content=\"1000\" \/>\n\t<meta property=\"og:image:type\" content=\"image\/jpeg\" \/>\n<meta name=\"twitter:card\" content=\"summary_large_image\" \/>\n<meta name=\"twitter:label1\" content=\"Tempo estimado de leitura\" \/>\n\t<meta name=\"twitter:data1\" content=\"5 minutos\" \/>\n<script type=\"application\/ld+json\" class=\"yoast-schema-graph\">{\"@context\":\"https:\/\/schema.org\",\"@graph\":[{\"@type\":\"WebPage\",\"@id\":\"https:\/\/gr-100.com\/pt-pt\/producto\/especialista-em-copa-do-mundo-epica-especializada-2024\/\",\"url\":\"https:\/\/gr-100.com\/pt-pt\/producto\/especialista-em-copa-do-mundo-epica-especializada-2024\/\",\"name\":\"Specialized Expert \u00e9pico da Copa do Mundo 2024 GR-100 Ofertas\",\"isPartOf\":{\"@id\":\"https:\/\/gr-100.com\/#website\"},\"primaryImageOfPage\":{\"@id\":\"https:\/\/gr-100.com\/pt-pt\/producto\/especialista-em-copa-do-mundo-epica-especializada-2024\/#primaryimage\"},\"image\":{\"@id\":\"https:\/\/gr-100.com\/pt-pt\/producto\/especialista-em-copa-do-mundo-epica-especializada-2024\/#primaryimage\"},\"thumbnailUrl\":\"https:\/\/gr-100.com\/wp-content\/uploads\/2024\/05\/epic-world-cup-expert-1.jpeg\",\"datePublished\":\"2024-07-01T11:33:13+00:00\",\"dateModified\":\"2025-09-22T15:05:17+00:00\",\"description\":\"GR-100 Specialized. Melhores pre\u00e7os sem concorr\u00eancia. Solicite a sua oferta personalizada. Specialized Expert \u00e9pico da Copa do Mundo 2024.\",\"breadcrumb\":{\"@id\":\"https:\/\/gr-100.com\/pt-pt\/producto\/especialista-em-copa-do-mundo-epica-especializada-2024\/#breadcrumb\"},\"inLanguage\":\"pt-PT\",\"potentialAction\":[{\"@type\":\"ReadAction\",\"target\":[\"https:\/\/gr-100.com\/pt-pt\/producto\/especialista-em-copa-do-mundo-epica-especializada-2024\/\"]}]},{\"@type\":\"ImageObject\",\"inLanguage\":\"pt-PT\",\"@id\":\"https:\/\/gr-100.com\/pt-pt\/producto\/especialista-em-copa-do-mundo-epica-especializada-2024\/#primaryimage\",\"url\":\"https:\/\/gr-100.com\/wp-content\/uploads\/2024\/05\/epic-world-cup-expert-1.jpeg\",\"contentUrl\":\"https:\/\/gr-100.com\/wp-content\/uploads\/2024\/05\/epic-world-cup-expert-1.jpeg\",\"width\":1000,\"height\":1000},{\"@type\":\"BreadcrumbList\",\"@id\":\"https:\/\/gr-100.com\/pt-pt\/producto\/especialista-em-copa-do-mundo-epica-especializada-2024\/#breadcrumb\",\"itemListElement\":[{\"@type\":\"ListItem\",\"position\":1,\"name\":\"Portada\",\"item\":\"https:\/\/gr-100.com\/en\/\"},{\"@type\":\"ListItem\",\"position\":2,\"name\":\"Productos\",\"item\":\"https:\/\/gr-100.com\/?post_type=product\"},{\"@type\":\"ListItem\",\"position\":3,\"name\":\"Specialized Expert \u00e9pico da Copa do Mundo 2024\"}]},{\"@type\":\"WebSite\",\"@id\":\"https:\/\/gr-100.com\/#website\",\"url\":\"https:\/\/gr-100.com\/\",\"name\":\"Gr-100 Tienda de ciclismo Specialized\",\"description\":\"GR-100 tenemos todas las gamas de bicicletas Specialized al mejor precio.\",\"publisher\":{\"@id\":\"https:\/\/gr-100.com\/#organization\"},\"alternateName\":\"Gr-100 Bikes\",\"potentialAction\":[{\"@type\":\"SearchAction\",\"target\":{\"@type\":\"EntryPoint\",\"urlTemplate\":\"https:\/\/gr-100.com\/?s={search_term_string}\"},\"query-input\":{\"@type\":\"PropertyValueSpecification\",\"valueRequired\":true,\"valueName\":\"search_term_string\"}}],\"inLanguage\":\"pt-PT\"},{\"@type\":\"Organization\",\"@id\":\"https:\/\/gr-100.com\/#organization\",\"name\":\"Gr-100\",\"url\":\"https:\/\/gr-100.com\/\",\"logo\":{\"@type\":\"ImageObject\",\"inLanguage\":\"pt-PT\",\"@id\":\"https:\/\/gr-100.com\/#\/schema\/logo\/image\/\",\"url\":\"https:\/\/gr-100.com\/wp-content\/uploads\/2023\/08\/logo-gr-100-bikes.png\",\"contentUrl\":\"https:\/\/gr-100.com\/wp-content\/uploads\/2023\/08\/logo-gr-100-bikes.png\",\"width\":707,\"height\":284,\"caption\":\"Gr-100\"},\"image\":{\"@id\":\"https:\/\/gr-100.com\/#\/schema\/logo\/image\/\"},\"sameAs\":[\"https:\/\/www.facebook.com\/Gr100Bikes\",\"https:\/\/www.instagram.com\/gr100bikes\/\",\"https:\/\/www.tiktok.com\/@gr100bikes\",\"https:\/\/twitter.com\/gr100mtbteam\",\"https:\/\/www.youtube.com\/c\/GR100Specialized\"]}]}<\/script>\n<!-- \/ Yoast SEO Premium plugin. -->","yoast_head_json":{"title":"Specialized Expert \u00e9pico da Copa do Mundo 2024 GR-100 Ofertas","description":"GR-100 Specialized. Melhores pre\u00e7os sem concorr\u00eancia. Solicite a sua oferta personalizada. Specialized Expert \u00e9pico da Copa do Mundo 2024.","robots":{"index":"index","follow":"follow","max-snippet":"max-snippet:-1","max-image-preview":"max-image-preview:large","max-video-preview":"max-video-preview:-1"},"canonical":"https:\/\/gr-100.com\/pt-pt\/producto\/especialista-em-copa-do-mundo-epica-especializada-2024\/","og_locale":"pt_PT","og_type":"article","og_title":"Specialized Expert \u00e9pico da Copa do Mundo 2024","og_description":"GR-100 Specialized. Melhores pre\u00e7os sem concorr\u00eancia. Solicite a sua oferta personalizada. Specialized Expert \u00e9pico da Copa do Mundo 2024.","og_url":"https:\/\/gr-100.com\/pt-pt\/producto\/especialista-em-copa-do-mundo-epica-especializada-2024\/","og_site_name":"Gr-100 Tienda de ciclismo Specialized","article_publisher":"https:\/\/www.facebook.com\/Gr100Bikes","article_modified_time":"2025-09-22T15:05:17+00:00","og_image":[{"width":1000,"height":1000,"url":"https:\/\/gr-100.com\/wp-content\/uploads\/2024\/05\/epic-world-cup-expert-1.jpeg","type":"image\/jpeg"}],"twitter_card":"summary_large_image","twitter_misc":{"Tempo estimado de leitura":"5 minutos"},"schema":{"@context":"https:\/\/schema.org","@graph":[{"@type":"WebPage","@id":"https:\/\/gr-100.com\/pt-pt\/producto\/especialista-em-copa-do-mundo-epica-especializada-2024\/","url":"https:\/\/gr-100.com\/pt-pt\/producto\/especialista-em-copa-do-mundo-epica-especializada-2024\/","name":"Specialized Expert \u00e9pico da Copa do Mundo 2024 GR-100 Ofertas","isPartOf":{"@id":"https:\/\/gr-100.com\/#website"},"primaryImageOfPage":{"@id":"https:\/\/gr-100.com\/pt-pt\/producto\/especialista-em-copa-do-mundo-epica-especializada-2024\/#primaryimage"},"image":{"@id":"https:\/\/gr-100.com\/pt-pt\/producto\/especialista-em-copa-do-mundo-epica-especializada-2024\/#primaryimage"},"thumbnailUrl":"https:\/\/gr-100.com\/wp-content\/uploads\/2024\/05\/epic-world-cup-expert-1.jpeg","datePublished":"2024-07-01T11:33:13+00:00","dateModified":"2025-09-22T15:05:17+00:00","description":"GR-100 Specialized. Melhores pre\u00e7os sem concorr\u00eancia. Solicite a sua oferta personalizada. Specialized Expert \u00e9pico da Copa do Mundo 2024.","breadcrumb":{"@id":"https:\/\/gr-100.com\/pt-pt\/producto\/especialista-em-copa-do-mundo-epica-especializada-2024\/#breadcrumb"},"inLanguage":"pt-PT","potentialAction":[{"@type":"ReadAction","target":["https:\/\/gr-100.com\/pt-pt\/producto\/especialista-em-copa-do-mundo-epica-especializada-2024\/"]}]},{"@type":"ImageObject","inLanguage":"pt-PT","@id":"https:\/\/gr-100.com\/pt-pt\/producto\/especialista-em-copa-do-mundo-epica-especializada-2024\/#primaryimage","url":"https:\/\/gr-100.com\/wp-content\/uploads\/2024\/05\/epic-world-cup-expert-1.jpeg","contentUrl":"https:\/\/gr-100.com\/wp-content\/uploads\/2024\/05\/epic-world-cup-expert-1.jpeg","width":1000,"height":1000},{"@type":"BreadcrumbList","@id":"https:\/\/gr-100.com\/pt-pt\/producto\/especialista-em-copa-do-mundo-epica-especializada-2024\/#breadcrumb","itemListElement":[{"@type":"ListItem","position":1,"name":"Portada","item":"https:\/\/gr-100.com\/en\/"},{"@type":"ListItem","position":2,"name":"Productos","item":"https:\/\/gr-100.com\/?post_type=product"},{"@type":"ListItem","position":3,"name":"Specialized Expert \u00e9pico da Copa do Mundo 2024"}]},{"@type":"WebSite","@id":"https:\/\/gr-100.com\/#website","url":"https:\/\/gr-100.com\/","name":"Gr-100 Tienda de ciclismo Specialized","description":"GR-100 tenemos todas las gamas de bicicletas Specialized al mejor precio.","publisher":{"@id":"https:\/\/gr-100.com\/#organization"},"alternateName":"Gr-100 Bikes","potentialAction":[{"@type":"SearchAction","target":{"@type":"EntryPoint","urlTemplate":"https:\/\/gr-100.com\/?s={search_term_string}"},"query-input":{"@type":"PropertyValueSpecification","valueRequired":true,"valueName":"search_term_string"}}],"inLanguage":"pt-PT"},{"@type":"Organization","@id":"https:\/\/gr-100.com\/#organization","name":"Gr-100","url":"https:\/\/gr-100.com\/","logo":{"@type":"ImageObject","inLanguage":"pt-PT","@id":"https:\/\/gr-100.com\/#\/schema\/logo\/image\/","url":"https:\/\/gr-100.com\/wp-content\/uploads\/2023\/08\/logo-gr-100-bikes.png","contentUrl":"https:\/\/gr-100.com\/wp-content\/uploads\/2023\/08\/logo-gr-100-bikes.png","width":707,"height":284,"caption":"Gr-100"},"image":{"@id":"https:\/\/gr-100.com\/#\/schema\/logo\/image\/"},"sameAs":["https:\/\/www.facebook.com\/Gr100Bikes","https:\/\/www.instagram.com\/gr100bikes\/","https:\/\/www.tiktok.com\/@gr100bikes","https:\/\/twitter.com\/gr100mtbteam","https:\/\/www.youtube.com\/c\/GR100Specialized"]}]}},"_links":{"self":[{"href":"https:\/\/gr-100.com\/pt-pt\/wp-json\/wp\/v2\/product\/380570","targetHints":{"allow":["GET"]}}],"collection":[{"href":"https:\/\/gr-100.com\/pt-pt\/wp-json\/wp\/v2\/product"}],"about":[{"href":"https:\/\/gr-100.com\/pt-pt\/wp-json\/wp\/v2\/types\/product"}],"replies":[{"embeddable":true,"href":"https:\/\/gr-100.com\/pt-pt\/wp-json\/wp\/v2\/comments?post=380570"}],"wp:featuredmedia":[{"embeddable":true,"href":"https:\/\/gr-100.com\/pt-pt\/wp-json\/wp\/v2\/media\/303656"}],"wp:attachment":[{"href":"https:\/\/gr-100.com\/pt-pt\/wp-json\/wp\/v2\/media?parent=380570"}],"wp:term":[{"taxonomy":"product_brand","embeddable":true,"href":"https:\/\/gr-100.com\/pt-pt\/wp-json\/wp\/v2\/product_brand?post=380570"},{"taxonomy":"product_cat","embeddable":true,"href":"https:\/\/gr-100.com\/pt-pt\/wp-json\/wp\/v2\/product_cat?post=380570"},{"taxonomy":"product_tag","embeddable":true,"href":"https:\/\/gr-100.com\/pt-pt\/wp-json\/wp\/v2\/product_tag?post=380570"}],"curies":[{"name":"wp","href":"https:\/\/api.w.org\/{rel}","templated":true}]}}