{"id":380678,"date":"2024-07-01T13:32:41","date_gmt":"2024-07-01T13:32:41","guid":{"rendered":"https:\/\/gr-100.com\/producto\/suporte-specialized-s-works-epic-2023-gr-100\/"},"modified":"2025-11-26T16:41:25","modified_gmt":"2025-11-26T14:41:25","slug":"suporte-specialized-s-works-epic-2023-gr-100","status":"publish","type":"product","link":"https:\/\/gr-100.com\/pt-pt\/producto\/suporte-specialized-s-works-epic-2023-gr-100\/","title":{"rendered":"Specialized S-Works Epic 2023 GR-100"},"content":{"rendered":"<ul>\n<li>Um <strong>BRAIN<\/strong> mais<br \/>\n inteligente Fiel ao seu estilo, o mais recente Epic continua a tradi\u00e7\u00e3o, aproveitando a suspens\u00e3o BRAIN mais eficiente que j\u00e1 cri\u00e1mos.<br \/>\nRedesenhado de m\u00e3os dadas com o novo Epic, o mais recente design da BRAIN redefine a expectativa de efici\u00eancia, empregando uma nova plataforma de pedaladas ajustada para garantir que todos os watts poss\u00edveis se traduzam em movimento para a frente, tudo mais suavemente do que nunca.<\/li>\n<\/ul>\n<div class=\"product-specification\">\n<ul>\n<li>S-works Fact 12M Carbon Frame, Progressive Xc Race Geometry, Rider-first Engineered\u2122, Threaded Bb, 12X148Mm Espa\u00e7amento traseiro, Roteamento interno do cabo, 100Mm de curso<\/li>\n<li>Rockshox Sid Sl Ultimate Brain Fork, Amortecedor cerebral de ajuste superior, Debon Air, 15X110Mm, 44Mm Offset, 100Mm Curso<\/li>\n<li>Rockshox-specialized Brain Shockspecialized, Rx Xc Tune, 5 posi\u00e7\u00f5es Platform Adjust, Rebound Adjust, Integrated Extension, 265X52.5Mm<\/li>\n<li>Shimano XT Freios<\/li>\n<li>Sram GX Eagle AXS derailleur<\/li>\n<li>S-Works Sl, Liga, Parafusos de tit\u00e2nio, haste de eleva\u00e7\u00e3o de 6 graus<\/li>\n<li>Geometria do corpo S-works Power Saddle, Trilhos de fibra de carbono, Base de fibra de carbono<\/li>\n<li>S-Works Espig\u00e3o de Carbono<\/li>\n<li>S-Works<\/li>\n<li>Roval Control<\/li>\n<li>Specialized S-Works Fast Trak, Caixa S-works, Tampa frontal composta T5\/T7, 29X2.35<\/li>\n<li>Specialized Renegade, caixa de controle, composto T5, 29X2.35<\/li>\n<li>Di\u00e2metro do freio<br \/>\na disco 29&#8243;<\/li>\n<li>N\u00ba Rodas dentadas 12V<\/li>\n<li>Transmiss\u00e3o Electr\u00f3nica<\/li>\n<li>N\u00ba de Pratos 1<\/li>\n<li>Suspens\u00e3o Viagem 100<\/li>\n<\/ul>\n<\/div>\n","protected":false},"excerpt":{"rendered":"<p><strong>Montagem exclusiva GR-100.<\/strong><br \/>\nCombinando efici\u00eancia hardtail e capacidade de suspens\u00e3o total para resultados impressionantemente <strong>S-Works Epic<\/strong> sempre foi definido por um compromisso obsessivo com a velocidade. Bem, isso e mais de 100 vit\u00f3rias e p\u00f3dios em Copas do Mundo tamb\u00e9m. <\/p>\n","protected":false},"featured_media":303626,"comment_status":"closed","ping_status":"closed","template":"","meta":{"_acf_changed":false,"_et_pb_use_builder":"","_et_pb_old_content":"","_et_gb_content_width":"","inline_featured_image":false},"product_brand":[],"product_cat":[20,378],"product_tag":[],"class_list":{"0":"post-380678","1":"product","2":"type-product","3":"status-publish","4":"has-post-thumbnail","6":"product_cat-bicicletas-de-carretera","7":"product_cat-estrada","9":"first","10":"outofstock","11":"taxable","12":"shipping-taxable","13":"product-type-variable","14":"wvs-archive-product-wrapper"},"acf":[],"yoast_head":"<!-- This site is optimized with the Yoast SEO Premium plugin v26.7 (Yoast SEO v26.7) - https:\/\/yoast.com\/wordpress\/plugins\/seo\/ -->\n<title>Specialized S-Works Epic 2023 GR-100 GR-100 S-Works Epic Promo\u00e7\u00f5es<\/title>\n<meta name=\"description\" content=\"GR-100 Specialized. Melhores pre\u00e7os sem concorr\u00eancia. Solicite a sua oferta personalizada. Produto: Specialized S-Works Epic 2023\" \/>\n<meta name=\"robots\" content=\"index, follow, max-snippet:-1, max-image-preview:large, max-video-preview:-1\" \/>\n<link rel=\"canonical\" href=\"https:\/\/gr-100.com\/pt-pt\/producto\/suporte-specialized-s-works-epic-2023-gr-100\/\" \/>\n<meta property=\"og:locale\" content=\"pt_PT\" \/>\n<meta property=\"og:type\" content=\"article\" \/>\n<meta property=\"og:title\" content=\"Specialized S-Works Epic 2023 GR-100\" \/>\n<meta property=\"og:description\" content=\"GR-100 Specialized. Melhores pre\u00e7os sem concorr\u00eancia. Solicite a sua oferta personalizada. Produto: Specialized S-Works Epic 2023\" \/>\n<meta property=\"og:url\" content=\"https:\/\/gr-100.com\/pt-pt\/producto\/suporte-specialized-s-works-epic-2023-gr-100\/\" \/>\n<meta property=\"og:site_name\" content=\"Gr-100 Tienda de ciclismo Specialized\" \/>\n<meta property=\"article:publisher\" content=\"https:\/\/www.facebook.com\/Gr100Bikes\" \/>\n<meta property=\"article:modified_time\" content=\"2025-11-26T14:41:25+00:00\" \/>\n<meta property=\"og:image\" content=\"https:\/\/gr-100.com\/wp-content\/uploads\/2024\/05\/WhatsApp-Image-2023-09-25-at-11.41.28-3.jpeg\" \/>\n\t<meta property=\"og:image:width\" content=\"768\" \/>\n\t<meta property=\"og:image:height\" content=\"1024\" \/>\n\t<meta property=\"og:image:type\" content=\"image\/jpeg\" \/>\n<meta name=\"twitter:card\" content=\"summary_large_image\" \/>\n<meta name=\"twitter:label1\" content=\"Tempo estimado de leitura\" \/>\n\t<meta name=\"twitter:data1\" content=\"1 minuto\" \/>\n<script type=\"application\/ld+json\" class=\"yoast-schema-graph\">{\"@context\":\"https:\/\/schema.org\",\"@graph\":[{\"@type\":\"WebPage\",\"@id\":\"https:\/\/gr-100.com\/pt-pt\/producto\/suporte-specialized-s-works-epic-2023-gr-100\/\",\"url\":\"https:\/\/gr-100.com\/pt-pt\/producto\/suporte-specialized-s-works-epic-2023-gr-100\/\",\"name\":\"Specialized S-Works Epic 2023 GR-100 GR-100 S-Works Epic Promo\u00e7\u00f5es\",\"isPartOf\":{\"@id\":\"https:\/\/gr-100.com\/#website\"},\"primaryImageOfPage\":{\"@id\":\"https:\/\/gr-100.com\/pt-pt\/producto\/suporte-specialized-s-works-epic-2023-gr-100\/#primaryimage\"},\"image\":{\"@id\":\"https:\/\/gr-100.com\/pt-pt\/producto\/suporte-specialized-s-works-epic-2023-gr-100\/#primaryimage\"},\"thumbnailUrl\":\"https:\/\/gr-100.com\/wp-content\/uploads\/2024\/05\/WhatsApp-Image-2023-09-25-at-11.41.28-3.jpeg\",\"datePublished\":\"2024-07-01T13:32:41+00:00\",\"dateModified\":\"2025-11-26T14:41:25+00:00\",\"description\":\"GR-100 Specialized. Melhores pre\u00e7os sem concorr\u00eancia. Solicite a sua oferta personalizada. Produto: Specialized S-Works Epic 2023\",\"breadcrumb\":{\"@id\":\"https:\/\/gr-100.com\/pt-pt\/producto\/suporte-specialized-s-works-epic-2023-gr-100\/#breadcrumb\"},\"inLanguage\":\"pt-PT\",\"potentialAction\":[{\"@type\":\"ReadAction\",\"target\":[\"https:\/\/gr-100.com\/pt-pt\/producto\/suporte-specialized-s-works-epic-2023-gr-100\/\"]}]},{\"@type\":\"ImageObject\",\"inLanguage\":\"pt-PT\",\"@id\":\"https:\/\/gr-100.com\/pt-pt\/producto\/suporte-specialized-s-works-epic-2023-gr-100\/#primaryimage\",\"url\":\"https:\/\/gr-100.com\/wp-content\/uploads\/2024\/05\/WhatsApp-Image-2023-09-25-at-11.41.28-3.jpeg\",\"contentUrl\":\"https:\/\/gr-100.com\/wp-content\/uploads\/2024\/05\/WhatsApp-Image-2023-09-25-at-11.41.28-3.jpeg\",\"width\":768,\"height\":1024},{\"@type\":\"BreadcrumbList\",\"@id\":\"https:\/\/gr-100.com\/pt-pt\/producto\/suporte-specialized-s-works-epic-2023-gr-100\/#breadcrumb\",\"itemListElement\":[{\"@type\":\"ListItem\",\"position\":1,\"name\":\"Portada\",\"item\":\"https:\/\/gr-100.com\/en\/\"},{\"@type\":\"ListItem\",\"position\":2,\"name\":\"Productos\",\"item\":\"https:\/\/gr-100.com\/?post_type=product\"},{\"@type\":\"ListItem\",\"position\":3,\"name\":\"Specialized S-Works Epic 2023 GR-100\"}]},{\"@type\":\"WebSite\",\"@id\":\"https:\/\/gr-100.com\/#website\",\"url\":\"https:\/\/gr-100.com\/\",\"name\":\"Gr-100 Tienda de ciclismo Specialized\",\"description\":\"GR-100 tenemos todas las gamas de bicicletas Specialized al mejor precio.\",\"publisher\":{\"@id\":\"https:\/\/gr-100.com\/#organization\"},\"alternateName\":\"Gr-100 Bikes\",\"potentialAction\":[{\"@type\":\"SearchAction\",\"target\":{\"@type\":\"EntryPoint\",\"urlTemplate\":\"https:\/\/gr-100.com\/?s={search_term_string}\"},\"query-input\":{\"@type\":\"PropertyValueSpecification\",\"valueRequired\":true,\"valueName\":\"search_term_string\"}}],\"inLanguage\":\"pt-PT\"},{\"@type\":\"Organization\",\"@id\":\"https:\/\/gr-100.com\/#organization\",\"name\":\"Gr-100\",\"url\":\"https:\/\/gr-100.com\/\",\"logo\":{\"@type\":\"ImageObject\",\"inLanguage\":\"pt-PT\",\"@id\":\"https:\/\/gr-100.com\/#\/schema\/logo\/image\/\",\"url\":\"https:\/\/gr-100.com\/wp-content\/uploads\/2023\/08\/logo-gr-100-bikes.png\",\"contentUrl\":\"https:\/\/gr-100.com\/wp-content\/uploads\/2023\/08\/logo-gr-100-bikes.png\",\"width\":707,\"height\":284,\"caption\":\"Gr-100\"},\"image\":{\"@id\":\"https:\/\/gr-100.com\/#\/schema\/logo\/image\/\"},\"sameAs\":[\"https:\/\/www.facebook.com\/Gr100Bikes\",\"https:\/\/www.instagram.com\/gr100bikes\/\",\"https:\/\/www.tiktok.com\/@gr100bikes\",\"https:\/\/twitter.com\/gr100mtbteam\",\"https:\/\/www.youtube.com\/c\/GR100Specialized\"]}]}<\/script>\n<!-- \/ Yoast SEO Premium plugin. -->","yoast_head_json":{"title":"Specialized S-Works Epic 2023 GR-100 GR-100 S-Works Epic Promo\u00e7\u00f5es","description":"GR-100 Specialized. Melhores pre\u00e7os sem concorr\u00eancia. Solicite a sua oferta personalizada. Produto: Specialized S-Works Epic 2023","robots":{"index":"index","follow":"follow","max-snippet":"max-snippet:-1","max-image-preview":"max-image-preview:large","max-video-preview":"max-video-preview:-1"},"canonical":"https:\/\/gr-100.com\/pt-pt\/producto\/suporte-specialized-s-works-epic-2023-gr-100\/","og_locale":"pt_PT","og_type":"article","og_title":"Specialized S-Works Epic 2023 GR-100","og_description":"GR-100 Specialized. Melhores pre\u00e7os sem concorr\u00eancia. Solicite a sua oferta personalizada. Produto: Specialized S-Works Epic 2023","og_url":"https:\/\/gr-100.com\/pt-pt\/producto\/suporte-specialized-s-works-epic-2023-gr-100\/","og_site_name":"Gr-100 Tienda de ciclismo Specialized","article_publisher":"https:\/\/www.facebook.com\/Gr100Bikes","article_modified_time":"2025-11-26T14:41:25+00:00","og_image":[{"width":768,"height":1024,"url":"https:\/\/gr-100.com\/wp-content\/uploads\/2024\/05\/WhatsApp-Image-2023-09-25-at-11.41.28-3.jpeg","type":"image\/jpeg"}],"twitter_card":"summary_large_image","twitter_misc":{"Tempo estimado de leitura":"1 minuto"},"schema":{"@context":"https:\/\/schema.org","@graph":[{"@type":"WebPage","@id":"https:\/\/gr-100.com\/pt-pt\/producto\/suporte-specialized-s-works-epic-2023-gr-100\/","url":"https:\/\/gr-100.com\/pt-pt\/producto\/suporte-specialized-s-works-epic-2023-gr-100\/","name":"Specialized S-Works Epic 2023 GR-100 GR-100 S-Works Epic Promo\u00e7\u00f5es","isPartOf":{"@id":"https:\/\/gr-100.com\/#website"},"primaryImageOfPage":{"@id":"https:\/\/gr-100.com\/pt-pt\/producto\/suporte-specialized-s-works-epic-2023-gr-100\/#primaryimage"},"image":{"@id":"https:\/\/gr-100.com\/pt-pt\/producto\/suporte-specialized-s-works-epic-2023-gr-100\/#primaryimage"},"thumbnailUrl":"https:\/\/gr-100.com\/wp-content\/uploads\/2024\/05\/WhatsApp-Image-2023-09-25-at-11.41.28-3.jpeg","datePublished":"2024-07-01T13:32:41+00:00","dateModified":"2025-11-26T14:41:25+00:00","description":"GR-100 Specialized. Melhores pre\u00e7os sem concorr\u00eancia. Solicite a sua oferta personalizada. Produto: Specialized S-Works Epic 2023","breadcrumb":{"@id":"https:\/\/gr-100.com\/pt-pt\/producto\/suporte-specialized-s-works-epic-2023-gr-100\/#breadcrumb"},"inLanguage":"pt-PT","potentialAction":[{"@type":"ReadAction","target":["https:\/\/gr-100.com\/pt-pt\/producto\/suporte-specialized-s-works-epic-2023-gr-100\/"]}]},{"@type":"ImageObject","inLanguage":"pt-PT","@id":"https:\/\/gr-100.com\/pt-pt\/producto\/suporte-specialized-s-works-epic-2023-gr-100\/#primaryimage","url":"https:\/\/gr-100.com\/wp-content\/uploads\/2024\/05\/WhatsApp-Image-2023-09-25-at-11.41.28-3.jpeg","contentUrl":"https:\/\/gr-100.com\/wp-content\/uploads\/2024\/05\/WhatsApp-Image-2023-09-25-at-11.41.28-3.jpeg","width":768,"height":1024},{"@type":"BreadcrumbList","@id":"https:\/\/gr-100.com\/pt-pt\/producto\/suporte-specialized-s-works-epic-2023-gr-100\/#breadcrumb","itemListElement":[{"@type":"ListItem","position":1,"name":"Portada","item":"https:\/\/gr-100.com\/en\/"},{"@type":"ListItem","position":2,"name":"Productos","item":"https:\/\/gr-100.com\/?post_type=product"},{"@type":"ListItem","position":3,"name":"Specialized S-Works Epic 2023 GR-100"}]},{"@type":"WebSite","@id":"https:\/\/gr-100.com\/#website","url":"https:\/\/gr-100.com\/","name":"Gr-100 Tienda de ciclismo Specialized","description":"GR-100 tenemos todas las gamas de bicicletas Specialized al mejor precio.","publisher":{"@id":"https:\/\/gr-100.com\/#organization"},"alternateName":"Gr-100 Bikes","potentialAction":[{"@type":"SearchAction","target":{"@type":"EntryPoint","urlTemplate":"https:\/\/gr-100.com\/?s={search_term_string}"},"query-input":{"@type":"PropertyValueSpecification","valueRequired":true,"valueName":"search_term_string"}}],"inLanguage":"pt-PT"},{"@type":"Organization","@id":"https:\/\/gr-100.com\/#organization","name":"Gr-100","url":"https:\/\/gr-100.com\/","logo":{"@type":"ImageObject","inLanguage":"pt-PT","@id":"https:\/\/gr-100.com\/#\/schema\/logo\/image\/","url":"https:\/\/gr-100.com\/wp-content\/uploads\/2023\/08\/logo-gr-100-bikes.png","contentUrl":"https:\/\/gr-100.com\/wp-content\/uploads\/2023\/08\/logo-gr-100-bikes.png","width":707,"height":284,"caption":"Gr-100"},"image":{"@id":"https:\/\/gr-100.com\/#\/schema\/logo\/image\/"},"sameAs":["https:\/\/www.facebook.com\/Gr100Bikes","https:\/\/www.instagram.com\/gr100bikes\/","https:\/\/www.tiktok.com\/@gr100bikes","https:\/\/twitter.com\/gr100mtbteam","https:\/\/www.youtube.com\/c\/GR100Specialized"]}]}},"_links":{"self":[{"href":"https:\/\/gr-100.com\/pt-pt\/wp-json\/wp\/v2\/product\/380678","targetHints":{"allow":["GET"]}}],"collection":[{"href":"https:\/\/gr-100.com\/pt-pt\/wp-json\/wp\/v2\/product"}],"about":[{"href":"https:\/\/gr-100.com\/pt-pt\/wp-json\/wp\/v2\/types\/product"}],"replies":[{"embeddable":true,"href":"https:\/\/gr-100.com\/pt-pt\/wp-json\/wp\/v2\/comments?post=380678"}],"wp:featuredmedia":[{"embeddable":true,"href":"https:\/\/gr-100.com\/pt-pt\/wp-json\/wp\/v2\/media\/303626"}],"wp:attachment":[{"href":"https:\/\/gr-100.com\/pt-pt\/wp-json\/wp\/v2\/media?parent=380678"}],"wp:term":[{"taxonomy":"product_brand","embeddable":true,"href":"https:\/\/gr-100.com\/pt-pt\/wp-json\/wp\/v2\/product_brand?post=380678"},{"taxonomy":"product_cat","embeddable":true,"href":"https:\/\/gr-100.com\/pt-pt\/wp-json\/wp\/v2\/product_cat?post=380678"},{"taxonomy":"product_tag","embeddable":true,"href":"https:\/\/gr-100.com\/pt-pt\/wp-json\/wp\/v2\/product_tag?post=380678"}],"curies":[{"name":"wp","href":"https:\/\/api.w.org\/{rel}","templated":true}]}}