{"id":380777,"date":"2024-07-01T13:25:37","date_gmt":"2024-07-01T11:25:37","guid":{"rendered":"https:\/\/gr-100.com\/producto\/stumpjumper-especializado-pro-23\/"},"modified":"2025-11-26T16:40:53","modified_gmt":"2025-11-26T14:40:53","slug":"stumpjumper-especializado-pro-23","status":"publish","type":"product","link":"https:\/\/gr-100.com\/pt-pt\/producto\/stumpjumper-especializado-pro-23\/","title":{"rendered":"Specialized Stumpjumper Pro 23"},"content":{"rendered":"<p>A Stumpjumper Pro \u00e9 uma moto de alto n\u00edvel para todos os tipos de terreno e para expandir horizontes.<br \/>\nObt\u00e9m o mesmo quadro em carbono FACT de 11 m que o nosso S-Works Stumpjumper, com S-Works .<br \/>\nTer\u00e1 uma bicicleta que devora facilmente as subidas mais vertiginosas e que varre as descidas.<br \/>\nVoc\u00ea tem a ideia: esta moto \u00e9 um assassino.   <\/p>\n<p>Acrescente-se a isso o conjunto propulsor SRAM XO Eagle de 12 velocidades e a suspens\u00e3o FOX Factory, e o custo-benef\u00edcio \u00e9 quase t\u00e3o incr\u00edvel quanto a pr\u00f3pria moto. A Stumpjumper \u00e9 uma bicicleta de montanha, com um peso leve l\u00edder da classe e uma nova cinem\u00e1tica de suspens\u00e3o.<\/p>\n<ul>\n<li>SELIM<\/li>\n<li>Liga, 38.6mm<\/li>\n<li>IMAGEM<\/li>\n<li>FACTO Chassis de carbono de 11 m e traseira, design assim\u00e9trico, geometria de 29 trilhas, integra\u00e7\u00e3o com portas SWAT\u2122, ajuste do tubo de cabe\u00e7a\/suporte inferior com chip flip, BB roscado, roteamento de cabos internos totalmente fechado, espa\u00e7amento traseiro compat\u00edvel com UDH de 12&#215;148 mm, piv\u00f4s de rolamento de cartucho selados, 130 mm de curso<\/li>\n<li>CABINE DE PILOTAGEM<\/li>\n<li>SELIM<\/li>\n<li>Ponte, 155\/143mm, Ti-rails ocos<\/li>\n<li>PUNHOS<\/li>\n<li>Divindade Lockjaw<\/li>\n<li>POT\u00caNCIA<\/li>\n<li>Divindade, 35.0mm<\/li>\n<li>GUID\u00c3O<\/li>\n<li>Roval Traverse SL Carbon, barra riser, upsweep de 6 graus, backsweep de 8 graus, eleva\u00e7\u00e3o de 30mm, 780mm, 35,0mm<\/li>\n<li>ESPIG\u00c3O ASSENTO<\/li>\n<li>Yoke da bicicleta, Revive Max, 34.9 (S1:120mm, S2-S3:150mm, S4-S5: 185mm, S6:213mm)<\/li>\n<li>RODAS<\/li>\n<li>PNEU.<\/li>\n<li>Talho, carca\u00e7a GRID, composto GRIPTON\u00ae T9, 29&#215;2.3&#8243;<\/li>\n<li>R\u00c1DIOS<\/li>\n<li>Corrida DT Competition<\/li>\n<li>CUBO TRASEIRO<\/li>\n<li>DT Swiss 350, Star Ratchet, engajamento 36t, corpo do motorista SRAM XD, eixo thru de 12mm, espa\u00e7amento de 148mm, 28h<\/li>\n<li>CUBO FRONTAL<\/li>\n<li>DT Swiss 350, rolamentos de cartucho selados, espa\u00e7amento 15x110mm, 28h<\/li>\n<li>PNEU TRASEIRO<\/li>\n<li>Purgat\u00f3rio, inv\u00f3lucro GRID, composto GRIPTON\u00ae T7, 29&#215;2.3&#8243;<\/li>\n<li>Pneus<\/li>\n<li>Roval Traverse Carbon 29, carbono sem gancho, largura interna de 30 mm, constru\u00eddo \u00e0 m\u00e3o, pronto para 2Bliss<\/li>\n<li>C\u00c2MARAS<\/li>\n<li>Padr\u00e3o, v\u00e1lvula Presta<\/li>\n<li>SUSPENS\u00c3O<\/li>\n<li>GARFO<\/li>\n<li>FOX F\u00e1brica FLOAT 34, amortecedor GRIP2, revestimento Kashima, 15x110mm, deslocamento de 44mm, curso de 140mm<\/li>\n<li>AMORTECEDOR<\/li>\n<li>FOX FLOAT DPS Factory, Rx Trail Tune, EVOL Air sleeve, Kashima Coat, ajuste de 3 posi\u00e7\u00f5es com ajuste de modo aberto, 190x45mm<\/li>\n<li>TRANSMISS\u00c3O<br \/>\nSuporte<br \/>\n inferiorSRAM DUB, BSA 73mm de largura, alavancas de mudan\u00e7a roscadas<\/p>\n<p>SRAM AXS POD Controlador<br \/>\nChain<br \/>\nSRAM X0<br \/>\nDerailleur<br \/>\n traseiroSRAM X0 Eagle Transmission Derailleur<br \/>\nCrankset<br \/>\nSRAM X0 Eagle Crankset, Alloy, Integrated Guard, 55mm Chainline, S1:165mm, S2-S5: 170mm, S6: 175mm<\/p>\n<p>SRAM X0 Eagle de transmiss\u00e3o, 12spd, 10-52t<br \/>\nChainrings<br \/>\n32T<\/li>\n<\/ul>\n<p>As especifica\u00e7\u00f5es est\u00e3o sujeitas a altera\u00e7\u00f5es sem aviso pr\u00e9vio.<\/p>\n","protected":false},"excerpt":{"rendered":"<p>A Stumpjumper Pro \u00e9 uma moto de alto n\u00edvel para todos os tipos de terreno e para expandir horizontes.<br \/>\nObt\u00e9m o mesmo quadro em carbono FACT de 11 m que o nosso S-Works Stumpjumper, com S-Works .<br \/>\nTer\u00e1 uma bicicleta que devora facilmente as subidas mais vertiginosas e que varre as descidas.<br \/>\nVoc\u00ea tem a ideia: esta moto \u00e9 um assassino.   <\/p>\n","protected":false},"featured_media":303183,"comment_status":"closed","ping_status":"closed","template":"","meta":{"_acf_changed":false,"_et_pb_use_builder":"","_et_pb_old_content":"","_et_gb_content_width":"","inline_featured_image":false},"product_brand":[],"product_cat":[2459,402,2483,2696],"product_tag":[],"class_list":{"0":"post-380777","1":"product","2":"type-product","3":"status-publish","4":"has-post-thumbnail","6":"product_cat-bicicletas-pt-pt-2","7":"product_cat-montanha","8":"product_cat-bicicletas-especializadas","9":"product_cat-ofertas-especializadas","10":"product_shipping_class-bicicletas-pt-pt","12":"first","13":"outofstock","14":"taxable","15":"shipping-taxable","16":"product-type-variable","17":"wvs-archive-product-wrapper"},"acf":[],"yoast_head":"<!-- This site is optimized with the Yoast SEO Premium plugin v26.7 (Yoast SEO v26.7) - https:\/\/yoast.com\/wordpress\/plugins\/seo\/ -->\n<title>Specialized Stumpjumper Pro 23 GR-100 Specialized<\/title>\n<meta name=\"description\" content=\"A Stumpjumper Pro \u00e9 uma moto de alto n\u00edvel para todos os tipos de terreno e para expandir horizontes. Voc\u00ea tem a mesma estrutura de carbono\" \/>\n<meta name=\"robots\" content=\"index, follow, max-snippet:-1, max-image-preview:large, max-video-preview:-1\" \/>\n<link rel=\"canonical\" href=\"https:\/\/gr-100.com\/pt-pt\/producto\/stumpjumper-especializado-pro-23\/\" \/>\n<meta property=\"og:locale\" content=\"pt_PT\" \/>\n<meta property=\"og:type\" content=\"article\" \/>\n<meta property=\"og:title\" content=\"Specialized Stumpjumper Pro 23\" \/>\n<meta property=\"og:description\" content=\"A Stumpjumper Pro \u00e9 uma moto de alto n\u00edvel para todos os tipos de terreno e para expandir horizontes. Voc\u00ea tem a mesma estrutura de carbono\" \/>\n<meta property=\"og:url\" content=\"https:\/\/gr-100.com\/pt-pt\/producto\/stumpjumper-especializado-pro-23\/\" \/>\n<meta property=\"og:site_name\" content=\"Gr-100 Tienda de ciclismo Specialized\" \/>\n<meta property=\"article:publisher\" content=\"https:\/\/www.facebook.com\/Gr100Bikes\" \/>\n<meta property=\"article:modified_time\" content=\"2025-11-26T14:40:53+00:00\" \/>\n<meta property=\"og:image\" content=\"https:\/\/gr-100.com\/wp-content\/uploads\/2024\/05\/2-2-Screenshot-of-Stumpjump.jpg\" \/>\n\t<meta property=\"og:image:width\" content=\"1000\" \/>\n\t<meta property=\"og:image:height\" content=\"1000\" \/>\n\t<meta property=\"og:image:type\" content=\"image\/jpeg\" \/>\n<meta name=\"twitter:card\" content=\"summary_large_image\" \/>\n<meta name=\"twitter:label1\" content=\"Tempo estimado de leitura\" \/>\n\t<meta name=\"twitter:data1\" content=\"2 minutos\" \/>\n<script type=\"application\/ld+json\" class=\"yoast-schema-graph\">{\"@context\":\"https:\/\/schema.org\",\"@graph\":[{\"@type\":\"WebPage\",\"@id\":\"https:\/\/gr-100.com\/pt-pt\/producto\/stumpjumper-especializado-pro-23\/\",\"url\":\"https:\/\/gr-100.com\/pt-pt\/producto\/stumpjumper-especializado-pro-23\/\",\"name\":\"Specialized Stumpjumper Pro 23 GR-100 Specialized\",\"isPartOf\":{\"@id\":\"https:\/\/gr-100.com\/#website\"},\"primaryImageOfPage\":{\"@id\":\"https:\/\/gr-100.com\/pt-pt\/producto\/stumpjumper-especializado-pro-23\/#primaryimage\"},\"image\":{\"@id\":\"https:\/\/gr-100.com\/pt-pt\/producto\/stumpjumper-especializado-pro-23\/#primaryimage\"},\"thumbnailUrl\":\"https:\/\/gr-100.com\/wp-content\/uploads\/2024\/05\/2-2-Screenshot-of-Stumpjump.jpg\",\"datePublished\":\"2024-07-01T11:25:37+00:00\",\"dateModified\":\"2025-11-26T14:40:53+00:00\",\"description\":\"A Stumpjumper Pro \u00e9 uma moto de alto n\u00edvel para todos os tipos de terreno e para expandir horizontes. Voc\u00ea tem a mesma estrutura de carbono\",\"breadcrumb\":{\"@id\":\"https:\/\/gr-100.com\/pt-pt\/producto\/stumpjumper-especializado-pro-23\/#breadcrumb\"},\"inLanguage\":\"pt-PT\",\"potentialAction\":[{\"@type\":\"ReadAction\",\"target\":[\"https:\/\/gr-100.com\/pt-pt\/producto\/stumpjumper-especializado-pro-23\/\"]}]},{\"@type\":\"ImageObject\",\"inLanguage\":\"pt-PT\",\"@id\":\"https:\/\/gr-100.com\/pt-pt\/producto\/stumpjumper-especializado-pro-23\/#primaryimage\",\"url\":\"https:\/\/gr-100.com\/wp-content\/uploads\/2024\/05\/2-2-Screenshot-of-Stumpjump.jpg\",\"contentUrl\":\"https:\/\/gr-100.com\/wp-content\/uploads\/2024\/05\/2-2-Screenshot-of-Stumpjump.jpg\",\"width\":1000,\"height\":1000},{\"@type\":\"BreadcrumbList\",\"@id\":\"https:\/\/gr-100.com\/pt-pt\/producto\/stumpjumper-especializado-pro-23\/#breadcrumb\",\"itemListElement\":[{\"@type\":\"ListItem\",\"position\":1,\"name\":\"Portada\",\"item\":\"https:\/\/gr-100.com\/en\/\"},{\"@type\":\"ListItem\",\"position\":2,\"name\":\"Productos\",\"item\":\"https:\/\/gr-100.com\/?post_type=product\"},{\"@type\":\"ListItem\",\"position\":3,\"name\":\"Specialized Stumpjumper Pro 23\"}]},{\"@type\":\"WebSite\",\"@id\":\"https:\/\/gr-100.com\/#website\",\"url\":\"https:\/\/gr-100.com\/\",\"name\":\"Gr-100 Tienda de ciclismo Specialized\",\"description\":\"GR-100 tenemos todas las gamas de bicicletas Specialized al mejor precio.\",\"publisher\":{\"@id\":\"https:\/\/gr-100.com\/#organization\"},\"alternateName\":\"Gr-100 Bikes\",\"potentialAction\":[{\"@type\":\"SearchAction\",\"target\":{\"@type\":\"EntryPoint\",\"urlTemplate\":\"https:\/\/gr-100.com\/?s={search_term_string}\"},\"query-input\":{\"@type\":\"PropertyValueSpecification\",\"valueRequired\":true,\"valueName\":\"search_term_string\"}}],\"inLanguage\":\"pt-PT\"},{\"@type\":\"Organization\",\"@id\":\"https:\/\/gr-100.com\/#organization\",\"name\":\"Gr-100\",\"url\":\"https:\/\/gr-100.com\/\",\"logo\":{\"@type\":\"ImageObject\",\"inLanguage\":\"pt-PT\",\"@id\":\"https:\/\/gr-100.com\/#\/schema\/logo\/image\/\",\"url\":\"https:\/\/gr-100.com\/wp-content\/uploads\/2023\/08\/logo-gr-100-bikes.png\",\"contentUrl\":\"https:\/\/gr-100.com\/wp-content\/uploads\/2023\/08\/logo-gr-100-bikes.png\",\"width\":707,\"height\":284,\"caption\":\"Gr-100\"},\"image\":{\"@id\":\"https:\/\/gr-100.com\/#\/schema\/logo\/image\/\"},\"sameAs\":[\"https:\/\/www.facebook.com\/Gr100Bikes\",\"https:\/\/www.instagram.com\/gr100bikes\/\",\"https:\/\/www.tiktok.com\/@gr100bikes\",\"https:\/\/twitter.com\/gr100mtbteam\",\"https:\/\/www.youtube.com\/c\/GR100Specialized\"]}]}<\/script>\n<!-- \/ Yoast SEO Premium plugin. -->","yoast_head_json":{"title":"Specialized Stumpjumper Pro 23 GR-100 Specialized","description":"A Stumpjumper Pro \u00e9 uma moto de alto n\u00edvel para todos os tipos de terreno e para expandir horizontes. Voc\u00ea tem a mesma estrutura de carbono","robots":{"index":"index","follow":"follow","max-snippet":"max-snippet:-1","max-image-preview":"max-image-preview:large","max-video-preview":"max-video-preview:-1"},"canonical":"https:\/\/gr-100.com\/pt-pt\/producto\/stumpjumper-especializado-pro-23\/","og_locale":"pt_PT","og_type":"article","og_title":"Specialized Stumpjumper Pro 23","og_description":"A Stumpjumper Pro \u00e9 uma moto de alto n\u00edvel para todos os tipos de terreno e para expandir horizontes. Voc\u00ea tem a mesma estrutura de carbono","og_url":"https:\/\/gr-100.com\/pt-pt\/producto\/stumpjumper-especializado-pro-23\/","og_site_name":"Gr-100 Tienda de ciclismo Specialized","article_publisher":"https:\/\/www.facebook.com\/Gr100Bikes","article_modified_time":"2025-11-26T14:40:53+00:00","og_image":[{"width":1000,"height":1000,"url":"https:\/\/gr-100.com\/wp-content\/uploads\/2024\/05\/2-2-Screenshot-of-Stumpjump.jpg","type":"image\/jpeg"}],"twitter_card":"summary_large_image","twitter_misc":{"Tempo estimado de leitura":"2 minutos"},"schema":{"@context":"https:\/\/schema.org","@graph":[{"@type":"WebPage","@id":"https:\/\/gr-100.com\/pt-pt\/producto\/stumpjumper-especializado-pro-23\/","url":"https:\/\/gr-100.com\/pt-pt\/producto\/stumpjumper-especializado-pro-23\/","name":"Specialized Stumpjumper Pro 23 GR-100 Specialized","isPartOf":{"@id":"https:\/\/gr-100.com\/#website"},"primaryImageOfPage":{"@id":"https:\/\/gr-100.com\/pt-pt\/producto\/stumpjumper-especializado-pro-23\/#primaryimage"},"image":{"@id":"https:\/\/gr-100.com\/pt-pt\/producto\/stumpjumper-especializado-pro-23\/#primaryimage"},"thumbnailUrl":"https:\/\/gr-100.com\/wp-content\/uploads\/2024\/05\/2-2-Screenshot-of-Stumpjump.jpg","datePublished":"2024-07-01T11:25:37+00:00","dateModified":"2025-11-26T14:40:53+00:00","description":"A Stumpjumper Pro \u00e9 uma moto de alto n\u00edvel para todos os tipos de terreno e para expandir horizontes. Voc\u00ea tem a mesma estrutura de carbono","breadcrumb":{"@id":"https:\/\/gr-100.com\/pt-pt\/producto\/stumpjumper-especializado-pro-23\/#breadcrumb"},"inLanguage":"pt-PT","potentialAction":[{"@type":"ReadAction","target":["https:\/\/gr-100.com\/pt-pt\/producto\/stumpjumper-especializado-pro-23\/"]}]},{"@type":"ImageObject","inLanguage":"pt-PT","@id":"https:\/\/gr-100.com\/pt-pt\/producto\/stumpjumper-especializado-pro-23\/#primaryimage","url":"https:\/\/gr-100.com\/wp-content\/uploads\/2024\/05\/2-2-Screenshot-of-Stumpjump.jpg","contentUrl":"https:\/\/gr-100.com\/wp-content\/uploads\/2024\/05\/2-2-Screenshot-of-Stumpjump.jpg","width":1000,"height":1000},{"@type":"BreadcrumbList","@id":"https:\/\/gr-100.com\/pt-pt\/producto\/stumpjumper-especializado-pro-23\/#breadcrumb","itemListElement":[{"@type":"ListItem","position":1,"name":"Portada","item":"https:\/\/gr-100.com\/en\/"},{"@type":"ListItem","position":2,"name":"Productos","item":"https:\/\/gr-100.com\/?post_type=product"},{"@type":"ListItem","position":3,"name":"Specialized Stumpjumper Pro 23"}]},{"@type":"WebSite","@id":"https:\/\/gr-100.com\/#website","url":"https:\/\/gr-100.com\/","name":"Gr-100 Tienda de ciclismo Specialized","description":"GR-100 tenemos todas las gamas de bicicletas Specialized al mejor precio.","publisher":{"@id":"https:\/\/gr-100.com\/#organization"},"alternateName":"Gr-100 Bikes","potentialAction":[{"@type":"SearchAction","target":{"@type":"EntryPoint","urlTemplate":"https:\/\/gr-100.com\/?s={search_term_string}"},"query-input":{"@type":"PropertyValueSpecification","valueRequired":true,"valueName":"search_term_string"}}],"inLanguage":"pt-PT"},{"@type":"Organization","@id":"https:\/\/gr-100.com\/#organization","name":"Gr-100","url":"https:\/\/gr-100.com\/","logo":{"@type":"ImageObject","inLanguage":"pt-PT","@id":"https:\/\/gr-100.com\/#\/schema\/logo\/image\/","url":"https:\/\/gr-100.com\/wp-content\/uploads\/2023\/08\/logo-gr-100-bikes.png","contentUrl":"https:\/\/gr-100.com\/wp-content\/uploads\/2023\/08\/logo-gr-100-bikes.png","width":707,"height":284,"caption":"Gr-100"},"image":{"@id":"https:\/\/gr-100.com\/#\/schema\/logo\/image\/"},"sameAs":["https:\/\/www.facebook.com\/Gr100Bikes","https:\/\/www.instagram.com\/gr100bikes\/","https:\/\/www.tiktok.com\/@gr100bikes","https:\/\/twitter.com\/gr100mtbteam","https:\/\/www.youtube.com\/c\/GR100Specialized"]}]}},"_links":{"self":[{"href":"https:\/\/gr-100.com\/pt-pt\/wp-json\/wp\/v2\/product\/380777","targetHints":{"allow":["GET"]}}],"collection":[{"href":"https:\/\/gr-100.com\/pt-pt\/wp-json\/wp\/v2\/product"}],"about":[{"href":"https:\/\/gr-100.com\/pt-pt\/wp-json\/wp\/v2\/types\/product"}],"replies":[{"embeddable":true,"href":"https:\/\/gr-100.com\/pt-pt\/wp-json\/wp\/v2\/comments?post=380777"}],"wp:featuredmedia":[{"embeddable":true,"href":"https:\/\/gr-100.com\/pt-pt\/wp-json\/wp\/v2\/media\/303183"}],"wp:attachment":[{"href":"https:\/\/gr-100.com\/pt-pt\/wp-json\/wp\/v2\/media?parent=380777"}],"wp:term":[{"taxonomy":"product_brand","embeddable":true,"href":"https:\/\/gr-100.com\/pt-pt\/wp-json\/wp\/v2\/product_brand?post=380777"},{"taxonomy":"product_cat","embeddable":true,"href":"https:\/\/gr-100.com\/pt-pt\/wp-json\/wp\/v2\/product_cat?post=380777"},{"taxonomy":"product_tag","embeddable":true,"href":"https:\/\/gr-100.com\/pt-pt\/wp-json\/wp\/v2\/product_tag?post=380777"}],"curies":[{"name":"wp","href":"https:\/\/api.w.org\/{rel}","templated":true}]}}