{"id":380790,"date":"2024-07-01T13:25:20","date_gmt":"2024-07-01T11:25:20","guid":{"rendered":"https:\/\/gr-100.com\/producto\/especializada-s-works-stumpjumper-23\/"},"modified":"2025-09-22T17:05:21","modified_gmt":"2025-09-22T15:05:21","slug":"especializada-s-works-stumpjumper-23","status":"publish","type":"product","link":"https:\/\/gr-100.com\/pt-pt\/producto\/especializada-s-works-stumpjumper-23\/","title":{"rendered":"Specialized S-Works Stumpjumper 23"},"content":{"rendered":"<p>Como todas as nossas S-Works, a S-Works Stumpjumper est\u00e1 vestida para impressionar. O SRAM XX Eagle Transmission cuida da mudan\u00e7a de marcha, enquanto a suspens\u00e3o FOX Factory proporciona uma condu\u00e7\u00e3o suave. <\/p>\n<ul>\n<li>O TRAIL BENCHMARK \u2013 Quando nos propusemos a projetar o novo Stumpjumper, est\u00e1vamos perseguindo objetivos muito ambiciosos.<br \/>\nEle tinha que se destacar em qualquer tipo de pista, para qualquer estilo de piloto.<br \/>\nPara isso, procur\u00e1mos uma redu\u00e7\u00e3o significativa de peso sem sacrificar a durabilidade, um chassis r\u00edgido e responsivo que se mantivesse leve e \u00e1gil, uma geometria que melhorasse a condu\u00e7\u00e3o de todos e a melhor cinem\u00e1tica da suspens\u00e3o.  <\/li>\n<li>OS 130 MM DE VIAGEM MAIS DOCES QUE ALGUMA VEZ P\u00d4DE P\u00d4R EM PR\u00c1TICA &#8211; Melhor\u00e1mos a cinem\u00e1tica da suspens\u00e3o do Stumpjumper para obter o melhor desempenho poss\u00edvel num pacote de 130 mm.<br \/>\nIncont\u00e1veis horas de desenvolvimento no laborat\u00f3rio de suspens\u00e3o e testes de campo criaram um ripper refinado e de viagem m\u00e9dia que devora o terreno mais dif\u00edcil como uma besta alimentada pela gravidade, lida como um sonho em todos os lugares e sobe como um motor. <\/li>\n<li>GEOMETRIA PROGRESSIVA &#8211; A geometria S-Sizing do novo Stumpjumper acerta em cheio na cabe\u00e7a da progressividade. \u00c9 longo, baixo e solto, com um garfo de curso curto e um \u00e2ngulo de tubo do assento mais \u00edngreme. Estes n\u00fameros combinam-se para tornar a sua viagem mais est\u00e1vel, as subidas mais confort\u00e1veis e melhores em tudo. Com a op\u00e7\u00e3o de ajuste FlipChip, pode ajust\u00e1-lo ainda mais, certificando-se de que o seu novo Stumpjumper funciona perfeitamente em qualquer terreno.   <\/li>\n<li>Os quadros RIDER-FIRST ENGINEERED-Rider-First\u2122 Engineered\u2122 utilizam uma abordagem espec\u00edfica de tamanho para as caracter\u00edsticas de condu\u00e7\u00e3o que garante uma condu\u00e7\u00e3o de refer\u00eancia e um desempenho impec\u00e1vel, independentemente do tamanho do quadro ou do condutor.<br \/>\nQuer seja um mi\u00fado amante de saltos a conduzir um S1, ou um gigante DH que necessite de um S6 mais longo, ir\u00e1 experimentar as mesmas caracter\u00edsticas de condu\u00e7\u00e3o \u2013 curvas precisas e rigidez dianteira e traseira equilibrada \u2013 com o peso mais leve poss\u00edvel.<br \/>\nE por luz, queremos dizer realmente leve: 2.250 gramas (S-Works, tamanho S-3, com amortecedor traseiro).  <\/li>\n<li>SWAT-Introduzimos\u2122 a porta SWAT\u2122 no Stumpjumper em 2016, adicionando espa\u00e7o no seu quadro para bombas e tubos de reposi\u00e7\u00e3o.<\/li>\n<li>CADEIA<\/li>\n<li>SRAM XX SL Eagle Transmiss\u00e3o Flattop Chain<\/li>\n<li>MUDAN\u00c7A<\/li>\n<li>SRAM XX Eagle Transmiss\u00e3o Derailleur<\/li>\n<li><\/li>\n<li>SRAM XX SL Eagle de transmiss\u00e3o, 12spd, 10-52t<\/li>\n<li>PRATOS<\/li>\n<li>32 T<\/li>\n<li>TRAV\u00d5ES<\/li>\n<li>TRAV\u00c3O TRASEIRO<\/li>\n<li>SRAM Code Ultimate Stealth, pin\u00e7a de 4 pist\u00f5es, disco hidr\u00e1ulico, rotor HS2 de 180 mm<\/li>\n<li>TRAV\u00c3O DIANTEIRO<\/li>\n<li>SRAM Code Ultimate Stealth, pin\u00e7a de 4 pist\u00f5es, disco hidr\u00e1ulico, rotor HS2 de 200 mm<\/li>\n<li>PESO<\/li>\n<li>Peso<\/li>\n<li>75kg (28 lb, 1,7 on\u00e7as)<\/li>\n<li>Tamanho do peso<\/li>\n<\/ul>\n","protected":false},"excerpt":{"rendered":"<p>Quando dizemos &#8220;a derradeira moto de trail&#8221;, queremos dizer o seguinte: a nova Stumpjumper \u00e9 tudo o que se pode pedir a um corcel de trail.<br \/>\nQuer uma bicicleta que suba facilmente?<br \/>\nO Stumpjumper oferece, gra\u00e7as \u00e0 suspens\u00e3o redesenhada e ao peso do quadro mais leve da sua classe.<br \/>\nQue tal uma moto que est\u00e1 pronta para esmagar quando a estrada vira ladeira abaixo?<br \/>\nA suspens\u00e3o redesenhada, juntamente com a nova Trail Geometry e a combina\u00e7\u00e3o perfeita de rigidez e leveza do quadro Rider-First Engineered\u2122 fazem do Stumpjumper um verdadeiro monstro em declive.<br \/>\nAponte para onde voc\u00ea quer ir e deixe a festa come\u00e7ar.     <\/p>\n","protected":false},"featured_media":303172,"comment_status":"closed","ping_status":"closed","template":"","meta":{"_acf_changed":false,"_et_pb_use_builder":"","_et_pb_old_content":"","_et_gb_content_width":"","inline_featured_image":false},"product_brand":[],"product_cat":[4353,2459,402,2483,2696],"product_tag":[],"class_list":{"0":"post-380790","1":"product","2":"type-product","3":"status-publish","4":"has-post-thumbnail","6":"product_cat-liquidacion-specialized","7":"product_cat-bicicletas-pt-pt-2","8":"product_cat-montanha","9":"product_cat-bicicletas-especializadas","10":"product_cat-ofertas-especializadas","11":"product_shipping_class-bicicletas-pt-pt","13":"first","14":"outofstock","15":"taxable","16":"shipping-taxable","17":"product-type-variable","18":"wvs-archive-product-wrapper"},"acf":[],"yoast_head":"<!-- This site is optimized with the Yoast SEO Premium plugin v26.7 (Yoast SEO v26.7) - https:\/\/yoast.com\/wordpress\/plugins\/seo\/ -->\n<title>Specialized S-Works Stumpjumper 23 GR-100 Specialized<\/title>\n<meta name=\"description\" content=\"Quando dizemos &quot;a derradeira moto de trail&quot;, queremos dizer o seguinte: a nova Stumpjumper \u00e9 tudo o que se pode pedir a um corcel de trail. Queres\" \/>\n<meta name=\"robots\" content=\"index, follow, max-snippet:-1, max-image-preview:large, max-video-preview:-1\" \/>\n<link rel=\"canonical\" href=\"https:\/\/gr-100.com\/pt-pt\/producto\/especializada-s-works-stumpjumper-23\/\" \/>\n<meta property=\"og:locale\" content=\"pt_PT\" \/>\n<meta property=\"og:type\" content=\"article\" \/>\n<meta property=\"og:title\" content=\"Specialized S-Works Stumpjumper 23\" \/>\n<meta property=\"og:description\" content=\"Quando dizemos &quot;a derradeira moto de trail&quot;, queremos dizer o seguinte: a nova Stumpjumper \u00e9 tudo o que se pode pedir a um corcel de trail. Queres\" \/>\n<meta property=\"og:url\" content=\"https:\/\/gr-100.com\/pt-pt\/producto\/especializada-s-works-stumpjumper-23\/\" \/>\n<meta property=\"og:site_name\" content=\"Gr-100 Tienda de ciclismo Specialized\" \/>\n<meta property=\"article:publisher\" content=\"https:\/\/www.facebook.com\/Gr100Bikes\" \/>\n<meta property=\"article:modified_time\" content=\"2025-09-22T15:05:21+00:00\" \/>\n<meta property=\"og:image\" content=\"https:\/\/gr-100.com\/wp-content\/uploads\/2024\/05\/1-1-Screenshot-of-S-Works-S-1.jpg\" \/>\n\t<meta property=\"og:image:width\" content=\"1000\" \/>\n\t<meta property=\"og:image:height\" content=\"1000\" \/>\n\t<meta property=\"og:image:type\" content=\"image\/jpeg\" \/>\n<meta name=\"twitter:card\" content=\"summary_large_image\" \/>\n<meta name=\"twitter:label1\" content=\"Tempo estimado de leitura\" \/>\n\t<meta name=\"twitter:data1\" content=\"2 minutos\" \/>\n<script type=\"application\/ld+json\" class=\"yoast-schema-graph\">{\"@context\":\"https:\/\/schema.org\",\"@graph\":[{\"@type\":\"WebPage\",\"@id\":\"https:\/\/gr-100.com\/pt-pt\/producto\/especializada-s-works-stumpjumper-23\/\",\"url\":\"https:\/\/gr-100.com\/pt-pt\/producto\/especializada-s-works-stumpjumper-23\/\",\"name\":\"Specialized S-Works Stumpjumper 23 GR-100 Specialized\",\"isPartOf\":{\"@id\":\"https:\/\/gr-100.com\/#website\"},\"primaryImageOfPage\":{\"@id\":\"https:\/\/gr-100.com\/pt-pt\/producto\/especializada-s-works-stumpjumper-23\/#primaryimage\"},\"image\":{\"@id\":\"https:\/\/gr-100.com\/pt-pt\/producto\/especializada-s-works-stumpjumper-23\/#primaryimage\"},\"thumbnailUrl\":\"https:\/\/gr-100.com\/wp-content\/uploads\/2024\/05\/1-1-Screenshot-of-S-Works-S-1.jpg\",\"datePublished\":\"2024-07-01T11:25:20+00:00\",\"dateModified\":\"2025-09-22T15:05:21+00:00\",\"description\":\"Quando dizemos \\\"a derradeira moto de trail\\\", queremos dizer o seguinte: a nova Stumpjumper \u00e9 tudo o que se pode pedir a um corcel de trail. Queres\",\"breadcrumb\":{\"@id\":\"https:\/\/gr-100.com\/pt-pt\/producto\/especializada-s-works-stumpjumper-23\/#breadcrumb\"},\"inLanguage\":\"pt-PT\",\"potentialAction\":[{\"@type\":\"ReadAction\",\"target\":[\"https:\/\/gr-100.com\/pt-pt\/producto\/especializada-s-works-stumpjumper-23\/\"]}]},{\"@type\":\"ImageObject\",\"inLanguage\":\"pt-PT\",\"@id\":\"https:\/\/gr-100.com\/pt-pt\/producto\/especializada-s-works-stumpjumper-23\/#primaryimage\",\"url\":\"https:\/\/gr-100.com\/wp-content\/uploads\/2024\/05\/1-1-Screenshot-of-S-Works-S-1.jpg\",\"contentUrl\":\"https:\/\/gr-100.com\/wp-content\/uploads\/2024\/05\/1-1-Screenshot-of-S-Works-S-1.jpg\",\"width\":1000,\"height\":1000},{\"@type\":\"BreadcrumbList\",\"@id\":\"https:\/\/gr-100.com\/pt-pt\/producto\/especializada-s-works-stumpjumper-23\/#breadcrumb\",\"itemListElement\":[{\"@type\":\"ListItem\",\"position\":1,\"name\":\"Portada\",\"item\":\"https:\/\/gr-100.com\/en\/\"},{\"@type\":\"ListItem\",\"position\":2,\"name\":\"Productos\",\"item\":\"https:\/\/gr-100.com\/?post_type=product\"},{\"@type\":\"ListItem\",\"position\":3,\"name\":\"Specialized S-Works Stumpjumper 23\"}]},{\"@type\":\"WebSite\",\"@id\":\"https:\/\/gr-100.com\/#website\",\"url\":\"https:\/\/gr-100.com\/\",\"name\":\"Gr-100 Tienda de ciclismo Specialized\",\"description\":\"GR-100 tenemos todas las gamas de bicicletas Specialized al mejor precio.\",\"publisher\":{\"@id\":\"https:\/\/gr-100.com\/#organization\"},\"alternateName\":\"Gr-100 Bikes\",\"potentialAction\":[{\"@type\":\"SearchAction\",\"target\":{\"@type\":\"EntryPoint\",\"urlTemplate\":\"https:\/\/gr-100.com\/?s={search_term_string}\"},\"query-input\":{\"@type\":\"PropertyValueSpecification\",\"valueRequired\":true,\"valueName\":\"search_term_string\"}}],\"inLanguage\":\"pt-PT\"},{\"@type\":\"Organization\",\"@id\":\"https:\/\/gr-100.com\/#organization\",\"name\":\"Gr-100\",\"url\":\"https:\/\/gr-100.com\/\",\"logo\":{\"@type\":\"ImageObject\",\"inLanguage\":\"pt-PT\",\"@id\":\"https:\/\/gr-100.com\/#\/schema\/logo\/image\/\",\"url\":\"https:\/\/gr-100.com\/wp-content\/uploads\/2023\/08\/logo-gr-100-bikes.png\",\"contentUrl\":\"https:\/\/gr-100.com\/wp-content\/uploads\/2023\/08\/logo-gr-100-bikes.png\",\"width\":707,\"height\":284,\"caption\":\"Gr-100\"},\"image\":{\"@id\":\"https:\/\/gr-100.com\/#\/schema\/logo\/image\/\"},\"sameAs\":[\"https:\/\/www.facebook.com\/Gr100Bikes\",\"https:\/\/www.instagram.com\/gr100bikes\/\",\"https:\/\/www.tiktok.com\/@gr100bikes\",\"https:\/\/twitter.com\/gr100mtbteam\",\"https:\/\/www.youtube.com\/c\/GR100Specialized\"]}]}<\/script>\n<!-- \/ Yoast SEO Premium plugin. -->","yoast_head_json":{"title":"Specialized S-Works Stumpjumper 23 GR-100 Specialized","description":"Quando dizemos \"a derradeira moto de trail\", queremos dizer o seguinte: a nova Stumpjumper \u00e9 tudo o que se pode pedir a um corcel de trail. Queres","robots":{"index":"index","follow":"follow","max-snippet":"max-snippet:-1","max-image-preview":"max-image-preview:large","max-video-preview":"max-video-preview:-1"},"canonical":"https:\/\/gr-100.com\/pt-pt\/producto\/especializada-s-works-stumpjumper-23\/","og_locale":"pt_PT","og_type":"article","og_title":"Specialized S-Works Stumpjumper 23","og_description":"Quando dizemos \"a derradeira moto de trail\", queremos dizer o seguinte: a nova Stumpjumper \u00e9 tudo o que se pode pedir a um corcel de trail. Queres","og_url":"https:\/\/gr-100.com\/pt-pt\/producto\/especializada-s-works-stumpjumper-23\/","og_site_name":"Gr-100 Tienda de ciclismo Specialized","article_publisher":"https:\/\/www.facebook.com\/Gr100Bikes","article_modified_time":"2025-09-22T15:05:21+00:00","og_image":[{"width":1000,"height":1000,"url":"https:\/\/gr-100.com\/wp-content\/uploads\/2024\/05\/1-1-Screenshot-of-S-Works-S-1.jpg","type":"image\/jpeg"}],"twitter_card":"summary_large_image","twitter_misc":{"Tempo estimado de leitura":"2 minutos"},"schema":{"@context":"https:\/\/schema.org","@graph":[{"@type":"WebPage","@id":"https:\/\/gr-100.com\/pt-pt\/producto\/especializada-s-works-stumpjumper-23\/","url":"https:\/\/gr-100.com\/pt-pt\/producto\/especializada-s-works-stumpjumper-23\/","name":"Specialized S-Works Stumpjumper 23 GR-100 Specialized","isPartOf":{"@id":"https:\/\/gr-100.com\/#website"},"primaryImageOfPage":{"@id":"https:\/\/gr-100.com\/pt-pt\/producto\/especializada-s-works-stumpjumper-23\/#primaryimage"},"image":{"@id":"https:\/\/gr-100.com\/pt-pt\/producto\/especializada-s-works-stumpjumper-23\/#primaryimage"},"thumbnailUrl":"https:\/\/gr-100.com\/wp-content\/uploads\/2024\/05\/1-1-Screenshot-of-S-Works-S-1.jpg","datePublished":"2024-07-01T11:25:20+00:00","dateModified":"2025-09-22T15:05:21+00:00","description":"Quando dizemos \"a derradeira moto de trail\", queremos dizer o seguinte: a nova Stumpjumper \u00e9 tudo o que se pode pedir a um corcel de trail. Queres","breadcrumb":{"@id":"https:\/\/gr-100.com\/pt-pt\/producto\/especializada-s-works-stumpjumper-23\/#breadcrumb"},"inLanguage":"pt-PT","potentialAction":[{"@type":"ReadAction","target":["https:\/\/gr-100.com\/pt-pt\/producto\/especializada-s-works-stumpjumper-23\/"]}]},{"@type":"ImageObject","inLanguage":"pt-PT","@id":"https:\/\/gr-100.com\/pt-pt\/producto\/especializada-s-works-stumpjumper-23\/#primaryimage","url":"https:\/\/gr-100.com\/wp-content\/uploads\/2024\/05\/1-1-Screenshot-of-S-Works-S-1.jpg","contentUrl":"https:\/\/gr-100.com\/wp-content\/uploads\/2024\/05\/1-1-Screenshot-of-S-Works-S-1.jpg","width":1000,"height":1000},{"@type":"BreadcrumbList","@id":"https:\/\/gr-100.com\/pt-pt\/producto\/especializada-s-works-stumpjumper-23\/#breadcrumb","itemListElement":[{"@type":"ListItem","position":1,"name":"Portada","item":"https:\/\/gr-100.com\/en\/"},{"@type":"ListItem","position":2,"name":"Productos","item":"https:\/\/gr-100.com\/?post_type=product"},{"@type":"ListItem","position":3,"name":"Specialized S-Works Stumpjumper 23"}]},{"@type":"WebSite","@id":"https:\/\/gr-100.com\/#website","url":"https:\/\/gr-100.com\/","name":"Gr-100 Tienda de ciclismo Specialized","description":"GR-100 tenemos todas las gamas de bicicletas Specialized al mejor precio.","publisher":{"@id":"https:\/\/gr-100.com\/#organization"},"alternateName":"Gr-100 Bikes","potentialAction":[{"@type":"SearchAction","target":{"@type":"EntryPoint","urlTemplate":"https:\/\/gr-100.com\/?s={search_term_string}"},"query-input":{"@type":"PropertyValueSpecification","valueRequired":true,"valueName":"search_term_string"}}],"inLanguage":"pt-PT"},{"@type":"Organization","@id":"https:\/\/gr-100.com\/#organization","name":"Gr-100","url":"https:\/\/gr-100.com\/","logo":{"@type":"ImageObject","inLanguage":"pt-PT","@id":"https:\/\/gr-100.com\/#\/schema\/logo\/image\/","url":"https:\/\/gr-100.com\/wp-content\/uploads\/2023\/08\/logo-gr-100-bikes.png","contentUrl":"https:\/\/gr-100.com\/wp-content\/uploads\/2023\/08\/logo-gr-100-bikes.png","width":707,"height":284,"caption":"Gr-100"},"image":{"@id":"https:\/\/gr-100.com\/#\/schema\/logo\/image\/"},"sameAs":["https:\/\/www.facebook.com\/Gr100Bikes","https:\/\/www.instagram.com\/gr100bikes\/","https:\/\/www.tiktok.com\/@gr100bikes","https:\/\/twitter.com\/gr100mtbteam","https:\/\/www.youtube.com\/c\/GR100Specialized"]}]}},"_links":{"self":[{"href":"https:\/\/gr-100.com\/pt-pt\/wp-json\/wp\/v2\/product\/380790","targetHints":{"allow":["GET"]}}],"collection":[{"href":"https:\/\/gr-100.com\/pt-pt\/wp-json\/wp\/v2\/product"}],"about":[{"href":"https:\/\/gr-100.com\/pt-pt\/wp-json\/wp\/v2\/types\/product"}],"replies":[{"embeddable":true,"href":"https:\/\/gr-100.com\/pt-pt\/wp-json\/wp\/v2\/comments?post=380790"}],"wp:featuredmedia":[{"embeddable":true,"href":"https:\/\/gr-100.com\/pt-pt\/wp-json\/wp\/v2\/media\/303172"}],"wp:attachment":[{"href":"https:\/\/gr-100.com\/pt-pt\/wp-json\/wp\/v2\/media?parent=380790"}],"wp:term":[{"taxonomy":"product_brand","embeddable":true,"href":"https:\/\/gr-100.com\/pt-pt\/wp-json\/wp\/v2\/product_brand?post=380790"},{"taxonomy":"product_cat","embeddable":true,"href":"https:\/\/gr-100.com\/pt-pt\/wp-json\/wp\/v2\/product_cat?post=380790"},{"taxonomy":"product_tag","embeddable":true,"href":"https:\/\/gr-100.com\/pt-pt\/wp-json\/wp\/v2\/product_tag?post=380790"}],"curies":[{"name":"wp","href":"https:\/\/api.w.org\/{rel}","templated":true}]}}